{"id":9544,"date":"2015-09-17T11:04:33","date_gmt":"2015-09-17T09:04:33","guid":{"rendered":"http:\/\/gdirekt.hamstage.hamrenmedia.se\/produkt\/gadeskilt-a3-mini\/"},"modified":"2019-01-10T16:23:21","modified_gmt":"2019-01-10T15:23:21","slug":"gadeskilt-a3-mini","status":"publish","type":"product","link":"https:\/\/www.gdirekt.se\/da\/produkt\/gadeskilt-a3-mini\/","title":{"rendered":"Gadeskilt A3 Mini"},"content":{"rendered":"<p><span lang=\"DA\">Det er let at skifte budskab i Gadeskilt A3 Mini. Man fastg\u00f8r ganske enkelt en poster eller plakat bag beskyttelsesplasten p\u00e5 denne lille variant af et fortovsskilt. Man f\u00e5r dobbeltsidet visning af billeder i A3-format (42 x 29,7\u00a0cm). Plastbeskyttelsen er fastgjort med en magnetramme. Gadestanderen har liggende format og er let at klappe op og klappe sammen.\u00a0M\u00e6glere bruger den ved fremvisninger af boliger, dvs. som et s\u00e5kaldt m\u00e6glerskilt. Derudover kan den ogs\u00e5 bruges som fortovsskilt indend\u00f8rs i butikscentre, butikker og p\u00e5 messer. F\u00e5s i lakeret hvid og sort. Se ogs\u00e5 vores andre<span class=\"apple-converted-space\">\u00a0<\/span><\/span><span lang=\"DA\"><a href=\"https:\/\/www.gdirekt.se\/produkt-kategori\/gatupratare-och-trottoarpratare\/\"><b><i>fortovsskilte<\/i><\/b><\/a><\/span><span lang=\"DA\">.<\/span><\/p>\n","protected":false},"excerpt":{"rendered":"<p>Gadeskilt A3 Mini er et lille og fleksibelt skilt til dobbeltsidet visning af liggende A3-billeder. Det kan bruges som m\u00e6glerskilt, menutavle og som \u00c5ben-skilt samt til anden information. V\u00e6lg mellem hvidt og sort.<\/p>\n","protected":false},"featured_media":8110,"template":"","meta":{"_acf_changed":false},"product_brand":[],"product_cat":[355],"product_tag":[],"class_list":{"0":"post-9544","1":"product","2":"type-product","3":"status-publish","4":"has-post-thumbnail","6":"product_cat-gatupratare-og-fortovet-snak","7":"product_shipping_class-180sek","9":"first","10":"instock","11":"taxable","12":"shipping-taxable","13":"purchasable","14":"product-type-variable","15":"has-default-attributes"},"exclude_global_add_ons":[],"addons":[],"acf":[],"yoast_head":"<!-- This site is optimized with the Yoast SEO plugin v27.2 - https:\/\/yoast.com\/product\/yoast-seo-wordpress\/ -->\n<title>Gadeskilt A3 Mini er et lille m\u00e6glerm\u00e6rke til displayet | Gdirekt.se<\/title>\n<meta name=\"description\" content=\"Gadeskilt A3 st\u00e5ende er en billig gadestander til dobbeltsidet visning af A3-billeder. Det er velegnet som m\u00e6glerskilt, vejviser og til anden information. K\u00f8b dette praktiske fortovsskilt, der er lille og let at transportere. Udskift selv budskab p\u00e5 et par sekunder.\" \/>\n<meta name=\"robots\" content=\"index, follow, max-snippet:-1, max-image-preview:large, max-video-preview:-1\" \/>\n<link rel=\"canonical\" href=\"https:\/\/www.gdirekt.se\/da\/produkt\/gadeskilt-a3-mini\/\" \/>\n<meta property=\"og:locale\" content=\"da_DK\" \/>\n<meta property=\"og:type\" content=\"article\" \/>\n<meta property=\"og:title\" content=\"Gadeskilt A3 Mini er et lille m\u00e6glerm\u00e6rke til displayet | Gdirekt.se\" \/>\n<meta property=\"og:description\" content=\"Gadeskilt A3 st\u00e5ende er en billig gadestander til dobbeltsidet visning af A3-billeder. Det er velegnet som m\u00e6glerskilt, vejviser og til anden information. K\u00f8b dette praktiske fortovsskilt, der er lille og let at transportere. Udskift selv budskab p\u00e5 et par sekunder.\" \/>\n<meta property=\"og:url\" content=\"https:\/\/www.gdirekt.se\/da\/produkt\/gadeskilt-a3-mini\/\" \/>\n<meta property=\"og:site_name\" content=\"Gdirekt.se\" \/>\n<meta property=\"article:modified_time\" content=\"2019-01-10T15:23:21+00:00\" \/>\n<meta property=\"og:image\" content=\"https:\/\/www.gdirekt.se\/wp-content\/uploads\/Gatupratare-Mini-A3.png\" \/>\n\t<meta property=\"og:image:width\" content=\"1000\" \/>\n\t<meta property=\"og:image:height\" content=\"1000\" \/>\n\t<meta property=\"og:image:type\" content=\"image\/png\" \/>\n<meta name=\"twitter:card\" content=\"summary_large_image\" \/>\n<meta name=\"twitter:label1\" content=\"Estimeret l\u00e6setid\" \/>\n\t<meta name=\"twitter:data1\" content=\"1 minut\" \/>\n<script type=\"application\/ld+json\" class=\"yoast-schema-graph\">{\"@context\":\"https:\/\/schema.org\",\"@graph\":[{\"@type\":\"WebPage\",\"@id\":\"https:\/\/www.gdirekt.se\/da\/produkt\/gadeskilt-a3-mini\/\",\"url\":\"https:\/\/www.gdirekt.se\/da\/produkt\/gadeskilt-a3-mini\/\",\"name\":\"Gadeskilt A3 Mini er et lille m\u00e6glerm\u00e6rke til displayet | Gdirekt.se\",\"isPartOf\":{\"@id\":\"https:\/\/www.gdirekt.se\/#website\"},\"primaryImageOfPage\":{\"@id\":\"https:\/\/www.gdirekt.se\/da\/produkt\/gadeskilt-a3-mini\/#primaryimage\"},\"image\":{\"@id\":\"https:\/\/www.gdirekt.se\/da\/produkt\/gadeskilt-a3-mini\/#primaryimage\"},\"thumbnailUrl\":\"https:\/\/www.gdirekt.se\/wp-content\/uploads\/Gatupratare-Mini-A3.png\",\"datePublished\":\"2015-09-17T09:04:33+00:00\",\"dateModified\":\"2019-01-10T15:23:21+00:00\",\"description\":\"Gadeskilt A3 st\u00e5ende er en billig gadestander til dobbeltsidet visning af A3-billeder. Det er velegnet som m\u00e6glerskilt, vejviser og til anden information. K\u00f8b dette praktiske fortovsskilt, der er lille og let at transportere. Udskift selv budskab p\u00e5 et par sekunder.\",\"breadcrumb\":{\"@id\":\"https:\/\/www.gdirekt.se\/da\/produkt\/gadeskilt-a3-mini\/#breadcrumb\"},\"inLanguage\":\"da-DK\",\"potentialAction\":[{\"@type\":\"ReadAction\",\"target\":[\"https:\/\/www.gdirekt.se\/da\/produkt\/gadeskilt-a3-mini\/\"]}]},{\"@type\":\"ImageObject\",\"inLanguage\":\"da-DK\",\"@id\":\"https:\/\/www.gdirekt.se\/da\/produkt\/gadeskilt-a3-mini\/#primaryimage\",\"url\":\"https:\/\/www.gdirekt.se\/wp-content\/uploads\/Gatupratare-Mini-A3.png\",\"contentUrl\":\"https:\/\/www.gdirekt.se\/wp-content\/uploads\/Gatupratare-Mini-A3.png\",\"width\":1000,\"height\":1000,\"caption\":\"Lille gadeskilt eller m\u00e6glerplade til A3 fra Gdirekt\"},{\"@type\":\"BreadcrumbList\",\"@id\":\"https:\/\/www.gdirekt.se\/da\/produkt\/gadeskilt-a3-mini\/#breadcrumb\",\"itemListElement\":[{\"@type\":\"ListItem\",\"position\":1,\"name\":\"Hem\",\"item\":\"https:\/\/www.gdirekt.se\/da\/\"},{\"@type\":\"ListItem\",\"position\":2,\"name\":\"Start\",\"item\":\"https:\/\/www.gdirekt.se\/da\/\"},{\"@type\":\"ListItem\",\"position\":3,\"name\":\"Gadeskilt A3 Mini\"}]},{\"@type\":\"WebSite\",\"@id\":\"https:\/\/www.gdirekt.se\/#website\",\"url\":\"https:\/\/www.gdirekt.se\/\",\"name\":\"Gdirekt.se\",\"description\":\"Tryck snabbt \u00e5 l\u00e4tt = Gdirekt\",\"potentialAction\":[{\"@type\":\"SearchAction\",\"target\":{\"@type\":\"EntryPoint\",\"urlTemplate\":\"https:\/\/www.gdirekt.se\/?s={search_term_string}\"},\"query-input\":{\"@type\":\"PropertyValueSpecification\",\"valueRequired\":true,\"valueName\":\"search_term_string\"}}],\"inLanguage\":\"da-DK\"}]}<\/script>\n<!-- \/ Yoast SEO plugin. -->","yoast_head_json":{"title":"Gadeskilt A3 Mini er et lille m\u00e6glerm\u00e6rke til displayet | Gdirekt.se","description":"Gadeskilt A3 st\u00e5ende er en billig gadestander til dobbeltsidet visning af A3-billeder. Det er velegnet som m\u00e6glerskilt, vejviser og til anden information. K\u00f8b dette praktiske fortovsskilt, der er lille og let at transportere. Udskift selv budskab p\u00e5 et par sekunder.","robots":{"index":"index","follow":"follow","max-snippet":"max-snippet:-1","max-image-preview":"max-image-preview:large","max-video-preview":"max-video-preview:-1"},"canonical":"https:\/\/www.gdirekt.se\/da\/produkt\/gadeskilt-a3-mini\/","og_locale":"da_DK","og_type":"article","og_title":"Gadeskilt A3 Mini er et lille m\u00e6glerm\u00e6rke til displayet | Gdirekt.se","og_description":"Gadeskilt A3 st\u00e5ende er en billig gadestander til dobbeltsidet visning af A3-billeder. Det er velegnet som m\u00e6glerskilt, vejviser og til anden information. K\u00f8b dette praktiske fortovsskilt, der er lille og let at transportere. Udskift selv budskab p\u00e5 et par sekunder.","og_url":"https:\/\/www.gdirekt.se\/da\/produkt\/gadeskilt-a3-mini\/","og_site_name":"Gdirekt.se","article_modified_time":"2019-01-10T15:23:21+00:00","og_image":[{"width":1000,"height":1000,"url":"https:\/\/www.gdirekt.se\/wp-content\/uploads\/Gatupratare-Mini-A3.png","type":"image\/png"}],"twitter_card":"summary_large_image","twitter_misc":{"Estimeret l\u00e6setid":"1 minut"},"schema":{"@context":"https:\/\/schema.org","@graph":[{"@type":"WebPage","@id":"https:\/\/www.gdirekt.se\/da\/produkt\/gadeskilt-a3-mini\/","url":"https:\/\/www.gdirekt.se\/da\/produkt\/gadeskilt-a3-mini\/","name":"Gadeskilt A3 Mini er et lille m\u00e6glerm\u00e6rke til displayet | Gdirekt.se","isPartOf":{"@id":"https:\/\/www.gdirekt.se\/#website"},"primaryImageOfPage":{"@id":"https:\/\/www.gdirekt.se\/da\/produkt\/gadeskilt-a3-mini\/#primaryimage"},"image":{"@id":"https:\/\/www.gdirekt.se\/da\/produkt\/gadeskilt-a3-mini\/#primaryimage"},"thumbnailUrl":"https:\/\/www.gdirekt.se\/wp-content\/uploads\/Gatupratare-Mini-A3.png","datePublished":"2015-09-17T09:04:33+00:00","dateModified":"2019-01-10T15:23:21+00:00","description":"Gadeskilt A3 st\u00e5ende er en billig gadestander til dobbeltsidet visning af A3-billeder. Det er velegnet som m\u00e6glerskilt, vejviser og til anden information. K\u00f8b dette praktiske fortovsskilt, der er lille og let at transportere. Udskift selv budskab p\u00e5 et par sekunder.","breadcrumb":{"@id":"https:\/\/www.gdirekt.se\/da\/produkt\/gadeskilt-a3-mini\/#breadcrumb"},"inLanguage":"da-DK","potentialAction":[{"@type":"ReadAction","target":["https:\/\/www.gdirekt.se\/da\/produkt\/gadeskilt-a3-mini\/"]}]},{"@type":"ImageObject","inLanguage":"da-DK","@id":"https:\/\/www.gdirekt.se\/da\/produkt\/gadeskilt-a3-mini\/#primaryimage","url":"https:\/\/www.gdirekt.se\/wp-content\/uploads\/Gatupratare-Mini-A3.png","contentUrl":"https:\/\/www.gdirekt.se\/wp-content\/uploads\/Gatupratare-Mini-A3.png","width":1000,"height":1000,"caption":"Lille gadeskilt eller m\u00e6glerplade til A3 fra Gdirekt"},{"@type":"BreadcrumbList","@id":"https:\/\/www.gdirekt.se\/da\/produkt\/gadeskilt-a3-mini\/#breadcrumb","itemListElement":[{"@type":"ListItem","position":1,"name":"Hem","item":"https:\/\/www.gdirekt.se\/da\/"},{"@type":"ListItem","position":2,"name":"Start","item":"https:\/\/www.gdirekt.se\/da\/"},{"@type":"ListItem","position":3,"name":"Gadeskilt A3 Mini"}]},{"@type":"WebSite","@id":"https:\/\/www.gdirekt.se\/#website","url":"https:\/\/www.gdirekt.se\/","name":"Gdirekt.se","description":"Tryck snabbt \u00e5 l\u00e4tt = Gdirekt","potentialAction":[{"@type":"SearchAction","target":{"@type":"EntryPoint","urlTemplate":"https:\/\/www.gdirekt.se\/?s={search_term_string}"},"query-input":{"@type":"PropertyValueSpecification","valueRequired":true,"valueName":"search_term_string"}}],"inLanguage":"da-DK"}]}},"_links":{"self":[{"href":"https:\/\/www.gdirekt.se\/da\/wp-json\/wp\/v2\/product\/9544","targetHints":{"allow":["GET"]}}],"collection":[{"href":"https:\/\/www.gdirekt.se\/da\/wp-json\/wp\/v2\/product"}],"about":[{"href":"https:\/\/www.gdirekt.se\/da\/wp-json\/wp\/v2\/types\/product"}],"wp:featuredmedia":[{"embeddable":true,"href":"https:\/\/www.gdirekt.se\/da\/wp-json\/wp\/v2\/media\/8110"}],"wp:attachment":[{"href":"https:\/\/www.gdirekt.se\/da\/wp-json\/wp\/v2\/media?parent=9544"}],"wp:term":[{"taxonomy":"product_brand","embeddable":true,"href":"https:\/\/www.gdirekt.se\/da\/wp-json\/wp\/v2\/product_brand?post=9544"},{"taxonomy":"product_cat","embeddable":true,"href":"https:\/\/www.gdirekt.se\/da\/wp-json\/wp\/v2\/product_cat?post=9544"},{"taxonomy":"product_tag","embeddable":true,"href":"https:\/\/www.gdirekt.se\/da\/wp-json\/wp\/v2\/product_tag?post=9544"}],"curies":[{"name":"wp","href":"https:\/\/api.w.org\/{rel}","templated":true}]}}