{"id":9526,"date":"2015-09-18T09:45:19","date_gmt":"2015-09-18T07:45:19","guid":{"rendered":"http:\/\/gdirekt.hamstage.hamrenmedia.se\/produkt\/billigt-gadeskilt\/"},"modified":"2015-09-18T09:45:19","modified_gmt":"2015-09-18T07:45:19","slug":"billigt-gadeskilt","status":"publish","type":"product","link":"https:\/\/www.gdirekt.se\/da\/produkt\/billigt-gadeskilt\/","title":{"rendered":"Billigt gadeskilt"},"content":{"rendered":"<p><span lang=\"DA\">Det billige gadeskilt f\u00e5s i fire forskellige farver i st\u00f8rrelsen 50 x 70\u00a0cm (v\u00e6gt: 10\u00a0kg) og 70 x 100\u00a0cm (v\u00e6gt: 18\u00a0kg). Beskyttelsesplasten sidder fast med magnet, s\u00e5 plakaterne kan udskiftes p\u00e5 et par sekunder. V\u00e6lg mellem farverne s\u00f8lv, hvid, sort eller r\u00f8d. Dette enkle og billige fortovsskilt er lidt af et standardprodukt, som kan k\u00f8bes p\u00e5 nettet.<\/span><\/p>\n<p><span lang=\"DA\">Der findes flere gadestandermodeller, og vi har de mest popul\u00e6re modeller p\u00e5 lager. Dette enkle gadeskilt bruges ofte til at v\u00e6kke forbipasserendes interesse for en butik.\u00a0Det enkle gadeskilt f\u00e5s i fire forskellige farver og er perfekt til brug i et butikscenter eller p\u00e5 gader, hvor man vil lokke kunderne ind med et godt tilbud. Cafeer og restauranter bruger desuden ofte disse fortovsskilte til menuer.<\/span><\/p>\n<p><span lang=\"DA\">Skiltene kan ogs\u00e5 bruges til at vise vej p\u00e5 parkeringspladser samt til \u00e5bent hus og indvielser. Disse gadestandere er desuden ogs\u00e5 velegnede som meget synlige velkomstskilte. K\u00f8b ogs\u00e5<span class=\"apple-converted-space\">\u00a0<\/span><\/span><span lang=\"DA\"><a href=\"https:\/\/www.gdirekt.se\/butik\/postersaffischer\/affischposter-till-gatupratare\/\"><b><i>posters og plakater<\/i><\/b><\/a><\/span><span lang=\"DA\">til alle vores gadeskilte. De f\u00e5s i st\u00f8rrelse 50 x 70\u00a0cm og 70 x 100\u00a0cm samt A3 til m\u00e6glerskiltet.<\/span><\/p>\n","protected":false},"excerpt":{"rendered":"<p>Dette enkle gadeskilt f\u00e5s i fire forskellige farver i st\u00f8rrelse 50 x 70\u00a0cm og 70 x 100\u00a0cm. Farverne er s\u00f8lv, sort, r\u00f8d og hvid. Beskyttelsesplasten holdes fast med magnet.<\/p>\n","protected":false},"featured_media":8113,"template":"","meta":{"_acf_changed":false},"product_brand":[],"product_cat":[355,356],"product_tag":[],"class_list":{"0":"post-9526","1":"product","2":"type-product","3":"status-publish","4":"has-post-thumbnail","6":"product_cat-gatupratare-og-fortovet-snak","7":"product_cat-udendoersskilte-og-expo","8":"product_shipping_class-250kr","10":"first","11":"instock","12":"taxable","13":"shipping-taxable","14":"purchasable","15":"product-type-variable","16":"has-default-attributes"},"exclude_global_add_ons":[],"addons":[],"acf":[],"yoast_head":"<!-- This site is optimized with the Yoast SEO plugin v27.2 - https:\/\/yoast.com\/product\/yoast-seo-wordpress\/ -->\n<title>Billigt gadeskilt til lav pris og hurtig forsendelse | Gdirekt.se<\/title>\n<meta name=\"description\" content=\"Billigt gadeskilt, der f\u00e5s i fire forskellige farver, i st\u00f8rrelserne 50 x 70 cm og 70 x 100 cm. Farverne er s\u00f8lv, sort, r\u00f8d og hvid. Beskyttelsesplasten holdes fast med magnet. K\u00f8b dette billige fortovsskilt p\u00e5 nettet hos os. Hurtig levering med sporbar fragt.\" \/>\n<meta name=\"robots\" content=\"index, follow, max-snippet:-1, max-image-preview:large, max-video-preview:-1\" \/>\n<link rel=\"canonical\" href=\"https:\/\/www.gdirekt.se\/da\/produkt\/billigt-gadeskilt\/\" \/>\n<meta property=\"og:locale\" content=\"da_DK\" \/>\n<meta property=\"og:type\" content=\"article\" \/>\n<meta property=\"og:title\" content=\"Billigt gadeskilt til lav pris og hurtig forsendelse | Gdirekt.se\" \/>\n<meta property=\"og:description\" content=\"Billigt gadeskilt, der f\u00e5s i fire forskellige farver, i st\u00f8rrelserne 50 x 70 cm og 70 x 100 cm. Farverne er s\u00f8lv, sort, r\u00f8d og hvid. Beskyttelsesplasten holdes fast med magnet. K\u00f8b dette billige fortovsskilt p\u00e5 nettet hos os. Hurtig levering med sporbar fragt.\" \/>\n<meta property=\"og:url\" content=\"https:\/\/www.gdirekt.se\/da\/produkt\/billigt-gadeskilt\/\" \/>\n<meta property=\"og:site_name\" content=\"Gdirekt.se\" \/>\n<meta property=\"og:image\" content=\"https:\/\/www.gdirekt.se\/wp-content\/uploads\/Easy-sign.png\" \/>\n\t<meta property=\"og:image:width\" content=\"1000\" \/>\n\t<meta property=\"og:image:height\" content=\"1000\" \/>\n\t<meta property=\"og:image:type\" content=\"image\/png\" \/>\n<meta name=\"twitter:card\" content=\"summary_large_image\" \/>\n<meta name=\"twitter:label1\" content=\"Estimeret l\u00e6setid\" \/>\n\t<meta name=\"twitter:data1\" content=\"1 minut\" \/>\n<script type=\"application\/ld+json\" class=\"yoast-schema-graph\">{\"@context\":\"https:\/\/schema.org\",\"@graph\":[{\"@type\":\"WebPage\",\"@id\":\"https:\/\/www.gdirekt.se\/da\/produkt\/billigt-gadeskilt\/\",\"url\":\"https:\/\/www.gdirekt.se\/da\/produkt\/billigt-gadeskilt\/\",\"name\":\"Billigt gadeskilt til lav pris og hurtig forsendelse | Gdirekt.se\",\"isPartOf\":{\"@id\":\"https:\/\/www.gdirekt.se\/#website\"},\"primaryImageOfPage\":{\"@id\":\"https:\/\/www.gdirekt.se\/da\/produkt\/billigt-gadeskilt\/#primaryimage\"},\"image\":{\"@id\":\"https:\/\/www.gdirekt.se\/da\/produkt\/billigt-gadeskilt\/#primaryimage\"},\"thumbnailUrl\":\"https:\/\/www.gdirekt.se\/wp-content\/uploads\/Easy-sign.png\",\"datePublished\":\"2015-09-18T07:45:19+00:00\",\"description\":\"Billigt gadeskilt, der f\u00e5s i fire forskellige farver, i st\u00f8rrelserne 50 x 70 cm og 70 x 100 cm. Farverne er s\u00f8lv, sort, r\u00f8d og hvid. Beskyttelsesplasten holdes fast med magnet. K\u00f8b dette billige fortovsskilt p\u00e5 nettet hos os. Hurtig levering med sporbar fragt.\",\"breadcrumb\":{\"@id\":\"https:\/\/www.gdirekt.se\/da\/produkt\/billigt-gadeskilt\/#breadcrumb\"},\"inLanguage\":\"da-DK\",\"potentialAction\":[{\"@type\":\"ReadAction\",\"target\":[\"https:\/\/www.gdirekt.se\/da\/produkt\/billigt-gadeskilt\/\"]}]},{\"@type\":\"ImageObject\",\"inLanguage\":\"da-DK\",\"@id\":\"https:\/\/www.gdirekt.se\/da\/produkt\/billigt-gadeskilt\/#primaryimage\",\"url\":\"https:\/\/www.gdirekt.se\/wp-content\/uploads\/Easy-sign.png\",\"contentUrl\":\"https:\/\/www.gdirekt.se\/wp-content\/uploads\/Easy-sign.png\",\"width\":1000,\"height\":1000,\"caption\":\"Gdirekts let gadeskilt f\u00e5s i 50x70cm og 70x100cm\"},{\"@type\":\"BreadcrumbList\",\"@id\":\"https:\/\/www.gdirekt.se\/da\/produkt\/billigt-gadeskilt\/#breadcrumb\",\"itemListElement\":[{\"@type\":\"ListItem\",\"position\":1,\"name\":\"Hem\",\"item\":\"https:\/\/www.gdirekt.se\/da\/\"},{\"@type\":\"ListItem\",\"position\":2,\"name\":\"Start\",\"item\":\"https:\/\/www.gdirekt.se\/da\/\"},{\"@type\":\"ListItem\",\"position\":3,\"name\":\"Billigt gadeskilt\"}]},{\"@type\":\"WebSite\",\"@id\":\"https:\/\/www.gdirekt.se\/#website\",\"url\":\"https:\/\/www.gdirekt.se\/\",\"name\":\"Gdirekt.se\",\"description\":\"Tryck snabbt \u00e5 l\u00e4tt = Gdirekt\",\"potentialAction\":[{\"@type\":\"SearchAction\",\"target\":{\"@type\":\"EntryPoint\",\"urlTemplate\":\"https:\/\/www.gdirekt.se\/?s={search_term_string}\"},\"query-input\":{\"@type\":\"PropertyValueSpecification\",\"valueRequired\":true,\"valueName\":\"search_term_string\"}}],\"inLanguage\":\"da-DK\"}]}<\/script>\n<!-- \/ Yoast SEO plugin. -->","yoast_head_json":{"title":"Billigt gadeskilt til lav pris og hurtig forsendelse | Gdirekt.se","description":"Billigt gadeskilt, der f\u00e5s i fire forskellige farver, i st\u00f8rrelserne 50 x 70 cm og 70 x 100 cm. Farverne er s\u00f8lv, sort, r\u00f8d og hvid. Beskyttelsesplasten holdes fast med magnet. K\u00f8b dette billige fortovsskilt p\u00e5 nettet hos os. Hurtig levering med sporbar fragt.","robots":{"index":"index","follow":"follow","max-snippet":"max-snippet:-1","max-image-preview":"max-image-preview:large","max-video-preview":"max-video-preview:-1"},"canonical":"https:\/\/www.gdirekt.se\/da\/produkt\/billigt-gadeskilt\/","og_locale":"da_DK","og_type":"article","og_title":"Billigt gadeskilt til lav pris og hurtig forsendelse | Gdirekt.se","og_description":"Billigt gadeskilt, der f\u00e5s i fire forskellige farver, i st\u00f8rrelserne 50 x 70 cm og 70 x 100 cm. Farverne er s\u00f8lv, sort, r\u00f8d og hvid. Beskyttelsesplasten holdes fast med magnet. K\u00f8b dette billige fortovsskilt p\u00e5 nettet hos os. Hurtig levering med sporbar fragt.","og_url":"https:\/\/www.gdirekt.se\/da\/produkt\/billigt-gadeskilt\/","og_site_name":"Gdirekt.se","og_image":[{"width":1000,"height":1000,"url":"https:\/\/www.gdirekt.se\/wp-content\/uploads\/Easy-sign.png","type":"image\/png"}],"twitter_card":"summary_large_image","twitter_misc":{"Estimeret l\u00e6setid":"1 minut"},"schema":{"@context":"https:\/\/schema.org","@graph":[{"@type":"WebPage","@id":"https:\/\/www.gdirekt.se\/da\/produkt\/billigt-gadeskilt\/","url":"https:\/\/www.gdirekt.se\/da\/produkt\/billigt-gadeskilt\/","name":"Billigt gadeskilt til lav pris og hurtig forsendelse | Gdirekt.se","isPartOf":{"@id":"https:\/\/www.gdirekt.se\/#website"},"primaryImageOfPage":{"@id":"https:\/\/www.gdirekt.se\/da\/produkt\/billigt-gadeskilt\/#primaryimage"},"image":{"@id":"https:\/\/www.gdirekt.se\/da\/produkt\/billigt-gadeskilt\/#primaryimage"},"thumbnailUrl":"https:\/\/www.gdirekt.se\/wp-content\/uploads\/Easy-sign.png","datePublished":"2015-09-18T07:45:19+00:00","description":"Billigt gadeskilt, der f\u00e5s i fire forskellige farver, i st\u00f8rrelserne 50 x 70 cm og 70 x 100 cm. Farverne er s\u00f8lv, sort, r\u00f8d og hvid. Beskyttelsesplasten holdes fast med magnet. K\u00f8b dette billige fortovsskilt p\u00e5 nettet hos os. Hurtig levering med sporbar fragt.","breadcrumb":{"@id":"https:\/\/www.gdirekt.se\/da\/produkt\/billigt-gadeskilt\/#breadcrumb"},"inLanguage":"da-DK","potentialAction":[{"@type":"ReadAction","target":["https:\/\/www.gdirekt.se\/da\/produkt\/billigt-gadeskilt\/"]}]},{"@type":"ImageObject","inLanguage":"da-DK","@id":"https:\/\/www.gdirekt.se\/da\/produkt\/billigt-gadeskilt\/#primaryimage","url":"https:\/\/www.gdirekt.se\/wp-content\/uploads\/Easy-sign.png","contentUrl":"https:\/\/www.gdirekt.se\/wp-content\/uploads\/Easy-sign.png","width":1000,"height":1000,"caption":"Gdirekts let gadeskilt f\u00e5s i 50x70cm og 70x100cm"},{"@type":"BreadcrumbList","@id":"https:\/\/www.gdirekt.se\/da\/produkt\/billigt-gadeskilt\/#breadcrumb","itemListElement":[{"@type":"ListItem","position":1,"name":"Hem","item":"https:\/\/www.gdirekt.se\/da\/"},{"@type":"ListItem","position":2,"name":"Start","item":"https:\/\/www.gdirekt.se\/da\/"},{"@type":"ListItem","position":3,"name":"Billigt gadeskilt"}]},{"@type":"WebSite","@id":"https:\/\/www.gdirekt.se\/#website","url":"https:\/\/www.gdirekt.se\/","name":"Gdirekt.se","description":"Tryck snabbt \u00e5 l\u00e4tt = Gdirekt","potentialAction":[{"@type":"SearchAction","target":{"@type":"EntryPoint","urlTemplate":"https:\/\/www.gdirekt.se\/?s={search_term_string}"},"query-input":{"@type":"PropertyValueSpecification","valueRequired":true,"valueName":"search_term_string"}}],"inLanguage":"da-DK"}]}},"_links":{"self":[{"href":"https:\/\/www.gdirekt.se\/da\/wp-json\/wp\/v2\/product\/9526","targetHints":{"allow":["GET"]}}],"collection":[{"href":"https:\/\/www.gdirekt.se\/da\/wp-json\/wp\/v2\/product"}],"about":[{"href":"https:\/\/www.gdirekt.se\/da\/wp-json\/wp\/v2\/types\/product"}],"wp:featuredmedia":[{"embeddable":true,"href":"https:\/\/www.gdirekt.se\/da\/wp-json\/wp\/v2\/media\/8113"}],"wp:attachment":[{"href":"https:\/\/www.gdirekt.se\/da\/wp-json\/wp\/v2\/media?parent=9526"}],"wp:term":[{"taxonomy":"product_brand","embeddable":true,"href":"https:\/\/www.gdirekt.se\/da\/wp-json\/wp\/v2\/product_brand?post=9526"},{"taxonomy":"product_cat","embeddable":true,"href":"https:\/\/www.gdirekt.se\/da\/wp-json\/wp\/v2\/product_cat?post=9526"},{"taxonomy":"product_tag","embeddable":true,"href":"https:\/\/www.gdirekt.se\/da\/wp-json\/wp\/v2\/product_tag?post=9526"}],"curies":[{"name":"wp","href":"https:\/\/api.w.org\/{rel}","templated":true}]}}