{"id":9525,"date":"2017-02-08T10:48:14","date_gmt":"2017-02-08T09:48:14","guid":{"rendered":"http:\/\/gdirekt.hamstage.hamrenmedia.se\/produkt\/afspaerringsstolpe-med-band\/"},"modified":"2024-02-01T09:34:03","modified_gmt":"2024-02-01T08:34:03","slug":"afspaerringsstolpe-med-band","status":"publish","type":"product","link":"https:\/\/www.gdirekt.se\/da\/produkt\/afspaerringsstolpe-med-band\/","title":{"rendered":"Afsp\u00e6rringsstolpe med b\u00e5nd"},"content":{"rendered":"<p><span lang=\"DA\">Afsp\u00e6rringsstolpe med b\u00e5nd. Disse k\u00f8afsp\u00e6rringer er fremstillet af forkromet st\u00e5l og har r\u00f8dt afsp\u00e6rringsb\u00e5nd! Stolperne vejer 6,5\u00a0kg pr. styk og er 92\u00a0cm h\u00f8je. De har kraftige, r\u00f8de afsp\u00e6rringsb\u00e5nd i nylon, der kan tr\u00e6kkes hele 180\u00a0cm ud. Nylonb\u00e5ndet rulles automatisk ind i kassetten p\u00e5 stolpen. Det er muligt at sammens\u00e6tte flere afsp\u00e6rringsstolper til den \u00f8nskede l\u00e6ngde, som dermed kan bruges til at holde styr p\u00e5 k\u00f8en foran indgangen. Stolperne kaldes ogs\u00e5 for k\u00f8afsp\u00e6rringer og opstilles og sammenkobles let p\u00e5 et par sekunder. Led g\u00e6sterne p\u00e5 rette vej med denne flotte, enkle og praktiske afsp\u00e6rringsanordning. Stolpen er let at flytte og optager kun lidt plads, n\u00e5r den ikke er i brug.<\/span><\/p>\n<h3><span lang=\"DA\">Afsp\u00e6rringsstolpe med b\u00e5nd \u2013 afsp\u00e6rring indend\u00f8rs og udend\u00f8rs<\/span><\/h3>\n<p><span lang=\"DA\">Uanset om du vil have styr p\u00e5 k\u00f8en til din messestand eller lede dine g\u00e6ster p\u00e5 rette vej til den udend\u00f8rs bar, er disse eksklusive k\u00f8afsp\u00e6rringer perfekte til form\u00e5let. Vores afsp\u00e6rringsb\u00e5nd er lige s\u00e5 gode som b\u00e5ndene hos Biltema eller Bauhaus, men lettere at k\u00f8be online hos Gdirekt.\u00a0Et afsp\u00e6rringsb\u00e5nd er ganske enkelt en midlertidig afsp\u00e6rring af et umarkeret omr\u00e5de eller sted. Afsp\u00e6rringsstolperne og b\u00e5ndet kan blandt andet bruges til at \u00f8ge g\u00e6sternes sikkerhed. Kombiner eventuelt afsp\u00e6rringsb\u00e5ndet med et <span class=\"apple-converted-space\">\u00a0<\/span><\/span><span lang=\"DA\"><a href=\"https:\/\/www.gdirekt.se\/produkt-kategori\/skyltar\/\">skilt<\/a><\/span><span lang=\"DA\">med eget tryk og egen tekst for at forst\u00e6rke budskabet og lede g\u00e6sterne p\u00e5 rette vej.<\/span><\/p>\n<p><span lang=\"DA\">De forkromede stolper s\u00e6lges stykvis, men der f\u00e5s m\u00e6ngderabat ved k\u00f8b af tre stolper eller flere. Visse stolper har afsp\u00e6rringsreb, men vi foretr\u00e6kker enkeltheden ved afsp\u00e6rringsb\u00e5nd i nylon, der automatisk rulles ind. Den praktiske kassette \u00f8verst oppe p\u00e5 stolpen tr\u00e6kker hurtigt og effektivt b\u00e5ndet ind, n\u00e5r man nedtager og flytter afsp\u00e6rringen, s\u00e5 man slipper for besv\u00e6r. N\u00e5r en plads skal afsp\u00e6rres midlertidigt eller g\u00e6sterne ledes p\u00e5 rette vej ved en messe eller event, har vi de helt rigtige produkter.\u00a0K\u00f8b forkromede afsp\u00e6rringsstolper hos Gdirekt billigt og sikkert her.<\/span><\/p>\n<p><span lang=\"DA\">Vi har ogs\u00e5 en side med n\u00f8d- og afsp\u00e6rringsskilte, som hedder<span class=\"apple-converted-space\">\u00a0<\/span><\/span><span lang=\"DA\"><a href=\"https:\/\/shop.svasab.se\/\"><b><i>SVASAB<\/i><\/b><\/a><\/span><span lang=\"DA\">!<\/span><\/p>\n","protected":false},"excerpt":{"rendered":"<p>Afsp\u00e6rringsstolpe i forkromet st\u00e5l med tilh\u00f8rende b\u00e5nd. Stolperne vejer 6,5\u00a0kg pr. styk, er 92\u00a0cm h\u00f8je og har kraftigt afsp\u00e6rringsb\u00e5nd i r\u00f8dt, der kan tr\u00e6kkes hele 180\u00a0cm ud. Afsp\u00e6rringsb\u00e5ndet rulles automatisk op p\u00e5 en kassette.\u00a0<strong>Stolperne s\u00e6lges stykvis<\/strong>, men k\u00f8b eventuelt flere af disse k\u00f8afsp\u00e6rringer, og s\u00e6t dem sammen til den \u00f8nskede l\u00e6ngde, s\u00e5 der er styr p\u00e5 k\u00f8en.<\/p>\n","protected":false},"featured_media":8503,"template":"","meta":{"_acf_changed":false},"product_brand":[],"product_cat":[355,356],"product_tag":[],"class_list":{"0":"post-9525","1":"product","2":"type-product","3":"status-publish","4":"has-post-thumbnail","6":"product_cat-gatupratare-og-fortovet-snak","7":"product_cat-udendoersskilte-og-expo","8":"product_shipping_class-180sek","10":"first","11":"instock","12":"sale","13":"taxable","14":"shipping-taxable","15":"purchasable","16":"product-type-simple"},"exclude_global_add_ons":[],"addons":[],"acf":[],"yoast_head":"<!-- This site is optimized with the Yoast SEO plugin v27.2 - https:\/\/yoast.com\/product\/yoast-seo-wordpress\/ -->\n<title>Afsp\u00e6rringsstolpe med b\u00e5nd i r\u00f8d og krom | Gdirekt.se<\/title>\n<meta name=\"description\" content=\"Kromfarvet afsp\u00e6rringsstolpe med r\u00f8dt b\u00e5nd! K\u00f8afsp\u00e6rringerne vejer 6,5 kg pr. styk, er 92 cm h\u00f8je og har r\u00f8dt, kraftigt 180 cm langt afsp\u00e6rringsb\u00e5nd, der rulles ind i en kassette. K\u00f8b k\u00f8afsp\u00e6rringerne til lav pris, s\u00e5 leverer vi hurtigt.\" \/>\n<meta name=\"robots\" content=\"index, follow, max-snippet:-1, max-image-preview:large, max-video-preview:-1\" \/>\n<link rel=\"canonical\" href=\"https:\/\/www.gdirekt.se\/da\/produkt\/afspaerringsstolpe-med-band\/\" \/>\n<meta property=\"og:locale\" content=\"da_DK\" \/>\n<meta property=\"og:type\" content=\"article\" \/>\n<meta property=\"og:title\" content=\"Afsp\u00e6rringsstolpe med b\u00e5nd i r\u00f8d og krom | Gdirekt.se\" \/>\n<meta property=\"og:description\" content=\"Kromfarvet afsp\u00e6rringsstolpe med r\u00f8dt b\u00e5nd! K\u00f8afsp\u00e6rringerne vejer 6,5 kg pr. styk, er 92 cm h\u00f8je og har r\u00f8dt, kraftigt 180 cm langt afsp\u00e6rringsb\u00e5nd, der rulles ind i en kassette. K\u00f8b k\u00f8afsp\u00e6rringerne til lav pris, s\u00e5 leverer vi hurtigt.\" \/>\n<meta property=\"og:url\" content=\"https:\/\/www.gdirekt.se\/da\/produkt\/afspaerringsstolpe-med-band\/\" \/>\n<meta property=\"og:site_name\" content=\"Gdirekt.se\" \/>\n<meta property=\"article:modified_time\" content=\"2024-02-01T08:34:03+00:00\" \/>\n<meta property=\"og:image\" content=\"https:\/\/www.gdirekt.se\/wp-content\/uploads\/avsparrningsstolpe.png\" \/>\n\t<meta property=\"og:image:width\" content=\"1000\" \/>\n\t<meta property=\"og:image:height\" content=\"1000\" \/>\n\t<meta property=\"og:image:type\" content=\"image\/png\" \/>\n<meta name=\"twitter:card\" content=\"summary_large_image\" \/>\n<meta name=\"twitter:label1\" content=\"Estimeret l\u00e6setid\" \/>\n\t<meta name=\"twitter:data1\" content=\"2 minutter\" \/>\n<script type=\"application\/ld+json\" class=\"yoast-schema-graph\">{\"@context\":\"https:\/\/schema.org\",\"@graph\":[{\"@type\":\"WebPage\",\"@id\":\"https:\/\/www.gdirekt.se\/da\/produkt\/afspaerringsstolpe-med-band\/\",\"url\":\"https:\/\/www.gdirekt.se\/da\/produkt\/afspaerringsstolpe-med-band\/\",\"name\":\"Afsp\u00e6rringsstolpe med b\u00e5nd i r\u00f8d og krom | Gdirekt.se\",\"isPartOf\":{\"@id\":\"https:\/\/www.gdirekt.se\/#website\"},\"primaryImageOfPage\":{\"@id\":\"https:\/\/www.gdirekt.se\/da\/produkt\/afspaerringsstolpe-med-band\/#primaryimage\"},\"image\":{\"@id\":\"https:\/\/www.gdirekt.se\/da\/produkt\/afspaerringsstolpe-med-band\/#primaryimage\"},\"thumbnailUrl\":\"https:\/\/www.gdirekt.se\/wp-content\/uploads\/avsparrningsstolpe.png\",\"datePublished\":\"2017-02-08T09:48:14+00:00\",\"dateModified\":\"2024-02-01T08:34:03+00:00\",\"description\":\"Kromfarvet afsp\u00e6rringsstolpe med r\u00f8dt b\u00e5nd! K\u00f8afsp\u00e6rringerne vejer 6,5 kg pr. styk, er 92 cm h\u00f8je og har r\u00f8dt, kraftigt 180 cm langt afsp\u00e6rringsb\u00e5nd, der rulles ind i en kassette. K\u00f8b k\u00f8afsp\u00e6rringerne til lav pris, s\u00e5 leverer vi hurtigt.\",\"breadcrumb\":{\"@id\":\"https:\/\/www.gdirekt.se\/da\/produkt\/afspaerringsstolpe-med-band\/#breadcrumb\"},\"inLanguage\":\"da-DK\",\"potentialAction\":[{\"@type\":\"ReadAction\",\"target\":[\"https:\/\/www.gdirekt.se\/da\/produkt\/afspaerringsstolpe-med-band\/\"]}]},{\"@type\":\"ImageObject\",\"inLanguage\":\"da-DK\",\"@id\":\"https:\/\/www.gdirekt.se\/da\/produkt\/afspaerringsstolpe-med-band\/#primaryimage\",\"url\":\"https:\/\/www.gdirekt.se\/wp-content\/uploads\/avsparrningsstolpe.png\",\"contentUrl\":\"https:\/\/www.gdirekt.se\/wp-content\/uploads\/avsparrningsstolpe.png\",\"width\":1000,\"height\":1000,\"caption\":\"Afsp\u00e6rringsb\u00e5nd p\u00e5 stolpe - to stolper\"},{\"@type\":\"BreadcrumbList\",\"@id\":\"https:\/\/www.gdirekt.se\/da\/produkt\/afspaerringsstolpe-med-band\/#breadcrumb\",\"itemListElement\":[{\"@type\":\"ListItem\",\"position\":1,\"name\":\"Hem\",\"item\":\"https:\/\/www.gdirekt.se\/da\/\"},{\"@type\":\"ListItem\",\"position\":2,\"name\":\"Start\",\"item\":\"https:\/\/www.gdirekt.se\/da\/\"},{\"@type\":\"ListItem\",\"position\":3,\"name\":\"Afsp\u00e6rringsstolpe med b\u00e5nd\"}]},{\"@type\":\"WebSite\",\"@id\":\"https:\/\/www.gdirekt.se\/#website\",\"url\":\"https:\/\/www.gdirekt.se\/\",\"name\":\"Gdirekt.se\",\"description\":\"Tryck snabbt \u00e5 l\u00e4tt = Gdirekt\",\"potentialAction\":[{\"@type\":\"SearchAction\",\"target\":{\"@type\":\"EntryPoint\",\"urlTemplate\":\"https:\/\/www.gdirekt.se\/?s={search_term_string}\"},\"query-input\":{\"@type\":\"PropertyValueSpecification\",\"valueRequired\":true,\"valueName\":\"search_term_string\"}}],\"inLanguage\":\"da-DK\"}]}<\/script>\n<!-- \/ Yoast SEO plugin. -->","yoast_head_json":{"title":"Afsp\u00e6rringsstolpe med b\u00e5nd i r\u00f8d og krom | Gdirekt.se","description":"Kromfarvet afsp\u00e6rringsstolpe med r\u00f8dt b\u00e5nd! K\u00f8afsp\u00e6rringerne vejer 6,5 kg pr. styk, er 92 cm h\u00f8je og har r\u00f8dt, kraftigt 180 cm langt afsp\u00e6rringsb\u00e5nd, der rulles ind i en kassette. K\u00f8b k\u00f8afsp\u00e6rringerne til lav pris, s\u00e5 leverer vi hurtigt.","robots":{"index":"index","follow":"follow","max-snippet":"max-snippet:-1","max-image-preview":"max-image-preview:large","max-video-preview":"max-video-preview:-1"},"canonical":"https:\/\/www.gdirekt.se\/da\/produkt\/afspaerringsstolpe-med-band\/","og_locale":"da_DK","og_type":"article","og_title":"Afsp\u00e6rringsstolpe med b\u00e5nd i r\u00f8d og krom | Gdirekt.se","og_description":"Kromfarvet afsp\u00e6rringsstolpe med r\u00f8dt b\u00e5nd! K\u00f8afsp\u00e6rringerne vejer 6,5 kg pr. styk, er 92 cm h\u00f8je og har r\u00f8dt, kraftigt 180 cm langt afsp\u00e6rringsb\u00e5nd, der rulles ind i en kassette. K\u00f8b k\u00f8afsp\u00e6rringerne til lav pris, s\u00e5 leverer vi hurtigt.","og_url":"https:\/\/www.gdirekt.se\/da\/produkt\/afspaerringsstolpe-med-band\/","og_site_name":"Gdirekt.se","article_modified_time":"2024-02-01T08:34:03+00:00","og_image":[{"width":1000,"height":1000,"url":"https:\/\/www.gdirekt.se\/wp-content\/uploads\/avsparrningsstolpe.png","type":"image\/png"}],"twitter_card":"summary_large_image","twitter_misc":{"Estimeret l\u00e6setid":"2 minutter"},"schema":{"@context":"https:\/\/schema.org","@graph":[{"@type":"WebPage","@id":"https:\/\/www.gdirekt.se\/da\/produkt\/afspaerringsstolpe-med-band\/","url":"https:\/\/www.gdirekt.se\/da\/produkt\/afspaerringsstolpe-med-band\/","name":"Afsp\u00e6rringsstolpe med b\u00e5nd i r\u00f8d og krom | Gdirekt.se","isPartOf":{"@id":"https:\/\/www.gdirekt.se\/#website"},"primaryImageOfPage":{"@id":"https:\/\/www.gdirekt.se\/da\/produkt\/afspaerringsstolpe-med-band\/#primaryimage"},"image":{"@id":"https:\/\/www.gdirekt.se\/da\/produkt\/afspaerringsstolpe-med-band\/#primaryimage"},"thumbnailUrl":"https:\/\/www.gdirekt.se\/wp-content\/uploads\/avsparrningsstolpe.png","datePublished":"2017-02-08T09:48:14+00:00","dateModified":"2024-02-01T08:34:03+00:00","description":"Kromfarvet afsp\u00e6rringsstolpe med r\u00f8dt b\u00e5nd! K\u00f8afsp\u00e6rringerne vejer 6,5 kg pr. styk, er 92 cm h\u00f8je og har r\u00f8dt, kraftigt 180 cm langt afsp\u00e6rringsb\u00e5nd, der rulles ind i en kassette. K\u00f8b k\u00f8afsp\u00e6rringerne til lav pris, s\u00e5 leverer vi hurtigt.","breadcrumb":{"@id":"https:\/\/www.gdirekt.se\/da\/produkt\/afspaerringsstolpe-med-band\/#breadcrumb"},"inLanguage":"da-DK","potentialAction":[{"@type":"ReadAction","target":["https:\/\/www.gdirekt.se\/da\/produkt\/afspaerringsstolpe-med-band\/"]}]},{"@type":"ImageObject","inLanguage":"da-DK","@id":"https:\/\/www.gdirekt.se\/da\/produkt\/afspaerringsstolpe-med-band\/#primaryimage","url":"https:\/\/www.gdirekt.se\/wp-content\/uploads\/avsparrningsstolpe.png","contentUrl":"https:\/\/www.gdirekt.se\/wp-content\/uploads\/avsparrningsstolpe.png","width":1000,"height":1000,"caption":"Afsp\u00e6rringsb\u00e5nd p\u00e5 stolpe - to stolper"},{"@type":"BreadcrumbList","@id":"https:\/\/www.gdirekt.se\/da\/produkt\/afspaerringsstolpe-med-band\/#breadcrumb","itemListElement":[{"@type":"ListItem","position":1,"name":"Hem","item":"https:\/\/www.gdirekt.se\/da\/"},{"@type":"ListItem","position":2,"name":"Start","item":"https:\/\/www.gdirekt.se\/da\/"},{"@type":"ListItem","position":3,"name":"Afsp\u00e6rringsstolpe med b\u00e5nd"}]},{"@type":"WebSite","@id":"https:\/\/www.gdirekt.se\/#website","url":"https:\/\/www.gdirekt.se\/","name":"Gdirekt.se","description":"Tryck snabbt \u00e5 l\u00e4tt = Gdirekt","potentialAction":[{"@type":"SearchAction","target":{"@type":"EntryPoint","urlTemplate":"https:\/\/www.gdirekt.se\/?s={search_term_string}"},"query-input":{"@type":"PropertyValueSpecification","valueRequired":true,"valueName":"search_term_string"}}],"inLanguage":"da-DK"}]}},"_links":{"self":[{"href":"https:\/\/www.gdirekt.se\/da\/wp-json\/wp\/v2\/product\/9525","targetHints":{"allow":["GET"]}}],"collection":[{"href":"https:\/\/www.gdirekt.se\/da\/wp-json\/wp\/v2\/product"}],"about":[{"href":"https:\/\/www.gdirekt.se\/da\/wp-json\/wp\/v2\/types\/product"}],"wp:featuredmedia":[{"embeddable":true,"href":"https:\/\/www.gdirekt.se\/da\/wp-json\/wp\/v2\/media\/8503"}],"wp:attachment":[{"href":"https:\/\/www.gdirekt.se\/da\/wp-json\/wp\/v2\/media?parent=9525"}],"wp:term":[{"taxonomy":"product_brand","embeddable":true,"href":"https:\/\/www.gdirekt.se\/da\/wp-json\/wp\/v2\/product_brand?post=9525"},{"taxonomy":"product_cat","embeddable":true,"href":"https:\/\/www.gdirekt.se\/da\/wp-json\/wp\/v2\/product_cat?post=9525"},{"taxonomy":"product_tag","embeddable":true,"href":"https:\/\/www.gdirekt.se\/da\/wp-json\/wp\/v2\/product_tag?post=9525"}],"curies":[{"name":"wp","href":"https:\/\/api.w.org\/{rel}","templated":true}]}}