{"id":9522,"date":"2017-02-02T14:31:44","date_gmt":"2017-02-02T13:31:44","guid":{"rendered":"http:\/\/gdirekt.hamstage.hamrenmedia.se\/produkt\/tapetkniv\/"},"modified":"2024-02-01T09:36:36","modified_gmt":"2024-02-01T08:36:36","slug":"tapetkniv","status":"publish","type":"product","link":"https:\/\/www.gdirekt.se\/da\/produkt\/tapetkniv\/","title":{"rendered":"Tapetkniv"},"content":{"rendered":"<p>Bestil let og hurtigt en tapetkniv eller hobbykniv til fototapet p\u00e5 vores side. Den er perfekt til tilsk\u00e6ring af tapetbanerne, n\u00e5r I tapetserer med fototapet. H\u00f8jeste kvalitet fra Anza.<\/p>\n","protected":false},"excerpt":{"rendered":"<p>Bestil let og hurtigt en tapetkniv til fototapet p\u00e5 vores side. Tapetkniven bruges til at tilsk\u00e6re det fototapet, som I har k\u00f8bt p\u00e5 nettet hos os. H\u00f8jeste kvalitet fra Anza.<\/p>\n","protected":false},"featured_media":8488,"template":"","meta":{"_acf_changed":false},"product_brand":[],"product_cat":[374],"product_tag":[],"class_list":{"0":"post-9522","1":"product","2":"type-product","3":"status-publish","4":"has-post-thumbnail","6":"product_cat-fototapet-med-eget-billede","7":"product_shipping_class-49kr","9":"first","10":"instock","11":"taxable","12":"shipping-taxable","13":"purchasable","14":"product-type-simple"},"exclude_global_add_ons":[],"addons":[],"acf":[],"yoast_head":"<!-- This site is optimized with the Yoast SEO plugin v27.2 - https:\/\/yoast.com\/product\/yoast-seo-wordpress\/ -->\n<title>Tapetkniv k\u00f8b en billig at sk\u00e6re fototapetet | Gdirekt.se<\/title>\n<meta name=\"description\" content=\"Bestil let og hurtigt en tapetkniv til fototapet p\u00e5 vores side. Tapetkniven bruges til at tilsk\u00e6re det fototapet, som I har k\u00f8bt p\u00e5 nettet hos os.\" \/>\n<meta name=\"robots\" content=\"index, follow, max-snippet:-1, max-image-preview:large, max-video-preview:-1\" \/>\n<link rel=\"canonical\" href=\"https:\/\/www.gdirekt.se\/da\/produkt\/tapetkniv\/\" \/>\n<meta property=\"og:locale\" content=\"da_DK\" \/>\n<meta property=\"og:type\" content=\"article\" \/>\n<meta property=\"og:title\" content=\"Tapetkniv k\u00f8b en billig at sk\u00e6re fototapetet | Gdirekt.se\" \/>\n<meta property=\"og:description\" content=\"Bestil let og hurtigt en tapetkniv til fototapet p\u00e5 vores side. Tapetkniven bruges til at tilsk\u00e6re det fototapet, som I har k\u00f8bt p\u00e5 nettet hos os.\" \/>\n<meta property=\"og:url\" content=\"https:\/\/www.gdirekt.se\/da\/produkt\/tapetkniv\/\" \/>\n<meta property=\"og:site_name\" content=\"Gdirekt.se\" \/>\n<meta property=\"article:modified_time\" content=\"2024-02-01T08:36:36+00:00\" \/>\n<meta property=\"og:image\" content=\"https:\/\/www.gdirekt.se\/wp-content\/uploads\/tapetkniv.png\" \/>\n\t<meta property=\"og:image:width\" content=\"1000\" \/>\n\t<meta property=\"og:image:height\" content=\"1000\" \/>\n\t<meta property=\"og:image:type\" content=\"image\/png\" \/>\n<meta name=\"twitter:card\" content=\"summary_large_image\" \/>\n<script type=\"application\/ld+json\" class=\"yoast-schema-graph\">{\"@context\":\"https:\/\/schema.org\",\"@graph\":[{\"@type\":\"WebPage\",\"@id\":\"https:\/\/www.gdirekt.se\/da\/produkt\/tapetkniv\/\",\"url\":\"https:\/\/www.gdirekt.se\/da\/produkt\/tapetkniv\/\",\"name\":\"Tapetkniv k\u00f8b en billig at sk\u00e6re fototapetet | Gdirekt.se\",\"isPartOf\":{\"@id\":\"https:\/\/www.gdirekt.se\/#website\"},\"primaryImageOfPage\":{\"@id\":\"https:\/\/www.gdirekt.se\/da\/produkt\/tapetkniv\/#primaryimage\"},\"image\":{\"@id\":\"https:\/\/www.gdirekt.se\/da\/produkt\/tapetkniv\/#primaryimage\"},\"thumbnailUrl\":\"https:\/\/www.gdirekt.se\/wp-content\/uploads\/tapetkniv.png\",\"datePublished\":\"2017-02-02T13:31:44+00:00\",\"dateModified\":\"2024-02-01T08:36:36+00:00\",\"description\":\"Bestil let og hurtigt en tapetkniv til fototapet p\u00e5 vores side. Tapetkniven bruges til at tilsk\u00e6re det fototapet, som I har k\u00f8bt p\u00e5 nettet hos os.\",\"breadcrumb\":{\"@id\":\"https:\/\/www.gdirekt.se\/da\/produkt\/tapetkniv\/#breadcrumb\"},\"inLanguage\":\"da-DK\",\"potentialAction\":[{\"@type\":\"ReadAction\",\"target\":[\"https:\/\/www.gdirekt.se\/da\/produkt\/tapetkniv\/\"]}]},{\"@type\":\"ImageObject\",\"inLanguage\":\"da-DK\",\"@id\":\"https:\/\/www.gdirekt.se\/da\/produkt\/tapetkniv\/#primaryimage\",\"url\":\"https:\/\/www.gdirekt.se\/wp-content\/uploads\/tapetkniv.png\",\"contentUrl\":\"https:\/\/www.gdirekt.se\/wp-content\/uploads\/tapetkniv.png\",\"width\":1000,\"height\":1000,\"caption\":\"God kniv sk\u00e6re tapetet perfekt\"},{\"@type\":\"BreadcrumbList\",\"@id\":\"https:\/\/www.gdirekt.se\/da\/produkt\/tapetkniv\/#breadcrumb\",\"itemListElement\":[{\"@type\":\"ListItem\",\"position\":1,\"name\":\"Hem\",\"item\":\"https:\/\/www.gdirekt.se\/da\/\"},{\"@type\":\"ListItem\",\"position\":2,\"name\":\"Start\",\"item\":\"https:\/\/www.gdirekt.se\/da\/\"},{\"@type\":\"ListItem\",\"position\":3,\"name\":\"Tapetkniv\"}]},{\"@type\":\"WebSite\",\"@id\":\"https:\/\/www.gdirekt.se\/#website\",\"url\":\"https:\/\/www.gdirekt.se\/\",\"name\":\"Gdirekt.se\",\"description\":\"Tryck snabbt \u00e5 l\u00e4tt = Gdirekt\",\"potentialAction\":[{\"@type\":\"SearchAction\",\"target\":{\"@type\":\"EntryPoint\",\"urlTemplate\":\"https:\/\/www.gdirekt.se\/?s={search_term_string}\"},\"query-input\":{\"@type\":\"PropertyValueSpecification\",\"valueRequired\":true,\"valueName\":\"search_term_string\"}}],\"inLanguage\":\"da-DK\"}]}<\/script>\n<!-- \/ Yoast SEO plugin. -->","yoast_head_json":{"title":"Tapetkniv k\u00f8b en billig at sk\u00e6re fototapetet | Gdirekt.se","description":"Bestil let og hurtigt en tapetkniv til fototapet p\u00e5 vores side. Tapetkniven bruges til at tilsk\u00e6re det fototapet, som I har k\u00f8bt p\u00e5 nettet hos os.","robots":{"index":"index","follow":"follow","max-snippet":"max-snippet:-1","max-image-preview":"max-image-preview:large","max-video-preview":"max-video-preview:-1"},"canonical":"https:\/\/www.gdirekt.se\/da\/produkt\/tapetkniv\/","og_locale":"da_DK","og_type":"article","og_title":"Tapetkniv k\u00f8b en billig at sk\u00e6re fototapetet | Gdirekt.se","og_description":"Bestil let og hurtigt en tapetkniv til fototapet p\u00e5 vores side. Tapetkniven bruges til at tilsk\u00e6re det fototapet, som I har k\u00f8bt p\u00e5 nettet hos os.","og_url":"https:\/\/www.gdirekt.se\/da\/produkt\/tapetkniv\/","og_site_name":"Gdirekt.se","article_modified_time":"2024-02-01T08:36:36+00:00","og_image":[{"width":1000,"height":1000,"url":"https:\/\/www.gdirekt.se\/wp-content\/uploads\/tapetkniv.png","type":"image\/png"}],"twitter_card":"summary_large_image","schema":{"@context":"https:\/\/schema.org","@graph":[{"@type":"WebPage","@id":"https:\/\/www.gdirekt.se\/da\/produkt\/tapetkniv\/","url":"https:\/\/www.gdirekt.se\/da\/produkt\/tapetkniv\/","name":"Tapetkniv k\u00f8b en billig at sk\u00e6re fototapetet | Gdirekt.se","isPartOf":{"@id":"https:\/\/www.gdirekt.se\/#website"},"primaryImageOfPage":{"@id":"https:\/\/www.gdirekt.se\/da\/produkt\/tapetkniv\/#primaryimage"},"image":{"@id":"https:\/\/www.gdirekt.se\/da\/produkt\/tapetkniv\/#primaryimage"},"thumbnailUrl":"https:\/\/www.gdirekt.se\/wp-content\/uploads\/tapetkniv.png","datePublished":"2017-02-02T13:31:44+00:00","dateModified":"2024-02-01T08:36:36+00:00","description":"Bestil let og hurtigt en tapetkniv til fototapet p\u00e5 vores side. Tapetkniven bruges til at tilsk\u00e6re det fototapet, som I har k\u00f8bt p\u00e5 nettet hos os.","breadcrumb":{"@id":"https:\/\/www.gdirekt.se\/da\/produkt\/tapetkniv\/#breadcrumb"},"inLanguage":"da-DK","potentialAction":[{"@type":"ReadAction","target":["https:\/\/www.gdirekt.se\/da\/produkt\/tapetkniv\/"]}]},{"@type":"ImageObject","inLanguage":"da-DK","@id":"https:\/\/www.gdirekt.se\/da\/produkt\/tapetkniv\/#primaryimage","url":"https:\/\/www.gdirekt.se\/wp-content\/uploads\/tapetkniv.png","contentUrl":"https:\/\/www.gdirekt.se\/wp-content\/uploads\/tapetkniv.png","width":1000,"height":1000,"caption":"God kniv sk\u00e6re tapetet perfekt"},{"@type":"BreadcrumbList","@id":"https:\/\/www.gdirekt.se\/da\/produkt\/tapetkniv\/#breadcrumb","itemListElement":[{"@type":"ListItem","position":1,"name":"Hem","item":"https:\/\/www.gdirekt.se\/da\/"},{"@type":"ListItem","position":2,"name":"Start","item":"https:\/\/www.gdirekt.se\/da\/"},{"@type":"ListItem","position":3,"name":"Tapetkniv"}]},{"@type":"WebSite","@id":"https:\/\/www.gdirekt.se\/#website","url":"https:\/\/www.gdirekt.se\/","name":"Gdirekt.se","description":"Tryck snabbt \u00e5 l\u00e4tt = Gdirekt","potentialAction":[{"@type":"SearchAction","target":{"@type":"EntryPoint","urlTemplate":"https:\/\/www.gdirekt.se\/?s={search_term_string}"},"query-input":{"@type":"PropertyValueSpecification","valueRequired":true,"valueName":"search_term_string"}}],"inLanguage":"da-DK"}]}},"_links":{"self":[{"href":"https:\/\/www.gdirekt.se\/da\/wp-json\/wp\/v2\/product\/9522","targetHints":{"allow":["GET"]}}],"collection":[{"href":"https:\/\/www.gdirekt.se\/da\/wp-json\/wp\/v2\/product"}],"about":[{"href":"https:\/\/www.gdirekt.se\/da\/wp-json\/wp\/v2\/types\/product"}],"wp:featuredmedia":[{"embeddable":true,"href":"https:\/\/www.gdirekt.se\/da\/wp-json\/wp\/v2\/media\/8488"}],"wp:attachment":[{"href":"https:\/\/www.gdirekt.se\/da\/wp-json\/wp\/v2\/media?parent=9522"}],"wp:term":[{"taxonomy":"product_brand","embeddable":true,"href":"https:\/\/www.gdirekt.se\/da\/wp-json\/wp\/v2\/product_brand?post=9522"},{"taxonomy":"product_cat","embeddable":true,"href":"https:\/\/www.gdirekt.se\/da\/wp-json\/wp\/v2\/product_cat?post=9522"},{"taxonomy":"product_tag","embeddable":true,"href":"https:\/\/www.gdirekt.se\/da\/wp-json\/wp\/v2\/product_tag?post=9522"}],"curies":[{"name":"wp","href":"https:\/\/api.w.org\/{rel}","templated":true}]}}