{"id":9515,"date":"2017-02-02T15:48:45","date_gmt":"2017-02-02T14:48:45","guid":{"rendered":"http:\/\/gdirekt.hamstage.hamrenmedia.se\/produkt\/fototapet-public\/"},"modified":"2019-03-20T16:15:03","modified_gmt":"2019-03-20T15:15:03","slug":"fototapet-public","status":"publish","type":"product","link":"https:\/\/www.gdirekt.se\/da\/produkt\/fototapet-public\/","title":{"rendered":"Fototapet Public"},"content":{"rendered":"<p><span lang=\"DA\">Fototapetet Public er et meget robust tapet.\u00a0Det bruges ofte i offentlige milj\u00f8er s\u00e5som butikker, restauranter, barer, cafeer, skoler, butikscentre og trappeopgange.\u00a0V\u00e6lg st\u00f8rrelse nedenfor, og v\u00e6lg om fototapetet skal best\u00e5 af baner med eller uden overlapning. Overlapningen p\u00e5 tapeterne er 5 mm, og fordelen er, at sammenf\u00f8jningerne ikke kan ses. Det er en god id\u00e9 at bestille baggrundstapet, som er meget m\u00f8rkt. Man kan ogs\u00e5 k\u00f8be fototapet i \u00e9t stykke. Tapetrullerne har en maksimal bredde p\u00e5 300\u00a0cm, men kan v\u00e6re mange meter lange. Dermed kan man bestille store baggrundstapeter med billeder og fotos hos os. Tapetlim i pulverform er inkluderet i prisen. Denne tapetlim til fotov\u00e6gge med non-woven tapet skal blot blandes med vand.<\/span><\/p>\n<p><strong><i><span lang=\"DA\">Ops\u00e6tningsvejledningen til fototapeter<\/span><\/i><\/strong><span lang=\"DA\">kan downloades under designskabeloner.<\/span><\/p>\n<p><strong><span lang=\"DA\">Anbefalet v\u00e6rkt\u00f8j<\/span><\/strong><span lang=\"DA\">: malerrulles\u00e6t, kniv, spand, vaterpas\/tapetlod, b\u00f8rste og svamp\/klud.<\/span><\/p>\n<p><strong><span lang=\"DA\">Forberedelse:<\/span><\/strong><span lang=\"DA\">\u00a0Fototapetet Public skal s\u00e6ttes op p\u00e5 en ren og glat overflade. Fjern l\u00f8se tapetrester, og udglat eventuelle uj\u00e6vnheder ved at spartle. St\u00e6rkt sugende overflader b\u00f8r grundes med grundmaling eller et tyndt lag lim. Der er risiko for, at m\u00f8rke baggrunde kan tr\u00e6nge igennem p\u00e5 det nye tapet. Undg\u00e5 det ved at male med en lys grundmaling.<\/span><\/p>\n<p><strong><span lang=\"DA\">Bland limen til fototapetet:<\/span><\/strong><span lang=\"DA\">R\u00f8r posens indhold ud i fire liter lunkent vand. R\u00f8r rundt med et par minutters mellemrum. Limen er klar til brug efter ca. 15\u00a0minutter. Limrester kan vaskes af med lunkent vand. Et lims\u00e6t r\u00e6kker til ca. 25\u00a0m2 v\u00e6goverflade.<\/span><\/p>\n<p><strong><span lang=\"DA\">Ops\u00e6tning:<\/span><\/strong><span lang=\"DA\">Kontroll\u00e9r, at du har alle baner, og at de er ubeskadigede. P\u00e5f\u00f8r limen med en rulle. P\u00e5f\u00f8r rigelig lim, og kontroll\u00e9r, at der ikke er nogen t\u00f8rre pletter. S\u00e6t derefter den f\u00f8rste bane fototapet op, og s\u00f8rg for, at den h\u00e6nger lige og lodret. Glat tapetet med en b\u00f8rste. Start oppefra i midten, og glat ud mod siderne. Ops\u00e6t n\u00e6ste bane kant til kant. S\u00f8rg for, at banerne passer sammen, hvis der er overlapning. T\u00f8r eventuelle limrester af med det samme. Sk\u00e6r tapetet lige af mod loftet og gulvet.<\/span><\/p>\n<p><span lang=\"DA\">Hvis I er p\u00e5 udkig efter motiver til fototapeter, har vi en side til boligindretning med tusindvis af billeder her:<span class=\"apple-converted-space\">\u00a0<\/span><\/span><span lang=\"DA\"><a href=\"https:\/\/www.dinprint.se\/kategorier\"><i>dinprint.se.<\/i><\/a><\/span><strong><i><span lang=\"DA\">\u00a0<\/span><\/i><\/strong><span lang=\"DA\">I kan ogs\u00e5 bestille brochurestandere til messen eller kontoret.<span class=\"apple-converted-space\">\u00a0<\/span><\/span><span lang=\"DA\"><a href=\"https:\/\/www.gdirekt.se\/produkt-kategori\/broschyrstall-och-infostall\/\"><i>Klik her<\/i><\/a><\/span><span lang=\"DA\">!<\/span><\/p>\n","protected":false},"excerpt":{"rendered":"<p>Fototapet \u2013 Public er beregnet til offentlige milj\u00f8er! Det kan v\u00e6re butikker, hoteller, restauranter, barer, cafeer, skoler, butikscentre og trapper.\u00a0Det er et meget slidst\u00e6rkt og robust tapet, der kan holde til mere kr\u00e6vende milj\u00f8er. V\u00e6lg st\u00f8rrelse, og om det skal best\u00e5 af baner eller et helt stykke.<\/p>\n","protected":false},"featured_media":8485,"template":"","meta":{"_acf_changed":false},"product_brand":[],"product_cat":[374],"product_tag":[],"class_list":{"0":"post-9515","1":"product","2":"type-product","3":"status-publish","4":"has-post-thumbnail","6":"product_cat-fototapet-med-eget-billede","8":"first","9":"instock","10":"taxable","11":"shipping-taxable","12":"purchasable","13":"product-type-variable","14":"has-default-attributes"},"exclude_global_add_ons":[],"addons":[],"acf":[],"yoast_head":"<!-- This site is optimized with the Yoast SEO plugin v27.2 - https:\/\/yoast.com\/product\/yoast-seo-wordpress\/ -->\n<title>Fototapet Public er b\u00e6redygtig for restaurant og hotel | Gdirekt.se<\/title>\n<meta name=\"description\" content=\"Fototapetet Public er beregnet til offentlige milj\u00f8er! Det kan v\u00e6re butikker, hoteller, restauranter, barer, cafeer, skoler, butikscentre og trappeopgange. Bestil et slidst\u00e6rkt tapet, der holder godt, til en virkelig god pris. Tapetet er let at s\u00e6tte op p\u00e5 v\u00e6gge, skabe og d\u00f8re.\" \/>\n<meta name=\"robots\" content=\"index, follow, max-snippet:-1, max-image-preview:large, max-video-preview:-1\" \/>\n<link rel=\"canonical\" href=\"https:\/\/www.gdirekt.se\/da\/produkt\/fototapet-public\/\" \/>\n<meta property=\"og:locale\" content=\"da_DK\" \/>\n<meta property=\"og:type\" content=\"article\" \/>\n<meta property=\"og:title\" content=\"Fototapet Public er b\u00e6redygtig for restaurant og hotel | Gdirekt.se\" \/>\n<meta property=\"og:description\" content=\"Fototapetet Public er beregnet til offentlige milj\u00f8er! Det kan v\u00e6re butikker, hoteller, restauranter, barer, cafeer, skoler, butikscentre og trappeopgange. Bestil et slidst\u00e6rkt tapet, der holder godt, til en virkelig god pris. Tapetet er let at s\u00e6tte op p\u00e5 v\u00e6gge, skabe og d\u00f8re.\" \/>\n<meta property=\"og:url\" content=\"https:\/\/www.gdirekt.se\/da\/produkt\/fototapet-public\/\" \/>\n<meta property=\"og:site_name\" content=\"Gdirekt.se\" \/>\n<meta property=\"article:modified_time\" content=\"2019-03-20T15:15:03+00:00\" \/>\n<meta property=\"og:image\" content=\"https:\/\/www.gdirekt.se\/wp-content\/uploads\/fototapeter.png\" \/>\n\t<meta property=\"og:image:width\" content=\"1000\" \/>\n\t<meta property=\"og:image:height\" content=\"1000\" \/>\n\t<meta property=\"og:image:type\" content=\"image\/png\" \/>\n<meta name=\"twitter:card\" content=\"summary_large_image\" \/>\n<meta name=\"twitter:label1\" content=\"Estimeret l\u00e6setid\" \/>\n\t<meta name=\"twitter:data1\" content=\"2 minutter\" \/>\n<script type=\"application\/ld+json\" class=\"yoast-schema-graph\">{\"@context\":\"https:\/\/schema.org\",\"@graph\":[{\"@type\":\"WebPage\",\"@id\":\"https:\/\/www.gdirekt.se\/da\/produkt\/fototapet-public\/\",\"url\":\"https:\/\/www.gdirekt.se\/da\/produkt\/fototapet-public\/\",\"name\":\"Fototapet Public er b\u00e6redygtig for restaurant og hotel | Gdirekt.se\",\"isPartOf\":{\"@id\":\"https:\/\/www.gdirekt.se\/#website\"},\"primaryImageOfPage\":{\"@id\":\"https:\/\/www.gdirekt.se\/da\/produkt\/fototapet-public\/#primaryimage\"},\"image\":{\"@id\":\"https:\/\/www.gdirekt.se\/da\/produkt\/fototapet-public\/#primaryimage\"},\"thumbnailUrl\":\"https:\/\/www.gdirekt.se\/wp-content\/uploads\/fototapeter.png\",\"datePublished\":\"2017-02-02T14:48:45+00:00\",\"dateModified\":\"2019-03-20T15:15:03+00:00\",\"description\":\"Fototapetet Public er beregnet til offentlige milj\u00f8er! Det kan v\u00e6re butikker, hoteller, restauranter, barer, cafeer, skoler, butikscentre og trappeopgange. Bestil et slidst\u00e6rkt tapet, der holder godt, til en virkelig god pris. Tapetet er let at s\u00e6tte op p\u00e5 v\u00e6gge, skabe og d\u00f8re.\",\"breadcrumb\":{\"@id\":\"https:\/\/www.gdirekt.se\/da\/produkt\/fototapet-public\/#breadcrumb\"},\"inLanguage\":\"da-DK\",\"potentialAction\":[{\"@type\":\"ReadAction\",\"target\":[\"https:\/\/www.gdirekt.se\/da\/produkt\/fototapet-public\/\"]}]},{\"@type\":\"ImageObject\",\"inLanguage\":\"da-DK\",\"@id\":\"https:\/\/www.gdirekt.se\/da\/produkt\/fototapet-public\/#primaryimage\",\"url\":\"https:\/\/www.gdirekt.se\/wp-content\/uploads\/fototapeter.png\",\"contentUrl\":\"https:\/\/www.gdirekt.se\/wp-content\/uploads\/fototapeter.png\",\"width\":1000,\"height\":1000,\"caption\":\"Holdbar og wipable fototapet\"},{\"@type\":\"BreadcrumbList\",\"@id\":\"https:\/\/www.gdirekt.se\/da\/produkt\/fototapet-public\/#breadcrumb\",\"itemListElement\":[{\"@type\":\"ListItem\",\"position\":1,\"name\":\"Hem\",\"item\":\"https:\/\/www.gdirekt.se\/da\/\"},{\"@type\":\"ListItem\",\"position\":2,\"name\":\"Start\",\"item\":\"https:\/\/www.gdirekt.se\/da\/\"},{\"@type\":\"ListItem\",\"position\":3,\"name\":\"Fototapet Public\"}]},{\"@type\":\"WebSite\",\"@id\":\"https:\/\/www.gdirekt.se\/#website\",\"url\":\"https:\/\/www.gdirekt.se\/\",\"name\":\"Gdirekt.se\",\"description\":\"Tryck snabbt \u00e5 l\u00e4tt = Gdirekt\",\"potentialAction\":[{\"@type\":\"SearchAction\",\"target\":{\"@type\":\"EntryPoint\",\"urlTemplate\":\"https:\/\/www.gdirekt.se\/?s={search_term_string}\"},\"query-input\":{\"@type\":\"PropertyValueSpecification\",\"valueRequired\":true,\"valueName\":\"search_term_string\"}}],\"inLanguage\":\"da-DK\"}]}<\/script>\n<!-- \/ Yoast SEO plugin. -->","yoast_head_json":{"title":"Fototapet Public er b\u00e6redygtig for restaurant og hotel | Gdirekt.se","description":"Fototapetet Public er beregnet til offentlige milj\u00f8er! Det kan v\u00e6re butikker, hoteller, restauranter, barer, cafeer, skoler, butikscentre og trappeopgange. Bestil et slidst\u00e6rkt tapet, der holder godt, til en virkelig god pris. Tapetet er let at s\u00e6tte op p\u00e5 v\u00e6gge, skabe og d\u00f8re.","robots":{"index":"index","follow":"follow","max-snippet":"max-snippet:-1","max-image-preview":"max-image-preview:large","max-video-preview":"max-video-preview:-1"},"canonical":"https:\/\/www.gdirekt.se\/da\/produkt\/fototapet-public\/","og_locale":"da_DK","og_type":"article","og_title":"Fototapet Public er b\u00e6redygtig for restaurant og hotel | Gdirekt.se","og_description":"Fototapetet Public er beregnet til offentlige milj\u00f8er! Det kan v\u00e6re butikker, hoteller, restauranter, barer, cafeer, skoler, butikscentre og trappeopgange. Bestil et slidst\u00e6rkt tapet, der holder godt, til en virkelig god pris. Tapetet er let at s\u00e6tte op p\u00e5 v\u00e6gge, skabe og d\u00f8re.","og_url":"https:\/\/www.gdirekt.se\/da\/produkt\/fototapet-public\/","og_site_name":"Gdirekt.se","article_modified_time":"2019-03-20T15:15:03+00:00","og_image":[{"width":1000,"height":1000,"url":"https:\/\/www.gdirekt.se\/wp-content\/uploads\/fototapeter.png","type":"image\/png"}],"twitter_card":"summary_large_image","twitter_misc":{"Estimeret l\u00e6setid":"2 minutter"},"schema":{"@context":"https:\/\/schema.org","@graph":[{"@type":"WebPage","@id":"https:\/\/www.gdirekt.se\/da\/produkt\/fototapet-public\/","url":"https:\/\/www.gdirekt.se\/da\/produkt\/fototapet-public\/","name":"Fototapet Public er b\u00e6redygtig for restaurant og hotel | Gdirekt.se","isPartOf":{"@id":"https:\/\/www.gdirekt.se\/#website"},"primaryImageOfPage":{"@id":"https:\/\/www.gdirekt.se\/da\/produkt\/fototapet-public\/#primaryimage"},"image":{"@id":"https:\/\/www.gdirekt.se\/da\/produkt\/fototapet-public\/#primaryimage"},"thumbnailUrl":"https:\/\/www.gdirekt.se\/wp-content\/uploads\/fototapeter.png","datePublished":"2017-02-02T14:48:45+00:00","dateModified":"2019-03-20T15:15:03+00:00","description":"Fototapetet Public er beregnet til offentlige milj\u00f8er! Det kan v\u00e6re butikker, hoteller, restauranter, barer, cafeer, skoler, butikscentre og trappeopgange. Bestil et slidst\u00e6rkt tapet, der holder godt, til en virkelig god pris. Tapetet er let at s\u00e6tte op p\u00e5 v\u00e6gge, skabe og d\u00f8re.","breadcrumb":{"@id":"https:\/\/www.gdirekt.se\/da\/produkt\/fototapet-public\/#breadcrumb"},"inLanguage":"da-DK","potentialAction":[{"@type":"ReadAction","target":["https:\/\/www.gdirekt.se\/da\/produkt\/fototapet-public\/"]}]},{"@type":"ImageObject","inLanguage":"da-DK","@id":"https:\/\/www.gdirekt.se\/da\/produkt\/fototapet-public\/#primaryimage","url":"https:\/\/www.gdirekt.se\/wp-content\/uploads\/fototapeter.png","contentUrl":"https:\/\/www.gdirekt.se\/wp-content\/uploads\/fototapeter.png","width":1000,"height":1000,"caption":"Holdbar og wipable fototapet"},{"@type":"BreadcrumbList","@id":"https:\/\/www.gdirekt.se\/da\/produkt\/fototapet-public\/#breadcrumb","itemListElement":[{"@type":"ListItem","position":1,"name":"Hem","item":"https:\/\/www.gdirekt.se\/da\/"},{"@type":"ListItem","position":2,"name":"Start","item":"https:\/\/www.gdirekt.se\/da\/"},{"@type":"ListItem","position":3,"name":"Fototapet Public"}]},{"@type":"WebSite","@id":"https:\/\/www.gdirekt.se\/#website","url":"https:\/\/www.gdirekt.se\/","name":"Gdirekt.se","description":"Tryck snabbt \u00e5 l\u00e4tt = Gdirekt","potentialAction":[{"@type":"SearchAction","target":{"@type":"EntryPoint","urlTemplate":"https:\/\/www.gdirekt.se\/?s={search_term_string}"},"query-input":{"@type":"PropertyValueSpecification","valueRequired":true,"valueName":"search_term_string"}}],"inLanguage":"da-DK"}]}},"_links":{"self":[{"href":"https:\/\/www.gdirekt.se\/da\/wp-json\/wp\/v2\/product\/9515","targetHints":{"allow":["GET"]}}],"collection":[{"href":"https:\/\/www.gdirekt.se\/da\/wp-json\/wp\/v2\/product"}],"about":[{"href":"https:\/\/www.gdirekt.se\/da\/wp-json\/wp\/v2\/types\/product"}],"wp:featuredmedia":[{"embeddable":true,"href":"https:\/\/www.gdirekt.se\/da\/wp-json\/wp\/v2\/media\/8485"}],"wp:attachment":[{"href":"https:\/\/www.gdirekt.se\/da\/wp-json\/wp\/v2\/media?parent=9515"}],"wp:term":[{"taxonomy":"product_brand","embeddable":true,"href":"https:\/\/www.gdirekt.se\/da\/wp-json\/wp\/v2\/product_brand?post=9515"},{"taxonomy":"product_cat","embeddable":true,"href":"https:\/\/www.gdirekt.se\/da\/wp-json\/wp\/v2\/product_cat?post=9515"},{"taxonomy":"product_tag","embeddable":true,"href":"https:\/\/www.gdirekt.se\/da\/wp-json\/wp\/v2\/product_tag?post=9515"}],"curies":[{"name":"wp","href":"https:\/\/api.w.org\/{rel}","templated":true}]}}