{"id":9511,"date":"2017-02-02T09:17:34","date_gmt":"2017-02-02T08:17:34","guid":{"rendered":"http:\/\/gdirekt.hamstage.hamrenmedia.se\/produkt\/fototapet\/"},"modified":"2019-02-06T13:29:32","modified_gmt":"2019-02-06T12:29:32","slug":"fototapet","status":"publish","type":"product","link":"https:\/\/www.gdirekt.se\/da\/produkt\/fototapet\/","title":{"rendered":"Fototapet"},"content":{"rendered":"<p><span lang=\"DA\">Fototapet er let at bestille hos Gdirekt. V\u00e6lg st\u00f8rrelse nedenfor, og v\u00e6lg om fototapetet skal best\u00e5 af baner med eller uden overlapning. Overlapningen p\u00e5 tapeterne er 5 mm, og fordelen er, at sammenf\u00f8jningerne ikke kan ses. Det er en god id\u00e9, hvis man bestiller baggrundstapet, som er meget m\u00f8rkt. Man kan ogs\u00e5 k\u00f8be fototapet i \u00e9t stykke. Tapetrullerne har en maksimal bredde p\u00e5 260\u00a0cm, men kan v\u00e6re mange meter lange. Dermed kan man bestille store baggrundstapeter med billeder og fotos hos os. Tapetlim i pulverform er inkluderet i prisen. Denne tapetlim til fotov\u00e6gge med non-woven tapet skal blot blandes med vand. Vi har ogs\u00e5 en tykkere tapetudgave, som normalt bruges til restauranter og hotelv\u00e6relser.<span class=\"apple-converted-space\">\u00a0<\/span><\/span><span lang=\"DA\"><a href=\"https:\/\/www.gdirekt.se\/produkt\/fototapet-public\/\"><i>Klik her<\/i><\/a><\/span><span lang=\"DA\">.<\/span><\/p>\n<p><strong><i><span lang=\"DA\">Ops\u00e6tningsvejledningen til fototapeter<\/span><\/i><\/strong><span lang=\"DA\">kan downloades under designskabeloner.<\/span><\/p>\n<p><strong><span lang=\"DA\">Anbefalet v\u00e6rkt\u00f8j<\/span><\/strong><span lang=\"DA\">: malerrulles\u00e6t, kniv, spand, vaterpas\/tapetlod, b\u00f8rste og svamp\/klud.<\/span><\/p>\n<p><strong><span lang=\"DA\">Forberedelse: <\/span><\/strong><span lang=\"DA\">Underlaget skal v\u00e6re rent og glat, n\u00e5r man s\u00e6tter fototapet op. Fjern l\u00f8se tapetrester, og udglat eventuelle uj\u00e6vnheder ved at spartle. St\u00e6rkt sugende overflader b\u00f8r grundes med grundmaling eller et tyndt lag lim. Der er risiko for, at m\u00f8rke baggrunde kan tr\u00e6nge igennem p\u00e5 det nye tapet. Undg\u00e5 det ved at male med en lys grundmaling.<\/span><\/p>\n<p><strong><span lang=\"DA\">Bland limen til fototapetet:<\/span><\/strong><span lang=\"DA\">R\u00f8r posens indhold ud i fire liter lunkent vand. R\u00f8r rundt med et par minutters mellemrum. Limen er klar til brug efter ca. 15\u00a0minutter. Limrester kan vaskes af med lunkent vand. Et lims\u00e6t r\u00e6kker til ca. 25\u00a0m2 v\u00e6goverflade.<\/span><\/p>\n<p><strong><span lang=\"DA\">Ops\u00e6tning:<\/span><\/strong><span lang=\"DA\">Kontroll\u00e9r, at du har alle baner, og at de er ubeskadigede. P\u00e5f\u00f8r limen med en rulle. P\u00e5f\u00f8r rigelig lim, og kontroll\u00e9r, at der ikke er nogen t\u00f8rre pletter. S\u00e6t derefter den f\u00f8rste bane fototapet op, og s\u00f8rg for, at den h\u00e6nger lige og lodret. Glat tapetet med en b\u00f8rste. Start oppefra i midten, og glat ud mod siderne. Ops\u00e6t n\u00e6ste bane kant til kant. S\u00f8rg for, at banerne passer sammen, hvis der er overlapning. T\u00f8r eventuelle limrester af med det samme. Sk\u00e6r tapetet lige af mod loftet og gulvet.<\/span><\/p>\n<p><span lang=\"DA\">Hvis I er p\u00e5 udkig efter motiver til fototapeter, har vi en side til boligindretning med tusindvis af billeder her:<span class=\"apple-converted-space\">\u00a0<\/span><\/span><span lang=\"DA\"><a href=\"https:\/\/www.dinprint.se\/kategorier\"><i>dinprint.se<\/i><\/a><\/span><\/p>\n","protected":false},"excerpt":{"rendered":"<p>K\u00f8b non-woven fototapet billigt p\u00e5 nettet. F\u00e5 tapet med egne fotos, tekster og milj\u00f8billeder til kontor, restaurant, k\u00f8kken, stue og b\u00f8rnev\u00e6relse. V\u00e6lg st\u00f8rrelse, og om det skal best\u00e5 af baner eller et helt stykke.<\/p>\n","protected":false},"featured_media":8486,"template":"","meta":{"_acf_changed":false},"product_brand":[],"product_cat":[374],"product_tag":[],"class_list":{"0":"post-9511","1":"product","2":"type-product","3":"status-publish","4":"has-post-thumbnail","6":"product_cat-fototapet-med-eget-billede","8":"first","9":"instock","10":"taxable","11":"shipping-taxable","12":"purchasable","13":"product-type-variable","14":"has-default-attributes"},"exclude_global_add_ons":[],"addons":[],"acf":[],"yoast_head":"<!-- This site is optimized with the Yoast SEO plugin v27.2 - https:\/\/yoast.com\/product\/yoast-seo-wordpress\/ -->\n<title>Fototapet, bestil med billig pris online | Gdirekt.se<\/title>\n<meta name=\"description\" content=\"K\u00f8b fototapet billigt p\u00e5 nettet. F\u00e5 tapet med egne fotos, tekster og milj\u00f8billeder til kontor, restaurant, k\u00f8kken, stue og b\u00f8rnev\u00e6relse. N\u00e5r I bestiller fototapet, f\u00e5r I en god kvalitet og sporbar fragt\" \/>\n<meta name=\"robots\" content=\"index, follow, max-snippet:-1, max-image-preview:large, max-video-preview:-1\" \/>\n<link rel=\"canonical\" href=\"https:\/\/www.gdirekt.se\/da\/produkt\/fototapet\/\" \/>\n<meta property=\"og:locale\" content=\"da_DK\" \/>\n<meta property=\"og:type\" content=\"article\" \/>\n<meta property=\"og:title\" content=\"Fototapet, bestil med billig pris online | Gdirekt.se\" \/>\n<meta property=\"og:description\" content=\"K\u00f8b fototapet billigt p\u00e5 nettet. F\u00e5 tapet med egne fotos, tekster og milj\u00f8billeder til kontor, restaurant, k\u00f8kken, stue og b\u00f8rnev\u00e6relse. N\u00e5r I bestiller fototapet, f\u00e5r I en god kvalitet og sporbar fragt\" \/>\n<meta property=\"og:url\" content=\"https:\/\/www.gdirekt.se\/da\/produkt\/fototapet\/\" \/>\n<meta property=\"og:site_name\" content=\"Gdirekt.se\" \/>\n<meta property=\"article:modified_time\" content=\"2019-02-06T12:29:32+00:00\" \/>\n<meta property=\"og:image\" content=\"https:\/\/www.gdirekt.se\/wp-content\/uploads\/fototapet_djur.png\" \/>\n\t<meta property=\"og:image:width\" content=\"1000\" \/>\n\t<meta property=\"og:image:height\" content=\"1000\" \/>\n\t<meta property=\"og:image:type\" content=\"image\/png\" \/>\n<meta name=\"twitter:card\" content=\"summary_large_image\" \/>\n<meta name=\"twitter:label1\" content=\"Estimeret l\u00e6setid\" \/>\n\t<meta name=\"twitter:data1\" content=\"2 minutter\" \/>\n<script type=\"application\/ld+json\" class=\"yoast-schema-graph\">{\"@context\":\"https:\/\/schema.org\",\"@graph\":[{\"@type\":\"WebPage\",\"@id\":\"https:\/\/www.gdirekt.se\/da\/produkt\/fototapet\/\",\"url\":\"https:\/\/www.gdirekt.se\/da\/produkt\/fototapet\/\",\"name\":\"Fototapet, bestil med billig pris online | Gdirekt.se\",\"isPartOf\":{\"@id\":\"https:\/\/www.gdirekt.se\/#website\"},\"primaryImageOfPage\":{\"@id\":\"https:\/\/www.gdirekt.se\/da\/produkt\/fototapet\/#primaryimage\"},\"image\":{\"@id\":\"https:\/\/www.gdirekt.se\/da\/produkt\/fototapet\/#primaryimage\"},\"thumbnailUrl\":\"https:\/\/www.gdirekt.se\/wp-content\/uploads\/fototapet_djur.png\",\"datePublished\":\"2017-02-02T08:17:34+00:00\",\"dateModified\":\"2019-02-06T12:29:32+00:00\",\"description\":\"K\u00f8b fototapet billigt p\u00e5 nettet. F\u00e5 tapet med egne fotos, tekster og milj\u00f8billeder til kontor, restaurant, k\u00f8kken, stue og b\u00f8rnev\u00e6relse. N\u00e5r I bestiller fototapet, f\u00e5r I en god kvalitet og sporbar fragt\",\"breadcrumb\":{\"@id\":\"https:\/\/www.gdirekt.se\/da\/produkt\/fototapet\/#breadcrumb\"},\"inLanguage\":\"da-DK\",\"potentialAction\":[{\"@type\":\"ReadAction\",\"target\":[\"https:\/\/www.gdirekt.se\/da\/produkt\/fototapet\/\"]}]},{\"@type\":\"ImageObject\",\"inLanguage\":\"da-DK\",\"@id\":\"https:\/\/www.gdirekt.se\/da\/produkt\/fototapet\/#primaryimage\",\"url\":\"https:\/\/www.gdirekt.se\/wp-content\/uploads\/fototapet_djur.png\",\"contentUrl\":\"https:\/\/www.gdirekt.se\/wp-content\/uploads\/fototapet_djur.png\",\"width\":1000,\"height\":1000,\"caption\":\"Fondtapet med dyr og natur\"},{\"@type\":\"BreadcrumbList\",\"@id\":\"https:\/\/www.gdirekt.se\/da\/produkt\/fototapet\/#breadcrumb\",\"itemListElement\":[{\"@type\":\"ListItem\",\"position\":1,\"name\":\"Hem\",\"item\":\"https:\/\/www.gdirekt.se\/da\/\"},{\"@type\":\"ListItem\",\"position\":2,\"name\":\"Start\",\"item\":\"https:\/\/www.gdirekt.se\/da\/\"},{\"@type\":\"ListItem\",\"position\":3,\"name\":\"Fototapet\"}]},{\"@type\":\"WebSite\",\"@id\":\"https:\/\/www.gdirekt.se\/#website\",\"url\":\"https:\/\/www.gdirekt.se\/\",\"name\":\"Gdirekt.se\",\"description\":\"Tryck snabbt \u00e5 l\u00e4tt = Gdirekt\",\"potentialAction\":[{\"@type\":\"SearchAction\",\"target\":{\"@type\":\"EntryPoint\",\"urlTemplate\":\"https:\/\/www.gdirekt.se\/?s={search_term_string}\"},\"query-input\":{\"@type\":\"PropertyValueSpecification\",\"valueRequired\":true,\"valueName\":\"search_term_string\"}}],\"inLanguage\":\"da-DK\"}]}<\/script>\n<!-- \/ Yoast SEO plugin. -->","yoast_head_json":{"title":"Fototapet, bestil med billig pris online | Gdirekt.se","description":"K\u00f8b fototapet billigt p\u00e5 nettet. F\u00e5 tapet med egne fotos, tekster og milj\u00f8billeder til kontor, restaurant, k\u00f8kken, stue og b\u00f8rnev\u00e6relse. N\u00e5r I bestiller fototapet, f\u00e5r I en god kvalitet og sporbar fragt","robots":{"index":"index","follow":"follow","max-snippet":"max-snippet:-1","max-image-preview":"max-image-preview:large","max-video-preview":"max-video-preview:-1"},"canonical":"https:\/\/www.gdirekt.se\/da\/produkt\/fototapet\/","og_locale":"da_DK","og_type":"article","og_title":"Fototapet, bestil med billig pris online | Gdirekt.se","og_description":"K\u00f8b fototapet billigt p\u00e5 nettet. F\u00e5 tapet med egne fotos, tekster og milj\u00f8billeder til kontor, restaurant, k\u00f8kken, stue og b\u00f8rnev\u00e6relse. N\u00e5r I bestiller fototapet, f\u00e5r I en god kvalitet og sporbar fragt","og_url":"https:\/\/www.gdirekt.se\/da\/produkt\/fototapet\/","og_site_name":"Gdirekt.se","article_modified_time":"2019-02-06T12:29:32+00:00","og_image":[{"width":1000,"height":1000,"url":"https:\/\/www.gdirekt.se\/wp-content\/uploads\/fototapet_djur.png","type":"image\/png"}],"twitter_card":"summary_large_image","twitter_misc":{"Estimeret l\u00e6setid":"2 minutter"},"schema":{"@context":"https:\/\/schema.org","@graph":[{"@type":"WebPage","@id":"https:\/\/www.gdirekt.se\/da\/produkt\/fototapet\/","url":"https:\/\/www.gdirekt.se\/da\/produkt\/fototapet\/","name":"Fototapet, bestil med billig pris online | Gdirekt.se","isPartOf":{"@id":"https:\/\/www.gdirekt.se\/#website"},"primaryImageOfPage":{"@id":"https:\/\/www.gdirekt.se\/da\/produkt\/fototapet\/#primaryimage"},"image":{"@id":"https:\/\/www.gdirekt.se\/da\/produkt\/fototapet\/#primaryimage"},"thumbnailUrl":"https:\/\/www.gdirekt.se\/wp-content\/uploads\/fototapet_djur.png","datePublished":"2017-02-02T08:17:34+00:00","dateModified":"2019-02-06T12:29:32+00:00","description":"K\u00f8b fototapet billigt p\u00e5 nettet. F\u00e5 tapet med egne fotos, tekster og milj\u00f8billeder til kontor, restaurant, k\u00f8kken, stue og b\u00f8rnev\u00e6relse. N\u00e5r I bestiller fototapet, f\u00e5r I en god kvalitet og sporbar fragt","breadcrumb":{"@id":"https:\/\/www.gdirekt.se\/da\/produkt\/fototapet\/#breadcrumb"},"inLanguage":"da-DK","potentialAction":[{"@type":"ReadAction","target":["https:\/\/www.gdirekt.se\/da\/produkt\/fototapet\/"]}]},{"@type":"ImageObject","inLanguage":"da-DK","@id":"https:\/\/www.gdirekt.se\/da\/produkt\/fototapet\/#primaryimage","url":"https:\/\/www.gdirekt.se\/wp-content\/uploads\/fototapet_djur.png","contentUrl":"https:\/\/www.gdirekt.se\/wp-content\/uploads\/fototapet_djur.png","width":1000,"height":1000,"caption":"Fondtapet med dyr og natur"},{"@type":"BreadcrumbList","@id":"https:\/\/www.gdirekt.se\/da\/produkt\/fototapet\/#breadcrumb","itemListElement":[{"@type":"ListItem","position":1,"name":"Hem","item":"https:\/\/www.gdirekt.se\/da\/"},{"@type":"ListItem","position":2,"name":"Start","item":"https:\/\/www.gdirekt.se\/da\/"},{"@type":"ListItem","position":3,"name":"Fototapet"}]},{"@type":"WebSite","@id":"https:\/\/www.gdirekt.se\/#website","url":"https:\/\/www.gdirekt.se\/","name":"Gdirekt.se","description":"Tryck snabbt \u00e5 l\u00e4tt = Gdirekt","potentialAction":[{"@type":"SearchAction","target":{"@type":"EntryPoint","urlTemplate":"https:\/\/www.gdirekt.se\/?s={search_term_string}"},"query-input":{"@type":"PropertyValueSpecification","valueRequired":true,"valueName":"search_term_string"}}],"inLanguage":"da-DK"}]}},"_links":{"self":[{"href":"https:\/\/www.gdirekt.se\/da\/wp-json\/wp\/v2\/product\/9511","targetHints":{"allow":["GET"]}}],"collection":[{"href":"https:\/\/www.gdirekt.se\/da\/wp-json\/wp\/v2\/product"}],"about":[{"href":"https:\/\/www.gdirekt.se\/da\/wp-json\/wp\/v2\/types\/product"}],"wp:featuredmedia":[{"embeddable":true,"href":"https:\/\/www.gdirekt.se\/da\/wp-json\/wp\/v2\/media\/8486"}],"wp:attachment":[{"href":"https:\/\/www.gdirekt.se\/da\/wp-json\/wp\/v2\/media?parent=9511"}],"wp:term":[{"taxonomy":"product_brand","embeddable":true,"href":"https:\/\/www.gdirekt.se\/da\/wp-json\/wp\/v2\/product_brand?post=9511"},{"taxonomy":"product_cat","embeddable":true,"href":"https:\/\/www.gdirekt.se\/da\/wp-json\/wp\/v2\/product_cat?post=9511"},{"taxonomy":"product_tag","embeddable":true,"href":"https:\/\/www.gdirekt.se\/da\/wp-json\/wp\/v2\/product_tag?post=9511"}],"curies":[{"name":"wp","href":"https:\/\/api.w.org\/{rel}","templated":true}]}}