{"id":9510,"date":"2017-01-09T09:40:38","date_gmt":"2017-01-09T08:40:38","guid":{"rendered":"http:\/\/gdirekt.hamstage.hamrenmedia.se\/produkt\/skilteholder-gecko\/"},"modified":"2024-02-01T09:36:52","modified_gmt":"2024-02-01T08:36:52","slug":"skilteholder-gecko","status":"publish","type":"product","link":"https:\/\/www.gdirekt.se\/da\/produkt\/skilteholder-gecko\/","title":{"rendered":"Skilteholder Gecko"},"content":{"rendered":"<p><span lang=\"DA\">Skilteholder Gecko bruges til let ops\u00e6tning af skilte p\u00e5 glatte overflader vha. sugekop. Den har en st\u00e6rk sugekop til skilte med en tykkelse p\u00e5 3-10\u00a0mm. Produktet er en smart l\u00f8sning til ops\u00e6tning af skilt p\u00e5 biltag eller vinduer! Holderen m\u00e5ler 12 x 12 x 12,5\u00a0cm og vejer 260\u00a0g.\u00a0Den er velegnet til<span class=\"fet\">\u00a0glas, metal, marmor og andre glatte overflader.<\/span>\u00a0Bruges til mindre skilte p\u00e5 glasoverflader, biltage og metalv\u00e6gge. Gecko-holderen tages let af ved at dreje den.<\/span><\/p>\n<p><span lang=\"DA\">Se ogs\u00e5 vores andet tilbeh\u00f8r til skilte ved at klikke<span class=\"apple-converted-space\">\u00a0<\/span><\/span><span lang=\"DA\"><a href=\"https:\/\/www.gdirekt.se\/produkt-kategori\/skyltar-tillbehor\/\"><b><i>her<\/i><\/b><\/a><\/span><span lang=\"DA\">.<\/span><\/p>\n","protected":false},"excerpt":{"rendered":"<p>Skilteholder Gecko bruges til let ops\u00e6tning af skilte p\u00e5 glatte overflader. Den har en st\u00e6rk sugekop til skilte med en tykkelse p\u00e5 3-10\u00a0mm. S\u00e6t skilt p\u00e5 biltaget eller vinduer!<\/p>\n","protected":false},"featured_media":8413,"template":"","meta":{"_acf_changed":false},"product_brand":[],"product_cat":[372,379],"product_tag":[],"class_list":{"0":"post-9510","1":"product","2":"type-product","3":"status-publish","4":"has-post-thumbnail","6":"product_cat-display-skilteholdere-skiltestander","7":"product_cat-skilte-tilbehoer","8":"product_shipping_class-180sek","10":"first","11":"instock","12":"taxable","13":"shipping-taxable","14":"purchasable","15":"product-type-simple"},"exclude_global_add_ons":[],"addons":[],"acf":[],"yoast_head":"<!-- This site is optimized with the Yoast SEO plugin v27.2 - https:\/\/yoast.com\/product\/yoast-seo-wordpress\/ -->\n<title>Skilteholder Gecko til trykte skilte | Gdirekt.se<\/title>\n<meta name=\"description\" content=\"Skilteholder Gecko bruges til let ops\u00e6tning af skilte p\u00e5 glatte overflader vha. en sugekop. Den har en st\u00e6rk sugekop til skilte med en tykkelse p\u00e5 3-10 mm. S\u00e6t skilt p\u00e5 biltaget eller vinduerne i butikslokaler. K\u00f8b disse skilteholder med hurtig levering og lav pris.\" \/>\n<meta name=\"robots\" content=\"index, follow, max-snippet:-1, max-image-preview:large, max-video-preview:-1\" \/>\n<link rel=\"canonical\" href=\"https:\/\/www.gdirekt.se\/da\/produkt\/skilteholder-gecko\/\" \/>\n<meta property=\"og:locale\" content=\"da_DK\" \/>\n<meta property=\"og:type\" content=\"article\" \/>\n<meta property=\"og:title\" content=\"Skilteholder Gecko til trykte skilte | Gdirekt.se\" \/>\n<meta property=\"og:description\" content=\"Skilteholder Gecko bruges til let ops\u00e6tning af skilte p\u00e5 glatte overflader vha. en sugekop. Den har en st\u00e6rk sugekop til skilte med en tykkelse p\u00e5 3-10 mm. S\u00e6t skilt p\u00e5 biltaget eller vinduerne i butikslokaler. K\u00f8b disse skilteholder med hurtig levering og lav pris.\" \/>\n<meta property=\"og:url\" content=\"https:\/\/www.gdirekt.se\/da\/produkt\/skilteholder-gecko\/\" \/>\n<meta property=\"og:site_name\" content=\"Gdirekt.se\" \/>\n<meta property=\"article:modified_time\" content=\"2024-02-01T08:36:52+00:00\" \/>\n<meta property=\"og:image\" content=\"https:\/\/www.gdirekt.se\/wp-content\/uploads\/gecko.png\" \/>\n\t<meta property=\"og:image:width\" content=\"1000\" \/>\n\t<meta property=\"og:image:height\" content=\"1000\" \/>\n\t<meta property=\"og:image:type\" content=\"image\/png\" \/>\n<meta name=\"twitter:card\" content=\"summary_large_image\" \/>\n<script type=\"application\/ld+json\" class=\"yoast-schema-graph\">{\"@context\":\"https:\/\/schema.org\",\"@graph\":[{\"@type\":\"WebPage\",\"@id\":\"https:\/\/www.gdirekt.se\/da\/produkt\/skilteholder-gecko\/\",\"url\":\"https:\/\/www.gdirekt.se\/da\/produkt\/skilteholder-gecko\/\",\"name\":\"Skilteholder Gecko til trykte skilte | Gdirekt.se\",\"isPartOf\":{\"@id\":\"https:\/\/www.gdirekt.se\/#website\"},\"primaryImageOfPage\":{\"@id\":\"https:\/\/www.gdirekt.se\/da\/produkt\/skilteholder-gecko\/#primaryimage\"},\"image\":{\"@id\":\"https:\/\/www.gdirekt.se\/da\/produkt\/skilteholder-gecko\/#primaryimage\"},\"thumbnailUrl\":\"https:\/\/www.gdirekt.se\/wp-content\/uploads\/gecko.png\",\"datePublished\":\"2017-01-09T08:40:38+00:00\",\"dateModified\":\"2024-02-01T08:36:52+00:00\",\"description\":\"Skilteholder Gecko bruges til let ops\u00e6tning af skilte p\u00e5 glatte overflader vha. en sugekop. Den har en st\u00e6rk sugekop til skilte med en tykkelse p\u00e5 3-10 mm. S\u00e6t skilt p\u00e5 biltaget eller vinduerne i butikslokaler. K\u00f8b disse skilteholder med hurtig levering og lav pris.\",\"breadcrumb\":{\"@id\":\"https:\/\/www.gdirekt.se\/da\/produkt\/skilteholder-gecko\/#breadcrumb\"},\"inLanguage\":\"da-DK\",\"potentialAction\":[{\"@type\":\"ReadAction\",\"target\":[\"https:\/\/www.gdirekt.se\/da\/produkt\/skilteholder-gecko\/\"]}]},{\"@type\":\"ImageObject\",\"inLanguage\":\"da-DK\",\"@id\":\"https:\/\/www.gdirekt.se\/da\/produkt\/skilteholder-gecko\/#primaryimage\",\"url\":\"https:\/\/www.gdirekt.se\/wp-content\/uploads\/gecko.png\",\"contentUrl\":\"https:\/\/www.gdirekt.se\/wp-content\/uploads\/gecko.png\",\"width\":1000,\"height\":1000,\"caption\":\"Skilteholder med sugekop\"},{\"@type\":\"BreadcrumbList\",\"@id\":\"https:\/\/www.gdirekt.se\/da\/produkt\/skilteholder-gecko\/#breadcrumb\",\"itemListElement\":[{\"@type\":\"ListItem\",\"position\":1,\"name\":\"Hem\",\"item\":\"https:\/\/www.gdirekt.se\/da\/\"},{\"@type\":\"ListItem\",\"position\":2,\"name\":\"Start\",\"item\":\"https:\/\/www.gdirekt.se\/da\/\"},{\"@type\":\"ListItem\",\"position\":3,\"name\":\"Skilteholder Gecko\"}]},{\"@type\":\"WebSite\",\"@id\":\"https:\/\/www.gdirekt.se\/#website\",\"url\":\"https:\/\/www.gdirekt.se\/\",\"name\":\"Gdirekt.se\",\"description\":\"Tryck snabbt \u00e5 l\u00e4tt = Gdirekt\",\"potentialAction\":[{\"@type\":\"SearchAction\",\"target\":{\"@type\":\"EntryPoint\",\"urlTemplate\":\"https:\/\/www.gdirekt.se\/?s={search_term_string}\"},\"query-input\":{\"@type\":\"PropertyValueSpecification\",\"valueRequired\":true,\"valueName\":\"search_term_string\"}}],\"inLanguage\":\"da-DK\"}]}<\/script>\n<!-- \/ Yoast SEO plugin. -->","yoast_head_json":{"title":"Skilteholder Gecko til trykte skilte | Gdirekt.se","description":"Skilteholder Gecko bruges til let ops\u00e6tning af skilte p\u00e5 glatte overflader vha. en sugekop. Den har en st\u00e6rk sugekop til skilte med en tykkelse p\u00e5 3-10 mm. S\u00e6t skilt p\u00e5 biltaget eller vinduerne i butikslokaler. K\u00f8b disse skilteholder med hurtig levering og lav pris.","robots":{"index":"index","follow":"follow","max-snippet":"max-snippet:-1","max-image-preview":"max-image-preview:large","max-video-preview":"max-video-preview:-1"},"canonical":"https:\/\/www.gdirekt.se\/da\/produkt\/skilteholder-gecko\/","og_locale":"da_DK","og_type":"article","og_title":"Skilteholder Gecko til trykte skilte | Gdirekt.se","og_description":"Skilteholder Gecko bruges til let ops\u00e6tning af skilte p\u00e5 glatte overflader vha. en sugekop. Den har en st\u00e6rk sugekop til skilte med en tykkelse p\u00e5 3-10 mm. S\u00e6t skilt p\u00e5 biltaget eller vinduerne i butikslokaler. K\u00f8b disse skilteholder med hurtig levering og lav pris.","og_url":"https:\/\/www.gdirekt.se\/da\/produkt\/skilteholder-gecko\/","og_site_name":"Gdirekt.se","article_modified_time":"2024-02-01T08:36:52+00:00","og_image":[{"width":1000,"height":1000,"url":"https:\/\/www.gdirekt.se\/wp-content\/uploads\/gecko.png","type":"image\/png"}],"twitter_card":"summary_large_image","schema":{"@context":"https:\/\/schema.org","@graph":[{"@type":"WebPage","@id":"https:\/\/www.gdirekt.se\/da\/produkt\/skilteholder-gecko\/","url":"https:\/\/www.gdirekt.se\/da\/produkt\/skilteholder-gecko\/","name":"Skilteholder Gecko til trykte skilte | Gdirekt.se","isPartOf":{"@id":"https:\/\/www.gdirekt.se\/#website"},"primaryImageOfPage":{"@id":"https:\/\/www.gdirekt.se\/da\/produkt\/skilteholder-gecko\/#primaryimage"},"image":{"@id":"https:\/\/www.gdirekt.se\/da\/produkt\/skilteholder-gecko\/#primaryimage"},"thumbnailUrl":"https:\/\/www.gdirekt.se\/wp-content\/uploads\/gecko.png","datePublished":"2017-01-09T08:40:38+00:00","dateModified":"2024-02-01T08:36:52+00:00","description":"Skilteholder Gecko bruges til let ops\u00e6tning af skilte p\u00e5 glatte overflader vha. en sugekop. Den har en st\u00e6rk sugekop til skilte med en tykkelse p\u00e5 3-10 mm. S\u00e6t skilt p\u00e5 biltaget eller vinduerne i butikslokaler. K\u00f8b disse skilteholder med hurtig levering og lav pris.","breadcrumb":{"@id":"https:\/\/www.gdirekt.se\/da\/produkt\/skilteholder-gecko\/#breadcrumb"},"inLanguage":"da-DK","potentialAction":[{"@type":"ReadAction","target":["https:\/\/www.gdirekt.se\/da\/produkt\/skilteholder-gecko\/"]}]},{"@type":"ImageObject","inLanguage":"da-DK","@id":"https:\/\/www.gdirekt.se\/da\/produkt\/skilteholder-gecko\/#primaryimage","url":"https:\/\/www.gdirekt.se\/wp-content\/uploads\/gecko.png","contentUrl":"https:\/\/www.gdirekt.se\/wp-content\/uploads\/gecko.png","width":1000,"height":1000,"caption":"Skilteholder med sugekop"},{"@type":"BreadcrumbList","@id":"https:\/\/www.gdirekt.se\/da\/produkt\/skilteholder-gecko\/#breadcrumb","itemListElement":[{"@type":"ListItem","position":1,"name":"Hem","item":"https:\/\/www.gdirekt.se\/da\/"},{"@type":"ListItem","position":2,"name":"Start","item":"https:\/\/www.gdirekt.se\/da\/"},{"@type":"ListItem","position":3,"name":"Skilteholder Gecko"}]},{"@type":"WebSite","@id":"https:\/\/www.gdirekt.se\/#website","url":"https:\/\/www.gdirekt.se\/","name":"Gdirekt.se","description":"Tryck snabbt \u00e5 l\u00e4tt = Gdirekt","potentialAction":[{"@type":"SearchAction","target":{"@type":"EntryPoint","urlTemplate":"https:\/\/www.gdirekt.se\/?s={search_term_string}"},"query-input":{"@type":"PropertyValueSpecification","valueRequired":true,"valueName":"search_term_string"}}],"inLanguage":"da-DK"}]}},"_links":{"self":[{"href":"https:\/\/www.gdirekt.se\/da\/wp-json\/wp\/v2\/product\/9510","targetHints":{"allow":["GET"]}}],"collection":[{"href":"https:\/\/www.gdirekt.se\/da\/wp-json\/wp\/v2\/product"}],"about":[{"href":"https:\/\/www.gdirekt.se\/da\/wp-json\/wp\/v2\/types\/product"}],"wp:featuredmedia":[{"embeddable":true,"href":"https:\/\/www.gdirekt.se\/da\/wp-json\/wp\/v2\/media\/8413"}],"wp:attachment":[{"href":"https:\/\/www.gdirekt.se\/da\/wp-json\/wp\/v2\/media?parent=9510"}],"wp:term":[{"taxonomy":"product_brand","embeddable":true,"href":"https:\/\/www.gdirekt.se\/da\/wp-json\/wp\/v2\/product_brand?post=9510"},{"taxonomy":"product_cat","embeddable":true,"href":"https:\/\/www.gdirekt.se\/da\/wp-json\/wp\/v2\/product_cat?post=9510"},{"taxonomy":"product_tag","embeddable":true,"href":"https:\/\/www.gdirekt.se\/da\/wp-json\/wp\/v2\/product_tag?post=9510"}],"curies":[{"name":"wp","href":"https:\/\/api.w.org\/{rel}","templated":true}]}}