{"id":9507,"date":"2017-02-01T14:37:33","date_gmt":"2017-02-01T13:37:33","guid":{"rendered":"http:\/\/gdirekt.hamstage.hamrenmedia.se\/produkt\/retail-stand-billedbanner\/"},"modified":"2017-02-01T14:37:33","modified_gmt":"2017-02-01T13:37:33","slug":"retail-stand-billedbanner","status":"publish","type":"product","link":"https:\/\/www.gdirekt.se\/da\/produkt\/retail-stand-billedbanner\/","title":{"rendered":"Retail Stand-billedbanner"},"content":{"rendered":"<p>Retail Stand-billedbanner er beregnet til reklamestandere, man allerede har. Man tr\u00e6kker et stykke stof, der er syet som en hue, over standeren. F\u00e5 billige kampagnestandere ved at k\u00f8be p\u00e5 nettet hos os. Det dobbeltsidede stofbanner kan ses fra begge sider og f\u00e5s i st\u00f8rrelse 40 x 160\u00a0cm og 55 x 180\u00a0cm. Det er meget let og enkelt at bestille nye reklamebannere, hvis man allerede har en gulvstander. De trykte stofbannere er syet som huer og fremstillet af tykt polyesterstof, der vejer 220 g pr. kvadratmeter.<\/p>\n","protected":false},"excerpt":{"rendered":"<p>Retail Stand-billedbanner er kun billedbannere, der er trykt p\u00e5 polyesterstof. Bestil bannere med trykt reklamebudskab. Man tr\u00e6kker et stykke stof, der er syet som en hue, over standeren. Produktet er dobbeltsidet og f\u00e5s i st\u00f8rrelse 40 x 160\u00a0cm og 55 x 180\u00a0cm.<\/p>\n","protected":false},"featured_media":8478,"template":"","meta":{"_acf_changed":false},"product_brand":[],"product_cat":[372],"product_tag":[],"class_list":{"0":"post-9507","1":"product","2":"type-product","3":"status-publish","4":"has-post-thumbnail","6":"product_cat-display-skilteholdere-skiltestander","7":"product_shipping_class-180sek","9":"first","10":"instock","11":"taxable","12":"shipping-taxable","13":"purchasable","14":"product-type-variable","15":"has-default-attributes"},"exclude_global_add_ons":[],"addons":[],"acf":[],"yoast_head":"<!-- This site is optimized with the Yoast SEO plugin v27.2 - https:\/\/yoast.com\/product\/yoast-seo-wordpress\/ -->\n<title>Retail Stand-billedbanner med trykt stof | Gdirekt.se<\/title>\n<meta name=\"description\" content=\"Produktet Retail Stand-billedbanner er kun billedbannere, der er trykt p\u00e5 eget stof. Bestil bannere med trykt reklamebudskab. Man tr\u00e6kker et stykke stof, der er syet som en hue, over standeren.\" \/>\n<meta name=\"robots\" content=\"index, follow, max-snippet:-1, max-image-preview:large, max-video-preview:-1\" \/>\n<link rel=\"canonical\" href=\"https:\/\/www.gdirekt.se\/da\/produkt\/retail-stand-billedbanner\/\" \/>\n<meta property=\"og:locale\" content=\"da_DK\" \/>\n<meta property=\"og:type\" content=\"article\" \/>\n<meta property=\"og:title\" content=\"Retail Stand-billedbanner med trykt stof | Gdirekt.se\" \/>\n<meta property=\"og:description\" content=\"Produktet Retail Stand-billedbanner er kun billedbannere, der er trykt p\u00e5 eget stof. Bestil bannere med trykt reklamebudskab. Man tr\u00e6kker et stykke stof, der er syet som en hue, over standeren.\" \/>\n<meta property=\"og:url\" content=\"https:\/\/www.gdirekt.se\/da\/produkt\/retail-stand-billedbanner\/\" \/>\n<meta property=\"og:site_name\" content=\"Gdirekt.se\" \/>\n<meta property=\"og:image\" content=\"https:\/\/www.gdirekt.se\/wp-content\/uploads\/bildvepa.png\" \/>\n\t<meta property=\"og:image:width\" content=\"1000\" \/>\n\t<meta property=\"og:image:height\" content=\"1000\" \/>\n\t<meta property=\"og:image:type\" content=\"image\/png\" \/>\n<meta name=\"twitter:card\" content=\"summary_large_image\" \/>\n<script type=\"application\/ld+json\" class=\"yoast-schema-graph\">{\"@context\":\"https:\/\/schema.org\",\"@graph\":[{\"@type\":\"WebPage\",\"@id\":\"https:\/\/www.gdirekt.se\/da\/produkt\/retail-stand-billedbanner\/\",\"url\":\"https:\/\/www.gdirekt.se\/da\/produkt\/retail-stand-billedbanner\/\",\"name\":\"Retail Stand-billedbanner med trykt stof | Gdirekt.se\",\"isPartOf\":{\"@id\":\"https:\/\/www.gdirekt.se\/#website\"},\"primaryImageOfPage\":{\"@id\":\"https:\/\/www.gdirekt.se\/da\/produkt\/retail-stand-billedbanner\/#primaryimage\"},\"image\":{\"@id\":\"https:\/\/www.gdirekt.se\/da\/produkt\/retail-stand-billedbanner\/#primaryimage\"},\"thumbnailUrl\":\"https:\/\/www.gdirekt.se\/wp-content\/uploads\/bildvepa.png\",\"datePublished\":\"2017-02-01T13:37:33+00:00\",\"description\":\"Produktet Retail Stand-billedbanner er kun billedbannere, der er trykt p\u00e5 eget stof. Bestil bannere med trykt reklamebudskab. Man tr\u00e6kker et stykke stof, der er syet som en hue, over standeren.\",\"breadcrumb\":{\"@id\":\"https:\/\/www.gdirekt.se\/da\/produkt\/retail-stand-billedbanner\/#breadcrumb\"},\"inLanguage\":\"da-DK\",\"potentialAction\":[{\"@type\":\"ReadAction\",\"target\":[\"https:\/\/www.gdirekt.se\/da\/produkt\/retail-stand-billedbanner\/\"]}]},{\"@type\":\"ImageObject\",\"inLanguage\":\"da-DK\",\"@id\":\"https:\/\/www.gdirekt.se\/da\/produkt\/retail-stand-billedbanner\/#primaryimage\",\"url\":\"https:\/\/www.gdirekt.se\/wp-content\/uploads\/bildvepa.png\",\"contentUrl\":\"https:\/\/www.gdirekt.se\/wp-content\/uploads\/bildvepa.png\",\"width\":1000,\"height\":1000,\"caption\":\"Spennares Retail Stand\"},{\"@type\":\"BreadcrumbList\",\"@id\":\"https:\/\/www.gdirekt.se\/da\/produkt\/retail-stand-billedbanner\/#breadcrumb\",\"itemListElement\":[{\"@type\":\"ListItem\",\"position\":1,\"name\":\"Hem\",\"item\":\"https:\/\/www.gdirekt.se\/da\/\"},{\"@type\":\"ListItem\",\"position\":2,\"name\":\"Start\",\"item\":\"https:\/\/www.gdirekt.se\/da\/\"},{\"@type\":\"ListItem\",\"position\":3,\"name\":\"Retail Stand-billedbanner\"}]},{\"@type\":\"WebSite\",\"@id\":\"https:\/\/www.gdirekt.se\/#website\",\"url\":\"https:\/\/www.gdirekt.se\/\",\"name\":\"Gdirekt.se\",\"description\":\"Tryck snabbt \u00e5 l\u00e4tt = Gdirekt\",\"potentialAction\":[{\"@type\":\"SearchAction\",\"target\":{\"@type\":\"EntryPoint\",\"urlTemplate\":\"https:\/\/www.gdirekt.se\/?s={search_term_string}\"},\"query-input\":{\"@type\":\"PropertyValueSpecification\",\"valueRequired\":true,\"valueName\":\"search_term_string\"}}],\"inLanguage\":\"da-DK\"}]}<\/script>\n<!-- \/ Yoast SEO plugin. -->","yoast_head_json":{"title":"Retail Stand-billedbanner med trykt stof | Gdirekt.se","description":"Produktet Retail Stand-billedbanner er kun billedbannere, der er trykt p\u00e5 eget stof. Bestil bannere med trykt reklamebudskab. Man tr\u00e6kker et stykke stof, der er syet som en hue, over standeren.","robots":{"index":"index","follow":"follow","max-snippet":"max-snippet:-1","max-image-preview":"max-image-preview:large","max-video-preview":"max-video-preview:-1"},"canonical":"https:\/\/www.gdirekt.se\/da\/produkt\/retail-stand-billedbanner\/","og_locale":"da_DK","og_type":"article","og_title":"Retail Stand-billedbanner med trykt stof | Gdirekt.se","og_description":"Produktet Retail Stand-billedbanner er kun billedbannere, der er trykt p\u00e5 eget stof. Bestil bannere med trykt reklamebudskab. Man tr\u00e6kker et stykke stof, der er syet som en hue, over standeren.","og_url":"https:\/\/www.gdirekt.se\/da\/produkt\/retail-stand-billedbanner\/","og_site_name":"Gdirekt.se","og_image":[{"width":1000,"height":1000,"url":"https:\/\/www.gdirekt.se\/wp-content\/uploads\/bildvepa.png","type":"image\/png"}],"twitter_card":"summary_large_image","schema":{"@context":"https:\/\/schema.org","@graph":[{"@type":"WebPage","@id":"https:\/\/www.gdirekt.se\/da\/produkt\/retail-stand-billedbanner\/","url":"https:\/\/www.gdirekt.se\/da\/produkt\/retail-stand-billedbanner\/","name":"Retail Stand-billedbanner med trykt stof | Gdirekt.se","isPartOf":{"@id":"https:\/\/www.gdirekt.se\/#website"},"primaryImageOfPage":{"@id":"https:\/\/www.gdirekt.se\/da\/produkt\/retail-stand-billedbanner\/#primaryimage"},"image":{"@id":"https:\/\/www.gdirekt.se\/da\/produkt\/retail-stand-billedbanner\/#primaryimage"},"thumbnailUrl":"https:\/\/www.gdirekt.se\/wp-content\/uploads\/bildvepa.png","datePublished":"2017-02-01T13:37:33+00:00","description":"Produktet Retail Stand-billedbanner er kun billedbannere, der er trykt p\u00e5 eget stof. Bestil bannere med trykt reklamebudskab. Man tr\u00e6kker et stykke stof, der er syet som en hue, over standeren.","breadcrumb":{"@id":"https:\/\/www.gdirekt.se\/da\/produkt\/retail-stand-billedbanner\/#breadcrumb"},"inLanguage":"da-DK","potentialAction":[{"@type":"ReadAction","target":["https:\/\/www.gdirekt.se\/da\/produkt\/retail-stand-billedbanner\/"]}]},{"@type":"ImageObject","inLanguage":"da-DK","@id":"https:\/\/www.gdirekt.se\/da\/produkt\/retail-stand-billedbanner\/#primaryimage","url":"https:\/\/www.gdirekt.se\/wp-content\/uploads\/bildvepa.png","contentUrl":"https:\/\/www.gdirekt.se\/wp-content\/uploads\/bildvepa.png","width":1000,"height":1000,"caption":"Spennares Retail Stand"},{"@type":"BreadcrumbList","@id":"https:\/\/www.gdirekt.se\/da\/produkt\/retail-stand-billedbanner\/#breadcrumb","itemListElement":[{"@type":"ListItem","position":1,"name":"Hem","item":"https:\/\/www.gdirekt.se\/da\/"},{"@type":"ListItem","position":2,"name":"Start","item":"https:\/\/www.gdirekt.se\/da\/"},{"@type":"ListItem","position":3,"name":"Retail Stand-billedbanner"}]},{"@type":"WebSite","@id":"https:\/\/www.gdirekt.se\/#website","url":"https:\/\/www.gdirekt.se\/","name":"Gdirekt.se","description":"Tryck snabbt \u00e5 l\u00e4tt = Gdirekt","potentialAction":[{"@type":"SearchAction","target":{"@type":"EntryPoint","urlTemplate":"https:\/\/www.gdirekt.se\/?s={search_term_string}"},"query-input":{"@type":"PropertyValueSpecification","valueRequired":true,"valueName":"search_term_string"}}],"inLanguage":"da-DK"}]}},"_links":{"self":[{"href":"https:\/\/www.gdirekt.se\/da\/wp-json\/wp\/v2\/product\/9507","targetHints":{"allow":["GET"]}}],"collection":[{"href":"https:\/\/www.gdirekt.se\/da\/wp-json\/wp\/v2\/product"}],"about":[{"href":"https:\/\/www.gdirekt.se\/da\/wp-json\/wp\/v2\/types\/product"}],"wp:featuredmedia":[{"embeddable":true,"href":"https:\/\/www.gdirekt.se\/da\/wp-json\/wp\/v2\/media\/8478"}],"wp:attachment":[{"href":"https:\/\/www.gdirekt.se\/da\/wp-json\/wp\/v2\/media?parent=9507"}],"wp:term":[{"taxonomy":"product_brand","embeddable":true,"href":"https:\/\/www.gdirekt.se\/da\/wp-json\/wp\/v2\/product_brand?post=9507"},{"taxonomy":"product_cat","embeddable":true,"href":"https:\/\/www.gdirekt.se\/da\/wp-json\/wp\/v2\/product_cat?post=9507"},{"taxonomy":"product_tag","embeddable":true,"href":"https:\/\/www.gdirekt.se\/da\/wp-json\/wp\/v2\/product_tag?post=9507"}],"curies":[{"name":"wp","href":"https:\/\/api.w.org\/{rel}","templated":true}]}}