{"id":9504,"date":"2017-01-31T14:20:52","date_gmt":"2017-01-31T13:20:52","guid":{"rendered":"http:\/\/gdirekt.hamstage.hamrenmedia.se\/produkt\/retail-stand\/"},"modified":"2018-11-01T16:40:35","modified_gmt":"2018-11-01T15:40:35","slug":"retail-stand","status":"publish","type":"product","link":"https:\/\/www.gdirekt.se\/da\/produkt\/retail-stand\/","title":{"rendered":"Retail Stand"},"content":{"rendered":"<p><span lang=\"DA\">Retail Stand er en gulvstander med trykt reklamebudskab i stof. Man tr\u00e6kker et stykke stof, der er syet som en hue, over standeren. F\u00e5 billige kampagnestandere ved at k\u00f8be p\u00e5 nettet hos os.<\/span><\/p>\n<p><span lang=\"DA\">Det dobbeltsidede stofbanner kan ses fra begge sider og f\u00e5s i st\u00f8rrelse 40 x 160\u00a0cm og 55 x 180\u00a0cm. Det er meget let og enkelt at bestille nye reklamebannere, hvis man allerede har en gulvstander. De trykte stofbannere er syet som huer i tykt polyesterstof, der vejer 220 g pr. kvadratmeter. Vores trykkeri, der ligger i Norrk\u00f6ping p\u00e5 Sveriges \u00f8stkyst, bruger kun milj\u00f8venlig farve. Resultatet er trykte bannere af h\u00f8jeste kvalitet med tekst og logoer, der st\u00e5r knivskarpt. Trykket p\u00e5 stoffet er altid inkluderet i prisen, og man kan v\u00e6lge mellem alle farver eller sort\/hvid.\u00a0Det bliver flottest, hvis man bruger hele farvepaletter eller \u00e9n baggrundsfarve og derefter tilf\u00f8jer et tekstbudskab samt placerer virksomheden eller produktets logo et passende sted.<\/span><\/p>\n<p><span lang=\"DA\">Disse Retail Stand-modeller fungerer p\u00e5 samme m\u00e5de som trykte bannere til alarmstandere i butikker. Et overtr\u00e6k med trykt stof, der er let at bruge Frem for alt er transporten let og billig, n\u00e5r det trykte budskab skal udskiftes. Hos Gdirekt har vi mange gode displayl\u00f8sninger til at f\u00e5 jeres budskab ud. Se alle vores modeller<span class=\"apple-converted-space\">\u00a0<\/span><\/span><span lang=\"DA\"><a href=\"https:\/\/www.gdirekt.se\/produkt-kategori\/display-skylthallare-skyltstall\/\"><i>her<\/i><\/a><\/span><span lang=\"DA\">. Retail Stand er et displayprodukt med mange anvendelsesomr\u00e5der og bruges f.eks. som butiksreklame til at vise lave priser og gode tilbud. Det kan endda v\u00e6re en smart m\u00e5de at lancere og fremvise ny produkter p\u00e5. For eksempel kan man kombinere en produktdemonstration og -fremvisning med en skranke med et trykt billedbanner. Da der er tale om stof med tryk, skaber det en god stemning, som ikke altid opn\u00e5s med plast- og papirprodukter. Derudover d\u00e6mpes lydniveauet, da trykte stofbannere i en vis grad opfanger ekkoet.<\/span><\/p>\n<p><span lang=\"DA\">Hvis I er p\u00e5 udkig efter andre indretningsl\u00f8sninger med f\u00e6rdige motiver og billeder, har vi hjemmesiden<span class=\"apple-converted-space\">\u00a0<\/span><\/span><span lang=\"DA\"><a href=\"https:\/\/www.dinprint.se\/\"><i>www.dinprint.se<\/i><\/a><\/span><i><\/i><\/p>\n","protected":false},"excerpt":{"rendered":"<p>Retail Stand er en gulvstander med trykt reklamebudskab. Man tr\u00e6kker et stykke stof, der er syet som en hue, over standeren. Bestil billige kampagnestandere p\u00e5 nettet. Produktet er dobbeltsidet og f\u00e5s i st\u00f8rrelse 40 x 160\u00a0cm og 55 x 180\u00a0cm.<\/p>\n","protected":false},"featured_media":8476,"template":"","meta":{"_acf_changed":false},"product_brand":[],"product_cat":[372,357],"product_tag":[],"class_list":{"0":"post-9504","1":"product","2":"type-product","3":"status-publish","4":"has-post-thumbnail","6":"product_cat-display-skilteholdere-skiltestander","7":"product_cat-reklamstall-og-butikdisplayer","8":"product_shipping_class-350kr","10":"first","11":"instock","12":"taxable","13":"shipping-taxable","14":"purchasable","15":"product-type-variable","16":"has-default-attributes"},"exclude_global_add_ons":[],"addons":[],"acf":[],"yoast_head":"<!-- This site is optimized with the Yoast SEO plugin v27.2 - https:\/\/yoast.com\/product\/yoast-seo-wordpress\/ -->\n<title>Retail Stand, billig gulvdisplay med h\u00e6tte i trykt stof | Gdirekt.se<\/title>\n<meta name=\"description\" content=\"Retail Stand er en gulvstander med trykt reklamebudskab. Man tr\u00e6kker et stykke stof, der er syet som en hue, over standeren. Bestil billige kampagnestandere p\u00e5 nettet.\" \/>\n<meta name=\"robots\" content=\"index, follow, max-snippet:-1, max-image-preview:large, max-video-preview:-1\" \/>\n<link rel=\"canonical\" href=\"https:\/\/www.gdirekt.se\/da\/produkt\/retail-stand\/\" \/>\n<meta property=\"og:locale\" content=\"da_DK\" \/>\n<meta property=\"og:type\" content=\"article\" \/>\n<meta property=\"og:title\" content=\"Retail Stand, billig gulvdisplay med h\u00e6tte i trykt stof | Gdirekt.se\" \/>\n<meta property=\"og:description\" content=\"Retail Stand er en gulvstander med trykt reklamebudskab. Man tr\u00e6kker et stykke stof, der er syet som en hue, over standeren. Bestil billige kampagnestandere p\u00e5 nettet.\" \/>\n<meta property=\"og:url\" content=\"https:\/\/www.gdirekt.se\/da\/produkt\/retail-stand\/\" \/>\n<meta property=\"og:site_name\" content=\"Gdirekt.se\" \/>\n<meta property=\"article:modified_time\" content=\"2018-11-01T15:40:35+00:00\" \/>\n<meta property=\"og:image\" content=\"https:\/\/www.gdirekt.se\/wp-content\/uploads\/retail_stand.png\" \/>\n\t<meta property=\"og:image:width\" content=\"1000\" \/>\n\t<meta property=\"og:image:height\" content=\"1000\" \/>\n\t<meta property=\"og:image:type\" content=\"image\/png\" \/>\n<meta name=\"twitter:card\" content=\"summary_large_image\" \/>\n<meta name=\"twitter:label1\" content=\"Estimeret l\u00e6setid\" \/>\n\t<meta name=\"twitter:data1\" content=\"2 minutter\" \/>\n<script type=\"application\/ld+json\" class=\"yoast-schema-graph\">{\"@context\":\"https:\/\/schema.org\",\"@graph\":[{\"@type\":\"WebPage\",\"@id\":\"https:\/\/www.gdirekt.se\/da\/produkt\/retail-stand\/\",\"url\":\"https:\/\/www.gdirekt.se\/da\/produkt\/retail-stand\/\",\"name\":\"Retail Stand, billig gulvdisplay med h\u00e6tte i trykt stof | Gdirekt.se\",\"isPartOf\":{\"@id\":\"https:\/\/www.gdirekt.se\/#website\"},\"primaryImageOfPage\":{\"@id\":\"https:\/\/www.gdirekt.se\/da\/produkt\/retail-stand\/#primaryimage\"},\"image\":{\"@id\":\"https:\/\/www.gdirekt.se\/da\/produkt\/retail-stand\/#primaryimage\"},\"thumbnailUrl\":\"https:\/\/www.gdirekt.se\/wp-content\/uploads\/retail_stand.png\",\"datePublished\":\"2017-01-31T13:20:52+00:00\",\"dateModified\":\"2018-11-01T15:40:35+00:00\",\"description\":\"Retail Stand er en gulvstander med trykt reklamebudskab. Man tr\u00e6kker et stykke stof, der er syet som en hue, over standeren. Bestil billige kampagnestandere p\u00e5 nettet.\",\"breadcrumb\":{\"@id\":\"https:\/\/www.gdirekt.se\/da\/produkt\/retail-stand\/#breadcrumb\"},\"inLanguage\":\"da-DK\",\"potentialAction\":[{\"@type\":\"ReadAction\",\"target\":[\"https:\/\/www.gdirekt.se\/da\/produkt\/retail-stand\/\"]}]},{\"@type\":\"ImageObject\",\"inLanguage\":\"da-DK\",\"@id\":\"https:\/\/www.gdirekt.se\/da\/produkt\/retail-stand\/#primaryimage\",\"url\":\"https:\/\/www.gdirekt.se\/wp-content\/uploads\/retail_stand.png\",\"contentUrl\":\"https:\/\/www.gdirekt.se\/wp-content\/uploads\/retail_stand.png\",\"width\":1000,\"height\":1000,\"caption\":\"Gulvstativ med stofh\u00e6tte\"},{\"@type\":\"BreadcrumbList\",\"@id\":\"https:\/\/www.gdirekt.se\/da\/produkt\/retail-stand\/#breadcrumb\",\"itemListElement\":[{\"@type\":\"ListItem\",\"position\":1,\"name\":\"Hem\",\"item\":\"https:\/\/www.gdirekt.se\/da\/\"},{\"@type\":\"ListItem\",\"position\":2,\"name\":\"Start\",\"item\":\"https:\/\/www.gdirekt.se\/da\/\"},{\"@type\":\"ListItem\",\"position\":3,\"name\":\"Retail Stand\"}]},{\"@type\":\"WebSite\",\"@id\":\"https:\/\/www.gdirekt.se\/#website\",\"url\":\"https:\/\/www.gdirekt.se\/\",\"name\":\"Gdirekt.se\",\"description\":\"Tryck snabbt \u00e5 l\u00e4tt = Gdirekt\",\"potentialAction\":[{\"@type\":\"SearchAction\",\"target\":{\"@type\":\"EntryPoint\",\"urlTemplate\":\"https:\/\/www.gdirekt.se\/?s={search_term_string}\"},\"query-input\":{\"@type\":\"PropertyValueSpecification\",\"valueRequired\":true,\"valueName\":\"search_term_string\"}}],\"inLanguage\":\"da-DK\"}]}<\/script>\n<!-- \/ Yoast SEO plugin. -->","yoast_head_json":{"title":"Retail Stand, billig gulvdisplay med h\u00e6tte i trykt stof | Gdirekt.se","description":"Retail Stand er en gulvstander med trykt reklamebudskab. Man tr\u00e6kker et stykke stof, der er syet som en hue, over standeren. Bestil billige kampagnestandere p\u00e5 nettet.","robots":{"index":"index","follow":"follow","max-snippet":"max-snippet:-1","max-image-preview":"max-image-preview:large","max-video-preview":"max-video-preview:-1"},"canonical":"https:\/\/www.gdirekt.se\/da\/produkt\/retail-stand\/","og_locale":"da_DK","og_type":"article","og_title":"Retail Stand, billig gulvdisplay med h\u00e6tte i trykt stof | Gdirekt.se","og_description":"Retail Stand er en gulvstander med trykt reklamebudskab. Man tr\u00e6kker et stykke stof, der er syet som en hue, over standeren. Bestil billige kampagnestandere p\u00e5 nettet.","og_url":"https:\/\/www.gdirekt.se\/da\/produkt\/retail-stand\/","og_site_name":"Gdirekt.se","article_modified_time":"2018-11-01T15:40:35+00:00","og_image":[{"width":1000,"height":1000,"url":"https:\/\/www.gdirekt.se\/wp-content\/uploads\/retail_stand.png","type":"image\/png"}],"twitter_card":"summary_large_image","twitter_misc":{"Estimeret l\u00e6setid":"2 minutter"},"schema":{"@context":"https:\/\/schema.org","@graph":[{"@type":"WebPage","@id":"https:\/\/www.gdirekt.se\/da\/produkt\/retail-stand\/","url":"https:\/\/www.gdirekt.se\/da\/produkt\/retail-stand\/","name":"Retail Stand, billig gulvdisplay med h\u00e6tte i trykt stof | Gdirekt.se","isPartOf":{"@id":"https:\/\/www.gdirekt.se\/#website"},"primaryImageOfPage":{"@id":"https:\/\/www.gdirekt.se\/da\/produkt\/retail-stand\/#primaryimage"},"image":{"@id":"https:\/\/www.gdirekt.se\/da\/produkt\/retail-stand\/#primaryimage"},"thumbnailUrl":"https:\/\/www.gdirekt.se\/wp-content\/uploads\/retail_stand.png","datePublished":"2017-01-31T13:20:52+00:00","dateModified":"2018-11-01T15:40:35+00:00","description":"Retail Stand er en gulvstander med trykt reklamebudskab. Man tr\u00e6kker et stykke stof, der er syet som en hue, over standeren. Bestil billige kampagnestandere p\u00e5 nettet.","breadcrumb":{"@id":"https:\/\/www.gdirekt.se\/da\/produkt\/retail-stand\/#breadcrumb"},"inLanguage":"da-DK","potentialAction":[{"@type":"ReadAction","target":["https:\/\/www.gdirekt.se\/da\/produkt\/retail-stand\/"]}]},{"@type":"ImageObject","inLanguage":"da-DK","@id":"https:\/\/www.gdirekt.se\/da\/produkt\/retail-stand\/#primaryimage","url":"https:\/\/www.gdirekt.se\/wp-content\/uploads\/retail_stand.png","contentUrl":"https:\/\/www.gdirekt.se\/wp-content\/uploads\/retail_stand.png","width":1000,"height":1000,"caption":"Gulvstativ med stofh\u00e6tte"},{"@type":"BreadcrumbList","@id":"https:\/\/www.gdirekt.se\/da\/produkt\/retail-stand\/#breadcrumb","itemListElement":[{"@type":"ListItem","position":1,"name":"Hem","item":"https:\/\/www.gdirekt.se\/da\/"},{"@type":"ListItem","position":2,"name":"Start","item":"https:\/\/www.gdirekt.se\/da\/"},{"@type":"ListItem","position":3,"name":"Retail Stand"}]},{"@type":"WebSite","@id":"https:\/\/www.gdirekt.se\/#website","url":"https:\/\/www.gdirekt.se\/","name":"Gdirekt.se","description":"Tryck snabbt \u00e5 l\u00e4tt = Gdirekt","potentialAction":[{"@type":"SearchAction","target":{"@type":"EntryPoint","urlTemplate":"https:\/\/www.gdirekt.se\/?s={search_term_string}"},"query-input":{"@type":"PropertyValueSpecification","valueRequired":true,"valueName":"search_term_string"}}],"inLanguage":"da-DK"}]}},"_links":{"self":[{"href":"https:\/\/www.gdirekt.se\/da\/wp-json\/wp\/v2\/product\/9504","targetHints":{"allow":["GET"]}}],"collection":[{"href":"https:\/\/www.gdirekt.se\/da\/wp-json\/wp\/v2\/product"}],"about":[{"href":"https:\/\/www.gdirekt.se\/da\/wp-json\/wp\/v2\/types\/product"}],"wp:featuredmedia":[{"embeddable":true,"href":"https:\/\/www.gdirekt.se\/da\/wp-json\/wp\/v2\/media\/8476"}],"wp:attachment":[{"href":"https:\/\/www.gdirekt.se\/da\/wp-json\/wp\/v2\/media?parent=9504"}],"wp:term":[{"taxonomy":"product_brand","embeddable":true,"href":"https:\/\/www.gdirekt.se\/da\/wp-json\/wp\/v2\/product_brand?post=9504"},{"taxonomy":"product_cat","embeddable":true,"href":"https:\/\/www.gdirekt.se\/da\/wp-json\/wp\/v2\/product_cat?post=9504"},{"taxonomy":"product_tag","embeddable":true,"href":"https:\/\/www.gdirekt.se\/da\/wp-json\/wp\/v2\/product_tag?post=9504"}],"curies":[{"name":"wp","href":"https:\/\/api.w.org\/{rel}","templated":true}]}}