{"id":9501,"date":"2017-06-27T15:54:29","date_gmt":"2017-06-27T13:54:29","guid":{"rendered":"http:\/\/gdirekt.hamstage.hamrenmedia.se\/produkt\/portal-2stand\/"},"modified":"2019-01-11T12:41:28","modified_gmt":"2019-01-11T11:41:28","slug":"portal-2stand","status":"publish","type":"product","link":"https:\/\/www.gdirekt.se\/da\/produkt\/portal-2stand\/","title":{"rendered":"Portal 2Stand"},"content":{"rendered":"<p><span lang=\"DA\">Portal 2Stand med dobbeltsidede ellipser i karton, der har tryk af h\u00f8j kvalitet. Standeren leveres i to kartoner med hank og er let at h\u00e5ndtere. Bundpladen er fremstillet i MDF med sort laminat. 2Stand-s\u00f8jlerne er 50\u00a0cm brede og 160\u00a0cm eller 180\u00a0cm h\u00f8je. Derudover kan der tilf\u00f8jes to ekstra ellipser med en h\u00f8jde p\u00e5 60\u00a0cm. Den indvendige h\u00f8jde bliver enten 220\u00a0cm eller 240\u00a0cm. Den liggende overdel er 50\u00a0cm h\u00f8j, s\u00e5 i alt bliver h\u00f8jden 270\u00a0cm eller 290\u00a0cm. Det g\u00f8r den trykte portal meget synlig ved indgange til butikker og butikscentre. Produktet er ogs\u00e5 velegnet til kampagner og events p\u00e5 stadioner. Det er muligt at bestille nye billeder til portalen, der b\u00e5de kan bruges til kampagner og som butiksreklame.<\/span><\/p>\n<p><span lang=\"DA\">Smart portal til reklame og kampagner i butikker, hvor trykket kan ses fra begge sider. Tryk p\u00e5 karton er en billig l\u00f8sning. Det g\u00e6lder b\u00e5de store og sm\u00e5 partier, eftersom den digitale trykketeknik er kommet virkelig langt.\u00a0Selve displayportalen er af b\u00f8lgepap, som man fastg\u00f8r p\u00e5 en gulvplade i tr\u00e6. Derefter tr\u00e6kker man selve ellipsen, der er trykt p\u00e5 karton, over standeren.<\/span><\/p>\n<p><span lang=\"DA\">\u00a0<\/span><\/p>\n<p><span lang=\"DA\">Vi har ogs\u00e5 andre l\u00f8sninger inden for trykte displays og trykte portaler. Se vores modeller<span class=\"apple-converted-space\">\u00a0<\/span><\/span><span lang=\"DA\"><a href=\"https:\/\/www.gdirekt.se\/produkt-kategori\/display-skylthallare-skyltstall\/\"><b><i>her<\/i><\/b><\/a><\/span><span lang=\"DA\">!<\/span><\/p>\n","protected":false},"excerpt":{"rendered":"<p>Portal 2Stand i trykt karton har dobbeltsidede s\u00f8jler\/ellipser. Produktet har en indvendig h\u00f8jde p\u00e5 220\u00a0cm (i alt 270\u00a0cm) eller 240\u00a0cm(i alt 290\u00a0cm). Overdelen er 180 x 50\u00a0cm. Der medf\u00f8lger to dobbeltsidede s\u00f8jler, der har en bredde p\u00e5 50\u00a0cm og bundplade i MDF med sort laminat, to topellipser, der er 60\u00a0cm h\u00f8je, samt en overdel. Produktet leveres i to kartontasker med hank og er let at samle og opstille.<\/p>\n","protected":false},"featured_media":8764,"template":"","meta":{"_acf_changed":false},"product_brand":[],"product_cat":[372,357],"product_tag":[],"class_list":{"0":"post-9501","1":"product","2":"type-product","3":"status-publish","4":"has-post-thumbnail","6":"product_cat-display-skilteholdere-skiltestander","7":"product_cat-reklamstall-og-butikdisplayer","8":"product_shipping_class-180sek","10":"first","11":"instock","12":"taxable","13":"shipping-taxable","14":"purchasable","15":"product-type-variable","16":"has-default-attributes"},"exclude_global_add_ons":[],"addons":[],"acf":[],"yoast_head":"<!-- This site is optimized with the Yoast SEO plugin v27.2 - https:\/\/yoast.com\/product\/yoast-seo-wordpress\/ -->\n<title>Portal 2Stand i papelipser med eget tryk for indgange i butikken | Gdirekt.se<\/title>\n<meta name=\"description\" content=\"Portal 2Stand med trykte ellipser i karton. Perfekt til events, indgange, butikker og lanceringer samt kampagner. Smart butiksreklame, der ses tydeligt, n\u00e5r folk passerer butiksindgange og ved andre aktiviteter. Eget tryk er inkluderet i prisen.\" \/>\n<meta name=\"robots\" content=\"index, follow, max-snippet:-1, max-image-preview:large, max-video-preview:-1\" \/>\n<link rel=\"canonical\" href=\"https:\/\/www.gdirekt.se\/da\/produkt\/portal-2stand\/\" \/>\n<meta property=\"og:locale\" content=\"da_DK\" \/>\n<meta property=\"og:type\" content=\"article\" \/>\n<meta property=\"og:title\" content=\"Portal 2Stand i papelipser med eget tryk for indgange i butikken | Gdirekt.se\" \/>\n<meta property=\"og:description\" content=\"Portal 2Stand med trykte ellipser i karton. Perfekt til events, indgange, butikker og lanceringer samt kampagner. Smart butiksreklame, der ses tydeligt, n\u00e5r folk passerer butiksindgange og ved andre aktiviteter. Eget tryk er inkluderet i prisen.\" \/>\n<meta property=\"og:url\" content=\"https:\/\/www.gdirekt.se\/da\/produkt\/portal-2stand\/\" \/>\n<meta property=\"og:site_name\" content=\"Gdirekt.se\" \/>\n<meta property=\"article:modified_time\" content=\"2019-01-11T11:41:28+00:00\" \/>\n<meta property=\"og:image\" content=\"https:\/\/www.gdirekt.se\/wp-content\/uploads\/2stand_portal.png\" \/>\n\t<meta property=\"og:image:width\" content=\"1000\" \/>\n\t<meta property=\"og:image:height\" content=\"1000\" \/>\n\t<meta property=\"og:image:type\" content=\"image\/png\" \/>\n<meta name=\"twitter:card\" content=\"summary_large_image\" \/>\n<meta name=\"twitter:label1\" content=\"Estimeret l\u00e6setid\" \/>\n\t<meta name=\"twitter:data1\" content=\"1 minut\" \/>\n<script type=\"application\/ld+json\" class=\"yoast-schema-graph\">{\"@context\":\"https:\/\/schema.org\",\"@graph\":[{\"@type\":\"WebPage\",\"@id\":\"https:\/\/www.gdirekt.se\/da\/produkt\/portal-2stand\/\",\"url\":\"https:\/\/www.gdirekt.se\/da\/produkt\/portal-2stand\/\",\"name\":\"Portal 2Stand i papelipser med eget tryk for indgange i butikken | Gdirekt.se\",\"isPartOf\":{\"@id\":\"https:\/\/www.gdirekt.se\/#website\"},\"primaryImageOfPage\":{\"@id\":\"https:\/\/www.gdirekt.se\/da\/produkt\/portal-2stand\/#primaryimage\"},\"image\":{\"@id\":\"https:\/\/www.gdirekt.se\/da\/produkt\/portal-2stand\/#primaryimage\"},\"thumbnailUrl\":\"https:\/\/www.gdirekt.se\/wp-content\/uploads\/2stand_portal.png\",\"datePublished\":\"2017-06-27T13:54:29+00:00\",\"dateModified\":\"2019-01-11T11:41:28+00:00\",\"description\":\"Portal 2Stand med trykte ellipser i karton. Perfekt til events, indgange, butikker og lanceringer samt kampagner. Smart butiksreklame, der ses tydeligt, n\u00e5r folk passerer butiksindgange og ved andre aktiviteter. Eget tryk er inkluderet i prisen.\",\"breadcrumb\":{\"@id\":\"https:\/\/www.gdirekt.se\/da\/produkt\/portal-2stand\/#breadcrumb\"},\"inLanguage\":\"da-DK\",\"potentialAction\":[{\"@type\":\"ReadAction\",\"target\":[\"https:\/\/www.gdirekt.se\/da\/produkt\/portal-2stand\/\"]}]},{\"@type\":\"ImageObject\",\"inLanguage\":\"da-DK\",\"@id\":\"https:\/\/www.gdirekt.se\/da\/produkt\/portal-2stand\/#primaryimage\",\"url\":\"https:\/\/www.gdirekt.se\/wp-content\/uploads\/2stand_portal.png\",\"contentUrl\":\"https:\/\/www.gdirekt.se\/wp-content\/uploads\/2stand_portal.png\",\"width\":1000,\"height\":1000,\"caption\":\"Trykte karton elipes der danner en portal indgang\"},{\"@type\":\"BreadcrumbList\",\"@id\":\"https:\/\/www.gdirekt.se\/da\/produkt\/portal-2stand\/#breadcrumb\",\"itemListElement\":[{\"@type\":\"ListItem\",\"position\":1,\"name\":\"Hem\",\"item\":\"https:\/\/www.gdirekt.se\/da\/\"},{\"@type\":\"ListItem\",\"position\":2,\"name\":\"Start\",\"item\":\"https:\/\/www.gdirekt.se\/da\/\"},{\"@type\":\"ListItem\",\"position\":3,\"name\":\"Portal 2Stand\"}]},{\"@type\":\"WebSite\",\"@id\":\"https:\/\/www.gdirekt.se\/#website\",\"url\":\"https:\/\/www.gdirekt.se\/\",\"name\":\"Gdirekt.se\",\"description\":\"Tryck snabbt \u00e5 l\u00e4tt = Gdirekt\",\"potentialAction\":[{\"@type\":\"SearchAction\",\"target\":{\"@type\":\"EntryPoint\",\"urlTemplate\":\"https:\/\/www.gdirekt.se\/?s={search_term_string}\"},\"query-input\":{\"@type\":\"PropertyValueSpecification\",\"valueRequired\":true,\"valueName\":\"search_term_string\"}}],\"inLanguage\":\"da-DK\"}]}<\/script>\n<!-- \/ Yoast SEO plugin. -->","yoast_head_json":{"title":"Portal 2Stand i papelipser med eget tryk for indgange i butikken | Gdirekt.se","description":"Portal 2Stand med trykte ellipser i karton. Perfekt til events, indgange, butikker og lanceringer samt kampagner. Smart butiksreklame, der ses tydeligt, n\u00e5r folk passerer butiksindgange og ved andre aktiviteter. Eget tryk er inkluderet i prisen.","robots":{"index":"index","follow":"follow","max-snippet":"max-snippet:-1","max-image-preview":"max-image-preview:large","max-video-preview":"max-video-preview:-1"},"canonical":"https:\/\/www.gdirekt.se\/da\/produkt\/portal-2stand\/","og_locale":"da_DK","og_type":"article","og_title":"Portal 2Stand i papelipser med eget tryk for indgange i butikken | Gdirekt.se","og_description":"Portal 2Stand med trykte ellipser i karton. Perfekt til events, indgange, butikker og lanceringer samt kampagner. Smart butiksreklame, der ses tydeligt, n\u00e5r folk passerer butiksindgange og ved andre aktiviteter. Eget tryk er inkluderet i prisen.","og_url":"https:\/\/www.gdirekt.se\/da\/produkt\/portal-2stand\/","og_site_name":"Gdirekt.se","article_modified_time":"2019-01-11T11:41:28+00:00","og_image":[{"width":1000,"height":1000,"url":"https:\/\/www.gdirekt.se\/wp-content\/uploads\/2stand_portal.png","type":"image\/png"}],"twitter_card":"summary_large_image","twitter_misc":{"Estimeret l\u00e6setid":"1 minut"},"schema":{"@context":"https:\/\/schema.org","@graph":[{"@type":"WebPage","@id":"https:\/\/www.gdirekt.se\/da\/produkt\/portal-2stand\/","url":"https:\/\/www.gdirekt.se\/da\/produkt\/portal-2stand\/","name":"Portal 2Stand i papelipser med eget tryk for indgange i butikken | Gdirekt.se","isPartOf":{"@id":"https:\/\/www.gdirekt.se\/#website"},"primaryImageOfPage":{"@id":"https:\/\/www.gdirekt.se\/da\/produkt\/portal-2stand\/#primaryimage"},"image":{"@id":"https:\/\/www.gdirekt.se\/da\/produkt\/portal-2stand\/#primaryimage"},"thumbnailUrl":"https:\/\/www.gdirekt.se\/wp-content\/uploads\/2stand_portal.png","datePublished":"2017-06-27T13:54:29+00:00","dateModified":"2019-01-11T11:41:28+00:00","description":"Portal 2Stand med trykte ellipser i karton. Perfekt til events, indgange, butikker og lanceringer samt kampagner. Smart butiksreklame, der ses tydeligt, n\u00e5r folk passerer butiksindgange og ved andre aktiviteter. Eget tryk er inkluderet i prisen.","breadcrumb":{"@id":"https:\/\/www.gdirekt.se\/da\/produkt\/portal-2stand\/#breadcrumb"},"inLanguage":"da-DK","potentialAction":[{"@type":"ReadAction","target":["https:\/\/www.gdirekt.se\/da\/produkt\/portal-2stand\/"]}]},{"@type":"ImageObject","inLanguage":"da-DK","@id":"https:\/\/www.gdirekt.se\/da\/produkt\/portal-2stand\/#primaryimage","url":"https:\/\/www.gdirekt.se\/wp-content\/uploads\/2stand_portal.png","contentUrl":"https:\/\/www.gdirekt.se\/wp-content\/uploads\/2stand_portal.png","width":1000,"height":1000,"caption":"Trykte karton elipes der danner en portal indgang"},{"@type":"BreadcrumbList","@id":"https:\/\/www.gdirekt.se\/da\/produkt\/portal-2stand\/#breadcrumb","itemListElement":[{"@type":"ListItem","position":1,"name":"Hem","item":"https:\/\/www.gdirekt.se\/da\/"},{"@type":"ListItem","position":2,"name":"Start","item":"https:\/\/www.gdirekt.se\/da\/"},{"@type":"ListItem","position":3,"name":"Portal 2Stand"}]},{"@type":"WebSite","@id":"https:\/\/www.gdirekt.se\/#website","url":"https:\/\/www.gdirekt.se\/","name":"Gdirekt.se","description":"Tryck snabbt \u00e5 l\u00e4tt = Gdirekt","potentialAction":[{"@type":"SearchAction","target":{"@type":"EntryPoint","urlTemplate":"https:\/\/www.gdirekt.se\/?s={search_term_string}"},"query-input":{"@type":"PropertyValueSpecification","valueRequired":true,"valueName":"search_term_string"}}],"inLanguage":"da-DK"}]}},"_links":{"self":[{"href":"https:\/\/www.gdirekt.se\/da\/wp-json\/wp\/v2\/product\/9501","targetHints":{"allow":["GET"]}}],"collection":[{"href":"https:\/\/www.gdirekt.se\/da\/wp-json\/wp\/v2\/product"}],"about":[{"href":"https:\/\/www.gdirekt.se\/da\/wp-json\/wp\/v2\/types\/product"}],"wp:featuredmedia":[{"embeddable":true,"href":"https:\/\/www.gdirekt.se\/da\/wp-json\/wp\/v2\/media\/8764"}],"wp:attachment":[{"href":"https:\/\/www.gdirekt.se\/da\/wp-json\/wp\/v2\/media?parent=9501"}],"wp:term":[{"taxonomy":"product_brand","embeddable":true,"href":"https:\/\/www.gdirekt.se\/da\/wp-json\/wp\/v2\/product_brand?post=9501"},{"taxonomy":"product_cat","embeddable":true,"href":"https:\/\/www.gdirekt.se\/da\/wp-json\/wp\/v2\/product_cat?post=9501"},{"taxonomy":"product_tag","embeddable":true,"href":"https:\/\/www.gdirekt.se\/da\/wp-json\/wp\/v2\/product_tag?post=9501"}],"curies":[{"name":"wp","href":"https:\/\/api.w.org\/{rel}","templated":true}]}}