{"id":9492,"date":"2016-12-14T18:44:43","date_gmt":"2016-12-14T17:44:43","guid":{"rendered":"http:\/\/gdirekt.hamstage.hamrenmedia.se\/produkt\/pole-system-displaystander-billedpanel\/"},"modified":"2019-01-16T15:39:03","modified_gmt":"2019-01-16T14:39:03","slug":"pole-system-displaystander-billedpanel","status":"publish","type":"product","link":"https:\/\/www.gdirekt.se\/da\/produkt\/pole-system-displaystander-billedpanel\/","title":{"rendered":"Pole System-displaystander \u2013 billedpanel"},"content":{"rendered":"<p>Pole System-displaystander \u2013 billedpanel f\u00e5s i flere bredder og har en h\u00f8jde p\u00e5 100-240\u00a0cm. Opstillingen klares let p\u00e5 ingen tid. Fold st\u00f8ttebenene ud, tr\u00e6k teleskopstangen op, og s\u00e6t billedet fast.<\/p>\n","protected":false},"excerpt":{"rendered":"<p><span lang=\"DA\">Pole System-displaystander \u2013 billedpanel fra Expolinc er en flot udstillingsstander, der f\u00e5s i flere bredder og har en h\u00f8jde p\u00e5 100-240\u00a0cm.\u00a0Der er ingen l\u00f8se dele, som skal samles.\u00a0Du skal bare folde st\u00f8ttebenene ud, tr\u00e6kke den trinl\u00f8se teleskopstang op og s\u00e6tte billedet fast. Billedholderen er fremstillet i aluminium og st\u00e5l. Vi bruger et fint stof, der ikke rynker, men forbliver glat. Messedisplayet eller produktlanceringen f\u00e5r et l\u00f8ft, hvis man er blevet tr\u00e6t af almindelige<span class=\"apple-converted-space\">\u00a0<\/span><\/span><span lang=\"DA\"><a href=\"https:\/\/www.gdirekt.se\/produkt-kategori\/rollups\/\"><b><i>roll-up-bannere.<\/i><\/b><\/a><\/span><\/p>\n<p><span lang=\"DA\">Pole System-displaystander \u2013 billedpanel passer til disse smarte skilteholdere eller bannerholdere og har et flot design til en god pris. Tricket er at v\u00e6lge det rigtige displaysystem og kombinere alle de displaysystemer, der findes p\u00e5 markedet. Hos Gdirekt udv\u00e6lger vi kun de bedste udstillingsstandere, som vi ved er af h\u00f8j kvalitet. I kan finde alle produkter med tryk til messer eller virksomhedens jubil\u00e6um hos os.<\/span><\/p>\n","protected":false},"featured_media":8292,"template":"","meta":{"_acf_changed":false},"product_brand":[],"product_cat":[372],"product_tag":[],"class_list":{"0":"post-9492","1":"product","2":"type-product","3":"status-publish","4":"has-post-thumbnail","6":"product_cat-display-skilteholdere-skiltestander","7":"product_shipping_class-180sek","9":"first","10":"instock","11":"taxable","12":"shipping-taxable","13":"purchasable","14":"product-type-variable","15":"has-default-attributes"},"exclude_global_add_ons":[],"addons":[],"acf":[],"yoast_head":"<!-- This site is optimized with the Yoast SEO plugin v27.2 - https:\/\/yoast.com\/product\/yoast-seo-wordpress\/ -->\n<title>Pole System-displaystander \u2013 billedpanel, trykt banner | Gdirekt.se<\/title>\n<meta name=\"description\" content=\"Pole System-displaystander \u2013 billedpanel fra Expolinc er en butiksstander. Den er velegnet som bannersystem p\u00e5 messer. Flottere end roll-up-bannere.\" \/>\n<meta name=\"robots\" content=\"index, follow, max-snippet:-1, max-image-preview:large, max-video-preview:-1\" \/>\n<link rel=\"canonical\" href=\"https:\/\/www.gdirekt.se\/da\/produkt\/pole-system-displaystander-billedpanel\/\" \/>\n<meta property=\"og:locale\" content=\"da_DK\" \/>\n<meta property=\"og:type\" content=\"article\" \/>\n<meta property=\"og:title\" content=\"Pole System-displaystander \u2013 billedpanel, trykt banner | Gdirekt.se\" \/>\n<meta property=\"og:description\" content=\"Pole System-displaystander \u2013 billedpanel fra Expolinc er en butiksstander. Den er velegnet som bannersystem p\u00e5 messer. Flottere end roll-up-bannere.\" \/>\n<meta property=\"og:url\" content=\"https:\/\/www.gdirekt.se\/da\/produkt\/pole-system-displaystander-billedpanel\/\" \/>\n<meta property=\"og:site_name\" content=\"Gdirekt.se\" \/>\n<meta property=\"article:modified_time\" content=\"2019-01-16T14:39:03+00:00\" \/>\n<meta property=\"og:image\" content=\"https:\/\/www.gdirekt.se\/wp-content\/uploads\/polesystem_bild.png\" \/>\n\t<meta property=\"og:image:width\" content=\"1000\" \/>\n\t<meta property=\"og:image:height\" content=\"1000\" \/>\n\t<meta property=\"og:image:type\" content=\"image\/png\" \/>\n<meta name=\"twitter:card\" content=\"summary_large_image\" \/>\n<script type=\"application\/ld+json\" class=\"yoast-schema-graph\">{\"@context\":\"https:\/\/schema.org\",\"@graph\":[{\"@type\":\"WebPage\",\"@id\":\"https:\/\/www.gdirekt.se\/da\/produkt\/pole-system-displaystander-billedpanel\/\",\"url\":\"https:\/\/www.gdirekt.se\/da\/produkt\/pole-system-displaystander-billedpanel\/\",\"name\":\"Pole System-displaystander \u2013 billedpanel, trykt banner | Gdirekt.se\",\"isPartOf\":{\"@id\":\"https:\/\/www.gdirekt.se\/#website\"},\"primaryImageOfPage\":{\"@id\":\"https:\/\/www.gdirekt.se\/da\/produkt\/pole-system-displaystander-billedpanel\/#primaryimage\"},\"image\":{\"@id\":\"https:\/\/www.gdirekt.se\/da\/produkt\/pole-system-displaystander-billedpanel\/#primaryimage\"},\"thumbnailUrl\":\"https:\/\/www.gdirekt.se\/wp-content\/uploads\/polesystem_bild.png\",\"datePublished\":\"2016-12-14T17:44:43+00:00\",\"dateModified\":\"2019-01-16T14:39:03+00:00\",\"description\":\"Pole System-displaystander \u2013 billedpanel fra Expolinc er en butiksstander. Den er velegnet som bannersystem p\u00e5 messer. Flottere end roll-up-bannere.\",\"breadcrumb\":{\"@id\":\"https:\/\/www.gdirekt.se\/da\/produkt\/pole-system-displaystander-billedpanel\/#breadcrumb\"},\"inLanguage\":\"da-DK\",\"potentialAction\":[{\"@type\":\"ReadAction\",\"target\":[\"https:\/\/www.gdirekt.se\/da\/produkt\/pole-system-displaystander-billedpanel\/\"]}]},{\"@type\":\"ImageObject\",\"inLanguage\":\"da-DK\",\"@id\":\"https:\/\/www.gdirekt.se\/da\/produkt\/pole-system-displaystander-billedpanel\/#primaryimage\",\"url\":\"https:\/\/www.gdirekt.se\/wp-content\/uploads\/polesystem_bild.png\",\"contentUrl\":\"https:\/\/www.gdirekt.se\/wp-content\/uploads\/polesystem_bild.png\",\"width\":1000,\"height\":1000,\"caption\":\"Banner plakat til Polesystem fra Expolinc\"},{\"@type\":\"BreadcrumbList\",\"@id\":\"https:\/\/www.gdirekt.se\/da\/produkt\/pole-system-displaystander-billedpanel\/#breadcrumb\",\"itemListElement\":[{\"@type\":\"ListItem\",\"position\":1,\"name\":\"Hem\",\"item\":\"https:\/\/www.gdirekt.se\/da\/\"},{\"@type\":\"ListItem\",\"position\":2,\"name\":\"Start\",\"item\":\"https:\/\/www.gdirekt.se\/da\/\"},{\"@type\":\"ListItem\",\"position\":3,\"name\":\"Pole System-displaystander \u2013 billedpanel\"}]},{\"@type\":\"WebSite\",\"@id\":\"https:\/\/www.gdirekt.se\/#website\",\"url\":\"https:\/\/www.gdirekt.se\/\",\"name\":\"Gdirekt.se\",\"description\":\"Tryck snabbt \u00e5 l\u00e4tt = Gdirekt\",\"potentialAction\":[{\"@type\":\"SearchAction\",\"target\":{\"@type\":\"EntryPoint\",\"urlTemplate\":\"https:\/\/www.gdirekt.se\/?s={search_term_string}\"},\"query-input\":{\"@type\":\"PropertyValueSpecification\",\"valueRequired\":true,\"valueName\":\"search_term_string\"}}],\"inLanguage\":\"da-DK\"}]}<\/script>\n<!-- \/ Yoast SEO plugin. -->","yoast_head_json":{"title":"Pole System-displaystander \u2013 billedpanel, trykt banner | Gdirekt.se","description":"Pole System-displaystander \u2013 billedpanel fra Expolinc er en butiksstander. Den er velegnet som bannersystem p\u00e5 messer. Flottere end roll-up-bannere.","robots":{"index":"index","follow":"follow","max-snippet":"max-snippet:-1","max-image-preview":"max-image-preview:large","max-video-preview":"max-video-preview:-1"},"canonical":"https:\/\/www.gdirekt.se\/da\/produkt\/pole-system-displaystander-billedpanel\/","og_locale":"da_DK","og_type":"article","og_title":"Pole System-displaystander \u2013 billedpanel, trykt banner | Gdirekt.se","og_description":"Pole System-displaystander \u2013 billedpanel fra Expolinc er en butiksstander. Den er velegnet som bannersystem p\u00e5 messer. Flottere end roll-up-bannere.","og_url":"https:\/\/www.gdirekt.se\/da\/produkt\/pole-system-displaystander-billedpanel\/","og_site_name":"Gdirekt.se","article_modified_time":"2019-01-16T14:39:03+00:00","og_image":[{"width":1000,"height":1000,"url":"https:\/\/www.gdirekt.se\/wp-content\/uploads\/polesystem_bild.png","type":"image\/png"}],"twitter_card":"summary_large_image","schema":{"@context":"https:\/\/schema.org","@graph":[{"@type":"WebPage","@id":"https:\/\/www.gdirekt.se\/da\/produkt\/pole-system-displaystander-billedpanel\/","url":"https:\/\/www.gdirekt.se\/da\/produkt\/pole-system-displaystander-billedpanel\/","name":"Pole System-displaystander \u2013 billedpanel, trykt banner | Gdirekt.se","isPartOf":{"@id":"https:\/\/www.gdirekt.se\/#website"},"primaryImageOfPage":{"@id":"https:\/\/www.gdirekt.se\/da\/produkt\/pole-system-displaystander-billedpanel\/#primaryimage"},"image":{"@id":"https:\/\/www.gdirekt.se\/da\/produkt\/pole-system-displaystander-billedpanel\/#primaryimage"},"thumbnailUrl":"https:\/\/www.gdirekt.se\/wp-content\/uploads\/polesystem_bild.png","datePublished":"2016-12-14T17:44:43+00:00","dateModified":"2019-01-16T14:39:03+00:00","description":"Pole System-displaystander \u2013 billedpanel fra Expolinc er en butiksstander. Den er velegnet som bannersystem p\u00e5 messer. Flottere end roll-up-bannere.","breadcrumb":{"@id":"https:\/\/www.gdirekt.se\/da\/produkt\/pole-system-displaystander-billedpanel\/#breadcrumb"},"inLanguage":"da-DK","potentialAction":[{"@type":"ReadAction","target":["https:\/\/www.gdirekt.se\/da\/produkt\/pole-system-displaystander-billedpanel\/"]}]},{"@type":"ImageObject","inLanguage":"da-DK","@id":"https:\/\/www.gdirekt.se\/da\/produkt\/pole-system-displaystander-billedpanel\/#primaryimage","url":"https:\/\/www.gdirekt.se\/wp-content\/uploads\/polesystem_bild.png","contentUrl":"https:\/\/www.gdirekt.se\/wp-content\/uploads\/polesystem_bild.png","width":1000,"height":1000,"caption":"Banner plakat til Polesystem fra Expolinc"},{"@type":"BreadcrumbList","@id":"https:\/\/www.gdirekt.se\/da\/produkt\/pole-system-displaystander-billedpanel\/#breadcrumb","itemListElement":[{"@type":"ListItem","position":1,"name":"Hem","item":"https:\/\/www.gdirekt.se\/da\/"},{"@type":"ListItem","position":2,"name":"Start","item":"https:\/\/www.gdirekt.se\/da\/"},{"@type":"ListItem","position":3,"name":"Pole System-displaystander \u2013 billedpanel"}]},{"@type":"WebSite","@id":"https:\/\/www.gdirekt.se\/#website","url":"https:\/\/www.gdirekt.se\/","name":"Gdirekt.se","description":"Tryck snabbt \u00e5 l\u00e4tt = Gdirekt","potentialAction":[{"@type":"SearchAction","target":{"@type":"EntryPoint","urlTemplate":"https:\/\/www.gdirekt.se\/?s={search_term_string}"},"query-input":{"@type":"PropertyValueSpecification","valueRequired":true,"valueName":"search_term_string"}}],"inLanguage":"da-DK"}]}},"_links":{"self":[{"href":"https:\/\/www.gdirekt.se\/da\/wp-json\/wp\/v2\/product\/9492","targetHints":{"allow":["GET"]}}],"collection":[{"href":"https:\/\/www.gdirekt.se\/da\/wp-json\/wp\/v2\/product"}],"about":[{"href":"https:\/\/www.gdirekt.se\/da\/wp-json\/wp\/v2\/types\/product"}],"wp:featuredmedia":[{"embeddable":true,"href":"https:\/\/www.gdirekt.se\/da\/wp-json\/wp\/v2\/media\/8292"}],"wp:attachment":[{"href":"https:\/\/www.gdirekt.se\/da\/wp-json\/wp\/v2\/media?parent=9492"}],"wp:term":[{"taxonomy":"product_brand","embeddable":true,"href":"https:\/\/www.gdirekt.se\/da\/wp-json\/wp\/v2\/product_brand?post=9492"},{"taxonomy":"product_cat","embeddable":true,"href":"https:\/\/www.gdirekt.se\/da\/wp-json\/wp\/v2\/product_cat?post=9492"},{"taxonomy":"product_tag","embeddable":true,"href":"https:\/\/www.gdirekt.se\/da\/wp-json\/wp\/v2\/product_tag?post=9492"}],"curies":[{"name":"wp","href":"https:\/\/api.w.org\/{rel}","templated":true}]}}