{"id":9483,"date":"2015-09-11T15:32:48","date_gmt":"2015-09-11T13:32:48","guid":{"rendered":"http:\/\/gdirekt.hamstage.hamrenmedia.se\/produkt\/pole-system-displaystander-expolinc\/"},"modified":"2019-01-11T12:41:01","modified_gmt":"2019-01-11T11:41:01","slug":"pole-system-displaystander-expolinc","status":"publish","type":"product","link":"https:\/\/www.gdirekt.se\/da\/produkt\/pole-system-displaystander-expolinc\/","title":{"rendered":"Pole System-displaystander \u2013 Expolinc"},"content":{"rendered":"<p><span lang=\"DA\">Pole System-displaystander \u2013 Expolinc er en flot udstillingsstander, der f\u00e5s i flere bredder og har en h\u00f8jde p\u00e5 100-240\u00a0cm.\u00a0Der er ingen l\u00f8se dele, som skal samles.\u00a0Du skal bare folde st\u00f8ttebenene ud, tr\u00e6kke den trinl\u00f8se teleskopstang op og s\u00e6tte billedet fast. Billedholderen er fremstillet i aluminium og st\u00e5l. Vi bruger et fint stof, der ikke rynker, men forbliver glat. Messedisplayet eller produktlanceringen f\u00e5r et l\u00f8ft, hvis man er blevet tr\u00e6t af almindelige<span class=\"apple-converted-space\">\u00a0<\/span><\/span><span lang=\"DA\"><a href=\"https:\/\/www.gdirekt.se\/produkt-kategori\/roll-up-och-rollups\/\"><b><i>roll-up-bannere<\/i><\/b><\/a><\/span><span lang=\"DA\">. Man finder ikke et mere enkelt og moderne design end denne billedholder, der st\u00e5r knivskarpt og holder billedet lige og glat.<\/span><\/p>\n<p><span lang=\"DA\">Disse skilteholdere eller bannerholdere har et flot design og en god pris. Tricket er at v\u00e6lge det rigtige displaysystem og kombinere alle de displaysystemer, der findes p\u00e5 markedet. Hos Gdirekt udv\u00e6lger vi kun de bedste udstillingsstandere, som vi ved er af h\u00f8j kvalitet. I kan finde alle produkter med tryk til messer eller virksomhedens jubil\u00e6um hos os. Derefter kan I selv udskifte dem.<\/span><\/p>\n<p><span lang=\"DA\">Almindelige anvendelsesomr\u00e5der er butikker og forretninger, hvor de bruges til at fremh\u00e6ve et nyt produkt eller et godt tilbud, f.eks. i forbindelse med udsalg. De trykte bannere i stofmateriale er inkluderet i prisen, og det er let kun at bestille ekstra billeder. Hvis I har brug for at brande hele jeres virksomhed, hj\u00e6lper vi gerne med det. Vores moderselskab<span class=\"apple-converted-space\">\u00a0<\/span><\/span><span lang=\"DA\"><a href=\"http:\/\/www.gigantprint.se\/\"><b><i>Gigantprint<\/i><\/b><\/a><\/span><span lang=\"DA\">har l\u00f8sninger med trykte produkter til alle milj\u00f8er!<\/span><\/p>\n","protected":false},"excerpt":{"rendered":"<p>Pole System-displaystander \u2013 Expolinc f\u00e5s i flere bredder og har en h\u00f8jde p\u00e5 100-240\u00a0cm. Opstillingen klares let p\u00e5 ingen tid. Fold st\u00f8ttebenene ud, tr\u00e6k teleskopstangen op, og s\u00e6t billedet fast.<\/p>\n","protected":false},"featured_media":8064,"template":"","meta":{"_acf_changed":false},"product_brand":[],"product_cat":[372],"product_tag":[],"class_list":{"0":"post-9483","1":"product","2":"type-product","3":"status-publish","4":"has-post-thumbnail","6":"product_cat-display-skilteholdere-skiltestander","7":"product_shipping_class-180sek","9":"first","10":"instock","11":"taxable","12":"shipping-taxable","13":"purchasable","14":"product-type-variable","15":"has-default-attributes"},"exclude_global_add_ons":[],"addons":[],"acf":[],"yoast_head":"<!-- This site is optimized with the Yoast SEO plugin v27.2 - https:\/\/yoast.com\/product\/yoast-seo-wordpress\/ -->\n<title>Pole System-displaystander \u2013 Expolinc, Trykt billede er inkluderet i prisen | Gdirekt.se<\/title>\n<meta name=\"description\" content=\"Pole System-displaystander \u2013 Expolinc er en butiksstander. Den er velegnet som bannersystem p\u00e5 messer. En flot holder med teleskopstang, hvor billedet s\u00e6ttes fast.\" \/>\n<meta name=\"robots\" content=\"index, follow, max-snippet:-1, max-image-preview:large, max-video-preview:-1\" \/>\n<link rel=\"canonical\" href=\"https:\/\/www.gdirekt.se\/da\/produkt\/pole-system-displaystander-expolinc\/\" \/>\n<meta property=\"og:locale\" content=\"da_DK\" \/>\n<meta property=\"og:type\" content=\"article\" \/>\n<meta property=\"og:title\" content=\"Pole System-displaystander \u2013 Expolinc, Trykt billede er inkluderet i prisen | Gdirekt.se\" \/>\n<meta property=\"og:description\" content=\"Pole System-displaystander \u2013 Expolinc er en butiksstander. Den er velegnet som bannersystem p\u00e5 messer. En flot holder med teleskopstang, hvor billedet s\u00e6ttes fast.\" \/>\n<meta property=\"og:url\" content=\"https:\/\/www.gdirekt.se\/da\/produkt\/pole-system-displaystander-expolinc\/\" \/>\n<meta property=\"og:site_name\" content=\"Gdirekt.se\" \/>\n<meta property=\"article:modified_time\" content=\"2019-01-11T11:41:01+00:00\" \/>\n<meta property=\"og:image\" content=\"https:\/\/www.gdirekt.se\/wp-content\/uploads\/PS2_CTC.png\" \/>\n\t<meta property=\"og:image:width\" content=\"1000\" \/>\n\t<meta property=\"og:image:height\" content=\"1000\" \/>\n\t<meta property=\"og:image:type\" content=\"image\/png\" \/>\n<meta name=\"twitter:card\" content=\"summary_large_image\" \/>\n<meta name=\"twitter:label1\" content=\"Estimeret l\u00e6setid\" \/>\n\t<meta name=\"twitter:data1\" content=\"1 minut\" \/>\n<script type=\"application\/ld+json\" class=\"yoast-schema-graph\">{\"@context\":\"https:\/\/schema.org\",\"@graph\":[{\"@type\":\"WebPage\",\"@id\":\"https:\/\/www.gdirekt.se\/da\/produkt\/pole-system-displaystander-expolinc\/\",\"url\":\"https:\/\/www.gdirekt.se\/da\/produkt\/pole-system-displaystander-expolinc\/\",\"name\":\"Pole System-displaystander \u2013 Expolinc, Trykt billede er inkluderet i prisen | Gdirekt.se\",\"isPartOf\":{\"@id\":\"https:\/\/www.gdirekt.se\/#website\"},\"primaryImageOfPage\":{\"@id\":\"https:\/\/www.gdirekt.se\/da\/produkt\/pole-system-displaystander-expolinc\/#primaryimage\"},\"image\":{\"@id\":\"https:\/\/www.gdirekt.se\/da\/produkt\/pole-system-displaystander-expolinc\/#primaryimage\"},\"thumbnailUrl\":\"https:\/\/www.gdirekt.se\/wp-content\/uploads\/PS2_CTC.png\",\"datePublished\":\"2015-09-11T13:32:48+00:00\",\"dateModified\":\"2019-01-11T11:41:01+00:00\",\"description\":\"Pole System-displaystander \u2013 Expolinc er en butiksstander. Den er velegnet som bannersystem p\u00e5 messer. En flot holder med teleskopstang, hvor billedet s\u00e6ttes fast.\",\"breadcrumb\":{\"@id\":\"https:\/\/www.gdirekt.se\/da\/produkt\/pole-system-displaystander-expolinc\/#breadcrumb\"},\"inLanguage\":\"da-DK\",\"potentialAction\":[{\"@type\":\"ReadAction\",\"target\":[\"https:\/\/www.gdirekt.se\/da\/produkt\/pole-system-displaystander-expolinc\/\"]}]},{\"@type\":\"ImageObject\",\"inLanguage\":\"da-DK\",\"@id\":\"https:\/\/www.gdirekt.se\/da\/produkt\/pole-system-displaystander-expolinc\/#primaryimage\",\"url\":\"https:\/\/www.gdirekt.se\/wp-content\/uploads\/PS2_CTC.png\",\"contentUrl\":\"https:\/\/www.gdirekt.se\/wp-content\/uploads\/PS2_CTC.png\",\"width\":1000,\"height\":1000,\"caption\":\"Exponstand Pole System - Gdirekt\"},{\"@type\":\"BreadcrumbList\",\"@id\":\"https:\/\/www.gdirekt.se\/da\/produkt\/pole-system-displaystander-expolinc\/#breadcrumb\",\"itemListElement\":[{\"@type\":\"ListItem\",\"position\":1,\"name\":\"Hem\",\"item\":\"https:\/\/www.gdirekt.se\/da\/\"},{\"@type\":\"ListItem\",\"position\":2,\"name\":\"Start\",\"item\":\"https:\/\/www.gdirekt.se\/da\/\"},{\"@type\":\"ListItem\",\"position\":3,\"name\":\"Pole System-displaystander \u2013 Expolinc\"}]},{\"@type\":\"WebSite\",\"@id\":\"https:\/\/www.gdirekt.se\/#website\",\"url\":\"https:\/\/www.gdirekt.se\/\",\"name\":\"Gdirekt.se\",\"description\":\"Tryck snabbt \u00e5 l\u00e4tt = Gdirekt\",\"potentialAction\":[{\"@type\":\"SearchAction\",\"target\":{\"@type\":\"EntryPoint\",\"urlTemplate\":\"https:\/\/www.gdirekt.se\/?s={search_term_string}\"},\"query-input\":{\"@type\":\"PropertyValueSpecification\",\"valueRequired\":true,\"valueName\":\"search_term_string\"}}],\"inLanguage\":\"da-DK\"}]}<\/script>\n<!-- \/ Yoast SEO plugin. -->","yoast_head_json":{"title":"Pole System-displaystander \u2013 Expolinc, Trykt billede er inkluderet i prisen | Gdirekt.se","description":"Pole System-displaystander \u2013 Expolinc er en butiksstander. Den er velegnet som bannersystem p\u00e5 messer. En flot holder med teleskopstang, hvor billedet s\u00e6ttes fast.","robots":{"index":"index","follow":"follow","max-snippet":"max-snippet:-1","max-image-preview":"max-image-preview:large","max-video-preview":"max-video-preview:-1"},"canonical":"https:\/\/www.gdirekt.se\/da\/produkt\/pole-system-displaystander-expolinc\/","og_locale":"da_DK","og_type":"article","og_title":"Pole System-displaystander \u2013 Expolinc, Trykt billede er inkluderet i prisen | Gdirekt.se","og_description":"Pole System-displaystander \u2013 Expolinc er en butiksstander. Den er velegnet som bannersystem p\u00e5 messer. En flot holder med teleskopstang, hvor billedet s\u00e6ttes fast.","og_url":"https:\/\/www.gdirekt.se\/da\/produkt\/pole-system-displaystander-expolinc\/","og_site_name":"Gdirekt.se","article_modified_time":"2019-01-11T11:41:01+00:00","og_image":[{"width":1000,"height":1000,"url":"https:\/\/www.gdirekt.se\/wp-content\/uploads\/PS2_CTC.png","type":"image\/png"}],"twitter_card":"summary_large_image","twitter_misc":{"Estimeret l\u00e6setid":"1 minut"},"schema":{"@context":"https:\/\/schema.org","@graph":[{"@type":"WebPage","@id":"https:\/\/www.gdirekt.se\/da\/produkt\/pole-system-displaystander-expolinc\/","url":"https:\/\/www.gdirekt.se\/da\/produkt\/pole-system-displaystander-expolinc\/","name":"Pole System-displaystander \u2013 Expolinc, Trykt billede er inkluderet i prisen | Gdirekt.se","isPartOf":{"@id":"https:\/\/www.gdirekt.se\/#website"},"primaryImageOfPage":{"@id":"https:\/\/www.gdirekt.se\/da\/produkt\/pole-system-displaystander-expolinc\/#primaryimage"},"image":{"@id":"https:\/\/www.gdirekt.se\/da\/produkt\/pole-system-displaystander-expolinc\/#primaryimage"},"thumbnailUrl":"https:\/\/www.gdirekt.se\/wp-content\/uploads\/PS2_CTC.png","datePublished":"2015-09-11T13:32:48+00:00","dateModified":"2019-01-11T11:41:01+00:00","description":"Pole System-displaystander \u2013 Expolinc er en butiksstander. Den er velegnet som bannersystem p\u00e5 messer. En flot holder med teleskopstang, hvor billedet s\u00e6ttes fast.","breadcrumb":{"@id":"https:\/\/www.gdirekt.se\/da\/produkt\/pole-system-displaystander-expolinc\/#breadcrumb"},"inLanguage":"da-DK","potentialAction":[{"@type":"ReadAction","target":["https:\/\/www.gdirekt.se\/da\/produkt\/pole-system-displaystander-expolinc\/"]}]},{"@type":"ImageObject","inLanguage":"da-DK","@id":"https:\/\/www.gdirekt.se\/da\/produkt\/pole-system-displaystander-expolinc\/#primaryimage","url":"https:\/\/www.gdirekt.se\/wp-content\/uploads\/PS2_CTC.png","contentUrl":"https:\/\/www.gdirekt.se\/wp-content\/uploads\/PS2_CTC.png","width":1000,"height":1000,"caption":"Exponstand Pole System - Gdirekt"},{"@type":"BreadcrumbList","@id":"https:\/\/www.gdirekt.se\/da\/produkt\/pole-system-displaystander-expolinc\/#breadcrumb","itemListElement":[{"@type":"ListItem","position":1,"name":"Hem","item":"https:\/\/www.gdirekt.se\/da\/"},{"@type":"ListItem","position":2,"name":"Start","item":"https:\/\/www.gdirekt.se\/da\/"},{"@type":"ListItem","position":3,"name":"Pole System-displaystander \u2013 Expolinc"}]},{"@type":"WebSite","@id":"https:\/\/www.gdirekt.se\/#website","url":"https:\/\/www.gdirekt.se\/","name":"Gdirekt.se","description":"Tryck snabbt \u00e5 l\u00e4tt = Gdirekt","potentialAction":[{"@type":"SearchAction","target":{"@type":"EntryPoint","urlTemplate":"https:\/\/www.gdirekt.se\/?s={search_term_string}"},"query-input":{"@type":"PropertyValueSpecification","valueRequired":true,"valueName":"search_term_string"}}],"inLanguage":"da-DK"}]}},"_links":{"self":[{"href":"https:\/\/www.gdirekt.se\/da\/wp-json\/wp\/v2\/product\/9483","targetHints":{"allow":["GET"]}}],"collection":[{"href":"https:\/\/www.gdirekt.se\/da\/wp-json\/wp\/v2\/product"}],"about":[{"href":"https:\/\/www.gdirekt.se\/da\/wp-json\/wp\/v2\/types\/product"}],"wp:featuredmedia":[{"embeddable":true,"href":"https:\/\/www.gdirekt.se\/da\/wp-json\/wp\/v2\/media\/8064"}],"wp:attachment":[{"href":"https:\/\/www.gdirekt.se\/da\/wp-json\/wp\/v2\/media?parent=9483"}],"wp:term":[{"taxonomy":"product_brand","embeddable":true,"href":"https:\/\/www.gdirekt.se\/da\/wp-json\/wp\/v2\/product_brand?post=9483"},{"taxonomy":"product_cat","embeddable":true,"href":"https:\/\/www.gdirekt.se\/da\/wp-json\/wp\/v2\/product_cat?post=9483"},{"taxonomy":"product_tag","embeddable":true,"href":"https:\/\/www.gdirekt.se\/da\/wp-json\/wp\/v2\/product_tag?post=9483"}],"curies":[{"name":"wp","href":"https:\/\/api.w.org\/{rel}","templated":true}]}}