{"id":9476,"date":"2015-09-14T15:38:00","date_gmt":"2015-09-14T13:38:00","guid":{"rendered":"http:\/\/gdirekt.hamstage.hamrenmedia.se\/produkt\/panel-base-smart-skilteholder\/"},"modified":"2019-01-11T12:37:42","modified_gmt":"2019-01-11T11:37:42","slug":"panel-base-smart-skilteholder","status":"publish","type":"product","link":"https:\/\/www.gdirekt.se\/da\/produkt\/panel-base-smart-skilteholder\/","title":{"rendered":"Panel Base \u2013 Smart skilteholder"},"content":{"rendered":"<p>Panel Base \u2013 Smart skilteholder er et displayskilt med billede p\u00e5 1\u00a0cm tykkelse. F\u00e5 reklamebudskaber i firkantede eller individuelle faconer p\u00e5 skilte, som vi hurtigt trykker.\u00a0Det er lette og robuste plastskilte p\u00e5 40 x 160\u00a0cm eller 60 x 160\u00a0cm, som hedder Stadurlon.<\/p>\n<p>Panel Base \u2013 Smart skilteholder fra Gdirekt er en displayfod i flot design! Produktet er fremstillet i aluminium med gummidupper, der beskytter gulvet. Foden er 40\u00a0cm bred, og skiltet skrues let fast med den medf\u00f8lgende unbrakon\u00f8gle.\u00a0Det h\u00e5rde letv\u00e6gtsmateriale er 10\u00a0mm tyk plast og hedder Stadurlon. Skiltene f\u00e5s i to standardm\u00e5l, der passer godt, og f\u00e5s til en god pris. Vi kan naturligvis hj\u00e6lpe jer med eget tryk p\u00e5 plader. Panel Base er en smart l\u00f8sning til reklameskilte og informationsskilte. Fordelen er, at det trykte display st\u00e5r helt lige og stabilt. Vi har sk\u00e6reborde, der sikrer perfekt form p\u00e5 skiltene.<\/p>\n<p>Derudover har vi et bredt udvalg, hvis I har andre ideer. Se eventuelt vores\u00a0<a href=\"https:\/\/www.gdirekt.se\/produkt-kategori\/skyltar\/\"><em>kategoriskilte.<\/em><\/a><strong><em>\u00a0<\/em><\/strong>Vi har masser af materialer at v\u00e6lge imellem. Det, som vi bruger til\u00a0Panel Base \u2013 Smart skilteholder, har en h\u00e5rd overflade, der b\u00e5de er robust og let. Vi er en af Norden st\u00f8rste leverand\u00f8rer af skilte, og vores moderselskab hedder\u00a0<a href=\"http:\/\/www.gigantprint.se\/\"><em>GigantPrint.<\/em><\/a><em><strong>\u00a0<\/strong><\/em>Kontakt os, hvis I vil k\u00f8be et st\u00f8rre antal metalskilte eller m\u00e6glerskilte. Ring p\u00e5 telefonnummer +46 (0)11-251515, eller send en e-mail til\u00a0<em>info@gdirekt.se<\/em><\/p>\n<p>Skiltefoden kan ogs\u00e5 k\u00f8bes separat, hvis man allerede har et trykt billede p\u00e5 en plade eller andet fladt materiale. Der kan stilles alle mulige materialer i, s\u00e5som tr\u00e6plader, plastplader, skumplader, Stadurlon-plader samt Re-board-skilte. Hvis I har brug for hj\u00e6lp til at v\u00e6lge materiale, er I meget velkomne til at kontakte os p\u00e5 telefonnummer +46 (0)11-251515. S\u00e5 skal vi s\u00f8rge for, at I f\u00e5r svar p\u00e5 jeres sp\u00f8rgsm\u00e5l.<\/p>\n","protected":false},"excerpt":{"rendered":"<p><span lang=\"DA\">Panel Base \u2013 Smart skilteholder er et displayskilt med billede p\u00e5 1\u00a0cm tykkelse. F\u00e5 reklamebudskaber i firkantede eller individuelle faconer p\u00e5 skilte, som vi hurtigt trykker.\u00a0Lette og holdbare plastplader 40x160cm eller 60x160cm kaldet Stadurlon.<\/span><\/p>\n","protected":false},"featured_media":8087,"template":"","meta":{"_acf_changed":false},"product_brand":[],"product_cat":[372],"product_tag":[],"class_list":{"0":"post-9476","1":"product","2":"type-product","3":"status-publish","4":"has-post-thumbnail","6":"product_cat-display-skilteholdere-skiltestander","7":"product_shipping_class-250kr","9":"first","10":"instock","11":"taxable","12":"shipping-taxable","13":"purchasable","14":"product-type-variable","15":"has-default-attributes"},"exclude_global_add_ons":[],"addons":[],"acf":[],"yoast_head":"<!-- This site is optimized with the Yoast SEO plugin v27.2 - https:\/\/yoast.com\/product\/yoast-seo-wordpress\/ -->\n<title>Panel Base \u2013 Smart skilteholder til trykte billeder til gulvstativet| Gdirekt.se<\/title>\n<meta name=\"description\" content=\"Panel Base \u2013 Smart skilteholder er et displayskilt med billede p\u00e5 1 cm tykkelse. F\u00e5 reklamebudskaber i firkantede eller individuelle faconer p\u00e5 skilte, som vi hurtigt trykker. K\u00f8b en fod til skiltet, eller bestil et helt gulvdisplay, hvor tryk og fod er inkluderet i prisen.\" \/>\n<meta name=\"robots\" content=\"index, follow, max-snippet:-1, max-image-preview:large, max-video-preview:-1\" \/>\n<link rel=\"canonical\" href=\"https:\/\/www.gdirekt.se\/da\/produkt\/panel-base-smart-skilteholder\/\" \/>\n<meta property=\"og:locale\" content=\"da_DK\" \/>\n<meta property=\"og:type\" content=\"article\" \/>\n<meta property=\"og:title\" content=\"Panel Base \u2013 Smart skilteholder til trykte billeder til gulvstativet| Gdirekt.se\" \/>\n<meta property=\"og:description\" content=\"Panel Base \u2013 Smart skilteholder er et displayskilt med billede p\u00e5 1 cm tykkelse. F\u00e5 reklamebudskaber i firkantede eller individuelle faconer p\u00e5 skilte, som vi hurtigt trykker. K\u00f8b en fod til skiltet, eller bestil et helt gulvdisplay, hvor tryk og fod er inkluderet i prisen.\" \/>\n<meta property=\"og:url\" content=\"https:\/\/www.gdirekt.se\/da\/produkt\/panel-base-smart-skilteholder\/\" \/>\n<meta property=\"og:site_name\" content=\"Gdirekt.se\" \/>\n<meta property=\"article:modified_time\" content=\"2019-01-11T11:37:42+00:00\" \/>\n<meta property=\"og:image\" content=\"https:\/\/www.gdirekt.se\/wp-content\/uploads\/Panel-Base-Gdirekt.png\" \/>\n\t<meta property=\"og:image:width\" content=\"1000\" \/>\n\t<meta property=\"og:image:height\" content=\"1000\" \/>\n\t<meta property=\"og:image:type\" content=\"image\/png\" \/>\n<meta name=\"twitter:card\" content=\"summary_large_image\" \/>\n<meta name=\"twitter:label1\" content=\"Estimeret l\u00e6setid\" \/>\n\t<meta name=\"twitter:data1\" content=\"2 minutter\" \/>\n<script type=\"application\/ld+json\" class=\"yoast-schema-graph\">{\"@context\":\"https:\/\/schema.org\",\"@graph\":[{\"@type\":\"WebPage\",\"@id\":\"https:\/\/www.gdirekt.se\/da\/produkt\/panel-base-smart-skilteholder\/\",\"url\":\"https:\/\/www.gdirekt.se\/da\/produkt\/panel-base-smart-skilteholder\/\",\"name\":\"Panel Base \u2013 Smart skilteholder til trykte billeder til gulvstativet| Gdirekt.se\",\"isPartOf\":{\"@id\":\"https:\/\/www.gdirekt.se\/#website\"},\"primaryImageOfPage\":{\"@id\":\"https:\/\/www.gdirekt.se\/da\/produkt\/panel-base-smart-skilteholder\/#primaryimage\"},\"image\":{\"@id\":\"https:\/\/www.gdirekt.se\/da\/produkt\/panel-base-smart-skilteholder\/#primaryimage\"},\"thumbnailUrl\":\"https:\/\/www.gdirekt.se\/wp-content\/uploads\/Panel-Base-Gdirekt.png\",\"datePublished\":\"2015-09-14T13:38:00+00:00\",\"dateModified\":\"2019-01-11T11:37:42+00:00\",\"description\":\"Panel Base \u2013 Smart skilteholder er et displayskilt med billede p\u00e5 1 cm tykkelse. F\u00e5 reklamebudskaber i firkantede eller individuelle faconer p\u00e5 skilte, som vi hurtigt trykker. K\u00f8b en fod til skiltet, eller bestil et helt gulvdisplay, hvor tryk og fod er inkluderet i prisen.\",\"breadcrumb\":{\"@id\":\"https:\/\/www.gdirekt.se\/da\/produkt\/panel-base-smart-skilteholder\/#breadcrumb\"},\"inLanguage\":\"da-DK\",\"potentialAction\":[{\"@type\":\"ReadAction\",\"target\":[\"https:\/\/www.gdirekt.se\/da\/produkt\/panel-base-smart-skilteholder\/\"]}]},{\"@type\":\"ImageObject\",\"inLanguage\":\"da-DK\",\"@id\":\"https:\/\/www.gdirekt.se\/da\/produkt\/panel-base-smart-skilteholder\/#primaryimage\",\"url\":\"https:\/\/www.gdirekt.se\/wp-content\/uploads\/Panel-Base-Gdirekt.png\",\"contentUrl\":\"https:\/\/www.gdirekt.se\/wp-content\/uploads\/Panel-Base-Gdirekt.png\",\"width\":1000,\"height\":1000,\"caption\":\"Displaystand Panel Base\"},{\"@type\":\"BreadcrumbList\",\"@id\":\"https:\/\/www.gdirekt.se\/da\/produkt\/panel-base-smart-skilteholder\/#breadcrumb\",\"itemListElement\":[{\"@type\":\"ListItem\",\"position\":1,\"name\":\"Hem\",\"item\":\"https:\/\/www.gdirekt.se\/da\/\"},{\"@type\":\"ListItem\",\"position\":2,\"name\":\"Start\",\"item\":\"https:\/\/www.gdirekt.se\/da\/\"},{\"@type\":\"ListItem\",\"position\":3,\"name\":\"Panel Base \u2013 Smart skilteholder\"}]},{\"@type\":\"WebSite\",\"@id\":\"https:\/\/www.gdirekt.se\/#website\",\"url\":\"https:\/\/www.gdirekt.se\/\",\"name\":\"Gdirekt.se\",\"description\":\"Tryck snabbt \u00e5 l\u00e4tt = Gdirekt\",\"potentialAction\":[{\"@type\":\"SearchAction\",\"target\":{\"@type\":\"EntryPoint\",\"urlTemplate\":\"https:\/\/www.gdirekt.se\/?s={search_term_string}\"},\"query-input\":{\"@type\":\"PropertyValueSpecification\",\"valueRequired\":true,\"valueName\":\"search_term_string\"}}],\"inLanguage\":\"da-DK\"}]}<\/script>\n<!-- \/ Yoast SEO plugin. -->","yoast_head_json":{"title":"Panel Base \u2013 Smart skilteholder til trykte billeder til gulvstativet| Gdirekt.se","description":"Panel Base \u2013 Smart skilteholder er et displayskilt med billede p\u00e5 1 cm tykkelse. F\u00e5 reklamebudskaber i firkantede eller individuelle faconer p\u00e5 skilte, som vi hurtigt trykker. K\u00f8b en fod til skiltet, eller bestil et helt gulvdisplay, hvor tryk og fod er inkluderet i prisen.","robots":{"index":"index","follow":"follow","max-snippet":"max-snippet:-1","max-image-preview":"max-image-preview:large","max-video-preview":"max-video-preview:-1"},"canonical":"https:\/\/www.gdirekt.se\/da\/produkt\/panel-base-smart-skilteholder\/","og_locale":"da_DK","og_type":"article","og_title":"Panel Base \u2013 Smart skilteholder til trykte billeder til gulvstativet| Gdirekt.se","og_description":"Panel Base \u2013 Smart skilteholder er et displayskilt med billede p\u00e5 1 cm tykkelse. F\u00e5 reklamebudskaber i firkantede eller individuelle faconer p\u00e5 skilte, som vi hurtigt trykker. K\u00f8b en fod til skiltet, eller bestil et helt gulvdisplay, hvor tryk og fod er inkluderet i prisen.","og_url":"https:\/\/www.gdirekt.se\/da\/produkt\/panel-base-smart-skilteholder\/","og_site_name":"Gdirekt.se","article_modified_time":"2019-01-11T11:37:42+00:00","og_image":[{"width":1000,"height":1000,"url":"https:\/\/www.gdirekt.se\/wp-content\/uploads\/Panel-Base-Gdirekt.png","type":"image\/png"}],"twitter_card":"summary_large_image","twitter_misc":{"Estimeret l\u00e6setid":"2 minutter"},"schema":{"@context":"https:\/\/schema.org","@graph":[{"@type":"WebPage","@id":"https:\/\/www.gdirekt.se\/da\/produkt\/panel-base-smart-skilteholder\/","url":"https:\/\/www.gdirekt.se\/da\/produkt\/panel-base-smart-skilteholder\/","name":"Panel Base \u2013 Smart skilteholder til trykte billeder til gulvstativet| Gdirekt.se","isPartOf":{"@id":"https:\/\/www.gdirekt.se\/#website"},"primaryImageOfPage":{"@id":"https:\/\/www.gdirekt.se\/da\/produkt\/panel-base-smart-skilteholder\/#primaryimage"},"image":{"@id":"https:\/\/www.gdirekt.se\/da\/produkt\/panel-base-smart-skilteholder\/#primaryimage"},"thumbnailUrl":"https:\/\/www.gdirekt.se\/wp-content\/uploads\/Panel-Base-Gdirekt.png","datePublished":"2015-09-14T13:38:00+00:00","dateModified":"2019-01-11T11:37:42+00:00","description":"Panel Base \u2013 Smart skilteholder er et displayskilt med billede p\u00e5 1 cm tykkelse. F\u00e5 reklamebudskaber i firkantede eller individuelle faconer p\u00e5 skilte, som vi hurtigt trykker. K\u00f8b en fod til skiltet, eller bestil et helt gulvdisplay, hvor tryk og fod er inkluderet i prisen.","breadcrumb":{"@id":"https:\/\/www.gdirekt.se\/da\/produkt\/panel-base-smart-skilteholder\/#breadcrumb"},"inLanguage":"da-DK","potentialAction":[{"@type":"ReadAction","target":["https:\/\/www.gdirekt.se\/da\/produkt\/panel-base-smart-skilteholder\/"]}]},{"@type":"ImageObject","inLanguage":"da-DK","@id":"https:\/\/www.gdirekt.se\/da\/produkt\/panel-base-smart-skilteholder\/#primaryimage","url":"https:\/\/www.gdirekt.se\/wp-content\/uploads\/Panel-Base-Gdirekt.png","contentUrl":"https:\/\/www.gdirekt.se\/wp-content\/uploads\/Panel-Base-Gdirekt.png","width":1000,"height":1000,"caption":"Displaystand Panel Base"},{"@type":"BreadcrumbList","@id":"https:\/\/www.gdirekt.se\/da\/produkt\/panel-base-smart-skilteholder\/#breadcrumb","itemListElement":[{"@type":"ListItem","position":1,"name":"Hem","item":"https:\/\/www.gdirekt.se\/da\/"},{"@type":"ListItem","position":2,"name":"Start","item":"https:\/\/www.gdirekt.se\/da\/"},{"@type":"ListItem","position":3,"name":"Panel Base \u2013 Smart skilteholder"}]},{"@type":"WebSite","@id":"https:\/\/www.gdirekt.se\/#website","url":"https:\/\/www.gdirekt.se\/","name":"Gdirekt.se","description":"Tryck snabbt \u00e5 l\u00e4tt = Gdirekt","potentialAction":[{"@type":"SearchAction","target":{"@type":"EntryPoint","urlTemplate":"https:\/\/www.gdirekt.se\/?s={search_term_string}"},"query-input":{"@type":"PropertyValueSpecification","valueRequired":true,"valueName":"search_term_string"}}],"inLanguage":"da-DK"}]}},"_links":{"self":[{"href":"https:\/\/www.gdirekt.se\/da\/wp-json\/wp\/v2\/product\/9476","targetHints":{"allow":["GET"]}}],"collection":[{"href":"https:\/\/www.gdirekt.se\/da\/wp-json\/wp\/v2\/product"}],"about":[{"href":"https:\/\/www.gdirekt.se\/da\/wp-json\/wp\/v2\/types\/product"}],"wp:featuredmedia":[{"embeddable":true,"href":"https:\/\/www.gdirekt.se\/da\/wp-json\/wp\/v2\/media\/8087"}],"wp:attachment":[{"href":"https:\/\/www.gdirekt.se\/da\/wp-json\/wp\/v2\/media?parent=9476"}],"wp:term":[{"taxonomy":"product_brand","embeddable":true,"href":"https:\/\/www.gdirekt.se\/da\/wp-json\/wp\/v2\/product_brand?post=9476"},{"taxonomy":"product_cat","embeddable":true,"href":"https:\/\/www.gdirekt.se\/da\/wp-json\/wp\/v2\/product_cat?post=9476"},{"taxonomy":"product_tag","embeddable":true,"href":"https:\/\/www.gdirekt.se\/da\/wp-json\/wp\/v2\/product_tag?post=9476"}],"curies":[{"name":"wp","href":"https:\/\/api.w.org\/{rel}","templated":true}]}}