{"id":9471,"date":"2016-12-14T16:37:48","date_gmt":"2016-12-14T15:37:48","guid":{"rendered":"http:\/\/gdirekt.hamstage.hamrenmedia.se\/produkt\/billedbanner-til-magnet-frame-butiksstander\/"},"modified":"2019-01-16T15:33:23","modified_gmt":"2019-01-16T14:33:23","slug":"billedbanner-til-magnet-frame-butiksstander","status":"publish","type":"product","link":"https:\/\/www.gdirekt.se\/da\/produkt\/billedbanner-til-magnet-frame-butiksstander\/","title":{"rendered":"Billedbanner til Magnet Frame \u2013 butiksstander"},"content":{"rendered":"<p>Billedbanner til Magnet Frame \u2013 butiksstander passer til den dobbeltsidede butiksstander, hvor det er let at skifte billeder. Den har et flot design med en aluminiumliste, der giver en smuk indramning af billedet.\u00a0Gdirekt udv\u00e6lger kun gode gulvstandere af h\u00f8j kvalitet. Billedet udstyres med magnetlister og fremstilles i 0,35\u00a0mm tyk robust plast. F\u00e5s i fire st\u00f8rrelser. V\u00e6lg mellem en bredde p\u00e5 40\u00a0cm eller 61\u00a0cm og en h\u00f8jde p\u00e5 160\u00a0cm eller 180\u00a0cm. Billedpanelerne m\u00e5ler 40 x 158,5\u00a0cm, 40 x 178,5\u00a0cm, 61 x 158,5\u00a0cm og 61 x 178,5\u00a0cm<\/p>\n<p>Displaysystemets ramme st\u00e5r lige og stabilt efter hurtig og let montering. Monteringen klares p\u00e5 et par sekunder vha. magneter, og en f\u00e5 millimeter tyk aluminiumsliste indrammer billedet. Disse gulvstandere eller displaystandere kan bruges i butikker, butikscentre, hos bilforhandlere samt i forretninger og andre offentlige steder. Det er meget let at bestille nye billedpaneler hos Gdirekt.<\/p>\n","protected":false},"excerpt":{"rendered":"<p>Butiksstanderen Magnet Frame fra Gdirekt er en displaystander, hvor billederne kan udskiftes p\u00e5 et par sekunder, da de er sat fast med magnet! Standeren f\u00e5s i bredden 40\u00a0cm og 61\u00a0cm\u00a0og h\u00f8jden 160\u00a0cm (billedpanel 158,5\u00a0cm) eller 180\u00a0cm (billedpanel 178,5\u00a0cm).<\/p>\n","protected":false},"featured_media":8287,"template":"","meta":{"_acf_changed":false},"product_brand":[],"product_cat":[372],"product_tag":[],"class_list":{"0":"post-9471","1":"product","2":"type-product","3":"status-publish","4":"has-post-thumbnail","6":"product_cat-display-skilteholdere-skiltestander","7":"product_shipping_class-250kr","9":"first","10":"instock","11":"taxable","12":"shipping-taxable","13":"purchasable","14":"product-type-variable","15":"has-default-attributes"},"exclude_global_add_ons":[],"addons":[],"acf":[],"yoast_head":"<!-- This site is optimized with the Yoast SEO plugin v27.2 - https:\/\/yoast.com\/product\/yoast-seo-wordpress\/ -->\n<title>Billedbanner til Magnet Frame \u2013 butiksstander, bestil udskriften | Gdirekt.se<\/title>\n<meta name=\"description\" content=\"Billedbanner til Magnet Frame \u2013 butiksstander passer til displaystanderen, hvor billederne kan udskiftes p\u00e5 et par sekunder, da de er sat fast med magnet! Et smart skiltesystem.\" \/>\n<meta name=\"robots\" content=\"index, follow, max-snippet:-1, max-image-preview:large, max-video-preview:-1\" \/>\n<link rel=\"canonical\" href=\"https:\/\/www.gdirekt.se\/da\/produkt\/billedbanner-til-magnet-frame-butiksstander\/\" \/>\n<meta property=\"og:locale\" content=\"da_DK\" \/>\n<meta property=\"og:type\" content=\"article\" \/>\n<meta property=\"og:title\" content=\"Billedbanner til Magnet Frame \u2013 butiksstander, bestil udskriften | Gdirekt.se\" \/>\n<meta property=\"og:description\" content=\"Billedbanner til Magnet Frame \u2013 butiksstander passer til displaystanderen, hvor billederne kan udskiftes p\u00e5 et par sekunder, da de er sat fast med magnet! Et smart skiltesystem.\" \/>\n<meta property=\"og:url\" content=\"https:\/\/www.gdirekt.se\/da\/produkt\/billedbanner-til-magnet-frame-butiksstander\/\" \/>\n<meta property=\"og:site_name\" content=\"Gdirekt.se\" \/>\n<meta property=\"article:modified_time\" content=\"2019-01-16T14:33:23+00:00\" \/>\n<meta property=\"og:image\" content=\"https:\/\/www.gdirekt.se\/wp-content\/uploads\/magnetframe_bild.png\" \/>\n\t<meta property=\"og:image:width\" content=\"1000\" \/>\n\t<meta property=\"og:image:height\" content=\"1000\" \/>\n\t<meta property=\"og:image:type\" content=\"image\/png\" \/>\n<meta name=\"twitter:card\" content=\"summary_large_image\" \/>\n<meta name=\"twitter:label1\" content=\"Estimeret l\u00e6setid\" \/>\n\t<meta name=\"twitter:data1\" content=\"1 minut\" \/>\n<script type=\"application\/ld+json\" class=\"yoast-schema-graph\">{\"@context\":\"https:\/\/schema.org\",\"@graph\":[{\"@type\":\"WebPage\",\"@id\":\"https:\/\/www.gdirekt.se\/da\/produkt\/billedbanner-til-magnet-frame-butiksstander\/\",\"url\":\"https:\/\/www.gdirekt.se\/da\/produkt\/billedbanner-til-magnet-frame-butiksstander\/\",\"name\":\"Billedbanner til Magnet Frame \u2013 butiksstander, bestil udskriften | Gdirekt.se\",\"isPartOf\":{\"@id\":\"https:\/\/www.gdirekt.se\/#website\"},\"primaryImageOfPage\":{\"@id\":\"https:\/\/www.gdirekt.se\/da\/produkt\/billedbanner-til-magnet-frame-butiksstander\/#primaryimage\"},\"image\":{\"@id\":\"https:\/\/www.gdirekt.se\/da\/produkt\/billedbanner-til-magnet-frame-butiksstander\/#primaryimage\"},\"thumbnailUrl\":\"https:\/\/www.gdirekt.se\/wp-content\/uploads\/magnetframe_bild.png\",\"datePublished\":\"2016-12-14T15:37:48+00:00\",\"dateModified\":\"2019-01-16T14:33:23+00:00\",\"description\":\"Billedbanner til Magnet Frame \u2013 butiksstander passer til displaystanderen, hvor billederne kan udskiftes p\u00e5 et par sekunder, da de er sat fast med magnet! Et smart skiltesystem.\",\"breadcrumb\":{\"@id\":\"https:\/\/www.gdirekt.se\/da\/produkt\/billedbanner-til-magnet-frame-butiksstander\/#breadcrumb\"},\"inLanguage\":\"da-DK\",\"potentialAction\":[{\"@type\":\"ReadAction\",\"target\":[\"https:\/\/www.gdirekt.se\/da\/produkt\/billedbanner-til-magnet-frame-butiksstander\/\"]}]},{\"@type\":\"ImageObject\",\"inLanguage\":\"da-DK\",\"@id\":\"https:\/\/www.gdirekt.se\/da\/produkt\/billedbanner-til-magnet-frame-butiksstander\/#primaryimage\",\"url\":\"https:\/\/www.gdirekt.se\/wp-content\/uploads\/magnetframe_bild.png\",\"contentUrl\":\"https:\/\/www.gdirekt.se\/wp-content\/uploads\/magnetframe_bild.png\",\"width\":1000,\"height\":1000,\"caption\":\"Billede banner til magnetisk stand\"},{\"@type\":\"BreadcrumbList\",\"@id\":\"https:\/\/www.gdirekt.se\/da\/produkt\/billedbanner-til-magnet-frame-butiksstander\/#breadcrumb\",\"itemListElement\":[{\"@type\":\"ListItem\",\"position\":1,\"name\":\"Hem\",\"item\":\"https:\/\/www.gdirekt.se\/da\/\"},{\"@type\":\"ListItem\",\"position\":2,\"name\":\"Start\",\"item\":\"https:\/\/www.gdirekt.se\/da\/\"},{\"@type\":\"ListItem\",\"position\":3,\"name\":\"Billedbanner til Magnet Frame \u2013 butiksstander\"}]},{\"@type\":\"WebSite\",\"@id\":\"https:\/\/www.gdirekt.se\/#website\",\"url\":\"https:\/\/www.gdirekt.se\/\",\"name\":\"Gdirekt.se\",\"description\":\"Tryck snabbt \u00e5 l\u00e4tt = Gdirekt\",\"potentialAction\":[{\"@type\":\"SearchAction\",\"target\":{\"@type\":\"EntryPoint\",\"urlTemplate\":\"https:\/\/www.gdirekt.se\/?s={search_term_string}\"},\"query-input\":{\"@type\":\"PropertyValueSpecification\",\"valueRequired\":true,\"valueName\":\"search_term_string\"}}],\"inLanguage\":\"da-DK\"}]}<\/script>\n<!-- \/ Yoast SEO plugin. -->","yoast_head_json":{"title":"Billedbanner til Magnet Frame \u2013 butiksstander, bestil udskriften | Gdirekt.se","description":"Billedbanner til Magnet Frame \u2013 butiksstander passer til displaystanderen, hvor billederne kan udskiftes p\u00e5 et par sekunder, da de er sat fast med magnet! Et smart skiltesystem.","robots":{"index":"index","follow":"follow","max-snippet":"max-snippet:-1","max-image-preview":"max-image-preview:large","max-video-preview":"max-video-preview:-1"},"canonical":"https:\/\/www.gdirekt.se\/da\/produkt\/billedbanner-til-magnet-frame-butiksstander\/","og_locale":"da_DK","og_type":"article","og_title":"Billedbanner til Magnet Frame \u2013 butiksstander, bestil udskriften | Gdirekt.se","og_description":"Billedbanner til Magnet Frame \u2013 butiksstander passer til displaystanderen, hvor billederne kan udskiftes p\u00e5 et par sekunder, da de er sat fast med magnet! Et smart skiltesystem.","og_url":"https:\/\/www.gdirekt.se\/da\/produkt\/billedbanner-til-magnet-frame-butiksstander\/","og_site_name":"Gdirekt.se","article_modified_time":"2019-01-16T14:33:23+00:00","og_image":[{"width":1000,"height":1000,"url":"https:\/\/www.gdirekt.se\/wp-content\/uploads\/magnetframe_bild.png","type":"image\/png"}],"twitter_card":"summary_large_image","twitter_misc":{"Estimeret l\u00e6setid":"1 minut"},"schema":{"@context":"https:\/\/schema.org","@graph":[{"@type":"WebPage","@id":"https:\/\/www.gdirekt.se\/da\/produkt\/billedbanner-til-magnet-frame-butiksstander\/","url":"https:\/\/www.gdirekt.se\/da\/produkt\/billedbanner-til-magnet-frame-butiksstander\/","name":"Billedbanner til Magnet Frame \u2013 butiksstander, bestil udskriften | Gdirekt.se","isPartOf":{"@id":"https:\/\/www.gdirekt.se\/#website"},"primaryImageOfPage":{"@id":"https:\/\/www.gdirekt.se\/da\/produkt\/billedbanner-til-magnet-frame-butiksstander\/#primaryimage"},"image":{"@id":"https:\/\/www.gdirekt.se\/da\/produkt\/billedbanner-til-magnet-frame-butiksstander\/#primaryimage"},"thumbnailUrl":"https:\/\/www.gdirekt.se\/wp-content\/uploads\/magnetframe_bild.png","datePublished":"2016-12-14T15:37:48+00:00","dateModified":"2019-01-16T14:33:23+00:00","description":"Billedbanner til Magnet Frame \u2013 butiksstander passer til displaystanderen, hvor billederne kan udskiftes p\u00e5 et par sekunder, da de er sat fast med magnet! Et smart skiltesystem.","breadcrumb":{"@id":"https:\/\/www.gdirekt.se\/da\/produkt\/billedbanner-til-magnet-frame-butiksstander\/#breadcrumb"},"inLanguage":"da-DK","potentialAction":[{"@type":"ReadAction","target":["https:\/\/www.gdirekt.se\/da\/produkt\/billedbanner-til-magnet-frame-butiksstander\/"]}]},{"@type":"ImageObject","inLanguage":"da-DK","@id":"https:\/\/www.gdirekt.se\/da\/produkt\/billedbanner-til-magnet-frame-butiksstander\/#primaryimage","url":"https:\/\/www.gdirekt.se\/wp-content\/uploads\/magnetframe_bild.png","contentUrl":"https:\/\/www.gdirekt.se\/wp-content\/uploads\/magnetframe_bild.png","width":1000,"height":1000,"caption":"Billede banner til magnetisk stand"},{"@type":"BreadcrumbList","@id":"https:\/\/www.gdirekt.se\/da\/produkt\/billedbanner-til-magnet-frame-butiksstander\/#breadcrumb","itemListElement":[{"@type":"ListItem","position":1,"name":"Hem","item":"https:\/\/www.gdirekt.se\/da\/"},{"@type":"ListItem","position":2,"name":"Start","item":"https:\/\/www.gdirekt.se\/da\/"},{"@type":"ListItem","position":3,"name":"Billedbanner til Magnet Frame \u2013 butiksstander"}]},{"@type":"WebSite","@id":"https:\/\/www.gdirekt.se\/#website","url":"https:\/\/www.gdirekt.se\/","name":"Gdirekt.se","description":"Tryck snabbt \u00e5 l\u00e4tt = Gdirekt","potentialAction":[{"@type":"SearchAction","target":{"@type":"EntryPoint","urlTemplate":"https:\/\/www.gdirekt.se\/?s={search_term_string}"},"query-input":{"@type":"PropertyValueSpecification","valueRequired":true,"valueName":"search_term_string"}}],"inLanguage":"da-DK"}]}},"_links":{"self":[{"href":"https:\/\/www.gdirekt.se\/da\/wp-json\/wp\/v2\/product\/9471","targetHints":{"allow":["GET"]}}],"collection":[{"href":"https:\/\/www.gdirekt.se\/da\/wp-json\/wp\/v2\/product"}],"about":[{"href":"https:\/\/www.gdirekt.se\/da\/wp-json\/wp\/v2\/types\/product"}],"wp:featuredmedia":[{"embeddable":true,"href":"https:\/\/www.gdirekt.se\/da\/wp-json\/wp\/v2\/media\/8287"}],"wp:attachment":[{"href":"https:\/\/www.gdirekt.se\/da\/wp-json\/wp\/v2\/media?parent=9471"}],"wp:term":[{"taxonomy":"product_brand","embeddable":true,"href":"https:\/\/www.gdirekt.se\/da\/wp-json\/wp\/v2\/product_brand?post=9471"},{"taxonomy":"product_cat","embeddable":true,"href":"https:\/\/www.gdirekt.se\/da\/wp-json\/wp\/v2\/product_cat?post=9471"},{"taxonomy":"product_tag","embeddable":true,"href":"https:\/\/www.gdirekt.se\/da\/wp-json\/wp\/v2\/product_tag?post=9471"}],"curies":[{"name":"wp","href":"https:\/\/api.w.org\/{rel}","templated":true}]}}