{"id":9466,"date":"2015-09-15T16:40:31","date_gmt":"2015-09-15T14:40:31","guid":{"rendered":"http:\/\/gdirekt.hamstage.hamrenmedia.se\/produkt\/magnet-frame-butiksstall\/"},"modified":"2019-01-11T12:37:18","modified_gmt":"2019-01-11T11:37:18","slug":"magnet-frame-butiksstander","status":"publish","type":"product","link":"https:\/\/www.gdirekt.se\/da\/produkt\/magnet-frame-butiksstander\/","title":{"rendered":"Magnet Frame \u2013 butiksstander"},"content":{"rendered":"<p><span lang=\"DA\">Magnet Frame \u2013 butiksstander er en dobbeltsidet butiksstander, hvor det er let at skifte billeder. Den har et flot design med en aluminiumliste, der giver en smuk indramning af billedet.\u00a0Gdirekt udv\u00e6lger kun gode gulvstandere af h\u00f8j kvalitet. Billedet udstyres med magnetlister og fremstilles i 0,35\u00a0mm tyk robust plast. F\u00e5s i fire st\u00f8rrelser. V\u00e6lg mellem en bredde p\u00e5 40\u00a0cm eller 61\u00a0cm og en h\u00f8jde p\u00e5 160\u00a0cm eller 180\u00a0cm. Billedpanelerne m\u00e5ler 40 x 158,5\u00a0cm, 40 x 178,5\u00a0cm, 61 x 158,5\u00a0cm og 61 x 178,5\u00a0cm.<\/span><\/p>\n<p><span lang=\"DA\">Displaysystemets ramme st\u00e5r lige og stabilt efter hurtig og let montering. Monteringen klares p\u00e5 et par sekunder vha. magneter, og en f\u00e5 millimeter tyk aluminiumsliste indrammer billedet. Disse gulvstandere eller displaystandere kan bruges i butikker, butikscentre, hos bilforhandlere samt i forretninger og andre offentlige steder. Det er meget let at bestille nye billedpaneler hos Gdirekt. Se flere typer butiksstandere, der kan bestilles online, i vores<span class=\"apple-converted-space\">\u00a0<\/span><\/span><span lang=\"DA\"><a href=\"https:\/\/www.gdirekt.se\/produkt-kategori\/display-skylthallare-skyltstall\/\"><b><i>webshop<\/i><\/b><\/a><\/span><span lang=\"DA\">.<\/span><\/p>\n<p><span lang=\"DA\">Magnet Frame \u2013 butiksstander k\u00f8bes stykvis, uanset om du har brug for \u00e9n stander eller et par stykker. Kontakt os p\u00e5 telefonnummer +46 (0)11-251515, eller send en e-mail til <span class=\"apple-converted-space\">\u00a0<\/span><\/span><span lang=\"DA\"><a><b><i>info@gdirekt.se<\/i><\/b><\/a><\/span><span lang=\"DA\">, hvis I \u00f8nsker et stort antal til en hel butiksk\u00e6de. S\u00e5 vender vi tilbage hurtigst muligt.<\/span><\/p>\n","protected":false},"excerpt":{"rendered":"<p>Butiksstanderen Magnet Frame fra Gdirekt er en displaystander, hvor billederne kan udskiftes p\u00e5 et par sekunder, da de er sat fast med magnet! Standeren f\u00e5s i bredden 40\u00a0cm og 61\u00a0cm\u00a0og h\u00f8jden 160\u00a0cm (billedpanel 158,5\u00a0cm) eller 180\u00a0cm (billedpanel 178,5\u00a0cm).<strong>To billedbannere er inkluderet i prisen.<\/strong><\/p>\n","protected":false},"featured_media":8097,"template":"","meta":{"_acf_changed":false},"product_brand":[],"product_cat":[372],"product_tag":[],"class_list":{"0":"post-9466","1":"product","2":"type-product","3":"status-publish","4":"has-post-thumbnail","6":"product_cat-display-skilteholdere-skiltestander","7":"product_shipping_class-250kr","9":"first","10":"instock","11":"taxable","12":"shipping-taxable","13":"purchasable","14":"product-type-variable","15":"has-default-attributes"},"exclude_global_add_ons":[],"addons":[],"acf":[],"yoast_head":"<!-- This site is optimized with the Yoast SEO plugin v27.2 - https:\/\/yoast.com\/product\/yoast-seo-wordpress\/ -->\n<title>Magnet Frame \u2013 butiksstander, trykt billede er inkluderet i prisen | Gdirekt.se<\/title>\n<meta name=\"description\" content=\"Magnet Frame \u2013 butiksstander er en displaystander, hvor billederne kan udskiftes p\u00e5 et par sekunder, da de er sat fast med magnet! Et smart skiltesystem med trykte budskaber om produkter og tilbud. Trykket er inkluderet i prisen.\" \/>\n<meta name=\"robots\" content=\"index, follow, max-snippet:-1, max-image-preview:large, max-video-preview:-1\" \/>\n<link rel=\"canonical\" href=\"https:\/\/www.gdirekt.se\/da\/produkt\/magnet-frame-butiksstander\/\" \/>\n<meta property=\"og:locale\" content=\"da_DK\" \/>\n<meta property=\"og:type\" content=\"article\" \/>\n<meta property=\"og:title\" content=\"Magnet Frame \u2013 butiksstander, trykt billede er inkluderet i prisen | Gdirekt.se\" \/>\n<meta property=\"og:description\" content=\"Magnet Frame \u2013 butiksstander er en displaystander, hvor billederne kan udskiftes p\u00e5 et par sekunder, da de er sat fast med magnet! Et smart skiltesystem med trykte budskaber om produkter og tilbud. Trykket er inkluderet i prisen.\" \/>\n<meta property=\"og:url\" content=\"https:\/\/www.gdirekt.se\/da\/produkt\/magnet-frame-butiksstander\/\" \/>\n<meta property=\"og:site_name\" content=\"Gdirekt.se\" \/>\n<meta property=\"article:modified_time\" content=\"2019-01-11T11:37:18+00:00\" \/>\n<meta property=\"og:image\" content=\"https:\/\/www.gdirekt.se\/wp-content\/uploads\/Expolinc_MF_w_panel_HIGH.png\" \/>\n\t<meta property=\"og:image:width\" content=\"1000\" \/>\n\t<meta property=\"og:image:height\" content=\"1000\" \/>\n\t<meta property=\"og:image:type\" content=\"image\/png\" \/>\n<meta name=\"twitter:card\" content=\"summary_large_image\" \/>\n<meta name=\"twitter:label1\" content=\"Estimeret l\u00e6setid\" \/>\n\t<meta name=\"twitter:data1\" content=\"1 minut\" \/>\n<script type=\"application\/ld+json\" class=\"yoast-schema-graph\">{\"@context\":\"https:\/\/schema.org\",\"@graph\":[{\"@type\":\"WebPage\",\"@id\":\"https:\/\/www.gdirekt.se\/da\/produkt\/magnet-frame-butiksstander\/\",\"url\":\"https:\/\/www.gdirekt.se\/da\/produkt\/magnet-frame-butiksstander\/\",\"name\":\"Magnet Frame \u2013 butiksstander, trykt billede er inkluderet i prisen | Gdirekt.se\",\"isPartOf\":{\"@id\":\"https:\/\/www.gdirekt.se\/#website\"},\"primaryImageOfPage\":{\"@id\":\"https:\/\/www.gdirekt.se\/da\/produkt\/magnet-frame-butiksstander\/#primaryimage\"},\"image\":{\"@id\":\"https:\/\/www.gdirekt.se\/da\/produkt\/magnet-frame-butiksstander\/#primaryimage\"},\"thumbnailUrl\":\"https:\/\/www.gdirekt.se\/wp-content\/uploads\/Expolinc_MF_w_panel_HIGH.png\",\"datePublished\":\"2015-09-15T14:40:31+00:00\",\"dateModified\":\"2019-01-11T11:37:18+00:00\",\"description\":\"Magnet Frame \u2013 butiksstander er en displaystander, hvor billederne kan udskiftes p\u00e5 et par sekunder, da de er sat fast med magnet! Et smart skiltesystem med trykte budskaber om produkter og tilbud. Trykket er inkluderet i prisen.\",\"breadcrumb\":{\"@id\":\"https:\/\/www.gdirekt.se\/da\/produkt\/magnet-frame-butiksstander\/#breadcrumb\"},\"inLanguage\":\"da-DK\",\"potentialAction\":[{\"@type\":\"ReadAction\",\"target\":[\"https:\/\/www.gdirekt.se\/da\/produkt\/magnet-frame-butiksstander\/\"]}]},{\"@type\":\"ImageObject\",\"inLanguage\":\"da-DK\",\"@id\":\"https:\/\/www.gdirekt.se\/da\/produkt\/magnet-frame-butiksstander\/#primaryimage\",\"url\":\"https:\/\/www.gdirekt.se\/wp-content\/uploads\/Expolinc_MF_w_panel_HIGH.png\",\"contentUrl\":\"https:\/\/www.gdirekt.se\/wp-content\/uploads\/Expolinc_MF_w_panel_HIGH.png\",\"width\":1000,\"height\":1000,\"caption\":\"Gdirekts gulvstander Magnet Frame\"},{\"@type\":\"BreadcrumbList\",\"@id\":\"https:\/\/www.gdirekt.se\/da\/produkt\/magnet-frame-butiksstander\/#breadcrumb\",\"itemListElement\":[{\"@type\":\"ListItem\",\"position\":1,\"name\":\"Hem\",\"item\":\"https:\/\/www.gdirekt.se\/da\/\"},{\"@type\":\"ListItem\",\"position\":2,\"name\":\"Start\",\"item\":\"https:\/\/www.gdirekt.se\/da\/\"},{\"@type\":\"ListItem\",\"position\":3,\"name\":\"Magnet Frame \u2013 butiksstander\"}]},{\"@type\":\"WebSite\",\"@id\":\"https:\/\/www.gdirekt.se\/#website\",\"url\":\"https:\/\/www.gdirekt.se\/\",\"name\":\"Gdirekt.se\",\"description\":\"Tryck snabbt \u00e5 l\u00e4tt = Gdirekt\",\"potentialAction\":[{\"@type\":\"SearchAction\",\"target\":{\"@type\":\"EntryPoint\",\"urlTemplate\":\"https:\/\/www.gdirekt.se\/?s={search_term_string}\"},\"query-input\":{\"@type\":\"PropertyValueSpecification\",\"valueRequired\":true,\"valueName\":\"search_term_string\"}}],\"inLanguage\":\"da-DK\"}]}<\/script>\n<!-- \/ Yoast SEO plugin. -->","yoast_head_json":{"title":"Magnet Frame \u2013 butiksstander, trykt billede er inkluderet i prisen | Gdirekt.se","description":"Magnet Frame \u2013 butiksstander er en displaystander, hvor billederne kan udskiftes p\u00e5 et par sekunder, da de er sat fast med magnet! Et smart skiltesystem med trykte budskaber om produkter og tilbud. Trykket er inkluderet i prisen.","robots":{"index":"index","follow":"follow","max-snippet":"max-snippet:-1","max-image-preview":"max-image-preview:large","max-video-preview":"max-video-preview:-1"},"canonical":"https:\/\/www.gdirekt.se\/da\/produkt\/magnet-frame-butiksstander\/","og_locale":"da_DK","og_type":"article","og_title":"Magnet Frame \u2013 butiksstander, trykt billede er inkluderet i prisen | Gdirekt.se","og_description":"Magnet Frame \u2013 butiksstander er en displaystander, hvor billederne kan udskiftes p\u00e5 et par sekunder, da de er sat fast med magnet! Et smart skiltesystem med trykte budskaber om produkter og tilbud. Trykket er inkluderet i prisen.","og_url":"https:\/\/www.gdirekt.se\/da\/produkt\/magnet-frame-butiksstander\/","og_site_name":"Gdirekt.se","article_modified_time":"2019-01-11T11:37:18+00:00","og_image":[{"width":1000,"height":1000,"url":"https:\/\/www.gdirekt.se\/wp-content\/uploads\/Expolinc_MF_w_panel_HIGH.png","type":"image\/png"}],"twitter_card":"summary_large_image","twitter_misc":{"Estimeret l\u00e6setid":"1 minut"},"schema":{"@context":"https:\/\/schema.org","@graph":[{"@type":"WebPage","@id":"https:\/\/www.gdirekt.se\/da\/produkt\/magnet-frame-butiksstander\/","url":"https:\/\/www.gdirekt.se\/da\/produkt\/magnet-frame-butiksstander\/","name":"Magnet Frame \u2013 butiksstander, trykt billede er inkluderet i prisen | Gdirekt.se","isPartOf":{"@id":"https:\/\/www.gdirekt.se\/#website"},"primaryImageOfPage":{"@id":"https:\/\/www.gdirekt.se\/da\/produkt\/magnet-frame-butiksstander\/#primaryimage"},"image":{"@id":"https:\/\/www.gdirekt.se\/da\/produkt\/magnet-frame-butiksstander\/#primaryimage"},"thumbnailUrl":"https:\/\/www.gdirekt.se\/wp-content\/uploads\/Expolinc_MF_w_panel_HIGH.png","datePublished":"2015-09-15T14:40:31+00:00","dateModified":"2019-01-11T11:37:18+00:00","description":"Magnet Frame \u2013 butiksstander er en displaystander, hvor billederne kan udskiftes p\u00e5 et par sekunder, da de er sat fast med magnet! Et smart skiltesystem med trykte budskaber om produkter og tilbud. Trykket er inkluderet i prisen.","breadcrumb":{"@id":"https:\/\/www.gdirekt.se\/da\/produkt\/magnet-frame-butiksstander\/#breadcrumb"},"inLanguage":"da-DK","potentialAction":[{"@type":"ReadAction","target":["https:\/\/www.gdirekt.se\/da\/produkt\/magnet-frame-butiksstander\/"]}]},{"@type":"ImageObject","inLanguage":"da-DK","@id":"https:\/\/www.gdirekt.se\/da\/produkt\/magnet-frame-butiksstander\/#primaryimage","url":"https:\/\/www.gdirekt.se\/wp-content\/uploads\/Expolinc_MF_w_panel_HIGH.png","contentUrl":"https:\/\/www.gdirekt.se\/wp-content\/uploads\/Expolinc_MF_w_panel_HIGH.png","width":1000,"height":1000,"caption":"Gdirekts gulvstander Magnet Frame"},{"@type":"BreadcrumbList","@id":"https:\/\/www.gdirekt.se\/da\/produkt\/magnet-frame-butiksstander\/#breadcrumb","itemListElement":[{"@type":"ListItem","position":1,"name":"Hem","item":"https:\/\/www.gdirekt.se\/da\/"},{"@type":"ListItem","position":2,"name":"Start","item":"https:\/\/www.gdirekt.se\/da\/"},{"@type":"ListItem","position":3,"name":"Magnet Frame \u2013 butiksstander"}]},{"@type":"WebSite","@id":"https:\/\/www.gdirekt.se\/#website","url":"https:\/\/www.gdirekt.se\/","name":"Gdirekt.se","description":"Tryck snabbt \u00e5 l\u00e4tt = Gdirekt","potentialAction":[{"@type":"SearchAction","target":{"@type":"EntryPoint","urlTemplate":"https:\/\/www.gdirekt.se\/?s={search_term_string}"},"query-input":{"@type":"PropertyValueSpecification","valueRequired":true,"valueName":"search_term_string"}}],"inLanguage":"da-DK"}]}},"_links":{"self":[{"href":"https:\/\/www.gdirekt.se\/da\/wp-json\/wp\/v2\/product\/9466","targetHints":{"allow":["GET"]}}],"collection":[{"href":"https:\/\/www.gdirekt.se\/da\/wp-json\/wp\/v2\/product"}],"about":[{"href":"https:\/\/www.gdirekt.se\/da\/wp-json\/wp\/v2\/types\/product"}],"wp:featuredmedia":[{"embeddable":true,"href":"https:\/\/www.gdirekt.se\/da\/wp-json\/wp\/v2\/media\/8097"}],"wp:attachment":[{"href":"https:\/\/www.gdirekt.se\/da\/wp-json\/wp\/v2\/media?parent=9466"}],"wp:term":[{"taxonomy":"product_brand","embeddable":true,"href":"https:\/\/www.gdirekt.se\/da\/wp-json\/wp\/v2\/product_brand?post=9466"},{"taxonomy":"product_cat","embeddable":true,"href":"https:\/\/www.gdirekt.se\/da\/wp-json\/wp\/v2\/product_cat?post=9466"},{"taxonomy":"product_tag","embeddable":true,"href":"https:\/\/www.gdirekt.se\/da\/wp-json\/wp\/v2\/product_tag?post=9466"}],"curies":[{"name":"wp","href":"https:\/\/api.w.org\/{rel}","templated":true}]}}