{"id":9459,"date":"2016-08-10T16:41:33","date_gmt":"2016-08-10T14:41:33","guid":{"rendered":"http:\/\/gdirekt.hamstage.hamrenmedia.se\/produkt\/linkwall-fleksibelt-display\/"},"modified":"2020-02-19T09:34:46","modified_gmt":"2020-02-19T08:34:46","slug":"linkwall-fleksibelt-display","status":"publish","type":"product","link":"https:\/\/www.gdirekt.se\/da\/produkt\/linkwall-fleksibelt-display\/","title":{"rendered":"LinkWall \u2013 Fleksibelt display"},"content":{"rendered":"<p><span lang=\"DA\">LinkWall \u2013 Fleksibelt display er et smart displaysysta<\/span><\/p>\n<p><span lang=\"DA\">LinkWall \u2013 Fleksibelt display er et smart displaysystem, der kan sammens\u00e6ttes til forskellige former eller bruges som separat v\u00e6g.\u00a0Panelerne er 90\u00a0cm brede med en h\u00f8jde p\u00e5 220\u00a0cm eller 250\u00a0cm. Sammens\u00e6tning af billederne sker med forbindelsespaneler, der er 60 eller 27\u00a0cm brede Forbindelsespaneler p\u00e5 60\u00a0cm giver afrundede hj\u00f8rner, og forbindelsespaneler p\u00e5 27\u00a0cm giver skarpe hj\u00f8rner. Bestil paneler og stander stykvis for at sammens\u00e6tte en fleksibel displayv\u00e6g. Se videoen fra vores leverand\u00f8r Expand\u00a0<\/span><span lang=\"DA\"><a href=\"https:\/\/youtu.be\/NUBWg0MaIds\"><b><i>her\u00a0<\/i><\/b><\/a><\/span><span lang=\"DA\">om opstilling af displaypanelerne. Det er meget let at montere og fjerne panelerne.<\/span><\/p>\n<p><span lang=\"DA\">Vi har ogs\u00e5 andre smarte messev\u00e6gge og systemer. Se<span class=\"apple-converted-space\">\u00a0<\/span><\/span><span lang=\"DA\"><a href=\"https:\/\/www.gdirekt.se\/produkt-kategori\/display-skylthallare-skyltstall\/\"><b><i>alle modeller her\u00a0<\/i><\/b><\/a><\/span><span lang=\"DA\">! De mest almindelige anvendelsesomr\u00e5der for LinkWall \u2013 Fleksibelt display er messer og udstillinger. Det er velegnet til alle produktomr\u00e5der og brancher. De trykte v\u00e6gge er b\u00f8jelige og kan formes, s\u00e5 de passer til den plads, man har til at fremvise sine produkter. Denne displayv\u00e6g er en smart og moderne l\u00f8sning med et flot design. Hvis man skal p\u00e5 messe og har brug for lidt fleksibilitet, er denne displayv\u00e6g med tryk en virkelig god l\u00f8sning. Den er som sagt let at bruge samt opstille og nedtage. Samtidig er det et udstillingssystem med et flot design, der skiller sig ud.<span class=\"apple-converted-space\">\u00a0<\/span><\/span><\/p>\n<p><span lang=\"DA\">Hvis du har brug for sparring f\u00f8r tryk af messev\u00e6gge eller andre trykte l\u00f8sninger, er du velkommen til at ringe til os p\u00e5 telefonnummer +46 (0)11-251515. Vi har solgt messemateriale siden \u00e5r 2000 og har stor erfaring med produkter og muligheder p\u00e5 alle markeder. N\u00e5r I bestiller produkter med tryk hos Gdirekt, ved I, at I f\u00e5r h\u00f8j kvalitet til en god pris!<\/span><\/p>\n<p><span lang=\"DA\">em, der kan sammens\u00e6ttes til forskellige former eller bruges som separat v\u00e6g.\u00a0Panelerne er 90\u00a0cm brede med en h\u00f8jde p\u00e5 220\u00a0cm eller 250\u00a0cm. Sammens\u00e6tning af billederne sker med forbindelsespaneler, der er 60 eller 27\u00a0cm brede. Forbindelsespaneler p\u00e5 60\u00a0cm giver afrundede hj\u00f8rner, og forbindelsespaneler p\u00e5 27\u00a0cm giver skarpe hj\u00f8rner. Bestil paneler og stander stykvis for at sammens\u00e6tte en fleksibel displayv\u00e6g. Se videoen fra vores leverand\u00f8r Expand\u00a0<\/span><span lang=\"DA\"><a href=\"https:\/\/www.youtube.com\/watch?v=pmrOEn_d46c\"><b><i>her<\/i><\/b><\/a><\/span><span lang=\"DA\">om opstilling af displaypanelerne. Det er meget let at montere og afmontere panelerne.<\/span><\/p>\n<p><span lang=\"DA\">Vi har ogs\u00e5 andre smarte messev\u00e6gge og systemer. Se<span class=\"apple-converted-space\">\u00a0<\/span><\/span><span lang=\"DA\"><a href=\"https:\/\/www.gdirekt.se\/produkt-kategori\/display-skylthallare-skyltstall\/\"><b><i>alle modeller her\u00a0<\/i><\/b><\/a><\/span><span lang=\"DA\">! De mest almindelige anvendelsesomr\u00e5der for LinkWall \u2013 Fleksibelt display er messer og udstillinger. Det er velegnet til alle produktomr\u00e5der og brancher. De trykte v\u00e6gge er b\u00f8jelige og kan formes, s\u00e5 de passer til den plads, man har til at fremvise sine produkter. Denne displayv\u00e6g er en smart og moderne l\u00f8sning med et flot design. Hvis man skal p\u00e5 messe og har brug for lidt fleksibilitet, er denne displayv\u00e6g med tryk en virkelig god l\u00f8sning. Den er som sagt let at bruge samt opstille og nedtage. Samtidig er det et udstillingssystem med et flot design, der skiller sig ud.<span class=\"apple-converted-space\">\u00a0<\/span><\/span><\/p>\n<p><span lang=\"DA\">Hvis du har brug for sparring f\u00f8r tryk af messev\u00e6gge eller andre trykte l\u00f8sninger, er du velkommen til at ringe til os p\u00e5 telefonnummer +46 (0)11-251515. Vi har solgt messemateriale siden \u00e5r 2000 og har stor erfaring med produkter og muligheder p\u00e5 alle markeder. N\u00e5r I bestiller produkter med tryk hos Gdirekt, ved I, at I f\u00e5r h\u00f8j kvalitet til en god pris!<\/span><\/p>\n","protected":false},"excerpt":{"rendered":"<p>LinkWall \u2013 smart displaysystem, der kan sammens\u00e6ttes til forskellige former eller bruges som separat v\u00e6g. Panelerne er 90\u00a0cm brede og f\u00e5s i h\u00f8jderne 220\u00a0cm og 250\u00a0cm.\u00a0Forbindelsespanelerne er 60 og 27\u00a0cm brede. Forbindelsespaneler p\u00e5 60\u00a0cm giver afrundede hj\u00f8rner, og forbindelsespaneler p\u00e5 27\u00a0cm giver skarpe hj\u00f8rner.\u00a0<strong>Bestil panel og stander stykvis for at bygge en displayv\u00e6g.<\/strong><\/p>\n","protected":false},"featured_media":8189,"template":"","meta":{"_acf_changed":false},"product_brand":[],"product_cat":[372,375],"product_tag":[],"class_list":{"0":"post-9459","1":"product","2":"type-product","3":"status-publish","4":"has-post-thumbnail","6":"product_cat-display-skilteholdere-skiltestander","7":"product_cat-messevaegge-og-displaysystemer","8":"product_shipping_class-250kr","10":"first","11":"instock","12":"taxable","13":"shipping-taxable","14":"purchasable","15":"product-type-variable","16":"has-default-attributes"},"exclude_global_add_ons":[],"addons":[],"acf":[],"yoast_head":"<!-- This site is optimized with the Yoast SEO plugin v27.2 - https:\/\/yoast.com\/product\/yoast-seo-wordpress\/ -->\n<title>LinkWall \u2013 Fleksibelt display, flot design p\u00e5 messestand | Gdirekt.se<\/title>\n<meta name=\"description\" content=\"LinkWall \u2013 Fleksibelt display er b\u00f8jeligt og kan sammens\u00e6ttes til forskellige former eller bruges som fritst\u00e5ende messev\u00e6g. Billedpaneler med magnet og beskyttelseslaminat. Et flot messedisplay i h\u00f8j kvalitet, hvor trykte messepaneler er inkluderet i prisen. Ordrer sendes altid med sporbar fragt.\" \/>\n<meta name=\"robots\" content=\"index, follow, max-snippet:-1, max-image-preview:large, max-video-preview:-1\" \/>\n<link rel=\"canonical\" href=\"https:\/\/www.gdirekt.se\/da\/produkt\/linkwall-fleksibelt-display\/\" \/>\n<meta property=\"og:locale\" content=\"da_DK\" \/>\n<meta property=\"og:type\" content=\"article\" \/>\n<meta property=\"og:title\" content=\"LinkWall \u2013 Fleksibelt display, flot design p\u00e5 messestand | Gdirekt.se\" \/>\n<meta property=\"og:description\" content=\"LinkWall \u2013 Fleksibelt display er b\u00f8jeligt og kan sammens\u00e6ttes til forskellige former eller bruges som fritst\u00e5ende messev\u00e6g. Billedpaneler med magnet og beskyttelseslaminat. Et flot messedisplay i h\u00f8j kvalitet, hvor trykte messepaneler er inkluderet i prisen. Ordrer sendes altid med sporbar fragt.\" \/>\n<meta property=\"og:url\" content=\"https:\/\/www.gdirekt.se\/da\/produkt\/linkwall-fleksibelt-display\/\" \/>\n<meta property=\"og:site_name\" content=\"Gdirekt.se\" \/>\n<meta property=\"article:modified_time\" content=\"2020-02-19T08:34:46+00:00\" \/>\n<meta property=\"og:image\" content=\"https:\/\/www.gdirekt.se\/wp-content\/uploads\/Linkwall.png\" \/>\n\t<meta property=\"og:image:width\" content=\"1000\" \/>\n\t<meta property=\"og:image:height\" content=\"1000\" \/>\n\t<meta property=\"og:image:type\" content=\"image\/png\" \/>\n<meta name=\"twitter:card\" content=\"summary_large_image\" \/>\n<meta name=\"twitter:label1\" content=\"Estimeret l\u00e6setid\" \/>\n\t<meta name=\"twitter:data1\" content=\"3 minutter\" \/>\n<script type=\"application\/ld+json\" class=\"yoast-schema-graph\">{\"@context\":\"https:\/\/schema.org\",\"@graph\":[{\"@type\":\"WebPage\",\"@id\":\"https:\/\/www.gdirekt.se\/da\/produkt\/linkwall-fleksibelt-display\/\",\"url\":\"https:\/\/www.gdirekt.se\/da\/produkt\/linkwall-fleksibelt-display\/\",\"name\":\"LinkWall \u2013 Fleksibelt display, flot design p\u00e5 messestand | Gdirekt.se\",\"isPartOf\":{\"@id\":\"https:\/\/www.gdirekt.se\/#website\"},\"primaryImageOfPage\":{\"@id\":\"https:\/\/www.gdirekt.se\/da\/produkt\/linkwall-fleksibelt-display\/#primaryimage\"},\"image\":{\"@id\":\"https:\/\/www.gdirekt.se\/da\/produkt\/linkwall-fleksibelt-display\/#primaryimage\"},\"thumbnailUrl\":\"https:\/\/www.gdirekt.se\/wp-content\/uploads\/Linkwall.png\",\"datePublished\":\"2016-08-10T14:41:33+00:00\",\"dateModified\":\"2020-02-19T08:34:46+00:00\",\"description\":\"LinkWall \u2013 Fleksibelt display er b\u00f8jeligt og kan sammens\u00e6ttes til forskellige former eller bruges som fritst\u00e5ende messev\u00e6g. Billedpaneler med magnet og beskyttelseslaminat. Et flot messedisplay i h\u00f8j kvalitet, hvor trykte messepaneler er inkluderet i prisen. Ordrer sendes altid med sporbar fragt.\",\"breadcrumb\":{\"@id\":\"https:\/\/www.gdirekt.se\/da\/produkt\/linkwall-fleksibelt-display\/#breadcrumb\"},\"inLanguage\":\"da-DK\",\"potentialAction\":[{\"@type\":\"ReadAction\",\"target\":[\"https:\/\/www.gdirekt.se\/da\/produkt\/linkwall-fleksibelt-display\/\"]}]},{\"@type\":\"ImageObject\",\"inLanguage\":\"da-DK\",\"@id\":\"https:\/\/www.gdirekt.se\/da\/produkt\/linkwall-fleksibelt-display\/#primaryimage\",\"url\":\"https:\/\/www.gdirekt.se\/wp-content\/uploads\/Linkwall.png\",\"contentUrl\":\"https:\/\/www.gdirekt.se\/wp-content\/uploads\/Linkwall.png\",\"width\":1000,\"height\":1000,\"caption\":\"LinkWall formbar messev\u00e6gg smukkere end rollup\"},{\"@type\":\"BreadcrumbList\",\"@id\":\"https:\/\/www.gdirekt.se\/da\/produkt\/linkwall-fleksibelt-display\/#breadcrumb\",\"itemListElement\":[{\"@type\":\"ListItem\",\"position\":1,\"name\":\"Hem\",\"item\":\"https:\/\/www.gdirekt.se\/da\/\"},{\"@type\":\"ListItem\",\"position\":2,\"name\":\"Start\",\"item\":\"https:\/\/www.gdirekt.se\/da\/\"},{\"@type\":\"ListItem\",\"position\":3,\"name\":\"LinkWall \u2013 Fleksibelt display\"}]},{\"@type\":\"WebSite\",\"@id\":\"https:\/\/www.gdirekt.se\/#website\",\"url\":\"https:\/\/www.gdirekt.se\/\",\"name\":\"Gdirekt.se\",\"description\":\"Tryck snabbt \u00e5 l\u00e4tt = Gdirekt\",\"potentialAction\":[{\"@type\":\"SearchAction\",\"target\":{\"@type\":\"EntryPoint\",\"urlTemplate\":\"https:\/\/www.gdirekt.se\/?s={search_term_string}\"},\"query-input\":{\"@type\":\"PropertyValueSpecification\",\"valueRequired\":true,\"valueName\":\"search_term_string\"}}],\"inLanguage\":\"da-DK\"}]}<\/script>\n<!-- \/ Yoast SEO plugin. -->","yoast_head_json":{"title":"LinkWall \u2013 Fleksibelt display, flot design p\u00e5 messestand | Gdirekt.se","description":"LinkWall \u2013 Fleksibelt display er b\u00f8jeligt og kan sammens\u00e6ttes til forskellige former eller bruges som fritst\u00e5ende messev\u00e6g. Billedpaneler med magnet og beskyttelseslaminat. Et flot messedisplay i h\u00f8j kvalitet, hvor trykte messepaneler er inkluderet i prisen. Ordrer sendes altid med sporbar fragt.","robots":{"index":"index","follow":"follow","max-snippet":"max-snippet:-1","max-image-preview":"max-image-preview:large","max-video-preview":"max-video-preview:-1"},"canonical":"https:\/\/www.gdirekt.se\/da\/produkt\/linkwall-fleksibelt-display\/","og_locale":"da_DK","og_type":"article","og_title":"LinkWall \u2013 Fleksibelt display, flot design p\u00e5 messestand | Gdirekt.se","og_description":"LinkWall \u2013 Fleksibelt display er b\u00f8jeligt og kan sammens\u00e6ttes til forskellige former eller bruges som fritst\u00e5ende messev\u00e6g. Billedpaneler med magnet og beskyttelseslaminat. Et flot messedisplay i h\u00f8j kvalitet, hvor trykte messepaneler er inkluderet i prisen. Ordrer sendes altid med sporbar fragt.","og_url":"https:\/\/www.gdirekt.se\/da\/produkt\/linkwall-fleksibelt-display\/","og_site_name":"Gdirekt.se","article_modified_time":"2020-02-19T08:34:46+00:00","og_image":[{"width":1000,"height":1000,"url":"https:\/\/www.gdirekt.se\/wp-content\/uploads\/Linkwall.png","type":"image\/png"}],"twitter_card":"summary_large_image","twitter_misc":{"Estimeret l\u00e6setid":"3 minutter"},"schema":{"@context":"https:\/\/schema.org","@graph":[{"@type":"WebPage","@id":"https:\/\/www.gdirekt.se\/da\/produkt\/linkwall-fleksibelt-display\/","url":"https:\/\/www.gdirekt.se\/da\/produkt\/linkwall-fleksibelt-display\/","name":"LinkWall \u2013 Fleksibelt display, flot design p\u00e5 messestand | Gdirekt.se","isPartOf":{"@id":"https:\/\/www.gdirekt.se\/#website"},"primaryImageOfPage":{"@id":"https:\/\/www.gdirekt.se\/da\/produkt\/linkwall-fleksibelt-display\/#primaryimage"},"image":{"@id":"https:\/\/www.gdirekt.se\/da\/produkt\/linkwall-fleksibelt-display\/#primaryimage"},"thumbnailUrl":"https:\/\/www.gdirekt.se\/wp-content\/uploads\/Linkwall.png","datePublished":"2016-08-10T14:41:33+00:00","dateModified":"2020-02-19T08:34:46+00:00","description":"LinkWall \u2013 Fleksibelt display er b\u00f8jeligt og kan sammens\u00e6ttes til forskellige former eller bruges som fritst\u00e5ende messev\u00e6g. Billedpaneler med magnet og beskyttelseslaminat. Et flot messedisplay i h\u00f8j kvalitet, hvor trykte messepaneler er inkluderet i prisen. Ordrer sendes altid med sporbar fragt.","breadcrumb":{"@id":"https:\/\/www.gdirekt.se\/da\/produkt\/linkwall-fleksibelt-display\/#breadcrumb"},"inLanguage":"da-DK","potentialAction":[{"@type":"ReadAction","target":["https:\/\/www.gdirekt.se\/da\/produkt\/linkwall-fleksibelt-display\/"]}]},{"@type":"ImageObject","inLanguage":"da-DK","@id":"https:\/\/www.gdirekt.se\/da\/produkt\/linkwall-fleksibelt-display\/#primaryimage","url":"https:\/\/www.gdirekt.se\/wp-content\/uploads\/Linkwall.png","contentUrl":"https:\/\/www.gdirekt.se\/wp-content\/uploads\/Linkwall.png","width":1000,"height":1000,"caption":"LinkWall formbar messev\u00e6gg smukkere end rollup"},{"@type":"BreadcrumbList","@id":"https:\/\/www.gdirekt.se\/da\/produkt\/linkwall-fleksibelt-display\/#breadcrumb","itemListElement":[{"@type":"ListItem","position":1,"name":"Hem","item":"https:\/\/www.gdirekt.se\/da\/"},{"@type":"ListItem","position":2,"name":"Start","item":"https:\/\/www.gdirekt.se\/da\/"},{"@type":"ListItem","position":3,"name":"LinkWall \u2013 Fleksibelt display"}]},{"@type":"WebSite","@id":"https:\/\/www.gdirekt.se\/#website","url":"https:\/\/www.gdirekt.se\/","name":"Gdirekt.se","description":"Tryck snabbt \u00e5 l\u00e4tt = Gdirekt","potentialAction":[{"@type":"SearchAction","target":{"@type":"EntryPoint","urlTemplate":"https:\/\/www.gdirekt.se\/?s={search_term_string}"},"query-input":{"@type":"PropertyValueSpecification","valueRequired":true,"valueName":"search_term_string"}}],"inLanguage":"da-DK"}]}},"_links":{"self":[{"href":"https:\/\/www.gdirekt.se\/da\/wp-json\/wp\/v2\/product\/9459","targetHints":{"allow":["GET"]}}],"collection":[{"href":"https:\/\/www.gdirekt.se\/da\/wp-json\/wp\/v2\/product"}],"about":[{"href":"https:\/\/www.gdirekt.se\/da\/wp-json\/wp\/v2\/types\/product"}],"wp:featuredmedia":[{"embeddable":true,"href":"https:\/\/www.gdirekt.se\/da\/wp-json\/wp\/v2\/media\/8189"}],"wp:attachment":[{"href":"https:\/\/www.gdirekt.se\/da\/wp-json\/wp\/v2\/media?parent=9459"}],"wp:term":[{"taxonomy":"product_brand","embeddable":true,"href":"https:\/\/www.gdirekt.se\/da\/wp-json\/wp\/v2\/product_brand?post=9459"},{"taxonomy":"product_cat","embeddable":true,"href":"https:\/\/www.gdirekt.se\/da\/wp-json\/wp\/v2\/product_cat?post=9459"},{"taxonomy":"product_tag","embeddable":true,"href":"https:\/\/www.gdirekt.se\/da\/wp-json\/wp\/v2\/product_tag?post=9459"}],"curies":[{"name":"wp","href":"https:\/\/api.w.org\/{rel}","templated":true}]}}