{"id":9455,"date":"2016-11-18T11:36:38","date_gmt":"2016-11-18T10:36:38","guid":{"rendered":"http:\/\/gdirekt.hamstage.hamrenmedia.se\/produkt\/gulvstander-2stand-ellipse-billedellipse\/"},"modified":"2019-01-16T15:54:47","modified_gmt":"2019-01-16T14:54:47","slug":"gulvstander-2stand-ellipse-billedellipse","status":"publish","type":"product","link":"https:\/\/www.gdirekt.se\/da\/produkt\/gulvstander-2stand-ellipse-billedellipse\/","title":{"rendered":"Gulvstander 2Stand-ellipse \u2013 billedellipse"},"content":{"rendered":"<p><span lang=\"DA\">Billedellipsen til Gulvstander 2Stand-ellipse \u2013 billedellipse er let at udskifte. Takket v\u00e6re det dobbeltsidede tryk p\u00e5 karton er dette en billig displayl\u00f8sning i form af en ellipse. Standeren vejer kun 4\u00a0kg og er let at h\u00e5ndtere. Bundpladen er fremstillet af MDF og f\u00e5s i hvid eller sort. 2Stand-displayet er 50\u00a0cm bredt og 160\u00a0cm eller 180\u00a0cm h\u00f8jt.\u00a0Det er muligt at bestille nye billeder til gulvstanderen, der b\u00e5de kan bruges til kampagner og som butiksreklame.<\/span><\/p>\n<p><span lang=\"DA\">Smart gulvstander til reklame og kampagner i butikker, hvor trykket kan ses fra begge sider. Tryk p\u00e5 karton er en billig l\u00f8sning. Det g\u00e6lder b\u00e5de store og sm\u00e5 partier, eftersom den digitale trykketeknik er kommet virkelig langt.<\/span><\/p>\n<p><span lang=\"DA\">Selve displaystanderen er af b\u00f8lgepap, som man fastg\u00f8r p\u00e5 en gulvplade i tr\u00e6. Derefter tr\u00e6kker man selve ellipsen, der er trykt p\u00e5 karton, over standeren. Se flere varianter og tilbeh\u00f8r til 2Stand p\u00e5 denne<span class=\"apple-converted-space\">\u00a0<\/span><\/span><span lang=\"DA\"><a href=\"https:\/\/www.gdirekt.se\/?s=2stand&amp;post_type=product\"><b><i>side<\/i><\/b><\/a><\/span><span lang=\"DA\">.<\/span><\/p>\n","protected":false},"excerpt":{"rendered":"<p>Gulvstander 2Stand ellipse \u2013 kun billedellipse. Det er let at udskifte kartonellipsen med dobbeltsidet tryk til 2Stand-gulvsystemet. Den skal bare tr\u00e6kkes over butiksdisplayet, som er 50 x 160\u00a0cm eller 50 x 180\u00a0cm.<\/p>\n","protected":false},"featured_media":8212,"template":"","meta":{"_acf_changed":false},"product_brand":[],"product_cat":[357],"product_tag":[],"class_list":{"0":"post-9455","1":"product","2":"type-product","3":"status-publish","4":"has-post-thumbnail","6":"product_cat-reklamstall-og-butikdisplayer","7":"product_shipping_class-180sek","9":"first","10":"instock","11":"taxable","12":"shipping-taxable","13":"purchasable","14":"product-type-variable","15":"has-default-attributes"},"exclude_global_add_ons":[],"addons":[],"acf":[],"yoast_head":"<!-- This site is optimized with the Yoast SEO plugin v27.2 - https:\/\/yoast.com\/product\/yoast-seo-wordpress\/ -->\n<title>Gulvstander 2Stand-ellipse \u2013 billedellipse med eget tryk, hurtig levering | Gdirekt.se<\/title>\n<meta name=\"description\" content=\"Gulvstander 2Stand-ellipse \u2013 billedellipse er en ellipse af karton. Det er let at udskifte kartonellipsen med dobbeltsidet tryk til 2Stand-gulvsystemet. Trykt tekst og billedmotiv er inkluderet i prisen. N\u00e5r du k\u00f8ber kartonellipser hos Gdirekt, f\u00e5r du en god pris og et flot resultat.\" \/>\n<meta name=\"robots\" content=\"index, follow, max-snippet:-1, max-image-preview:large, max-video-preview:-1\" \/>\n<link rel=\"canonical\" href=\"https:\/\/www.gdirekt.se\/da\/produkt\/gulvstander-2stand-ellipse-billedellipse\/\" \/>\n<meta property=\"og:locale\" content=\"da_DK\" \/>\n<meta property=\"og:type\" content=\"article\" \/>\n<meta property=\"og:title\" content=\"Gulvstander 2Stand-ellipse \u2013 billedellipse med eget tryk, hurtig levering | Gdirekt.se\" \/>\n<meta property=\"og:description\" content=\"Gulvstander 2Stand-ellipse \u2013 billedellipse er en ellipse af karton. Det er let at udskifte kartonellipsen med dobbeltsidet tryk til 2Stand-gulvsystemet. Trykt tekst og billedmotiv er inkluderet i prisen. N\u00e5r du k\u00f8ber kartonellipser hos Gdirekt, f\u00e5r du en god pris og et flot resultat.\" \/>\n<meta property=\"og:url\" content=\"https:\/\/www.gdirekt.se\/da\/produkt\/gulvstander-2stand-ellipse-billedellipse\/\" \/>\n<meta property=\"og:site_name\" content=\"Gdirekt.se\" \/>\n<meta property=\"article:modified_time\" content=\"2019-01-16T14:54:47+00:00\" \/>\n<meta property=\"og:image\" content=\"https:\/\/www.gdirekt.se\/wp-content\/uploads\/2stand-elips.png\" \/>\n\t<meta property=\"og:image:width\" content=\"1000\" \/>\n\t<meta property=\"og:image:height\" content=\"1000\" \/>\n\t<meta property=\"og:image:type\" content=\"image\/png\" \/>\n<meta name=\"twitter:card\" content=\"summary_large_image\" \/>\n<meta name=\"twitter:label1\" content=\"Estimeret l\u00e6setid\" \/>\n\t<meta name=\"twitter:data1\" content=\"1 minut\" \/>\n<script type=\"application\/ld+json\" class=\"yoast-schema-graph\">{\"@context\":\"https:\/\/schema.org\",\"@graph\":[{\"@type\":\"WebPage\",\"@id\":\"https:\/\/www.gdirekt.se\/da\/produkt\/gulvstander-2stand-ellipse-billedellipse\/\",\"url\":\"https:\/\/www.gdirekt.se\/da\/produkt\/gulvstander-2stand-ellipse-billedellipse\/\",\"name\":\"Gulvstander 2Stand-ellipse \u2013 billedellipse med eget tryk, hurtig levering | Gdirekt.se\",\"isPartOf\":{\"@id\":\"https:\/\/www.gdirekt.se\/#website\"},\"primaryImageOfPage\":{\"@id\":\"https:\/\/www.gdirekt.se\/da\/produkt\/gulvstander-2stand-ellipse-billedellipse\/#primaryimage\"},\"image\":{\"@id\":\"https:\/\/www.gdirekt.se\/da\/produkt\/gulvstander-2stand-ellipse-billedellipse\/#primaryimage\"},\"thumbnailUrl\":\"https:\/\/www.gdirekt.se\/wp-content\/uploads\/2stand-elips.png\",\"datePublished\":\"2016-11-18T10:36:38+00:00\",\"dateModified\":\"2019-01-16T14:54:47+00:00\",\"description\":\"Gulvstander 2Stand-ellipse \u2013 billedellipse er en ellipse af karton. Det er let at udskifte kartonellipsen med dobbeltsidet tryk til 2Stand-gulvsystemet. Trykt tekst og billedmotiv er inkluderet i prisen. N\u00e5r du k\u00f8ber kartonellipser hos Gdirekt, f\u00e5r du en god pris og et flot resultat.\",\"breadcrumb\":{\"@id\":\"https:\/\/www.gdirekt.se\/da\/produkt\/gulvstander-2stand-ellipse-billedellipse\/#breadcrumb\"},\"inLanguage\":\"da-DK\",\"potentialAction\":[{\"@type\":\"ReadAction\",\"target\":[\"https:\/\/www.gdirekt.se\/da\/produkt\/gulvstander-2stand-ellipse-billedellipse\/\"]}]},{\"@type\":\"ImageObject\",\"inLanguage\":\"da-DK\",\"@id\":\"https:\/\/www.gdirekt.se\/da\/produkt\/gulvstander-2stand-ellipse-billedellipse\/#primaryimage\",\"url\":\"https:\/\/www.gdirekt.se\/wp-content\/uploads\/2stand-elips.png\",\"contentUrl\":\"https:\/\/www.gdirekt.se\/wp-content\/uploads\/2stand-elips.png\",\"width\":1000,\"height\":1000,\"caption\":\"Udskiftelige display elips til 2 Stand gylvstand\"},{\"@type\":\"BreadcrumbList\",\"@id\":\"https:\/\/www.gdirekt.se\/da\/produkt\/gulvstander-2stand-ellipse-billedellipse\/#breadcrumb\",\"itemListElement\":[{\"@type\":\"ListItem\",\"position\":1,\"name\":\"Hem\",\"item\":\"https:\/\/www.gdirekt.se\/da\/\"},{\"@type\":\"ListItem\",\"position\":2,\"name\":\"Start\",\"item\":\"https:\/\/www.gdirekt.se\/da\/\"},{\"@type\":\"ListItem\",\"position\":3,\"name\":\"Gulvstander 2Stand-ellipse \u2013 billedellipse\"}]},{\"@type\":\"WebSite\",\"@id\":\"https:\/\/www.gdirekt.se\/#website\",\"url\":\"https:\/\/www.gdirekt.se\/\",\"name\":\"Gdirekt.se\",\"description\":\"Tryck snabbt \u00e5 l\u00e4tt = Gdirekt\",\"potentialAction\":[{\"@type\":\"SearchAction\",\"target\":{\"@type\":\"EntryPoint\",\"urlTemplate\":\"https:\/\/www.gdirekt.se\/?s={search_term_string}\"},\"query-input\":{\"@type\":\"PropertyValueSpecification\",\"valueRequired\":true,\"valueName\":\"search_term_string\"}}],\"inLanguage\":\"da-DK\"}]}<\/script>\n<!-- \/ Yoast SEO plugin. -->","yoast_head_json":{"title":"Gulvstander 2Stand-ellipse \u2013 billedellipse med eget tryk, hurtig levering | Gdirekt.se","description":"Gulvstander 2Stand-ellipse \u2013 billedellipse er en ellipse af karton. Det er let at udskifte kartonellipsen med dobbeltsidet tryk til 2Stand-gulvsystemet. Trykt tekst og billedmotiv er inkluderet i prisen. N\u00e5r du k\u00f8ber kartonellipser hos Gdirekt, f\u00e5r du en god pris og et flot resultat.","robots":{"index":"index","follow":"follow","max-snippet":"max-snippet:-1","max-image-preview":"max-image-preview:large","max-video-preview":"max-video-preview:-1"},"canonical":"https:\/\/www.gdirekt.se\/da\/produkt\/gulvstander-2stand-ellipse-billedellipse\/","og_locale":"da_DK","og_type":"article","og_title":"Gulvstander 2Stand-ellipse \u2013 billedellipse med eget tryk, hurtig levering | Gdirekt.se","og_description":"Gulvstander 2Stand-ellipse \u2013 billedellipse er en ellipse af karton. Det er let at udskifte kartonellipsen med dobbeltsidet tryk til 2Stand-gulvsystemet. Trykt tekst og billedmotiv er inkluderet i prisen. N\u00e5r du k\u00f8ber kartonellipser hos Gdirekt, f\u00e5r du en god pris og et flot resultat.","og_url":"https:\/\/www.gdirekt.se\/da\/produkt\/gulvstander-2stand-ellipse-billedellipse\/","og_site_name":"Gdirekt.se","article_modified_time":"2019-01-16T14:54:47+00:00","og_image":[{"width":1000,"height":1000,"url":"https:\/\/www.gdirekt.se\/wp-content\/uploads\/2stand-elips.png","type":"image\/png"}],"twitter_card":"summary_large_image","twitter_misc":{"Estimeret l\u00e6setid":"1 minut"},"schema":{"@context":"https:\/\/schema.org","@graph":[{"@type":"WebPage","@id":"https:\/\/www.gdirekt.se\/da\/produkt\/gulvstander-2stand-ellipse-billedellipse\/","url":"https:\/\/www.gdirekt.se\/da\/produkt\/gulvstander-2stand-ellipse-billedellipse\/","name":"Gulvstander 2Stand-ellipse \u2013 billedellipse med eget tryk, hurtig levering | Gdirekt.se","isPartOf":{"@id":"https:\/\/www.gdirekt.se\/#website"},"primaryImageOfPage":{"@id":"https:\/\/www.gdirekt.se\/da\/produkt\/gulvstander-2stand-ellipse-billedellipse\/#primaryimage"},"image":{"@id":"https:\/\/www.gdirekt.se\/da\/produkt\/gulvstander-2stand-ellipse-billedellipse\/#primaryimage"},"thumbnailUrl":"https:\/\/www.gdirekt.se\/wp-content\/uploads\/2stand-elips.png","datePublished":"2016-11-18T10:36:38+00:00","dateModified":"2019-01-16T14:54:47+00:00","description":"Gulvstander 2Stand-ellipse \u2013 billedellipse er en ellipse af karton. Det er let at udskifte kartonellipsen med dobbeltsidet tryk til 2Stand-gulvsystemet. Trykt tekst og billedmotiv er inkluderet i prisen. N\u00e5r du k\u00f8ber kartonellipser hos Gdirekt, f\u00e5r du en god pris og et flot resultat.","breadcrumb":{"@id":"https:\/\/www.gdirekt.se\/da\/produkt\/gulvstander-2stand-ellipse-billedellipse\/#breadcrumb"},"inLanguage":"da-DK","potentialAction":[{"@type":"ReadAction","target":["https:\/\/www.gdirekt.se\/da\/produkt\/gulvstander-2stand-ellipse-billedellipse\/"]}]},{"@type":"ImageObject","inLanguage":"da-DK","@id":"https:\/\/www.gdirekt.se\/da\/produkt\/gulvstander-2stand-ellipse-billedellipse\/#primaryimage","url":"https:\/\/www.gdirekt.se\/wp-content\/uploads\/2stand-elips.png","contentUrl":"https:\/\/www.gdirekt.se\/wp-content\/uploads\/2stand-elips.png","width":1000,"height":1000,"caption":"Udskiftelige display elips til 2 Stand gylvstand"},{"@type":"BreadcrumbList","@id":"https:\/\/www.gdirekt.se\/da\/produkt\/gulvstander-2stand-ellipse-billedellipse\/#breadcrumb","itemListElement":[{"@type":"ListItem","position":1,"name":"Hem","item":"https:\/\/www.gdirekt.se\/da\/"},{"@type":"ListItem","position":2,"name":"Start","item":"https:\/\/www.gdirekt.se\/da\/"},{"@type":"ListItem","position":3,"name":"Gulvstander 2Stand-ellipse \u2013 billedellipse"}]},{"@type":"WebSite","@id":"https:\/\/www.gdirekt.se\/#website","url":"https:\/\/www.gdirekt.se\/","name":"Gdirekt.se","description":"Tryck snabbt \u00e5 l\u00e4tt = Gdirekt","potentialAction":[{"@type":"SearchAction","target":{"@type":"EntryPoint","urlTemplate":"https:\/\/www.gdirekt.se\/?s={search_term_string}"},"query-input":{"@type":"PropertyValueSpecification","valueRequired":true,"valueName":"search_term_string"}}],"inLanguage":"da-DK"}]}},"_links":{"self":[{"href":"https:\/\/www.gdirekt.se\/da\/wp-json\/wp\/v2\/product\/9455","targetHints":{"allow":["GET"]}}],"collection":[{"href":"https:\/\/www.gdirekt.se\/da\/wp-json\/wp\/v2\/product"}],"about":[{"href":"https:\/\/www.gdirekt.se\/da\/wp-json\/wp\/v2\/types\/product"}],"wp:featuredmedia":[{"embeddable":true,"href":"https:\/\/www.gdirekt.se\/da\/wp-json\/wp\/v2\/media\/8212"}],"wp:attachment":[{"href":"https:\/\/www.gdirekt.se\/da\/wp-json\/wp\/v2\/media?parent=9455"}],"wp:term":[{"taxonomy":"product_brand","embeddable":true,"href":"https:\/\/www.gdirekt.se\/da\/wp-json\/wp\/v2\/product_brand?post=9455"},{"taxonomy":"product_cat","embeddable":true,"href":"https:\/\/www.gdirekt.se\/da\/wp-json\/wp\/v2\/product_cat?post=9455"},{"taxonomy":"product_tag","embeddable":true,"href":"https:\/\/www.gdirekt.se\/da\/wp-json\/wp\/v2\/product_tag?post=9455"}],"curies":[{"name":"wp","href":"https:\/\/api.w.org\/{rel}","templated":true}]}}