{"id":9452,"date":"2015-09-24T13:45:47","date_gmt":"2015-09-24T11:45:47","guid":{"rendered":"http:\/\/gdirekt.hamstage.hamrenmedia.se\/produkt\/gulvstander-2stand-ellipse-med-fod\/"},"modified":"2019-01-11T12:08:10","modified_gmt":"2019-01-11T11:08:10","slug":"gulvstander-2stand-ellipse-med-fod","status":"publish","type":"product","link":"https:\/\/www.gdirekt.se\/da\/produkt\/gulvstander-2stand-ellipse-med-fod\/","title":{"rendered":"Gulvstander 2Stand-ellipse med fod"},"content":{"rendered":"<p><span lang=\"DA\">Gulvstander 2Stand-ellipse med fod og karton med tryk p\u00e5 begge sider er en prisbillig displayl\u00f8sning i form af en ellipse. Standeren vejer kun 4\u00a0kg og er let at h\u00e5ndtere. Bundpladen er fremstillet af MDF og f\u00e5s i hvid eller sort. 2Stand-displayet er 50\u00a0cm bredt og 160\u00a0cm eller 180\u00a0cm h\u00f8jt.\u00a0Det er muligt at bestille nye billeder til gulvstanderen, der b\u00e5de kan bruges til kampagner og som butiksreklame. De trykte s\u00f8jler har en oval form og er lette at placere. En anden fordel ved dette display er, at det er let at flytte og placere der, hvor det passer bedst ind. Gulvdisplayene bruges i mange sammenh\u00e6nge blandt andet i butikscentre, i forretninger, hos bilforhandlere og p\u00e5 stadioner. De bruges ikke alene som reklame, men ogs\u00e5 til at informere om events s\u00e5som koncerter og forestillinger.<span class=\"apple-converted-space\">\u00a0<\/span><strong>Sammenpakket fylder displayet kun 90 x 52 x 4\u00a0cm.<\/strong><\/span><\/p>\n<p><span lang=\"DA\">Smart gulvstander til reklame og kampagner i butikker, hvor trykket kan ses fra begge sider. Tryk p\u00e5 karton er en billig l\u00f8sning. Det g\u00e6lder b\u00e5de store og sm\u00e5 partier, eftersom den digitale trykketeknik er kommet virkelig langt. Vi trykker disse s\u00f8jler med milj\u00f8venlig farve uden opl\u00f8sningsmidler, og trykkvaliteten er virkelig god. Farvegengivelsen p\u00e5 reklametekster, logoer og fotos bliver perfekt og skarpheden superfin.<\/span><\/p>\n<p><span lang=\"DA\">Selve displaystanderen er af b\u00f8lgepap, som man fastg\u00f8r p\u00e5 en gulvplade i lamineret tr\u00e6. Derefter tr\u00e6kker man selve ellipsen, der er trykt p\u00e5 karton, over standeren. Gulvstander 2Stand-ellipse med fod f\u00e5s som sagt i to forskellige h\u00f8jder. Hvis man \u00f8nsker en endnu st\u00f8rre h\u00f8jde, er det muligt at bestille <span class=\"apple-converted-space\">\u00a0<\/span><\/span><span lang=\"DA\"><a href=\"https:\/\/www.gdirekt.se\/produkt\/golvstall-2stand-elips-endast-topphylsa\/\"><i>ekstra topellipser,<\/i><\/a><\/span><span lang=\"DA\">der er 60\u00a0cm h\u00f8je.<\/span><\/p>\n<p><span lang=\"DA\">Hvis I ogs\u00e5 vil bestille f\u00e6rdige skilte til butikker med information om for eksempel n\u00f8dudgang, kameraoverv\u00e5gning osv., har vi et stort udvalg p\u00e5<span class=\"apple-converted-space\">\u00a0<\/span><\/span><span lang=\"DA\"><a href=\"https:\/\/shop.svasab.se\/\"><i>SVASAB<\/i><\/a><\/span><span lang=\"DA\">. Skiltene er standardskilte, og der findes love og regler, som skal f\u00f8lges p\u00e5 steder, hvor der f\u00e6rdes mennesker. Det g\u00e6lder ogs\u00e5 svagtseende og blinde, og derfor har vi ogs\u00e5 skilte med blindskrift.<\/span><\/p>\n","protected":false},"excerpt":{"rendered":"<p>Gulvstander 2Stand-ellipse med fod er et prisbilligt gulvsystem i karton med dobbeltsidet trykt ellipse. Det er let at skifte budskab og f\u00e5s i st\u00f8rrelse 50 x 160\u00a0cm eller 50 x 180\u00a0cm. Standeren har bundplade i MDF med sort laminat, og sammenpakket fylder den kun 90 x 52 x 4\u00a0cm.<\/p>\n","protected":false},"featured_media":8138,"template":"","meta":{"_acf_changed":false},"product_brand":[],"product_cat":[372,357],"product_tag":[],"class_list":{"0":"post-9452","1":"product","2":"type-product","3":"status-publish","4":"has-post-thumbnail","6":"product_cat-display-skilteholdere-skiltestander","7":"product_cat-reklamstall-og-butikdisplayer","8":"product_shipping_class-180sek","10":"first","11":"instock","12":"taxable","13":"shipping-taxable","14":"purchasable","15":"product-type-variable","16":"has-default-attributes"},"exclude_global_add_ons":[],"addons":[],"acf":[],"yoast_head":"<!-- This site is optimized with the Yoast SEO plugin v27.2 - https:\/\/yoast.com\/product\/yoast-seo-wordpress\/ -->\n<title>Gulvstander 2Stand-ellipse med fod og eget print til rigtige pris | Gdirekt.se<\/title>\n<meta name=\"description\" content=\"Gulvstander 2Stand-ellipse med fod er et prisbilligt gulvsystem i karton med dobbeltsidet trykt ellipse. Udskift let butiksreklamen p\u00e5 disse standere. Det trykte budskab er inkluderet i den gode pris. Bestil en standardst\u00f8rrelse, der passer til jeres logo og reklametekst.\" \/>\n<meta name=\"robots\" content=\"index, follow, max-snippet:-1, max-image-preview:large, max-video-preview:-1\" \/>\n<link rel=\"canonical\" href=\"https:\/\/www.gdirekt.se\/da\/produkt\/gulvstander-2stand-ellipse-med-fod\/\" \/>\n<meta property=\"og:locale\" content=\"da_DK\" \/>\n<meta property=\"og:type\" content=\"article\" \/>\n<meta property=\"og:title\" content=\"Gulvstander 2Stand-ellipse med fod og eget print til rigtige pris | Gdirekt.se\" \/>\n<meta property=\"og:description\" content=\"Gulvstander 2Stand-ellipse med fod er et prisbilligt gulvsystem i karton med dobbeltsidet trykt ellipse. Udskift let butiksreklamen p\u00e5 disse standere. Det trykte budskab er inkluderet i den gode pris. Bestil en standardst\u00f8rrelse, der passer til jeres logo og reklametekst.\" \/>\n<meta property=\"og:url\" content=\"https:\/\/www.gdirekt.se\/da\/produkt\/gulvstander-2stand-ellipse-med-fod\/\" \/>\n<meta property=\"og:site_name\" content=\"Gdirekt.se\" \/>\n<meta property=\"article:modified_time\" content=\"2019-01-11T11:08:10+00:00\" \/>\n<meta property=\"og:image\" content=\"https:\/\/www.gdirekt.se\/wp-content\/uploads\/2Stand-display-Gdirekt.png\" \/>\n\t<meta property=\"og:image:width\" content=\"1000\" \/>\n\t<meta property=\"og:image:height\" content=\"1000\" \/>\n\t<meta property=\"og:image:type\" content=\"image\/png\" \/>\n<meta name=\"twitter:card\" content=\"summary_large_image\" \/>\n<meta name=\"twitter:label1\" content=\"Estimeret l\u00e6setid\" \/>\n\t<meta name=\"twitter:data1\" content=\"2 minutter\" \/>\n<script type=\"application\/ld+json\" class=\"yoast-schema-graph\">{\"@context\":\"https:\/\/schema.org\",\"@graph\":[{\"@type\":\"WebPage\",\"@id\":\"https:\/\/www.gdirekt.se\/da\/produkt\/gulvstander-2stand-ellipse-med-fod\/\",\"url\":\"https:\/\/www.gdirekt.se\/da\/produkt\/gulvstander-2stand-ellipse-med-fod\/\",\"name\":\"Gulvstander 2Stand-ellipse med fod og eget print til rigtige pris | Gdirekt.se\",\"isPartOf\":{\"@id\":\"https:\/\/www.gdirekt.se\/#website\"},\"primaryImageOfPage\":{\"@id\":\"https:\/\/www.gdirekt.se\/da\/produkt\/gulvstander-2stand-ellipse-med-fod\/#primaryimage\"},\"image\":{\"@id\":\"https:\/\/www.gdirekt.se\/da\/produkt\/gulvstander-2stand-ellipse-med-fod\/#primaryimage\"},\"thumbnailUrl\":\"https:\/\/www.gdirekt.se\/wp-content\/uploads\/2Stand-display-Gdirekt.png\",\"datePublished\":\"2015-09-24T11:45:47+00:00\",\"dateModified\":\"2019-01-11T11:08:10+00:00\",\"description\":\"Gulvstander 2Stand-ellipse med fod er et prisbilligt gulvsystem i karton med dobbeltsidet trykt ellipse. Udskift let butiksreklamen p\u00e5 disse standere. Det trykte budskab er inkluderet i den gode pris. Bestil en standardst\u00f8rrelse, der passer til jeres logo og reklametekst.\",\"breadcrumb\":{\"@id\":\"https:\/\/www.gdirekt.se\/da\/produkt\/gulvstander-2stand-ellipse-med-fod\/#breadcrumb\"},\"inLanguage\":\"da-DK\",\"potentialAction\":[{\"@type\":\"ReadAction\",\"target\":[\"https:\/\/www.gdirekt.se\/da\/produkt\/gulvstander-2stand-ellipse-med-fod\/\"]}]},{\"@type\":\"ImageObject\",\"inLanguage\":\"da-DK\",\"@id\":\"https:\/\/www.gdirekt.se\/da\/produkt\/gulvstander-2stand-ellipse-med-fod\/#primaryimage\",\"url\":\"https:\/\/www.gdirekt.se\/wp-content\/uploads\/2Stand-display-Gdirekt.png\",\"contentUrl\":\"https:\/\/www.gdirekt.se\/wp-content\/uploads\/2Stand-display-Gdirekt.png\",\"width\":1000,\"height\":1000,\"caption\":\"2Stand display - Gdirekt\"},{\"@type\":\"BreadcrumbList\",\"@id\":\"https:\/\/www.gdirekt.se\/da\/produkt\/gulvstander-2stand-ellipse-med-fod\/#breadcrumb\",\"itemListElement\":[{\"@type\":\"ListItem\",\"position\":1,\"name\":\"Hem\",\"item\":\"https:\/\/www.gdirekt.se\/da\/\"},{\"@type\":\"ListItem\",\"position\":2,\"name\":\"Start\",\"item\":\"https:\/\/www.gdirekt.se\/da\/\"},{\"@type\":\"ListItem\",\"position\":3,\"name\":\"Gulvstander 2Stand-ellipse med fod\"}]},{\"@type\":\"WebSite\",\"@id\":\"https:\/\/www.gdirekt.se\/#website\",\"url\":\"https:\/\/www.gdirekt.se\/\",\"name\":\"Gdirekt.se\",\"description\":\"Tryck snabbt \u00e5 l\u00e4tt = Gdirekt\",\"potentialAction\":[{\"@type\":\"SearchAction\",\"target\":{\"@type\":\"EntryPoint\",\"urlTemplate\":\"https:\/\/www.gdirekt.se\/?s={search_term_string}\"},\"query-input\":{\"@type\":\"PropertyValueSpecification\",\"valueRequired\":true,\"valueName\":\"search_term_string\"}}],\"inLanguage\":\"da-DK\"}]}<\/script>\n<!-- \/ Yoast SEO plugin. -->","yoast_head_json":{"title":"Gulvstander 2Stand-ellipse med fod og eget print til rigtige pris | Gdirekt.se","description":"Gulvstander 2Stand-ellipse med fod er et prisbilligt gulvsystem i karton med dobbeltsidet trykt ellipse. Udskift let butiksreklamen p\u00e5 disse standere. Det trykte budskab er inkluderet i den gode pris. Bestil en standardst\u00f8rrelse, der passer til jeres logo og reklametekst.","robots":{"index":"index","follow":"follow","max-snippet":"max-snippet:-1","max-image-preview":"max-image-preview:large","max-video-preview":"max-video-preview:-1"},"canonical":"https:\/\/www.gdirekt.se\/da\/produkt\/gulvstander-2stand-ellipse-med-fod\/","og_locale":"da_DK","og_type":"article","og_title":"Gulvstander 2Stand-ellipse med fod og eget print til rigtige pris | Gdirekt.se","og_description":"Gulvstander 2Stand-ellipse med fod er et prisbilligt gulvsystem i karton med dobbeltsidet trykt ellipse. Udskift let butiksreklamen p\u00e5 disse standere. Det trykte budskab er inkluderet i den gode pris. Bestil en standardst\u00f8rrelse, der passer til jeres logo og reklametekst.","og_url":"https:\/\/www.gdirekt.se\/da\/produkt\/gulvstander-2stand-ellipse-med-fod\/","og_site_name":"Gdirekt.se","article_modified_time":"2019-01-11T11:08:10+00:00","og_image":[{"width":1000,"height":1000,"url":"https:\/\/www.gdirekt.se\/wp-content\/uploads\/2Stand-display-Gdirekt.png","type":"image\/png"}],"twitter_card":"summary_large_image","twitter_misc":{"Estimeret l\u00e6setid":"2 minutter"},"schema":{"@context":"https:\/\/schema.org","@graph":[{"@type":"WebPage","@id":"https:\/\/www.gdirekt.se\/da\/produkt\/gulvstander-2stand-ellipse-med-fod\/","url":"https:\/\/www.gdirekt.se\/da\/produkt\/gulvstander-2stand-ellipse-med-fod\/","name":"Gulvstander 2Stand-ellipse med fod og eget print til rigtige pris | Gdirekt.se","isPartOf":{"@id":"https:\/\/www.gdirekt.se\/#website"},"primaryImageOfPage":{"@id":"https:\/\/www.gdirekt.se\/da\/produkt\/gulvstander-2stand-ellipse-med-fod\/#primaryimage"},"image":{"@id":"https:\/\/www.gdirekt.se\/da\/produkt\/gulvstander-2stand-ellipse-med-fod\/#primaryimage"},"thumbnailUrl":"https:\/\/www.gdirekt.se\/wp-content\/uploads\/2Stand-display-Gdirekt.png","datePublished":"2015-09-24T11:45:47+00:00","dateModified":"2019-01-11T11:08:10+00:00","description":"Gulvstander 2Stand-ellipse med fod er et prisbilligt gulvsystem i karton med dobbeltsidet trykt ellipse. Udskift let butiksreklamen p\u00e5 disse standere. Det trykte budskab er inkluderet i den gode pris. Bestil en standardst\u00f8rrelse, der passer til jeres logo og reklametekst.","breadcrumb":{"@id":"https:\/\/www.gdirekt.se\/da\/produkt\/gulvstander-2stand-ellipse-med-fod\/#breadcrumb"},"inLanguage":"da-DK","potentialAction":[{"@type":"ReadAction","target":["https:\/\/www.gdirekt.se\/da\/produkt\/gulvstander-2stand-ellipse-med-fod\/"]}]},{"@type":"ImageObject","inLanguage":"da-DK","@id":"https:\/\/www.gdirekt.se\/da\/produkt\/gulvstander-2stand-ellipse-med-fod\/#primaryimage","url":"https:\/\/www.gdirekt.se\/wp-content\/uploads\/2Stand-display-Gdirekt.png","contentUrl":"https:\/\/www.gdirekt.se\/wp-content\/uploads\/2Stand-display-Gdirekt.png","width":1000,"height":1000,"caption":"2Stand display - Gdirekt"},{"@type":"BreadcrumbList","@id":"https:\/\/www.gdirekt.se\/da\/produkt\/gulvstander-2stand-ellipse-med-fod\/#breadcrumb","itemListElement":[{"@type":"ListItem","position":1,"name":"Hem","item":"https:\/\/www.gdirekt.se\/da\/"},{"@type":"ListItem","position":2,"name":"Start","item":"https:\/\/www.gdirekt.se\/da\/"},{"@type":"ListItem","position":3,"name":"Gulvstander 2Stand-ellipse med fod"}]},{"@type":"WebSite","@id":"https:\/\/www.gdirekt.se\/#website","url":"https:\/\/www.gdirekt.se\/","name":"Gdirekt.se","description":"Tryck snabbt \u00e5 l\u00e4tt = Gdirekt","potentialAction":[{"@type":"SearchAction","target":{"@type":"EntryPoint","urlTemplate":"https:\/\/www.gdirekt.se\/?s={search_term_string}"},"query-input":{"@type":"PropertyValueSpecification","valueRequired":true,"valueName":"search_term_string"}}],"inLanguage":"da-DK"}]}},"_links":{"self":[{"href":"https:\/\/www.gdirekt.se\/da\/wp-json\/wp\/v2\/product\/9452","targetHints":{"allow":["GET"]}}],"collection":[{"href":"https:\/\/www.gdirekt.se\/da\/wp-json\/wp\/v2\/product"}],"about":[{"href":"https:\/\/www.gdirekt.se\/da\/wp-json\/wp\/v2\/types\/product"}],"wp:featuredmedia":[{"embeddable":true,"href":"https:\/\/www.gdirekt.se\/da\/wp-json\/wp\/v2\/media\/8138"}],"wp:attachment":[{"href":"https:\/\/www.gdirekt.se\/da\/wp-json\/wp\/v2\/media?parent=9452"}],"wp:term":[{"taxonomy":"product_brand","embeddable":true,"href":"https:\/\/www.gdirekt.se\/da\/wp-json\/wp\/v2\/product_brand?post=9452"},{"taxonomy":"product_cat","embeddable":true,"href":"https:\/\/www.gdirekt.se\/da\/wp-json\/wp\/v2\/product_cat?post=9452"},{"taxonomy":"product_tag","embeddable":true,"href":"https:\/\/www.gdirekt.se\/da\/wp-json\/wp\/v2\/product_tag?post=9452"}],"curies":[{"name":"wp","href":"https:\/\/api.w.org\/{rel}","templated":true}]}}