{"id":9445,"date":"2015-09-11T17:01:35","date_gmt":"2015-09-11T15:01:35","guid":{"rendered":"http:\/\/gdirekt.hamstage.hamrenmedia.se\/produkt\/gulvdisplay-4-screen-expolinc\/"},"modified":"2019-01-11T12:07:24","modified_gmt":"2019-01-11T11:07:24","slug":"gulvdisplay-4-screen-expolinc","status":"publish","type":"product","link":"https:\/\/www.gdirekt.se\/da\/produkt\/gulvdisplay-4-screen-expolinc\/","title":{"rendered":"Gulvdisplay 4 Screen \u2013 Expolinc"},"content":{"rendered":"<p><span lang=\"DA\">Gulvdisplay 4 Screen \u2013 Expolinc er et standardprodukt og en klassiker inden for skiltesystemer. Disse skiltestandere kaldes ogs\u00e5 L-bannere. Ideen med skiltestanderen 4 Screen er et design, hvor selve standeren er skjult, mens billedet fremst\u00e5r tydeligt. Man f\u00e5r et udstillingsprodukt i h\u00f8j kvalitet til en god pris, der er velegnet til messer, kampagner og kunder i detailhandlen.<\/span><\/p>\n<p><span lang=\"DA\">Displaystanderen f\u00e5s i mange forskellige st\u00f8rrelser i en bredde fra 55 til 200\u00a0cm. H\u00f8jden er fra 148 til 215\u00a0cm. Disse gulvstandere kaldes ofte for L-bannere. Det skyldes, at det trykte display st\u00e5r vinkelret i forhold til holderen p\u00e5 gulvet, og dermed ligner et L. Udstillingsstanderen placeres p\u00e5 gulvet og er velegnet til brug i butikker, p\u00e5 messer, i butikscentre samt p\u00e5 stadioner og andre offentlige steder. Budskabet vises i form af trykte bannere, hvor man kan bruge tekst, logoer og billeder i alle farver. Banneret kan naturligvis ogs\u00e5 f\u00e5s i sort\/hvid, hvis det passer til virksomhedens profil. Vi mener, at det vigtigste i forbindelse med trykning af bannere til udstillinger er en ensartet stil med et enkelt design. Derudover er det ogs\u00e5 en god id\u00e9 at bruge en s\u00e5 kort tekst som mulig, s\u00e5 man n\u00e5r ud med sit budskab.<\/span><\/p>\n<p><span lang=\"DA\">Vores trykte bannere fremstilles med digitaltryk p\u00e5 et stof, der forbliver udstrakt. Billederne har meget h\u00f8j opl\u00f8sning og optimal farvegengivelse. Vi trykker selv alt i Sverige p\u00e5 fabrikken i Norrk\u00f6ping. Se eventuelt vores<span class=\"apple-converted-space\">\u00a0<\/span><\/span><span lang=\"DA\"><a href=\"https:\/\/www.gdirekt.se\/produkt-kategori\/display-skylthallare-skyltstall\/\"><b><i>andre skiltestandere<\/i><\/b><\/a><\/span><span lang=\"DA\">!<\/span><\/p>\n<p><span lang=\"DA\">Gulvdisplay 4 Screen \u2013 Expolinc er en omkostningseffektiv metode til visning af reklamebudskaber i stor skala og er velegnet til events og store kampagner, hvor alt lige fra pris til opstillingstid er vigtig. Designet\u00a0er moderne og\u00a0enkelt, og det tager under et minut at stille displayet op! Takket v\u00e6re st\u00f8ttestangens v\u00e6gt, st\u00e5r 4 Screen stabilt trods sin lave v\u00e6gt. Vi sender altid alle pakker som sporbar fragt, s\u00e5 man kan v\u00e6re sikker p\u00e5, at varerne kommer frem.<\/span><\/p>\n","protected":false},"excerpt":{"rendered":"<p>Gulvdisplay 4 Screen \u2013 Expolinc f\u00e5s i mange st\u00f8rrelser. Det kaldes for L-banner og har et enkelt design, hvor billedet fremst\u00e5r tydeligt. Leveres i slidst\u00e6rk nylontaske.<\/p>\n","protected":false},"featured_media":8077,"template":"","meta":{"_acf_changed":false},"product_brand":[],"product_cat":[372],"product_tag":[],"class_list":{"0":"post-9445","1":"product","2":"type-product","3":"status-publish","4":"has-post-thumbnail","6":"product_cat-display-skilteholdere-skiltestander","7":"product_shipping_class-180sek","9":"first","10":"instock","11":"taxable","12":"shipping-taxable","13":"purchasable","14":"product-type-variable","15":"has-default-attributes"},"exclude_global_add_ons":[],"addons":[],"acf":[],"yoast_head":"<!-- This site is optimized with the Yoast SEO plugin v27.2 - https:\/\/yoast.com\/product\/yoast-seo-wordpress\/ -->\n<title>Gulvdisplay 4 Screen \u2013 Expolinc, trykt billede panel er inkluderet i prisen | Gdirekt.se<\/title>\n<meta name=\"description\" content=\"Gulvdisplay 4 Screen \u2013 Expolinc f\u00e5s i mange st\u00f8rrelser. Udstillingsstanderens enkle design er beregnet til at f\u00e5 billedet til at fremst\u00e5 optimalt. Leveres i slidst\u00e6rk nylontaske. Lav pris og gratis skabelon med den rette st\u00f8rrelse kan downloades ved bestilling. Hurtig transport hver dag fra trykkeriet.\" \/>\n<meta name=\"robots\" content=\"index, follow, max-snippet:-1, max-image-preview:large, max-video-preview:-1\" \/>\n<link rel=\"canonical\" href=\"https:\/\/www.gdirekt.se\/da\/produkt\/gulvdisplay-4-screen-expolinc\/\" \/>\n<meta property=\"og:locale\" content=\"da_DK\" \/>\n<meta property=\"og:type\" content=\"article\" \/>\n<meta property=\"og:title\" content=\"Gulvdisplay 4 Screen \u2013 Expolinc, trykt billede panel er inkluderet i prisen | Gdirekt.se\" \/>\n<meta property=\"og:description\" content=\"Gulvdisplay 4 Screen \u2013 Expolinc f\u00e5s i mange st\u00f8rrelser. Udstillingsstanderens enkle design er beregnet til at f\u00e5 billedet til at fremst\u00e5 optimalt. Leveres i slidst\u00e6rk nylontaske. Lav pris og gratis skabelon med den rette st\u00f8rrelse kan downloades ved bestilling. Hurtig transport hver dag fra trykkeriet.\" \/>\n<meta property=\"og:url\" content=\"https:\/\/www.gdirekt.se\/da\/produkt\/gulvdisplay-4-screen-expolinc\/\" \/>\n<meta property=\"og:site_name\" content=\"Gdirekt.se\" \/>\n<meta property=\"article:modified_time\" content=\"2019-01-11T11:07:24+00:00\" \/>\n<meta property=\"og:image\" content=\"https:\/\/www.gdirekt.se\/wp-content\/uploads\/Expolinc_4S_mounted_HIGH.png\" \/>\n\t<meta property=\"og:image:width\" content=\"1000\" \/>\n\t<meta property=\"og:image:height\" content=\"1000\" \/>\n\t<meta property=\"og:image:type\" content=\"image\/png\" \/>\n<meta name=\"twitter:card\" content=\"summary_large_image\" \/>\n<meta name=\"twitter:label1\" content=\"Estimeret l\u00e6setid\" \/>\n\t<meta name=\"twitter:data1\" content=\"2 minutter\" \/>\n<script type=\"application\/ld+json\" class=\"yoast-schema-graph\">{\"@context\":\"https:\/\/schema.org\",\"@graph\":[{\"@type\":\"WebPage\",\"@id\":\"https:\/\/www.gdirekt.se\/da\/produkt\/gulvdisplay-4-screen-expolinc\/\",\"url\":\"https:\/\/www.gdirekt.se\/da\/produkt\/gulvdisplay-4-screen-expolinc\/\",\"name\":\"Gulvdisplay 4 Screen \u2013 Expolinc, trykt billede panel er inkluderet i prisen | Gdirekt.se\",\"isPartOf\":{\"@id\":\"https:\/\/www.gdirekt.se\/#website\"},\"primaryImageOfPage\":{\"@id\":\"https:\/\/www.gdirekt.se\/da\/produkt\/gulvdisplay-4-screen-expolinc\/#primaryimage\"},\"image\":{\"@id\":\"https:\/\/www.gdirekt.se\/da\/produkt\/gulvdisplay-4-screen-expolinc\/#primaryimage\"},\"thumbnailUrl\":\"https:\/\/www.gdirekt.se\/wp-content\/uploads\/Expolinc_4S_mounted_HIGH.png\",\"datePublished\":\"2015-09-11T15:01:35+00:00\",\"dateModified\":\"2019-01-11T11:07:24+00:00\",\"description\":\"Gulvdisplay 4 Screen \u2013 Expolinc f\u00e5s i mange st\u00f8rrelser. Udstillingsstanderens enkle design er beregnet til at f\u00e5 billedet til at fremst\u00e5 optimalt. Leveres i slidst\u00e6rk nylontaske. Lav pris og gratis skabelon med den rette st\u00f8rrelse kan downloades ved bestilling. Hurtig transport hver dag fra trykkeriet.\",\"breadcrumb\":{\"@id\":\"https:\/\/www.gdirekt.se\/da\/produkt\/gulvdisplay-4-screen-expolinc\/#breadcrumb\"},\"inLanguage\":\"da-DK\",\"potentialAction\":[{\"@type\":\"ReadAction\",\"target\":[\"https:\/\/www.gdirekt.se\/da\/produkt\/gulvdisplay-4-screen-expolinc\/\"]}]},{\"@type\":\"ImageObject\",\"inLanguage\":\"da-DK\",\"@id\":\"https:\/\/www.gdirekt.se\/da\/produkt\/gulvdisplay-4-screen-expolinc\/#primaryimage\",\"url\":\"https:\/\/www.gdirekt.se\/wp-content\/uploads\/Expolinc_4S_mounted_HIGH.png\",\"contentUrl\":\"https:\/\/www.gdirekt.se\/wp-content\/uploads\/Expolinc_4S_mounted_HIGH.png\",\"width\":1000,\"height\":1000,\"caption\":\"4 Screen - et smart bannersystem fra Gdirekt\"},{\"@type\":\"BreadcrumbList\",\"@id\":\"https:\/\/www.gdirekt.se\/da\/produkt\/gulvdisplay-4-screen-expolinc\/#breadcrumb\",\"itemListElement\":[{\"@type\":\"ListItem\",\"position\":1,\"name\":\"Hem\",\"item\":\"https:\/\/www.gdirekt.se\/da\/\"},{\"@type\":\"ListItem\",\"position\":2,\"name\":\"Start\",\"item\":\"https:\/\/www.gdirekt.se\/da\/\"},{\"@type\":\"ListItem\",\"position\":3,\"name\":\"Gulvdisplay 4 Screen \u2013 Expolinc\"}]},{\"@type\":\"WebSite\",\"@id\":\"https:\/\/www.gdirekt.se\/#website\",\"url\":\"https:\/\/www.gdirekt.se\/\",\"name\":\"Gdirekt.se\",\"description\":\"Tryck snabbt \u00e5 l\u00e4tt = Gdirekt\",\"potentialAction\":[{\"@type\":\"SearchAction\",\"target\":{\"@type\":\"EntryPoint\",\"urlTemplate\":\"https:\/\/www.gdirekt.se\/?s={search_term_string}\"},\"query-input\":{\"@type\":\"PropertyValueSpecification\",\"valueRequired\":true,\"valueName\":\"search_term_string\"}}],\"inLanguage\":\"da-DK\"}]}<\/script>\n<!-- \/ Yoast SEO plugin. -->","yoast_head_json":{"title":"Gulvdisplay 4 Screen \u2013 Expolinc, trykt billede panel er inkluderet i prisen | Gdirekt.se","description":"Gulvdisplay 4 Screen \u2013 Expolinc f\u00e5s i mange st\u00f8rrelser. Udstillingsstanderens enkle design er beregnet til at f\u00e5 billedet til at fremst\u00e5 optimalt. Leveres i slidst\u00e6rk nylontaske. Lav pris og gratis skabelon med den rette st\u00f8rrelse kan downloades ved bestilling. Hurtig transport hver dag fra trykkeriet.","robots":{"index":"index","follow":"follow","max-snippet":"max-snippet:-1","max-image-preview":"max-image-preview:large","max-video-preview":"max-video-preview:-1"},"canonical":"https:\/\/www.gdirekt.se\/da\/produkt\/gulvdisplay-4-screen-expolinc\/","og_locale":"da_DK","og_type":"article","og_title":"Gulvdisplay 4 Screen \u2013 Expolinc, trykt billede panel er inkluderet i prisen | Gdirekt.se","og_description":"Gulvdisplay 4 Screen \u2013 Expolinc f\u00e5s i mange st\u00f8rrelser. Udstillingsstanderens enkle design er beregnet til at f\u00e5 billedet til at fremst\u00e5 optimalt. Leveres i slidst\u00e6rk nylontaske. Lav pris og gratis skabelon med den rette st\u00f8rrelse kan downloades ved bestilling. Hurtig transport hver dag fra trykkeriet.","og_url":"https:\/\/www.gdirekt.se\/da\/produkt\/gulvdisplay-4-screen-expolinc\/","og_site_name":"Gdirekt.se","article_modified_time":"2019-01-11T11:07:24+00:00","og_image":[{"width":1000,"height":1000,"url":"https:\/\/www.gdirekt.se\/wp-content\/uploads\/Expolinc_4S_mounted_HIGH.png","type":"image\/png"}],"twitter_card":"summary_large_image","twitter_misc":{"Estimeret l\u00e6setid":"2 minutter"},"schema":{"@context":"https:\/\/schema.org","@graph":[{"@type":"WebPage","@id":"https:\/\/www.gdirekt.se\/da\/produkt\/gulvdisplay-4-screen-expolinc\/","url":"https:\/\/www.gdirekt.se\/da\/produkt\/gulvdisplay-4-screen-expolinc\/","name":"Gulvdisplay 4 Screen \u2013 Expolinc, trykt billede panel er inkluderet i prisen | Gdirekt.se","isPartOf":{"@id":"https:\/\/www.gdirekt.se\/#website"},"primaryImageOfPage":{"@id":"https:\/\/www.gdirekt.se\/da\/produkt\/gulvdisplay-4-screen-expolinc\/#primaryimage"},"image":{"@id":"https:\/\/www.gdirekt.se\/da\/produkt\/gulvdisplay-4-screen-expolinc\/#primaryimage"},"thumbnailUrl":"https:\/\/www.gdirekt.se\/wp-content\/uploads\/Expolinc_4S_mounted_HIGH.png","datePublished":"2015-09-11T15:01:35+00:00","dateModified":"2019-01-11T11:07:24+00:00","description":"Gulvdisplay 4 Screen \u2013 Expolinc f\u00e5s i mange st\u00f8rrelser. Udstillingsstanderens enkle design er beregnet til at f\u00e5 billedet til at fremst\u00e5 optimalt. Leveres i slidst\u00e6rk nylontaske. Lav pris og gratis skabelon med den rette st\u00f8rrelse kan downloades ved bestilling. Hurtig transport hver dag fra trykkeriet.","breadcrumb":{"@id":"https:\/\/www.gdirekt.se\/da\/produkt\/gulvdisplay-4-screen-expolinc\/#breadcrumb"},"inLanguage":"da-DK","potentialAction":[{"@type":"ReadAction","target":["https:\/\/www.gdirekt.se\/da\/produkt\/gulvdisplay-4-screen-expolinc\/"]}]},{"@type":"ImageObject","inLanguage":"da-DK","@id":"https:\/\/www.gdirekt.se\/da\/produkt\/gulvdisplay-4-screen-expolinc\/#primaryimage","url":"https:\/\/www.gdirekt.se\/wp-content\/uploads\/Expolinc_4S_mounted_HIGH.png","contentUrl":"https:\/\/www.gdirekt.se\/wp-content\/uploads\/Expolinc_4S_mounted_HIGH.png","width":1000,"height":1000,"caption":"4 Screen - et smart bannersystem fra Gdirekt"},{"@type":"BreadcrumbList","@id":"https:\/\/www.gdirekt.se\/da\/produkt\/gulvdisplay-4-screen-expolinc\/#breadcrumb","itemListElement":[{"@type":"ListItem","position":1,"name":"Hem","item":"https:\/\/www.gdirekt.se\/da\/"},{"@type":"ListItem","position":2,"name":"Start","item":"https:\/\/www.gdirekt.se\/da\/"},{"@type":"ListItem","position":3,"name":"Gulvdisplay 4 Screen \u2013 Expolinc"}]},{"@type":"WebSite","@id":"https:\/\/www.gdirekt.se\/#website","url":"https:\/\/www.gdirekt.se\/","name":"Gdirekt.se","description":"Tryck snabbt \u00e5 l\u00e4tt = Gdirekt","potentialAction":[{"@type":"SearchAction","target":{"@type":"EntryPoint","urlTemplate":"https:\/\/www.gdirekt.se\/?s={search_term_string}"},"query-input":{"@type":"PropertyValueSpecification","valueRequired":true,"valueName":"search_term_string"}}],"inLanguage":"da-DK"}]}},"_links":{"self":[{"href":"https:\/\/www.gdirekt.se\/da\/wp-json\/wp\/v2\/product\/9445","targetHints":{"allow":["GET"]}}],"collection":[{"href":"https:\/\/www.gdirekt.se\/da\/wp-json\/wp\/v2\/product"}],"about":[{"href":"https:\/\/www.gdirekt.se\/da\/wp-json\/wp\/v2\/types\/product"}],"wp:featuredmedia":[{"embeddable":true,"href":"https:\/\/www.gdirekt.se\/da\/wp-json\/wp\/v2\/media\/8077"}],"wp:attachment":[{"href":"https:\/\/www.gdirekt.se\/da\/wp-json\/wp\/v2\/media?parent=9445"}],"wp:term":[{"taxonomy":"product_brand","embeddable":true,"href":"https:\/\/www.gdirekt.se\/da\/wp-json\/wp\/v2\/product_brand?post=9445"},{"taxonomy":"product_cat","embeddable":true,"href":"https:\/\/www.gdirekt.se\/da\/wp-json\/wp\/v2\/product_cat?post=9445"},{"taxonomy":"product_tag","embeddable":true,"href":"https:\/\/www.gdirekt.se\/da\/wp-json\/wp\/v2\/product_tag?post=9445"}],"curies":[{"name":"wp","href":"https:\/\/api.w.org\/{rel}","templated":true}]}}