{"id":9440,"date":"2016-12-07T10:53:37","date_gmt":"2016-12-07T09:53:37","guid":{"rendered":"http:\/\/gdirekt.hamstage.hamrenmedia.se\/produkt\/exl-banner-sarg\/"},"modified":"2019-01-11T12:07:18","modified_gmt":"2019-01-11T11:07:18","slug":"exl-banner-sarg","status":"publish","type":"product","link":"https:\/\/www.gdirekt.se\/da\/produkt\/exl-banner-sarg\/","title":{"rendered":"EXL Banner Sarg"},"content":{"rendered":"<p>EXL Banner Sarg er et bannerstativ til sportskonkurrencer, messer og events. Det f\u00e5s i dobbeltsidet eller enkeltsidet version, og f\u00f8dder kan k\u00f8bes som ekstraudstyr, alt efter om det skal bruges indend\u00f8rs eller udend\u00f8rs. EXL Banner Sarg f\u00e5s i to st\u00f8rrelser, som kan v\u00e6lges nedenfor. Billede, jordskruer og taske medf\u00f8lger. F\u00f8dder til plant underlag kan k\u00f8bes som ekstraudstyr.<\/p>\n<p>EXL Banner Sarg er en udend\u00f8rsstander, der f\u00e5s i to st\u00f8rrelser: 240 x 80\u00a0cm og 290 x 80\u00a0cm. Det er et stabilt\u00a0bannerstativ til sportskonkurrencer, messer og events. Dobbeltsidet eller enkeltsidet banner, jordskruer og taske er inkluderet i prisen. K\u00f8b f\u00f8dder til plant underlag som ekstraudstyr, afh\u00e6ngigt af om det skal bruges indend\u00f8rs eller udend\u00f8rs.\u00a0Denne stander til bannere er let at bruge Selve r\u00f8rene er meget robuste og fremstillet af glasfiber. De er fremstillet i flere lag for at sikre optimal holdbarhed i vind og vejr. Det er som sagt et meget robust bannersystem, men alligevel meget let at transportere. Jordskruen kan bruges i sne, gr\u00e6s og andre tilsvarende underlag. Man folder en smart tap ud p\u00e5 jordskruen, der bruges som h\u00e5ndtag for at g\u00f8re det lettere at s\u00e6tte den i. Man kan desuden k\u00f8be f\u00f8dder til plant underlag s\u00e5som grus, asfalt, beton og parkeringspladser eller gulve indend\u00f8rs. Der kan k\u00f8bes\u00a0<a href=\"https:\/\/www.gdirekt.se\/produkt\/markfot-till-exl-sarg\/\"><strong><em>f\u00f8dder til plant underlag<\/em><\/strong><\/a>som ekstraudstyr til bannerstanderne. Hvis man har brug for ekstra tyngde, kan man b\u00e5de bestille sands\u00e6kke og vands\u00e6kke hos Gdirekt. Vores priser er altid konkurrencedygtige, og vores kvalitet meget h\u00f8j, hvilket g\u00e6lder for alle vores produkter til events og arrangementer.<\/p>\n<p>EXL Banner Sarg med bannere bruges mange forskellige steder. Ved skil\u00f8b, orienteringsl\u00f8b, atletikst\u00e6vner, fodboldturneringer samt l\u00f8b s\u00e5som maraton og alle de korte l\u00f8b, der er blevet s\u00e5 popul\u00e6re. De bruges mest udend\u00f8rs, men kan ogs\u00e5 bruges indend\u00f8rs i sportshaller eller i forbindelse med aktiviteter i butikscentre og festivaler<\/p>\n<p>Hvis man som virksomhed vil v\u00e6re synlig og n\u00e5 ud med sit budskab og logo, er trykte reklamestandere en god og billig l\u00f8sning.\u00a0EXL Banner Sarg er let at pakke sammen og stille op ved n\u00e6ste arrangement eller kampagne. Hvis I har brug for andre bannere, har vi desuden et meget bredt udvalg. Se denne\u00a0<a href=\"https:\/\/www.gdirekt.se\/produkt-kategori\/banderoller\/\">side!<\/a><\/p>\n","protected":false},"excerpt":{"rendered":"<p><span lang=\"DA\">\u00a0EXL Banner Sarg \u2013 et bannerstativ til sportskonkurrencer, messer og events. Dobbeltsidet eller enkeltsidet til indend\u00f8rs og udend\u00f8rs brug. EXL Banner Sarg f\u00e5s i to st\u00f8rrelser, v\u00e6lg nedenfor. Billede, jordskrue og taske inkluderet. K\u00f8b til montering til flade overflader.<\/span><\/p>\n","protected":false},"featured_media":8254,"template":"","meta":{"_acf_changed":false},"product_brand":[],"product_cat":[372,356],"product_tag":[],"class_list":{"0":"post-9440","1":"product","2":"type-product","3":"status-publish","4":"has-post-thumbnail","6":"product_cat-display-skilteholdere-skiltestander","7":"product_cat-udendoersskilte-og-expo","8":"product_shipping_class-180sek","10":"first","11":"instock","12":"taxable","13":"shipping-taxable","14":"product-type-variable","15":"has-default-attributes"},"exclude_global_add_ons":[],"addons":[],"acf":[],"yoast_head":"<!-- This site is optimized with the Yoast SEO plugin v27.2 - https:\/\/yoast.com\/product\/yoast-seo-wordpress\/ -->\n<title>EXL Banner Sarg er det bannerrack, der holder, er trykket inkluderet i prisen | Gdirekt.se<\/title>\n<meta name=\"description\" content=\"EXL Banner Sarg \u2013 et bannerstativ til sportskonkurrencer, messer og events. Dobbeltsidet eller enkeltsidet til indend\u00f8rs og udend\u00f8rs brug. Perfekt stander til bannere, der kan bruges udend\u00f8rs og holder de bestilte bannere p\u00e5 plads. Hurtig fragt hver dag direkte fra trykkeriet.\" \/>\n<meta name=\"robots\" content=\"index, follow, max-snippet:-1, max-image-preview:large, max-video-preview:-1\" \/>\n<link rel=\"canonical\" href=\"https:\/\/www.gdirekt.se\/da\/produkt\/exl-banner-sarg\/\" \/>\n<meta property=\"og:locale\" content=\"da_DK\" \/>\n<meta property=\"og:type\" content=\"article\" \/>\n<meta property=\"og:title\" content=\"EXL Banner Sarg er det bannerrack, der holder, er trykket inkluderet i prisen | Gdirekt.se\" \/>\n<meta property=\"og:description\" content=\"EXL Banner Sarg \u2013 et bannerstativ til sportskonkurrencer, messer og events. Dobbeltsidet eller enkeltsidet til indend\u00f8rs og udend\u00f8rs brug. Perfekt stander til bannere, der kan bruges udend\u00f8rs og holder de bestilte bannere p\u00e5 plads. Hurtig fragt hver dag direkte fra trykkeriet.\" \/>\n<meta property=\"og:url\" content=\"https:\/\/www.gdirekt.se\/da\/produkt\/exl-banner-sarg\/\" \/>\n<meta property=\"og:site_name\" content=\"Gdirekt.se\" \/>\n<meta property=\"article:modified_time\" content=\"2019-01-11T11:07:18+00:00\" \/>\n<meta property=\"og:image\" content=\"https:\/\/www.gdirekt.se\/wp-content\/uploads\/EXL-Sarg.png\" \/>\n\t<meta property=\"og:image:width\" content=\"1000\" \/>\n\t<meta property=\"og:image:height\" content=\"1000\" \/>\n\t<meta property=\"og:image:type\" content=\"image\/png\" \/>\n<meta name=\"twitter:card\" content=\"summary_large_image\" \/>\n<meta name=\"twitter:label1\" content=\"Estimeret l\u00e6setid\" \/>\n\t<meta name=\"twitter:data1\" content=\"2 minutter\" \/>\n<script type=\"application\/ld+json\" class=\"yoast-schema-graph\">{\"@context\":\"https:\/\/schema.org\",\"@graph\":[{\"@type\":\"WebPage\",\"@id\":\"https:\/\/www.gdirekt.se\/da\/produkt\/exl-banner-sarg\/\",\"url\":\"https:\/\/www.gdirekt.se\/da\/produkt\/exl-banner-sarg\/\",\"name\":\"EXL Banner Sarg er det bannerrack, der holder, er trykket inkluderet i prisen | Gdirekt.se\",\"isPartOf\":{\"@id\":\"https:\/\/www.gdirekt.se\/#website\"},\"primaryImageOfPage\":{\"@id\":\"https:\/\/www.gdirekt.se\/da\/produkt\/exl-banner-sarg\/#primaryimage\"},\"image\":{\"@id\":\"https:\/\/www.gdirekt.se\/da\/produkt\/exl-banner-sarg\/#primaryimage\"},\"thumbnailUrl\":\"https:\/\/www.gdirekt.se\/wp-content\/uploads\/EXL-Sarg.png\",\"datePublished\":\"2016-12-07T09:53:37+00:00\",\"dateModified\":\"2019-01-11T11:07:18+00:00\",\"description\":\"EXL Banner Sarg \u2013 et bannerstativ til sportskonkurrencer, messer og events. Dobbeltsidet eller enkeltsidet til indend\u00f8rs og udend\u00f8rs brug. Perfekt stander til bannere, der kan bruges udend\u00f8rs og holder de bestilte bannere p\u00e5 plads. Hurtig fragt hver dag direkte fra trykkeriet.\",\"breadcrumb\":{\"@id\":\"https:\/\/www.gdirekt.se\/da\/produkt\/exl-banner-sarg\/#breadcrumb\"},\"inLanguage\":\"da-DK\",\"potentialAction\":[{\"@type\":\"ReadAction\",\"target\":[\"https:\/\/www.gdirekt.se\/da\/produkt\/exl-banner-sarg\/\"]}]},{\"@type\":\"ImageObject\",\"inLanguage\":\"da-DK\",\"@id\":\"https:\/\/www.gdirekt.se\/da\/produkt\/exl-banner-sarg\/#primaryimage\",\"url\":\"https:\/\/www.gdirekt.se\/wp-content\/uploads\/EXL-Sarg.png\",\"contentUrl\":\"https:\/\/www.gdirekt.se\/wp-content\/uploads\/EXL-Sarg.png\",\"width\":1000,\"height\":1000,\"caption\":\"Smart banderollsystem som f\u00e4stes i sn\u00f6, jord, gr\u00e4s eller h\u00e5rda material\"},{\"@type\":\"BreadcrumbList\",\"@id\":\"https:\/\/www.gdirekt.se\/da\/produkt\/exl-banner-sarg\/#breadcrumb\",\"itemListElement\":[{\"@type\":\"ListItem\",\"position\":1,\"name\":\"Hem\",\"item\":\"https:\/\/www.gdirekt.se\/da\/\"},{\"@type\":\"ListItem\",\"position\":2,\"name\":\"Start\",\"item\":\"https:\/\/www.gdirekt.se\/da\/\"},{\"@type\":\"ListItem\",\"position\":3,\"name\":\"EXL Banner Sarg\"}]},{\"@type\":\"WebSite\",\"@id\":\"https:\/\/www.gdirekt.se\/#website\",\"url\":\"https:\/\/www.gdirekt.se\/\",\"name\":\"Gdirekt.se\",\"description\":\"Tryck snabbt \u00e5 l\u00e4tt = Gdirekt\",\"potentialAction\":[{\"@type\":\"SearchAction\",\"target\":{\"@type\":\"EntryPoint\",\"urlTemplate\":\"https:\/\/www.gdirekt.se\/?s={search_term_string}\"},\"query-input\":{\"@type\":\"PropertyValueSpecification\",\"valueRequired\":true,\"valueName\":\"search_term_string\"}}],\"inLanguage\":\"da-DK\"}]}<\/script>\n<!-- \/ Yoast SEO plugin. -->","yoast_head_json":{"title":"EXL Banner Sarg er det bannerrack, der holder, er trykket inkluderet i prisen | Gdirekt.se","description":"EXL Banner Sarg \u2013 et bannerstativ til sportskonkurrencer, messer og events. Dobbeltsidet eller enkeltsidet til indend\u00f8rs og udend\u00f8rs brug. Perfekt stander til bannere, der kan bruges udend\u00f8rs og holder de bestilte bannere p\u00e5 plads. Hurtig fragt hver dag direkte fra trykkeriet.","robots":{"index":"index","follow":"follow","max-snippet":"max-snippet:-1","max-image-preview":"max-image-preview:large","max-video-preview":"max-video-preview:-1"},"canonical":"https:\/\/www.gdirekt.se\/da\/produkt\/exl-banner-sarg\/","og_locale":"da_DK","og_type":"article","og_title":"EXL Banner Sarg er det bannerrack, der holder, er trykket inkluderet i prisen | Gdirekt.se","og_description":"EXL Banner Sarg \u2013 et bannerstativ til sportskonkurrencer, messer og events. Dobbeltsidet eller enkeltsidet til indend\u00f8rs og udend\u00f8rs brug. Perfekt stander til bannere, der kan bruges udend\u00f8rs og holder de bestilte bannere p\u00e5 plads. Hurtig fragt hver dag direkte fra trykkeriet.","og_url":"https:\/\/www.gdirekt.se\/da\/produkt\/exl-banner-sarg\/","og_site_name":"Gdirekt.se","article_modified_time":"2019-01-11T11:07:18+00:00","og_image":[{"width":1000,"height":1000,"url":"https:\/\/www.gdirekt.se\/wp-content\/uploads\/EXL-Sarg.png","type":"image\/png"}],"twitter_card":"summary_large_image","twitter_misc":{"Estimeret l\u00e6setid":"2 minutter"},"schema":{"@context":"https:\/\/schema.org","@graph":[{"@type":"WebPage","@id":"https:\/\/www.gdirekt.se\/da\/produkt\/exl-banner-sarg\/","url":"https:\/\/www.gdirekt.se\/da\/produkt\/exl-banner-sarg\/","name":"EXL Banner Sarg er det bannerrack, der holder, er trykket inkluderet i prisen | Gdirekt.se","isPartOf":{"@id":"https:\/\/www.gdirekt.se\/#website"},"primaryImageOfPage":{"@id":"https:\/\/www.gdirekt.se\/da\/produkt\/exl-banner-sarg\/#primaryimage"},"image":{"@id":"https:\/\/www.gdirekt.se\/da\/produkt\/exl-banner-sarg\/#primaryimage"},"thumbnailUrl":"https:\/\/www.gdirekt.se\/wp-content\/uploads\/EXL-Sarg.png","datePublished":"2016-12-07T09:53:37+00:00","dateModified":"2019-01-11T11:07:18+00:00","description":"EXL Banner Sarg \u2013 et bannerstativ til sportskonkurrencer, messer og events. Dobbeltsidet eller enkeltsidet til indend\u00f8rs og udend\u00f8rs brug. Perfekt stander til bannere, der kan bruges udend\u00f8rs og holder de bestilte bannere p\u00e5 plads. Hurtig fragt hver dag direkte fra trykkeriet.","breadcrumb":{"@id":"https:\/\/www.gdirekt.se\/da\/produkt\/exl-banner-sarg\/#breadcrumb"},"inLanguage":"da-DK","potentialAction":[{"@type":"ReadAction","target":["https:\/\/www.gdirekt.se\/da\/produkt\/exl-banner-sarg\/"]}]},{"@type":"ImageObject","inLanguage":"da-DK","@id":"https:\/\/www.gdirekt.se\/da\/produkt\/exl-banner-sarg\/#primaryimage","url":"https:\/\/www.gdirekt.se\/wp-content\/uploads\/EXL-Sarg.png","contentUrl":"https:\/\/www.gdirekt.se\/wp-content\/uploads\/EXL-Sarg.png","width":1000,"height":1000,"caption":"Smart banderollsystem som f\u00e4stes i sn\u00f6, jord, gr\u00e4s eller h\u00e5rda material"},{"@type":"BreadcrumbList","@id":"https:\/\/www.gdirekt.se\/da\/produkt\/exl-banner-sarg\/#breadcrumb","itemListElement":[{"@type":"ListItem","position":1,"name":"Hem","item":"https:\/\/www.gdirekt.se\/da\/"},{"@type":"ListItem","position":2,"name":"Start","item":"https:\/\/www.gdirekt.se\/da\/"},{"@type":"ListItem","position":3,"name":"EXL Banner Sarg"}]},{"@type":"WebSite","@id":"https:\/\/www.gdirekt.se\/#website","url":"https:\/\/www.gdirekt.se\/","name":"Gdirekt.se","description":"Tryck snabbt \u00e5 l\u00e4tt = Gdirekt","potentialAction":[{"@type":"SearchAction","target":{"@type":"EntryPoint","urlTemplate":"https:\/\/www.gdirekt.se\/?s={search_term_string}"},"query-input":{"@type":"PropertyValueSpecification","valueRequired":true,"valueName":"search_term_string"}}],"inLanguage":"da-DK"}]}},"_links":{"self":[{"href":"https:\/\/www.gdirekt.se\/da\/wp-json\/wp\/v2\/product\/9440","targetHints":{"allow":["GET"]}}],"collection":[{"href":"https:\/\/www.gdirekt.se\/da\/wp-json\/wp\/v2\/product"}],"about":[{"href":"https:\/\/www.gdirekt.se\/da\/wp-json\/wp\/v2\/types\/product"}],"wp:featuredmedia":[{"embeddable":true,"href":"https:\/\/www.gdirekt.se\/da\/wp-json\/wp\/v2\/media\/8254"}],"wp:attachment":[{"href":"https:\/\/www.gdirekt.se\/da\/wp-json\/wp\/v2\/media?parent=9440"}],"wp:term":[{"taxonomy":"product_brand","embeddable":true,"href":"https:\/\/www.gdirekt.se\/da\/wp-json\/wp\/v2\/product_brand?post=9440"},{"taxonomy":"product_cat","embeddable":true,"href":"https:\/\/www.gdirekt.se\/da\/wp-json\/wp\/v2\/product_cat?post=9440"},{"taxonomy":"product_tag","embeddable":true,"href":"https:\/\/www.gdirekt.se\/da\/wp-json\/wp\/v2\/product_tag?post=9440"}],"curies":[{"name":"wp","href":"https:\/\/api.w.org\/{rel}","templated":true}]}}