{"id":9439,"date":"2016-12-01T09:54:20","date_gmt":"2016-12-01T08:54:20","guid":{"rendered":"http:\/\/gdirekt.hamstage.hamrenmedia.se\/produkt\/billedbanner-til-displaystander-kampanj\/"},"modified":"2024-02-01T09:37:19","modified_gmt":"2024-02-01T08:37:19","slug":"billedbanner-til-displaystander-kampanj","status":"publish","type":"product","link":"https:\/\/www.gdirekt.se\/da\/produkt\/billedbanner-til-displaystander-kampanj\/","title":{"rendered":"Billedbanner til Displaystander \u2013 Kampanj"},"content":{"rendered":"<p><span lang=\"DA\">Billedbanner til Displaystander \u2013 Kampanj, der er en gulvstander til kampagner med dobbeltsidet tryk og er velegnet som en prisbillig reklames\u00f8jle, kan k\u00f8bes her. Plakaten eller posteren i slidst\u00e6rk film passer til vores displaystander Kampanj i st\u00f8rrelse 40 x 160\u00a0cm. Standeren vejer kun 4\u00a0kg og er let at h\u00e5ndtere.\u00a0Bundpladen i aluminium kan drejes, s\u00e5 den passer til billedet. Gulvdisplayet er 40\u00a0cm bredt og 160\u00a0cm h\u00f8jt.\u00a0Det er muligt at bestille nye billeder til gulvstanderen, der er velegnet til kampagner og som butiksreklame. Prisen er inklusive to billeder \u2013 et til forsiden og et til bagsiden.<\/span><\/p>\n<p><span lang=\"DA\">Efterf\u00f8lgende kan man k\u00f8be holdbare bannere i slidst\u00e6rk tynd plast og har dermed et virkelig prisbilligt og enkelt butiksdisplay. Selve gulvdisplayet er fremstillet af aluminium, og det er meget let at fastg\u00f8re det trykte banner. Dette er nemlig en af de mest enkle og smarte displaystandere p\u00e5 markedet. Men disse er billigere, og hos Gdirekt leverer vi digitaltrykte billeder i h\u00f8jere kvalitet end andre. Nye gulvstandere kan bestilles<span class=\"apple-converted-space\">\u00a0<\/span><\/span><span lang=\"DA\"><a href=\"https:\/\/www.gdirekt.se\/produkt\/displaystall-kampanj\/\"><b><i>her<\/i><\/b><\/a><\/span><span lang=\"DA\">.<\/span><\/p>\n<p><span lang=\"DA\">Hvis der \u00f8nskes et stort antal\u00a0billedbannere til Displaystander \u2013 Kampanj, sender vi gerne et tilbud. Disse gulvstandere bruges f\u00f8rst og fremmest i butikker. Det kan v\u00e6re b\u00e5de t\u00f8jbutikker, bilforhandlere og supermarkeder. Alle former for offentlige steder, hvor man vil fremvise sine produkter med reklame eller information. Vi leverer hurtigt og sikkert fra vores trykkeri i Norrk\u00f6ping. Vi har desuden salgskontorer i flere byer b\u00e5de Stockholm, G\u00f6teborg, Malm\u00f6, Link\u00f6ping, Oslo og K\u00f8benhavn. Kontakt os, hvis I har brug for hj\u00e6lp til velfungerende butikskampagner. I kan enten ringe til os p\u00e5 telefonnummer +46 (0)11-251515 eller sende en e-mail til <span class=\"apple-converted-space\">\u00a0<\/span><\/span><span lang=\"DA\"><a><b><i>info@gdirekt.se<\/i><\/b><\/a><\/span><span lang=\"DA\">for at finde ud af, hvordan I bliver bedst og mest synlige. Markedet er fyldt med forskellige displaystandere til messer og butikker. Med vores erfaring hj\u00e6lper vi jer til at finde de l\u00f8sninger, der passer bedst til jer, og sikrer desuden, at I f\u00e5r de bedste priser. Som sagt: Tryk hurtigt og let \u2013 Gdirekt.<\/span><\/p>\n","protected":false},"excerpt":{"rendered":"<p><span lang=\"DA\">Billedbanner til Displaystander \u2013 Kampanj er en plakat\/poster i slidst\u00e6rk film til vores displaystander, der bruges som gulvstander i butikker.\u00a0Dimensionerne er 40 cm brede og 160 cm h\u00f8je.<\/span><\/p>\n","protected":false},"featured_media":8231,"template":"","meta":{"_acf_changed":false},"product_brand":[],"product_cat":[365],"product_tag":[],"class_list":{"0":"post-9439","1":"product","2":"type-product","3":"status-publish","4":"has-post-thumbnail","6":"product_cat-posters-og-plakater","7":"product_shipping_class-180sek","9":"first","10":"instock","11":"taxable","12":"shipping-taxable","13":"purchasable","14":"product-type-simple"},"exclude_global_add_ons":[],"addons":[],"acf":[],"yoast_head":"<!-- This site is optimized with the Yoast SEO plugin v27.2 - https:\/\/yoast.com\/product\/yoast-seo-wordpress\/ -->\n<title>Billedbanner til Displaystander \u2013 Kampanj, bannere i farve er inkluderet i prisen | Gdirekt.se<\/title>\n<meta name=\"description\" content=\"Billedbanner til Displaystander \u2013 Kampanj er en plakat\/poster i slidst\u00e6rk film til vores displaystander, der bruges som gulvstander i butikker. Det trykte kampagnebillede udskiftes let i standeren. Prisen er god, og vi leverer hurtigt.\" \/>\n<meta name=\"robots\" content=\"index, follow, max-snippet:-1, max-image-preview:large, max-video-preview:-1\" \/>\n<link rel=\"canonical\" href=\"https:\/\/www.gdirekt.se\/da\/produkt\/billedbanner-til-displaystander-kampanj\/\" \/>\n<meta property=\"og:locale\" content=\"da_DK\" \/>\n<meta property=\"og:type\" content=\"article\" \/>\n<meta property=\"og:title\" content=\"Billedbanner til Displaystander \u2013 Kampanj, bannere i farve er inkluderet i prisen | Gdirekt.se\" \/>\n<meta property=\"og:description\" content=\"Billedbanner til Displaystander \u2013 Kampanj er en plakat\/poster i slidst\u00e6rk film til vores displaystander, der bruges som gulvstander i butikker. Det trykte kampagnebillede udskiftes let i standeren. Prisen er god, og vi leverer hurtigt.\" \/>\n<meta property=\"og:url\" content=\"https:\/\/www.gdirekt.se\/da\/produkt\/billedbanner-til-displaystander-kampanj\/\" \/>\n<meta property=\"og:site_name\" content=\"Gdirekt.se\" \/>\n<meta property=\"article:modified_time\" content=\"2024-02-01T08:37:19+00:00\" \/>\n<meta property=\"og:image\" content=\"https:\/\/www.gdirekt.se\/wp-content\/uploads\/bild-till-kampanjstall.png\" \/>\n\t<meta property=\"og:image:width\" content=\"1000\" \/>\n\t<meta property=\"og:image:height\" content=\"1000\" \/>\n\t<meta property=\"og:image:type\" content=\"image\/png\" \/>\n<meta name=\"twitter:card\" content=\"summary_large_image\" \/>\n<meta name=\"twitter:label1\" content=\"Estimeret l\u00e6setid\" \/>\n\t<meta name=\"twitter:data1\" content=\"2 minutter\" \/>\n<script type=\"application\/ld+json\" class=\"yoast-schema-graph\">{\"@context\":\"https:\/\/schema.org\",\"@graph\":[{\"@type\":\"WebPage\",\"@id\":\"https:\/\/www.gdirekt.se\/da\/produkt\/billedbanner-til-displaystander-kampanj\/\",\"url\":\"https:\/\/www.gdirekt.se\/da\/produkt\/billedbanner-til-displaystander-kampanj\/\",\"name\":\"Billedbanner til Displaystander \u2013 Kampanj, bannere i farve er inkluderet i prisen | Gdirekt.se\",\"isPartOf\":{\"@id\":\"https:\/\/www.gdirekt.se\/#website\"},\"primaryImageOfPage\":{\"@id\":\"https:\/\/www.gdirekt.se\/da\/produkt\/billedbanner-til-displaystander-kampanj\/#primaryimage\"},\"image\":{\"@id\":\"https:\/\/www.gdirekt.se\/da\/produkt\/billedbanner-til-displaystander-kampanj\/#primaryimage\"},\"thumbnailUrl\":\"https:\/\/www.gdirekt.se\/wp-content\/uploads\/bild-till-kampanjstall.png\",\"datePublished\":\"2016-12-01T08:54:20+00:00\",\"dateModified\":\"2024-02-01T08:37:19+00:00\",\"description\":\"Billedbanner til Displaystander \u2013 Kampanj er en plakat\/poster i slidst\u00e6rk film til vores displaystander, der bruges som gulvstander i butikker. Det trykte kampagnebillede udskiftes let i standeren. Prisen er god, og vi leverer hurtigt.\",\"breadcrumb\":{\"@id\":\"https:\/\/www.gdirekt.se\/da\/produkt\/billedbanner-til-displaystander-kampanj\/#breadcrumb\"},\"inLanguage\":\"da-DK\",\"potentialAction\":[{\"@type\":\"ReadAction\",\"target\":[\"https:\/\/www.gdirekt.se\/da\/produkt\/billedbanner-til-displaystander-kampanj\/\"]}]},{\"@type\":\"ImageObject\",\"inLanguage\":\"da-DK\",\"@id\":\"https:\/\/www.gdirekt.se\/da\/produkt\/billedbanner-til-displaystander-kampanj\/#primaryimage\",\"url\":\"https:\/\/www.gdirekt.se\/wp-content\/uploads\/bild-till-kampanjstall.png\",\"contentUrl\":\"https:\/\/www.gdirekt.se\/wp-content\/uploads\/bild-till-kampanjstall.png\",\"width\":1000,\"height\":1000,\"caption\":\"Billede panel til kampagnestand 40 cm bred og 160 cm h\u00f8j.\"},{\"@type\":\"BreadcrumbList\",\"@id\":\"https:\/\/www.gdirekt.se\/da\/produkt\/billedbanner-til-displaystander-kampanj\/#breadcrumb\",\"itemListElement\":[{\"@type\":\"ListItem\",\"position\":1,\"name\":\"Hem\",\"item\":\"https:\/\/www.gdirekt.se\/da\/\"},{\"@type\":\"ListItem\",\"position\":2,\"name\":\"Start\",\"item\":\"https:\/\/www.gdirekt.se\/da\/\"},{\"@type\":\"ListItem\",\"position\":3,\"name\":\"Billedbanner til Displaystander \u2013 Kampanj\"}]},{\"@type\":\"WebSite\",\"@id\":\"https:\/\/www.gdirekt.se\/#website\",\"url\":\"https:\/\/www.gdirekt.se\/\",\"name\":\"Gdirekt.se\",\"description\":\"Tryck snabbt \u00e5 l\u00e4tt = Gdirekt\",\"potentialAction\":[{\"@type\":\"SearchAction\",\"target\":{\"@type\":\"EntryPoint\",\"urlTemplate\":\"https:\/\/www.gdirekt.se\/?s={search_term_string}\"},\"query-input\":{\"@type\":\"PropertyValueSpecification\",\"valueRequired\":true,\"valueName\":\"search_term_string\"}}],\"inLanguage\":\"da-DK\"}]}<\/script>\n<!-- \/ Yoast SEO plugin. -->","yoast_head_json":{"title":"Billedbanner til Displaystander \u2013 Kampanj, bannere i farve er inkluderet i prisen | Gdirekt.se","description":"Billedbanner til Displaystander \u2013 Kampanj er en plakat\/poster i slidst\u00e6rk film til vores displaystander, der bruges som gulvstander i butikker. Det trykte kampagnebillede udskiftes let i standeren. Prisen er god, og vi leverer hurtigt.","robots":{"index":"index","follow":"follow","max-snippet":"max-snippet:-1","max-image-preview":"max-image-preview:large","max-video-preview":"max-video-preview:-1"},"canonical":"https:\/\/www.gdirekt.se\/da\/produkt\/billedbanner-til-displaystander-kampanj\/","og_locale":"da_DK","og_type":"article","og_title":"Billedbanner til Displaystander \u2013 Kampanj, bannere i farve er inkluderet i prisen | Gdirekt.se","og_description":"Billedbanner til Displaystander \u2013 Kampanj er en plakat\/poster i slidst\u00e6rk film til vores displaystander, der bruges som gulvstander i butikker. Det trykte kampagnebillede udskiftes let i standeren. Prisen er god, og vi leverer hurtigt.","og_url":"https:\/\/www.gdirekt.se\/da\/produkt\/billedbanner-til-displaystander-kampanj\/","og_site_name":"Gdirekt.se","article_modified_time":"2024-02-01T08:37:19+00:00","og_image":[{"width":1000,"height":1000,"url":"https:\/\/www.gdirekt.se\/wp-content\/uploads\/bild-till-kampanjstall.png","type":"image\/png"}],"twitter_card":"summary_large_image","twitter_misc":{"Estimeret l\u00e6setid":"2 minutter"},"schema":{"@context":"https:\/\/schema.org","@graph":[{"@type":"WebPage","@id":"https:\/\/www.gdirekt.se\/da\/produkt\/billedbanner-til-displaystander-kampanj\/","url":"https:\/\/www.gdirekt.se\/da\/produkt\/billedbanner-til-displaystander-kampanj\/","name":"Billedbanner til Displaystander \u2013 Kampanj, bannere i farve er inkluderet i prisen | Gdirekt.se","isPartOf":{"@id":"https:\/\/www.gdirekt.se\/#website"},"primaryImageOfPage":{"@id":"https:\/\/www.gdirekt.se\/da\/produkt\/billedbanner-til-displaystander-kampanj\/#primaryimage"},"image":{"@id":"https:\/\/www.gdirekt.se\/da\/produkt\/billedbanner-til-displaystander-kampanj\/#primaryimage"},"thumbnailUrl":"https:\/\/www.gdirekt.se\/wp-content\/uploads\/bild-till-kampanjstall.png","datePublished":"2016-12-01T08:54:20+00:00","dateModified":"2024-02-01T08:37:19+00:00","description":"Billedbanner til Displaystander \u2013 Kampanj er en plakat\/poster i slidst\u00e6rk film til vores displaystander, der bruges som gulvstander i butikker. Det trykte kampagnebillede udskiftes let i standeren. Prisen er god, og vi leverer hurtigt.","breadcrumb":{"@id":"https:\/\/www.gdirekt.se\/da\/produkt\/billedbanner-til-displaystander-kampanj\/#breadcrumb"},"inLanguage":"da-DK","potentialAction":[{"@type":"ReadAction","target":["https:\/\/www.gdirekt.se\/da\/produkt\/billedbanner-til-displaystander-kampanj\/"]}]},{"@type":"ImageObject","inLanguage":"da-DK","@id":"https:\/\/www.gdirekt.se\/da\/produkt\/billedbanner-til-displaystander-kampanj\/#primaryimage","url":"https:\/\/www.gdirekt.se\/wp-content\/uploads\/bild-till-kampanjstall.png","contentUrl":"https:\/\/www.gdirekt.se\/wp-content\/uploads\/bild-till-kampanjstall.png","width":1000,"height":1000,"caption":"Billede panel til kampagnestand 40 cm bred og 160 cm h\u00f8j."},{"@type":"BreadcrumbList","@id":"https:\/\/www.gdirekt.se\/da\/produkt\/billedbanner-til-displaystander-kampanj\/#breadcrumb","itemListElement":[{"@type":"ListItem","position":1,"name":"Hem","item":"https:\/\/www.gdirekt.se\/da\/"},{"@type":"ListItem","position":2,"name":"Start","item":"https:\/\/www.gdirekt.se\/da\/"},{"@type":"ListItem","position":3,"name":"Billedbanner til Displaystander \u2013 Kampanj"}]},{"@type":"WebSite","@id":"https:\/\/www.gdirekt.se\/#website","url":"https:\/\/www.gdirekt.se\/","name":"Gdirekt.se","description":"Tryck snabbt \u00e5 l\u00e4tt = Gdirekt","potentialAction":[{"@type":"SearchAction","target":{"@type":"EntryPoint","urlTemplate":"https:\/\/www.gdirekt.se\/?s={search_term_string}"},"query-input":{"@type":"PropertyValueSpecification","valueRequired":true,"valueName":"search_term_string"}}],"inLanguage":"da-DK"}]}},"_links":{"self":[{"href":"https:\/\/www.gdirekt.se\/da\/wp-json\/wp\/v2\/product\/9439","targetHints":{"allow":["GET"]}}],"collection":[{"href":"https:\/\/www.gdirekt.se\/da\/wp-json\/wp\/v2\/product"}],"about":[{"href":"https:\/\/www.gdirekt.se\/da\/wp-json\/wp\/v2\/types\/product"}],"wp:featuredmedia":[{"embeddable":true,"href":"https:\/\/www.gdirekt.se\/da\/wp-json\/wp\/v2\/media\/8231"}],"wp:attachment":[{"href":"https:\/\/www.gdirekt.se\/da\/wp-json\/wp\/v2\/media?parent=9439"}],"wp:term":[{"taxonomy":"product_brand","embeddable":true,"href":"https:\/\/www.gdirekt.se\/da\/wp-json\/wp\/v2\/product_brand?post=9439"},{"taxonomy":"product_cat","embeddable":true,"href":"https:\/\/www.gdirekt.se\/da\/wp-json\/wp\/v2\/product_cat?post=9439"},{"taxonomy":"product_tag","embeddable":true,"href":"https:\/\/www.gdirekt.se\/da\/wp-json\/wp\/v2\/product_tag?post=9439"}],"curies":[{"name":"wp","href":"https:\/\/api.w.org\/{rel}","templated":true}]}}