{"id":9437,"date":"2018-04-04T16:25:10","date_gmt":"2018-04-04T14:25:10","guid":{"rendered":"http:\/\/gdirekt.hamstage.hamrenmedia.se\/produkt\/spotlight-med-klemme-til-displayskilt\/"},"modified":"2024-02-01T09:30:46","modified_gmt":"2024-02-01T08:30:46","slug":"spotlight-med-klemme-til-displayskilt","status":"publish","type":"product","link":"https:\/\/www.gdirekt.se\/da\/produkt\/spotlight-med-klemme-til-displayskilt\/","title":{"rendered":"Spotlight med klemme til displayskilt"},"content":{"rendered":"<p>Spotlight med klemme til displayskilt leveres med en LED-p\u00e6re, der ikke bliver varm, hvilket er perfekt til messer. Lampen kan indstilles, s\u00e5 man f\u00e5r lys i den helt rigtige vinkel. Spotlightet er meget let at montere, da det har justerbar klemme med skruefunktion. Lampen kan bruges til messer, montre, skilte, displayv\u00e6gge og andet interi\u00f8r, for eksempel hylder i butikker.<\/p>\n<p>Klemmen kan maksimalt udvides til 50 mm, og spotlightet kr\u00e6ver 230 V. Stikket kan s\u00e6ttes i en almindelig stikkontakt. Den medf\u00f8lgende ledning er to meter lang og er inkluderet i prisen.<\/p>\n<p>Hvis I har brug for hj\u00e6lp til messedisplays, kan I se vores forskellige messev\u00e6gge\u00a0<a href=\"https:\/\/www.gdirekt.se\/produkt-kategori\/massvaggar-och-montersystem\/\"><strong><em>her<\/em><\/strong><\/a>!<\/p>\n<p>&nbsp;<\/p>\n<p>Teknisk information<\/p>\n<table width=\"702\">\n<tbody>\n<tr>\n<td colspan=\"2\">Yderligere information:<\/td>\n<\/tr>\n<tr>\n<td><strong>Materiale<\/strong><\/td>\n<td>Jern<\/td>\n<\/tr>\n<tr>\n<td><strong>Farve<\/strong><\/td>\n<td>Aluminiumgr\u00e5<\/td>\n<\/tr>\n<tr>\n<td><strong>Sp\u00e6nding<\/strong><\/td>\n<td>230 V<\/td>\n<\/tr>\n<tr>\n<td><strong>Lyskilde<\/strong><\/td>\n<td>Leveres med LED-p\u00e6re p\u00e5 5W (370lm)<\/td>\n<\/tr>\n<tr>\n<td><strong>Spredningsvinkel36<\/strong><\/td>\n<td>\u00a0grader<\/td>\n<\/tr>\n<tr>\n<td><strong>Farvetemperatur<\/strong><\/td>\n<td>3000\u00a0K<\/td>\n<\/tr>\n<tr>\n<td><strong>IP-klasse<\/strong><\/td>\n<td>IP20<\/td>\n<\/tr>\n<tr>\n<td><strong>Indstilling<\/strong><\/td>\n<td>350\u00a0grader til siden, 90\u00a0grader indad<\/td>\n<\/tr>\n<\/tbody>\n<\/table>\n","protected":false},"excerpt":{"rendered":"<p>Spotlight med klemme til displayskilt kan bruges til maks. 50 mm tykke materialer eller messev\u00e6gge. Lampen kan drejes 350 grader til begge sider og vippes 90 grader op og ned. LED-spotlight og 2 m kabel med almindeligt stik er inkluderet i prisen.<\/p>\n","protected":false},"featured_media":15272,"template":"","meta":{"_acf_changed":false},"product_brand":[],"product_cat":[372,375,379],"product_tag":[],"class_list":{"0":"post-9437","1":"product","2":"type-product","3":"status-publish","4":"has-post-thumbnail","6":"product_cat-display-skilteholdere-skiltestander","7":"product_cat-messevaegge-og-displaysystemer","8":"product_cat-skilte-tilbehoer","9":"product_shipping_class-180sek","11":"first","12":"instock","13":"taxable","14":"shipping-taxable","15":"purchasable","16":"product-type-simple"},"exclude_global_add_ons":[],"addons":[],"acf":[],"yoast_head":"<!-- This site is optimized with the Yoast SEO plugin v27.2 - https:\/\/yoast.com\/product\/yoast-seo-wordpress\/ -->\n<title>Spotlight med klemme til displayskilt til messev\u00e6gge, stilfuldt design og god pris! | Gdirekt.se<\/title>\n<meta name=\"description\" content=\"Bestil spotlight med klemme til displayskilt direkte hos os som leverand\u00f8r. Lampen kan bruges som skiltebelysning og s\u00e6ttes fast p\u00e5 messev\u00e6gge. Kan ogs\u00e5 bruges som smart belysning p\u00e5 udstillinger og til fremvisning af produkter.\" \/>\n<meta name=\"robots\" content=\"index, follow, max-snippet:-1, max-image-preview:large, max-video-preview:-1\" \/>\n<link rel=\"canonical\" href=\"https:\/\/www.gdirekt.se\/da\/produkt\/spotlight-med-klemme-til-displayskilt\/\" \/>\n<meta property=\"og:locale\" content=\"da_DK\" \/>\n<meta property=\"og:type\" content=\"article\" \/>\n<meta property=\"og:title\" content=\"Spotlight med klemme til displayskilt til messev\u00e6gge, stilfuldt design og god pris! | Gdirekt.se\" \/>\n<meta property=\"og:description\" content=\"Bestil spotlight med klemme til displayskilt direkte hos os som leverand\u00f8r. Lampen kan bruges som skiltebelysning og s\u00e6ttes fast p\u00e5 messev\u00e6gge. Kan ogs\u00e5 bruges som smart belysning p\u00e5 udstillinger og til fremvisning af produkter.\" \/>\n<meta property=\"og:url\" content=\"https:\/\/www.gdirekt.se\/da\/produkt\/spotlight-med-klemme-til-displayskilt\/\" \/>\n<meta property=\"og:site_name\" content=\"Gdirekt.se\" \/>\n<meta property=\"article:modified_time\" content=\"2024-02-01T08:30:46+00:00\" \/>\n<meta property=\"og:image\" content=\"https:\/\/www.gdirekt.se\/wp-content\/uploads\/Spotlight-belysning-med-kla\u0308mfa\u0308ste-till-displayskylt.png\" \/>\n\t<meta property=\"og:image:width\" content=\"1000\" \/>\n\t<meta property=\"og:image:height\" content=\"1000\" \/>\n\t<meta property=\"og:image:type\" content=\"image\/png\" \/>\n<meta name=\"twitter:card\" content=\"summary_large_image\" \/>\n<meta name=\"twitter:label1\" content=\"Estimeret l\u00e6setid\" \/>\n\t<meta name=\"twitter:data1\" content=\"1 minut\" \/>\n<script type=\"application\/ld+json\" class=\"yoast-schema-graph\">{\"@context\":\"https:\/\/schema.org\",\"@graph\":[{\"@type\":\"WebPage\",\"@id\":\"https:\/\/www.gdirekt.se\/da\/produkt\/spotlight-med-klemme-til-displayskilt\/\",\"url\":\"https:\/\/www.gdirekt.se\/da\/produkt\/spotlight-med-klemme-til-displayskilt\/\",\"name\":\"Spotlight med klemme til displayskilt til messev\u00e6gge, stilfuldt design og god pris! | Gdirekt.se\",\"isPartOf\":{\"@id\":\"https:\/\/www.gdirekt.se\/#website\"},\"primaryImageOfPage\":{\"@id\":\"https:\/\/www.gdirekt.se\/da\/produkt\/spotlight-med-klemme-til-displayskilt\/#primaryimage\"},\"image\":{\"@id\":\"https:\/\/www.gdirekt.se\/da\/produkt\/spotlight-med-klemme-til-displayskilt\/#primaryimage\"},\"thumbnailUrl\":\"https:\/\/www.gdirekt.se\/wp-content\/uploads\/Spotlight-belysning-med-kla\u0308mfa\u0308ste-till-displayskylt.png\",\"datePublished\":\"2018-04-04T14:25:10+00:00\",\"dateModified\":\"2024-02-01T08:30:46+00:00\",\"description\":\"Bestil spotlight med klemme til displayskilt direkte hos os som leverand\u00f8r. Lampen kan bruges som skiltebelysning og s\u00e6ttes fast p\u00e5 messev\u00e6gge. Kan ogs\u00e5 bruges som smart belysning p\u00e5 udstillinger og til fremvisning af produkter.\",\"breadcrumb\":{\"@id\":\"https:\/\/www.gdirekt.se\/da\/produkt\/spotlight-med-klemme-til-displayskilt\/#breadcrumb\"},\"inLanguage\":\"da-DK\",\"potentialAction\":[{\"@type\":\"ReadAction\",\"target\":[\"https:\/\/www.gdirekt.se\/da\/produkt\/spotlight-med-klemme-til-displayskilt\/\"]}]},{\"@type\":\"ImageObject\",\"inLanguage\":\"da-DK\",\"@id\":\"https:\/\/www.gdirekt.se\/da\/produkt\/spotlight-med-klemme-til-displayskilt\/#primaryimage\",\"url\":\"https:\/\/www.gdirekt.se\/wp-content\/uploads\/Spotlight-belysning-med-kla\u0308mfa\u0308ste-till-displayskylt.png\",\"contentUrl\":\"https:\/\/www.gdirekt.se\/wp-content\/uploads\/Spotlight-belysning-med-kla\u0308mfa\u0308ste-till-displayskylt.png\",\"width\":1000,\"height\":1000,\"caption\":\"Led spotlight med kl\u00e4mfunktion!\"},{\"@type\":\"BreadcrumbList\",\"@id\":\"https:\/\/www.gdirekt.se\/da\/produkt\/spotlight-med-klemme-til-displayskilt\/#breadcrumb\",\"itemListElement\":[{\"@type\":\"ListItem\",\"position\":1,\"name\":\"Hem\",\"item\":\"https:\/\/www.gdirekt.se\/da\/\"},{\"@type\":\"ListItem\",\"position\":2,\"name\":\"Start\",\"item\":\"https:\/\/www.gdirekt.se\/da\/\"},{\"@type\":\"ListItem\",\"position\":3,\"name\":\"Spotlight med klemme til displayskilt\"}]},{\"@type\":\"WebSite\",\"@id\":\"https:\/\/www.gdirekt.se\/#website\",\"url\":\"https:\/\/www.gdirekt.se\/\",\"name\":\"Gdirekt.se\",\"description\":\"Tryck snabbt \u00e5 l\u00e4tt = Gdirekt\",\"potentialAction\":[{\"@type\":\"SearchAction\",\"target\":{\"@type\":\"EntryPoint\",\"urlTemplate\":\"https:\/\/www.gdirekt.se\/?s={search_term_string}\"},\"query-input\":{\"@type\":\"PropertyValueSpecification\",\"valueRequired\":true,\"valueName\":\"search_term_string\"}}],\"inLanguage\":\"da-DK\"}]}<\/script>\n<!-- \/ Yoast SEO plugin. -->","yoast_head_json":{"title":"Spotlight med klemme til displayskilt til messev\u00e6gge, stilfuldt design og god pris! | Gdirekt.se","description":"Bestil spotlight med klemme til displayskilt direkte hos os som leverand\u00f8r. Lampen kan bruges som skiltebelysning og s\u00e6ttes fast p\u00e5 messev\u00e6gge. Kan ogs\u00e5 bruges som smart belysning p\u00e5 udstillinger og til fremvisning af produkter.","robots":{"index":"index","follow":"follow","max-snippet":"max-snippet:-1","max-image-preview":"max-image-preview:large","max-video-preview":"max-video-preview:-1"},"canonical":"https:\/\/www.gdirekt.se\/da\/produkt\/spotlight-med-klemme-til-displayskilt\/","og_locale":"da_DK","og_type":"article","og_title":"Spotlight med klemme til displayskilt til messev\u00e6gge, stilfuldt design og god pris! | Gdirekt.se","og_description":"Bestil spotlight med klemme til displayskilt direkte hos os som leverand\u00f8r. Lampen kan bruges som skiltebelysning og s\u00e6ttes fast p\u00e5 messev\u00e6gge. Kan ogs\u00e5 bruges som smart belysning p\u00e5 udstillinger og til fremvisning af produkter.","og_url":"https:\/\/www.gdirekt.se\/da\/produkt\/spotlight-med-klemme-til-displayskilt\/","og_site_name":"Gdirekt.se","article_modified_time":"2024-02-01T08:30:46+00:00","og_image":[{"width":1000,"height":1000,"url":"https:\/\/www.gdirekt.se\/wp-content\/uploads\/Spotlight-belysning-med-kla\u0308mfa\u0308ste-till-displayskylt.png","type":"image\/png"}],"twitter_card":"summary_large_image","twitter_misc":{"Estimeret l\u00e6setid":"1 minut"},"schema":{"@context":"https:\/\/schema.org","@graph":[{"@type":"WebPage","@id":"https:\/\/www.gdirekt.se\/da\/produkt\/spotlight-med-klemme-til-displayskilt\/","url":"https:\/\/www.gdirekt.se\/da\/produkt\/spotlight-med-klemme-til-displayskilt\/","name":"Spotlight med klemme til displayskilt til messev\u00e6gge, stilfuldt design og god pris! | Gdirekt.se","isPartOf":{"@id":"https:\/\/www.gdirekt.se\/#website"},"primaryImageOfPage":{"@id":"https:\/\/www.gdirekt.se\/da\/produkt\/spotlight-med-klemme-til-displayskilt\/#primaryimage"},"image":{"@id":"https:\/\/www.gdirekt.se\/da\/produkt\/spotlight-med-klemme-til-displayskilt\/#primaryimage"},"thumbnailUrl":"https:\/\/www.gdirekt.se\/wp-content\/uploads\/Spotlight-belysning-med-kla\u0308mfa\u0308ste-till-displayskylt.png","datePublished":"2018-04-04T14:25:10+00:00","dateModified":"2024-02-01T08:30:46+00:00","description":"Bestil spotlight med klemme til displayskilt direkte hos os som leverand\u00f8r. Lampen kan bruges som skiltebelysning og s\u00e6ttes fast p\u00e5 messev\u00e6gge. Kan ogs\u00e5 bruges som smart belysning p\u00e5 udstillinger og til fremvisning af produkter.","breadcrumb":{"@id":"https:\/\/www.gdirekt.se\/da\/produkt\/spotlight-med-klemme-til-displayskilt\/#breadcrumb"},"inLanguage":"da-DK","potentialAction":[{"@type":"ReadAction","target":["https:\/\/www.gdirekt.se\/da\/produkt\/spotlight-med-klemme-til-displayskilt\/"]}]},{"@type":"ImageObject","inLanguage":"da-DK","@id":"https:\/\/www.gdirekt.se\/da\/produkt\/spotlight-med-klemme-til-displayskilt\/#primaryimage","url":"https:\/\/www.gdirekt.se\/wp-content\/uploads\/Spotlight-belysning-med-kla\u0308mfa\u0308ste-till-displayskylt.png","contentUrl":"https:\/\/www.gdirekt.se\/wp-content\/uploads\/Spotlight-belysning-med-kla\u0308mfa\u0308ste-till-displayskylt.png","width":1000,"height":1000,"caption":"Led spotlight med kl\u00e4mfunktion!"},{"@type":"BreadcrumbList","@id":"https:\/\/www.gdirekt.se\/da\/produkt\/spotlight-med-klemme-til-displayskilt\/#breadcrumb","itemListElement":[{"@type":"ListItem","position":1,"name":"Hem","item":"https:\/\/www.gdirekt.se\/da\/"},{"@type":"ListItem","position":2,"name":"Start","item":"https:\/\/www.gdirekt.se\/da\/"},{"@type":"ListItem","position":3,"name":"Spotlight med klemme til displayskilt"}]},{"@type":"WebSite","@id":"https:\/\/www.gdirekt.se\/#website","url":"https:\/\/www.gdirekt.se\/","name":"Gdirekt.se","description":"Tryck snabbt \u00e5 l\u00e4tt = Gdirekt","potentialAction":[{"@type":"SearchAction","target":{"@type":"EntryPoint","urlTemplate":"https:\/\/www.gdirekt.se\/?s={search_term_string}"},"query-input":{"@type":"PropertyValueSpecification","valueRequired":true,"valueName":"search_term_string"}}],"inLanguage":"da-DK"}]}},"_links":{"self":[{"href":"https:\/\/www.gdirekt.se\/da\/wp-json\/wp\/v2\/product\/9437","targetHints":{"allow":["GET"]}}],"collection":[{"href":"https:\/\/www.gdirekt.se\/da\/wp-json\/wp\/v2\/product"}],"about":[{"href":"https:\/\/www.gdirekt.se\/da\/wp-json\/wp\/v2\/types\/product"}],"wp:featuredmedia":[{"embeddable":true,"href":"https:\/\/www.gdirekt.se\/da\/wp-json\/wp\/v2\/media\/15272"}],"wp:attachment":[{"href":"https:\/\/www.gdirekt.se\/da\/wp-json\/wp\/v2\/media?parent=9437"}],"wp:term":[{"taxonomy":"product_brand","embeddable":true,"href":"https:\/\/www.gdirekt.se\/da\/wp-json\/wp\/v2\/product_brand?post=9437"},{"taxonomy":"product_cat","embeddable":true,"href":"https:\/\/www.gdirekt.se\/da\/wp-json\/wp\/v2\/product_cat?post=9437"},{"taxonomy":"product_tag","embeddable":true,"href":"https:\/\/www.gdirekt.se\/da\/wp-json\/wp\/v2\/product_tag?post=9437"}],"curies":[{"name":"wp","href":"https:\/\/api.w.org\/{rel}","templated":true}]}}