{"id":9435,"date":"2017-05-29T11:02:59","date_gmt":"2017-05-29T09:02:59","guid":{"rendered":"http:\/\/gdirekt.hamstage.hamrenmedia.se\/produkt\/bannerbow-fastgoringssaet-til-graes-og-jord\/"},"modified":"2024-02-01T09:33:32","modified_gmt":"2024-02-01T08:33:32","slug":"bannerbow-fastgoringssaet-til-graes-og-jord","status":"publish","type":"product","link":"https:\/\/www.gdirekt.se\/da\/produkt\/bannerbow-fastgoringssaet-til-graes-og-jord\/","title":{"rendered":"Bannerbow \u2013 Fastg\u00f8ringss\u00e6t til gr\u00e6s og jord"},"content":{"rendered":"<p><span lang=\"DA\">Bannerbow \u2013 Fastg\u00f8ringss\u00e6t til gr\u00e6s og jord k\u00f8bes som ekstra tilbeh\u00f8r, hvis man vil v\u00e6re helt sikker p\u00e5, at buen bliver st\u00e5ende selv i kraftigt bl\u00e6sevejr. De robuste remme placeres ganske enkelt p\u00e5 de f\u00f8dder, der fulgte med ved leveringen. Derefter banker man de rustfri st\u00e5lkroge ned i jorden. Der medf\u00f8lger fire remme og otte kroge. Produktet bruges ved arrangementer og events, hvor der f\u00e6rdes mange mennesker, for eksempel ved stadioner og butikscentre. Perfekt ved lancering og demonstration af produkter og andre aktiviteter.<\/span><\/p>\n<p><span lang=\"DA\">Det er ogs\u00e5 muligt at k\u00f8be ekstra v\u00e6gte, hvis der er tale om et h\u00e5rdt underlag s\u00e5som asfalt og beton.<span class=\"apple-converted-space\">\u00a0<\/span><\/span><span lang=\"DA\"><a href=\"https:\/\/www.gdirekt.se\/produkt\/bannerbow-extra-vikt\/\">Klik her!<\/a><\/span><\/p>\n","protected":false},"excerpt":{"rendered":"<p><span lang=\"DA\">Bannerbow \u2013 Fastg\u00f8ringss\u00e6t til gr\u00e6s og jord bruges til at fastg\u00f8re udend\u00f8rsstanderen ved at banke de rustfri st\u00e5lkroge ned i jorden. Holder eventbuen fast i bl\u00e6sevejr.\u00a04 stk\u00a0holdbare stropper og 8 stk rustfrit st\u00e5lkroge medf\u00f8lger og passer til et stand.<\/span><\/p>\n","protected":false},"featured_media":8754,"template":"","meta":{"_acf_changed":false},"product_brand":[],"product_cat":[936],"product_tag":[],"class_list":{"0":"post-9435","1":"product","2":"type-product","3":"status-publish","4":"has-post-thumbnail","6":"product_cat-okategoriserad-da","7":"product_shipping_class-180sek","9":"first","10":"instock","11":"taxable","12":"shipping-taxable","13":"purchasable","14":"product-type-simple"},"exclude_global_add_ons":[],"addons":[],"acf":[],"yoast_head":"<!-- This site is optimized with the Yoast SEO plugin v27.2 - https:\/\/yoast.com\/product\/yoast-seo-wordpress\/ -->\n<title>Bannerbow \u2013 Fastg\u00f8ringss\u00e6t til gr\u00e6s og jord Fastg\u00f8r til jorden med rustfrit st\u00e5l kroge | Gdirekt.se<\/title>\n<meta name=\"description\" content=\"Bannerbow \u2013 Fastg\u00f8ringss\u00e6t til gr\u00e6s og jord bruges til at fastg\u00f8re udend\u00f8rsstanderen ved at banke de rustfri st\u00e5lkroge ned i jorden. Holder eventbuen fast i bl\u00e6sevejr.\" \/>\n<meta name=\"robots\" content=\"index, follow, max-snippet:-1, max-image-preview:large, max-video-preview:-1\" \/>\n<link rel=\"canonical\" href=\"https:\/\/www.gdirekt.se\/da\/produkt\/bannerbow-fastgoringssaet-til-graes-og-jord\/\" \/>\n<meta property=\"og:locale\" content=\"da_DK\" \/>\n<meta property=\"og:type\" content=\"article\" \/>\n<meta property=\"og:title\" content=\"Bannerbow \u2013 Fastg\u00f8ringss\u00e6t til gr\u00e6s og jord Fastg\u00f8r til jorden med rustfrit st\u00e5l kroge | Gdirekt.se\" \/>\n<meta property=\"og:description\" content=\"Bannerbow \u2013 Fastg\u00f8ringss\u00e6t til gr\u00e6s og jord bruges til at fastg\u00f8re udend\u00f8rsstanderen ved at banke de rustfri st\u00e5lkroge ned i jorden. Holder eventbuen fast i bl\u00e6sevejr.\" \/>\n<meta property=\"og:url\" content=\"https:\/\/www.gdirekt.se\/da\/produkt\/bannerbow-fastgoringssaet-til-graes-og-jord\/\" \/>\n<meta property=\"og:site_name\" content=\"Gdirekt.se\" \/>\n<meta property=\"article:modified_time\" content=\"2024-02-01T08:33:32+00:00\" \/>\n<meta property=\"og:image\" content=\"https:\/\/www.gdirekt.se\/wp-content\/uploads\/markfaste_bannerbow.png\" \/>\n\t<meta property=\"og:image:width\" content=\"1000\" \/>\n\t<meta property=\"og:image:height\" content=\"1000\" \/>\n\t<meta property=\"og:image:type\" content=\"image\/png\" \/>\n<meta name=\"twitter:card\" content=\"summary_large_image\" \/>\n<meta name=\"twitter:label1\" content=\"Estimeret l\u00e6setid\" \/>\n\t<meta name=\"twitter:data1\" content=\"1 minut\" \/>\n<script type=\"application\/ld+json\" class=\"yoast-schema-graph\">{\"@context\":\"https:\/\/schema.org\",\"@graph\":[{\"@type\":\"WebPage\",\"@id\":\"https:\/\/www.gdirekt.se\/da\/produkt\/bannerbow-fastgoringssaet-til-graes-og-jord\/\",\"url\":\"https:\/\/www.gdirekt.se\/da\/produkt\/bannerbow-fastgoringssaet-til-graes-og-jord\/\",\"name\":\"Bannerbow \u2013 Fastg\u00f8ringss\u00e6t til gr\u00e6s og jord Fastg\u00f8r til jorden med rustfrit st\u00e5l kroge | Gdirekt.se\",\"isPartOf\":{\"@id\":\"https:\/\/www.gdirekt.se\/#website\"},\"primaryImageOfPage\":{\"@id\":\"https:\/\/www.gdirekt.se\/da\/produkt\/bannerbow-fastgoringssaet-til-graes-og-jord\/#primaryimage\"},\"image\":{\"@id\":\"https:\/\/www.gdirekt.se\/da\/produkt\/bannerbow-fastgoringssaet-til-graes-og-jord\/#primaryimage\"},\"thumbnailUrl\":\"https:\/\/www.gdirekt.se\/wp-content\/uploads\/markfaste_bannerbow.png\",\"datePublished\":\"2017-05-29T09:02:59+00:00\",\"dateModified\":\"2024-02-01T08:33:32+00:00\",\"description\":\"Bannerbow \u2013 Fastg\u00f8ringss\u00e6t til gr\u00e6s og jord bruges til at fastg\u00f8re udend\u00f8rsstanderen ved at banke de rustfri st\u00e5lkroge ned i jorden. Holder eventbuen fast i bl\u00e6sevejr.\",\"breadcrumb\":{\"@id\":\"https:\/\/www.gdirekt.se\/da\/produkt\/bannerbow-fastgoringssaet-til-graes-og-jord\/#breadcrumb\"},\"inLanguage\":\"da-DK\",\"potentialAction\":[{\"@type\":\"ReadAction\",\"target\":[\"https:\/\/www.gdirekt.se\/da\/produkt\/bannerbow-fastgoringssaet-til-graes-og-jord\/\"]}]},{\"@type\":\"ImageObject\",\"inLanguage\":\"da-DK\",\"@id\":\"https:\/\/www.gdirekt.se\/da\/produkt\/bannerbow-fastgoringssaet-til-graes-og-jord\/#primaryimage\",\"url\":\"https:\/\/www.gdirekt.se\/wp-content\/uploads\/markfaste_bannerbow.png\",\"contentUrl\":\"https:\/\/www.gdirekt.se\/wp-content\/uploads\/markfaste_bannerbow.png\",\"width\":1000,\"height\":1000,\"caption\":\"Fastg\u00f8ringss\u00e6t til Bannerbow passer outdoor och classic\"},{\"@type\":\"BreadcrumbList\",\"@id\":\"https:\/\/www.gdirekt.se\/da\/produkt\/bannerbow-fastgoringssaet-til-graes-og-jord\/#breadcrumb\",\"itemListElement\":[{\"@type\":\"ListItem\",\"position\":1,\"name\":\"Hem\",\"item\":\"https:\/\/www.gdirekt.se\/da\/\"},{\"@type\":\"ListItem\",\"position\":2,\"name\":\"Start\",\"item\":\"https:\/\/www.gdirekt.se\/da\/\"},{\"@type\":\"ListItem\",\"position\":3,\"name\":\"Bannerbow \u2013 Fastg\u00f8ringss\u00e6t til gr\u00e6s og jord\"}]},{\"@type\":\"WebSite\",\"@id\":\"https:\/\/www.gdirekt.se\/#website\",\"url\":\"https:\/\/www.gdirekt.se\/\",\"name\":\"Gdirekt.se\",\"description\":\"Tryck snabbt \u00e5 l\u00e4tt = Gdirekt\",\"potentialAction\":[{\"@type\":\"SearchAction\",\"target\":{\"@type\":\"EntryPoint\",\"urlTemplate\":\"https:\/\/www.gdirekt.se\/?s={search_term_string}\"},\"query-input\":{\"@type\":\"PropertyValueSpecification\",\"valueRequired\":true,\"valueName\":\"search_term_string\"}}],\"inLanguage\":\"da-DK\"}]}<\/script>\n<!-- \/ Yoast SEO plugin. -->","yoast_head_json":{"title":"Bannerbow \u2013 Fastg\u00f8ringss\u00e6t til gr\u00e6s og jord Fastg\u00f8r til jorden med rustfrit st\u00e5l kroge | Gdirekt.se","description":"Bannerbow \u2013 Fastg\u00f8ringss\u00e6t til gr\u00e6s og jord bruges til at fastg\u00f8re udend\u00f8rsstanderen ved at banke de rustfri st\u00e5lkroge ned i jorden. Holder eventbuen fast i bl\u00e6sevejr.","robots":{"index":"index","follow":"follow","max-snippet":"max-snippet:-1","max-image-preview":"max-image-preview:large","max-video-preview":"max-video-preview:-1"},"canonical":"https:\/\/www.gdirekt.se\/da\/produkt\/bannerbow-fastgoringssaet-til-graes-og-jord\/","og_locale":"da_DK","og_type":"article","og_title":"Bannerbow \u2013 Fastg\u00f8ringss\u00e6t til gr\u00e6s og jord Fastg\u00f8r til jorden med rustfrit st\u00e5l kroge | Gdirekt.se","og_description":"Bannerbow \u2013 Fastg\u00f8ringss\u00e6t til gr\u00e6s og jord bruges til at fastg\u00f8re udend\u00f8rsstanderen ved at banke de rustfri st\u00e5lkroge ned i jorden. Holder eventbuen fast i bl\u00e6sevejr.","og_url":"https:\/\/www.gdirekt.se\/da\/produkt\/bannerbow-fastgoringssaet-til-graes-og-jord\/","og_site_name":"Gdirekt.se","article_modified_time":"2024-02-01T08:33:32+00:00","og_image":[{"width":1000,"height":1000,"url":"https:\/\/www.gdirekt.se\/wp-content\/uploads\/markfaste_bannerbow.png","type":"image\/png"}],"twitter_card":"summary_large_image","twitter_misc":{"Estimeret l\u00e6setid":"1 minut"},"schema":{"@context":"https:\/\/schema.org","@graph":[{"@type":"WebPage","@id":"https:\/\/www.gdirekt.se\/da\/produkt\/bannerbow-fastgoringssaet-til-graes-og-jord\/","url":"https:\/\/www.gdirekt.se\/da\/produkt\/bannerbow-fastgoringssaet-til-graes-og-jord\/","name":"Bannerbow \u2013 Fastg\u00f8ringss\u00e6t til gr\u00e6s og jord Fastg\u00f8r til jorden med rustfrit st\u00e5l kroge | Gdirekt.se","isPartOf":{"@id":"https:\/\/www.gdirekt.se\/#website"},"primaryImageOfPage":{"@id":"https:\/\/www.gdirekt.se\/da\/produkt\/bannerbow-fastgoringssaet-til-graes-og-jord\/#primaryimage"},"image":{"@id":"https:\/\/www.gdirekt.se\/da\/produkt\/bannerbow-fastgoringssaet-til-graes-og-jord\/#primaryimage"},"thumbnailUrl":"https:\/\/www.gdirekt.se\/wp-content\/uploads\/markfaste_bannerbow.png","datePublished":"2017-05-29T09:02:59+00:00","dateModified":"2024-02-01T08:33:32+00:00","description":"Bannerbow \u2013 Fastg\u00f8ringss\u00e6t til gr\u00e6s og jord bruges til at fastg\u00f8re udend\u00f8rsstanderen ved at banke de rustfri st\u00e5lkroge ned i jorden. Holder eventbuen fast i bl\u00e6sevejr.","breadcrumb":{"@id":"https:\/\/www.gdirekt.se\/da\/produkt\/bannerbow-fastgoringssaet-til-graes-og-jord\/#breadcrumb"},"inLanguage":"da-DK","potentialAction":[{"@type":"ReadAction","target":["https:\/\/www.gdirekt.se\/da\/produkt\/bannerbow-fastgoringssaet-til-graes-og-jord\/"]}]},{"@type":"ImageObject","inLanguage":"da-DK","@id":"https:\/\/www.gdirekt.se\/da\/produkt\/bannerbow-fastgoringssaet-til-graes-og-jord\/#primaryimage","url":"https:\/\/www.gdirekt.se\/wp-content\/uploads\/markfaste_bannerbow.png","contentUrl":"https:\/\/www.gdirekt.se\/wp-content\/uploads\/markfaste_bannerbow.png","width":1000,"height":1000,"caption":"Fastg\u00f8ringss\u00e6t til Bannerbow passer outdoor och classic"},{"@type":"BreadcrumbList","@id":"https:\/\/www.gdirekt.se\/da\/produkt\/bannerbow-fastgoringssaet-til-graes-og-jord\/#breadcrumb","itemListElement":[{"@type":"ListItem","position":1,"name":"Hem","item":"https:\/\/www.gdirekt.se\/da\/"},{"@type":"ListItem","position":2,"name":"Start","item":"https:\/\/www.gdirekt.se\/da\/"},{"@type":"ListItem","position":3,"name":"Bannerbow \u2013 Fastg\u00f8ringss\u00e6t til gr\u00e6s og jord"}]},{"@type":"WebSite","@id":"https:\/\/www.gdirekt.se\/#website","url":"https:\/\/www.gdirekt.se\/","name":"Gdirekt.se","description":"Tryck snabbt \u00e5 l\u00e4tt = Gdirekt","potentialAction":[{"@type":"SearchAction","target":{"@type":"EntryPoint","urlTemplate":"https:\/\/www.gdirekt.se\/?s={search_term_string}"},"query-input":{"@type":"PropertyValueSpecification","valueRequired":true,"valueName":"search_term_string"}}],"inLanguage":"da-DK"}]}},"_links":{"self":[{"href":"https:\/\/www.gdirekt.se\/da\/wp-json\/wp\/v2\/product\/9435","targetHints":{"allow":["GET"]}}],"collection":[{"href":"https:\/\/www.gdirekt.se\/da\/wp-json\/wp\/v2\/product"}],"about":[{"href":"https:\/\/www.gdirekt.se\/da\/wp-json\/wp\/v2\/types\/product"}],"wp:featuredmedia":[{"embeddable":true,"href":"https:\/\/www.gdirekt.se\/da\/wp-json\/wp\/v2\/media\/8754"}],"wp:attachment":[{"href":"https:\/\/www.gdirekt.se\/da\/wp-json\/wp\/v2\/media?parent=9435"}],"wp:term":[{"taxonomy":"product_brand","embeddable":true,"href":"https:\/\/www.gdirekt.se\/da\/wp-json\/wp\/v2\/product_brand?post=9435"},{"taxonomy":"product_cat","embeddable":true,"href":"https:\/\/www.gdirekt.se\/da\/wp-json\/wp\/v2\/product_cat?post=9435"},{"taxonomy":"product_tag","embeddable":true,"href":"https:\/\/www.gdirekt.se\/da\/wp-json\/wp\/v2\/product_tag?post=9435"}],"curies":[{"name":"wp","href":"https:\/\/api.w.org\/{rel}","templated":true}]}}