{"id":9428,"date":"2015-09-11T11:18:06","date_gmt":"2015-09-11T09:18:06","guid":{"rendered":"http:\/\/gdirekt.hamstage.hamrenmedia.se\/produkt\/bannerbow-messebue-til-event\/"},"modified":"2019-01-11T12:03:48","modified_gmt":"2019-01-11T11:03:48","slug":"bannerbow-messebue-til-event","status":"publish","type":"product","link":"https:\/\/www.gdirekt.se\/da\/produkt\/bannerbow-messebue-til-event\/","title":{"rendered":"Bannerbow \u2013 Messebue til event"},"content":{"rendered":"<p><span lang=\"DA\">Bannerbow \u2013 Messebue til event er et nyt og flot udstillingssystem, der passer til messer og giver et godt indtryk. Man er sikker p\u00e5 at blive langt mere synlig end med alle andre messesystemer. Produktet passer til mange milj\u00f8er s\u00e5som butikker, messer, events og butikscentre. Bannerbow f\u00e5s i tre forskellige st\u00f8rrelser:\u00a0small, der er\u00a0290\u00a0cm bred og 245\u00a0cm h\u00f8j, medium, der er 400\u00a0cm bred og 320\u00a0cm h\u00f8j, samt large, der er 500\u00a0cm bred og 375\u00a0cm h\u00f8j. Bannerbow er den eneste udstillingstander p\u00e5 markedet, der er formet som en bue, og har et helt unikt design.<\/span><\/p>\n<p><span lang=\"DA\">Disse udstillingssystemer kan b\u00e5de bruges som permanente billedsystemer og som transportabelt interi\u00f8r ved produktlanceringer eller fremvisning af nye varer. Buerne med billeder kan sammens\u00e6ttes til et lokale eller en tunnel, man g\u00e5r igennem. De er ogs\u00e5 velegnede til stadioner og sportskonkurrencer i forbindelse med for eksempel spillerpr\u00e6sentation eller pr\u00e6sentation af en vare eller et produkt. Indramning med disse trykte buer ser flot ud. Fremfor alt skiller designet sig ud, og man bliver meget synlig, mens man samtidig n\u00e6rmet skaber et rum, fordi man har tryk p\u00e5 begge sider og i loftet.<\/span><\/p>\n<p><span lang=\"DA\">Kort sagt kan Bannerbow \u2013 Messebue til event ogs\u00e5 bruges til indretning. Vi bruger en brandgodkendt polyester, der er en smule gennemsigtig, for at skabe et luftigt og rummeligt indtryk.<\/span><\/p>\n<p><span lang=\"DA\">Se alle vores forskellige modeller p\u00e5 siden med<span class=\"apple-converted-space\">\u00a0<\/span><\/span><span lang=\"DA\"><a href=\"https:\/\/www.gdirekt.se\/produkt-kategori\/massvaggar-och-montersystem\/\"><i>messev\u00e6gge<\/i><\/a><\/span><span lang=\"DA\">.\u00a0Vi har lang erfaring med udstillingsmaterialer til messer og butikker. Ring til os p\u00e5 telefonnummer +46 (0)11-251515, s\u00e5 hj\u00e6lper vi med at finde den helt rigtige displaystander med trykte budskaber. Uanset om det skal v\u00e6re med stofbannere eller b\u00f8lgepap, kan vores trykkeri levere varen<\/span><\/p>\n<p><span lang=\"DA\">Hvis I er p\u00e5 udkig efter f\u00e6rdige billeder eller fototapeter, kan de f\u00e5s p\u00e5 vores side<span class=\"apple-converted-space\">\u00a0<\/span><\/span><span lang=\"DA\"><a href=\"https:\/\/www.dinprint.se\/\"><i>Dinprint.se<\/i><\/a><\/span><i><\/i><\/p>\n<p>&nbsp;<\/p>\n","protected":false},"excerpt":{"rendered":"<p><span lang=\"DA\">Bannerbow \u2013 Messebue til event giver en flot indramning. Den f\u00e5r messeudstillingen eller eventen til at skille sig ud med smukt design. De trykte bannere i stof og displaysystemet leveres i et r\u00f8r med skulderrem!\u00a0V\u00e6lg st\u00f8rrelse nedenfor.<\/span><\/p>\n","protected":false},"featured_media":8068,"template":"","meta":{"_acf_changed":false},"product_brand":[],"product_cat":[372,375],"product_tag":[],"class_list":{"0":"post-9428","1":"product","2":"type-product","3":"status-publish","4":"has-post-thumbnail","6":"product_cat-display-skilteholdere-skiltestander","7":"product_cat-messevaegge-og-displaysystemer","8":"product_shipping_class-350kr","10":"first","11":"instock","12":"taxable","13":"shipping-taxable","14":"purchasable","15":"product-type-variable","16":"has-default-attributes"},"exclude_global_add_ons":[],"addons":[],"acf":[],"yoast_head":"<!-- This site is optimized with the Yoast SEO plugin v27.2 - https:\/\/yoast.com\/product\/yoast-seo-wordpress\/ -->\n<title>Bannerbow \u2013 Messebue til event | Gdirekt.se<\/title>\n<meta name=\"robots\" content=\"index, follow, max-snippet:-1, max-image-preview:large, max-video-preview:-1\" \/>\n<link rel=\"canonical\" href=\"https:\/\/www.gdirekt.se\/da\/produkt\/bannerbow-messebue-til-event\/\" \/>\n<meta property=\"og:locale\" content=\"da_DK\" \/>\n<meta property=\"og:type\" content=\"article\" \/>\n<meta property=\"og:title\" content=\"Bannerbow \u2013 Messebue til event | Gdirekt.se\" \/>\n<meta property=\"og:description\" content=\"Bannerbow \u2013 Messebue til event giver en flot indramning. Den f\u00e5r messeudstillingen eller eventen til at skille sig ud med smukt design. De trykte bannere i stof og displaysystemet leveres i et r\u00f8r med skulderrem!\u00a0V\u00e6lg st\u00f8rrelse nedenfor.\" \/>\n<meta property=\"og:url\" content=\"https:\/\/www.gdirekt.se\/da\/produkt\/bannerbow-messebue-til-event\/\" \/>\n<meta property=\"og:site_name\" content=\"Gdirekt.se\" \/>\n<meta property=\"article:modified_time\" content=\"2019-01-11T11:03:48+00:00\" \/>\n<meta property=\"og:image\" content=\"https:\/\/www.gdirekt.se\/wp-content\/uploads\/BANNERBOW.png\" \/>\n\t<meta property=\"og:image:width\" content=\"1000\" \/>\n\t<meta property=\"og:image:height\" content=\"1000\" \/>\n\t<meta property=\"og:image:type\" content=\"image\/png\" \/>\n<meta name=\"twitter:card\" content=\"summary_large_image\" \/>\n<meta name=\"twitter:label1\" content=\"Estimeret l\u00e6setid\" \/>\n\t<meta name=\"twitter:data1\" content=\"2 minutter\" \/>\n<script type=\"application\/ld+json\" class=\"yoast-schema-graph\">{\"@context\":\"https:\/\/schema.org\",\"@graph\":[{\"@type\":\"WebPage\",\"@id\":\"https:\/\/www.gdirekt.se\/da\/produkt\/bannerbow-messebue-til-event\/\",\"url\":\"https:\/\/www.gdirekt.se\/da\/produkt\/bannerbow-messebue-til-event\/\",\"name\":\"Bannerbow \u2013 Messebue til event | Gdirekt.se\",\"isPartOf\":{\"@id\":\"https:\/\/www.gdirekt.se\/#website\"},\"primaryImageOfPage\":{\"@id\":\"https:\/\/www.gdirekt.se\/da\/produkt\/bannerbow-messebue-til-event\/#primaryimage\"},\"image\":{\"@id\":\"https:\/\/www.gdirekt.se\/da\/produkt\/bannerbow-messebue-til-event\/#primaryimage\"},\"thumbnailUrl\":\"https:\/\/www.gdirekt.se\/wp-content\/uploads\/BANNERBOW.png\",\"datePublished\":\"2015-09-11T09:18:06+00:00\",\"dateModified\":\"2019-01-11T11:03:48+00:00\",\"breadcrumb\":{\"@id\":\"https:\/\/www.gdirekt.se\/da\/produkt\/bannerbow-messebue-til-event\/#breadcrumb\"},\"inLanguage\":\"da-DK\",\"potentialAction\":[{\"@type\":\"ReadAction\",\"target\":[\"https:\/\/www.gdirekt.se\/da\/produkt\/bannerbow-messebue-til-event\/\"]}]},{\"@type\":\"ImageObject\",\"inLanguage\":\"da-DK\",\"@id\":\"https:\/\/www.gdirekt.se\/da\/produkt\/bannerbow-messebue-til-event\/#primaryimage\",\"url\":\"https:\/\/www.gdirekt.se\/wp-content\/uploads\/BANNERBOW.png\",\"contentUrl\":\"https:\/\/www.gdirekt.se\/wp-content\/uploads\/BANNERBOW.png\",\"width\":1000,\"height\":1000,\"caption\":\"Bannerbow fra Gdirekt f\u00e5s i tre st\u00f8rrelser\"},{\"@type\":\"BreadcrumbList\",\"@id\":\"https:\/\/www.gdirekt.se\/da\/produkt\/bannerbow-messebue-til-event\/#breadcrumb\",\"itemListElement\":[{\"@type\":\"ListItem\",\"position\":1,\"name\":\"Hem\",\"item\":\"https:\/\/www.gdirekt.se\/da\/\"},{\"@type\":\"ListItem\",\"position\":2,\"name\":\"Start\",\"item\":\"https:\/\/www.gdirekt.se\/da\/\"},{\"@type\":\"ListItem\",\"position\":3,\"name\":\"Bannerbow \u2013 Messebue til event\"}]},{\"@type\":\"WebSite\",\"@id\":\"https:\/\/www.gdirekt.se\/#website\",\"url\":\"https:\/\/www.gdirekt.se\/\",\"name\":\"Gdirekt.se\",\"description\":\"Tryck snabbt \u00e5 l\u00e4tt = Gdirekt\",\"potentialAction\":[{\"@type\":\"SearchAction\",\"target\":{\"@type\":\"EntryPoint\",\"urlTemplate\":\"https:\/\/www.gdirekt.se\/?s={search_term_string}\"},\"query-input\":{\"@type\":\"PropertyValueSpecification\",\"valueRequired\":true,\"valueName\":\"search_term_string\"}}],\"inLanguage\":\"da-DK\"}]}<\/script>\n<!-- \/ Yoast SEO plugin. -->","yoast_head_json":{"title":"Bannerbow \u2013 Messebue til event | Gdirekt.se","robots":{"index":"index","follow":"follow","max-snippet":"max-snippet:-1","max-image-preview":"max-image-preview:large","max-video-preview":"max-video-preview:-1"},"canonical":"https:\/\/www.gdirekt.se\/da\/produkt\/bannerbow-messebue-til-event\/","og_locale":"da_DK","og_type":"article","og_title":"Bannerbow \u2013 Messebue til event | Gdirekt.se","og_description":"Bannerbow \u2013 Messebue til event giver en flot indramning. Den f\u00e5r messeudstillingen eller eventen til at skille sig ud med smukt design. De trykte bannere i stof og displaysystemet leveres i et r\u00f8r med skulderrem!\u00a0V\u00e6lg st\u00f8rrelse nedenfor.","og_url":"https:\/\/www.gdirekt.se\/da\/produkt\/bannerbow-messebue-til-event\/","og_site_name":"Gdirekt.se","article_modified_time":"2019-01-11T11:03:48+00:00","og_image":[{"width":1000,"height":1000,"url":"https:\/\/www.gdirekt.se\/wp-content\/uploads\/BANNERBOW.png","type":"image\/png"}],"twitter_card":"summary_large_image","twitter_misc":{"Estimeret l\u00e6setid":"2 minutter"},"schema":{"@context":"https:\/\/schema.org","@graph":[{"@type":"WebPage","@id":"https:\/\/www.gdirekt.se\/da\/produkt\/bannerbow-messebue-til-event\/","url":"https:\/\/www.gdirekt.se\/da\/produkt\/bannerbow-messebue-til-event\/","name":"Bannerbow \u2013 Messebue til event | Gdirekt.se","isPartOf":{"@id":"https:\/\/www.gdirekt.se\/#website"},"primaryImageOfPage":{"@id":"https:\/\/www.gdirekt.se\/da\/produkt\/bannerbow-messebue-til-event\/#primaryimage"},"image":{"@id":"https:\/\/www.gdirekt.se\/da\/produkt\/bannerbow-messebue-til-event\/#primaryimage"},"thumbnailUrl":"https:\/\/www.gdirekt.se\/wp-content\/uploads\/BANNERBOW.png","datePublished":"2015-09-11T09:18:06+00:00","dateModified":"2019-01-11T11:03:48+00:00","breadcrumb":{"@id":"https:\/\/www.gdirekt.se\/da\/produkt\/bannerbow-messebue-til-event\/#breadcrumb"},"inLanguage":"da-DK","potentialAction":[{"@type":"ReadAction","target":["https:\/\/www.gdirekt.se\/da\/produkt\/bannerbow-messebue-til-event\/"]}]},{"@type":"ImageObject","inLanguage":"da-DK","@id":"https:\/\/www.gdirekt.se\/da\/produkt\/bannerbow-messebue-til-event\/#primaryimage","url":"https:\/\/www.gdirekt.se\/wp-content\/uploads\/BANNERBOW.png","contentUrl":"https:\/\/www.gdirekt.se\/wp-content\/uploads\/BANNERBOW.png","width":1000,"height":1000,"caption":"Bannerbow fra Gdirekt f\u00e5s i tre st\u00f8rrelser"},{"@type":"BreadcrumbList","@id":"https:\/\/www.gdirekt.se\/da\/produkt\/bannerbow-messebue-til-event\/#breadcrumb","itemListElement":[{"@type":"ListItem","position":1,"name":"Hem","item":"https:\/\/www.gdirekt.se\/da\/"},{"@type":"ListItem","position":2,"name":"Start","item":"https:\/\/www.gdirekt.se\/da\/"},{"@type":"ListItem","position":3,"name":"Bannerbow \u2013 Messebue til event"}]},{"@type":"WebSite","@id":"https:\/\/www.gdirekt.se\/#website","url":"https:\/\/www.gdirekt.se\/","name":"Gdirekt.se","description":"Tryck snabbt \u00e5 l\u00e4tt = Gdirekt","potentialAction":[{"@type":"SearchAction","target":{"@type":"EntryPoint","urlTemplate":"https:\/\/www.gdirekt.se\/?s={search_term_string}"},"query-input":{"@type":"PropertyValueSpecification","valueRequired":true,"valueName":"search_term_string"}}],"inLanguage":"da-DK"}]}},"_links":{"self":[{"href":"https:\/\/www.gdirekt.se\/da\/wp-json\/wp\/v2\/product\/9428","targetHints":{"allow":["GET"]}}],"collection":[{"href":"https:\/\/www.gdirekt.se\/da\/wp-json\/wp\/v2\/product"}],"about":[{"href":"https:\/\/www.gdirekt.se\/da\/wp-json\/wp\/v2\/types\/product"}],"wp:featuredmedia":[{"embeddable":true,"href":"https:\/\/www.gdirekt.se\/da\/wp-json\/wp\/v2\/media\/8068"}],"wp:attachment":[{"href":"https:\/\/www.gdirekt.se\/da\/wp-json\/wp\/v2\/media?parent=9428"}],"wp:term":[{"taxonomy":"product_brand","embeddable":true,"href":"https:\/\/www.gdirekt.se\/da\/wp-json\/wp\/v2\/product_brand?post=9428"},{"taxonomy":"product_cat","embeddable":true,"href":"https:\/\/www.gdirekt.se\/da\/wp-json\/wp\/v2\/product_cat?post=9428"},{"taxonomy":"product_tag","embeddable":true,"href":"https:\/\/www.gdirekt.se\/da\/wp-json\/wp\/v2\/product_tag?post=9428"}],"curies":[{"name":"wp","href":"https:\/\/api.w.org\/{rel}","templated":true}]}}