{"id":9424,"date":"2016-12-06T13:57:02","date_gmt":"2016-12-06T12:57:02","guid":{"rendered":"http:\/\/gdirekt.hamstage.hamrenmedia.se\/produkt\/billede-til-bannerstand-exl-arena\/"},"modified":"2018-11-01T16:11:27","modified_gmt":"2018-11-01T15:11:27","slug":"billede-til-bannerstand-exl-arena","status":"publish","type":"product","link":"https:\/\/www.gdirekt.se\/da\/produkt\/billede-til-bannerstand-exl-arena\/","title":{"rendered":"Billede til bannerstand \u2013 EXL Arena"},"content":{"rendered":"<p>Bestil billede til bannerstand EXL Arena. Bannerne fastg\u00f8res let med elastiksnor p\u00e5 reklamestanderen, der bruges som hegn eller bande. V\u00e6lg mellem tre st\u00f8rrelser. Bem\u00e6rk: Dette billede er kun til \u00e9n side. Bestil to, hvis der skal udskiftes billede p\u00e5 begge sider.<\/p>\n<p><strong>\u00a0<\/strong><\/p>\n<p>Banner til dobbeltsidet stander, der hedder EXL Arena. Bannerne vejer 450 g og er kraftige og slidst\u00e6rke.\u00a0Bannerstanderen er stabil og bruges som hegn og bander. Den bruges til sportsarrangementer, messer og events.\u00a0V\u00e6lg mellem tre st\u00f8rrelser, og bestil to eksemplarer, hvis der skal v\u00e6re billede p\u00e5 begge sider.<\/p>\n","protected":false},"excerpt":{"rendered":"<p>Bestil billede til bannerstand EXL Arena. Bannerne fastg\u00f8res let med elastiksnor p\u00e5 reklamestanderen, der bruges som hegn eller bande. V\u00e6lg mellem tre st\u00f8rrelser. Bem\u00e6rk: Dette billede er kun til \u00e9n side. Bestil to, hvis der skal udskiftes billede p\u00e5 begge sider.<\/p>\n","protected":false},"featured_media":8246,"template":"","meta":{"_acf_changed":false},"product_brand":[],"product_cat":[936],"product_tag":[],"class_list":{"0":"post-9424","1":"product","2":"type-product","3":"status-publish","4":"has-post-thumbnail","6":"product_cat-okategoriserad-da","7":"product_shipping_class-180sek","9":"first","10":"instock","11":"taxable","12":"shipping-taxable","13":"purchasable","14":"product-type-variable","15":"has-default-attributes"},"exclude_global_add_ons":[],"addons":[],"acf":[],"yoast_head":"<!-- This site is optimized with the Yoast SEO plugin v27.2 - https:\/\/yoast.com\/product\/yoast-seo-wordpress\/ -->\n<title>Billede til bannerstand \u2013 EXL Arena | Gdirekt.se<\/title>\n<meta name=\"robots\" content=\"index, follow, max-snippet:-1, max-image-preview:large, max-video-preview:-1\" \/>\n<link rel=\"canonical\" href=\"https:\/\/www.gdirekt.se\/da\/produkt\/billede-til-bannerstand-exl-arena\/\" \/>\n<meta property=\"og:locale\" content=\"da_DK\" \/>\n<meta property=\"og:type\" content=\"article\" \/>\n<meta property=\"og:title\" content=\"Billede til bannerstand \u2013 EXL Arena | Gdirekt.se\" \/>\n<meta property=\"og:description\" content=\"Bestil billede til bannerstand EXL Arena. Bannerne fastg\u00f8res let med elastiksnor p\u00e5 reklamestanderen, der bruges som hegn eller bande. V\u00e6lg mellem tre st\u00f8rrelser. Bem\u00e6rk: Dette billede er kun til \u00e9n side. Bestil to, hvis der skal udskiftes billede p\u00e5 begge sider.\" \/>\n<meta property=\"og:url\" content=\"https:\/\/www.gdirekt.se\/da\/produkt\/billede-til-bannerstand-exl-arena\/\" \/>\n<meta property=\"og:site_name\" content=\"Gdirekt.se\" \/>\n<meta property=\"article:modified_time\" content=\"2018-11-01T15:11:27+00:00\" \/>\n<meta property=\"og:image\" content=\"https:\/\/www.gdirekt.se\/wp-content\/uploads\/exlarena_bild.png\" \/>\n\t<meta property=\"og:image:width\" content=\"1000\" \/>\n\t<meta property=\"og:image:height\" content=\"1000\" \/>\n\t<meta property=\"og:image:type\" content=\"image\/png\" \/>\n<meta name=\"twitter:card\" content=\"summary_large_image\" \/>\n<script type=\"application\/ld+json\" class=\"yoast-schema-graph\">{\"@context\":\"https:\/\/schema.org\",\"@graph\":[{\"@type\":\"WebPage\",\"@id\":\"https:\/\/www.gdirekt.se\/da\/produkt\/billede-til-bannerstand-exl-arena\/\",\"url\":\"https:\/\/www.gdirekt.se\/da\/produkt\/billede-til-bannerstand-exl-arena\/\",\"name\":\"Billede til bannerstand \u2013 EXL Arena | Gdirekt.se\",\"isPartOf\":{\"@id\":\"https:\/\/www.gdirekt.se\/#website\"},\"primaryImageOfPage\":{\"@id\":\"https:\/\/www.gdirekt.se\/da\/produkt\/billede-til-bannerstand-exl-arena\/#primaryimage\"},\"image\":{\"@id\":\"https:\/\/www.gdirekt.se\/da\/produkt\/billede-til-bannerstand-exl-arena\/#primaryimage\"},\"thumbnailUrl\":\"https:\/\/www.gdirekt.se\/wp-content\/uploads\/exlarena_bild.png\",\"datePublished\":\"2016-12-06T12:57:02+00:00\",\"dateModified\":\"2018-11-01T15:11:27+00:00\",\"breadcrumb\":{\"@id\":\"https:\/\/www.gdirekt.se\/da\/produkt\/billede-til-bannerstand-exl-arena\/#breadcrumb\"},\"inLanguage\":\"da-DK\",\"potentialAction\":[{\"@type\":\"ReadAction\",\"target\":[\"https:\/\/www.gdirekt.se\/da\/produkt\/billede-til-bannerstand-exl-arena\/\"]}]},{\"@type\":\"ImageObject\",\"inLanguage\":\"da-DK\",\"@id\":\"https:\/\/www.gdirekt.se\/da\/produkt\/billede-til-bannerstand-exl-arena\/#primaryimage\",\"url\":\"https:\/\/www.gdirekt.se\/wp-content\/uploads\/exlarena_bild.png\",\"contentUrl\":\"https:\/\/www.gdirekt.se\/wp-content\/uploads\/exlarena_bild.png\",\"width\":1000,\"height\":1000,\"caption\":\"Bannere til sargen EXL Arena\"},{\"@type\":\"BreadcrumbList\",\"@id\":\"https:\/\/www.gdirekt.se\/da\/produkt\/billede-til-bannerstand-exl-arena\/#breadcrumb\",\"itemListElement\":[{\"@type\":\"ListItem\",\"position\":1,\"name\":\"Hem\",\"item\":\"https:\/\/www.gdirekt.se\/da\/\"},{\"@type\":\"ListItem\",\"position\":2,\"name\":\"Start\",\"item\":\"https:\/\/www.gdirekt.se\/da\/\"},{\"@type\":\"ListItem\",\"position\":3,\"name\":\"Billede til bannerstand \u2013 EXL Arena\"}]},{\"@type\":\"WebSite\",\"@id\":\"https:\/\/www.gdirekt.se\/#website\",\"url\":\"https:\/\/www.gdirekt.se\/\",\"name\":\"Gdirekt.se\",\"description\":\"Tryck snabbt \u00e5 l\u00e4tt = Gdirekt\",\"potentialAction\":[{\"@type\":\"SearchAction\",\"target\":{\"@type\":\"EntryPoint\",\"urlTemplate\":\"https:\/\/www.gdirekt.se\/?s={search_term_string}\"},\"query-input\":{\"@type\":\"PropertyValueSpecification\",\"valueRequired\":true,\"valueName\":\"search_term_string\"}}],\"inLanguage\":\"da-DK\"}]}<\/script>\n<!-- \/ Yoast SEO plugin. -->","yoast_head_json":{"title":"Billede til bannerstand \u2013 EXL Arena | Gdirekt.se","robots":{"index":"index","follow":"follow","max-snippet":"max-snippet:-1","max-image-preview":"max-image-preview:large","max-video-preview":"max-video-preview:-1"},"canonical":"https:\/\/www.gdirekt.se\/da\/produkt\/billede-til-bannerstand-exl-arena\/","og_locale":"da_DK","og_type":"article","og_title":"Billede til bannerstand \u2013 EXL Arena | Gdirekt.se","og_description":"Bestil billede til bannerstand EXL Arena. Bannerne fastg\u00f8res let med elastiksnor p\u00e5 reklamestanderen, der bruges som hegn eller bande. V\u00e6lg mellem tre st\u00f8rrelser. Bem\u00e6rk: Dette billede er kun til \u00e9n side. Bestil to, hvis der skal udskiftes billede p\u00e5 begge sider.","og_url":"https:\/\/www.gdirekt.se\/da\/produkt\/billede-til-bannerstand-exl-arena\/","og_site_name":"Gdirekt.se","article_modified_time":"2018-11-01T15:11:27+00:00","og_image":[{"width":1000,"height":1000,"url":"https:\/\/www.gdirekt.se\/wp-content\/uploads\/exlarena_bild.png","type":"image\/png"}],"twitter_card":"summary_large_image","schema":{"@context":"https:\/\/schema.org","@graph":[{"@type":"WebPage","@id":"https:\/\/www.gdirekt.se\/da\/produkt\/billede-til-bannerstand-exl-arena\/","url":"https:\/\/www.gdirekt.se\/da\/produkt\/billede-til-bannerstand-exl-arena\/","name":"Billede til bannerstand \u2013 EXL Arena | Gdirekt.se","isPartOf":{"@id":"https:\/\/www.gdirekt.se\/#website"},"primaryImageOfPage":{"@id":"https:\/\/www.gdirekt.se\/da\/produkt\/billede-til-bannerstand-exl-arena\/#primaryimage"},"image":{"@id":"https:\/\/www.gdirekt.se\/da\/produkt\/billede-til-bannerstand-exl-arena\/#primaryimage"},"thumbnailUrl":"https:\/\/www.gdirekt.se\/wp-content\/uploads\/exlarena_bild.png","datePublished":"2016-12-06T12:57:02+00:00","dateModified":"2018-11-01T15:11:27+00:00","breadcrumb":{"@id":"https:\/\/www.gdirekt.se\/da\/produkt\/billede-til-bannerstand-exl-arena\/#breadcrumb"},"inLanguage":"da-DK","potentialAction":[{"@type":"ReadAction","target":["https:\/\/www.gdirekt.se\/da\/produkt\/billede-til-bannerstand-exl-arena\/"]}]},{"@type":"ImageObject","inLanguage":"da-DK","@id":"https:\/\/www.gdirekt.se\/da\/produkt\/billede-til-bannerstand-exl-arena\/#primaryimage","url":"https:\/\/www.gdirekt.se\/wp-content\/uploads\/exlarena_bild.png","contentUrl":"https:\/\/www.gdirekt.se\/wp-content\/uploads\/exlarena_bild.png","width":1000,"height":1000,"caption":"Bannere til sargen EXL Arena"},{"@type":"BreadcrumbList","@id":"https:\/\/www.gdirekt.se\/da\/produkt\/billede-til-bannerstand-exl-arena\/#breadcrumb","itemListElement":[{"@type":"ListItem","position":1,"name":"Hem","item":"https:\/\/www.gdirekt.se\/da\/"},{"@type":"ListItem","position":2,"name":"Start","item":"https:\/\/www.gdirekt.se\/da\/"},{"@type":"ListItem","position":3,"name":"Billede til bannerstand \u2013 EXL Arena"}]},{"@type":"WebSite","@id":"https:\/\/www.gdirekt.se\/#website","url":"https:\/\/www.gdirekt.se\/","name":"Gdirekt.se","description":"Tryck snabbt \u00e5 l\u00e4tt = Gdirekt","potentialAction":[{"@type":"SearchAction","target":{"@type":"EntryPoint","urlTemplate":"https:\/\/www.gdirekt.se\/?s={search_term_string}"},"query-input":{"@type":"PropertyValueSpecification","valueRequired":true,"valueName":"search_term_string"}}],"inLanguage":"da-DK"}]}},"_links":{"self":[{"href":"https:\/\/www.gdirekt.se\/da\/wp-json\/wp\/v2\/product\/9424","targetHints":{"allow":["GET"]}}],"collection":[{"href":"https:\/\/www.gdirekt.se\/da\/wp-json\/wp\/v2\/product"}],"about":[{"href":"https:\/\/www.gdirekt.se\/da\/wp-json\/wp\/v2\/types\/product"}],"wp:featuredmedia":[{"embeddable":true,"href":"https:\/\/www.gdirekt.se\/da\/wp-json\/wp\/v2\/media\/8246"}],"wp:attachment":[{"href":"https:\/\/www.gdirekt.se\/da\/wp-json\/wp\/v2\/media?parent=9424"}],"wp:term":[{"taxonomy":"product_brand","embeddable":true,"href":"https:\/\/www.gdirekt.se\/da\/wp-json\/wp\/v2\/product_brand?post=9424"},{"taxonomy":"product_cat","embeddable":true,"href":"https:\/\/www.gdirekt.se\/da\/wp-json\/wp\/v2\/product_cat?post=9424"},{"taxonomy":"product_tag","embeddable":true,"href":"https:\/\/www.gdirekt.se\/da\/wp-json\/wp\/v2\/product_tag?post=9424"}],"curies":[{"name":"wp","href":"https:\/\/api.w.org\/{rel}","templated":true}]}}