{"id":9417,"date":"2016-12-06T11:53:00","date_gmt":"2016-12-06T10:53:00","guid":{"rendered":"http:\/\/gdirekt.hamstage.hamrenmedia.se\/produkt\/bannerstand-exl-arena\/"},"modified":"2022-03-14T11:13:44","modified_gmt":"2022-03-14T10:13:44","slug":"bannerstand-exl-arena","status":"publish","type":"product","link":"https:\/\/www.gdirekt.se\/da\/produkt\/bannerstand-exl-arena\/","title":{"rendered":"Bannerstand &#8211; EXL Arena"},"content":{"rendered":"<p>Bannerstand- EXL Arena er f\u00f8rst og fremmest en nem m\u00e5de at se godt ud p\u00e5. Lige til at folde ud og s\u00e6tte p\u00e5 plads. Dobbeltsidet bannerstativ hvor de st\u00e6rke bannere p\u00e5 450 gram med de rigtige m\u00e5l medf\u00f8lger. Det stabile stativ fungerer ogs\u00e5 som gr\u00e6nse til sportskonkurrencer, messer og andre begivenheder. Der er tre st\u00f8rrelser at v\u00e6lge imellem og om det skal v\u00e6re indend\u00f8rs eller udend\u00f8rs. S\u00e5 er de forsynet med ekstra v\u00e6gte.<\/p>\n<p>&nbsp;<\/p>\n<p>Fremstillet i rigtig slidst\u00e6rkt glasfiber i tre lag med indbyggede v\u00e6gte, s\u00e5 de med fordel kan st\u00e5 udend\u00f8rs. For eksempel ved en sportskonkurrence p\u00e5 golfbanen eller anden udend\u00f8rs eksponering. V\u00e6gtene vejer 7 kg stykket og er fordelt i hj\u00f8rnerne af systemet og giver derfor en god balance. Andre fordele ved bannerstand &#8211; EXL Arena er, at du nemt kan \u00e6ndre budskabet p\u00e5 annoncebudskaberne. Det mest almindelige anvendelsesomr\u00e5de er nok s\u00e5 arenaannoncering, da flere af disse reklamerammer kun danner en f\u00e6lg. Indramningen omkring spillebanen bliver ensartet, og sponsorerne vil se rigtig godt ud. Vi har designskabeloner i den rigtige st\u00f8rrelse til at downloade og det er selvf\u00f8lgelig gratis.<\/p>\n<p>&nbsp;<\/p>\n<p>Det er ikke en samling, du folder bare bannerstativet ud. De er monteret som en flad pakke, og du kan k\u00f8be en taske, hvis det er n\u00f8dvendigt. Se flere af vores udvalgte <strong><em><a href=\"https:\/\/www.gdirekt.se\/da\/produkt-kategori\/udendoersskilte-og-expo\/\">standardprodukter<\/a><\/em><\/strong> til events og udend\u00f8rs visninger!<\/p>\n<p>Bannerstand &#8211; EXL Arena er det nemme valg, hvis du \u00f8nsker et smart og holdbart bannersystem til dobbeltsidede reklamebudskaber. Den trykte banner er inkluderet i prisen og \u00f8nsker du at k\u00f8be nye bannere med tryk, g\u00f8r du det nemmest <strong><em><a href=\"https:\/\/www.gdirekt.se\/da\/produkt\/billede-til-bannerstand-exl-arena\/\">her<\/a><\/em><\/strong>. Skulle du ogs\u00e5 have brug for faste n\u00f8dskilte p\u00e5 v\u00e6relset, har vi alle modeller p\u00e5 vores andet m\u00e6rke <em><strong><a href=\"https:\/\/svasab.dk\/\">SVASAB<\/a><\/strong><\/em>!<\/p>\n","protected":false},"excerpt":{"rendered":"<p>Bannerstand &#8211; EXL Arena er et dobbeltsidet bannerstativ, hvor der medf\u00f8lger bannere med de rigtige m\u00e5l. Reklamestativet er stabilt og bruges som rammer. Fungerer godt til sportskonkurrencer, messer og events. V\u00e6lg mellem tre st\u00f8rrelser. Samt til indend\u00f8rs eller udend\u00f8rs, der har ekstra v\u00e6gte.<\/p>\n","protected":false},"featured_media":8244,"template":"","meta":{"_acf_changed":false},"product_brand":[],"product_cat":[372,356],"product_tag":[],"class_list":{"0":"post-9417","1":"product","2":"type-product","3":"status-publish","4":"has-post-thumbnail","6":"product_cat-display-skilteholdere-skiltestander","7":"product_cat-udendoersskilte-og-expo","8":"product_shipping_class-180sek","10":"first","11":"instock","12":"taxable","13":"shipping-taxable","14":"purchasable","15":"product-type-variable","16":"has-default-attributes"},"exclude_global_add_ons":[],"addons":[],"acf":[],"yoast_head":"<!-- This site is optimized with the Yoast SEO plugin v27.2 - https:\/\/yoast.com\/product\/yoast-seo-wordpress\/ -->\n<title>Bannerstand - EXL Arena med trykt log og reklametekst | Gdirekt.se<\/title>\n<meta name=\"description\" content=\"Bannerstand - EXL Arena, en dobbeltsidet stander til bannere. Annonceramme til sportskonkurrence, messe. God udend\u00f8rs og eget tryk er inkluderet i billigprisen!\" \/>\n<meta name=\"robots\" content=\"index, follow, max-snippet:-1, max-image-preview:large, max-video-preview:-1\" \/>\n<link rel=\"canonical\" href=\"https:\/\/www.gdirekt.se\/da\/produkt\/bannerstand-exl-arena\/\" \/>\n<meta property=\"og:locale\" content=\"da_DK\" \/>\n<meta property=\"og:type\" content=\"article\" \/>\n<meta property=\"og:title\" content=\"Bannerstand - EXL Arena med trykt log og reklametekst | Gdirekt.se\" \/>\n<meta property=\"og:description\" content=\"Bannerstand - EXL Arena, en dobbeltsidet stander til bannere. Annonceramme til sportskonkurrence, messe. God udend\u00f8rs og eget tryk er inkluderet i billigprisen!\" \/>\n<meta property=\"og:url\" content=\"https:\/\/www.gdirekt.se\/da\/produkt\/bannerstand-exl-arena\/\" \/>\n<meta property=\"og:site_name\" content=\"Gdirekt.se\" \/>\n<meta property=\"article:modified_time\" content=\"2022-03-14T10:13:44+00:00\" \/>\n<meta property=\"og:image\" content=\"https:\/\/www.gdirekt.se\/wp-content\/uploads\/EXL-Arena.png\" \/>\n\t<meta property=\"og:image:width\" content=\"1000\" \/>\n\t<meta property=\"og:image:height\" content=\"1000\" \/>\n\t<meta property=\"og:image:type\" content=\"image\/png\" \/>\n<meta name=\"twitter:card\" content=\"summary_large_image\" \/>\n<meta name=\"twitter:label1\" content=\"Estimeret l\u00e6setid\" \/>\n\t<meta name=\"twitter:data1\" content=\"2 minutter\" \/>\n<script type=\"application\/ld+json\" class=\"yoast-schema-graph\">{\"@context\":\"https:\/\/schema.org\",\"@graph\":[{\"@type\":\"WebPage\",\"@id\":\"https:\/\/www.gdirekt.se\/da\/produkt\/bannerstand-exl-arena\/\",\"url\":\"https:\/\/www.gdirekt.se\/da\/produkt\/bannerstand-exl-arena\/\",\"name\":\"Bannerstand - EXL Arena med trykt log og reklametekst | Gdirekt.se\",\"isPartOf\":{\"@id\":\"https:\/\/www.gdirekt.se\/#website\"},\"primaryImageOfPage\":{\"@id\":\"https:\/\/www.gdirekt.se\/da\/produkt\/bannerstand-exl-arena\/#primaryimage\"},\"image\":{\"@id\":\"https:\/\/www.gdirekt.se\/da\/produkt\/bannerstand-exl-arena\/#primaryimage\"},\"thumbnailUrl\":\"https:\/\/www.gdirekt.se\/wp-content\/uploads\/EXL-Arena.png\",\"datePublished\":\"2016-12-06T10:53:00+00:00\",\"dateModified\":\"2022-03-14T10:13:44+00:00\",\"description\":\"Bannerstand - EXL Arena, en dobbeltsidet stander til bannere. Annonceramme til sportskonkurrence, messe. God udend\u00f8rs og eget tryk er inkluderet i billigprisen!\",\"breadcrumb\":{\"@id\":\"https:\/\/www.gdirekt.se\/da\/produkt\/bannerstand-exl-arena\/#breadcrumb\"},\"inLanguage\":\"da-DK\",\"potentialAction\":[{\"@type\":\"ReadAction\",\"target\":[\"https:\/\/www.gdirekt.se\/da\/produkt\/bannerstand-exl-arena\/\"]}]},{\"@type\":\"ImageObject\",\"inLanguage\":\"da-DK\",\"@id\":\"https:\/\/www.gdirekt.se\/da\/produkt\/bannerstand-exl-arena\/#primaryimage\",\"url\":\"https:\/\/www.gdirekt.se\/wp-content\/uploads\/EXL-Arena.png\",\"contentUrl\":\"https:\/\/www.gdirekt.se\/wp-content\/uploads\/EXL-Arena.png\",\"width\":1000,\"height\":1000,\"caption\":\"Smart holder til bannerv\u00e6v\"},{\"@type\":\"BreadcrumbList\",\"@id\":\"https:\/\/www.gdirekt.se\/da\/produkt\/bannerstand-exl-arena\/#breadcrumb\",\"itemListElement\":[{\"@type\":\"ListItem\",\"position\":1,\"name\":\"Hem\",\"item\":\"https:\/\/www.gdirekt.se\/da\/\"},{\"@type\":\"ListItem\",\"position\":2,\"name\":\"Start\",\"item\":\"https:\/\/www.gdirekt.se\/da\/\"},{\"@type\":\"ListItem\",\"position\":3,\"name\":\"Bannerstand &#8211; EXL Arena\"}]},{\"@type\":\"WebSite\",\"@id\":\"https:\/\/www.gdirekt.se\/#website\",\"url\":\"https:\/\/www.gdirekt.se\/\",\"name\":\"Gdirekt.se\",\"description\":\"Tryck snabbt \u00e5 l\u00e4tt = Gdirekt\",\"potentialAction\":[{\"@type\":\"SearchAction\",\"target\":{\"@type\":\"EntryPoint\",\"urlTemplate\":\"https:\/\/www.gdirekt.se\/?s={search_term_string}\"},\"query-input\":{\"@type\":\"PropertyValueSpecification\",\"valueRequired\":true,\"valueName\":\"search_term_string\"}}],\"inLanguage\":\"da-DK\"}]}<\/script>\n<!-- \/ Yoast SEO plugin. -->","yoast_head_json":{"title":"Bannerstand - EXL Arena med trykt log og reklametekst | Gdirekt.se","description":"Bannerstand - EXL Arena, en dobbeltsidet stander til bannere. Annonceramme til sportskonkurrence, messe. God udend\u00f8rs og eget tryk er inkluderet i billigprisen!","robots":{"index":"index","follow":"follow","max-snippet":"max-snippet:-1","max-image-preview":"max-image-preview:large","max-video-preview":"max-video-preview:-1"},"canonical":"https:\/\/www.gdirekt.se\/da\/produkt\/bannerstand-exl-arena\/","og_locale":"da_DK","og_type":"article","og_title":"Bannerstand - EXL Arena med trykt log og reklametekst | Gdirekt.se","og_description":"Bannerstand - EXL Arena, en dobbeltsidet stander til bannere. Annonceramme til sportskonkurrence, messe. God udend\u00f8rs og eget tryk er inkluderet i billigprisen!","og_url":"https:\/\/www.gdirekt.se\/da\/produkt\/bannerstand-exl-arena\/","og_site_name":"Gdirekt.se","article_modified_time":"2022-03-14T10:13:44+00:00","og_image":[{"width":1000,"height":1000,"url":"https:\/\/www.gdirekt.se\/wp-content\/uploads\/EXL-Arena.png","type":"image\/png"}],"twitter_card":"summary_large_image","twitter_misc":{"Estimeret l\u00e6setid":"2 minutter"},"schema":{"@context":"https:\/\/schema.org","@graph":[{"@type":"WebPage","@id":"https:\/\/www.gdirekt.se\/da\/produkt\/bannerstand-exl-arena\/","url":"https:\/\/www.gdirekt.se\/da\/produkt\/bannerstand-exl-arena\/","name":"Bannerstand - EXL Arena med trykt log og reklametekst | Gdirekt.se","isPartOf":{"@id":"https:\/\/www.gdirekt.se\/#website"},"primaryImageOfPage":{"@id":"https:\/\/www.gdirekt.se\/da\/produkt\/bannerstand-exl-arena\/#primaryimage"},"image":{"@id":"https:\/\/www.gdirekt.se\/da\/produkt\/bannerstand-exl-arena\/#primaryimage"},"thumbnailUrl":"https:\/\/www.gdirekt.se\/wp-content\/uploads\/EXL-Arena.png","datePublished":"2016-12-06T10:53:00+00:00","dateModified":"2022-03-14T10:13:44+00:00","description":"Bannerstand - EXL Arena, en dobbeltsidet stander til bannere. Annonceramme til sportskonkurrence, messe. God udend\u00f8rs og eget tryk er inkluderet i billigprisen!","breadcrumb":{"@id":"https:\/\/www.gdirekt.se\/da\/produkt\/bannerstand-exl-arena\/#breadcrumb"},"inLanguage":"da-DK","potentialAction":[{"@type":"ReadAction","target":["https:\/\/www.gdirekt.se\/da\/produkt\/bannerstand-exl-arena\/"]}]},{"@type":"ImageObject","inLanguage":"da-DK","@id":"https:\/\/www.gdirekt.se\/da\/produkt\/bannerstand-exl-arena\/#primaryimage","url":"https:\/\/www.gdirekt.se\/wp-content\/uploads\/EXL-Arena.png","contentUrl":"https:\/\/www.gdirekt.se\/wp-content\/uploads\/EXL-Arena.png","width":1000,"height":1000,"caption":"Smart holder til bannerv\u00e6v"},{"@type":"BreadcrumbList","@id":"https:\/\/www.gdirekt.se\/da\/produkt\/bannerstand-exl-arena\/#breadcrumb","itemListElement":[{"@type":"ListItem","position":1,"name":"Hem","item":"https:\/\/www.gdirekt.se\/da\/"},{"@type":"ListItem","position":2,"name":"Start","item":"https:\/\/www.gdirekt.se\/da\/"},{"@type":"ListItem","position":3,"name":"Bannerstand &#8211; EXL Arena"}]},{"@type":"WebSite","@id":"https:\/\/www.gdirekt.se\/#website","url":"https:\/\/www.gdirekt.se\/","name":"Gdirekt.se","description":"Tryck snabbt \u00e5 l\u00e4tt = Gdirekt","potentialAction":[{"@type":"SearchAction","target":{"@type":"EntryPoint","urlTemplate":"https:\/\/www.gdirekt.se\/?s={search_term_string}"},"query-input":{"@type":"PropertyValueSpecification","valueRequired":true,"valueName":"search_term_string"}}],"inLanguage":"da-DK"}]}},"_links":{"self":[{"href":"https:\/\/www.gdirekt.se\/da\/wp-json\/wp\/v2\/product\/9417","targetHints":{"allow":["GET"]}}],"collection":[{"href":"https:\/\/www.gdirekt.se\/da\/wp-json\/wp\/v2\/product"}],"about":[{"href":"https:\/\/www.gdirekt.se\/da\/wp-json\/wp\/v2\/types\/product"}],"wp:featuredmedia":[{"embeddable":true,"href":"https:\/\/www.gdirekt.se\/da\/wp-json\/wp\/v2\/media\/8244"}],"wp:attachment":[{"href":"https:\/\/www.gdirekt.se\/da\/wp-json\/wp\/v2\/media?parent=9417"}],"wp:term":[{"taxonomy":"product_brand","embeddable":true,"href":"https:\/\/www.gdirekt.se\/da\/wp-json\/wp\/v2\/product_brand?post=9417"},{"taxonomy":"product_cat","embeddable":true,"href":"https:\/\/www.gdirekt.se\/da\/wp-json\/wp\/v2\/product_cat?post=9417"},{"taxonomy":"product_tag","embeddable":true,"href":"https:\/\/www.gdirekt.se\/da\/wp-json\/wp\/v2\/product_tag?post=9417"}],"curies":[{"name":"wp","href":"https:\/\/api.w.org\/{rel}","templated":true}]}}