{"id":9409,"date":"2016-12-06T15:41:08","date_gmt":"2016-12-06T14:41:08","guid":{"rendered":"http:\/\/gdirekt.hamstage.hamrenmedia.se\/produkt\/bannerstativ-exl-arena\/"},"modified":"2019-01-16T15:06:16","modified_gmt":"2019-01-16T14:06:16","slug":"bannerstativ-exl-event","status":"publish","type":"product","link":"https:\/\/www.gdirekt.se\/da\/produkt\/bannerstativ-exl-event\/","title":{"rendered":"Bannerstativ \u2013 EXL Event"},"content":{"rendered":"<p><span lang=\"DA\">Bannerstativ \u2013 EXL Event er en stabil billedv\u00e6g, der samles uden brug af v\u00e6rkt\u00f8j. Det bruges til butikscentre, sportskonkurrencer, messer og events.\u00a0 Et slidst\u00e6rkt banner med tryk er inkluderet i prisen. Det er et velegnet produkt til brug b\u00e5de indend\u00f8rs og udend\u00f8rs, og vi bruger milj\u00f8venlig trykfarve. Trykkvaliteten er den bedste, der f\u00e5s, og resultatet bliver fremragende. Vores trykkeri, der ligger i Norrk\u00f6ping, bruger et robust bannerstof, der er kraftigt og slidst\u00e6rkt og passer perfekt til denne fritst\u00e5ende billedv\u00e6g. Det tager kun et par minutter at ops\u00e6tte dette store banner i den praktiske udstillingsstander.<\/span><\/p>\n<p><span lang=\"DA\">V\u00e6lg mellem tre st\u00f8rrelser. 1:\u00a0Samlet m\u00e5l: 206 x 205\u00a0cm, billedm\u00e5l: 190 x 185\u00a0cm. 2:\u00a0Samlet m\u00e5l: 254 x 205\u00a0cm, billedm\u00e5l: 240 x 185\u00a0cm. 3:\u00a0Samlet m\u00e5l: 306 x 205\u00a0cm, billedm\u00e5l: 290 x 185\u00a0cm. Download designskabelonen med korrekt st\u00f8rrelse til dit store banner, der passer i standeren og kan bruges som scenet\u00e6ppe. Det er ogs\u00e5 almindeligt at bruge disse billedv\u00e6gge som fotobaggrund og pressev\u00e6g med virksomhedens logo i baggrunden. Derudover er de ogs\u00e5 velegnede til visning af sponsorer ved forskellige konkurrencer samt produktlanceringer og -fremvisninger. Vi har mange \u00e5rs erfaring med levering af dette produkt til kundeevents, bilforhandlere samt produkt- og varem\u00e6rkedemonstrationer. F\u00f8lg os p\u00e5<span class=\"apple-converted-space\">\u00a0<\/span><\/span><span lang=\"DA\"><a href=\"https:\/\/www.instagram.com\/gigantprint\/\"><i>Instagram<\/i><\/a><\/span><span lang=\"DA\">!<\/span><\/p>\n<p><span class=\"fet\"><span lang=\"DA\">Bannerv\u00e6ggen har indbyggede v\u00e6gte af hensyn til stabiliteten. Det tager kun et par minutter at samle den.<\/span><\/span><span lang=\"DA\">\u00a0En let h\u00e5ndterlig og kompakt l\u00f8sning, n\u00e5r den transporteres usamlet. Billedet vikles rundt om de robuste glasfiberr\u00f8r.\u00a0K\u00f8b eventuelt en<span class=\"fet\">\u00a0taske, der passer til, med sn\u00f8relukning og hank. Selve bannerstanderen er let, men samtidig meget robust, da den er fremstillet af tre lag st\u00e6rk glasfiber. Alle sorte plastbeslag er fremstillet af h\u00e5rd plast, der t\u00e5ler st\u00f8d og lidt h\u00e5rdh\u00e6ndet behandling. Det er en fordel, hvis disse skiltesystemer skal flyttes rundt, s\u00e6ttes frem, stilles v\u00e6k og m\u00e5ske ogs\u00e5 transporteres.\u00a0<\/span><\/span><\/p>\n<p><span lang=\"DA\">Bannerstativ \u2013 EXL Event er en god og billig l\u00f8sning til ops\u00e6tning af bannere. Hvis I har brug for andre bannere, har vi flere l\u00f8sninger. Se dem p\u00e5 denne<span class=\"apple-converted-space\">\u00a0<\/span><\/span><span lang=\"DA\"><a href=\"https:\/\/www.gdirekt.se\/produkt-kategori\/banderoller\/\"><i>side.<\/i><\/a><\/span><i><\/i><\/p>\n<p>&nbsp;<\/p>\n","protected":false},"excerpt":{"rendered":"<p>Bannerstativ \u2013 EXL Event er en stabil billedv\u00e6g til sportskonkurrencer, messer og events. Samles let med hurtige samleanordninger.\u00a0 Et slidst\u00e6rkt banner, der b\u00e5de kan bruges indend\u00f8rs og udend\u00f8rs, er inkluderet i prisen. V\u00e6lg mellem tre st\u00f8rrelser.<\/p>\n","protected":false},"featured_media":8251,"template":"","meta":{"_acf_changed":false},"product_brand":[],"product_cat":[372,375,356],"product_tag":[],"class_list":{"0":"post-9409","1":"product","2":"type-product","3":"status-publish","4":"has-post-thumbnail","6":"product_cat-display-skilteholdere-skiltestander","7":"product_cat-messevaegge-og-displaysystemer","8":"product_cat-udendoersskilte-og-expo","9":"product_shipping_class-180sek","11":"first","12":"instock","13":"taxable","14":"shipping-taxable","15":"purchasable","16":"product-type-variable","17":"has-default-attributes"},"exclude_global_add_ons":[],"addons":[],"acf":[],"yoast_head":"<!-- This site is optimized with the Yoast SEO plugin v27.2 - https:\/\/yoast.com\/product\/yoast-seo-wordpress\/ -->\n<title>Bannerstativ \u2013 EXL Event med eget print og god pris | Gdirekt.se<\/title>\n<meta name=\"description\" content=\"Bannerstativ \u2013 EXL Event er en stabil billedv\u00e6g til sportskonkurrencer, messer og events. Banneret med eget tryk er inkluderet i messesystemet, der kan bruges b\u00e5de indend\u00f8rs og udend\u00f8rs. Den trykte fotov\u00e6g med tekst, billeder og logo er naturligvis af optimal kvalitet og hurtig at s\u00e6tte op.\" \/>\n<meta name=\"robots\" content=\"index, follow, max-snippet:-1, max-image-preview:large, max-video-preview:-1\" \/>\n<link rel=\"canonical\" href=\"https:\/\/www.gdirekt.se\/da\/produkt\/bannerstativ-exl-event\/\" \/>\n<meta property=\"og:locale\" content=\"da_DK\" \/>\n<meta property=\"og:type\" content=\"article\" \/>\n<meta property=\"og:title\" content=\"Bannerstativ \u2013 EXL Event med eget print og god pris | Gdirekt.se\" \/>\n<meta property=\"og:description\" content=\"Bannerstativ \u2013 EXL Event er en stabil billedv\u00e6g til sportskonkurrencer, messer og events. Banneret med eget tryk er inkluderet i messesystemet, der kan bruges b\u00e5de indend\u00f8rs og udend\u00f8rs. Den trykte fotov\u00e6g med tekst, billeder og logo er naturligvis af optimal kvalitet og hurtig at s\u00e6tte op.\" \/>\n<meta property=\"og:url\" content=\"https:\/\/www.gdirekt.se\/da\/produkt\/bannerstativ-exl-event\/\" \/>\n<meta property=\"og:site_name\" content=\"Gdirekt.se\" \/>\n<meta property=\"article:modified_time\" content=\"2019-01-16T14:06:16+00:00\" \/>\n<meta property=\"og:image\" content=\"https:\/\/www.gdirekt.se\/wp-content\/uploads\/EXL-Event-2.png\" \/>\n\t<meta property=\"og:image:width\" content=\"1000\" \/>\n\t<meta property=\"og:image:height\" content=\"1000\" \/>\n\t<meta property=\"og:image:type\" content=\"image\/png\" \/>\n<meta name=\"twitter:card\" content=\"summary_large_image\" \/>\n<meta name=\"twitter:label1\" content=\"Estimeret l\u00e6setid\" \/>\n\t<meta name=\"twitter:data1\" content=\"2 minutter\" \/>\n<script type=\"application\/ld+json\" class=\"yoast-schema-graph\">{\"@context\":\"https:\/\/schema.org\",\"@graph\":[{\"@type\":\"WebPage\",\"@id\":\"https:\/\/www.gdirekt.se\/da\/produkt\/bannerstativ-exl-event\/\",\"url\":\"https:\/\/www.gdirekt.se\/da\/produkt\/bannerstativ-exl-event\/\",\"name\":\"Bannerstativ \u2013 EXL Event med eget print og god pris | Gdirekt.se\",\"isPartOf\":{\"@id\":\"https:\/\/www.gdirekt.se\/#website\"},\"primaryImageOfPage\":{\"@id\":\"https:\/\/www.gdirekt.se\/da\/produkt\/bannerstativ-exl-event\/#primaryimage\"},\"image\":{\"@id\":\"https:\/\/www.gdirekt.se\/da\/produkt\/bannerstativ-exl-event\/#primaryimage\"},\"thumbnailUrl\":\"https:\/\/www.gdirekt.se\/wp-content\/uploads\/EXL-Event-2.png\",\"datePublished\":\"2016-12-06T14:41:08+00:00\",\"dateModified\":\"2019-01-16T14:06:16+00:00\",\"description\":\"Bannerstativ \u2013 EXL Event er en stabil billedv\u00e6g til sportskonkurrencer, messer og events. Banneret med eget tryk er inkluderet i messesystemet, der kan bruges b\u00e5de indend\u00f8rs og udend\u00f8rs. Den trykte fotov\u00e6g med tekst, billeder og logo er naturligvis af optimal kvalitet og hurtig at s\u00e6tte op.\",\"breadcrumb\":{\"@id\":\"https:\/\/www.gdirekt.se\/da\/produkt\/bannerstativ-exl-event\/#breadcrumb\"},\"inLanguage\":\"da-DK\",\"potentialAction\":[{\"@type\":\"ReadAction\",\"target\":[\"https:\/\/www.gdirekt.se\/da\/produkt\/bannerstativ-exl-event\/\"]}]},{\"@type\":\"ImageObject\",\"inLanguage\":\"da-DK\",\"@id\":\"https:\/\/www.gdirekt.se\/da\/produkt\/bannerstativ-exl-event\/#primaryimage\",\"url\":\"https:\/\/www.gdirekt.se\/wp-content\/uploads\/EXL-Event-2.png\",\"contentUrl\":\"https:\/\/www.gdirekt.se\/wp-content\/uploads\/EXL-Event-2.png\",\"width\":1000,\"height\":1000,\"caption\":\"Banner v\u00e6g som er let at montere\"},{\"@type\":\"BreadcrumbList\",\"@id\":\"https:\/\/www.gdirekt.se\/da\/produkt\/bannerstativ-exl-event\/#breadcrumb\",\"itemListElement\":[{\"@type\":\"ListItem\",\"position\":1,\"name\":\"Hem\",\"item\":\"https:\/\/www.gdirekt.se\/da\/\"},{\"@type\":\"ListItem\",\"position\":2,\"name\":\"Start\",\"item\":\"https:\/\/www.gdirekt.se\/da\/\"},{\"@type\":\"ListItem\",\"position\":3,\"name\":\"Bannerstativ \u2013 EXL Event\"}]},{\"@type\":\"WebSite\",\"@id\":\"https:\/\/www.gdirekt.se\/#website\",\"url\":\"https:\/\/www.gdirekt.se\/\",\"name\":\"Gdirekt.se\",\"description\":\"Tryck snabbt \u00e5 l\u00e4tt = Gdirekt\",\"potentialAction\":[{\"@type\":\"SearchAction\",\"target\":{\"@type\":\"EntryPoint\",\"urlTemplate\":\"https:\/\/www.gdirekt.se\/?s={search_term_string}\"},\"query-input\":{\"@type\":\"PropertyValueSpecification\",\"valueRequired\":true,\"valueName\":\"search_term_string\"}}],\"inLanguage\":\"da-DK\"}]}<\/script>\n<!-- \/ Yoast SEO plugin. -->","yoast_head_json":{"title":"Bannerstativ \u2013 EXL Event med eget print og god pris | Gdirekt.se","description":"Bannerstativ \u2013 EXL Event er en stabil billedv\u00e6g til sportskonkurrencer, messer og events. Banneret med eget tryk er inkluderet i messesystemet, der kan bruges b\u00e5de indend\u00f8rs og udend\u00f8rs. Den trykte fotov\u00e6g med tekst, billeder og logo er naturligvis af optimal kvalitet og hurtig at s\u00e6tte op.","robots":{"index":"index","follow":"follow","max-snippet":"max-snippet:-1","max-image-preview":"max-image-preview:large","max-video-preview":"max-video-preview:-1"},"canonical":"https:\/\/www.gdirekt.se\/da\/produkt\/bannerstativ-exl-event\/","og_locale":"da_DK","og_type":"article","og_title":"Bannerstativ \u2013 EXL Event med eget print og god pris | Gdirekt.se","og_description":"Bannerstativ \u2013 EXL Event er en stabil billedv\u00e6g til sportskonkurrencer, messer og events. Banneret med eget tryk er inkluderet i messesystemet, der kan bruges b\u00e5de indend\u00f8rs og udend\u00f8rs. Den trykte fotov\u00e6g med tekst, billeder og logo er naturligvis af optimal kvalitet og hurtig at s\u00e6tte op.","og_url":"https:\/\/www.gdirekt.se\/da\/produkt\/bannerstativ-exl-event\/","og_site_name":"Gdirekt.se","article_modified_time":"2019-01-16T14:06:16+00:00","og_image":[{"width":1000,"height":1000,"url":"https:\/\/www.gdirekt.se\/wp-content\/uploads\/EXL-Event-2.png","type":"image\/png"}],"twitter_card":"summary_large_image","twitter_misc":{"Estimeret l\u00e6setid":"2 minutter"},"schema":{"@context":"https:\/\/schema.org","@graph":[{"@type":"WebPage","@id":"https:\/\/www.gdirekt.se\/da\/produkt\/bannerstativ-exl-event\/","url":"https:\/\/www.gdirekt.se\/da\/produkt\/bannerstativ-exl-event\/","name":"Bannerstativ \u2013 EXL Event med eget print og god pris | Gdirekt.se","isPartOf":{"@id":"https:\/\/www.gdirekt.se\/#website"},"primaryImageOfPage":{"@id":"https:\/\/www.gdirekt.se\/da\/produkt\/bannerstativ-exl-event\/#primaryimage"},"image":{"@id":"https:\/\/www.gdirekt.se\/da\/produkt\/bannerstativ-exl-event\/#primaryimage"},"thumbnailUrl":"https:\/\/www.gdirekt.se\/wp-content\/uploads\/EXL-Event-2.png","datePublished":"2016-12-06T14:41:08+00:00","dateModified":"2019-01-16T14:06:16+00:00","description":"Bannerstativ \u2013 EXL Event er en stabil billedv\u00e6g til sportskonkurrencer, messer og events. Banneret med eget tryk er inkluderet i messesystemet, der kan bruges b\u00e5de indend\u00f8rs og udend\u00f8rs. Den trykte fotov\u00e6g med tekst, billeder og logo er naturligvis af optimal kvalitet og hurtig at s\u00e6tte op.","breadcrumb":{"@id":"https:\/\/www.gdirekt.se\/da\/produkt\/bannerstativ-exl-event\/#breadcrumb"},"inLanguage":"da-DK","potentialAction":[{"@type":"ReadAction","target":["https:\/\/www.gdirekt.se\/da\/produkt\/bannerstativ-exl-event\/"]}]},{"@type":"ImageObject","inLanguage":"da-DK","@id":"https:\/\/www.gdirekt.se\/da\/produkt\/bannerstativ-exl-event\/#primaryimage","url":"https:\/\/www.gdirekt.se\/wp-content\/uploads\/EXL-Event-2.png","contentUrl":"https:\/\/www.gdirekt.se\/wp-content\/uploads\/EXL-Event-2.png","width":1000,"height":1000,"caption":"Banner v\u00e6g som er let at montere"},{"@type":"BreadcrumbList","@id":"https:\/\/www.gdirekt.se\/da\/produkt\/bannerstativ-exl-event\/#breadcrumb","itemListElement":[{"@type":"ListItem","position":1,"name":"Hem","item":"https:\/\/www.gdirekt.se\/da\/"},{"@type":"ListItem","position":2,"name":"Start","item":"https:\/\/www.gdirekt.se\/da\/"},{"@type":"ListItem","position":3,"name":"Bannerstativ \u2013 EXL Event"}]},{"@type":"WebSite","@id":"https:\/\/www.gdirekt.se\/#website","url":"https:\/\/www.gdirekt.se\/","name":"Gdirekt.se","description":"Tryck snabbt \u00e5 l\u00e4tt = Gdirekt","potentialAction":[{"@type":"SearchAction","target":{"@type":"EntryPoint","urlTemplate":"https:\/\/www.gdirekt.se\/?s={search_term_string}"},"query-input":{"@type":"PropertyValueSpecification","valueRequired":true,"valueName":"search_term_string"}}],"inLanguage":"da-DK"}]}},"_links":{"self":[{"href":"https:\/\/www.gdirekt.se\/da\/wp-json\/wp\/v2\/product\/9409","targetHints":{"allow":["GET"]}}],"collection":[{"href":"https:\/\/www.gdirekt.se\/da\/wp-json\/wp\/v2\/product"}],"about":[{"href":"https:\/\/www.gdirekt.se\/da\/wp-json\/wp\/v2\/types\/product"}],"wp:featuredmedia":[{"embeddable":true,"href":"https:\/\/www.gdirekt.se\/da\/wp-json\/wp\/v2\/media\/8251"}],"wp:attachment":[{"href":"https:\/\/www.gdirekt.se\/da\/wp-json\/wp\/v2\/media?parent=9409"}],"wp:term":[{"taxonomy":"product_brand","embeddable":true,"href":"https:\/\/www.gdirekt.se\/da\/wp-json\/wp\/v2\/product_brand?post=9409"},{"taxonomy":"product_cat","embeddable":true,"href":"https:\/\/www.gdirekt.se\/da\/wp-json\/wp\/v2\/product_cat?post=9409"},{"taxonomy":"product_tag","embeddable":true,"href":"https:\/\/www.gdirekt.se\/da\/wp-json\/wp\/v2\/product_tag?post=9409"}],"curies":[{"name":"wp","href":"https:\/\/api.w.org\/{rel}","templated":true}]}}