{"id":9408,"date":"2017-02-15T10:46:36","date_gmt":"2017-02-15T09:46:36","guid":{"rendered":"http:\/\/gdirekt.hamstage.hamrenmedia.se\/produkt\/taske-med-hjul-til-popup-stofvaeg\/"},"modified":"2024-02-01T09:33:54","modified_gmt":"2024-02-01T08:33:54","slug":"taske-med-hjul-til-popup-stofvaeg","status":"publish","type":"product","link":"https:\/\/www.gdirekt.se\/da\/produkt\/taske-med-hjul-til-popup-stofvaeg\/","title":{"rendered":"Taske med hjul til popup-stofv\u00e6g"},"content":{"rendered":"<p>Tasken med hjul til popup-stofv\u00e6g er en sort kraftig taske i slidst\u00e6rkt og vandt\u00e6t nylon. Smart\u00a0til opbevaring og transport af jeres stofsystem til messen. En slidst\u00e6rk og mere solid taske med h\u00e5ndtag og hjul. Tasken rummer en stofstander med billedbanner.\u00a0Se alle vores\u00a0<a href=\"https:\/\/www.gdirekt.se\/produkt-kategori\/massvaggar-och-montersystem\/\"><strong><em>messev\u00e6gge med tryk<\/em><\/strong><\/a>! St\u00f8rrelsen p\u00e5 denne taske er 29 x 29 x 85 cm.<\/p>\n","protected":false},"excerpt":{"rendered":"<p><span lang=\"DA\">Taske med hjul til popup-stofv\u00e6g. En slidst\u00e6rk taske med h\u00e5ndtag og hjul, som rummer messesystemet og stofbilledet.\u00a0<\/span>St\u00f8rrelsen p\u00e5 denne taske er 29x29x85 cm.<\/p>\n","protected":false},"featured_media":8534,"template":"","meta":{"_acf_changed":false},"product_brand":[],"product_cat":[373,380],"product_tag":[],"class_list":{"0":"post-9408","1":"product","2":"type-product","3":"status-publish","4":"has-post-thumbnail","6":"product_cat-skranker-podie-messebord","7":"product_cat-tekstiltryk-og-scenetaepper","8":"product_shipping_class-180sek","10":"first","11":"instock","12":"taxable","13":"shipping-taxable","14":"purchasable","15":"product-type-simple"},"exclude_global_add_ons":[],"addons":[],"acf":[],"yoast_head":"<!-- This site is optimized with the Yoast SEO plugin v27.2 - https:\/\/yoast.com\/product\/yoast-seo-wordpress\/ -->\n<title>Taske med hjul til popup-stofv\u00e6g til messer, arrangementer og butikker | Gdirekt.se<\/title>\n<meta name=\"description\" content=\"Taske med hjul til popup-stofv\u00e6g. En slidst\u00e6rk taske med h\u00e5ndtag og hjul, som rummer messesystemet og stofbilledet. Smart m\u00e5de at transportere grej til messen og eventen samt fremvisninger.\" \/>\n<meta name=\"robots\" content=\"index, follow, max-snippet:-1, max-image-preview:large, max-video-preview:-1\" \/>\n<link rel=\"canonical\" href=\"https:\/\/www.gdirekt.se\/da\/produkt\/taske-med-hjul-til-popup-stofvaeg\/\" \/>\n<meta property=\"og:locale\" content=\"da_DK\" \/>\n<meta property=\"og:type\" content=\"article\" \/>\n<meta property=\"og:title\" content=\"Taske med hjul til popup-stofv\u00e6g til messer, arrangementer og butikker | Gdirekt.se\" \/>\n<meta property=\"og:description\" content=\"Taske med hjul til popup-stofv\u00e6g. En slidst\u00e6rk taske med h\u00e5ndtag og hjul, som rummer messesystemet og stofbilledet. Smart m\u00e5de at transportere grej til messen og eventen samt fremvisninger.\" \/>\n<meta property=\"og:url\" content=\"https:\/\/www.gdirekt.se\/da\/produkt\/taske-med-hjul-til-popup-stofvaeg\/\" \/>\n<meta property=\"og:site_name\" content=\"Gdirekt.se\" \/>\n<meta property=\"article:modified_time\" content=\"2024-02-01T08:33:54+00:00\" \/>\n<meta property=\"og:image\" content=\"https:\/\/www.gdirekt.se\/wp-content\/uploads\/popup_bag.png\" \/>\n\t<meta property=\"og:image:width\" content=\"1000\" \/>\n\t<meta property=\"og:image:height\" content=\"1000\" \/>\n\t<meta property=\"og:image:type\" content=\"image\/png\" \/>\n<meta name=\"twitter:card\" content=\"summary_large_image\" \/>\n<script type=\"application\/ld+json\" class=\"yoast-schema-graph\">{\"@context\":\"https:\/\/schema.org\",\"@graph\":[{\"@type\":\"WebPage\",\"@id\":\"https:\/\/www.gdirekt.se\/da\/produkt\/taske-med-hjul-til-popup-stofvaeg\/\",\"url\":\"https:\/\/www.gdirekt.se\/da\/produkt\/taske-med-hjul-til-popup-stofvaeg\/\",\"name\":\"Taske med hjul til popup-stofv\u00e6g til messer, arrangementer og butikker | Gdirekt.se\",\"isPartOf\":{\"@id\":\"https:\/\/www.gdirekt.se\/#website\"},\"primaryImageOfPage\":{\"@id\":\"https:\/\/www.gdirekt.se\/da\/produkt\/taske-med-hjul-til-popup-stofvaeg\/#primaryimage\"},\"image\":{\"@id\":\"https:\/\/www.gdirekt.se\/da\/produkt\/taske-med-hjul-til-popup-stofvaeg\/#primaryimage\"},\"thumbnailUrl\":\"https:\/\/www.gdirekt.se\/wp-content\/uploads\/popup_bag.png\",\"datePublished\":\"2017-02-15T09:46:36+00:00\",\"dateModified\":\"2024-02-01T08:33:54+00:00\",\"description\":\"Taske med hjul til popup-stofv\u00e6g. En slidst\u00e6rk taske med h\u00e5ndtag og hjul, som rummer messesystemet og stofbilledet. Smart m\u00e5de at transportere grej til messen og eventen samt fremvisninger.\",\"breadcrumb\":{\"@id\":\"https:\/\/www.gdirekt.se\/da\/produkt\/taske-med-hjul-til-popup-stofvaeg\/#breadcrumb\"},\"inLanguage\":\"da-DK\",\"potentialAction\":[{\"@type\":\"ReadAction\",\"target\":[\"https:\/\/www.gdirekt.se\/da\/produkt\/taske-med-hjul-til-popup-stofvaeg\/\"]}]},{\"@type\":\"ImageObject\",\"inLanguage\":\"da-DK\",\"@id\":\"https:\/\/www.gdirekt.se\/da\/produkt\/taske-med-hjul-til-popup-stofvaeg\/#primaryimage\",\"url\":\"https:\/\/www.gdirekt.se\/wp-content\/uploads\/popup_bag.png\",\"contentUrl\":\"https:\/\/www.gdirekt.se\/wp-content\/uploads\/popup_bag.png\",\"width\":1000,\"height\":1000,\"caption\":\"Transportv\u00e4ska til popup-stofv\u00e6g\"},{\"@type\":\"BreadcrumbList\",\"@id\":\"https:\/\/www.gdirekt.se\/da\/produkt\/taske-med-hjul-til-popup-stofvaeg\/#breadcrumb\",\"itemListElement\":[{\"@type\":\"ListItem\",\"position\":1,\"name\":\"Hem\",\"item\":\"https:\/\/www.gdirekt.se\/da\/\"},{\"@type\":\"ListItem\",\"position\":2,\"name\":\"Start\",\"item\":\"https:\/\/www.gdirekt.se\/da\/\"},{\"@type\":\"ListItem\",\"position\":3,\"name\":\"Taske med hjul til popup-stofv\u00e6g\"}]},{\"@type\":\"WebSite\",\"@id\":\"https:\/\/www.gdirekt.se\/#website\",\"url\":\"https:\/\/www.gdirekt.se\/\",\"name\":\"Gdirekt.se\",\"description\":\"Tryck snabbt \u00e5 l\u00e4tt = Gdirekt\",\"potentialAction\":[{\"@type\":\"SearchAction\",\"target\":{\"@type\":\"EntryPoint\",\"urlTemplate\":\"https:\/\/www.gdirekt.se\/?s={search_term_string}\"},\"query-input\":{\"@type\":\"PropertyValueSpecification\",\"valueRequired\":true,\"valueName\":\"search_term_string\"}}],\"inLanguage\":\"da-DK\"}]}<\/script>\n<!-- \/ Yoast SEO plugin. -->","yoast_head_json":{"title":"Taske med hjul til popup-stofv\u00e6g til messer, arrangementer og butikker | Gdirekt.se","description":"Taske med hjul til popup-stofv\u00e6g. En slidst\u00e6rk taske med h\u00e5ndtag og hjul, som rummer messesystemet og stofbilledet. Smart m\u00e5de at transportere grej til messen og eventen samt fremvisninger.","robots":{"index":"index","follow":"follow","max-snippet":"max-snippet:-1","max-image-preview":"max-image-preview:large","max-video-preview":"max-video-preview:-1"},"canonical":"https:\/\/www.gdirekt.se\/da\/produkt\/taske-med-hjul-til-popup-stofvaeg\/","og_locale":"da_DK","og_type":"article","og_title":"Taske med hjul til popup-stofv\u00e6g til messer, arrangementer og butikker | Gdirekt.se","og_description":"Taske med hjul til popup-stofv\u00e6g. En slidst\u00e6rk taske med h\u00e5ndtag og hjul, som rummer messesystemet og stofbilledet. Smart m\u00e5de at transportere grej til messen og eventen samt fremvisninger.","og_url":"https:\/\/www.gdirekt.se\/da\/produkt\/taske-med-hjul-til-popup-stofvaeg\/","og_site_name":"Gdirekt.se","article_modified_time":"2024-02-01T08:33:54+00:00","og_image":[{"width":1000,"height":1000,"url":"https:\/\/www.gdirekt.se\/wp-content\/uploads\/popup_bag.png","type":"image\/png"}],"twitter_card":"summary_large_image","schema":{"@context":"https:\/\/schema.org","@graph":[{"@type":"WebPage","@id":"https:\/\/www.gdirekt.se\/da\/produkt\/taske-med-hjul-til-popup-stofvaeg\/","url":"https:\/\/www.gdirekt.se\/da\/produkt\/taske-med-hjul-til-popup-stofvaeg\/","name":"Taske med hjul til popup-stofv\u00e6g til messer, arrangementer og butikker | Gdirekt.se","isPartOf":{"@id":"https:\/\/www.gdirekt.se\/#website"},"primaryImageOfPage":{"@id":"https:\/\/www.gdirekt.se\/da\/produkt\/taske-med-hjul-til-popup-stofvaeg\/#primaryimage"},"image":{"@id":"https:\/\/www.gdirekt.se\/da\/produkt\/taske-med-hjul-til-popup-stofvaeg\/#primaryimage"},"thumbnailUrl":"https:\/\/www.gdirekt.se\/wp-content\/uploads\/popup_bag.png","datePublished":"2017-02-15T09:46:36+00:00","dateModified":"2024-02-01T08:33:54+00:00","description":"Taske med hjul til popup-stofv\u00e6g. En slidst\u00e6rk taske med h\u00e5ndtag og hjul, som rummer messesystemet og stofbilledet. Smart m\u00e5de at transportere grej til messen og eventen samt fremvisninger.","breadcrumb":{"@id":"https:\/\/www.gdirekt.se\/da\/produkt\/taske-med-hjul-til-popup-stofvaeg\/#breadcrumb"},"inLanguage":"da-DK","potentialAction":[{"@type":"ReadAction","target":["https:\/\/www.gdirekt.se\/da\/produkt\/taske-med-hjul-til-popup-stofvaeg\/"]}]},{"@type":"ImageObject","inLanguage":"da-DK","@id":"https:\/\/www.gdirekt.se\/da\/produkt\/taske-med-hjul-til-popup-stofvaeg\/#primaryimage","url":"https:\/\/www.gdirekt.se\/wp-content\/uploads\/popup_bag.png","contentUrl":"https:\/\/www.gdirekt.se\/wp-content\/uploads\/popup_bag.png","width":1000,"height":1000,"caption":"Transportv\u00e4ska til popup-stofv\u00e6g"},{"@type":"BreadcrumbList","@id":"https:\/\/www.gdirekt.se\/da\/produkt\/taske-med-hjul-til-popup-stofvaeg\/#breadcrumb","itemListElement":[{"@type":"ListItem","position":1,"name":"Hem","item":"https:\/\/www.gdirekt.se\/da\/"},{"@type":"ListItem","position":2,"name":"Start","item":"https:\/\/www.gdirekt.se\/da\/"},{"@type":"ListItem","position":3,"name":"Taske med hjul til popup-stofv\u00e6g"}]},{"@type":"WebSite","@id":"https:\/\/www.gdirekt.se\/#website","url":"https:\/\/www.gdirekt.se\/","name":"Gdirekt.se","description":"Tryck snabbt \u00e5 l\u00e4tt = Gdirekt","potentialAction":[{"@type":"SearchAction","target":{"@type":"EntryPoint","urlTemplate":"https:\/\/www.gdirekt.se\/?s={search_term_string}"},"query-input":{"@type":"PropertyValueSpecification","valueRequired":true,"valueName":"search_term_string"}}],"inLanguage":"da-DK"}]}},"_links":{"self":[{"href":"https:\/\/www.gdirekt.se\/da\/wp-json\/wp\/v2\/product\/9408","targetHints":{"allow":["GET"]}}],"collection":[{"href":"https:\/\/www.gdirekt.se\/da\/wp-json\/wp\/v2\/product"}],"about":[{"href":"https:\/\/www.gdirekt.se\/da\/wp-json\/wp\/v2\/types\/product"}],"wp:featuredmedia":[{"embeddable":true,"href":"https:\/\/www.gdirekt.se\/da\/wp-json\/wp\/v2\/media\/8534"}],"wp:attachment":[{"href":"https:\/\/www.gdirekt.se\/da\/wp-json\/wp\/v2\/media?parent=9408"}],"wp:term":[{"taxonomy":"product_brand","embeddable":true,"href":"https:\/\/www.gdirekt.se\/da\/wp-json\/wp\/v2\/product_brand?post=9408"},{"taxonomy":"product_cat","embeddable":true,"href":"https:\/\/www.gdirekt.se\/da\/wp-json\/wp\/v2\/product_cat?post=9408"},{"taxonomy":"product_tag","embeddable":true,"href":"https:\/\/www.gdirekt.se\/da\/wp-json\/wp\/v2\/product_tag?post=9408"}],"curies":[{"name":"wp","href":"https:\/\/api.w.org\/{rel}","templated":true}]}}