{"id":9400,"date":"2016-11-16T16:19:50","date_gmt":"2016-11-16T15:19:50","guid":{"rendered":"http:\/\/gdirekt.hamstage.hamrenmedia.se\/produkt\/stor-messeskranke-iso-bar\/"},"modified":"2018-10-29T16:17:19","modified_gmt":"2018-10-29T15:17:19","slug":"stor-messeskranke-iso-bar","status":"publish","type":"product","link":"https:\/\/www.gdirekt.se\/da\/produkt\/stor-messeskranke-iso-bar\/","title":{"rendered":"Stor messeskranke ISO bar"},"content":{"rendered":"<p><span lang=\"DA\">Stor messeskranke ISO bar er en skranke i h\u00f8j kvalitet til receptionen, messen eller eventen! S\u00e6lges i sektioner med 30 graders b\u00f8jning. Billedet viser 7 styk, der er sat sammen. V\u00e6lg antal sektioner ovenfor. Hver del er 79 cm bred, 105 cm h\u00f8j og 53,5 cm dyb. Ofte er de almindelige messepodier ganske sm\u00e5 og tilpassede. Vil man bygge en stor skranke til en messe eller til en indgang, er ISO bar et godt alternativ. Denne skranke kan ogs\u00e5 bestilles som en hel rund cirkel. Der f\u00e5s s\u00e5 to alternativer, hvor den ene har en \u00e5bning p\u00e5 ca. 70 cm, og den anden store runde skranke er helt lukket.<\/span><\/p>\n<p><span lang=\"DA\">Disse store displayskranker kan ogs\u00e5 anvendes som receptionsskranker. De giver et flot indtryk, idet prisen inkluderer en trykt billedsuite, som let kan skiftes ud. Fordelen er, at man kan udskifte billederne, og dermed bliver det en hel ny skranke. Billedpanelerne er beskyttelseslaminerede med et efterf\u00f8lgende blockout-lag, s\u00e5 man ikke kan se igennem.<\/span><\/p>\n<p><span lang=\"DA\">ISO bar-skrankerne er fremstillet til reel belastning og klarer uden problemer en v\u00e6gt p\u00e5 op til 75 kg. Billedet ovenfor viser syv sektioner, som er sat sammen.\u00a0ISO bar-sektionerne h\u00e6gtes nemt sammen i en r\u00e6kke kombinationer og kan hurtigt \u00e6ndres, n\u00e5r nye behov opst\u00e5r. Her kan I se en<span class=\"apple-converted-space\">\u00a0<\/span><\/span><span lang=\"DA\"><a href=\"https:\/\/www.youtube.com\/watch?time_continue=3&amp;v=p4FeO7XLVhM\"><b><i>monteringsvideo om<\/i><\/b><\/a><\/span><span lang=\"DA\">opstillingen af denne store displayskranke. Den kan bruges til messer, i receptioner eller til fremvisninger samt produktlanceringer.<\/span><\/p>\n<p><span lang=\"DA\">Stor messeskranke ISO bar leveres fladt i specialpapkasser. Og skal budskaberne udskiftes p\u00e5 panelerne, er det enkelt, da de blot h\u00e6fter med en smart magnetl\u00f8sning. Se alle vores messediske p\u00e5 dette<span class=\"apple-converted-space\">\u00a0<\/span><\/span><span lang=\"DA\"><a href=\"https:\/\/www.gdirekt.se\/produkt-kategori\/diskar-podium-massbord\/\"><b><i>link<\/i><\/b><\/a><\/span><span lang=\"DA\">!<\/span><\/p>\n","protected":false},"excerpt":{"rendered":"<p><span lang=\"DA\">Stor messeskranke ISO bar er en buet skranke i h\u00f8j kvalitet til receptionen, messen eller eventen! F\u00e5s i sektioner med 30 grader. Hver del er 79 cm bred, 105 cm h\u00f8j og 53,5 cm dyb. Billedet viser 7 stk, v\u00e6lg nummeret nedenfor. Der kr\u00e6ves ingen v\u00e6rkt\u00f8jer til nem installation.<\/span><\/p>\n","protected":false},"featured_media":8203,"template":"","meta":{"_acf_changed":false},"product_brand":[],"product_cat":[373],"product_tag":[],"class_list":{"0":"post-9400","1":"product","2":"type-product","3":"status-publish","4":"has-post-thumbnail","6":"product_cat-skranker-podie-messebord","7":"product_shipping_class-690kr","9":"first","10":"instock","11":"taxable","12":"shipping-taxable","13":"purchasable","14":"product-type-variable","15":"has-default-attributes"},"exclude_global_add_ons":[],"addons":[],"acf":[],"yoast_head":"<!-- This site is optimized with the Yoast SEO plugin v27.2 - https:\/\/yoast.com\/product\/yoast-seo-wordpress\/ -->\n<title>Stor messeskranke ISO bar til reception og messer | Gdirekt.se<\/title>\n<meta name=\"description\" content=\"Stor messeskranke ISO bar er en buet skranke i h\u00f8j kvalitet til receptionen, messen eller eventen! F\u00e5s i sektioner med 30 grader, som s\u00e6ttes sammen til en lang skranke. Kan bestilles som en helt rund skranke. Trykte billedpaneler er inkluderet i prisen. Billedpanelet kan let udskiftes.\" \/>\n<meta name=\"robots\" content=\"index, follow, max-snippet:-1, max-image-preview:large, max-video-preview:-1\" \/>\n<link rel=\"canonical\" href=\"https:\/\/www.gdirekt.se\/da\/produkt\/stor-messeskranke-iso-bar\/\" \/>\n<meta property=\"og:locale\" content=\"da_DK\" \/>\n<meta property=\"og:type\" content=\"article\" \/>\n<meta property=\"og:title\" content=\"Stor messeskranke ISO bar til reception og messer | Gdirekt.se\" \/>\n<meta property=\"og:description\" content=\"Stor messeskranke ISO bar er en buet skranke i h\u00f8j kvalitet til receptionen, messen eller eventen! F\u00e5s i sektioner med 30 grader, som s\u00e6ttes sammen til en lang skranke. Kan bestilles som en helt rund skranke. Trykte billedpaneler er inkluderet i prisen. Billedpanelet kan let udskiftes.\" \/>\n<meta property=\"og:url\" content=\"https:\/\/www.gdirekt.se\/da\/produkt\/stor-messeskranke-iso-bar\/\" \/>\n<meta property=\"og:site_name\" content=\"Gdirekt.se\" \/>\n<meta property=\"article:modified_time\" content=\"2018-10-29T15:17:19+00:00\" \/>\n<meta property=\"og:image\" content=\"https:\/\/www.gdirekt.se\/wp-content\/uploads\/Isobar_massdisk.png\" \/>\n\t<meta property=\"og:image:width\" content=\"1000\" \/>\n\t<meta property=\"og:image:height\" content=\"1000\" \/>\n\t<meta property=\"og:image:type\" content=\"image\/png\" \/>\n<meta name=\"twitter:card\" content=\"summary_large_image\" \/>\n<meta name=\"twitter:label1\" content=\"Estimeret l\u00e6setid\" \/>\n\t<meta name=\"twitter:data1\" content=\"1 minut\" \/>\n<script type=\"application\/ld+json\" class=\"yoast-schema-graph\">{\"@context\":\"https:\/\/schema.org\",\"@graph\":[{\"@type\":\"WebPage\",\"@id\":\"https:\/\/www.gdirekt.se\/da\/produkt\/stor-messeskranke-iso-bar\/\",\"url\":\"https:\/\/www.gdirekt.se\/da\/produkt\/stor-messeskranke-iso-bar\/\",\"name\":\"Stor messeskranke ISO bar til reception og messer | Gdirekt.se\",\"isPartOf\":{\"@id\":\"https:\/\/www.gdirekt.se\/#website\"},\"primaryImageOfPage\":{\"@id\":\"https:\/\/www.gdirekt.se\/da\/produkt\/stor-messeskranke-iso-bar\/#primaryimage\"},\"image\":{\"@id\":\"https:\/\/www.gdirekt.se\/da\/produkt\/stor-messeskranke-iso-bar\/#primaryimage\"},\"thumbnailUrl\":\"https:\/\/www.gdirekt.se\/wp-content\/uploads\/Isobar_massdisk.png\",\"datePublished\":\"2016-11-16T15:19:50+00:00\",\"dateModified\":\"2018-10-29T15:17:19+00:00\",\"description\":\"Stor messeskranke ISO bar er en buet skranke i h\u00f8j kvalitet til receptionen, messen eller eventen! F\u00e5s i sektioner med 30 grader, som s\u00e6ttes sammen til en lang skranke. Kan bestilles som en helt rund skranke. Trykte billedpaneler er inkluderet i prisen. Billedpanelet kan let udskiftes.\",\"breadcrumb\":{\"@id\":\"https:\/\/www.gdirekt.se\/da\/produkt\/stor-messeskranke-iso-bar\/#breadcrumb\"},\"inLanguage\":\"da-DK\",\"potentialAction\":[{\"@type\":\"ReadAction\",\"target\":[\"https:\/\/www.gdirekt.se\/da\/produkt\/stor-messeskranke-iso-bar\/\"]}]},{\"@type\":\"ImageObject\",\"inLanguage\":\"da-DK\",\"@id\":\"https:\/\/www.gdirekt.se\/da\/produkt\/stor-messeskranke-iso-bar\/#primaryimage\",\"url\":\"https:\/\/www.gdirekt.se\/wp-content\/uploads\/Isobar_massdisk.png\",\"contentUrl\":\"https:\/\/www.gdirekt.se\/wp-content\/uploads\/Isobar_massdisk.png\",\"width\":1000,\"height\":1000,\"caption\":\"En stor receptionskranke af moduler\"},{\"@type\":\"BreadcrumbList\",\"@id\":\"https:\/\/www.gdirekt.se\/da\/produkt\/stor-messeskranke-iso-bar\/#breadcrumb\",\"itemListElement\":[{\"@type\":\"ListItem\",\"position\":1,\"name\":\"Hem\",\"item\":\"https:\/\/www.gdirekt.se\/da\/\"},{\"@type\":\"ListItem\",\"position\":2,\"name\":\"Start\",\"item\":\"https:\/\/www.gdirekt.se\/da\/\"},{\"@type\":\"ListItem\",\"position\":3,\"name\":\"Stor messeskranke ISO bar\"}]},{\"@type\":\"WebSite\",\"@id\":\"https:\/\/www.gdirekt.se\/#website\",\"url\":\"https:\/\/www.gdirekt.se\/\",\"name\":\"Gdirekt.se\",\"description\":\"Tryck snabbt \u00e5 l\u00e4tt = Gdirekt\",\"potentialAction\":[{\"@type\":\"SearchAction\",\"target\":{\"@type\":\"EntryPoint\",\"urlTemplate\":\"https:\/\/www.gdirekt.se\/?s={search_term_string}\"},\"query-input\":{\"@type\":\"PropertyValueSpecification\",\"valueRequired\":true,\"valueName\":\"search_term_string\"}}],\"inLanguage\":\"da-DK\"}]}<\/script>\n<!-- \/ Yoast SEO plugin. -->","yoast_head_json":{"title":"Stor messeskranke ISO bar til reception og messer | Gdirekt.se","description":"Stor messeskranke ISO bar er en buet skranke i h\u00f8j kvalitet til receptionen, messen eller eventen! F\u00e5s i sektioner med 30 grader, som s\u00e6ttes sammen til en lang skranke. Kan bestilles som en helt rund skranke. Trykte billedpaneler er inkluderet i prisen. Billedpanelet kan let udskiftes.","robots":{"index":"index","follow":"follow","max-snippet":"max-snippet:-1","max-image-preview":"max-image-preview:large","max-video-preview":"max-video-preview:-1"},"canonical":"https:\/\/www.gdirekt.se\/da\/produkt\/stor-messeskranke-iso-bar\/","og_locale":"da_DK","og_type":"article","og_title":"Stor messeskranke ISO bar til reception og messer | Gdirekt.se","og_description":"Stor messeskranke ISO bar er en buet skranke i h\u00f8j kvalitet til receptionen, messen eller eventen! F\u00e5s i sektioner med 30 grader, som s\u00e6ttes sammen til en lang skranke. Kan bestilles som en helt rund skranke. Trykte billedpaneler er inkluderet i prisen. Billedpanelet kan let udskiftes.","og_url":"https:\/\/www.gdirekt.se\/da\/produkt\/stor-messeskranke-iso-bar\/","og_site_name":"Gdirekt.se","article_modified_time":"2018-10-29T15:17:19+00:00","og_image":[{"width":1000,"height":1000,"url":"https:\/\/www.gdirekt.se\/wp-content\/uploads\/Isobar_massdisk.png","type":"image\/png"}],"twitter_card":"summary_large_image","twitter_misc":{"Estimeret l\u00e6setid":"1 minut"},"schema":{"@context":"https:\/\/schema.org","@graph":[{"@type":"WebPage","@id":"https:\/\/www.gdirekt.se\/da\/produkt\/stor-messeskranke-iso-bar\/","url":"https:\/\/www.gdirekt.se\/da\/produkt\/stor-messeskranke-iso-bar\/","name":"Stor messeskranke ISO bar til reception og messer | Gdirekt.se","isPartOf":{"@id":"https:\/\/www.gdirekt.se\/#website"},"primaryImageOfPage":{"@id":"https:\/\/www.gdirekt.se\/da\/produkt\/stor-messeskranke-iso-bar\/#primaryimage"},"image":{"@id":"https:\/\/www.gdirekt.se\/da\/produkt\/stor-messeskranke-iso-bar\/#primaryimage"},"thumbnailUrl":"https:\/\/www.gdirekt.se\/wp-content\/uploads\/Isobar_massdisk.png","datePublished":"2016-11-16T15:19:50+00:00","dateModified":"2018-10-29T15:17:19+00:00","description":"Stor messeskranke ISO bar er en buet skranke i h\u00f8j kvalitet til receptionen, messen eller eventen! F\u00e5s i sektioner med 30 grader, som s\u00e6ttes sammen til en lang skranke. Kan bestilles som en helt rund skranke. Trykte billedpaneler er inkluderet i prisen. Billedpanelet kan let udskiftes.","breadcrumb":{"@id":"https:\/\/www.gdirekt.se\/da\/produkt\/stor-messeskranke-iso-bar\/#breadcrumb"},"inLanguage":"da-DK","potentialAction":[{"@type":"ReadAction","target":["https:\/\/www.gdirekt.se\/da\/produkt\/stor-messeskranke-iso-bar\/"]}]},{"@type":"ImageObject","inLanguage":"da-DK","@id":"https:\/\/www.gdirekt.se\/da\/produkt\/stor-messeskranke-iso-bar\/#primaryimage","url":"https:\/\/www.gdirekt.se\/wp-content\/uploads\/Isobar_massdisk.png","contentUrl":"https:\/\/www.gdirekt.se\/wp-content\/uploads\/Isobar_massdisk.png","width":1000,"height":1000,"caption":"En stor receptionskranke af moduler"},{"@type":"BreadcrumbList","@id":"https:\/\/www.gdirekt.se\/da\/produkt\/stor-messeskranke-iso-bar\/#breadcrumb","itemListElement":[{"@type":"ListItem","position":1,"name":"Hem","item":"https:\/\/www.gdirekt.se\/da\/"},{"@type":"ListItem","position":2,"name":"Start","item":"https:\/\/www.gdirekt.se\/da\/"},{"@type":"ListItem","position":3,"name":"Stor messeskranke ISO bar"}]},{"@type":"WebSite","@id":"https:\/\/www.gdirekt.se\/#website","url":"https:\/\/www.gdirekt.se\/","name":"Gdirekt.se","description":"Tryck snabbt \u00e5 l\u00e4tt = Gdirekt","potentialAction":[{"@type":"SearchAction","target":{"@type":"EntryPoint","urlTemplate":"https:\/\/www.gdirekt.se\/?s={search_term_string}"},"query-input":{"@type":"PropertyValueSpecification","valueRequired":true,"valueName":"search_term_string"}}],"inLanguage":"da-DK"}]}},"_links":{"self":[{"href":"https:\/\/www.gdirekt.se\/da\/wp-json\/wp\/v2\/product\/9400","targetHints":{"allow":["GET"]}}],"collection":[{"href":"https:\/\/www.gdirekt.se\/da\/wp-json\/wp\/v2\/product"}],"about":[{"href":"https:\/\/www.gdirekt.se\/da\/wp-json\/wp\/v2\/types\/product"}],"wp:featuredmedia":[{"embeddable":true,"href":"https:\/\/www.gdirekt.se\/da\/wp-json\/wp\/v2\/media\/8203"}],"wp:attachment":[{"href":"https:\/\/www.gdirekt.se\/da\/wp-json\/wp\/v2\/media?parent=9400"}],"wp:term":[{"taxonomy":"product_brand","embeddable":true,"href":"https:\/\/www.gdirekt.se\/da\/wp-json\/wp\/v2\/product_brand?post=9400"},{"taxonomy":"product_cat","embeddable":true,"href":"https:\/\/www.gdirekt.se\/da\/wp-json\/wp\/v2\/product_cat?post=9400"},{"taxonomy":"product_tag","embeddable":true,"href":"https:\/\/www.gdirekt.se\/da\/wp-json\/wp\/v2\/product_tag?post=9400"}],"curies":[{"name":"wp","href":"https:\/\/api.w.org\/{rel}","templated":true}]}}