{"id":9398,"date":"2016-11-16T13:35:17","date_gmt":"2016-11-16T12:35:17","guid":{"rendered":"http:\/\/gdirekt.hamstage.hamrenmedia.se\/produkt\/rundt-messebord\/"},"modified":"2024-02-01T09:40:47","modified_gmt":"2024-02-01T08:40:47","slug":"rundt-messebord","status":"publish","type":"product","link":"https:\/\/www.gdirekt.se\/da\/produkt\/rundt-messebord\/","title":{"rendered":"Rundt messebord"},"content":{"rendered":"<p><span lang=\"DA\">Rundt messebord er et enkelt og prisbilligt messebord med sort bordplade. Det g\u00e5r hurtigt at stille den op, og det kr\u00e6ver ikke v\u00e6rkt\u00f8j. Indeni skranken er der opbevaringsplads til for eksempel jakke og tryksager. Perfekt\u00a0til messen eller butiksudstillingen. Den er 94 cm h\u00f8j, og diameteren er 40 cm. Prisen inkluderer ogs\u00e5 et trykt billedpanel i h\u00f8j kvalitet, som er slidst\u00e6rkt.<\/span><\/p>\n<p><span lang=\"DA\">Dette runde messebord anvendes til demonstration af varer i butikker eller butikscentre. Det fylder ikke meget, men man kan ogs\u00e5 profilere podiet med virksomhedens logo og tryk i de rette farver. Det vigtige er, at man er synlig og giver det rette indtryk. M\u00e5ske skal I ogs\u00e5 k\u00f8be roll-up-bannere? Det kan I g\u00f8re p\u00e5 dette<span class=\"apple-converted-space\">\u00a0<\/span><\/span><span lang=\"DA\"><a href=\"https:\/\/www.gdirekt.se\/produkt-kategori\/rollups\/\"><b>link.\u00a0<\/b><\/a><\/span><\/p>\n","protected":false},"excerpt":{"rendered":"<p><span lang=\"DA\">Rundt messebord, der vil v\u00e6re et flot eventbord til messen eller butiksfremvisningen. <\/span>. St\u00f8rrelsen er 94cm h\u00f8j og diameteren er 40cm. Den indeholder en sort top, en bildepanel i en sort taske.<\/p>\n","protected":false},"featured_media":8200,"template":"","meta":{"_acf_changed":false},"product_brand":[],"product_cat":[373],"product_tag":[],"class_list":{"0":"post-9398","1":"product","2":"type-product","3":"status-publish","4":"has-post-thumbnail","6":"product_cat-skranker-podie-messebord","7":"product_shipping_class-180sek","9":"first","10":"instock","11":"sale","12":"taxable","13":"shipping-taxable","14":"purchasable","15":"product-type-simple"},"exclude_global_add_ons":[],"addons":[],"acf":[],"yoast_head":"<!-- This site is optimized with the Yoast SEO plugin v27.2 - https:\/\/yoast.com\/product\/yoast-seo-wordpress\/ -->\n<title>Rundt messebord med eget print til demo i butikken | Gdirekt.se<\/title>\n<meta name=\"description\" content=\"Rundt messebord, der vil v\u00e6re et flot eventbord til messen eller butiksfremvisningen. Den billige pris inkluderer en sort topplade, et trykt billedpanel i farver og en sort taske.\" \/>\n<meta name=\"robots\" content=\"index, follow, max-snippet:-1, max-image-preview:large, max-video-preview:-1\" \/>\n<link rel=\"canonical\" href=\"https:\/\/www.gdirekt.se\/da\/produkt\/rundt-messebord\/\" \/>\n<meta property=\"og:locale\" content=\"da_DK\" \/>\n<meta property=\"og:type\" content=\"article\" \/>\n<meta property=\"og:title\" content=\"Rundt messebord med eget print til demo i butikken | Gdirekt.se\" \/>\n<meta property=\"og:description\" content=\"Rundt messebord, der vil v\u00e6re et flot eventbord til messen eller butiksfremvisningen. Den billige pris inkluderer en sort topplade, et trykt billedpanel i farver og en sort taske.\" \/>\n<meta property=\"og:url\" content=\"https:\/\/www.gdirekt.se\/da\/produkt\/rundt-messebord\/\" \/>\n<meta property=\"og:site_name\" content=\"Gdirekt.se\" \/>\n<meta property=\"article:modified_time\" content=\"2024-02-01T08:40:47+00:00\" \/>\n<meta property=\"og:image\" content=\"https:\/\/www.gdirekt.se\/wp-content\/uploads\/rund-massbord.png\" \/>\n\t<meta property=\"og:image:width\" content=\"1000\" \/>\n\t<meta property=\"og:image:height\" content=\"1000\" \/>\n\t<meta property=\"og:image:type\" content=\"image\/png\" \/>\n<meta name=\"twitter:card\" content=\"summary_large_image\" \/>\n<meta name=\"twitter:label1\" content=\"Estimeret l\u00e6setid\" \/>\n\t<meta name=\"twitter:data1\" content=\"1 minut\" \/>\n<script type=\"application\/ld+json\" class=\"yoast-schema-graph\">{\"@context\":\"https:\/\/schema.org\",\"@graph\":[{\"@type\":\"WebPage\",\"@id\":\"https:\/\/www.gdirekt.se\/da\/produkt\/rundt-messebord\/\",\"url\":\"https:\/\/www.gdirekt.se\/da\/produkt\/rundt-messebord\/\",\"name\":\"Rundt messebord med eget print til demo i butikken | Gdirekt.se\",\"isPartOf\":{\"@id\":\"https:\/\/www.gdirekt.se\/#website\"},\"primaryImageOfPage\":{\"@id\":\"https:\/\/www.gdirekt.se\/da\/produkt\/rundt-messebord\/#primaryimage\"},\"image\":{\"@id\":\"https:\/\/www.gdirekt.se\/da\/produkt\/rundt-messebord\/#primaryimage\"},\"thumbnailUrl\":\"https:\/\/www.gdirekt.se\/wp-content\/uploads\/rund-massbord.png\",\"datePublished\":\"2016-11-16T12:35:17+00:00\",\"dateModified\":\"2024-02-01T08:40:47+00:00\",\"description\":\"Rundt messebord, der vil v\u00e6re et flot eventbord til messen eller butiksfremvisningen. Den billige pris inkluderer en sort topplade, et trykt billedpanel i farver og en sort taske.\",\"breadcrumb\":{\"@id\":\"https:\/\/www.gdirekt.se\/da\/produkt\/rundt-messebord\/#breadcrumb\"},\"inLanguage\":\"da-DK\",\"potentialAction\":[{\"@type\":\"ReadAction\",\"target\":[\"https:\/\/www.gdirekt.se\/da\/produkt\/rundt-messebord\/\"]}]},{\"@type\":\"ImageObject\",\"inLanguage\":\"da-DK\",\"@id\":\"https:\/\/www.gdirekt.se\/da\/produkt\/rundt-messebord\/#primaryimage\",\"url\":\"https:\/\/www.gdirekt.se\/wp-content\/uploads\/rund-massbord.png\",\"contentUrl\":\"https:\/\/www.gdirekt.se\/wp-content\/uploads\/rund-massbord.png\",\"width\":1000,\"height\":1000,\"caption\":\"Let h\u00e6ndelsesdisk som er rund med trykt billede\"},{\"@type\":\"BreadcrumbList\",\"@id\":\"https:\/\/www.gdirekt.se\/da\/produkt\/rundt-messebord\/#breadcrumb\",\"itemListElement\":[{\"@type\":\"ListItem\",\"position\":1,\"name\":\"Hem\",\"item\":\"https:\/\/www.gdirekt.se\/da\/\"},{\"@type\":\"ListItem\",\"position\":2,\"name\":\"Start\",\"item\":\"https:\/\/www.gdirekt.se\/da\/\"},{\"@type\":\"ListItem\",\"position\":3,\"name\":\"Rundt messebord\"}]},{\"@type\":\"WebSite\",\"@id\":\"https:\/\/www.gdirekt.se\/#website\",\"url\":\"https:\/\/www.gdirekt.se\/\",\"name\":\"Gdirekt.se\",\"description\":\"Tryck snabbt \u00e5 l\u00e4tt = Gdirekt\",\"potentialAction\":[{\"@type\":\"SearchAction\",\"target\":{\"@type\":\"EntryPoint\",\"urlTemplate\":\"https:\/\/www.gdirekt.se\/?s={search_term_string}\"},\"query-input\":{\"@type\":\"PropertyValueSpecification\",\"valueRequired\":true,\"valueName\":\"search_term_string\"}}],\"inLanguage\":\"da-DK\"}]}<\/script>\n<!-- \/ Yoast SEO plugin. -->","yoast_head_json":{"title":"Rundt messebord med eget print til demo i butikken | Gdirekt.se","description":"Rundt messebord, der vil v\u00e6re et flot eventbord til messen eller butiksfremvisningen. Den billige pris inkluderer en sort topplade, et trykt billedpanel i farver og en sort taske.","robots":{"index":"index","follow":"follow","max-snippet":"max-snippet:-1","max-image-preview":"max-image-preview:large","max-video-preview":"max-video-preview:-1"},"canonical":"https:\/\/www.gdirekt.se\/da\/produkt\/rundt-messebord\/","og_locale":"da_DK","og_type":"article","og_title":"Rundt messebord med eget print til demo i butikken | Gdirekt.se","og_description":"Rundt messebord, der vil v\u00e6re et flot eventbord til messen eller butiksfremvisningen. Den billige pris inkluderer en sort topplade, et trykt billedpanel i farver og en sort taske.","og_url":"https:\/\/www.gdirekt.se\/da\/produkt\/rundt-messebord\/","og_site_name":"Gdirekt.se","article_modified_time":"2024-02-01T08:40:47+00:00","og_image":[{"width":1000,"height":1000,"url":"https:\/\/www.gdirekt.se\/wp-content\/uploads\/rund-massbord.png","type":"image\/png"}],"twitter_card":"summary_large_image","twitter_misc":{"Estimeret l\u00e6setid":"1 minut"},"schema":{"@context":"https:\/\/schema.org","@graph":[{"@type":"WebPage","@id":"https:\/\/www.gdirekt.se\/da\/produkt\/rundt-messebord\/","url":"https:\/\/www.gdirekt.se\/da\/produkt\/rundt-messebord\/","name":"Rundt messebord med eget print til demo i butikken | Gdirekt.se","isPartOf":{"@id":"https:\/\/www.gdirekt.se\/#website"},"primaryImageOfPage":{"@id":"https:\/\/www.gdirekt.se\/da\/produkt\/rundt-messebord\/#primaryimage"},"image":{"@id":"https:\/\/www.gdirekt.se\/da\/produkt\/rundt-messebord\/#primaryimage"},"thumbnailUrl":"https:\/\/www.gdirekt.se\/wp-content\/uploads\/rund-massbord.png","datePublished":"2016-11-16T12:35:17+00:00","dateModified":"2024-02-01T08:40:47+00:00","description":"Rundt messebord, der vil v\u00e6re et flot eventbord til messen eller butiksfremvisningen. Den billige pris inkluderer en sort topplade, et trykt billedpanel i farver og en sort taske.","breadcrumb":{"@id":"https:\/\/www.gdirekt.se\/da\/produkt\/rundt-messebord\/#breadcrumb"},"inLanguage":"da-DK","potentialAction":[{"@type":"ReadAction","target":["https:\/\/www.gdirekt.se\/da\/produkt\/rundt-messebord\/"]}]},{"@type":"ImageObject","inLanguage":"da-DK","@id":"https:\/\/www.gdirekt.se\/da\/produkt\/rundt-messebord\/#primaryimage","url":"https:\/\/www.gdirekt.se\/wp-content\/uploads\/rund-massbord.png","contentUrl":"https:\/\/www.gdirekt.se\/wp-content\/uploads\/rund-massbord.png","width":1000,"height":1000,"caption":"Let h\u00e6ndelsesdisk som er rund med trykt billede"},{"@type":"BreadcrumbList","@id":"https:\/\/www.gdirekt.se\/da\/produkt\/rundt-messebord\/#breadcrumb","itemListElement":[{"@type":"ListItem","position":1,"name":"Hem","item":"https:\/\/www.gdirekt.se\/da\/"},{"@type":"ListItem","position":2,"name":"Start","item":"https:\/\/www.gdirekt.se\/da\/"},{"@type":"ListItem","position":3,"name":"Rundt messebord"}]},{"@type":"WebSite","@id":"https:\/\/www.gdirekt.se\/#website","url":"https:\/\/www.gdirekt.se\/","name":"Gdirekt.se","description":"Tryck snabbt \u00e5 l\u00e4tt = Gdirekt","potentialAction":[{"@type":"SearchAction","target":{"@type":"EntryPoint","urlTemplate":"https:\/\/www.gdirekt.se\/?s={search_term_string}"},"query-input":{"@type":"PropertyValueSpecification","valueRequired":true,"valueName":"search_term_string"}}],"inLanguage":"da-DK"}]}},"_links":{"self":[{"href":"https:\/\/www.gdirekt.se\/da\/wp-json\/wp\/v2\/product\/9398","targetHints":{"allow":["GET"]}}],"collection":[{"href":"https:\/\/www.gdirekt.se\/da\/wp-json\/wp\/v2\/product"}],"about":[{"href":"https:\/\/www.gdirekt.se\/da\/wp-json\/wp\/v2\/types\/product"}],"wp:featuredmedia":[{"embeddable":true,"href":"https:\/\/www.gdirekt.se\/da\/wp-json\/wp\/v2\/media\/8200"}],"wp:attachment":[{"href":"https:\/\/www.gdirekt.se\/da\/wp-json\/wp\/v2\/media?parent=9398"}],"wp:term":[{"taxonomy":"product_brand","embeddable":true,"href":"https:\/\/www.gdirekt.se\/da\/wp-json\/wp\/v2\/product_brand?post=9398"},{"taxonomy":"product_cat","embeddable":true,"href":"https:\/\/www.gdirekt.se\/da\/wp-json\/wp\/v2\/product_cat?post=9398"},{"taxonomy":"product_tag","embeddable":true,"href":"https:\/\/www.gdirekt.se\/da\/wp-json\/wp\/v2\/product_tag?post=9398"}],"curies":[{"name":"wp","href":"https:\/\/api.w.org\/{rel}","templated":true}]}}