{"id":9397,"date":"2017-08-28T14:51:34","date_gmt":"2017-08-28T12:51:34","guid":{"rendered":"http:\/\/gdirekt.hamstage.hamrenmedia.se\/produkt\/billedpanel-til-ripple-transportboks\/"},"modified":"2024-02-01T09:33:19","modified_gmt":"2024-02-01T08:33:19","slug":"billedpanel-til-ripple-transportboks","status":"publish","type":"product","link":"https:\/\/www.gdirekt.se\/da\/produkt\/billedpanel-til-ripple-transportboks\/","title":{"rendered":"Billedpanel til Ripple-transportboks"},"content":{"rendered":"<p><span lang=\"DA\">Billedpanelet til Ripple-transportboks passer til det prisbillige messebord med gr\u00e5 bordplade. Det g\u00e5r hurtigt at stille den op, og det kr\u00e6ver ikke v\u00e6rkt\u00f8j. Indeni skranken er der opbevaringsplads til for eksempel jakke og tryksager. Rummer tre Ripple-grundmoduler med billede. Perfekt\u00a0til messen eller butiksudstillingen. Den er 90 cm h\u00f8j, og diameteren er 44 cm. Billedpanelet er slidst\u00e6rkt og i h\u00f8j trykkvalitet.<\/span><\/p>\n<p><span lang=\"DA\">Dette runde messebord anvendes til demonstration af varer i butikker eller butikscentre. Det fylder ikke meget, men man kan ogs\u00e5 profilere podiet med virksomhedens logo og tryk i de rette farver. Det vigtige er, at man er synlig og giver det rette indtryk. M\u00e5ske skal I ogs\u00e5 k\u00f8be roll-up-bannere? Det kan I g\u00f8re p\u00e5 dette<span class=\"apple-converted-space\">\u00a0<\/span><\/span><span lang=\"DA\"><a href=\"https:\/\/www.gdirekt.se\/produkt-kategori\/rollups\/\"><b>link.\u00a0<\/b><\/a><\/span><\/p>\n","protected":false},"excerpt":{"rendered":"<p><span lang=\"DA\">Billedpanelet til Ripple-transportboks passer til eventbordet p\u00e5 messen eller butiksfremvisningen. Det trykte billedpanel er slidst\u00e6rkt med laminat.\u00a0St\u00f8rrelsen er 94cm h\u00f8j og diameteren er 44cm.<\/span><\/p>\n","protected":false},"featured_media":8517,"template":"","meta":{"_acf_changed":false},"product_brand":[],"product_cat":[373],"product_tag":[],"class_list":{"0":"post-9397","1":"product","2":"type-product","3":"status-publish","4":"has-post-thumbnail","6":"product_cat-skranker-podie-messebord","7":"product_shipping_class-180sek","9":"first","10":"instock","11":"taxable","12":"shipping-taxable","13":"purchasable","14":"product-type-simple"},"exclude_global_add_ons":[],"addons":[],"acf":[],"yoast_head":"<!-- This site is optimized with the Yoast SEO plugin v27.2 - https:\/\/yoast.com\/product\/yoast-seo-wordpress\/ -->\n<title>Billedpanel til Ripple-transportboks | Gdirekt.se<\/title>\n<meta name=\"description\" content=\"Billedpanelet til Ripple-transportboks passer til eventbordet p\u00e5 messen eller butiksfremvisningen. Det trykte billedpanel er slidst\u00e6rkt med laminat.\" \/>\n<meta name=\"robots\" content=\"index, follow, max-snippet:-1, max-image-preview:large, max-video-preview:-1\" \/>\n<link rel=\"canonical\" href=\"https:\/\/www.gdirekt.se\/da\/produkt\/billedpanel-til-ripple-transportboks\/\" \/>\n<meta property=\"og:locale\" content=\"da_DK\" \/>\n<meta property=\"og:type\" content=\"article\" \/>\n<meta property=\"og:title\" content=\"Billedpanel til Ripple-transportboks | Gdirekt.se\" \/>\n<meta property=\"og:description\" content=\"Billedpanelet til Ripple-transportboks passer til eventbordet p\u00e5 messen eller butiksfremvisningen. Det trykte billedpanel er slidst\u00e6rkt med laminat.\" \/>\n<meta property=\"og:url\" content=\"https:\/\/www.gdirekt.se\/da\/produkt\/billedpanel-til-ripple-transportboks\/\" \/>\n<meta property=\"og:site_name\" content=\"Gdirekt.se\" \/>\n<meta property=\"article:modified_time\" content=\"2024-02-01T08:33:19+00:00\" \/>\n<meta property=\"og:image\" content=\"https:\/\/www.gdirekt.se\/wp-content\/uploads\/ripple-_bildsvep.png\" \/>\n\t<meta property=\"og:image:width\" content=\"1000\" \/>\n\t<meta property=\"og:image:height\" content=\"1000\" \/>\n\t<meta property=\"og:image:type\" content=\"image\/png\" \/>\n<meta name=\"twitter:card\" content=\"summary_large_image\" \/>\n<meta name=\"twitter:label1\" content=\"Estimeret l\u00e6setid\" \/>\n\t<meta name=\"twitter:data1\" content=\"1 minut\" \/>\n<script type=\"application\/ld+json\" class=\"yoast-schema-graph\">{\"@context\":\"https:\/\/schema.org\",\"@graph\":[{\"@type\":\"WebPage\",\"@id\":\"https:\/\/www.gdirekt.se\/da\/produkt\/billedpanel-til-ripple-transportboks\/\",\"url\":\"https:\/\/www.gdirekt.se\/da\/produkt\/billedpanel-til-ripple-transportboks\/\",\"name\":\"Billedpanel til Ripple-transportboks | Gdirekt.se\",\"isPartOf\":{\"@id\":\"https:\/\/www.gdirekt.se\/#website\"},\"primaryImageOfPage\":{\"@id\":\"https:\/\/www.gdirekt.se\/da\/produkt\/billedpanel-til-ripple-transportboks\/#primaryimage\"},\"image\":{\"@id\":\"https:\/\/www.gdirekt.se\/da\/produkt\/billedpanel-til-ripple-transportboks\/#primaryimage\"},\"thumbnailUrl\":\"https:\/\/www.gdirekt.se\/wp-content\/uploads\/ripple-_bildsvep.png\",\"datePublished\":\"2017-08-28T12:51:34+00:00\",\"dateModified\":\"2024-02-01T08:33:19+00:00\",\"description\":\"Billedpanelet til Ripple-transportboks passer til eventbordet p\u00e5 messen eller butiksfremvisningen. Det trykte billedpanel er slidst\u00e6rkt med laminat.\",\"breadcrumb\":{\"@id\":\"https:\/\/www.gdirekt.se\/da\/produkt\/billedpanel-til-ripple-transportboks\/#breadcrumb\"},\"inLanguage\":\"da-DK\",\"potentialAction\":[{\"@type\":\"ReadAction\",\"target\":[\"https:\/\/www.gdirekt.se\/da\/produkt\/billedpanel-til-ripple-transportboks\/\"]}]},{\"@type\":\"ImageObject\",\"inLanguage\":\"da-DK\",\"@id\":\"https:\/\/www.gdirekt.se\/da\/produkt\/billedpanel-til-ripple-transportboks\/#primaryimage\",\"url\":\"https:\/\/www.gdirekt.se\/wp-content\/uploads\/ripple-_bildsvep.png\",\"contentUrl\":\"https:\/\/www.gdirekt.se\/wp-content\/uploads\/ripple-_bildsvep.png\",\"width\":1000,\"height\":1000,\"caption\":\"Transportkasse Ripple med billede panel\"},{\"@type\":\"BreadcrumbList\",\"@id\":\"https:\/\/www.gdirekt.se\/da\/produkt\/billedpanel-til-ripple-transportboks\/#breadcrumb\",\"itemListElement\":[{\"@type\":\"ListItem\",\"position\":1,\"name\":\"Hem\",\"item\":\"https:\/\/www.gdirekt.se\/da\/\"},{\"@type\":\"ListItem\",\"position\":2,\"name\":\"Start\",\"item\":\"https:\/\/www.gdirekt.se\/da\/\"},{\"@type\":\"ListItem\",\"position\":3,\"name\":\"Billedpanel til Ripple-transportboks\"}]},{\"@type\":\"WebSite\",\"@id\":\"https:\/\/www.gdirekt.se\/#website\",\"url\":\"https:\/\/www.gdirekt.se\/\",\"name\":\"Gdirekt.se\",\"description\":\"Tryck snabbt \u00e5 l\u00e4tt = Gdirekt\",\"potentialAction\":[{\"@type\":\"SearchAction\",\"target\":{\"@type\":\"EntryPoint\",\"urlTemplate\":\"https:\/\/www.gdirekt.se\/?s={search_term_string}\"},\"query-input\":{\"@type\":\"PropertyValueSpecification\",\"valueRequired\":true,\"valueName\":\"search_term_string\"}}],\"inLanguage\":\"da-DK\"}]}<\/script>\n<!-- \/ Yoast SEO plugin. -->","yoast_head_json":{"title":"Billedpanel til Ripple-transportboks | Gdirekt.se","description":"Billedpanelet til Ripple-transportboks passer til eventbordet p\u00e5 messen eller butiksfremvisningen. Det trykte billedpanel er slidst\u00e6rkt med laminat.","robots":{"index":"index","follow":"follow","max-snippet":"max-snippet:-1","max-image-preview":"max-image-preview:large","max-video-preview":"max-video-preview:-1"},"canonical":"https:\/\/www.gdirekt.se\/da\/produkt\/billedpanel-til-ripple-transportboks\/","og_locale":"da_DK","og_type":"article","og_title":"Billedpanel til Ripple-transportboks | Gdirekt.se","og_description":"Billedpanelet til Ripple-transportboks passer til eventbordet p\u00e5 messen eller butiksfremvisningen. Det trykte billedpanel er slidst\u00e6rkt med laminat.","og_url":"https:\/\/www.gdirekt.se\/da\/produkt\/billedpanel-til-ripple-transportboks\/","og_site_name":"Gdirekt.se","article_modified_time":"2024-02-01T08:33:19+00:00","og_image":[{"width":1000,"height":1000,"url":"https:\/\/www.gdirekt.se\/wp-content\/uploads\/ripple-_bildsvep.png","type":"image\/png"}],"twitter_card":"summary_large_image","twitter_misc":{"Estimeret l\u00e6setid":"1 minut"},"schema":{"@context":"https:\/\/schema.org","@graph":[{"@type":"WebPage","@id":"https:\/\/www.gdirekt.se\/da\/produkt\/billedpanel-til-ripple-transportboks\/","url":"https:\/\/www.gdirekt.se\/da\/produkt\/billedpanel-til-ripple-transportboks\/","name":"Billedpanel til Ripple-transportboks | Gdirekt.se","isPartOf":{"@id":"https:\/\/www.gdirekt.se\/#website"},"primaryImageOfPage":{"@id":"https:\/\/www.gdirekt.se\/da\/produkt\/billedpanel-til-ripple-transportboks\/#primaryimage"},"image":{"@id":"https:\/\/www.gdirekt.se\/da\/produkt\/billedpanel-til-ripple-transportboks\/#primaryimage"},"thumbnailUrl":"https:\/\/www.gdirekt.se\/wp-content\/uploads\/ripple-_bildsvep.png","datePublished":"2017-08-28T12:51:34+00:00","dateModified":"2024-02-01T08:33:19+00:00","description":"Billedpanelet til Ripple-transportboks passer til eventbordet p\u00e5 messen eller butiksfremvisningen. Det trykte billedpanel er slidst\u00e6rkt med laminat.","breadcrumb":{"@id":"https:\/\/www.gdirekt.se\/da\/produkt\/billedpanel-til-ripple-transportboks\/#breadcrumb"},"inLanguage":"da-DK","potentialAction":[{"@type":"ReadAction","target":["https:\/\/www.gdirekt.se\/da\/produkt\/billedpanel-til-ripple-transportboks\/"]}]},{"@type":"ImageObject","inLanguage":"da-DK","@id":"https:\/\/www.gdirekt.se\/da\/produkt\/billedpanel-til-ripple-transportboks\/#primaryimage","url":"https:\/\/www.gdirekt.se\/wp-content\/uploads\/ripple-_bildsvep.png","contentUrl":"https:\/\/www.gdirekt.se\/wp-content\/uploads\/ripple-_bildsvep.png","width":1000,"height":1000,"caption":"Transportkasse Ripple med billede panel"},{"@type":"BreadcrumbList","@id":"https:\/\/www.gdirekt.se\/da\/produkt\/billedpanel-til-ripple-transportboks\/#breadcrumb","itemListElement":[{"@type":"ListItem","position":1,"name":"Hem","item":"https:\/\/www.gdirekt.se\/da\/"},{"@type":"ListItem","position":2,"name":"Start","item":"https:\/\/www.gdirekt.se\/da\/"},{"@type":"ListItem","position":3,"name":"Billedpanel til Ripple-transportboks"}]},{"@type":"WebSite","@id":"https:\/\/www.gdirekt.se\/#website","url":"https:\/\/www.gdirekt.se\/","name":"Gdirekt.se","description":"Tryck snabbt \u00e5 l\u00e4tt = Gdirekt","potentialAction":[{"@type":"SearchAction","target":{"@type":"EntryPoint","urlTemplate":"https:\/\/www.gdirekt.se\/?s={search_term_string}"},"query-input":{"@type":"PropertyValueSpecification","valueRequired":true,"valueName":"search_term_string"}}],"inLanguage":"da-DK"}]}},"_links":{"self":[{"href":"https:\/\/www.gdirekt.se\/da\/wp-json\/wp\/v2\/product\/9397","targetHints":{"allow":["GET"]}}],"collection":[{"href":"https:\/\/www.gdirekt.se\/da\/wp-json\/wp\/v2\/product"}],"about":[{"href":"https:\/\/www.gdirekt.se\/da\/wp-json\/wp\/v2\/types\/product"}],"wp:featuredmedia":[{"embeddable":true,"href":"https:\/\/www.gdirekt.se\/da\/wp-json\/wp\/v2\/media\/8517"}],"wp:attachment":[{"href":"https:\/\/www.gdirekt.se\/da\/wp-json\/wp\/v2\/media?parent=9397"}],"wp:term":[{"taxonomy":"product_brand","embeddable":true,"href":"https:\/\/www.gdirekt.se\/da\/wp-json\/wp\/v2\/product_brand?post=9397"},{"taxonomy":"product_cat","embeddable":true,"href":"https:\/\/www.gdirekt.se\/da\/wp-json\/wp\/v2\/product_cat?post=9397"},{"taxonomy":"product_tag","embeddable":true,"href":"https:\/\/www.gdirekt.se\/da\/wp-json\/wp\/v2\/product_tag?post=9397"}],"curies":[{"name":"wp","href":"https:\/\/api.w.org\/{rel}","templated":true}]}}