{"id":9392,"date":"2015-09-22T14:50:48","date_gmt":"2015-09-22T12:50:48","guid":{"rendered":"http:\/\/gdirekt.hamstage.hamrenmedia.se\/produkt\/messebord-standard-case\/"},"modified":"2020-02-06T11:20:31","modified_gmt":"2020-02-06T10:20:31","slug":"messebord-standard-case","status":"publish","type":"product","link":"https:\/\/www.gdirekt.se\/da\/produkt\/messebord-standard-case\/","title":{"rendered":"Messebord Standard Case"},"content":{"rendered":"<p><span lang=\"DA\">Messebord Standard Case er et holdbart podiue med hjul, der bruges som et messebord med topplade. Man f\u00e5r plads til en hel Pop Up-stander eller Soft Image-messedisplay og ogs\u00e5 andre systemer s\u00e5som roll-up-bannere. Expolincs messebord Standard Case m\u00e5ler 47 cm i bredden, 96 cm i h\u00f8jden og 38 cm i dybden. Det er let at montere billedpanelet, som er 158,5 x 84 cm med budskab eller logo, og l\u00e6gge toppladen p\u00e5! Pladen er 56 cm x 41 cm stor. Du har et messepodie, som er en flot skranke p\u00e5 \u00e9t minut. Hele boksen inklusive toppladen vejer 10,8 kg.<\/span><\/p>\n<p><span lang=\"DA\">Messebord Standard Case kan f\u00e5s i en h\u00f8jere st\u00f8rrelse og passer til<span class=\"apple-converted-space\">\u00a0<\/span><\/span><span lang=\"DA\"><a href=\"https:\/\/www.gdirekt.se\/produkt\/fabric-system-massmonter\/\">Fabric System,<\/a><\/span><span lang=\"DA\">\u00a0bredden p\u00e5 47 cm og dybden p\u00e5 38 cm er de samme som standard, men h\u00f8jden er 96 cm. Transportboksen er meget slidst\u00e6rk og egner sig til at rejse med. Det er klart, at ting bliver slidt, n\u00e5r man l\u00f8fter ud og ind fra bilens bagagerum, hvor man en gang imellem st\u00f8der imod. Men som sagt er disse messeborde v\u00e6ldigt slidst\u00e6rke, og skulle bordet f\u00e5 et st\u00f8dm\u00e6rke, bliver det skjult under det trykte billedpanel. Vi beskyttelseslaminerer disse trykte billedbannere, s\u00e5 de modst\u00e5r slitage ekstra godt. Beskyttelsesfilmen giver ogs\u00e5 en ekstra glans p\u00e5 trykket i h\u00f8j opl\u00f8sning med eget motiv. En skabelon med de rigtige m\u00e5l kan downloades.<\/span><\/p>\n<p><span lang=\"DA\">Messebord Standard Case er en robust taske med hjul og ordentlig l\u00e5s. Den er f\u00f8rst og fremmest fremstillet til Pop Up Magnetic og Fabric System, men fungerer ogs\u00e5 udm\u00e6rket til Soft Image og andre systemer i vores produktsortiment. Man kan for eksempel opbevare roll-up-bannere i den. Vikl blot et panel rundt om tasken, l\u00e6g en topplade p\u00e5, og s\u00e5 har du en flot skranke. P\u00e5 dette link kan I se hele<span class=\"apple-converted-space\">\u00a0<\/span><\/span><span lang=\"DA\"><a href=\"http:\/\/www.expolinc.com\/sv\/\">Expolincs\u00a0<\/a><\/span><span lang=\"DA\">udbud af udstillingssystemer til messer og events. Se p\u00e5 siden, og s\u00e5 hj\u00e6lper vi med indk\u00f8b og naturligvis et tryk, som passer med de rette m\u00e5l.<\/span><\/p>\n","protected":false},"excerpt":{"rendered":"<p><span lang=\"DA\">Messebord Standard Case er en holdbar skranke med gr\u00e5 topplade. Perfekt som messeskranke. Det trykte billede med eget motiv er inkluderet prisen. Der er plads til b\u00e5de popup-systemer og roll-up-bannere i denne transportboks, der bruges som et bord. <\/span><\/p>\n<p>St\u00f8rrelsesbredde 47cm, h\u00f8jde 96cm og dybde 38cm. F\u00e5s som XL og er 119cm h\u00f8j og passer til Fabric System.<\/p>\n","protected":false},"featured_media":8125,"template":"","meta":{"_acf_changed":false},"product_brand":[],"product_cat":[373],"product_tag":[],"class_list":{"0":"post-9392","1":"product","2":"type-product","3":"status-publish","4":"has-post-thumbnail","6":"product_cat-skranker-podie-messebord","7":"product_shipping_class-180sek","9":"first","10":"onbackorder","11":"taxable","12":"shipping-taxable","13":"purchasable","14":"product-type-variable","15":"has-default-attributes"},"exclude_global_add_ons":[],"addons":[],"acf":[],"yoast_head":"<!-- This site is optimized with the Yoast SEO plugin v27.2 - https:\/\/yoast.com\/product\/yoast-seo-wordpress\/ -->\n<title>Messebord Standard Case, billig disk med egen trykt besked | Gdirekt.se<\/title>\n<meta name=\"description\" content=\"Messebord Standard Case er en holdbar skranke med gr\u00e5 topplade. Perfekt som messeskranke. Det trykte billede med eget motiv er inkluderet prisen. Der er plads til b\u00e5de popup-systemer og roll-up-bannere i denne transportboks, der bruges som et bord. God til fremvisninger, produktdemoer og udstillinger.\" \/>\n<meta name=\"robots\" content=\"index, follow, max-snippet:-1, max-image-preview:large, max-video-preview:-1\" \/>\n<link rel=\"canonical\" href=\"https:\/\/www.gdirekt.se\/da\/produkt\/messebord-standard-case\/\" \/>\n<meta property=\"og:locale\" content=\"da_DK\" \/>\n<meta property=\"og:type\" content=\"article\" \/>\n<meta property=\"og:title\" content=\"Messebord Standard Case, billig disk med egen trykt besked | Gdirekt.se\" \/>\n<meta property=\"og:description\" content=\"Messebord Standard Case er en holdbar skranke med gr\u00e5 topplade. Perfekt som messeskranke. Det trykte billede med eget motiv er inkluderet prisen. Der er plads til b\u00e5de popup-systemer og roll-up-bannere i denne transportboks, der bruges som et bord. God til fremvisninger, produktdemoer og udstillinger.\" \/>\n<meta property=\"og:url\" content=\"https:\/\/www.gdirekt.se\/da\/produkt\/messebord-standard-case\/\" \/>\n<meta property=\"og:site_name\" content=\"Gdirekt.se\" \/>\n<meta property=\"article:modified_time\" content=\"2020-02-06T10:20:31+00:00\" \/>\n<meta property=\"og:image\" content=\"https:\/\/www.gdirekt.se\/wp-content\/uploads\/Gdirekt-Standard-Disk.png\" \/>\n\t<meta property=\"og:image:width\" content=\"1000\" \/>\n\t<meta property=\"og:image:height\" content=\"1000\" \/>\n\t<meta property=\"og:image:type\" content=\"image\/png\" \/>\n<meta name=\"twitter:card\" content=\"summary_large_image\" \/>\n<meta name=\"twitter:label1\" content=\"Estimeret l\u00e6setid\" \/>\n\t<meta name=\"twitter:data1\" content=\"2 minutter\" \/>\n<script type=\"application\/ld+json\" class=\"yoast-schema-graph\">{\"@context\":\"https:\/\/schema.org\",\"@graph\":[{\"@type\":\"WebPage\",\"@id\":\"https:\/\/www.gdirekt.se\/da\/produkt\/messebord-standard-case\/\",\"url\":\"https:\/\/www.gdirekt.se\/da\/produkt\/messebord-standard-case\/\",\"name\":\"Messebord Standard Case, billig disk med egen trykt besked | Gdirekt.se\",\"isPartOf\":{\"@id\":\"https:\/\/www.gdirekt.se\/#website\"},\"primaryImageOfPage\":{\"@id\":\"https:\/\/www.gdirekt.se\/da\/produkt\/messebord-standard-case\/#primaryimage\"},\"image\":{\"@id\":\"https:\/\/www.gdirekt.se\/da\/produkt\/messebord-standard-case\/#primaryimage\"},\"thumbnailUrl\":\"https:\/\/www.gdirekt.se\/wp-content\/uploads\/Gdirekt-Standard-Disk.png\",\"datePublished\":\"2015-09-22T12:50:48+00:00\",\"dateModified\":\"2020-02-06T10:20:31+00:00\",\"description\":\"Messebord Standard Case er en holdbar skranke med gr\u00e5 topplade. Perfekt som messeskranke. Det trykte billede med eget motiv er inkluderet prisen. Der er plads til b\u00e5de popup-systemer og roll-up-bannere i denne transportboks, der bruges som et bord. God til fremvisninger, produktdemoer og udstillinger.\",\"breadcrumb\":{\"@id\":\"https:\/\/www.gdirekt.se\/da\/produkt\/messebord-standard-case\/#breadcrumb\"},\"inLanguage\":\"da-DK\",\"potentialAction\":[{\"@type\":\"ReadAction\",\"target\":[\"https:\/\/www.gdirekt.se\/da\/produkt\/messebord-standard-case\/\"]}]},{\"@type\":\"ImageObject\",\"inLanguage\":\"da-DK\",\"@id\":\"https:\/\/www.gdirekt.se\/da\/produkt\/messebord-standard-case\/#primaryimage\",\"url\":\"https:\/\/www.gdirekt.se\/wp-content\/uploads\/Gdirekt-Standard-Disk.png\",\"contentUrl\":\"https:\/\/www.gdirekt.se\/wp-content\/uploads\/Gdirekt-Standard-Disk.png\",\"width\":1000,\"height\":1000,\"caption\":\"H\u00f8j kvalitet p\u00e5 vores messebord Standard fra Expolinc.\"},{\"@type\":\"BreadcrumbList\",\"@id\":\"https:\/\/www.gdirekt.se\/da\/produkt\/messebord-standard-case\/#breadcrumb\",\"itemListElement\":[{\"@type\":\"ListItem\",\"position\":1,\"name\":\"Hem\",\"item\":\"https:\/\/www.gdirekt.se\/da\/\"},{\"@type\":\"ListItem\",\"position\":2,\"name\":\"Start\",\"item\":\"https:\/\/www.gdirekt.se\/da\/\"},{\"@type\":\"ListItem\",\"position\":3,\"name\":\"Messebord Standard Case\"}]},{\"@type\":\"WebSite\",\"@id\":\"https:\/\/www.gdirekt.se\/#website\",\"url\":\"https:\/\/www.gdirekt.se\/\",\"name\":\"Gdirekt.se\",\"description\":\"Tryck snabbt \u00e5 l\u00e4tt = Gdirekt\",\"potentialAction\":[{\"@type\":\"SearchAction\",\"target\":{\"@type\":\"EntryPoint\",\"urlTemplate\":\"https:\/\/www.gdirekt.se\/?s={search_term_string}\"},\"query-input\":{\"@type\":\"PropertyValueSpecification\",\"valueRequired\":true,\"valueName\":\"search_term_string\"}}],\"inLanguage\":\"da-DK\"}]}<\/script>\n<!-- \/ Yoast SEO plugin. -->","yoast_head_json":{"title":"Messebord Standard Case, billig disk med egen trykt besked | Gdirekt.se","description":"Messebord Standard Case er en holdbar skranke med gr\u00e5 topplade. Perfekt som messeskranke. Det trykte billede med eget motiv er inkluderet prisen. Der er plads til b\u00e5de popup-systemer og roll-up-bannere i denne transportboks, der bruges som et bord. God til fremvisninger, produktdemoer og udstillinger.","robots":{"index":"index","follow":"follow","max-snippet":"max-snippet:-1","max-image-preview":"max-image-preview:large","max-video-preview":"max-video-preview:-1"},"canonical":"https:\/\/www.gdirekt.se\/da\/produkt\/messebord-standard-case\/","og_locale":"da_DK","og_type":"article","og_title":"Messebord Standard Case, billig disk med egen trykt besked | Gdirekt.se","og_description":"Messebord Standard Case er en holdbar skranke med gr\u00e5 topplade. Perfekt som messeskranke. Det trykte billede med eget motiv er inkluderet prisen. Der er plads til b\u00e5de popup-systemer og roll-up-bannere i denne transportboks, der bruges som et bord. God til fremvisninger, produktdemoer og udstillinger.","og_url":"https:\/\/www.gdirekt.se\/da\/produkt\/messebord-standard-case\/","og_site_name":"Gdirekt.se","article_modified_time":"2020-02-06T10:20:31+00:00","og_image":[{"width":1000,"height":1000,"url":"https:\/\/www.gdirekt.se\/wp-content\/uploads\/Gdirekt-Standard-Disk.png","type":"image\/png"}],"twitter_card":"summary_large_image","twitter_misc":{"Estimeret l\u00e6setid":"2 minutter"},"schema":{"@context":"https:\/\/schema.org","@graph":[{"@type":"WebPage","@id":"https:\/\/www.gdirekt.se\/da\/produkt\/messebord-standard-case\/","url":"https:\/\/www.gdirekt.se\/da\/produkt\/messebord-standard-case\/","name":"Messebord Standard Case, billig disk med egen trykt besked | Gdirekt.se","isPartOf":{"@id":"https:\/\/www.gdirekt.se\/#website"},"primaryImageOfPage":{"@id":"https:\/\/www.gdirekt.se\/da\/produkt\/messebord-standard-case\/#primaryimage"},"image":{"@id":"https:\/\/www.gdirekt.se\/da\/produkt\/messebord-standard-case\/#primaryimage"},"thumbnailUrl":"https:\/\/www.gdirekt.se\/wp-content\/uploads\/Gdirekt-Standard-Disk.png","datePublished":"2015-09-22T12:50:48+00:00","dateModified":"2020-02-06T10:20:31+00:00","description":"Messebord Standard Case er en holdbar skranke med gr\u00e5 topplade. Perfekt som messeskranke. Det trykte billede med eget motiv er inkluderet prisen. Der er plads til b\u00e5de popup-systemer og roll-up-bannere i denne transportboks, der bruges som et bord. God til fremvisninger, produktdemoer og udstillinger.","breadcrumb":{"@id":"https:\/\/www.gdirekt.se\/da\/produkt\/messebord-standard-case\/#breadcrumb"},"inLanguage":"da-DK","potentialAction":[{"@type":"ReadAction","target":["https:\/\/www.gdirekt.se\/da\/produkt\/messebord-standard-case\/"]}]},{"@type":"ImageObject","inLanguage":"da-DK","@id":"https:\/\/www.gdirekt.se\/da\/produkt\/messebord-standard-case\/#primaryimage","url":"https:\/\/www.gdirekt.se\/wp-content\/uploads\/Gdirekt-Standard-Disk.png","contentUrl":"https:\/\/www.gdirekt.se\/wp-content\/uploads\/Gdirekt-Standard-Disk.png","width":1000,"height":1000,"caption":"H\u00f8j kvalitet p\u00e5 vores messebord Standard fra Expolinc."},{"@type":"BreadcrumbList","@id":"https:\/\/www.gdirekt.se\/da\/produkt\/messebord-standard-case\/#breadcrumb","itemListElement":[{"@type":"ListItem","position":1,"name":"Hem","item":"https:\/\/www.gdirekt.se\/da\/"},{"@type":"ListItem","position":2,"name":"Start","item":"https:\/\/www.gdirekt.se\/da\/"},{"@type":"ListItem","position":3,"name":"Messebord Standard Case"}]},{"@type":"WebSite","@id":"https:\/\/www.gdirekt.se\/#website","url":"https:\/\/www.gdirekt.se\/","name":"Gdirekt.se","description":"Tryck snabbt \u00e5 l\u00e4tt = Gdirekt","potentialAction":[{"@type":"SearchAction","target":{"@type":"EntryPoint","urlTemplate":"https:\/\/www.gdirekt.se\/?s={search_term_string}"},"query-input":{"@type":"PropertyValueSpecification","valueRequired":true,"valueName":"search_term_string"}}],"inLanguage":"da-DK"}]}},"_links":{"self":[{"href":"https:\/\/www.gdirekt.se\/da\/wp-json\/wp\/v2\/product\/9392","targetHints":{"allow":["GET"]}}],"collection":[{"href":"https:\/\/www.gdirekt.se\/da\/wp-json\/wp\/v2\/product"}],"about":[{"href":"https:\/\/www.gdirekt.se\/da\/wp-json\/wp\/v2\/types\/product"}],"wp:featuredmedia":[{"embeddable":true,"href":"https:\/\/www.gdirekt.se\/da\/wp-json\/wp\/v2\/media\/8125"}],"wp:attachment":[{"href":"https:\/\/www.gdirekt.se\/da\/wp-json\/wp\/v2\/media?parent=9392"}],"wp:term":[{"taxonomy":"product_brand","embeddable":true,"href":"https:\/\/www.gdirekt.se\/da\/wp-json\/wp\/v2\/product_brand?post=9392"},{"taxonomy":"product_cat","embeddable":true,"href":"https:\/\/www.gdirekt.se\/da\/wp-json\/wp\/v2\/product_cat?post=9392"},{"taxonomy":"product_tag","embeddable":true,"href":"https:\/\/www.gdirekt.se\/da\/wp-json\/wp\/v2\/product_tag?post=9392"}],"curies":[{"name":"wp","href":"https:\/\/api.w.org\/{rel}","templated":true}]}}