{"id":9390,"date":"2015-09-22T14:13:13","date_gmt":"2015-09-22T12:13:13","guid":{"rendered":"http:\/\/gdirekt.hamstage.hamrenmedia.se\/produkt\/messebord-soft-image-skranke\/"},"modified":"2024-02-01T09:41:08","modified_gmt":"2024-02-01T08:41:08","slug":"messebord-soft-image-skranke","status":"publish","type":"product","link":"https:\/\/www.gdirekt.se\/da\/produkt\/messebord-soft-image-skranke\/","title":{"rendered":"Messebord Soft Image-skranke"},"content":{"rendered":"<p><span lang=\"DA\">Messebord Soft Image-skranke er en messeskranke i stof. Dette messebord kan fint bruges sammen med andre stofstandere eller stofv\u00e6gge i samme materiale! Billedet i stof er f\u00e6rdigmonteret p\u00e5 skranken og tr\u00e6kkes let op.\u00a0Leveres komplet med stander, billedpanel, m\u00f8rkegr\u00e5 topplade og hylde i vatteret nylontaske.<\/span><\/p>\n<p><span lang=\"DA\">Stofpanelet til Messebord Soft Image-skranke m\u00e5ler i alt 174 x 100 cm inkl. endestykkerne (37 cm\/stk.), og I kan downloade skabelonen nedenfor, hvilket naturligvis er gratis. Det bliver meget let at skabe en original, der kan trykkes, n\u00e5r man har denne skabelon, s\u00e5 st\u00f8rrelse og placering af tekst, billeder og logoer bliver rigtig. Vi anbefaler, at man t\u00e6nker enkelt, n\u00e5r man skal lave en tryksag til dette billedbanner, som passer til messebordet. Det kan v\u00e6re et logo eller et kort tekstslogan. Derefter b\u00f8r farvevalget naturligvis holde sig til virksomhedens, produktets eller foreningens farveprofil. Det kan for eksempel ogs\u00e5 v\u00e6re en farvetone af originalfarven p\u00e5 et logo.<\/span><\/p>\n<p><span lang=\"DA\">Soft Image Counter er baseret p\u00e5 samme konstruktion som Soft Image med stofbillede monteret med velcrob\u00e5nd. Den robuste konstruktion sp\u00e6nder stoffet ud til en perfekt, glat pr\u00e6sentation af dit budskab. Det er et stabilt m\u00f8dested med indvendig hylde til opbevaring af markedsf\u00f8ringsmateriale. Denne skranke i stof, som kan opstilles og pakkes ned, passer s\u00e6rligt godt til andre standere i stof. Se alle vores modeller og st\u00f8rrelser<span class=\"apple-converted-space\">\u00a0<\/span><\/span><span lang=\"DA\"><a href=\"https:\/\/www.gdirekt.se\/produkt-kategori\/diskar-podium-massbord\/\"><b><i>messeborde og skranker<\/i><\/b><\/a><\/span><span lang=\"DA\">.<\/span><\/p>\n","protected":false},"excerpt":{"rendered":"<p><span lang=\"DA\">Messebord Soft Image-skranke <\/span> er 106x102cm og 40cm dyb med stoffront og monteret op\u00a0p\u00e5 et minut. Passer til stoffer i samme materiale. Leveres i en sort nylonpose og med en hylde.<\/p>\n","protected":false},"featured_media":8121,"template":"","meta":{"_acf_changed":false},"product_brand":[],"product_cat":[373],"product_tag":[],"class_list":{"0":"post-9390","1":"product","2":"type-product","3":"status-publish","4":"has-post-thumbnail","6":"product_cat-skranker-podie-messebord","7":"product_shipping_class-180sek","9":"first","10":"instock","11":"taxable","12":"shipping-taxable","13":"purchasable","14":"product-type-simple"},"exclude_global_add_ons":[],"addons":[],"acf":[],"yoast_head":"<!-- This site is optimized with the Yoast SEO plugin v27.2 - https:\/\/yoast.com\/product\/yoast-seo-wordpress\/ -->\n<title>Messebord Soft Image-skranke, trykt billede er inkluderet i den billige pris | Gdirekt.se<\/title>\n<meta name=\"description\" content=\"Messebord Soft Image-skranke er en messeskranke med tekstilfront, som foldes ud p\u00e5 f\u00e5 minutter. Passer fint til stofv\u00e6gge i samme messemateriale. Eget tryk med tekst og logo p\u00e5 billedbanneret er inkluderet i den gode pris. Hurtig levering direkte til virksomheder og foreninger.\" \/>\n<meta name=\"robots\" content=\"index, follow, max-snippet:-1, max-image-preview:large, max-video-preview:-1\" \/>\n<link rel=\"canonical\" href=\"https:\/\/www.gdirekt.se\/da\/produkt\/messebord-soft-image-skranke\/\" \/>\n<meta property=\"og:locale\" content=\"da_DK\" \/>\n<meta property=\"og:type\" content=\"article\" \/>\n<meta property=\"og:title\" content=\"Messebord Soft Image-skranke, trykt billede er inkluderet i den billige pris | Gdirekt.se\" \/>\n<meta property=\"og:description\" content=\"Messebord Soft Image-skranke er en messeskranke med tekstilfront, som foldes ud p\u00e5 f\u00e5 minutter. Passer fint til stofv\u00e6gge i samme messemateriale. Eget tryk med tekst og logo p\u00e5 billedbanneret er inkluderet i den gode pris. Hurtig levering direkte til virksomheder og foreninger.\" \/>\n<meta property=\"og:url\" content=\"https:\/\/www.gdirekt.se\/da\/produkt\/messebord-soft-image-skranke\/\" \/>\n<meta property=\"og:site_name\" content=\"Gdirekt.se\" \/>\n<meta property=\"article:modified_time\" content=\"2024-02-01T08:41:08+00:00\" \/>\n<meta property=\"og:image\" content=\"https:\/\/www.gdirekt.se\/wp-content\/uploads\/Soft-Image-disk-maessbord.png\" \/>\n\t<meta property=\"og:image:width\" content=\"1000\" \/>\n\t<meta property=\"og:image:height\" content=\"1000\" \/>\n\t<meta property=\"og:image:type\" content=\"image\/png\" \/>\n<meta name=\"twitter:card\" content=\"summary_large_image\" \/>\n<meta name=\"twitter:label1\" content=\"Estimeret l\u00e6setid\" \/>\n\t<meta name=\"twitter:data1\" content=\"1 minut\" \/>\n<script type=\"application\/ld+json\" class=\"yoast-schema-graph\">{\"@context\":\"https:\/\/schema.org\",\"@graph\":[{\"@type\":\"WebPage\",\"@id\":\"https:\/\/www.gdirekt.se\/da\/produkt\/messebord-soft-image-skranke\/\",\"url\":\"https:\/\/www.gdirekt.se\/da\/produkt\/messebord-soft-image-skranke\/\",\"name\":\"Messebord Soft Image-skranke, trykt billede er inkluderet i den billige pris | Gdirekt.se\",\"isPartOf\":{\"@id\":\"https:\/\/www.gdirekt.se\/#website\"},\"primaryImageOfPage\":{\"@id\":\"https:\/\/www.gdirekt.se\/da\/produkt\/messebord-soft-image-skranke\/#primaryimage\"},\"image\":{\"@id\":\"https:\/\/www.gdirekt.se\/da\/produkt\/messebord-soft-image-skranke\/#primaryimage\"},\"thumbnailUrl\":\"https:\/\/www.gdirekt.se\/wp-content\/uploads\/Soft-Image-disk-maessbord.png\",\"datePublished\":\"2015-09-22T12:13:13+00:00\",\"dateModified\":\"2024-02-01T08:41:08+00:00\",\"description\":\"Messebord Soft Image-skranke er en messeskranke med tekstilfront, som foldes ud p\u00e5 f\u00e5 minutter. Passer fint til stofv\u00e6gge i samme messemateriale. Eget tryk med tekst og logo p\u00e5 billedbanneret er inkluderet i den gode pris. Hurtig levering direkte til virksomheder og foreninger.\",\"breadcrumb\":{\"@id\":\"https:\/\/www.gdirekt.se\/da\/produkt\/messebord-soft-image-skranke\/#breadcrumb\"},\"inLanguage\":\"da-DK\",\"potentialAction\":[{\"@type\":\"ReadAction\",\"target\":[\"https:\/\/www.gdirekt.se\/da\/produkt\/messebord-soft-image-skranke\/\"]}]},{\"@type\":\"ImageObject\",\"inLanguage\":\"da-DK\",\"@id\":\"https:\/\/www.gdirekt.se\/da\/produkt\/messebord-soft-image-skranke\/#primaryimage\",\"url\":\"https:\/\/www.gdirekt.se\/wp-content\/uploads\/Soft-Image-disk-maessbord.png\",\"contentUrl\":\"https:\/\/www.gdirekt.se\/wp-content\/uploads\/Soft-Image-disk-maessbord.png\",\"width\":1000,\"height\":1000,\"caption\":\"Gdirekt messebord med stof fra Expolinc.\"},{\"@type\":\"BreadcrumbList\",\"@id\":\"https:\/\/www.gdirekt.se\/da\/produkt\/messebord-soft-image-skranke\/#breadcrumb\",\"itemListElement\":[{\"@type\":\"ListItem\",\"position\":1,\"name\":\"Hem\",\"item\":\"https:\/\/www.gdirekt.se\/da\/\"},{\"@type\":\"ListItem\",\"position\":2,\"name\":\"Start\",\"item\":\"https:\/\/www.gdirekt.se\/da\/\"},{\"@type\":\"ListItem\",\"position\":3,\"name\":\"Messebord Soft Image-skranke\"}]},{\"@type\":\"WebSite\",\"@id\":\"https:\/\/www.gdirekt.se\/#website\",\"url\":\"https:\/\/www.gdirekt.se\/\",\"name\":\"Gdirekt.se\",\"description\":\"Tryck snabbt \u00e5 l\u00e4tt = Gdirekt\",\"potentialAction\":[{\"@type\":\"SearchAction\",\"target\":{\"@type\":\"EntryPoint\",\"urlTemplate\":\"https:\/\/www.gdirekt.se\/?s={search_term_string}\"},\"query-input\":{\"@type\":\"PropertyValueSpecification\",\"valueRequired\":true,\"valueName\":\"search_term_string\"}}],\"inLanguage\":\"da-DK\"}]}<\/script>\n<!-- \/ Yoast SEO plugin. -->","yoast_head_json":{"title":"Messebord Soft Image-skranke, trykt billede er inkluderet i den billige pris | Gdirekt.se","description":"Messebord Soft Image-skranke er en messeskranke med tekstilfront, som foldes ud p\u00e5 f\u00e5 minutter. Passer fint til stofv\u00e6gge i samme messemateriale. Eget tryk med tekst og logo p\u00e5 billedbanneret er inkluderet i den gode pris. Hurtig levering direkte til virksomheder og foreninger.","robots":{"index":"index","follow":"follow","max-snippet":"max-snippet:-1","max-image-preview":"max-image-preview:large","max-video-preview":"max-video-preview:-1"},"canonical":"https:\/\/www.gdirekt.se\/da\/produkt\/messebord-soft-image-skranke\/","og_locale":"da_DK","og_type":"article","og_title":"Messebord Soft Image-skranke, trykt billede er inkluderet i den billige pris | Gdirekt.se","og_description":"Messebord Soft Image-skranke er en messeskranke med tekstilfront, som foldes ud p\u00e5 f\u00e5 minutter. Passer fint til stofv\u00e6gge i samme messemateriale. Eget tryk med tekst og logo p\u00e5 billedbanneret er inkluderet i den gode pris. Hurtig levering direkte til virksomheder og foreninger.","og_url":"https:\/\/www.gdirekt.se\/da\/produkt\/messebord-soft-image-skranke\/","og_site_name":"Gdirekt.se","article_modified_time":"2024-02-01T08:41:08+00:00","og_image":[{"width":1000,"height":1000,"url":"https:\/\/www.gdirekt.se\/wp-content\/uploads\/Soft-Image-disk-maessbord.png","type":"image\/png"}],"twitter_card":"summary_large_image","twitter_misc":{"Estimeret l\u00e6setid":"1 minut"},"schema":{"@context":"https:\/\/schema.org","@graph":[{"@type":"WebPage","@id":"https:\/\/www.gdirekt.se\/da\/produkt\/messebord-soft-image-skranke\/","url":"https:\/\/www.gdirekt.se\/da\/produkt\/messebord-soft-image-skranke\/","name":"Messebord Soft Image-skranke, trykt billede er inkluderet i den billige pris | Gdirekt.se","isPartOf":{"@id":"https:\/\/www.gdirekt.se\/#website"},"primaryImageOfPage":{"@id":"https:\/\/www.gdirekt.se\/da\/produkt\/messebord-soft-image-skranke\/#primaryimage"},"image":{"@id":"https:\/\/www.gdirekt.se\/da\/produkt\/messebord-soft-image-skranke\/#primaryimage"},"thumbnailUrl":"https:\/\/www.gdirekt.se\/wp-content\/uploads\/Soft-Image-disk-maessbord.png","datePublished":"2015-09-22T12:13:13+00:00","dateModified":"2024-02-01T08:41:08+00:00","description":"Messebord Soft Image-skranke er en messeskranke med tekstilfront, som foldes ud p\u00e5 f\u00e5 minutter. Passer fint til stofv\u00e6gge i samme messemateriale. Eget tryk med tekst og logo p\u00e5 billedbanneret er inkluderet i den gode pris. Hurtig levering direkte til virksomheder og foreninger.","breadcrumb":{"@id":"https:\/\/www.gdirekt.se\/da\/produkt\/messebord-soft-image-skranke\/#breadcrumb"},"inLanguage":"da-DK","potentialAction":[{"@type":"ReadAction","target":["https:\/\/www.gdirekt.se\/da\/produkt\/messebord-soft-image-skranke\/"]}]},{"@type":"ImageObject","inLanguage":"da-DK","@id":"https:\/\/www.gdirekt.se\/da\/produkt\/messebord-soft-image-skranke\/#primaryimage","url":"https:\/\/www.gdirekt.se\/wp-content\/uploads\/Soft-Image-disk-maessbord.png","contentUrl":"https:\/\/www.gdirekt.se\/wp-content\/uploads\/Soft-Image-disk-maessbord.png","width":1000,"height":1000,"caption":"Gdirekt messebord med stof fra Expolinc."},{"@type":"BreadcrumbList","@id":"https:\/\/www.gdirekt.se\/da\/produkt\/messebord-soft-image-skranke\/#breadcrumb","itemListElement":[{"@type":"ListItem","position":1,"name":"Hem","item":"https:\/\/www.gdirekt.se\/da\/"},{"@type":"ListItem","position":2,"name":"Start","item":"https:\/\/www.gdirekt.se\/da\/"},{"@type":"ListItem","position":3,"name":"Messebord Soft Image-skranke"}]},{"@type":"WebSite","@id":"https:\/\/www.gdirekt.se\/#website","url":"https:\/\/www.gdirekt.se\/","name":"Gdirekt.se","description":"Tryck snabbt \u00e5 l\u00e4tt = Gdirekt","potentialAction":[{"@type":"SearchAction","target":{"@type":"EntryPoint","urlTemplate":"https:\/\/www.gdirekt.se\/?s={search_term_string}"},"query-input":{"@type":"PropertyValueSpecification","valueRequired":true,"valueName":"search_term_string"}}],"inLanguage":"da-DK"}]}},"_links":{"self":[{"href":"https:\/\/www.gdirekt.se\/da\/wp-json\/wp\/v2\/product\/9390","targetHints":{"allow":["GET"]}}],"collection":[{"href":"https:\/\/www.gdirekt.se\/da\/wp-json\/wp\/v2\/product"}],"about":[{"href":"https:\/\/www.gdirekt.se\/da\/wp-json\/wp\/v2\/types\/product"}],"wp:featuredmedia":[{"embeddable":true,"href":"https:\/\/www.gdirekt.se\/da\/wp-json\/wp\/v2\/media\/8121"}],"wp:attachment":[{"href":"https:\/\/www.gdirekt.se\/da\/wp-json\/wp\/v2\/media?parent=9390"}],"wp:term":[{"taxonomy":"product_brand","embeddable":true,"href":"https:\/\/www.gdirekt.se\/da\/wp-json\/wp\/v2\/product_brand?post=9390"},{"taxonomy":"product_cat","embeddable":true,"href":"https:\/\/www.gdirekt.se\/da\/wp-json\/wp\/v2\/product_cat?post=9390"},{"taxonomy":"product_tag","embeddable":true,"href":"https:\/\/www.gdirekt.se\/da\/wp-json\/wp\/v2\/product_tag?post=9390"}],"curies":[{"name":"wp","href":"https:\/\/api.w.org\/{rel}","templated":true}]}}