{"id":9389,"date":"2016-11-16T10:40:21","date_gmt":"2016-11-16T09:40:21","guid":{"rendered":"http:\/\/gdirekt.hamstage.hamrenmedia.se\/produkt\/billedpanel-til-messebord-case-counter\/"},"modified":"2024-02-01T09:40:55","modified_gmt":"2024-02-01T08:40:55","slug":"billedpanel-til-messebord-case-counter","status":"publish","type":"product","link":"https:\/\/www.gdirekt.se\/da\/produkt\/billedpanel-til-messebord-case-counter\/","title":{"rendered":"Billedpanel til Messebord Case &#038; Counter"},"content":{"rendered":"<p>Billedpanel til Messebord Case &amp; Counter. Et slidst\u00e6rkt billedpanel til messebordet Case &amp; Counter fra Gdirekt, der er en skranke til messer og events. Fastg\u00f8res p\u00e5 et par minutter, og bordet bliver til en reklames\u00f8jle, der formidler et budskab.<\/p>\n","protected":false},"excerpt":{"rendered":"<p><span lang=\"DA\">Billedpanel til Messebord Case &amp; Counter er et slidst\u00e6rkt billedpanel til messebordet.\u00a0St\u00f8rrelsen er 182x92cm. Bare Bare download skitsen og opret en original.<\/span><\/p>\n","protected":false},"featured_media":8198,"template":"","meta":{"_acf_changed":false},"product_brand":[],"product_cat":[373],"product_tag":[],"class_list":{"0":"post-9389","1":"product","2":"type-product","3":"status-publish","4":"has-post-thumbnail","6":"product_cat-skranker-podie-messebord","7":"product_shipping_class-180sek","9":"first","10":"instock","11":"taxable","12":"shipping-taxable","13":"purchasable","14":"product-type-simple"},"exclude_global_add_ons":[],"addons":[],"acf":[],"yoast_head":"<!-- This site is optimized with the Yoast SEO plugin v27.2 - https:\/\/yoast.com\/product\/yoast-seo-wordpress\/ -->\n<title>Billedpanel til Messebord Case &amp; Counter med trykt logo | Gdirekt.se<\/title>\n<meta name=\"description\" content=\"Billedpanel til Messebord Case &amp; Counter er et slidst\u00e6rkt billedpanel til messebordet eller skranken til messer og events. Smart transportkasse med trykt billedbanner med farvetrykt logo og tekst.\" \/>\n<meta name=\"robots\" content=\"index, follow, max-snippet:-1, max-image-preview:large, max-video-preview:-1\" \/>\n<link rel=\"canonical\" href=\"https:\/\/www.gdirekt.se\/da\/produkt\/billedpanel-til-messebord-case-counter\/\" \/>\n<meta property=\"og:locale\" content=\"da_DK\" \/>\n<meta property=\"og:type\" content=\"article\" \/>\n<meta property=\"og:title\" content=\"Billedpanel til Messebord Case &amp; Counter med trykt logo | Gdirekt.se\" \/>\n<meta property=\"og:description\" content=\"Billedpanel til Messebord Case &amp; Counter er et slidst\u00e6rkt billedpanel til messebordet eller skranken til messer og events. Smart transportkasse med trykt billedbanner med farvetrykt logo og tekst.\" \/>\n<meta property=\"og:url\" content=\"https:\/\/www.gdirekt.se\/da\/produkt\/billedpanel-til-messebord-case-counter\/\" \/>\n<meta property=\"og:site_name\" content=\"Gdirekt.se\" \/>\n<meta property=\"article:modified_time\" content=\"2024-02-01T08:40:55+00:00\" \/>\n<meta property=\"og:image\" content=\"https:\/\/www.gdirekt.se\/wp-content\/uploads\/bildsvep-till-case-and-counter.png\" \/>\n\t<meta property=\"og:image:width\" content=\"1000\" \/>\n\t<meta property=\"og:image:height\" content=\"1000\" \/>\n\t<meta property=\"og:image:type\" content=\"image\/png\" \/>\n<meta name=\"twitter:card\" content=\"summary_large_image\" \/>\n<script type=\"application\/ld+json\" class=\"yoast-schema-graph\">{\"@context\":\"https:\/\/schema.org\",\"@graph\":[{\"@type\":\"WebPage\",\"@id\":\"https:\/\/www.gdirekt.se\/da\/produkt\/billedpanel-til-messebord-case-counter\/\",\"url\":\"https:\/\/www.gdirekt.se\/da\/produkt\/billedpanel-til-messebord-case-counter\/\",\"name\":\"Billedpanel til Messebord Case & Counter med trykt logo | Gdirekt.se\",\"isPartOf\":{\"@id\":\"https:\/\/www.gdirekt.se\/#website\"},\"primaryImageOfPage\":{\"@id\":\"https:\/\/www.gdirekt.se\/da\/produkt\/billedpanel-til-messebord-case-counter\/#primaryimage\"},\"image\":{\"@id\":\"https:\/\/www.gdirekt.se\/da\/produkt\/billedpanel-til-messebord-case-counter\/#primaryimage\"},\"thumbnailUrl\":\"https:\/\/www.gdirekt.se\/wp-content\/uploads\/bildsvep-till-case-and-counter.png\",\"datePublished\":\"2016-11-16T09:40:21+00:00\",\"dateModified\":\"2024-02-01T08:40:55+00:00\",\"description\":\"Billedpanel til Messebord Case & Counter er et slidst\u00e6rkt billedpanel til messebordet eller skranken til messer og events. Smart transportkasse med trykt billedbanner med farvetrykt logo og tekst.\",\"breadcrumb\":{\"@id\":\"https:\/\/www.gdirekt.se\/da\/produkt\/billedpanel-til-messebord-case-counter\/#breadcrumb\"},\"inLanguage\":\"da-DK\",\"potentialAction\":[{\"@type\":\"ReadAction\",\"target\":[\"https:\/\/www.gdirekt.se\/da\/produkt\/billedpanel-til-messebord-case-counter\/\"]}]},{\"@type\":\"ImageObject\",\"inLanguage\":\"da-DK\",\"@id\":\"https:\/\/www.gdirekt.se\/da\/produkt\/billedpanel-til-messebord-case-counter\/#primaryimage\",\"url\":\"https:\/\/www.gdirekt.se\/wp-content\/uploads\/bildsvep-till-case-and-counter.png\",\"contentUrl\":\"https:\/\/www.gdirekt.se\/wp-content\/uploads\/bildsvep-till-case-and-counter.png\",\"width\":1000,\"height\":1000,\"caption\":\"Billede panel til messebord Case & Counter fra Gdirekt\"},{\"@type\":\"BreadcrumbList\",\"@id\":\"https:\/\/www.gdirekt.se\/da\/produkt\/billedpanel-til-messebord-case-counter\/#breadcrumb\",\"itemListElement\":[{\"@type\":\"ListItem\",\"position\":1,\"name\":\"Hem\",\"item\":\"https:\/\/www.gdirekt.se\/da\/\"},{\"@type\":\"ListItem\",\"position\":2,\"name\":\"Start\",\"item\":\"https:\/\/www.gdirekt.se\/da\/\"},{\"@type\":\"ListItem\",\"position\":3,\"name\":\"Billedpanel til Messebord Case &#038; Counter\"}]},{\"@type\":\"WebSite\",\"@id\":\"https:\/\/www.gdirekt.se\/#website\",\"url\":\"https:\/\/www.gdirekt.se\/\",\"name\":\"Gdirekt.se\",\"description\":\"Tryck snabbt \u00e5 l\u00e4tt = Gdirekt\",\"potentialAction\":[{\"@type\":\"SearchAction\",\"target\":{\"@type\":\"EntryPoint\",\"urlTemplate\":\"https:\/\/www.gdirekt.se\/?s={search_term_string}\"},\"query-input\":{\"@type\":\"PropertyValueSpecification\",\"valueRequired\":true,\"valueName\":\"search_term_string\"}}],\"inLanguage\":\"da-DK\"}]}<\/script>\n<!-- \/ Yoast SEO plugin. -->","yoast_head_json":{"title":"Billedpanel til Messebord Case & Counter med trykt logo | Gdirekt.se","description":"Billedpanel til Messebord Case & Counter er et slidst\u00e6rkt billedpanel til messebordet eller skranken til messer og events. Smart transportkasse med trykt billedbanner med farvetrykt logo og tekst.","robots":{"index":"index","follow":"follow","max-snippet":"max-snippet:-1","max-image-preview":"max-image-preview:large","max-video-preview":"max-video-preview:-1"},"canonical":"https:\/\/www.gdirekt.se\/da\/produkt\/billedpanel-til-messebord-case-counter\/","og_locale":"da_DK","og_type":"article","og_title":"Billedpanel til Messebord Case & Counter med trykt logo | Gdirekt.se","og_description":"Billedpanel til Messebord Case & Counter er et slidst\u00e6rkt billedpanel til messebordet eller skranken til messer og events. Smart transportkasse med trykt billedbanner med farvetrykt logo og tekst.","og_url":"https:\/\/www.gdirekt.se\/da\/produkt\/billedpanel-til-messebord-case-counter\/","og_site_name":"Gdirekt.se","article_modified_time":"2024-02-01T08:40:55+00:00","og_image":[{"width":1000,"height":1000,"url":"https:\/\/www.gdirekt.se\/wp-content\/uploads\/bildsvep-till-case-and-counter.png","type":"image\/png"}],"twitter_card":"summary_large_image","schema":{"@context":"https:\/\/schema.org","@graph":[{"@type":"WebPage","@id":"https:\/\/www.gdirekt.se\/da\/produkt\/billedpanel-til-messebord-case-counter\/","url":"https:\/\/www.gdirekt.se\/da\/produkt\/billedpanel-til-messebord-case-counter\/","name":"Billedpanel til Messebord Case & Counter med trykt logo | Gdirekt.se","isPartOf":{"@id":"https:\/\/www.gdirekt.se\/#website"},"primaryImageOfPage":{"@id":"https:\/\/www.gdirekt.se\/da\/produkt\/billedpanel-til-messebord-case-counter\/#primaryimage"},"image":{"@id":"https:\/\/www.gdirekt.se\/da\/produkt\/billedpanel-til-messebord-case-counter\/#primaryimage"},"thumbnailUrl":"https:\/\/www.gdirekt.se\/wp-content\/uploads\/bildsvep-till-case-and-counter.png","datePublished":"2016-11-16T09:40:21+00:00","dateModified":"2024-02-01T08:40:55+00:00","description":"Billedpanel til Messebord Case & Counter er et slidst\u00e6rkt billedpanel til messebordet eller skranken til messer og events. Smart transportkasse med trykt billedbanner med farvetrykt logo og tekst.","breadcrumb":{"@id":"https:\/\/www.gdirekt.se\/da\/produkt\/billedpanel-til-messebord-case-counter\/#breadcrumb"},"inLanguage":"da-DK","potentialAction":[{"@type":"ReadAction","target":["https:\/\/www.gdirekt.se\/da\/produkt\/billedpanel-til-messebord-case-counter\/"]}]},{"@type":"ImageObject","inLanguage":"da-DK","@id":"https:\/\/www.gdirekt.se\/da\/produkt\/billedpanel-til-messebord-case-counter\/#primaryimage","url":"https:\/\/www.gdirekt.se\/wp-content\/uploads\/bildsvep-till-case-and-counter.png","contentUrl":"https:\/\/www.gdirekt.se\/wp-content\/uploads\/bildsvep-till-case-and-counter.png","width":1000,"height":1000,"caption":"Billede panel til messebord Case & Counter fra Gdirekt"},{"@type":"BreadcrumbList","@id":"https:\/\/www.gdirekt.se\/da\/produkt\/billedpanel-til-messebord-case-counter\/#breadcrumb","itemListElement":[{"@type":"ListItem","position":1,"name":"Hem","item":"https:\/\/www.gdirekt.se\/da\/"},{"@type":"ListItem","position":2,"name":"Start","item":"https:\/\/www.gdirekt.se\/da\/"},{"@type":"ListItem","position":3,"name":"Billedpanel til Messebord Case &#038; Counter"}]},{"@type":"WebSite","@id":"https:\/\/www.gdirekt.se\/#website","url":"https:\/\/www.gdirekt.se\/","name":"Gdirekt.se","description":"Tryck snabbt \u00e5 l\u00e4tt = Gdirekt","potentialAction":[{"@type":"SearchAction","target":{"@type":"EntryPoint","urlTemplate":"https:\/\/www.gdirekt.se\/?s={search_term_string}"},"query-input":{"@type":"PropertyValueSpecification","valueRequired":true,"valueName":"search_term_string"}}],"inLanguage":"da-DK"}]}},"_links":{"self":[{"href":"https:\/\/www.gdirekt.se\/da\/wp-json\/wp\/v2\/product\/9389","targetHints":{"allow":["GET"]}}],"collection":[{"href":"https:\/\/www.gdirekt.se\/da\/wp-json\/wp\/v2\/product"}],"about":[{"href":"https:\/\/www.gdirekt.se\/da\/wp-json\/wp\/v2\/types\/product"}],"wp:featuredmedia":[{"embeddable":true,"href":"https:\/\/www.gdirekt.se\/da\/wp-json\/wp\/v2\/media\/8198"}],"wp:attachment":[{"href":"https:\/\/www.gdirekt.se\/da\/wp-json\/wp\/v2\/media?parent=9389"}],"wp:term":[{"taxonomy":"product_brand","embeddable":true,"href":"https:\/\/www.gdirekt.se\/da\/wp-json\/wp\/v2\/product_brand?post=9389"},{"taxonomy":"product_cat","embeddable":true,"href":"https:\/\/www.gdirekt.se\/da\/wp-json\/wp\/v2\/product_cat?post=9389"},{"taxonomy":"product_tag","embeddable":true,"href":"https:\/\/www.gdirekt.se\/da\/wp-json\/wp\/v2\/product_tag?post=9389"}],"curies":[{"name":"wp","href":"https:\/\/api.w.org\/{rel}","templated":true}]}}