{"id":9385,"date":"2015-09-23T10:59:22","date_gmt":"2015-09-23T08:59:22","guid":{"rendered":"http:\/\/gdirekt.hamstage.hamrenmedia.se\/produkt\/messebord-budget\/"},"modified":"2024-02-01T09:41:06","modified_gmt":"2024-02-01T08:41:06","slug":"messebord-budget","status":"publish","type":"product","link":"https:\/\/www.gdirekt.se\/da\/produkt\/messebord-budget\/","title":{"rendered":"Messebord Budget"},"content":{"rendered":"<p><span lang=\"DA\">Messebord Budget. Vores prisbillige variant af et messebord er nemt at stille op! Bordet er\u00a091 cm bredt, 45 cm tykt og 94 cm h\u00f8jt. Billedpanelet fastg\u00f8res let med velcro, og der er ikke brug for noget specielt v\u00e6rkt\u00f8j. Billedpanelet eller billedbanneret, som nogen kalder det, m\u00e5ler 187 cm i bredden og 90 cm i h\u00f8jden. Det er meget nemt at stille messebordet op, og det er ogs\u00e5 let at fastg\u00f8re det trykte billede. Toppladen er i m\u00f8rkt tr\u00e6lignende fin\u00e9r, som ser superflot ud. Inden i selve messeskranken kan der opbevares<span class=\"apple-converted-space\">\u00a0<\/span><\/span><span lang=\"DA\"><a href=\"https:\/\/www.gdirekt.se\/produkt-kategori\/tryck-visitkort\/\"><strong><i>tryksager<\/i><\/strong><\/a><\/span><span lang=\"DA\">\u00a0(de kan ogs\u00e5 k\u00f8bes p\u00e5 nettet, for eksempel hos os her p\u00e5 Gdirekt). Der er nemlig en hylde i messebordet, hvor man for eksempel har plads til sin jakke, kuglepenne eller v\u00e6rdsatte kundegaver.<\/span><\/p>\n<h3><span lang=\"DA\">Messebord Budget kan bruges til n\u00e6sten hvad som helst<\/span><\/h3>\n<p><span lang=\"DA\">Man anvender med fordel Messebord Budget p\u00e5 messer, ved produktlanceringer eller pop-up-forretninger i butikker og butikscentre. Produkterne til fremvisning bag denne prisbillige skranke kan naturligvis v\u00e6re alt fra mobiltelefoner til madprodukter, som skal serveres til forbipasserende, potentielle kunder. Disse messepodier er blevet popul\u00e6re og er n\u00e6sten en standard takket v\u00e6re den lave pris, man opn\u00e5r ved at k\u00f8be over nettet. F\u00f8lg os p\u00e5<span class=\"apple-converted-space\">\u00a0<\/span><\/span><span lang=\"DA\"><a href=\"https:\/\/www.instagram.com\/gigantprint\/\"><b><i>Instagram<\/i><\/b><\/a><\/span><span lang=\"DA\">!<\/span><\/p>\n<p><span lang=\"DA\">For at vise budskabet tydeligt og i sin helhed, er det en god id\u00e9 at holde budskabet centreret forrest inden for en bredde p\u00e5 80 cm. Det ser flot ud at placere virksomhedens logo og m\u00e5ske en kort frase med et budskab. Man b\u00f8r undg\u00e5 lange tekster og have et enkelt og letl\u00e6seligt tryk, da man ofte har kort tid til at fange folks opm\u00e6rksomhed.<\/span><\/p>\n","protected":false},"excerpt":{"rendered":"<p><span lang=\"DA\">Messebord Budget k\u00f8ber I til lav pris <strong>inkl. billedbanner!<\/strong> Podiet er\u00a091 cm bredt, 45 cm dybt og 91 cm h\u00f8jt. Komplet i taske med podie, hylder, topplade og dit eget tryk i farve.<\/span><\/p>\n","protected":false},"featured_media":8196,"template":"","meta":{"_acf_changed":false},"product_brand":[],"product_cat":[373],"product_tag":[],"class_list":{"0":"post-9385","1":"product","2":"type-product","3":"status-publish","4":"has-post-thumbnail","6":"product_cat-skranker-podie-messebord","7":"product_shipping_class-180sek","9":"first","10":"instock","11":"taxable","12":"shipping-taxable","13":"purchasable","14":"product-type-simple"},"exclude_global_add_ons":[],"addons":[],"acf":[],"yoast_head":"<!-- This site is optimized with the Yoast SEO plugin v27.2 - https:\/\/yoast.com\/product\/yoast-seo-wordpress\/ -->\n<title>Messebord Budget er billigt med kvalitet. K\u00f8b til den rigtige pris | Gdirekt.se<\/title>\n<meta name=\"description\" content=\"Messebord Budget k\u00f8ber I til lav pris inkl. billedbanner! Podiet er 91 cm bredt, 45 cm dybt og 91 cm h\u00f8jt. Komplet i taske med podie, hylder, topplade og dit eget tryk i farve med logo og billede leveres direkte fra vores trykkeri!\" \/>\n<meta name=\"robots\" content=\"index, follow, max-snippet:-1, max-image-preview:large, max-video-preview:-1\" \/>\n<link rel=\"canonical\" href=\"https:\/\/www.gdirekt.se\/da\/produkt\/messebord-budget\/\" \/>\n<meta property=\"og:locale\" content=\"da_DK\" \/>\n<meta property=\"og:type\" content=\"article\" \/>\n<meta property=\"og:title\" content=\"Messebord Budget er billigt med kvalitet. K\u00f8b til den rigtige pris | Gdirekt.se\" \/>\n<meta property=\"og:description\" content=\"Messebord Budget k\u00f8ber I til lav pris inkl. billedbanner! Podiet er 91 cm bredt, 45 cm dybt og 91 cm h\u00f8jt. Komplet i taske med podie, hylder, topplade og dit eget tryk i farve med logo og billede leveres direkte fra vores trykkeri!\" \/>\n<meta property=\"og:url\" content=\"https:\/\/www.gdirekt.se\/da\/produkt\/messebord-budget\/\" \/>\n<meta property=\"og:site_name\" content=\"Gdirekt.se\" \/>\n<meta property=\"article:modified_time\" content=\"2024-02-01T08:41:06+00:00\" \/>\n<meta property=\"og:image\" content=\"https:\/\/www.gdirekt.se\/wp-content\/uploads\/Massbord-buget-Gdirekt.png\" \/>\n\t<meta property=\"og:image:width\" content=\"1000\" \/>\n\t<meta property=\"og:image:height\" content=\"1000\" \/>\n\t<meta property=\"og:image:type\" content=\"image\/png\" \/>\n<meta name=\"twitter:card\" content=\"summary_large_image\" \/>\n<meta name=\"twitter:label1\" content=\"Estimeret l\u00e6setid\" \/>\n\t<meta name=\"twitter:data1\" content=\"1 minut\" \/>\n<script type=\"application\/ld+json\" class=\"yoast-schema-graph\">{\"@context\":\"https:\/\/schema.org\",\"@graph\":[{\"@type\":\"WebPage\",\"@id\":\"https:\/\/www.gdirekt.se\/da\/produkt\/messebord-budget\/\",\"url\":\"https:\/\/www.gdirekt.se\/da\/produkt\/messebord-budget\/\",\"name\":\"Messebord Budget er billigt med kvalitet. K\u00f8b til den rigtige pris | Gdirekt.se\",\"isPartOf\":{\"@id\":\"https:\/\/www.gdirekt.se\/#website\"},\"primaryImageOfPage\":{\"@id\":\"https:\/\/www.gdirekt.se\/da\/produkt\/messebord-budget\/#primaryimage\"},\"image\":{\"@id\":\"https:\/\/www.gdirekt.se\/da\/produkt\/messebord-budget\/#primaryimage\"},\"thumbnailUrl\":\"https:\/\/www.gdirekt.se\/wp-content\/uploads\/Massbord-buget-Gdirekt.png\",\"datePublished\":\"2015-09-23T08:59:22+00:00\",\"dateModified\":\"2024-02-01T08:41:06+00:00\",\"description\":\"Messebord Budget k\u00f8ber I til lav pris inkl. billedbanner! Podiet er 91 cm bredt, 45 cm dybt og 91 cm h\u00f8jt. Komplet i taske med podie, hylder, topplade og dit eget tryk i farve med logo og billede leveres direkte fra vores trykkeri!\",\"breadcrumb\":{\"@id\":\"https:\/\/www.gdirekt.se\/da\/produkt\/messebord-budget\/#breadcrumb\"},\"inLanguage\":\"da-DK\",\"potentialAction\":[{\"@type\":\"ReadAction\",\"target\":[\"https:\/\/www.gdirekt.se\/da\/produkt\/messebord-budget\/\"]}]},{\"@type\":\"ImageObject\",\"inLanguage\":\"da-DK\",\"@id\":\"https:\/\/www.gdirekt.se\/da\/produkt\/messebord-budget\/#primaryimage\",\"url\":\"https:\/\/www.gdirekt.se\/wp-content\/uploads\/Massbord-buget-Gdirekt.png\",\"contentUrl\":\"https:\/\/www.gdirekt.se\/wp-content\/uploads\/Massbord-buget-Gdirekt.png\",\"width\":1000,\"height\":1000,\"caption\":\"Et billigt bord til udstillingen med trykt billede\"},{\"@type\":\"BreadcrumbList\",\"@id\":\"https:\/\/www.gdirekt.se\/da\/produkt\/messebord-budget\/#breadcrumb\",\"itemListElement\":[{\"@type\":\"ListItem\",\"position\":1,\"name\":\"Hem\",\"item\":\"https:\/\/www.gdirekt.se\/da\/\"},{\"@type\":\"ListItem\",\"position\":2,\"name\":\"Start\",\"item\":\"https:\/\/www.gdirekt.se\/da\/\"},{\"@type\":\"ListItem\",\"position\":3,\"name\":\"Messebord Budget\"}]},{\"@type\":\"WebSite\",\"@id\":\"https:\/\/www.gdirekt.se\/#website\",\"url\":\"https:\/\/www.gdirekt.se\/\",\"name\":\"Gdirekt.se\",\"description\":\"Tryck snabbt \u00e5 l\u00e4tt = Gdirekt\",\"potentialAction\":[{\"@type\":\"SearchAction\",\"target\":{\"@type\":\"EntryPoint\",\"urlTemplate\":\"https:\/\/www.gdirekt.se\/?s={search_term_string}\"},\"query-input\":{\"@type\":\"PropertyValueSpecification\",\"valueRequired\":true,\"valueName\":\"search_term_string\"}}],\"inLanguage\":\"da-DK\"}]}<\/script>\n<!-- \/ Yoast SEO plugin. -->","yoast_head_json":{"title":"Messebord Budget er billigt med kvalitet. K\u00f8b til den rigtige pris | Gdirekt.se","description":"Messebord Budget k\u00f8ber I til lav pris inkl. billedbanner! Podiet er 91 cm bredt, 45 cm dybt og 91 cm h\u00f8jt. Komplet i taske med podie, hylder, topplade og dit eget tryk i farve med logo og billede leveres direkte fra vores trykkeri!","robots":{"index":"index","follow":"follow","max-snippet":"max-snippet:-1","max-image-preview":"max-image-preview:large","max-video-preview":"max-video-preview:-1"},"canonical":"https:\/\/www.gdirekt.se\/da\/produkt\/messebord-budget\/","og_locale":"da_DK","og_type":"article","og_title":"Messebord Budget er billigt med kvalitet. K\u00f8b til den rigtige pris | Gdirekt.se","og_description":"Messebord Budget k\u00f8ber I til lav pris inkl. billedbanner! Podiet er 91 cm bredt, 45 cm dybt og 91 cm h\u00f8jt. Komplet i taske med podie, hylder, topplade og dit eget tryk i farve med logo og billede leveres direkte fra vores trykkeri!","og_url":"https:\/\/www.gdirekt.se\/da\/produkt\/messebord-budget\/","og_site_name":"Gdirekt.se","article_modified_time":"2024-02-01T08:41:06+00:00","og_image":[{"width":1000,"height":1000,"url":"https:\/\/www.gdirekt.se\/wp-content\/uploads\/Massbord-buget-Gdirekt.png","type":"image\/png"}],"twitter_card":"summary_large_image","twitter_misc":{"Estimeret l\u00e6setid":"1 minut"},"schema":{"@context":"https:\/\/schema.org","@graph":[{"@type":"WebPage","@id":"https:\/\/www.gdirekt.se\/da\/produkt\/messebord-budget\/","url":"https:\/\/www.gdirekt.se\/da\/produkt\/messebord-budget\/","name":"Messebord Budget er billigt med kvalitet. K\u00f8b til den rigtige pris | Gdirekt.se","isPartOf":{"@id":"https:\/\/www.gdirekt.se\/#website"},"primaryImageOfPage":{"@id":"https:\/\/www.gdirekt.se\/da\/produkt\/messebord-budget\/#primaryimage"},"image":{"@id":"https:\/\/www.gdirekt.se\/da\/produkt\/messebord-budget\/#primaryimage"},"thumbnailUrl":"https:\/\/www.gdirekt.se\/wp-content\/uploads\/Massbord-buget-Gdirekt.png","datePublished":"2015-09-23T08:59:22+00:00","dateModified":"2024-02-01T08:41:06+00:00","description":"Messebord Budget k\u00f8ber I til lav pris inkl. billedbanner! Podiet er 91 cm bredt, 45 cm dybt og 91 cm h\u00f8jt. Komplet i taske med podie, hylder, topplade og dit eget tryk i farve med logo og billede leveres direkte fra vores trykkeri!","breadcrumb":{"@id":"https:\/\/www.gdirekt.se\/da\/produkt\/messebord-budget\/#breadcrumb"},"inLanguage":"da-DK","potentialAction":[{"@type":"ReadAction","target":["https:\/\/www.gdirekt.se\/da\/produkt\/messebord-budget\/"]}]},{"@type":"ImageObject","inLanguage":"da-DK","@id":"https:\/\/www.gdirekt.se\/da\/produkt\/messebord-budget\/#primaryimage","url":"https:\/\/www.gdirekt.se\/wp-content\/uploads\/Massbord-buget-Gdirekt.png","contentUrl":"https:\/\/www.gdirekt.se\/wp-content\/uploads\/Massbord-buget-Gdirekt.png","width":1000,"height":1000,"caption":"Et billigt bord til udstillingen med trykt billede"},{"@type":"BreadcrumbList","@id":"https:\/\/www.gdirekt.se\/da\/produkt\/messebord-budget\/#breadcrumb","itemListElement":[{"@type":"ListItem","position":1,"name":"Hem","item":"https:\/\/www.gdirekt.se\/da\/"},{"@type":"ListItem","position":2,"name":"Start","item":"https:\/\/www.gdirekt.se\/da\/"},{"@type":"ListItem","position":3,"name":"Messebord Budget"}]},{"@type":"WebSite","@id":"https:\/\/www.gdirekt.se\/#website","url":"https:\/\/www.gdirekt.se\/","name":"Gdirekt.se","description":"Tryck snabbt \u00e5 l\u00e4tt = Gdirekt","potentialAction":[{"@type":"SearchAction","target":{"@type":"EntryPoint","urlTemplate":"https:\/\/www.gdirekt.se\/?s={search_term_string}"},"query-input":{"@type":"PropertyValueSpecification","valueRequired":true,"valueName":"search_term_string"}}],"inLanguage":"da-DK"}]}},"_links":{"self":[{"href":"https:\/\/www.gdirekt.se\/da\/wp-json\/wp\/v2\/product\/9385","targetHints":{"allow":["GET"]}}],"collection":[{"href":"https:\/\/www.gdirekt.se\/da\/wp-json\/wp\/v2\/product"}],"about":[{"href":"https:\/\/www.gdirekt.se\/da\/wp-json\/wp\/v2\/types\/product"}],"wp:featuredmedia":[{"embeddable":true,"href":"https:\/\/www.gdirekt.se\/da\/wp-json\/wp\/v2\/media\/8196"}],"wp:attachment":[{"href":"https:\/\/www.gdirekt.se\/da\/wp-json\/wp\/v2\/media?parent=9385"}],"wp:term":[{"taxonomy":"product_brand","embeddable":true,"href":"https:\/\/www.gdirekt.se\/da\/wp-json\/wp\/v2\/product_brand?post=9385"},{"taxonomy":"product_cat","embeddable":true,"href":"https:\/\/www.gdirekt.se\/da\/wp-json\/wp\/v2\/product_cat?post=9385"},{"taxonomy":"product_tag","embeddable":true,"href":"https:\/\/www.gdirekt.se\/da\/wp-json\/wp\/v2\/product_tag?post=9385"}],"curies":[{"name":"wp","href":"https:\/\/api.w.org\/{rel}","templated":true}]}}