{"id":9378,"date":"2016-12-27T10:43:20","date_gmt":"2016-12-27T09:43:20","guid":{"rendered":"http:\/\/gdirekt.hamstage.hamrenmedia.se\/produkt\/vinylskraber-med-filt\/"},"modified":"2024-02-01T09:37:05","modified_gmt":"2024-02-01T08:37:05","slug":"vinylskraber-med-filt","status":"publish","type":"product","link":"https:\/\/www.gdirekt.se\/da\/produkt\/vinylskraber-med-filt\/","title":{"rendered":"Vinylskraber med filt"},"content":{"rendered":"<p><span lang=\"DA\">Brug vinylskraber med filt ved montering af overf\u00f8ringsbilleder og dekorationer. K\u00f8b den som ekstraudstyr med hurtig levering til indpakning af bilen med klisterm\u00e6rker.<\/span><\/p>\n<p><strong><span lang=\"DA\">Monteringsanvisning til indpakning med overf\u00f8ringsbilleder og dekorationer:<\/span><\/strong><\/p>\n<p><span lang=\"DA\">1. Har du aldrig pakket ind med en bildekoration med udsk\u00e5ren tekst og finder det sv\u00e6rt, kan du kontakte os inden, tlf.: +46 (0)11-251515.<\/span><\/p>\n<p><span lang=\"DA\">2. N\u00e5r du har k\u00f8bt overf\u00f8ringsbilledet og skal montere eller pakke ind med den, skal overfladen f\u00f8rst vaskes og reng\u00f8res grundigt.<\/span><\/p>\n<p><span lang=\"DA\">3. Derefter m\u00e5ler og s\u00f8rger du for, at overf\u00f8ringsbilledet monteres lige eller p\u00e5 rette sted.<\/span><\/p>\n<p><span lang=\"DA\">4. Du kan b\u00f8je nogle centimeter af monteringsfilmens bagside\/bagstykke af og f\u00e6stne det p\u00e5 v\u00e6ggen eller bruge en smule tape.<\/span><\/p>\n<p><span lang=\"DA\">5. Derefter begynder du fra den side, du b\u00f8jede, uden bagsiden\/arket og tr\u00e6kker langsomt bagsiden af. Derefter stryger du monteringsfilmen, hvor vinylen skal sidde, med vinylskraberen med filt.<\/span><\/p>\n<p><span lang=\"DA\">6. N\u00e5r hele arket er monteret p\u00e5 bilen, gnider du igen overf\u00f8ringsbilledskraberen over overf\u00f8ringsbilledet, s\u00e5 det sidder godt fast. Derefter tr\u00e6kker du forsigtigt monteringsfilmen af, og bildekorationen sidder tilbage p\u00e5 bilen.<\/span><\/p>\n<p><span lang=\"DA\">Her ser I alle<span class=\"apple-converted-space\">\u00a0<\/span><\/span><span lang=\"DA\"><a href=\"https:\/\/www.gdirekt.se\/produkt-kategori\/dekaler-dekor-vinyl-klistermarken\/\"><b><i>vinyler og klisteroverf\u00f8ringsbilleder,<\/i><\/b><\/a><\/span><span lang=\"DA\">som I kan bestille!<\/span><\/p>\n","protected":false},"excerpt":{"rendered":"<p>Vinylskraber med filt, du bruger, n\u00e5r du installerer dekaler og dekorat\u00f8rer. K\u00f8b det med hurtig levering til bilfolie og klisterm\u00e6rkerne.<\/p>\n","protected":false},"featured_media":8341,"template":"","meta":{"_acf_changed":false},"product_brand":[],"product_cat":[369],"product_tag":[],"class_list":{"0":"post-9378","1":"product","2":"type-product","3":"status-publish","4":"has-post-thumbnail","6":"product_cat-klistermaerker-vinyl-og-folie","7":"product_shipping_class-85kr-da","9":"first","10":"instock","11":"taxable","12":"shipping-taxable","13":"purchasable","14":"product-type-simple"},"exclude_global_add_ons":[],"addons":[],"acf":[],"yoast_head":"<!-- This site is optimized with the Yoast SEO plugin v27.2 - https:\/\/yoast.com\/product\/yoast-seo-wordpress\/ -->\n<title>Vinylskraber med filt til klisterm\u00e6rker og folie | Gdirekt.se<\/title>\n<meta name=\"description\" content=\"Brug vinylskraber med filt ved montering af overf\u00f8ringsbilleder og dekorationer. K\u00f8b den som ekstraudstyr med hurtig levering til indpakning af bilen med klisterm\u00e6rker.\" \/>\n<meta name=\"robots\" content=\"index, follow, max-snippet:-1, max-image-preview:large, max-video-preview:-1\" \/>\n<link rel=\"canonical\" href=\"https:\/\/www.gdirekt.se\/da\/produkt\/vinylskraber-med-filt\/\" \/>\n<meta property=\"og:locale\" content=\"da_DK\" \/>\n<meta property=\"og:type\" content=\"article\" \/>\n<meta property=\"og:title\" content=\"Vinylskraber med filt til klisterm\u00e6rker og folie | Gdirekt.se\" \/>\n<meta property=\"og:description\" content=\"Brug vinylskraber med filt ved montering af overf\u00f8ringsbilleder og dekorationer. K\u00f8b den som ekstraudstyr med hurtig levering til indpakning af bilen med klisterm\u00e6rker.\" \/>\n<meta property=\"og:url\" content=\"https:\/\/www.gdirekt.se\/da\/produkt\/vinylskraber-med-filt\/\" \/>\n<meta property=\"og:site_name\" content=\"Gdirekt.se\" \/>\n<meta property=\"article:modified_time\" content=\"2024-02-01T08:37:05+00:00\" \/>\n<meta property=\"og:image\" content=\"https:\/\/www.gdirekt.se\/wp-content\/uploads\/vinylskrapa.png\" \/>\n\t<meta property=\"og:image:width\" content=\"1000\" \/>\n\t<meta property=\"og:image:height\" content=\"1000\" \/>\n\t<meta property=\"og:image:type\" content=\"image\/png\" \/>\n<meta name=\"twitter:card\" content=\"summary_large_image\" \/>\n<meta name=\"twitter:label1\" content=\"Estimeret l\u00e6setid\" \/>\n\t<meta name=\"twitter:data1\" content=\"1 minut\" \/>\n<script type=\"application\/ld+json\" class=\"yoast-schema-graph\">{\"@context\":\"https:\/\/schema.org\",\"@graph\":[{\"@type\":\"WebPage\",\"@id\":\"https:\/\/www.gdirekt.se\/da\/produkt\/vinylskraber-med-filt\/\",\"url\":\"https:\/\/www.gdirekt.se\/da\/produkt\/vinylskraber-med-filt\/\",\"name\":\"Vinylskraber med filt til klisterm\u00e6rker og folie | Gdirekt.se\",\"isPartOf\":{\"@id\":\"https:\/\/www.gdirekt.se\/#website\"},\"primaryImageOfPage\":{\"@id\":\"https:\/\/www.gdirekt.se\/da\/produkt\/vinylskraber-med-filt\/#primaryimage\"},\"image\":{\"@id\":\"https:\/\/www.gdirekt.se\/da\/produkt\/vinylskraber-med-filt\/#primaryimage\"},\"thumbnailUrl\":\"https:\/\/www.gdirekt.se\/wp-content\/uploads\/vinylskrapa.png\",\"datePublished\":\"2016-12-27T09:43:20+00:00\",\"dateModified\":\"2024-02-01T08:37:05+00:00\",\"description\":\"Brug vinylskraber med filt ved montering af overf\u00f8ringsbilleder og dekorationer. K\u00f8b den som ekstraudstyr med hurtig levering til indpakning af bilen med klisterm\u00e6rker.\",\"breadcrumb\":{\"@id\":\"https:\/\/www.gdirekt.se\/da\/produkt\/vinylskraber-med-filt\/#breadcrumb\"},\"inLanguage\":\"da-DK\",\"potentialAction\":[{\"@type\":\"ReadAction\",\"target\":[\"https:\/\/www.gdirekt.se\/da\/produkt\/vinylskraber-med-filt\/\"]}]},{\"@type\":\"ImageObject\",\"inLanguage\":\"da-DK\",\"@id\":\"https:\/\/www.gdirekt.se\/da\/produkt\/vinylskraber-med-filt\/#primaryimage\",\"url\":\"https:\/\/www.gdirekt.se\/wp-content\/uploads\/vinylskrapa.png\",\"contentUrl\":\"https:\/\/www.gdirekt.se\/wp-content\/uploads\/vinylskrapa.png\",\"width\":1000,\"height\":1000,\"caption\":\"Smart dekorative scraper med filt\"},{\"@type\":\"BreadcrumbList\",\"@id\":\"https:\/\/www.gdirekt.se\/da\/produkt\/vinylskraber-med-filt\/#breadcrumb\",\"itemListElement\":[{\"@type\":\"ListItem\",\"position\":1,\"name\":\"Hem\",\"item\":\"https:\/\/www.gdirekt.se\/da\/\"},{\"@type\":\"ListItem\",\"position\":2,\"name\":\"Start\",\"item\":\"https:\/\/www.gdirekt.se\/da\/\"},{\"@type\":\"ListItem\",\"position\":3,\"name\":\"Vinylskraber med filt\"}]},{\"@type\":\"WebSite\",\"@id\":\"https:\/\/www.gdirekt.se\/#website\",\"url\":\"https:\/\/www.gdirekt.se\/\",\"name\":\"Gdirekt.se\",\"description\":\"Tryck snabbt \u00e5 l\u00e4tt = Gdirekt\",\"potentialAction\":[{\"@type\":\"SearchAction\",\"target\":{\"@type\":\"EntryPoint\",\"urlTemplate\":\"https:\/\/www.gdirekt.se\/?s={search_term_string}\"},\"query-input\":{\"@type\":\"PropertyValueSpecification\",\"valueRequired\":true,\"valueName\":\"search_term_string\"}}],\"inLanguage\":\"da-DK\"}]}<\/script>\n<!-- \/ Yoast SEO plugin. -->","yoast_head_json":{"title":"Vinylskraber med filt til klisterm\u00e6rker og folie | Gdirekt.se","description":"Brug vinylskraber med filt ved montering af overf\u00f8ringsbilleder og dekorationer. K\u00f8b den som ekstraudstyr med hurtig levering til indpakning af bilen med klisterm\u00e6rker.","robots":{"index":"index","follow":"follow","max-snippet":"max-snippet:-1","max-image-preview":"max-image-preview:large","max-video-preview":"max-video-preview:-1"},"canonical":"https:\/\/www.gdirekt.se\/da\/produkt\/vinylskraber-med-filt\/","og_locale":"da_DK","og_type":"article","og_title":"Vinylskraber med filt til klisterm\u00e6rker og folie | Gdirekt.se","og_description":"Brug vinylskraber med filt ved montering af overf\u00f8ringsbilleder og dekorationer. K\u00f8b den som ekstraudstyr med hurtig levering til indpakning af bilen med klisterm\u00e6rker.","og_url":"https:\/\/www.gdirekt.se\/da\/produkt\/vinylskraber-med-filt\/","og_site_name":"Gdirekt.se","article_modified_time":"2024-02-01T08:37:05+00:00","og_image":[{"width":1000,"height":1000,"url":"https:\/\/www.gdirekt.se\/wp-content\/uploads\/vinylskrapa.png","type":"image\/png"}],"twitter_card":"summary_large_image","twitter_misc":{"Estimeret l\u00e6setid":"1 minut"},"schema":{"@context":"https:\/\/schema.org","@graph":[{"@type":"WebPage","@id":"https:\/\/www.gdirekt.se\/da\/produkt\/vinylskraber-med-filt\/","url":"https:\/\/www.gdirekt.se\/da\/produkt\/vinylskraber-med-filt\/","name":"Vinylskraber med filt til klisterm\u00e6rker og folie | Gdirekt.se","isPartOf":{"@id":"https:\/\/www.gdirekt.se\/#website"},"primaryImageOfPage":{"@id":"https:\/\/www.gdirekt.se\/da\/produkt\/vinylskraber-med-filt\/#primaryimage"},"image":{"@id":"https:\/\/www.gdirekt.se\/da\/produkt\/vinylskraber-med-filt\/#primaryimage"},"thumbnailUrl":"https:\/\/www.gdirekt.se\/wp-content\/uploads\/vinylskrapa.png","datePublished":"2016-12-27T09:43:20+00:00","dateModified":"2024-02-01T08:37:05+00:00","description":"Brug vinylskraber med filt ved montering af overf\u00f8ringsbilleder og dekorationer. K\u00f8b den som ekstraudstyr med hurtig levering til indpakning af bilen med klisterm\u00e6rker.","breadcrumb":{"@id":"https:\/\/www.gdirekt.se\/da\/produkt\/vinylskraber-med-filt\/#breadcrumb"},"inLanguage":"da-DK","potentialAction":[{"@type":"ReadAction","target":["https:\/\/www.gdirekt.se\/da\/produkt\/vinylskraber-med-filt\/"]}]},{"@type":"ImageObject","inLanguage":"da-DK","@id":"https:\/\/www.gdirekt.se\/da\/produkt\/vinylskraber-med-filt\/#primaryimage","url":"https:\/\/www.gdirekt.se\/wp-content\/uploads\/vinylskrapa.png","contentUrl":"https:\/\/www.gdirekt.se\/wp-content\/uploads\/vinylskrapa.png","width":1000,"height":1000,"caption":"Smart dekorative scraper med filt"},{"@type":"BreadcrumbList","@id":"https:\/\/www.gdirekt.se\/da\/produkt\/vinylskraber-med-filt\/#breadcrumb","itemListElement":[{"@type":"ListItem","position":1,"name":"Hem","item":"https:\/\/www.gdirekt.se\/da\/"},{"@type":"ListItem","position":2,"name":"Start","item":"https:\/\/www.gdirekt.se\/da\/"},{"@type":"ListItem","position":3,"name":"Vinylskraber med filt"}]},{"@type":"WebSite","@id":"https:\/\/www.gdirekt.se\/#website","url":"https:\/\/www.gdirekt.se\/","name":"Gdirekt.se","description":"Tryck snabbt \u00e5 l\u00e4tt = Gdirekt","potentialAction":[{"@type":"SearchAction","target":{"@type":"EntryPoint","urlTemplate":"https:\/\/www.gdirekt.se\/?s={search_term_string}"},"query-input":{"@type":"PropertyValueSpecification","valueRequired":true,"valueName":"search_term_string"}}],"inLanguage":"da-DK"}]}},"_links":{"self":[{"href":"https:\/\/www.gdirekt.se\/da\/wp-json\/wp\/v2\/product\/9378","targetHints":{"allow":["GET"]}}],"collection":[{"href":"https:\/\/www.gdirekt.se\/da\/wp-json\/wp\/v2\/product"}],"about":[{"href":"https:\/\/www.gdirekt.se\/da\/wp-json\/wp\/v2\/types\/product"}],"wp:featuredmedia":[{"embeddable":true,"href":"https:\/\/www.gdirekt.se\/da\/wp-json\/wp\/v2\/media\/8341"}],"wp:attachment":[{"href":"https:\/\/www.gdirekt.se\/da\/wp-json\/wp\/v2\/media?parent=9378"}],"wp:term":[{"taxonomy":"product_brand","embeddable":true,"href":"https:\/\/www.gdirekt.se\/da\/wp-json\/wp\/v2\/product_brand?post=9378"},{"taxonomy":"product_cat","embeddable":true,"href":"https:\/\/www.gdirekt.se\/da\/wp-json\/wp\/v2\/product_cat?post=9378"},{"taxonomy":"product_tag","embeddable":true,"href":"https:\/\/www.gdirekt.se\/da\/wp-json\/wp\/v2\/product_tag?post=9378"}],"curies":[{"name":"wp","href":"https:\/\/api.w.org\/{rel}","templated":true}]}}