{"id":9358,"date":"2016-12-27T08:43:20","date_gmt":"2016-12-27T07:43:20","guid":{"rendered":"http:\/\/gdirekt.hamstage.hamrenmedia.se\/produkt\/bil-dekoreret-med-folie\/"},"modified":"2020-04-30T09:43:50","modified_gmt":"2020-04-30T07:43:50","slug":"foliera-bil-med-dekal-och-stripes","status":"publish","type":"product","link":"https:\/\/www.gdirekt.se\/da\/produkt\/foliera-bil-med-dekal-och-stripes\/","title":{"rendered":"Bil dekoreret med folie"},"content":{"rendered":"<p>Bil dekoreret med folie, som t\u00e5ler bilvask. Vi har mange \u00e5rs erfaring med bildekoration, og skal du bruge en bilstreamer til en god pris, er du kommet til det rette sted. Vi har overf\u00f8ringsbilleder eller klisterm\u00e6rker til at s\u00e6tte p\u00e5 bilen, som t\u00e5ler bilvask. V\u00e6lg mellem blankt eller mat beskyttelseslaminat. Blankt er mest almindeligt, idet bilens lak oftest er blank. Vi har den rette vinyl til bil dekoreret med folie, s\u00e5 den sidder fast. Det vigtigste er, at I g\u00f8r rent, inden I pakker bilen ind. Sp\u00f8rg os, hvis I har sp\u00f8rgsm\u00e5l om klisterm\u00e6rker til biler.<\/p>\n<p>Vi leverer de udsk\u00e5rne bil dekoreret med folie med en s\u00e5kaldt overf\u00f8ringsfilm eller applikationsfilm. Hvis det kun er et billede med lige eller andre former, er der ikke behov for monteringsfilmen. Den er kun n\u00f8dvendig, hvis der er l\u00f8se dele som i bildekoration med tekst eller visse logoer.<\/p>\n<p><strong>Monteringsanvisning til<\/strong><strong>Bil dekoreret med folie<\/strong><strong>:<\/strong><\/p>\n<ol>\n<li>Har du aldrig pakket ind med en bildekoration med udsk\u00e5ren tekst og finder det sv\u00e6rt, kan du kontakte os inden, tlf.: +46 (0)11-251515.<\/li>\n<li>N\u00e5r du har k\u00f8bt bildekorationer og skal montere dem p\u00e5 bilen eller pakke bilen ind med dem, s\u00e5 skal du f\u00f8rst vaske og reng\u00f8re bilen grundigt.<\/li>\n<li>Derefter m\u00e5ler og s\u00f8rger du for, at biloverf\u00f8ringsbilledet monteres lige\/p\u00e5 rette sted.<\/li>\n<li>Du kan b\u00f8je nogle centimeter af monteringsfilmens bagside\/bagstykke af og fastg\u00f8re det p\u00e5 bilen eller bruge en smule tape.<\/li>\n<li>Derefter begynder du fra den side, du b\u00f8jede uden bagsiden\/arket og tr\u00e6kker bagsiden langsomt v\u00e6k, og derefter stryges monteringsfilmen p\u00e5, hvor biloverf\u00f8ringsbilledet skal sidde.<a href=\"https:\/\/www.gdirekt.se\/butik\/dekaler-dekor-vinyl-klistermarken\/vinylskrapa-med-filt\/\"><strong><em>K\u00f8b en vinylskraber med filt,<\/em><\/strong><\/a>s\u00e5 er det meget lettere.<\/li>\n<li>N\u00e5r hele arket er fastgjort p\u00e5 bilen, gnider du endnu en gang hen over overf\u00f8ringsbilledet, s\u00e5 det sidder godt fast. Derefter tr\u00e6kker du forsigtigt monteringsfilmen af, og bildekorationen sidder tilbage p\u00e5 bilen. Har du brug for at vise os bilen, finder du vores adresse, Platinagatan 6 i Norrk\u00f6ping, Sverige<a href=\"https:\/\/maps.apple.com\/place?address=Platinagatan%206%20Norrk%F6ping,%20Sverige&amp;ll=58.611179,16.155418&amp;lsp=6489\"><strong><em>her<\/em><\/strong><\/a>.<\/li>\n<\/ol>\n<p>&nbsp;<\/p>\n<p>Er det et st\u00f8rre antal firmabiler eller lastbiler, som skal d\u00e6kkes med bildekoration, er det lettest, at du kontakter os. S\u00e5 giver vi dig et tilbud. Ring til os p\u00e5 +46 (0)11-251515, eller send os en e-mail p\u00e5\u00a0<strong><em>info@gdirekt.se<\/em><\/strong><\/p>\n<p>Har I brug for andre vinyler eller klisterm\u00e6rker, har vi til alle milj\u00f8er og form\u00e5l,\u00a0<a href=\"https:\/\/www.gdirekt.se\/produkt-kategori\/dekaler-dekor-vinyl-klistermarken\/\"><strong><em>klik her!<\/em><\/strong><\/a><\/p>\n","protected":false},"excerpt":{"rendered":"<p><span lang=\"DA\">Bil dekoreret med folie<\/span> til den rigtige pris. Strip bilen med klisterm\u00e6rker. K\u00f8b vinyldekor\u00a0som kan modst\u00e5 bilvask\u00a0takket v\u00e6re det beskyttende laminat.<\/p>\n","protected":false},"featured_media":8146,"template":"","meta":{"_acf_changed":false},"product_brand":[],"product_cat":[369,356],"product_tag":[],"class_list":{"0":"post-9358","1":"product","2":"type-product","3":"status-publish","4":"has-post-thumbnail","6":"product_cat-klistermaerker-vinyl-og-folie","7":"product_cat-udendoersskilte-og-expo","8":"product_shipping_class-180sek","10":"first","11":"instock","12":"taxable","13":"shipping-taxable","14":"purchasable","15":"product-type-variable","16":"has-default-attributes"},"exclude_global_add_ons":[],"addons":[],"acf":[],"yoast_head":"<!-- This site is optimized with the Yoast SEO plugin v27.2 - https:\/\/yoast.com\/product\/yoast-seo-wordpress\/ -->\n<title>Bil dekoreret med folie i dit eget design. Bestil nu | Gdirekt.se<\/title>\n<meta name=\"description\" content=\"Bil dekoreret med folie til den rette pris. Bilstreamer med overf\u00f8ringsbilleder og klisterm\u00e6rker til bilindpakning eller udsk\u00e5ret tekst p\u00e5 bilen. K\u00f8b bildekoration, som t\u00e5ler vask, idet der f\u00f8lger laminering med mat eller blank overflade med. Vi lover farvetryk p\u00e5 billeder, tekst og logo i h\u00f8jeste kvalitet.\" \/>\n<meta name=\"robots\" content=\"index, follow, max-snippet:-1, max-image-preview:large, max-video-preview:-1\" \/>\n<link rel=\"canonical\" href=\"https:\/\/www.gdirekt.se\/da\/produkt\/foliera-bil-med-dekal-och-stripes\/\" \/>\n<meta property=\"og:locale\" content=\"da_DK\" \/>\n<meta property=\"og:type\" content=\"article\" \/>\n<meta property=\"og:title\" content=\"Bil dekoreret med folie i dit eget design. Bestil nu | Gdirekt.se\" \/>\n<meta property=\"og:description\" content=\"Bil dekoreret med folie til den rette pris. Bilstreamer med overf\u00f8ringsbilleder og klisterm\u00e6rker til bilindpakning eller udsk\u00e5ret tekst p\u00e5 bilen. K\u00f8b bildekoration, som t\u00e5ler vask, idet der f\u00f8lger laminering med mat eller blank overflade med. Vi lover farvetryk p\u00e5 billeder, tekst og logo i h\u00f8jeste kvalitet.\" \/>\n<meta property=\"og:url\" content=\"https:\/\/www.gdirekt.se\/da\/produkt\/foliera-bil-med-dekal-och-stripes\/\" \/>\n<meta property=\"og:site_name\" content=\"Gdirekt.se\" \/>\n<meta property=\"article:modified_time\" content=\"2020-04-30T07:43:50+00:00\" \/>\n<meta property=\"og:image\" content=\"https:\/\/www.gdirekt.se\/wp-content\/uploads\/Foliera-bil-gdirekt.png\" \/>\n\t<meta property=\"og:image:width\" content=\"1000\" \/>\n\t<meta property=\"og:image:height\" content=\"1000\" \/>\n\t<meta property=\"og:image:type\" content=\"image\/png\" \/>\n<meta name=\"twitter:card\" content=\"summary_large_image\" \/>\n<meta name=\"twitter:label1\" content=\"Estimeret l\u00e6setid\" \/>\n\t<meta name=\"twitter:data1\" content=\"2 minutter\" \/>\n<script type=\"application\/ld+json\" class=\"yoast-schema-graph\">{\"@context\":\"https:\/\/schema.org\",\"@graph\":[{\"@type\":\"WebPage\",\"@id\":\"https:\/\/www.gdirekt.se\/da\/produkt\/foliera-bil-med-dekal-och-stripes\/\",\"url\":\"https:\/\/www.gdirekt.se\/da\/produkt\/foliera-bil-med-dekal-och-stripes\/\",\"name\":\"Bil dekoreret med folie i dit eget design. Bestil nu | Gdirekt.se\",\"isPartOf\":{\"@id\":\"https:\/\/www.gdirekt.se\/#website\"},\"primaryImageOfPage\":{\"@id\":\"https:\/\/www.gdirekt.se\/da\/produkt\/foliera-bil-med-dekal-och-stripes\/#primaryimage\"},\"image\":{\"@id\":\"https:\/\/www.gdirekt.se\/da\/produkt\/foliera-bil-med-dekal-och-stripes\/#primaryimage\"},\"thumbnailUrl\":\"https:\/\/www.gdirekt.se\/wp-content\/uploads\/Foliera-bil-gdirekt.png\",\"datePublished\":\"2016-12-27T07:43:20+00:00\",\"dateModified\":\"2020-04-30T07:43:50+00:00\",\"description\":\"Bil dekoreret med folie til den rette pris. Bilstreamer med overf\u00f8ringsbilleder og klisterm\u00e6rker til bilindpakning eller udsk\u00e5ret tekst p\u00e5 bilen. K\u00f8b bildekoration, som t\u00e5ler vask, idet der f\u00f8lger laminering med mat eller blank overflade med. Vi lover farvetryk p\u00e5 billeder, tekst og logo i h\u00f8jeste kvalitet.\",\"breadcrumb\":{\"@id\":\"https:\/\/www.gdirekt.se\/da\/produkt\/foliera-bil-med-dekal-och-stripes\/#breadcrumb\"},\"inLanguage\":\"da-DK\",\"potentialAction\":[{\"@type\":\"ReadAction\",\"target\":[\"https:\/\/www.gdirekt.se\/da\/produkt\/foliera-bil-med-dekal-och-stripes\/\"]}]},{\"@type\":\"ImageObject\",\"inLanguage\":\"da-DK\",\"@id\":\"https:\/\/www.gdirekt.se\/da\/produkt\/foliera-bil-med-dekal-och-stripes\/#primaryimage\",\"url\":\"https:\/\/www.gdirekt.se\/wp-content\/uploads\/Foliera-bil-gdirekt.png\",\"contentUrl\":\"https:\/\/www.gdirekt.se\/wp-content\/uploads\/Foliera-bil-gdirekt.png\",\"width\":1000,\"height\":1000,\"caption\":\"Bil dekoreret med selvkl\u00e6bende vinyl Gdirekt\"},{\"@type\":\"BreadcrumbList\",\"@id\":\"https:\/\/www.gdirekt.se\/da\/produkt\/foliera-bil-med-dekal-och-stripes\/#breadcrumb\",\"itemListElement\":[{\"@type\":\"ListItem\",\"position\":1,\"name\":\"Hem\",\"item\":\"https:\/\/www.gdirekt.se\/da\/\"},{\"@type\":\"ListItem\",\"position\":2,\"name\":\"Start\",\"item\":\"https:\/\/www.gdirekt.se\/da\/\"},{\"@type\":\"ListItem\",\"position\":3,\"name\":\"Bil dekoreret med folie\"}]},{\"@type\":\"WebSite\",\"@id\":\"https:\/\/www.gdirekt.se\/#website\",\"url\":\"https:\/\/www.gdirekt.se\/\",\"name\":\"Gdirekt.se\",\"description\":\"Tryck snabbt \u00e5 l\u00e4tt = Gdirekt\",\"potentialAction\":[{\"@type\":\"SearchAction\",\"target\":{\"@type\":\"EntryPoint\",\"urlTemplate\":\"https:\/\/www.gdirekt.se\/?s={search_term_string}\"},\"query-input\":{\"@type\":\"PropertyValueSpecification\",\"valueRequired\":true,\"valueName\":\"search_term_string\"}}],\"inLanguage\":\"da-DK\"}]}<\/script>\n<!-- \/ Yoast SEO plugin. -->","yoast_head_json":{"title":"Bil dekoreret med folie i dit eget design. Bestil nu | Gdirekt.se","description":"Bil dekoreret med folie til den rette pris. Bilstreamer med overf\u00f8ringsbilleder og klisterm\u00e6rker til bilindpakning eller udsk\u00e5ret tekst p\u00e5 bilen. K\u00f8b bildekoration, som t\u00e5ler vask, idet der f\u00f8lger laminering med mat eller blank overflade med. Vi lover farvetryk p\u00e5 billeder, tekst og logo i h\u00f8jeste kvalitet.","robots":{"index":"index","follow":"follow","max-snippet":"max-snippet:-1","max-image-preview":"max-image-preview:large","max-video-preview":"max-video-preview:-1"},"canonical":"https:\/\/www.gdirekt.se\/da\/produkt\/foliera-bil-med-dekal-och-stripes\/","og_locale":"da_DK","og_type":"article","og_title":"Bil dekoreret med folie i dit eget design. Bestil nu | Gdirekt.se","og_description":"Bil dekoreret med folie til den rette pris. Bilstreamer med overf\u00f8ringsbilleder og klisterm\u00e6rker til bilindpakning eller udsk\u00e5ret tekst p\u00e5 bilen. K\u00f8b bildekoration, som t\u00e5ler vask, idet der f\u00f8lger laminering med mat eller blank overflade med. Vi lover farvetryk p\u00e5 billeder, tekst og logo i h\u00f8jeste kvalitet.","og_url":"https:\/\/www.gdirekt.se\/da\/produkt\/foliera-bil-med-dekal-och-stripes\/","og_site_name":"Gdirekt.se","article_modified_time":"2020-04-30T07:43:50+00:00","og_image":[{"width":1000,"height":1000,"url":"https:\/\/www.gdirekt.se\/wp-content\/uploads\/Foliera-bil-gdirekt.png","type":"image\/png"}],"twitter_card":"summary_large_image","twitter_misc":{"Estimeret l\u00e6setid":"2 minutter"},"schema":{"@context":"https:\/\/schema.org","@graph":[{"@type":"WebPage","@id":"https:\/\/www.gdirekt.se\/da\/produkt\/foliera-bil-med-dekal-och-stripes\/","url":"https:\/\/www.gdirekt.se\/da\/produkt\/foliera-bil-med-dekal-och-stripes\/","name":"Bil dekoreret med folie i dit eget design. Bestil nu | Gdirekt.se","isPartOf":{"@id":"https:\/\/www.gdirekt.se\/#website"},"primaryImageOfPage":{"@id":"https:\/\/www.gdirekt.se\/da\/produkt\/foliera-bil-med-dekal-och-stripes\/#primaryimage"},"image":{"@id":"https:\/\/www.gdirekt.se\/da\/produkt\/foliera-bil-med-dekal-och-stripes\/#primaryimage"},"thumbnailUrl":"https:\/\/www.gdirekt.se\/wp-content\/uploads\/Foliera-bil-gdirekt.png","datePublished":"2016-12-27T07:43:20+00:00","dateModified":"2020-04-30T07:43:50+00:00","description":"Bil dekoreret med folie til den rette pris. Bilstreamer med overf\u00f8ringsbilleder og klisterm\u00e6rker til bilindpakning eller udsk\u00e5ret tekst p\u00e5 bilen. K\u00f8b bildekoration, som t\u00e5ler vask, idet der f\u00f8lger laminering med mat eller blank overflade med. Vi lover farvetryk p\u00e5 billeder, tekst og logo i h\u00f8jeste kvalitet.","breadcrumb":{"@id":"https:\/\/www.gdirekt.se\/da\/produkt\/foliera-bil-med-dekal-och-stripes\/#breadcrumb"},"inLanguage":"da-DK","potentialAction":[{"@type":"ReadAction","target":["https:\/\/www.gdirekt.se\/da\/produkt\/foliera-bil-med-dekal-och-stripes\/"]}]},{"@type":"ImageObject","inLanguage":"da-DK","@id":"https:\/\/www.gdirekt.se\/da\/produkt\/foliera-bil-med-dekal-och-stripes\/#primaryimage","url":"https:\/\/www.gdirekt.se\/wp-content\/uploads\/Foliera-bil-gdirekt.png","contentUrl":"https:\/\/www.gdirekt.se\/wp-content\/uploads\/Foliera-bil-gdirekt.png","width":1000,"height":1000,"caption":"Bil dekoreret med selvkl\u00e6bende vinyl Gdirekt"},{"@type":"BreadcrumbList","@id":"https:\/\/www.gdirekt.se\/da\/produkt\/foliera-bil-med-dekal-och-stripes\/#breadcrumb","itemListElement":[{"@type":"ListItem","position":1,"name":"Hem","item":"https:\/\/www.gdirekt.se\/da\/"},{"@type":"ListItem","position":2,"name":"Start","item":"https:\/\/www.gdirekt.se\/da\/"},{"@type":"ListItem","position":3,"name":"Bil dekoreret med folie"}]},{"@type":"WebSite","@id":"https:\/\/www.gdirekt.se\/#website","url":"https:\/\/www.gdirekt.se\/","name":"Gdirekt.se","description":"Tryck snabbt \u00e5 l\u00e4tt = Gdirekt","potentialAction":[{"@type":"SearchAction","target":{"@type":"EntryPoint","urlTemplate":"https:\/\/www.gdirekt.se\/?s={search_term_string}"},"query-input":{"@type":"PropertyValueSpecification","valueRequired":true,"valueName":"search_term_string"}}],"inLanguage":"da-DK"}]}},"_links":{"self":[{"href":"https:\/\/www.gdirekt.se\/da\/wp-json\/wp\/v2\/product\/9358","targetHints":{"allow":["GET"]}}],"collection":[{"href":"https:\/\/www.gdirekt.se\/da\/wp-json\/wp\/v2\/product"}],"about":[{"href":"https:\/\/www.gdirekt.se\/da\/wp-json\/wp\/v2\/types\/product"}],"wp:featuredmedia":[{"embeddable":true,"href":"https:\/\/www.gdirekt.se\/da\/wp-json\/wp\/v2\/media\/8146"}],"wp:attachment":[{"href":"https:\/\/www.gdirekt.se\/da\/wp-json\/wp\/v2\/media?parent=9358"}],"wp:term":[{"taxonomy":"product_brand","embeddable":true,"href":"https:\/\/www.gdirekt.se\/da\/wp-json\/wp\/v2\/product_brand?post=9358"},{"taxonomy":"product_cat","embeddable":true,"href":"https:\/\/www.gdirekt.se\/da\/wp-json\/wp\/v2\/product_cat?post=9358"},{"taxonomy":"product_tag","embeddable":true,"href":"https:\/\/www.gdirekt.se\/da\/wp-json\/wp\/v2\/product_tag?post=9358"}],"curies":[{"name":"wp","href":"https:\/\/api.w.org\/{rel}","templated":true}]}}