{"id":9317,"date":"2018-03-15T09:58:28","date_gmt":"2018-03-15T08:58:28","guid":{"rendered":"http:\/\/gdirekt.hamstage.hamrenmedia.se\/produkt\/kontrastmaerkning\/"},"modified":"2018-10-25T10:20:29","modified_gmt":"2018-10-25T08:20:29","slug":"kontrastmaerkning","status":"publish","type":"product","link":"https:\/\/www.gdirekt.se\/da\/produkt\/kontrastmaerkning\/","title":{"rendered":"Kontrastm\u00e6rkning"},"content":{"rendered":"<p><span lang=\"DA\">Kontrastm\u00e6rkning til glasruder og glaspartier i offentlige milj\u00f8er. Det kan v\u00e6re i butikscentre, i forretninger, p\u00e5 sygehuse, i kommuner og butikker. Samt udstillinger og andre offentlige bygninger. Vores kontrastm\u00e6rkninger er runde og 5 centimeter i diameter.<\/span><\/p>\n<p><span lang=\"DA\">I kan bestille sorte kontrastm\u00e6rkninger, hvide kontrastm\u00e6rkninger eller frostede kontrastm\u00e6rkninger. K\u00f8b dem, der passer bedst til indretningen, og som giver en god kontrast. Form\u00e5let med at anvende disse m\u00e6rkninger er, at personer med nedsat syn opdager og ser, at det er en glasoverflade. \u00a0Der er regler og bestemmelser, man skal f\u00f8lge, idet det er ejendommens ejer eller udlejeren, som er ansvarlig, hvis der sker en ulykke.<\/span><\/p>\n<p><span lang=\"DA\">Vores kontrastm\u00e6rkninger er meget lette at s\u00e6tte p\u00e5, da vi leverer dem p\u00e5 ark med monteringsfilm. K\u00f8b en vinylskraber som ekstraudstyr. S\u00e5 bliver det endnu lettere.<\/span><\/p>\n<p><span lang=\"DA\">Se alle vores forskellige klistervinyler<span class=\"apple-converted-space\">\u00a0<\/span><\/span><span lang=\"DA\"><a href=\"https:\/\/www.gdirekt.se\/produkt-kategori\/dekaler-dekor-vinyl-klistermarken\/\"><b><i>her<\/i><\/b><\/a><\/span><span lang=\"DA\">.<\/span><\/p>\n","protected":false},"excerpt":{"rendered":"<p>Kontrastm\u00e6rker til vinduer og d\u00f8re i glas. De er runde i form og 5 cm i diameter. V\u00e6lg mellem farverne hvid, sort eller frost \/ gr\u00e5. Der er 12 runde markeringer p\u00e5 en layout p\u00e5 115 cm bred med monteringsfilm.<\/p>\n","protected":false},"featured_media":8903,"template":"","meta":{"_acf_changed":false},"product_brand":[],"product_cat":[369,356],"product_tag":[],"class_list":{"0":"post-9317","1":"product","2":"type-product","3":"status-publish","4":"has-post-thumbnail","6":"product_cat-klistermaerker-vinyl-og-folie","7":"product_cat-udendoersskilte-og-expo","8":"product_shipping_class-85kr-da","10":"first","11":"instock","12":"taxable","13":"shipping-taxable","14":"purchasable","15":"product-type-variable","16":"has-default-attributes"},"exclude_global_add_ons":[],"addons":[],"acf":[],"yoast_head":"<!-- This site is optimized with the Yoast SEO plugin v27.2 - https:\/\/yoast.com\/product\/yoast-seo-wordpress\/ -->\n<title>Kontrastm\u00e6rkning til glasvinduer og d\u00f8re. Billig pris, k\u00f8b i dag | Gdirekt.se<\/title>\n<meta name=\"description\" content=\"Kontrastm\u00e6rkning bestiller I billigt direkte hos os, der producerer m\u00e6rkningerne. De runde kontrastm\u00e6rkninger findes i hvid, sort og frostet. Anvendes p\u00e5 glasruder, vinduer og d\u00f8re, s\u00e5 synsh\u00e6mmede bliver opm\u00e6rksomme p\u00e5 dem.\" \/>\n<meta name=\"robots\" content=\"index, follow, max-snippet:-1, max-image-preview:large, max-video-preview:-1\" \/>\n<link rel=\"canonical\" href=\"https:\/\/www.gdirekt.se\/da\/produkt\/kontrastmaerkning\/\" \/>\n<meta property=\"og:locale\" content=\"da_DK\" \/>\n<meta property=\"og:type\" content=\"article\" \/>\n<meta property=\"og:title\" content=\"Kontrastm\u00e6rkning til glasvinduer og d\u00f8re. Billig pris, k\u00f8b i dag | Gdirekt.se\" \/>\n<meta property=\"og:description\" content=\"Kontrastm\u00e6rkning bestiller I billigt direkte hos os, der producerer m\u00e6rkningerne. De runde kontrastm\u00e6rkninger findes i hvid, sort og frostet. Anvendes p\u00e5 glasruder, vinduer og d\u00f8re, s\u00e5 synsh\u00e6mmede bliver opm\u00e6rksomme p\u00e5 dem.\" \/>\n<meta property=\"og:url\" content=\"https:\/\/www.gdirekt.se\/da\/produkt\/kontrastmaerkning\/\" \/>\n<meta property=\"og:site_name\" content=\"Gdirekt.se\" \/>\n<meta property=\"article:modified_time\" content=\"2018-10-25T08:20:29+00:00\" \/>\n<meta property=\"og:image\" content=\"https:\/\/www.gdirekt.se\/wp-content\/uploads\/kontrastmarkering_vit.png\" \/>\n\t<meta property=\"og:image:width\" content=\"1000\" \/>\n\t<meta property=\"og:image:height\" content=\"1000\" \/>\n\t<meta property=\"og:image:type\" content=\"image\/png\" \/>\n<meta name=\"twitter:card\" content=\"summary_large_image\" \/>\n<meta name=\"twitter:label1\" content=\"Estimeret l\u00e6setid\" \/>\n\t<meta name=\"twitter:data1\" content=\"1 minut\" \/>\n<script type=\"application\/ld+json\" class=\"yoast-schema-graph\">{\"@context\":\"https:\/\/schema.org\",\"@graph\":[{\"@type\":\"WebPage\",\"@id\":\"https:\/\/www.gdirekt.se\/da\/produkt\/kontrastmaerkning\/\",\"url\":\"https:\/\/www.gdirekt.se\/da\/produkt\/kontrastmaerkning\/\",\"name\":\"Kontrastm\u00e6rkning til glasvinduer og d\u00f8re. Billig pris, k\u00f8b i dag | Gdirekt.se\",\"isPartOf\":{\"@id\":\"https:\/\/www.gdirekt.se\/#website\"},\"primaryImageOfPage\":{\"@id\":\"https:\/\/www.gdirekt.se\/da\/produkt\/kontrastmaerkning\/#primaryimage\"},\"image\":{\"@id\":\"https:\/\/www.gdirekt.se\/da\/produkt\/kontrastmaerkning\/#primaryimage\"},\"thumbnailUrl\":\"https:\/\/www.gdirekt.se\/wp-content\/uploads\/kontrastmarkering_vit.png\",\"datePublished\":\"2018-03-15T08:58:28+00:00\",\"dateModified\":\"2018-10-25T08:20:29+00:00\",\"description\":\"Kontrastm\u00e6rkning bestiller I billigt direkte hos os, der producerer m\u00e6rkningerne. De runde kontrastm\u00e6rkninger findes i hvid, sort og frostet. Anvendes p\u00e5 glasruder, vinduer og d\u00f8re, s\u00e5 synsh\u00e6mmede bliver opm\u00e6rksomme p\u00e5 dem.\",\"breadcrumb\":{\"@id\":\"https:\/\/www.gdirekt.se\/da\/produkt\/kontrastmaerkning\/#breadcrumb\"},\"inLanguage\":\"da-DK\",\"potentialAction\":[{\"@type\":\"ReadAction\",\"target\":[\"https:\/\/www.gdirekt.se\/da\/produkt\/kontrastmaerkning\/\"]}]},{\"@type\":\"ImageObject\",\"inLanguage\":\"da-DK\",\"@id\":\"https:\/\/www.gdirekt.se\/da\/produkt\/kontrastmaerkning\/#primaryimage\",\"url\":\"https:\/\/www.gdirekt.se\/wp-content\/uploads\/kontrastmarkering_vit.png\",\"contentUrl\":\"https:\/\/www.gdirekt.se\/wp-content\/uploads\/kontrastmarkering_vit.png\",\"width\":1000,\"height\":1000,\"caption\":\"Kontrastm\u00e6rkning til hvide og runde glasvinduer.\"},{\"@type\":\"BreadcrumbList\",\"@id\":\"https:\/\/www.gdirekt.se\/da\/produkt\/kontrastmaerkning\/#breadcrumb\",\"itemListElement\":[{\"@type\":\"ListItem\",\"position\":1,\"name\":\"Hem\",\"item\":\"https:\/\/www.gdirekt.se\/da\/\"},{\"@type\":\"ListItem\",\"position\":2,\"name\":\"Start\",\"item\":\"https:\/\/www.gdirekt.se\/da\/\"},{\"@type\":\"ListItem\",\"position\":3,\"name\":\"Kontrastm\u00e6rkning\"}]},{\"@type\":\"WebSite\",\"@id\":\"https:\/\/www.gdirekt.se\/#website\",\"url\":\"https:\/\/www.gdirekt.se\/\",\"name\":\"Gdirekt.se\",\"description\":\"Tryck snabbt \u00e5 l\u00e4tt = Gdirekt\",\"potentialAction\":[{\"@type\":\"SearchAction\",\"target\":{\"@type\":\"EntryPoint\",\"urlTemplate\":\"https:\/\/www.gdirekt.se\/?s={search_term_string}\"},\"query-input\":{\"@type\":\"PropertyValueSpecification\",\"valueRequired\":true,\"valueName\":\"search_term_string\"}}],\"inLanguage\":\"da-DK\"}]}<\/script>\n<!-- \/ Yoast SEO plugin. -->","yoast_head_json":{"title":"Kontrastm\u00e6rkning til glasvinduer og d\u00f8re. Billig pris, k\u00f8b i dag | Gdirekt.se","description":"Kontrastm\u00e6rkning bestiller I billigt direkte hos os, der producerer m\u00e6rkningerne. De runde kontrastm\u00e6rkninger findes i hvid, sort og frostet. Anvendes p\u00e5 glasruder, vinduer og d\u00f8re, s\u00e5 synsh\u00e6mmede bliver opm\u00e6rksomme p\u00e5 dem.","robots":{"index":"index","follow":"follow","max-snippet":"max-snippet:-1","max-image-preview":"max-image-preview:large","max-video-preview":"max-video-preview:-1"},"canonical":"https:\/\/www.gdirekt.se\/da\/produkt\/kontrastmaerkning\/","og_locale":"da_DK","og_type":"article","og_title":"Kontrastm\u00e6rkning til glasvinduer og d\u00f8re. Billig pris, k\u00f8b i dag | Gdirekt.se","og_description":"Kontrastm\u00e6rkning bestiller I billigt direkte hos os, der producerer m\u00e6rkningerne. De runde kontrastm\u00e6rkninger findes i hvid, sort og frostet. Anvendes p\u00e5 glasruder, vinduer og d\u00f8re, s\u00e5 synsh\u00e6mmede bliver opm\u00e6rksomme p\u00e5 dem.","og_url":"https:\/\/www.gdirekt.se\/da\/produkt\/kontrastmaerkning\/","og_site_name":"Gdirekt.se","article_modified_time":"2018-10-25T08:20:29+00:00","og_image":[{"width":1000,"height":1000,"url":"https:\/\/www.gdirekt.se\/wp-content\/uploads\/kontrastmarkering_vit.png","type":"image\/png"}],"twitter_card":"summary_large_image","twitter_misc":{"Estimeret l\u00e6setid":"1 minut"},"schema":{"@context":"https:\/\/schema.org","@graph":[{"@type":"WebPage","@id":"https:\/\/www.gdirekt.se\/da\/produkt\/kontrastmaerkning\/","url":"https:\/\/www.gdirekt.se\/da\/produkt\/kontrastmaerkning\/","name":"Kontrastm\u00e6rkning til glasvinduer og d\u00f8re. Billig pris, k\u00f8b i dag | Gdirekt.se","isPartOf":{"@id":"https:\/\/www.gdirekt.se\/#website"},"primaryImageOfPage":{"@id":"https:\/\/www.gdirekt.se\/da\/produkt\/kontrastmaerkning\/#primaryimage"},"image":{"@id":"https:\/\/www.gdirekt.se\/da\/produkt\/kontrastmaerkning\/#primaryimage"},"thumbnailUrl":"https:\/\/www.gdirekt.se\/wp-content\/uploads\/kontrastmarkering_vit.png","datePublished":"2018-03-15T08:58:28+00:00","dateModified":"2018-10-25T08:20:29+00:00","description":"Kontrastm\u00e6rkning bestiller I billigt direkte hos os, der producerer m\u00e6rkningerne. De runde kontrastm\u00e6rkninger findes i hvid, sort og frostet. Anvendes p\u00e5 glasruder, vinduer og d\u00f8re, s\u00e5 synsh\u00e6mmede bliver opm\u00e6rksomme p\u00e5 dem.","breadcrumb":{"@id":"https:\/\/www.gdirekt.se\/da\/produkt\/kontrastmaerkning\/#breadcrumb"},"inLanguage":"da-DK","potentialAction":[{"@type":"ReadAction","target":["https:\/\/www.gdirekt.se\/da\/produkt\/kontrastmaerkning\/"]}]},{"@type":"ImageObject","inLanguage":"da-DK","@id":"https:\/\/www.gdirekt.se\/da\/produkt\/kontrastmaerkning\/#primaryimage","url":"https:\/\/www.gdirekt.se\/wp-content\/uploads\/kontrastmarkering_vit.png","contentUrl":"https:\/\/www.gdirekt.se\/wp-content\/uploads\/kontrastmarkering_vit.png","width":1000,"height":1000,"caption":"Kontrastm\u00e6rkning til hvide og runde glasvinduer."},{"@type":"BreadcrumbList","@id":"https:\/\/www.gdirekt.se\/da\/produkt\/kontrastmaerkning\/#breadcrumb","itemListElement":[{"@type":"ListItem","position":1,"name":"Hem","item":"https:\/\/www.gdirekt.se\/da\/"},{"@type":"ListItem","position":2,"name":"Start","item":"https:\/\/www.gdirekt.se\/da\/"},{"@type":"ListItem","position":3,"name":"Kontrastm\u00e6rkning"}]},{"@type":"WebSite","@id":"https:\/\/www.gdirekt.se\/#website","url":"https:\/\/www.gdirekt.se\/","name":"Gdirekt.se","description":"Tryck snabbt \u00e5 l\u00e4tt = Gdirekt","potentialAction":[{"@type":"SearchAction","target":{"@type":"EntryPoint","urlTemplate":"https:\/\/www.gdirekt.se\/?s={search_term_string}"},"query-input":{"@type":"PropertyValueSpecification","valueRequired":true,"valueName":"search_term_string"}}],"inLanguage":"da-DK"}]}},"_links":{"self":[{"href":"https:\/\/www.gdirekt.se\/da\/wp-json\/wp\/v2\/product\/9317","targetHints":{"allow":["GET"]}}],"collection":[{"href":"https:\/\/www.gdirekt.se\/da\/wp-json\/wp\/v2\/product"}],"about":[{"href":"https:\/\/www.gdirekt.se\/da\/wp-json\/wp\/v2\/types\/product"}],"wp:featuredmedia":[{"embeddable":true,"href":"https:\/\/www.gdirekt.se\/da\/wp-json\/wp\/v2\/media\/8903"}],"wp:attachment":[{"href":"https:\/\/www.gdirekt.se\/da\/wp-json\/wp\/v2\/media?parent=9317"}],"wp:term":[{"taxonomy":"product_brand","embeddable":true,"href":"https:\/\/www.gdirekt.se\/da\/wp-json\/wp\/v2\/product_brand?post=9317"},{"taxonomy":"product_cat","embeddable":true,"href":"https:\/\/www.gdirekt.se\/da\/wp-json\/wp\/v2\/product_cat?post=9317"},{"taxonomy":"product_tag","embeddable":true,"href":"https:\/\/www.gdirekt.se\/da\/wp-json\/wp\/v2\/product_tag?post=9317"}],"curies":[{"name":"wp","href":"https:\/\/api.w.org\/{rel}","templated":true}]}}