{"id":9308,"date":"2017-03-13T15:49:08","date_gmt":"2017-03-13T14:49:08","guid":{"rendered":"http:\/\/gdirekt.hamstage.hamrenmedia.se\/produkt\/visitkortholder\/"},"modified":"2024-02-01T09:33:44","modified_gmt":"2024-02-01T08:33:44","slug":"visitkortholder","status":"publish","type":"product","link":"https:\/\/www.gdirekt.se\/da\/produkt\/visitkortholder\/","title":{"rendered":"Visitkortholder"},"content":{"rendered":"<p><span lang=\"DA\">Visitkortholdere eller visitkortsstandere passer flot p\u00e5 et bord eller i virksomhedens reception. Liggende format 93 mm bredt. Bestil let hos Gdirekt.se<\/span><\/p>\n<p><span lang=\"DA\">Hvis du har bestilt dine egne, unikke trykte visitkort, vil du naturligvis ogs\u00e5 vise dem frem p\u00e5 en elegant m\u00e5de. Det duer ikke bare at have dem liggende i en rodet bunke p\u00e5 skrivebordet. Skaf dig en visitkortholder, s\u00e5 du forbedrer indtrykket af dine trykte visitkort med unikt design. Hvis du skal bruge visitkort, bestiller du dem let<span class=\"apple-converted-space\">\u00a0<\/span><\/span><span lang=\"DA\"><a href=\"https:\/\/www.gdirekt.se\/produkt\/visitkort-i-ratt-matt-storlek\/\"><b><i>her<\/i><\/b><\/a><\/span><span lang=\"DA\">.<\/span><\/p>\n","protected":false},"excerpt":{"rendered":"<p>Visitkortholder eller visitkortstativ passer p\u00e6nt p\u00e5 et skrivebord eller firma modtagelse. Landskabsformat 93 mm bredt. Bestil nemt p\u00e5 Gdirekt.se<\/p>\n","protected":false},"featured_media":8657,"template":"","meta":{"_acf_changed":false},"product_brand":[],"product_cat":[368,381],"product_tag":[],"class_list":{"0":"post-9308","1":"product","2":"type-product","3":"status-publish","4":"has-post-thumbnail","6":"product_cat-brochurestander-og-informationsstander","7":"product_cat-tryksager-visitkort-brochurer","8":"product_shipping_class-85kr-da","10":"first","11":"instock","12":"taxable","13":"shipping-taxable","14":"purchasable","15":"product-type-simple"},"exclude_global_add_ons":[],"addons":[],"acf":[],"yoast_head":"<!-- This site is optimized with the Yoast SEO plugin v27.2 - https:\/\/yoast.com\/product\/yoast-seo-wordpress\/ -->\n<title>Visitkortholder iplastik med et simpelt og stilfuldt design | Gdirekt.se<\/title>\n<meta name=\"description\" content=\"Visitkortholder i klar plexiglas. En neutral visitkortholder i flot og enkelt design. Bestil med hurtig levering og til billig pris. Vi lagerf\u00f8rer disse, og vi sender direkte til virksomheder og privatpersoner. Der kan k\u00f8bes visitkortholdere d\u00f8gnet rundt p\u00e5 vores hjemmeside.\" \/>\n<meta name=\"robots\" content=\"index, follow, max-snippet:-1, max-image-preview:large, max-video-preview:-1\" \/>\n<link rel=\"canonical\" href=\"https:\/\/www.gdirekt.se\/da\/produkt\/visitkortholder\/\" \/>\n<meta property=\"og:locale\" content=\"da_DK\" \/>\n<meta property=\"og:type\" content=\"article\" \/>\n<meta property=\"og:title\" content=\"Visitkortholder iplastik med et simpelt og stilfuldt design | Gdirekt.se\" \/>\n<meta property=\"og:description\" content=\"Visitkortholder i klar plexiglas. En neutral visitkortholder i flot og enkelt design. Bestil med hurtig levering og til billig pris. Vi lagerf\u00f8rer disse, og vi sender direkte til virksomheder og privatpersoner. Der kan k\u00f8bes visitkortholdere d\u00f8gnet rundt p\u00e5 vores hjemmeside.\" \/>\n<meta property=\"og:url\" content=\"https:\/\/www.gdirekt.se\/da\/produkt\/visitkortholder\/\" \/>\n<meta property=\"og:site_name\" content=\"Gdirekt.se\" \/>\n<meta property=\"article:modified_time\" content=\"2024-02-01T08:33:44+00:00\" \/>\n<meta property=\"og:image\" content=\"https:\/\/www.gdirekt.se\/wp-content\/uploads\/visitkortsfack.png\" \/>\n\t<meta property=\"og:image:width\" content=\"1000\" \/>\n\t<meta property=\"og:image:height\" content=\"1000\" \/>\n\t<meta property=\"og:image:type\" content=\"image\/png\" \/>\n<meta name=\"twitter:card\" content=\"summary_large_image\" \/>\n<script type=\"application\/ld+json\" class=\"yoast-schema-graph\">{\"@context\":\"https:\/\/schema.org\",\"@graph\":[{\"@type\":\"WebPage\",\"@id\":\"https:\/\/www.gdirekt.se\/da\/produkt\/visitkortholder\/\",\"url\":\"https:\/\/www.gdirekt.se\/da\/produkt\/visitkortholder\/\",\"name\":\"Visitkortholder iplastik med et simpelt og stilfuldt design | Gdirekt.se\",\"isPartOf\":{\"@id\":\"https:\/\/www.gdirekt.se\/#website\"},\"primaryImageOfPage\":{\"@id\":\"https:\/\/www.gdirekt.se\/da\/produkt\/visitkortholder\/#primaryimage\"},\"image\":{\"@id\":\"https:\/\/www.gdirekt.se\/da\/produkt\/visitkortholder\/#primaryimage\"},\"thumbnailUrl\":\"https:\/\/www.gdirekt.se\/wp-content\/uploads\/visitkortsfack.png\",\"datePublished\":\"2017-03-13T14:49:08+00:00\",\"dateModified\":\"2024-02-01T08:33:44+00:00\",\"description\":\"Visitkortholder i klar plexiglas. En neutral visitkortholder i flot og enkelt design. Bestil med hurtig levering og til billig pris. Vi lagerf\u00f8rer disse, og vi sender direkte til virksomheder og privatpersoner. Der kan k\u00f8bes visitkortholdere d\u00f8gnet rundt p\u00e5 vores hjemmeside.\",\"breadcrumb\":{\"@id\":\"https:\/\/www.gdirekt.se\/da\/produkt\/visitkortholder\/#breadcrumb\"},\"inLanguage\":\"da-DK\",\"potentialAction\":[{\"@type\":\"ReadAction\",\"target\":[\"https:\/\/www.gdirekt.se\/da\/produkt\/visitkortholder\/\"]}]},{\"@type\":\"ImageObject\",\"inLanguage\":\"da-DK\",\"@id\":\"https:\/\/www.gdirekt.se\/da\/produkt\/visitkortholder\/#primaryimage\",\"url\":\"https:\/\/www.gdirekt.se\/wp-content\/uploads\/visitkortsfack.png\",\"contentUrl\":\"https:\/\/www.gdirekt.se\/wp-content\/uploads\/visitkortsfack.png\",\"width\":1000,\"height\":1000,\"caption\":\"Kortholder i plexiglas till visitkort\"},{\"@type\":\"BreadcrumbList\",\"@id\":\"https:\/\/www.gdirekt.se\/da\/produkt\/visitkortholder\/#breadcrumb\",\"itemListElement\":[{\"@type\":\"ListItem\",\"position\":1,\"name\":\"Hem\",\"item\":\"https:\/\/www.gdirekt.se\/da\/\"},{\"@type\":\"ListItem\",\"position\":2,\"name\":\"Start\",\"item\":\"https:\/\/www.gdirekt.se\/da\/\"},{\"@type\":\"ListItem\",\"position\":3,\"name\":\"Visitkortholder\"}]},{\"@type\":\"WebSite\",\"@id\":\"https:\/\/www.gdirekt.se\/#website\",\"url\":\"https:\/\/www.gdirekt.se\/\",\"name\":\"Gdirekt.se\",\"description\":\"Tryck snabbt \u00e5 l\u00e4tt = Gdirekt\",\"potentialAction\":[{\"@type\":\"SearchAction\",\"target\":{\"@type\":\"EntryPoint\",\"urlTemplate\":\"https:\/\/www.gdirekt.se\/?s={search_term_string}\"},\"query-input\":{\"@type\":\"PropertyValueSpecification\",\"valueRequired\":true,\"valueName\":\"search_term_string\"}}],\"inLanguage\":\"da-DK\"}]}<\/script>\n<!-- \/ Yoast SEO plugin. -->","yoast_head_json":{"title":"Visitkortholder iplastik med et simpelt og stilfuldt design | Gdirekt.se","description":"Visitkortholder i klar plexiglas. En neutral visitkortholder i flot og enkelt design. Bestil med hurtig levering og til billig pris. Vi lagerf\u00f8rer disse, og vi sender direkte til virksomheder og privatpersoner. Der kan k\u00f8bes visitkortholdere d\u00f8gnet rundt p\u00e5 vores hjemmeside.","robots":{"index":"index","follow":"follow","max-snippet":"max-snippet:-1","max-image-preview":"max-image-preview:large","max-video-preview":"max-video-preview:-1"},"canonical":"https:\/\/www.gdirekt.se\/da\/produkt\/visitkortholder\/","og_locale":"da_DK","og_type":"article","og_title":"Visitkortholder iplastik med et simpelt og stilfuldt design | Gdirekt.se","og_description":"Visitkortholder i klar plexiglas. En neutral visitkortholder i flot og enkelt design. Bestil med hurtig levering og til billig pris. Vi lagerf\u00f8rer disse, og vi sender direkte til virksomheder og privatpersoner. Der kan k\u00f8bes visitkortholdere d\u00f8gnet rundt p\u00e5 vores hjemmeside.","og_url":"https:\/\/www.gdirekt.se\/da\/produkt\/visitkortholder\/","og_site_name":"Gdirekt.se","article_modified_time":"2024-02-01T08:33:44+00:00","og_image":[{"width":1000,"height":1000,"url":"https:\/\/www.gdirekt.se\/wp-content\/uploads\/visitkortsfack.png","type":"image\/png"}],"twitter_card":"summary_large_image","schema":{"@context":"https:\/\/schema.org","@graph":[{"@type":"WebPage","@id":"https:\/\/www.gdirekt.se\/da\/produkt\/visitkortholder\/","url":"https:\/\/www.gdirekt.se\/da\/produkt\/visitkortholder\/","name":"Visitkortholder iplastik med et simpelt og stilfuldt design | Gdirekt.se","isPartOf":{"@id":"https:\/\/www.gdirekt.se\/#website"},"primaryImageOfPage":{"@id":"https:\/\/www.gdirekt.se\/da\/produkt\/visitkortholder\/#primaryimage"},"image":{"@id":"https:\/\/www.gdirekt.se\/da\/produkt\/visitkortholder\/#primaryimage"},"thumbnailUrl":"https:\/\/www.gdirekt.se\/wp-content\/uploads\/visitkortsfack.png","datePublished":"2017-03-13T14:49:08+00:00","dateModified":"2024-02-01T08:33:44+00:00","description":"Visitkortholder i klar plexiglas. En neutral visitkortholder i flot og enkelt design. Bestil med hurtig levering og til billig pris. Vi lagerf\u00f8rer disse, og vi sender direkte til virksomheder og privatpersoner. Der kan k\u00f8bes visitkortholdere d\u00f8gnet rundt p\u00e5 vores hjemmeside.","breadcrumb":{"@id":"https:\/\/www.gdirekt.se\/da\/produkt\/visitkortholder\/#breadcrumb"},"inLanguage":"da-DK","potentialAction":[{"@type":"ReadAction","target":["https:\/\/www.gdirekt.se\/da\/produkt\/visitkortholder\/"]}]},{"@type":"ImageObject","inLanguage":"da-DK","@id":"https:\/\/www.gdirekt.se\/da\/produkt\/visitkortholder\/#primaryimage","url":"https:\/\/www.gdirekt.se\/wp-content\/uploads\/visitkortsfack.png","contentUrl":"https:\/\/www.gdirekt.se\/wp-content\/uploads\/visitkortsfack.png","width":1000,"height":1000,"caption":"Kortholder i plexiglas till visitkort"},{"@type":"BreadcrumbList","@id":"https:\/\/www.gdirekt.se\/da\/produkt\/visitkortholder\/#breadcrumb","itemListElement":[{"@type":"ListItem","position":1,"name":"Hem","item":"https:\/\/www.gdirekt.se\/da\/"},{"@type":"ListItem","position":2,"name":"Start","item":"https:\/\/www.gdirekt.se\/da\/"},{"@type":"ListItem","position":3,"name":"Visitkortholder"}]},{"@type":"WebSite","@id":"https:\/\/www.gdirekt.se\/#website","url":"https:\/\/www.gdirekt.se\/","name":"Gdirekt.se","description":"Tryck snabbt \u00e5 l\u00e4tt = Gdirekt","potentialAction":[{"@type":"SearchAction","target":{"@type":"EntryPoint","urlTemplate":"https:\/\/www.gdirekt.se\/?s={search_term_string}"},"query-input":{"@type":"PropertyValueSpecification","valueRequired":true,"valueName":"search_term_string"}}],"inLanguage":"da-DK"}]}},"_links":{"self":[{"href":"https:\/\/www.gdirekt.se\/da\/wp-json\/wp\/v2\/product\/9308","targetHints":{"allow":["GET"]}}],"collection":[{"href":"https:\/\/www.gdirekt.se\/da\/wp-json\/wp\/v2\/product"}],"about":[{"href":"https:\/\/www.gdirekt.se\/da\/wp-json\/wp\/v2\/types\/product"}],"wp:featuredmedia":[{"embeddable":true,"href":"https:\/\/www.gdirekt.se\/da\/wp-json\/wp\/v2\/media\/8657"}],"wp:attachment":[{"href":"https:\/\/www.gdirekt.se\/da\/wp-json\/wp\/v2\/media?parent=9308"}],"wp:term":[{"taxonomy":"product_brand","embeddable":true,"href":"https:\/\/www.gdirekt.se\/da\/wp-json\/wp\/v2\/product_brand?post=9308"},{"taxonomy":"product_cat","embeddable":true,"href":"https:\/\/www.gdirekt.se\/da\/wp-json\/wp\/v2\/product_cat?post=9308"},{"taxonomy":"product_tag","embeddable":true,"href":"https:\/\/www.gdirekt.se\/da\/wp-json\/wp\/v2\/product_tag?post=9308"}],"curies":[{"name":"wp","href":"https:\/\/api.w.org\/{rel}","templated":true}]}}