{"id":9303,"date":"2018-05-23T15:26:45","date_gmt":"2018-05-23T13:26:45","guid":{"rendered":"http:\/\/gdirekt.hamstage.hamrenmedia.se\/produkt\/skilteholder\/"},"modified":"2018-10-25T08:51:55","modified_gmt":"2018-10-25T06:51:55","slug":"skilteholder","status":"publish","type":"product","link":"https:\/\/www.gdirekt.se\/da\/produkt\/skilteholder\/","title":{"rendered":"Skilteholder"},"content":{"rendered":"<p><span lang=\"DA\">Skilteholder til egne udskrifter i papir. Perfekt til menuer, prisskilte og anden information. Disse skiltestandere anvendes i butikker, virksomheder, p\u00e5 messer og i receptioner. Skilteholderen er fremstillet i meget slidst\u00e6rk transparent plast, og budskabet fremh\u00e6ves p\u00e5 bedste vis. Den kan anvendes som b\u00e5de enkeltsidet og dobbeltsidet. Og s\u00e5 er disse skilteholdere s\u00e5 smarte, at man kan v\u00e6lge, om man vil vise skiltet st\u00e5ende eller liggende.<\/span><\/p>\n<p><span lang=\"DA\">Skilteholderne f\u00e5s i store og sm\u00e5 st\u00f8rrelser. Nedenfor kan I se, hvilke I kan bestille p\u00e5 nettet:<\/span><\/p>\n<p><span lang=\"DA\">A6, 10,5 x 14,8 cm<\/span><\/p>\n<p><span lang=\"DA\">A5, 14,8 x 21 cm<\/span><\/p>\n<p><span lang=\"DA\">A4, 21 x 29,7 cm<\/span><\/p>\n<p><span lang=\"DA\">A3, 29,7 x 42 cm<\/span><\/p>\n<p><span lang=\"DA\">Se ogs\u00e5 vores modeller af<span class=\"apple-converted-space\">\u00a0<\/span><\/span><span lang=\"DA\"><a href=\"https:\/\/www.gdirekt.se\/produkt-kategori\/broschyrstall-och-infostall\/\"><b><i>brochurestandere<\/i><\/b><\/a><\/span><span lang=\"DA\">! Samt andre<span class=\"apple-converted-space\">\u00a0<\/span><\/span><span lang=\"DA\"><a href=\"https:\/\/www.gdirekt.se\/produkt-kategori\/skyltar-tillbehor\/\"><b><i>skilteholdere<\/i><\/b><\/a><\/span><span lang=\"DA\">!<\/span><\/p>\n","protected":false},"excerpt":{"rendered":"<p>Skiltholder til dine egne udskrifter i papir. Kan bruges som dobbeltsidet eller ensidig og portr\u00e6t eller landskab. Du skal blot placere dine trykte flyers, informationsark eller menuer i skiltningen som fremstillet her i slidst\u00e6rk gennemsigtig plastik. F\u00e5s i fire forskellige st\u00f8rrelser, v\u00e6lg nedenfor.<\/p>\n","protected":false},"featured_media":8923,"template":"","meta":{"_acf_changed":false},"product_brand":[],"product_cat":[368,379,381],"product_tag":[],"class_list":{"0":"post-9303","1":"product","2":"type-product","3":"status-publish","4":"has-post-thumbnail","6":"product_cat-brochurestander-og-informationsstander","7":"product_cat-skilte-tilbehoer","8":"product_cat-tryksager-visitkort-brochurer","9":"product_shipping_class-180sek","11":"first","12":"instock","13":"taxable","14":"shipping-taxable","15":"purchasable","16":"product-type-variable","17":"has-default-attributes"},"exclude_global_add_ons":[],"addons":[],"acf":[],"yoast_head":"<!-- This site is optimized with the Yoast SEO plugin v27.2 - https:\/\/yoast.com\/product\/yoast-seo-wordpress\/ -->\n<title>Skilteholder i A6, A5, A4 &amp; A3 til billig pris | Gdirekt.se<\/title>\n<meta name=\"description\" content=\"Bestil skilteholder til bord, skranker og hylder med hurtig levering. Vi har alle st\u00f8rrelser p\u00e5 lager og sender direkte fra vores lager. Disse fungerer fint som menuholdere og prisskilte samt sm\u00e5 informationsstandere. Man kan udskrive p\u00e5 eget papir og s\u00e6tte i. St\u00e5ende eller liggende model i plexiglas.\" \/>\n<meta name=\"robots\" content=\"index, follow, max-snippet:-1, max-image-preview:large, max-video-preview:-1\" \/>\n<link rel=\"canonical\" href=\"https:\/\/www.gdirekt.se\/da\/produkt\/skilteholder\/\" \/>\n<meta property=\"og:locale\" content=\"da_DK\" \/>\n<meta property=\"og:type\" content=\"article\" \/>\n<meta property=\"og:title\" content=\"Skilteholder i A6, A5, A4 &amp; A3 til billig pris | Gdirekt.se\" \/>\n<meta property=\"og:description\" content=\"Bestil skilteholder til bord, skranker og hylder med hurtig levering. Vi har alle st\u00f8rrelser p\u00e5 lager og sender direkte fra vores lager. Disse fungerer fint som menuholdere og prisskilte samt sm\u00e5 informationsstandere. Man kan udskrive p\u00e5 eget papir og s\u00e6tte i. St\u00e5ende eller liggende model i plexiglas.\" \/>\n<meta property=\"og:url\" content=\"https:\/\/www.gdirekt.se\/da\/produkt\/skilteholder\/\" \/>\n<meta property=\"og:site_name\" content=\"Gdirekt.se\" \/>\n<meta property=\"article:modified_time\" content=\"2018-10-25T06:51:55+00:00\" \/>\n<meta property=\"og:image\" content=\"https:\/\/www.gdirekt.se\/wp-content\/uploads\/skylth\u00e5llare.png\" \/>\n\t<meta property=\"og:image:width\" content=\"1000\" \/>\n\t<meta property=\"og:image:height\" content=\"1000\" \/>\n\t<meta property=\"og:image:type\" content=\"image\/png\" \/>\n<meta name=\"twitter:card\" content=\"summary_large_image\" \/>\n<meta name=\"twitter:label1\" content=\"Estimeret l\u00e6setid\" \/>\n\t<meta name=\"twitter:data1\" content=\"1 minut\" \/>\n<script type=\"application\/ld+json\" class=\"yoast-schema-graph\">{\"@context\":\"https:\/\/schema.org\",\"@graph\":[{\"@type\":\"WebPage\",\"@id\":\"https:\/\/www.gdirekt.se\/da\/produkt\/skilteholder\/\",\"url\":\"https:\/\/www.gdirekt.se\/da\/produkt\/skilteholder\/\",\"name\":\"Skilteholder i A6, A5, A4 & A3 til billig pris | Gdirekt.se\",\"isPartOf\":{\"@id\":\"https:\/\/www.gdirekt.se\/#website\"},\"primaryImageOfPage\":{\"@id\":\"https:\/\/www.gdirekt.se\/da\/produkt\/skilteholder\/#primaryimage\"},\"image\":{\"@id\":\"https:\/\/www.gdirekt.se\/da\/produkt\/skilteholder\/#primaryimage\"},\"thumbnailUrl\":\"https:\/\/www.gdirekt.se\/wp-content\/uploads\/skylth\u00e5llare.png\",\"datePublished\":\"2018-05-23T13:26:45+00:00\",\"dateModified\":\"2018-10-25T06:51:55+00:00\",\"description\":\"Bestil skilteholder til bord, skranker og hylder med hurtig levering. Vi har alle st\u00f8rrelser p\u00e5 lager og sender direkte fra vores lager. Disse fungerer fint som menuholdere og prisskilte samt sm\u00e5 informationsstandere. Man kan udskrive p\u00e5 eget papir og s\u00e6tte i. St\u00e5ende eller liggende model i plexiglas.\",\"breadcrumb\":{\"@id\":\"https:\/\/www.gdirekt.se\/da\/produkt\/skilteholder\/#breadcrumb\"},\"inLanguage\":\"da-DK\",\"potentialAction\":[{\"@type\":\"ReadAction\",\"target\":[\"https:\/\/www.gdirekt.se\/da\/produkt\/skilteholder\/\"]}]},{\"@type\":\"ImageObject\",\"inLanguage\":\"da-DK\",\"@id\":\"https:\/\/www.gdirekt.se\/da\/produkt\/skilteholder\/#primaryimage\",\"url\":\"https:\/\/www.gdirekt.se\/wp-content\/uploads\/skylth\u00e5llare.png\",\"contentUrl\":\"https:\/\/www.gdirekt.se\/wp-content\/uploads\/skylth\u00e5llare.png\",\"width\":1000,\"height\":1000,\"caption\":\"Skilteholder i plexi til papir\"},{\"@type\":\"BreadcrumbList\",\"@id\":\"https:\/\/www.gdirekt.se\/da\/produkt\/skilteholder\/#breadcrumb\",\"itemListElement\":[{\"@type\":\"ListItem\",\"position\":1,\"name\":\"Hem\",\"item\":\"https:\/\/www.gdirekt.se\/da\/\"},{\"@type\":\"ListItem\",\"position\":2,\"name\":\"Start\",\"item\":\"https:\/\/www.gdirekt.se\/da\/\"},{\"@type\":\"ListItem\",\"position\":3,\"name\":\"Skilteholder\"}]},{\"@type\":\"WebSite\",\"@id\":\"https:\/\/www.gdirekt.se\/#website\",\"url\":\"https:\/\/www.gdirekt.se\/\",\"name\":\"Gdirekt.se\",\"description\":\"Tryck snabbt \u00e5 l\u00e4tt = Gdirekt\",\"potentialAction\":[{\"@type\":\"SearchAction\",\"target\":{\"@type\":\"EntryPoint\",\"urlTemplate\":\"https:\/\/www.gdirekt.se\/?s={search_term_string}\"},\"query-input\":{\"@type\":\"PropertyValueSpecification\",\"valueRequired\":true,\"valueName\":\"search_term_string\"}}],\"inLanguage\":\"da-DK\"}]}<\/script>\n<!-- \/ Yoast SEO plugin. -->","yoast_head_json":{"title":"Skilteholder i A6, A5, A4 & A3 til billig pris | Gdirekt.se","description":"Bestil skilteholder til bord, skranker og hylder med hurtig levering. Vi har alle st\u00f8rrelser p\u00e5 lager og sender direkte fra vores lager. Disse fungerer fint som menuholdere og prisskilte samt sm\u00e5 informationsstandere. Man kan udskrive p\u00e5 eget papir og s\u00e6tte i. St\u00e5ende eller liggende model i plexiglas.","robots":{"index":"index","follow":"follow","max-snippet":"max-snippet:-1","max-image-preview":"max-image-preview:large","max-video-preview":"max-video-preview:-1"},"canonical":"https:\/\/www.gdirekt.se\/da\/produkt\/skilteholder\/","og_locale":"da_DK","og_type":"article","og_title":"Skilteholder i A6, A5, A4 & A3 til billig pris | Gdirekt.se","og_description":"Bestil skilteholder til bord, skranker og hylder med hurtig levering. Vi har alle st\u00f8rrelser p\u00e5 lager og sender direkte fra vores lager. Disse fungerer fint som menuholdere og prisskilte samt sm\u00e5 informationsstandere. Man kan udskrive p\u00e5 eget papir og s\u00e6tte i. St\u00e5ende eller liggende model i plexiglas.","og_url":"https:\/\/www.gdirekt.se\/da\/produkt\/skilteholder\/","og_site_name":"Gdirekt.se","article_modified_time":"2018-10-25T06:51:55+00:00","og_image":[{"width":1000,"height":1000,"url":"https:\/\/www.gdirekt.se\/wp-content\/uploads\/skylth\u00e5llare.png","type":"image\/png"}],"twitter_card":"summary_large_image","twitter_misc":{"Estimeret l\u00e6setid":"1 minut"},"schema":{"@context":"https:\/\/schema.org","@graph":[{"@type":"WebPage","@id":"https:\/\/www.gdirekt.se\/da\/produkt\/skilteholder\/","url":"https:\/\/www.gdirekt.se\/da\/produkt\/skilteholder\/","name":"Skilteholder i A6, A5, A4 & A3 til billig pris | Gdirekt.se","isPartOf":{"@id":"https:\/\/www.gdirekt.se\/#website"},"primaryImageOfPage":{"@id":"https:\/\/www.gdirekt.se\/da\/produkt\/skilteholder\/#primaryimage"},"image":{"@id":"https:\/\/www.gdirekt.se\/da\/produkt\/skilteholder\/#primaryimage"},"thumbnailUrl":"https:\/\/www.gdirekt.se\/wp-content\/uploads\/skylth\u00e5llare.png","datePublished":"2018-05-23T13:26:45+00:00","dateModified":"2018-10-25T06:51:55+00:00","description":"Bestil skilteholder til bord, skranker og hylder med hurtig levering. Vi har alle st\u00f8rrelser p\u00e5 lager og sender direkte fra vores lager. Disse fungerer fint som menuholdere og prisskilte samt sm\u00e5 informationsstandere. Man kan udskrive p\u00e5 eget papir og s\u00e6tte i. St\u00e5ende eller liggende model i plexiglas.","breadcrumb":{"@id":"https:\/\/www.gdirekt.se\/da\/produkt\/skilteholder\/#breadcrumb"},"inLanguage":"da-DK","potentialAction":[{"@type":"ReadAction","target":["https:\/\/www.gdirekt.se\/da\/produkt\/skilteholder\/"]}]},{"@type":"ImageObject","inLanguage":"da-DK","@id":"https:\/\/www.gdirekt.se\/da\/produkt\/skilteholder\/#primaryimage","url":"https:\/\/www.gdirekt.se\/wp-content\/uploads\/skylth\u00e5llare.png","contentUrl":"https:\/\/www.gdirekt.se\/wp-content\/uploads\/skylth\u00e5llare.png","width":1000,"height":1000,"caption":"Skilteholder i plexi til papir"},{"@type":"BreadcrumbList","@id":"https:\/\/www.gdirekt.se\/da\/produkt\/skilteholder\/#breadcrumb","itemListElement":[{"@type":"ListItem","position":1,"name":"Hem","item":"https:\/\/www.gdirekt.se\/da\/"},{"@type":"ListItem","position":2,"name":"Start","item":"https:\/\/www.gdirekt.se\/da\/"},{"@type":"ListItem","position":3,"name":"Skilteholder"}]},{"@type":"WebSite","@id":"https:\/\/www.gdirekt.se\/#website","url":"https:\/\/www.gdirekt.se\/","name":"Gdirekt.se","description":"Tryck snabbt \u00e5 l\u00e4tt = Gdirekt","potentialAction":[{"@type":"SearchAction","target":{"@type":"EntryPoint","urlTemplate":"https:\/\/www.gdirekt.se\/?s={search_term_string}"},"query-input":{"@type":"PropertyValueSpecification","valueRequired":true,"valueName":"search_term_string"}}],"inLanguage":"da-DK"}]}},"_links":{"self":[{"href":"https:\/\/www.gdirekt.se\/da\/wp-json\/wp\/v2\/product\/9303","targetHints":{"allow":["GET"]}}],"collection":[{"href":"https:\/\/www.gdirekt.se\/da\/wp-json\/wp\/v2\/product"}],"about":[{"href":"https:\/\/www.gdirekt.se\/da\/wp-json\/wp\/v2\/types\/product"}],"wp:featuredmedia":[{"embeddable":true,"href":"https:\/\/www.gdirekt.se\/da\/wp-json\/wp\/v2\/media\/8923"}],"wp:attachment":[{"href":"https:\/\/www.gdirekt.se\/da\/wp-json\/wp\/v2\/media?parent=9303"}],"wp:term":[{"taxonomy":"product_brand","embeddable":true,"href":"https:\/\/www.gdirekt.se\/da\/wp-json\/wp\/v2\/product_brand?post=9303"},{"taxonomy":"product_cat","embeddable":true,"href":"https:\/\/www.gdirekt.se\/da\/wp-json\/wp\/v2\/product_cat?post=9303"},{"taxonomy":"product_tag","embeddable":true,"href":"https:\/\/www.gdirekt.se\/da\/wp-json\/wp\/v2\/product_tag?post=9303"}],"curies":[{"name":"wp","href":"https:\/\/api.w.org\/{rel}","templated":true}]}}