{"id":9301,"date":"2015-09-07T15:57:51","date_gmt":"2015-09-07T13:57:51","guid":{"rendered":"http:\/\/gdirekt.hamstage.hamrenmedia.se\/produkt\/informationsstander-maxi-til-a4\/"},"modified":"2024-02-01T09:41:28","modified_gmt":"2024-02-01T08:41:28","slug":"informationsstander-maxi-til-a4","status":"publish","type":"product","link":"https:\/\/www.gdirekt.se\/da\/produkt\/informationsstander-maxi-til-a4\/","title":{"rendered":"Informationsstander Maxi til A4"},"content":{"rendered":"<p><span lang=\"DA\">Informationsstander Maxi til A4 har plads til 6 A4 med stander i aluminium og informationsholdere i akrylplast.\u00a0Informationsholderne er monteret med afstandsstykker af aluminium. Den stabile fod er fremstillet i s\u00f8lvlakeret MDF-plade og m\u00e5ler 43 cm x 46 cm og er 4 cm tyk. Informationsstanderen vejer 12 kg, hvilket betyder, at den er stabil og t\u00e5ler at st\u00e5 i offentlige milj\u00f8er. Informationsstander Maxi til A4-ark placeres fint p\u00e5 skoler, i butikscentre, butikker, bilfirmaer, saloner og p\u00e5 hoteller. Nogen kalder disse gulvstandere for indgangsstandere.<\/span><\/p>\n<p><span lang=\"DA\">Brochurestanderen eller informationsstanderen er en eksklusiv formidler af information i h\u00f8j kvalitet, som giver de trykte brochurer eller l\u00f8sblade en seri\u00f8s platform til at n\u00e5 ud til kunderne. Skal I bruge andre skilte med tekst, tal eller et fast budskab, kan I bes\u00f8ge vores side<span class=\"apple-converted-space\">\u00a0<\/span><\/span><span lang=\"DA\"><a href=\"https:\/\/shop.svasab.se\/\"><b><i>SVASAB<\/i><\/b><\/a><\/span><span lang=\"DA\">!<\/span><\/p>\n<p><span lang=\"DA\">Selve bagbekl\u00e6dningen eller ryggen best\u00e5r af 2,5 mm tykt eloxeret aluminium. Holderne best\u00e5r af 3 mm akryl monteret med forkromede skruer. Denne stander passer ind i de fleste milj\u00f8er og er meget let at stille op.<\/span><\/p>\n<p><span lang=\"DA\">Holderne til A4-ark, som er produceret i akrylplexiglas, har plads til ganske mange tryksager takket v\u00e6re h\u00f8jden og bredden. Bestil jeres tryksager og visitkort hos os<span class=\"apple-converted-space\">\u00a0<\/span><\/span><span lang=\"DA\"><a href=\"https:\/\/www.gdirekt.se\/produkt-kategori\/tryck-visitkort\/\">her.<\/a><\/span><\/p>\n","protected":false},"excerpt":{"rendered":"<p><span lang=\"DA\">Informationsstander Maxi til A4-ark har et flot b\u00f8jet design 6 A4. Passer fint til bilforhandlere og receptioner \u2013 nem at montere! <\/span><\/p>\n","protected":false},"featured_media":8065,"template":"","meta":{"_acf_changed":false},"product_brand":[],"product_cat":[368],"product_tag":[],"class_list":{"0":"post-9301","1":"product","2":"type-product","3":"status-publish","4":"has-post-thumbnail","6":"product_cat-brochurestander-og-informationsstander","7":"product_shipping_class-690kr","9":"first","10":"instock","11":"taxable","12":"shipping-taxable","13":"purchasable","14":"product-type-simple"},"exclude_global_add_ons":[],"addons":[],"acf":[],"yoast_head":"<!-- This site is optimized with the Yoast SEO plugin v27.2 - https:\/\/yoast.com\/product\/yoast-seo-wordpress\/ -->\n<title>Informationsstander Maxi til A4, stilfuldt design, bestilling til den rigtige pris | Gdirekt.se<\/title>\n<meta name=\"description\" content=\"Informationsstander Maxi til A4-ark har et flot b\u00f8jet design 6 A4. Passer fint til bilforhandlere og receptioner \u2013 nem at montere! Dette er en stor og permanent gulvstander, som er et moderne m\u00f8bel til trykte foldere og flyers. Bestil direkte fra leverand\u00f8rens lager hos Gdirekt.\" \/>\n<meta name=\"robots\" content=\"index, follow, max-snippet:-1, max-image-preview:large, max-video-preview:-1\" \/>\n<link rel=\"canonical\" href=\"https:\/\/www.gdirekt.se\/da\/produkt\/informationsstander-maxi-til-a4\/\" \/>\n<meta property=\"og:locale\" content=\"da_DK\" \/>\n<meta property=\"og:type\" content=\"article\" \/>\n<meta property=\"og:title\" content=\"Informationsstander Maxi til A4, stilfuldt design, bestilling til den rigtige pris | Gdirekt.se\" \/>\n<meta property=\"og:description\" content=\"Informationsstander Maxi til A4-ark har et flot b\u00f8jet design 6 A4. Passer fint til bilforhandlere og receptioner \u2013 nem at montere! Dette er en stor og permanent gulvstander, som er et moderne m\u00f8bel til trykte foldere og flyers. Bestil direkte fra leverand\u00f8rens lager hos Gdirekt.\" \/>\n<meta property=\"og:url\" content=\"https:\/\/www.gdirekt.se\/da\/produkt\/informationsstander-maxi-til-a4\/\" \/>\n<meta property=\"og:site_name\" content=\"Gdirekt.se\" \/>\n<meta property=\"article:modified_time\" content=\"2024-02-01T08:41:28+00:00\" \/>\n<meta property=\"og:image\" content=\"https:\/\/www.gdirekt.se\/wp-content\/uploads\/broschyrstall-Maxi.png\" \/>\n\t<meta property=\"og:image:width\" content=\"1000\" \/>\n\t<meta property=\"og:image:height\" content=\"1000\" \/>\n\t<meta property=\"og:image:type\" content=\"image\/png\" \/>\n<meta name=\"twitter:card\" content=\"summary_large_image\" \/>\n<meta name=\"twitter:label1\" content=\"Estimeret l\u00e6setid\" \/>\n\t<meta name=\"twitter:data1\" content=\"1 minut\" \/>\n<script type=\"application\/ld+json\" class=\"yoast-schema-graph\">{\"@context\":\"https:\/\/schema.org\",\"@graph\":[{\"@type\":\"WebPage\",\"@id\":\"https:\/\/www.gdirekt.se\/da\/produkt\/informationsstander-maxi-til-a4\/\",\"url\":\"https:\/\/www.gdirekt.se\/da\/produkt\/informationsstander-maxi-til-a4\/\",\"name\":\"Informationsstander Maxi til A4, stilfuldt design, bestilling til den rigtige pris | Gdirekt.se\",\"isPartOf\":{\"@id\":\"https:\/\/www.gdirekt.se\/#website\"},\"primaryImageOfPage\":{\"@id\":\"https:\/\/www.gdirekt.se\/da\/produkt\/informationsstander-maxi-til-a4\/#primaryimage\"},\"image\":{\"@id\":\"https:\/\/www.gdirekt.se\/da\/produkt\/informationsstander-maxi-til-a4\/#primaryimage\"},\"thumbnailUrl\":\"https:\/\/www.gdirekt.se\/wp-content\/uploads\/broschyrstall-Maxi.png\",\"datePublished\":\"2015-09-07T13:57:51+00:00\",\"dateModified\":\"2024-02-01T08:41:28+00:00\",\"description\":\"Informationsstander Maxi til A4-ark har et flot b\u00f8jet design 6 A4. Passer fint til bilforhandlere og receptioner \u2013 nem at montere! Dette er en stor og permanent gulvstander, som er et moderne m\u00f8bel til trykte foldere og flyers. Bestil direkte fra leverand\u00f8rens lager hos Gdirekt.\",\"breadcrumb\":{\"@id\":\"https:\/\/www.gdirekt.se\/da\/produkt\/informationsstander-maxi-til-a4\/#breadcrumb\"},\"inLanguage\":\"da-DK\",\"potentialAction\":[{\"@type\":\"ReadAction\",\"target\":[\"https:\/\/www.gdirekt.se\/da\/produkt\/informationsstander-maxi-til-a4\/\"]}]},{\"@type\":\"ImageObject\",\"inLanguage\":\"da-DK\",\"@id\":\"https:\/\/www.gdirekt.se\/da\/produkt\/informationsstander-maxi-til-a4\/#primaryimage\",\"url\":\"https:\/\/www.gdirekt.se\/wp-content\/uploads\/broschyrstall-Maxi.png\",\"contentUrl\":\"https:\/\/www.gdirekt.se\/wp-content\/uploads\/broschyrstall-Maxi.png\",\"width\":1000,\"height\":1000,\"caption\":\"Broschyrholder Maxi - Gdirekt\"},{\"@type\":\"BreadcrumbList\",\"@id\":\"https:\/\/www.gdirekt.se\/da\/produkt\/informationsstander-maxi-til-a4\/#breadcrumb\",\"itemListElement\":[{\"@type\":\"ListItem\",\"position\":1,\"name\":\"Hem\",\"item\":\"https:\/\/www.gdirekt.se\/da\/\"},{\"@type\":\"ListItem\",\"position\":2,\"name\":\"Start\",\"item\":\"https:\/\/www.gdirekt.se\/da\/\"},{\"@type\":\"ListItem\",\"position\":3,\"name\":\"Informationsstander Maxi til A4\"}]},{\"@type\":\"WebSite\",\"@id\":\"https:\/\/www.gdirekt.se\/#website\",\"url\":\"https:\/\/www.gdirekt.se\/\",\"name\":\"Gdirekt.se\",\"description\":\"Tryck snabbt \u00e5 l\u00e4tt = Gdirekt\",\"potentialAction\":[{\"@type\":\"SearchAction\",\"target\":{\"@type\":\"EntryPoint\",\"urlTemplate\":\"https:\/\/www.gdirekt.se\/?s={search_term_string}\"},\"query-input\":{\"@type\":\"PropertyValueSpecification\",\"valueRequired\":true,\"valueName\":\"search_term_string\"}}],\"inLanguage\":\"da-DK\"}]}<\/script>\n<!-- \/ Yoast SEO plugin. -->","yoast_head_json":{"title":"Informationsstander Maxi til A4, stilfuldt design, bestilling til den rigtige pris | Gdirekt.se","description":"Informationsstander Maxi til A4-ark har et flot b\u00f8jet design 6 A4. Passer fint til bilforhandlere og receptioner \u2013 nem at montere! Dette er en stor og permanent gulvstander, som er et moderne m\u00f8bel til trykte foldere og flyers. Bestil direkte fra leverand\u00f8rens lager hos Gdirekt.","robots":{"index":"index","follow":"follow","max-snippet":"max-snippet:-1","max-image-preview":"max-image-preview:large","max-video-preview":"max-video-preview:-1"},"canonical":"https:\/\/www.gdirekt.se\/da\/produkt\/informationsstander-maxi-til-a4\/","og_locale":"da_DK","og_type":"article","og_title":"Informationsstander Maxi til A4, stilfuldt design, bestilling til den rigtige pris | Gdirekt.se","og_description":"Informationsstander Maxi til A4-ark har et flot b\u00f8jet design 6 A4. Passer fint til bilforhandlere og receptioner \u2013 nem at montere! Dette er en stor og permanent gulvstander, som er et moderne m\u00f8bel til trykte foldere og flyers. Bestil direkte fra leverand\u00f8rens lager hos Gdirekt.","og_url":"https:\/\/www.gdirekt.se\/da\/produkt\/informationsstander-maxi-til-a4\/","og_site_name":"Gdirekt.se","article_modified_time":"2024-02-01T08:41:28+00:00","og_image":[{"width":1000,"height":1000,"url":"https:\/\/www.gdirekt.se\/wp-content\/uploads\/broschyrstall-Maxi.png","type":"image\/png"}],"twitter_card":"summary_large_image","twitter_misc":{"Estimeret l\u00e6setid":"1 minut"},"schema":{"@context":"https:\/\/schema.org","@graph":[{"@type":"WebPage","@id":"https:\/\/www.gdirekt.se\/da\/produkt\/informationsstander-maxi-til-a4\/","url":"https:\/\/www.gdirekt.se\/da\/produkt\/informationsstander-maxi-til-a4\/","name":"Informationsstander Maxi til A4, stilfuldt design, bestilling til den rigtige pris | Gdirekt.se","isPartOf":{"@id":"https:\/\/www.gdirekt.se\/#website"},"primaryImageOfPage":{"@id":"https:\/\/www.gdirekt.se\/da\/produkt\/informationsstander-maxi-til-a4\/#primaryimage"},"image":{"@id":"https:\/\/www.gdirekt.se\/da\/produkt\/informationsstander-maxi-til-a4\/#primaryimage"},"thumbnailUrl":"https:\/\/www.gdirekt.se\/wp-content\/uploads\/broschyrstall-Maxi.png","datePublished":"2015-09-07T13:57:51+00:00","dateModified":"2024-02-01T08:41:28+00:00","description":"Informationsstander Maxi til A4-ark har et flot b\u00f8jet design 6 A4. Passer fint til bilforhandlere og receptioner \u2013 nem at montere! Dette er en stor og permanent gulvstander, som er et moderne m\u00f8bel til trykte foldere og flyers. Bestil direkte fra leverand\u00f8rens lager hos Gdirekt.","breadcrumb":{"@id":"https:\/\/www.gdirekt.se\/da\/produkt\/informationsstander-maxi-til-a4\/#breadcrumb"},"inLanguage":"da-DK","potentialAction":[{"@type":"ReadAction","target":["https:\/\/www.gdirekt.se\/da\/produkt\/informationsstander-maxi-til-a4\/"]}]},{"@type":"ImageObject","inLanguage":"da-DK","@id":"https:\/\/www.gdirekt.se\/da\/produkt\/informationsstander-maxi-til-a4\/#primaryimage","url":"https:\/\/www.gdirekt.se\/wp-content\/uploads\/broschyrstall-Maxi.png","contentUrl":"https:\/\/www.gdirekt.se\/wp-content\/uploads\/broschyrstall-Maxi.png","width":1000,"height":1000,"caption":"Broschyrholder Maxi - Gdirekt"},{"@type":"BreadcrumbList","@id":"https:\/\/www.gdirekt.se\/da\/produkt\/informationsstander-maxi-til-a4\/#breadcrumb","itemListElement":[{"@type":"ListItem","position":1,"name":"Hem","item":"https:\/\/www.gdirekt.se\/da\/"},{"@type":"ListItem","position":2,"name":"Start","item":"https:\/\/www.gdirekt.se\/da\/"},{"@type":"ListItem","position":3,"name":"Informationsstander Maxi til A4"}]},{"@type":"WebSite","@id":"https:\/\/www.gdirekt.se\/#website","url":"https:\/\/www.gdirekt.se\/","name":"Gdirekt.se","description":"Tryck snabbt \u00e5 l\u00e4tt = Gdirekt","potentialAction":[{"@type":"SearchAction","target":{"@type":"EntryPoint","urlTemplate":"https:\/\/www.gdirekt.se\/?s={search_term_string}"},"query-input":{"@type":"PropertyValueSpecification","valueRequired":true,"valueName":"search_term_string"}}],"inLanguage":"da-DK"}]}},"_links":{"self":[{"href":"https:\/\/www.gdirekt.se\/da\/wp-json\/wp\/v2\/product\/9301","targetHints":{"allow":["GET"]}}],"collection":[{"href":"https:\/\/www.gdirekt.se\/da\/wp-json\/wp\/v2\/product"}],"about":[{"href":"https:\/\/www.gdirekt.se\/da\/wp-json\/wp\/v2\/types\/product"}],"wp:featuredmedia":[{"embeddable":true,"href":"https:\/\/www.gdirekt.se\/da\/wp-json\/wp\/v2\/media\/8065"}],"wp:attachment":[{"href":"https:\/\/www.gdirekt.se\/da\/wp-json\/wp\/v2\/media?parent=9301"}],"wp:term":[{"taxonomy":"product_brand","embeddable":true,"href":"https:\/\/www.gdirekt.se\/da\/wp-json\/wp\/v2\/product_brand?post=9301"},{"taxonomy":"product_cat","embeddable":true,"href":"https:\/\/www.gdirekt.se\/da\/wp-json\/wp\/v2\/product_cat?post=9301"},{"taxonomy":"product_tag","embeddable":true,"href":"https:\/\/www.gdirekt.se\/da\/wp-json\/wp\/v2\/product_tag?post=9301"}],"curies":[{"name":"wp","href":"https:\/\/api.w.org\/{rel}","templated":true}]}}