{"id":9300,"date":"2015-09-03T16:28:10","date_gmt":"2015-09-03T14:28:10","guid":{"rendered":"http:\/\/gdirekt.hamstage.hamrenmedia.se\/produkt\/informationsskilt-expolinc-vinklet-a4\/"},"modified":"2024-02-01T09:45:02","modified_gmt":"2024-02-01T08:45:02","slug":"informationsskilt-expolinc-vinklet-a4","status":"publish","type":"product","link":"https:\/\/www.gdirekt.se\/da\/produkt\/informationsskilt-expolinc-vinklet-a4\/","title":{"rendered":"Informationsskilt Expolinc vinklet A4"},"content":{"rendered":"<p><span lang=\"DA\">Informationsskilt Expolinc vinklet A4 har et flot design og er udf\u00f8rt med en vinkel, s\u00e5 den er let at afl\u00e6se. Gulvstanderen fra Gdirekt kan anvendes i b\u00e5de vandret og lodret position. I is\u00e6tter blot et A4-ark med informationerne.<\/span><\/p>\n<p><span lang=\"DA\">Informationsstanderen er 102 cm h\u00f8j og vejer 5,2\u00a0kg. Der er nemlig ekstra tyngde i foden, s\u00e5 den st\u00e5r stabilt. Informationsskiltet er let at b\u00e6re og placere uden st\u00f8rre anstrengelse. Informationsskilt Expolinc vinklet A4 er b\u00e5de meget simpelt og let at samle. Derefter udskriver man blot et A4-ark med en menu eller anden information, for eksempel en bilmodel. Hvis man ikke har adgang til en printer, kan man k\u00f8be A4-tryk hos os p\u00e5 Gdirekt,\u00a0<\/span><span lang=\"DA\"><a href=\"https:\/\/www.gdirekt.se\/butik\/tryck-visitkort\/ny-a4-tryck-enkelsidig-reklamblad-flygblad-flyers\/\"><b><i>klik her.<\/i><\/b><\/a><\/span><strong><i><span lang=\"DA\">\u00a0<\/span><\/i><\/strong><span lang=\"DA\">Hos Gdirekt k\u00f8ber man sin informationsstander og menustander billigt med hurtig levering. Vi lagerf\u00f8rer varerne og kan sende dem p\u00e5 et par dage.<\/span><\/p>\n<p><span lang=\"DA\">Skal I bruge andre faste skilte med tekstbudskab eller advarselsskilte, kan I se vores side<span class=\"apple-converted-space\">\u00a0<\/span><\/span><span lang=\"DA\"><a href=\"https:\/\/shop.svasab.se\/\"><b><i>SVASAB<\/i><\/b><\/a><\/span><span lang=\"DA\">!<\/span><\/p>\n","protected":false},"excerpt":{"rendered":"<p><span lang=\"DA\">Informationsskilt Expolinc vinklet A4 har et enkelt og flot design i h\u00f8j kvalitet. En skiltestander med vinkel til informationer og menuer til restauranter. <\/span><\/p>\n","protected":false},"featured_media":8073,"template":"","meta":{"_acf_changed":false},"product_brand":[],"product_cat":[368],"product_tag":[],"class_list":{"0":"post-9300","1":"product","2":"type-product","3":"status-publish","4":"has-post-thumbnail","6":"product_cat-brochurestander-og-informationsstander","7":"product_shipping_class-250kr","9":"first","10":"instock","11":"taxable","12":"shipping-taxable","13":"purchasable","14":"product-type-simple"},"exclude_global_add_ons":[],"addons":[],"acf":[],"yoast_head":"<!-- This site is optimized with the Yoast SEO plugin v27.2 - https:\/\/yoast.com\/product\/yoast-seo-wordpress\/ -->\n<title>Informationsskilt Expolinc vinklet A4 til menu og info ved indgangen | Gdirekt.se<\/title>\n<meta name=\"description\" content=\"Informationsskilt Expolinc vinklet A4 har et enkelt og flot design i h\u00f8j kvalitet. En skiltestander med vinkel til informationer og menuer til restauranter. Placeres p\u00e5 gulvet ved indgangen til butikker og anl\u00e6g med henvisninger. K\u00f8b til billig pris p\u00e5 nettet med direkte forsendelse.\" \/>\n<meta name=\"robots\" content=\"index, follow, max-snippet:-1, max-image-preview:large, max-video-preview:-1\" \/>\n<link rel=\"canonical\" href=\"https:\/\/www.gdirekt.se\/da\/produkt\/informationsskilt-expolinc-vinklet-a4\/\" \/>\n<meta property=\"og:locale\" content=\"da_DK\" \/>\n<meta property=\"og:type\" content=\"article\" \/>\n<meta property=\"og:title\" content=\"Informationsskilt Expolinc vinklet A4 til menu og info ved indgangen | Gdirekt.se\" \/>\n<meta property=\"og:description\" content=\"Informationsskilt Expolinc vinklet A4 har et enkelt og flot design i h\u00f8j kvalitet. En skiltestander med vinkel til informationer og menuer til restauranter. Placeres p\u00e5 gulvet ved indgangen til butikker og anl\u00e6g med henvisninger. K\u00f8b til billig pris p\u00e5 nettet med direkte forsendelse.\" \/>\n<meta property=\"og:url\" content=\"https:\/\/www.gdirekt.se\/da\/produkt\/informationsskilt-expolinc-vinklet-a4\/\" \/>\n<meta property=\"og:site_name\" content=\"Gdirekt.se\" \/>\n<meta property=\"article:modified_time\" content=\"2024-02-01T08:45:02+00:00\" \/>\n<meta property=\"og:image\" content=\"https:\/\/www.gdirekt.se\/wp-content\/uploads\/Skyltstaell-vinklad-A4.png\" \/>\n\t<meta property=\"og:image:width\" content=\"1000\" \/>\n\t<meta property=\"og:image:height\" content=\"1000\" \/>\n\t<meta property=\"og:image:type\" content=\"image\/png\" \/>\n<meta name=\"twitter:card\" content=\"summary_large_image\" \/>\n<meta name=\"twitter:label1\" content=\"Estimeret l\u00e6setid\" \/>\n\t<meta name=\"twitter:data1\" content=\"1 minut\" \/>\n<script type=\"application\/ld+json\" class=\"yoast-schema-graph\">{\"@context\":\"https:\/\/schema.org\",\"@graph\":[{\"@type\":\"WebPage\",\"@id\":\"https:\/\/www.gdirekt.se\/da\/produkt\/informationsskilt-expolinc-vinklet-a4\/\",\"url\":\"https:\/\/www.gdirekt.se\/da\/produkt\/informationsskilt-expolinc-vinklet-a4\/\",\"name\":\"Informationsskilt Expolinc vinklet A4 til menu og info ved indgangen | Gdirekt.se\",\"isPartOf\":{\"@id\":\"https:\/\/www.gdirekt.se\/#website\"},\"primaryImageOfPage\":{\"@id\":\"https:\/\/www.gdirekt.se\/da\/produkt\/informationsskilt-expolinc-vinklet-a4\/#primaryimage\"},\"image\":{\"@id\":\"https:\/\/www.gdirekt.se\/da\/produkt\/informationsskilt-expolinc-vinklet-a4\/#primaryimage\"},\"thumbnailUrl\":\"https:\/\/www.gdirekt.se\/wp-content\/uploads\/Skyltstaell-vinklad-A4.png\",\"datePublished\":\"2015-09-03T14:28:10+00:00\",\"dateModified\":\"2024-02-01T08:45:02+00:00\",\"description\":\"Informationsskilt Expolinc vinklet A4 har et enkelt og flot design i h\u00f8j kvalitet. En skiltestander med vinkel til informationer og menuer til restauranter. Placeres p\u00e5 gulvet ved indgangen til butikker og anl\u00e6g med henvisninger. K\u00f8b til billig pris p\u00e5 nettet med direkte forsendelse.\",\"breadcrumb\":{\"@id\":\"https:\/\/www.gdirekt.se\/da\/produkt\/informationsskilt-expolinc-vinklet-a4\/#breadcrumb\"},\"inLanguage\":\"da-DK\",\"potentialAction\":[{\"@type\":\"ReadAction\",\"target\":[\"https:\/\/www.gdirekt.se\/da\/produkt\/informationsskilt-expolinc-vinklet-a4\/\"]}]},{\"@type\":\"ImageObject\",\"inLanguage\":\"da-DK\",\"@id\":\"https:\/\/www.gdirekt.se\/da\/produkt\/informationsskilt-expolinc-vinklet-a4\/#primaryimage\",\"url\":\"https:\/\/www.gdirekt.se\/wp-content\/uploads\/Skyltstaell-vinklad-A4.png\",\"contentUrl\":\"https:\/\/www.gdirekt.se\/wp-content\/uploads\/Skyltstaell-vinklad-A4.png\",\"width\":1000,\"height\":1000,\"caption\":\"Vinklet gulvstativ g\u00f8r det nemt at l\u00e6se oplysningerne\"},{\"@type\":\"BreadcrumbList\",\"@id\":\"https:\/\/www.gdirekt.se\/da\/produkt\/informationsskilt-expolinc-vinklet-a4\/#breadcrumb\",\"itemListElement\":[{\"@type\":\"ListItem\",\"position\":1,\"name\":\"Hem\",\"item\":\"https:\/\/www.gdirekt.se\/da\/\"},{\"@type\":\"ListItem\",\"position\":2,\"name\":\"Start\",\"item\":\"https:\/\/www.gdirekt.se\/da\/\"},{\"@type\":\"ListItem\",\"position\":3,\"name\":\"Informationsskilt Expolinc vinklet A4\"}]},{\"@type\":\"WebSite\",\"@id\":\"https:\/\/www.gdirekt.se\/#website\",\"url\":\"https:\/\/www.gdirekt.se\/\",\"name\":\"Gdirekt.se\",\"description\":\"Tryck snabbt \u00e5 l\u00e4tt = Gdirekt\",\"potentialAction\":[{\"@type\":\"SearchAction\",\"target\":{\"@type\":\"EntryPoint\",\"urlTemplate\":\"https:\/\/www.gdirekt.se\/?s={search_term_string}\"},\"query-input\":{\"@type\":\"PropertyValueSpecification\",\"valueRequired\":true,\"valueName\":\"search_term_string\"}}],\"inLanguage\":\"da-DK\"}]}<\/script>\n<!-- \/ Yoast SEO plugin. -->","yoast_head_json":{"title":"Informationsskilt Expolinc vinklet A4 til menu og info ved indgangen | Gdirekt.se","description":"Informationsskilt Expolinc vinklet A4 har et enkelt og flot design i h\u00f8j kvalitet. En skiltestander med vinkel til informationer og menuer til restauranter. Placeres p\u00e5 gulvet ved indgangen til butikker og anl\u00e6g med henvisninger. K\u00f8b til billig pris p\u00e5 nettet med direkte forsendelse.","robots":{"index":"index","follow":"follow","max-snippet":"max-snippet:-1","max-image-preview":"max-image-preview:large","max-video-preview":"max-video-preview:-1"},"canonical":"https:\/\/www.gdirekt.se\/da\/produkt\/informationsskilt-expolinc-vinklet-a4\/","og_locale":"da_DK","og_type":"article","og_title":"Informationsskilt Expolinc vinklet A4 til menu og info ved indgangen | Gdirekt.se","og_description":"Informationsskilt Expolinc vinklet A4 har et enkelt og flot design i h\u00f8j kvalitet. En skiltestander med vinkel til informationer og menuer til restauranter. Placeres p\u00e5 gulvet ved indgangen til butikker og anl\u00e6g med henvisninger. K\u00f8b til billig pris p\u00e5 nettet med direkte forsendelse.","og_url":"https:\/\/www.gdirekt.se\/da\/produkt\/informationsskilt-expolinc-vinklet-a4\/","og_site_name":"Gdirekt.se","article_modified_time":"2024-02-01T08:45:02+00:00","og_image":[{"width":1000,"height":1000,"url":"https:\/\/www.gdirekt.se\/wp-content\/uploads\/Skyltstaell-vinklad-A4.png","type":"image\/png"}],"twitter_card":"summary_large_image","twitter_misc":{"Estimeret l\u00e6setid":"1 minut"},"schema":{"@context":"https:\/\/schema.org","@graph":[{"@type":"WebPage","@id":"https:\/\/www.gdirekt.se\/da\/produkt\/informationsskilt-expolinc-vinklet-a4\/","url":"https:\/\/www.gdirekt.se\/da\/produkt\/informationsskilt-expolinc-vinklet-a4\/","name":"Informationsskilt Expolinc vinklet A4 til menu og info ved indgangen | Gdirekt.se","isPartOf":{"@id":"https:\/\/www.gdirekt.se\/#website"},"primaryImageOfPage":{"@id":"https:\/\/www.gdirekt.se\/da\/produkt\/informationsskilt-expolinc-vinklet-a4\/#primaryimage"},"image":{"@id":"https:\/\/www.gdirekt.se\/da\/produkt\/informationsskilt-expolinc-vinklet-a4\/#primaryimage"},"thumbnailUrl":"https:\/\/www.gdirekt.se\/wp-content\/uploads\/Skyltstaell-vinklad-A4.png","datePublished":"2015-09-03T14:28:10+00:00","dateModified":"2024-02-01T08:45:02+00:00","description":"Informationsskilt Expolinc vinklet A4 har et enkelt og flot design i h\u00f8j kvalitet. En skiltestander med vinkel til informationer og menuer til restauranter. Placeres p\u00e5 gulvet ved indgangen til butikker og anl\u00e6g med henvisninger. K\u00f8b til billig pris p\u00e5 nettet med direkte forsendelse.","breadcrumb":{"@id":"https:\/\/www.gdirekt.se\/da\/produkt\/informationsskilt-expolinc-vinklet-a4\/#breadcrumb"},"inLanguage":"da-DK","potentialAction":[{"@type":"ReadAction","target":["https:\/\/www.gdirekt.se\/da\/produkt\/informationsskilt-expolinc-vinklet-a4\/"]}]},{"@type":"ImageObject","inLanguage":"da-DK","@id":"https:\/\/www.gdirekt.se\/da\/produkt\/informationsskilt-expolinc-vinklet-a4\/#primaryimage","url":"https:\/\/www.gdirekt.se\/wp-content\/uploads\/Skyltstaell-vinklad-A4.png","contentUrl":"https:\/\/www.gdirekt.se\/wp-content\/uploads\/Skyltstaell-vinklad-A4.png","width":1000,"height":1000,"caption":"Vinklet gulvstativ g\u00f8r det nemt at l\u00e6se oplysningerne"},{"@type":"BreadcrumbList","@id":"https:\/\/www.gdirekt.se\/da\/produkt\/informationsskilt-expolinc-vinklet-a4\/#breadcrumb","itemListElement":[{"@type":"ListItem","position":1,"name":"Hem","item":"https:\/\/www.gdirekt.se\/da\/"},{"@type":"ListItem","position":2,"name":"Start","item":"https:\/\/www.gdirekt.se\/da\/"},{"@type":"ListItem","position":3,"name":"Informationsskilt Expolinc vinklet A4"}]},{"@type":"WebSite","@id":"https:\/\/www.gdirekt.se\/#website","url":"https:\/\/www.gdirekt.se\/","name":"Gdirekt.se","description":"Tryck snabbt \u00e5 l\u00e4tt = Gdirekt","potentialAction":[{"@type":"SearchAction","target":{"@type":"EntryPoint","urlTemplate":"https:\/\/www.gdirekt.se\/?s={search_term_string}"},"query-input":{"@type":"PropertyValueSpecification","valueRequired":true,"valueName":"search_term_string"}}],"inLanguage":"da-DK"}]}},"_links":{"self":[{"href":"https:\/\/www.gdirekt.se\/da\/wp-json\/wp\/v2\/product\/9300","targetHints":{"allow":["GET"]}}],"collection":[{"href":"https:\/\/www.gdirekt.se\/da\/wp-json\/wp\/v2\/product"}],"about":[{"href":"https:\/\/www.gdirekt.se\/da\/wp-json\/wp\/v2\/types\/product"}],"wp:featuredmedia":[{"embeddable":true,"href":"https:\/\/www.gdirekt.se\/da\/wp-json\/wp\/v2\/media\/8073"}],"wp:attachment":[{"href":"https:\/\/www.gdirekt.se\/da\/wp-json\/wp\/v2\/media?parent=9300"}],"wp:term":[{"taxonomy":"product_brand","embeddable":true,"href":"https:\/\/www.gdirekt.se\/da\/wp-json\/wp\/v2\/product_brand?post=9300"},{"taxonomy":"product_cat","embeddable":true,"href":"https:\/\/www.gdirekt.se\/da\/wp-json\/wp\/v2\/product_cat?post=9300"},{"taxonomy":"product_tag","embeddable":true,"href":"https:\/\/www.gdirekt.se\/da\/wp-json\/wp\/v2\/product_tag?post=9300"}],"curies":[{"name":"wp","href":"https:\/\/api.w.org\/{rel}","templated":true}]}}