{"id":9299,"date":"2015-09-03T09:45:18","date_gmt":"2015-09-03T07:45:18","guid":{"rendered":"http:\/\/gdirekt.hamstage.hamrenmedia.se\/produkt\/informationsskilt-expolinc-lige-a3\/"},"modified":"2024-02-01T09:45:05","modified_gmt":"2024-02-01T08:45:05","slug":"informationsskilt-expolinc-lige-a3","status":"publish","type":"product","link":"https:\/\/www.gdirekt.se\/da\/produkt\/informationsskilt-expolinc-lige-a3\/","title":{"rendered":"Informationsskilt Expolinc lige A3"},"content":{"rendered":"<p><span lang=\"DA\">Informationsskilt Expolinc lige A3 har et flot design i h\u00f8j kvalitet. Gulvstanderen fra Gdirekt kan anvendes i b\u00e5de vandret og lodret position. I is\u00e6tter blot et A3-ark med informationerne. Informationsstanderens skilt kan bruges i vandret A3-st\u00f8rrelse.\u00a0Budskabet ses fint fra begge sider og fungerer glimrende som henvisningsskilt p\u00e5 en s\u00f8jle eller fod.<\/span><\/p>\n<p><span lang=\"DA\">Informationsskilt Expolinc lige A3 er 150 cm h\u00f8j og vejer 4,8 kg. Der er nemlig ekstra tyngde i foden, s\u00e5 den st\u00e5r stabilt. Informationsskiltet er let at b\u00e6re og placere uden st\u00f8rre anstrengelse. Det er b\u00e5de meget simpelt og let at samle det. Derefter udskriver man blot et A3-ark med en menu eller anden information, for eksempel en bilmodel. Hvis man ikke har adgang til en printer, kan man k\u00f8be A3-tryk hos os p\u00e5 Gdirekt,<span class=\"apple-converted-space\">\u00a0<\/span><\/span><span lang=\"DA\"><a href=\"https:\/\/www.gdirekt.se\/butik\/tryck-visitkort\/a3-tryck-enkelsidigt-reklamblad-flygblad-flyers\/\"><b><i>klik her.<\/i><\/b><\/a><\/span><strong><i><span lang=\"DA\">\u00a0<\/span><\/i><\/strong><\/p>\n","protected":false},"excerpt":{"rendered":"<p><span lang=\"DA\">Informationsskilt Expolinc lige A3 har et enkelt og stilrent design i h\u00f8j kvalitet. Et lodret skiltestativ til information for den stilbevidste! Til indgangsparti og reception med oplysninger og menuer. <\/span><\/p>\n","protected":false},"featured_media":428,"template":"","meta":{"_acf_changed":false},"product_brand":[],"product_cat":[368],"product_tag":[],"class_list":{"0":"post-9299","1":"product","2":"type-product","3":"status-publish","4":"has-post-thumbnail","6":"product_cat-brochurestander-og-informationsstander","7":"product_shipping_class-250kr","9":"first","10":"instock","11":"taxable","12":"shipping-taxable","13":"purchasable","14":"product-type-simple"},"exclude_global_add_ons":[],"addons":[],"acf":[],"yoast_head":"<!-- This site is optimized with the Yoast SEO plugin v27.2 - https:\/\/yoast.com\/product\/yoast-seo-wordpress\/ -->\n<title>Informationsskilt Expolinc lige A3 til indgang, menuer og modtagelse | Gdirekt.se<\/title>\n<meta name=\"description\" content=\"Informationsskilt Expolinc lige A3 har et enkelt og stilrent design i h\u00f8j kvalitet. Et lodret skiltestativ til information for den stilbevidste! Til indgangsparti og reception med oplysninger og menuer. Egnet til indgangen til butikscentre, restauranter og butikker. K\u00f8b til lav pris allerede i dag. Vi sender standeren med sikker forsendelse.\" \/>\n<meta name=\"robots\" content=\"index, follow, max-snippet:-1, max-image-preview:large, max-video-preview:-1\" \/>\n<link rel=\"canonical\" href=\"https:\/\/www.gdirekt.se\/da\/produkt\/informationsskilt-expolinc-lige-a3\/\" \/>\n<meta property=\"og:locale\" content=\"da_DK\" \/>\n<meta property=\"og:type\" content=\"article\" \/>\n<meta property=\"og:title\" content=\"Informationsskilt Expolinc lige A3 til indgang, menuer og modtagelse | Gdirekt.se\" \/>\n<meta property=\"og:description\" content=\"Informationsskilt Expolinc lige A3 har et enkelt og stilrent design i h\u00f8j kvalitet. Et lodret skiltestativ til information for den stilbevidste! Til indgangsparti og reception med oplysninger og menuer. Egnet til indgangen til butikscentre, restauranter og butikker. K\u00f8b til lav pris allerede i dag. Vi sender standeren med sikker forsendelse.\" \/>\n<meta property=\"og:url\" content=\"https:\/\/www.gdirekt.se\/da\/produkt\/informationsskilt-expolinc-lige-a3\/\" \/>\n<meta property=\"og:site_name\" content=\"Gdirekt.se\" \/>\n<meta property=\"article:modified_time\" content=\"2024-02-01T08:45:05+00:00\" \/>\n<meta name=\"twitter:card\" content=\"summary_large_image\" \/>\n<meta name=\"twitter:label1\" content=\"Estimeret l\u00e6setid\" \/>\n\t<meta name=\"twitter:data1\" content=\"1 minut\" \/>\n<script type=\"application\/ld+json\" class=\"yoast-schema-graph\">{\"@context\":\"https:\/\/schema.org\",\"@graph\":[{\"@type\":\"WebPage\",\"@id\":\"https:\/\/www.gdirekt.se\/da\/produkt\/informationsskilt-expolinc-lige-a3\/\",\"url\":\"https:\/\/www.gdirekt.se\/da\/produkt\/informationsskilt-expolinc-lige-a3\/\",\"name\":\"Informationsskilt Expolinc lige A3 til indgang, menuer og modtagelse | Gdirekt.se\",\"isPartOf\":{\"@id\":\"https:\/\/www.gdirekt.se\/#website\"},\"primaryImageOfPage\":{\"@id\":\"https:\/\/www.gdirekt.se\/da\/produkt\/informationsskilt-expolinc-lige-a3\/#primaryimage\"},\"image\":{\"@id\":\"https:\/\/www.gdirekt.se\/da\/produkt\/informationsskilt-expolinc-lige-a3\/#primaryimage\"},\"thumbnailUrl\":\"https:\/\/www.gdirekt.se\/wp-content\/uploads\/Skyltstall-rak-A4.png\",\"datePublished\":\"2015-09-03T07:45:18+00:00\",\"dateModified\":\"2024-02-01T08:45:05+00:00\",\"description\":\"Informationsskilt Expolinc lige A3 har et enkelt og stilrent design i h\u00f8j kvalitet. Et lodret skiltestativ til information for den stilbevidste! Til indgangsparti og reception med oplysninger og menuer. Egnet til indgangen til butikscentre, restauranter og butikker. K\u00f8b til lav pris allerede i dag. Vi sender standeren med sikker forsendelse.\",\"breadcrumb\":{\"@id\":\"https:\/\/www.gdirekt.se\/da\/produkt\/informationsskilt-expolinc-lige-a3\/#breadcrumb\"},\"inLanguage\":\"da-DK\",\"potentialAction\":[{\"@type\":\"ReadAction\",\"target\":[\"https:\/\/www.gdirekt.se\/da\/produkt\/informationsskilt-expolinc-lige-a3\/\"]}]},{\"@type\":\"ImageObject\",\"inLanguage\":\"da-DK\",\"@id\":\"https:\/\/www.gdirekt.se\/da\/produkt\/informationsskilt-expolinc-lige-a3\/#primaryimage\",\"url\":\"https:\/\/www.gdirekt.se\/wp-content\/uploads\/Skyltstall-rak-A4.png\",\"contentUrl\":\"https:\/\/www.gdirekt.se\/wp-content\/uploads\/Skyltstall-rak-A4.png\",\"width\":1000,\"height\":1000,\"caption\":\"Info stand i A3, fungerer b\u00e5de som portr\u00e6t og landskab\"},{\"@type\":\"BreadcrumbList\",\"@id\":\"https:\/\/www.gdirekt.se\/da\/produkt\/informationsskilt-expolinc-lige-a3\/#breadcrumb\",\"itemListElement\":[{\"@type\":\"ListItem\",\"position\":1,\"name\":\"Hem\",\"item\":\"https:\/\/www.gdirekt.se\/da\/\"},{\"@type\":\"ListItem\",\"position\":2,\"name\":\"Start\",\"item\":\"https:\/\/www.gdirekt.se\/da\/\"},{\"@type\":\"ListItem\",\"position\":3,\"name\":\"Informationsskilt Expolinc lige A3\"}]},{\"@type\":\"WebSite\",\"@id\":\"https:\/\/www.gdirekt.se\/#website\",\"url\":\"https:\/\/www.gdirekt.se\/\",\"name\":\"Gdirekt.se\",\"description\":\"Tryck snabbt \u00e5 l\u00e4tt = Gdirekt\",\"potentialAction\":[{\"@type\":\"SearchAction\",\"target\":{\"@type\":\"EntryPoint\",\"urlTemplate\":\"https:\/\/www.gdirekt.se\/?s={search_term_string}\"},\"query-input\":{\"@type\":\"PropertyValueSpecification\",\"valueRequired\":true,\"valueName\":\"search_term_string\"}}],\"inLanguage\":\"da-DK\"}]}<\/script>\n<!-- \/ Yoast SEO plugin. -->","yoast_head_json":{"title":"Informationsskilt Expolinc lige A3 til indgang, menuer og modtagelse | Gdirekt.se","description":"Informationsskilt Expolinc lige A3 har et enkelt og stilrent design i h\u00f8j kvalitet. Et lodret skiltestativ til information for den stilbevidste! Til indgangsparti og reception med oplysninger og menuer. Egnet til indgangen til butikscentre, restauranter og butikker. K\u00f8b til lav pris allerede i dag. Vi sender standeren med sikker forsendelse.","robots":{"index":"index","follow":"follow","max-snippet":"max-snippet:-1","max-image-preview":"max-image-preview:large","max-video-preview":"max-video-preview:-1"},"canonical":"https:\/\/www.gdirekt.se\/da\/produkt\/informationsskilt-expolinc-lige-a3\/","og_locale":"da_DK","og_type":"article","og_title":"Informationsskilt Expolinc lige A3 til indgang, menuer og modtagelse | Gdirekt.se","og_description":"Informationsskilt Expolinc lige A3 har et enkelt og stilrent design i h\u00f8j kvalitet. Et lodret skiltestativ til information for den stilbevidste! Til indgangsparti og reception med oplysninger og menuer. Egnet til indgangen til butikscentre, restauranter og butikker. K\u00f8b til lav pris allerede i dag. Vi sender standeren med sikker forsendelse.","og_url":"https:\/\/www.gdirekt.se\/da\/produkt\/informationsskilt-expolinc-lige-a3\/","og_site_name":"Gdirekt.se","article_modified_time":"2024-02-01T08:45:05+00:00","twitter_card":"summary_large_image","twitter_misc":{"Estimeret l\u00e6setid":"1 minut"},"schema":{"@context":"https:\/\/schema.org","@graph":[{"@type":"WebPage","@id":"https:\/\/www.gdirekt.se\/da\/produkt\/informationsskilt-expolinc-lige-a3\/","url":"https:\/\/www.gdirekt.se\/da\/produkt\/informationsskilt-expolinc-lige-a3\/","name":"Informationsskilt Expolinc lige A3 til indgang, menuer og modtagelse | Gdirekt.se","isPartOf":{"@id":"https:\/\/www.gdirekt.se\/#website"},"primaryImageOfPage":{"@id":"https:\/\/www.gdirekt.se\/da\/produkt\/informationsskilt-expolinc-lige-a3\/#primaryimage"},"image":{"@id":"https:\/\/www.gdirekt.se\/da\/produkt\/informationsskilt-expolinc-lige-a3\/#primaryimage"},"thumbnailUrl":"https:\/\/www.gdirekt.se\/wp-content\/uploads\/Skyltstall-rak-A4.png","datePublished":"2015-09-03T07:45:18+00:00","dateModified":"2024-02-01T08:45:05+00:00","description":"Informationsskilt Expolinc lige A3 har et enkelt og stilrent design i h\u00f8j kvalitet. Et lodret skiltestativ til information for den stilbevidste! Til indgangsparti og reception med oplysninger og menuer. Egnet til indgangen til butikscentre, restauranter og butikker. K\u00f8b til lav pris allerede i dag. Vi sender standeren med sikker forsendelse.","breadcrumb":{"@id":"https:\/\/www.gdirekt.se\/da\/produkt\/informationsskilt-expolinc-lige-a3\/#breadcrumb"},"inLanguage":"da-DK","potentialAction":[{"@type":"ReadAction","target":["https:\/\/www.gdirekt.se\/da\/produkt\/informationsskilt-expolinc-lige-a3\/"]}]},{"@type":"ImageObject","inLanguage":"da-DK","@id":"https:\/\/www.gdirekt.se\/da\/produkt\/informationsskilt-expolinc-lige-a3\/#primaryimage","url":"https:\/\/www.gdirekt.se\/wp-content\/uploads\/Skyltstall-rak-A4.png","contentUrl":"https:\/\/www.gdirekt.se\/wp-content\/uploads\/Skyltstall-rak-A4.png","width":1000,"height":1000,"caption":"Info stand i A3, fungerer b\u00e5de som portr\u00e6t og landskab"},{"@type":"BreadcrumbList","@id":"https:\/\/www.gdirekt.se\/da\/produkt\/informationsskilt-expolinc-lige-a3\/#breadcrumb","itemListElement":[{"@type":"ListItem","position":1,"name":"Hem","item":"https:\/\/www.gdirekt.se\/da\/"},{"@type":"ListItem","position":2,"name":"Start","item":"https:\/\/www.gdirekt.se\/da\/"},{"@type":"ListItem","position":3,"name":"Informationsskilt Expolinc lige A3"}]},{"@type":"WebSite","@id":"https:\/\/www.gdirekt.se\/#website","url":"https:\/\/www.gdirekt.se\/","name":"Gdirekt.se","description":"Tryck snabbt \u00e5 l\u00e4tt = Gdirekt","potentialAction":[{"@type":"SearchAction","target":{"@type":"EntryPoint","urlTemplate":"https:\/\/www.gdirekt.se\/?s={search_term_string}"},"query-input":{"@type":"PropertyValueSpecification","valueRequired":true,"valueName":"search_term_string"}}],"inLanguage":"da-DK"}]}},"_links":{"self":[{"href":"https:\/\/www.gdirekt.se\/da\/wp-json\/wp\/v2\/product\/9299","targetHints":{"allow":["GET"]}}],"collection":[{"href":"https:\/\/www.gdirekt.se\/da\/wp-json\/wp\/v2\/product"}],"about":[{"href":"https:\/\/www.gdirekt.se\/da\/wp-json\/wp\/v2\/types\/product"}],"wp:featuredmedia":[{"embeddable":true,"href":"https:\/\/www.gdirekt.se\/da\/wp-json\/wp\/v2\/media\/428"}],"wp:attachment":[{"href":"https:\/\/www.gdirekt.se\/da\/wp-json\/wp\/v2\/media?parent=9299"}],"wp:term":[{"taxonomy":"product_brand","embeddable":true,"href":"https:\/\/www.gdirekt.se\/da\/wp-json\/wp\/v2\/product_brand?post=9299"},{"taxonomy":"product_cat","embeddable":true,"href":"https:\/\/www.gdirekt.se\/da\/wp-json\/wp\/v2\/product_cat?post=9299"},{"taxonomy":"product_tag","embeddable":true,"href":"https:\/\/www.gdirekt.se\/da\/wp-json\/wp\/v2\/product_tag?post=9299"}],"curies":[{"name":"wp","href":"https:\/\/api.w.org\/{rel}","templated":true}]}}