{"id":9293,"date":"2017-03-13T14:11:59","date_gmt":"2017-03-13T13:11:59","guid":{"rendered":"http:\/\/gdirekt.hamstage.hamrenmedia.se\/produkt\/brochureholder-til-vaeg-med-lag\/"},"modified":"2017-03-13T14:11:59","modified_gmt":"2017-03-13T13:11:59","slug":"brochureholder-til-vaeg-med-lag","status":"publish","type":"product","link":"https:\/\/www.gdirekt.se\/da\/produkt\/brochureholder-til-vaeg-med-lag\/","title":{"rendered":"Brochureholder til v\u00e6g med l\u00e5g"},"content":{"rendered":"<p><span lang=\"DA\">Disse v\u00e6gholdere anvendes af idr\u00e6tsklubber, foreninger og virksomheder til at vise og sprede information. Det g\u00e6lder om, at reklame og budskab ses tydeligt, hvor mennesker f\u00e6rdes. Det er ikke alle, der sidder foran computeren p\u00e5 Facebook og Instagram og finder deres informationer. Der er hundrede m\u00e5ske tusinde mennesker til stede ved store arrangementer inden for sport og underholdning, som kan n\u00e5s gennem tryksager. Og det g\u00e6lder om at v\u00e6re smart, n\u00e5r det drejer sig om markedsf\u00f8ring og information. Et s\u00e5 enkelt tip som fx at opstille en brochurestander uden for en butik med tilbud eller visitkort til en ejendomsm\u00e6gler.<\/span><\/p>\n<p><span lang=\"DA\">Her ser I alle modeller af<span class=\"apple-converted-space\">\u00a0<\/span><\/span><span lang=\"DA\"><a href=\"https:\/\/www.gdirekt.se\/produkt-kategori\/broschyrstall-och-infostall\/\"><b><i>brochurestandere<\/i><\/b><\/a><\/span><span lang=\"DA\">!<\/span><\/p>\n","protected":false},"excerpt":{"rendered":"<p><span lang=\"DA\">Brochureholder til v\u00e6g med l\u00e5g er vandt\u00e6t og kan bruges udend\u00f8rs i regnvejr. Trykte reklameblade, informationspjecer og foldere placeres i denne plexiglasholder. Boret hul for enkel montering. <\/span><\/p>\n<p>F\u00e5s i fire forskellige st\u00f8rrelser, v\u00e6lg nedenfor.<\/p>\n","protected":false},"featured_media":8652,"template":"","meta":{"_acf_changed":false},"product_brand":[],"product_cat":[368,381],"product_tag":[],"class_list":{"0":"post-9293","1":"product","2":"type-product","3":"status-publish","4":"has-post-thumbnail","6":"product_cat-brochurestander-og-informationsstander","7":"product_cat-tryksager-visitkort-brochurer","8":"product_shipping_class-180sek","10":"first","11":"instock","12":"taxable","13":"shipping-taxable","14":"purchasable","15":"product-type-variable","16":"has-default-attributes"},"exclude_global_add_ons":[],"addons":[],"acf":[],"yoast_head":"<!-- This site is optimized with the Yoast SEO plugin v27.2 - https:\/\/yoast.com\/product\/yoast-seo-wordpress\/ -->\n<title>Brochureholder til v\u00e6g med l\u00e5g i plexi, til udend\u00f8rs information i regn | Gdirekt.se<\/title>\n<meta name=\"description\" content=\"Brochureholder til v\u00e6g med l\u00e5g er vandt\u00e6t og kan bruges udend\u00f8rs i regnvejr. Trykte reklameblade, informationspjecer og foldere placeres i denne plexiglasholder. Boret hul for enkel montering. Bestil online til lav pris og hurtig levering. Vi kan spore forsendelsen, s\u00e5 det er sikkert og godt.\" \/>\n<meta name=\"robots\" content=\"index, follow, max-snippet:-1, max-image-preview:large, max-video-preview:-1\" \/>\n<link rel=\"canonical\" href=\"https:\/\/www.gdirekt.se\/da\/produkt\/brochureholder-til-vaeg-med-lag\/\" \/>\n<meta property=\"og:locale\" content=\"da_DK\" \/>\n<meta property=\"og:type\" content=\"article\" \/>\n<meta property=\"og:title\" content=\"Brochureholder til v\u00e6g med l\u00e5g i plexi, til udend\u00f8rs information i regn | Gdirekt.se\" \/>\n<meta property=\"og:description\" content=\"Brochureholder til v\u00e6g med l\u00e5g er vandt\u00e6t og kan bruges udend\u00f8rs i regnvejr. Trykte reklameblade, informationspjecer og foldere placeres i denne plexiglasholder. Boret hul for enkel montering. Bestil online til lav pris og hurtig levering. Vi kan spore forsendelsen, s\u00e5 det er sikkert og godt.\" \/>\n<meta property=\"og:url\" content=\"https:\/\/www.gdirekt.se\/da\/produkt\/brochureholder-til-vaeg-med-lag\/\" \/>\n<meta property=\"og:site_name\" content=\"Gdirekt.se\" \/>\n<meta property=\"og:image\" content=\"https:\/\/www.gdirekt.se\/wp-content\/uploads\/broschyrhallare_utomhus.png\" \/>\n\t<meta property=\"og:image:width\" content=\"1000\" \/>\n\t<meta property=\"og:image:height\" content=\"1000\" \/>\n\t<meta property=\"og:image:type\" content=\"image\/png\" \/>\n<meta name=\"twitter:card\" content=\"summary_large_image\" \/>\n<meta name=\"twitter:label1\" content=\"Estimeret l\u00e6setid\" \/>\n\t<meta name=\"twitter:data1\" content=\"1 minut\" \/>\n<script type=\"application\/ld+json\" class=\"yoast-schema-graph\">{\"@context\":\"https:\/\/schema.org\",\"@graph\":[{\"@type\":\"WebPage\",\"@id\":\"https:\/\/www.gdirekt.se\/da\/produkt\/brochureholder-til-vaeg-med-lag\/\",\"url\":\"https:\/\/www.gdirekt.se\/da\/produkt\/brochureholder-til-vaeg-med-lag\/\",\"name\":\"Brochureholder til v\u00e6g med l\u00e5g i plexi, til udend\u00f8rs information i regn | Gdirekt.se\",\"isPartOf\":{\"@id\":\"https:\/\/www.gdirekt.se\/#website\"},\"primaryImageOfPage\":{\"@id\":\"https:\/\/www.gdirekt.se\/da\/produkt\/brochureholder-til-vaeg-med-lag\/#primaryimage\"},\"image\":{\"@id\":\"https:\/\/www.gdirekt.se\/da\/produkt\/brochureholder-til-vaeg-med-lag\/#primaryimage\"},\"thumbnailUrl\":\"https:\/\/www.gdirekt.se\/wp-content\/uploads\/broschyrhallare_utomhus.png\",\"datePublished\":\"2017-03-13T13:11:59+00:00\",\"description\":\"Brochureholder til v\u00e6g med l\u00e5g er vandt\u00e6t og kan bruges udend\u00f8rs i regnvejr. Trykte reklameblade, informationspjecer og foldere placeres i denne plexiglasholder. Boret hul for enkel montering. Bestil online til lav pris og hurtig levering. Vi kan spore forsendelsen, s\u00e5 det er sikkert og godt.\",\"breadcrumb\":{\"@id\":\"https:\/\/www.gdirekt.se\/da\/produkt\/brochureholder-til-vaeg-med-lag\/#breadcrumb\"},\"inLanguage\":\"da-DK\",\"potentialAction\":[{\"@type\":\"ReadAction\",\"target\":[\"https:\/\/www.gdirekt.se\/da\/produkt\/brochureholder-til-vaeg-med-lag\/\"]}]},{\"@type\":\"ImageObject\",\"inLanguage\":\"da-DK\",\"@id\":\"https:\/\/www.gdirekt.se\/da\/produkt\/brochureholder-til-vaeg-med-lag\/#primaryimage\",\"url\":\"https:\/\/www.gdirekt.se\/wp-content\/uploads\/broschyrhallare_utomhus.png\",\"contentUrl\":\"https:\/\/www.gdirekt.se\/wp-content\/uploads\/broschyrhallare_utomhus.png\",\"width\":1000,\"height\":1000,\"caption\":\"Brochureholder til udend\u00f8rs brug\"},{\"@type\":\"BreadcrumbList\",\"@id\":\"https:\/\/www.gdirekt.se\/da\/produkt\/brochureholder-til-vaeg-med-lag\/#breadcrumb\",\"itemListElement\":[{\"@type\":\"ListItem\",\"position\":1,\"name\":\"Hem\",\"item\":\"https:\/\/www.gdirekt.se\/da\/\"},{\"@type\":\"ListItem\",\"position\":2,\"name\":\"Start\",\"item\":\"https:\/\/www.gdirekt.se\/da\/\"},{\"@type\":\"ListItem\",\"position\":3,\"name\":\"Brochureholder til v\u00e6g med l\u00e5g\"}]},{\"@type\":\"WebSite\",\"@id\":\"https:\/\/www.gdirekt.se\/#website\",\"url\":\"https:\/\/www.gdirekt.se\/\",\"name\":\"Gdirekt.se\",\"description\":\"Tryck snabbt \u00e5 l\u00e4tt = Gdirekt\",\"potentialAction\":[{\"@type\":\"SearchAction\",\"target\":{\"@type\":\"EntryPoint\",\"urlTemplate\":\"https:\/\/www.gdirekt.se\/?s={search_term_string}\"},\"query-input\":{\"@type\":\"PropertyValueSpecification\",\"valueRequired\":true,\"valueName\":\"search_term_string\"}}],\"inLanguage\":\"da-DK\"}]}<\/script>\n<!-- \/ Yoast SEO plugin. -->","yoast_head_json":{"title":"Brochureholder til v\u00e6g med l\u00e5g i plexi, til udend\u00f8rs information i regn | Gdirekt.se","description":"Brochureholder til v\u00e6g med l\u00e5g er vandt\u00e6t og kan bruges udend\u00f8rs i regnvejr. Trykte reklameblade, informationspjecer og foldere placeres i denne plexiglasholder. Boret hul for enkel montering. Bestil online til lav pris og hurtig levering. Vi kan spore forsendelsen, s\u00e5 det er sikkert og godt.","robots":{"index":"index","follow":"follow","max-snippet":"max-snippet:-1","max-image-preview":"max-image-preview:large","max-video-preview":"max-video-preview:-1"},"canonical":"https:\/\/www.gdirekt.se\/da\/produkt\/brochureholder-til-vaeg-med-lag\/","og_locale":"da_DK","og_type":"article","og_title":"Brochureholder til v\u00e6g med l\u00e5g i plexi, til udend\u00f8rs information i regn | Gdirekt.se","og_description":"Brochureholder til v\u00e6g med l\u00e5g er vandt\u00e6t og kan bruges udend\u00f8rs i regnvejr. Trykte reklameblade, informationspjecer og foldere placeres i denne plexiglasholder. Boret hul for enkel montering. Bestil online til lav pris og hurtig levering. Vi kan spore forsendelsen, s\u00e5 det er sikkert og godt.","og_url":"https:\/\/www.gdirekt.se\/da\/produkt\/brochureholder-til-vaeg-med-lag\/","og_site_name":"Gdirekt.se","og_image":[{"width":1000,"height":1000,"url":"https:\/\/www.gdirekt.se\/wp-content\/uploads\/broschyrhallare_utomhus.png","type":"image\/png"}],"twitter_card":"summary_large_image","twitter_misc":{"Estimeret l\u00e6setid":"1 minut"},"schema":{"@context":"https:\/\/schema.org","@graph":[{"@type":"WebPage","@id":"https:\/\/www.gdirekt.se\/da\/produkt\/brochureholder-til-vaeg-med-lag\/","url":"https:\/\/www.gdirekt.se\/da\/produkt\/brochureholder-til-vaeg-med-lag\/","name":"Brochureholder til v\u00e6g med l\u00e5g i plexi, til udend\u00f8rs information i regn | Gdirekt.se","isPartOf":{"@id":"https:\/\/www.gdirekt.se\/#website"},"primaryImageOfPage":{"@id":"https:\/\/www.gdirekt.se\/da\/produkt\/brochureholder-til-vaeg-med-lag\/#primaryimage"},"image":{"@id":"https:\/\/www.gdirekt.se\/da\/produkt\/brochureholder-til-vaeg-med-lag\/#primaryimage"},"thumbnailUrl":"https:\/\/www.gdirekt.se\/wp-content\/uploads\/broschyrhallare_utomhus.png","datePublished":"2017-03-13T13:11:59+00:00","description":"Brochureholder til v\u00e6g med l\u00e5g er vandt\u00e6t og kan bruges udend\u00f8rs i regnvejr. Trykte reklameblade, informationspjecer og foldere placeres i denne plexiglasholder. Boret hul for enkel montering. Bestil online til lav pris og hurtig levering. Vi kan spore forsendelsen, s\u00e5 det er sikkert og godt.","breadcrumb":{"@id":"https:\/\/www.gdirekt.se\/da\/produkt\/brochureholder-til-vaeg-med-lag\/#breadcrumb"},"inLanguage":"da-DK","potentialAction":[{"@type":"ReadAction","target":["https:\/\/www.gdirekt.se\/da\/produkt\/brochureholder-til-vaeg-med-lag\/"]}]},{"@type":"ImageObject","inLanguage":"da-DK","@id":"https:\/\/www.gdirekt.se\/da\/produkt\/brochureholder-til-vaeg-med-lag\/#primaryimage","url":"https:\/\/www.gdirekt.se\/wp-content\/uploads\/broschyrhallare_utomhus.png","contentUrl":"https:\/\/www.gdirekt.se\/wp-content\/uploads\/broschyrhallare_utomhus.png","width":1000,"height":1000,"caption":"Brochureholder til udend\u00f8rs brug"},{"@type":"BreadcrumbList","@id":"https:\/\/www.gdirekt.se\/da\/produkt\/brochureholder-til-vaeg-med-lag\/#breadcrumb","itemListElement":[{"@type":"ListItem","position":1,"name":"Hem","item":"https:\/\/www.gdirekt.se\/da\/"},{"@type":"ListItem","position":2,"name":"Start","item":"https:\/\/www.gdirekt.se\/da\/"},{"@type":"ListItem","position":3,"name":"Brochureholder til v\u00e6g med l\u00e5g"}]},{"@type":"WebSite","@id":"https:\/\/www.gdirekt.se\/#website","url":"https:\/\/www.gdirekt.se\/","name":"Gdirekt.se","description":"Tryck snabbt \u00e5 l\u00e4tt = Gdirekt","potentialAction":[{"@type":"SearchAction","target":{"@type":"EntryPoint","urlTemplate":"https:\/\/www.gdirekt.se\/?s={search_term_string}"},"query-input":{"@type":"PropertyValueSpecification","valueRequired":true,"valueName":"search_term_string"}}],"inLanguage":"da-DK"}]}},"_links":{"self":[{"href":"https:\/\/www.gdirekt.se\/da\/wp-json\/wp\/v2\/product\/9293","targetHints":{"allow":["GET"]}}],"collection":[{"href":"https:\/\/www.gdirekt.se\/da\/wp-json\/wp\/v2\/product"}],"about":[{"href":"https:\/\/www.gdirekt.se\/da\/wp-json\/wp\/v2\/types\/product"}],"wp:featuredmedia":[{"embeddable":true,"href":"https:\/\/www.gdirekt.se\/da\/wp-json\/wp\/v2\/media\/8652"}],"wp:attachment":[{"href":"https:\/\/www.gdirekt.se\/da\/wp-json\/wp\/v2\/media?parent=9293"}],"wp:term":[{"taxonomy":"product_brand","embeddable":true,"href":"https:\/\/www.gdirekt.se\/da\/wp-json\/wp\/v2\/product_brand?post=9293"},{"taxonomy":"product_cat","embeddable":true,"href":"https:\/\/www.gdirekt.se\/da\/wp-json\/wp\/v2\/product_cat?post=9293"},{"taxonomy":"product_tag","embeddable":true,"href":"https:\/\/www.gdirekt.se\/da\/wp-json\/wp\/v2\/product_tag?post=9293"}],"curies":[{"name":"wp","href":"https:\/\/api.w.org\/{rel}","templated":true}]}}