{"id":9288,"date":"2017-03-10T13:54:08","date_gmt":"2017-03-10T12:54:08","guid":{"rendered":"http:\/\/gdirekt.hamstage.hamrenmedia.se\/produkt\/brochureholder-til-vaeg\/"},"modified":"2018-10-24T16:48:54","modified_gmt":"2018-10-24T14:48:54","slug":"brochureholder-til-vaeg","status":"publish","type":"product","link":"https:\/\/www.gdirekt.se\/da\/produkt\/brochureholder-til-vaeg\/","title":{"rendered":"Brochureholder til v\u00e6g"},"content":{"rendered":"<p><span lang=\"DA\">Brochureholder til v\u00e6g s\u00e5 dine foldere og brochurer kan vises frem.\u00a0Formst\u00f8bt glasklar polystyrenplast med runde, bl\u00f8de kanter, som er blide mod fingrene. Flot og holdbart design.<br \/>\nBrochurerummet har n\u00f8glehul, s\u00e5 du let h\u00e6nger den op eller skruer den fast p\u00e5 v\u00e6ggen eller en anden plan overflade.<\/span><\/p>\n<p><span lang=\"DA\">F\u00e5s i tre st\u00f8rrelser; A6, A5 og A4. Se m\u00e5lskitserne, s\u00e5 jeres foldere, brochurer og andre tryksager passer i vores flotte og diskrete v\u00e6gholder. Se ogs\u00e5 vores andre modeller af<span class=\"apple-converted-space\">\u00a0<\/span><\/span><span lang=\"DA\"><a href=\"https:\/\/www.gdirekt.se\/produkt-kategori\/broschyrstall-och-infostall\/\"><b><i>brochureholdere,<\/i><\/b><\/a><\/span><span lang=\"DA\">som findes i de fleste st\u00f8rrelser! Brochureholderen anvendes i de fleste milj\u00f8er og til de fleste form\u00e5l. Det kan v\u00e6re en smart m\u00e5de at vise en menu eller andre trykte flyers p\u00e5. Ogs\u00e5 kuponer med tilbud eller information fra kommuner, koncerter eller andre sportsarrangementer f\u00e5r plads i disse holdere.<\/span><\/p>\n","protected":false},"excerpt":{"rendered":"<p><span lang=\"DA\">Brochureholder til v\u00e6g er en brochureholder til tryksager. Tre st\u00f8rrelser, A6, A5 og A4, som produceres i plexiglas. Med runde kanter\u00a0som er venlig til fingrene.<\/span><\/p>\n","protected":false},"featured_media":8643,"template":"","meta":{"_acf_changed":false},"product_brand":[],"product_cat":[368,381],"product_tag":[],"class_list":{"0":"post-9288","1":"product","2":"type-product","3":"status-publish","4":"has-post-thumbnail","6":"product_cat-brochurestander-og-informationsstander","7":"product_cat-tryksager-visitkort-brochurer","8":"product_shipping_class-180sek","10":"first","11":"instock","12":"taxable","13":"shipping-taxable","14":"purchasable","15":"product-type-variable","16":"has-default-attributes"},"exclude_global_add_ons":[],"addons":[],"acf":[],"yoast_head":"<!-- This site is optimized with the Yoast SEO plugin v27.2 - https:\/\/yoast.com\/product\/yoast-seo-wordpress\/ -->\n<title>Brochureholder til v\u00e6g i plexiglas til A6, A5 &amp; A4, bestil i dag | Gdirekt.se<\/title>\n<meta name=\"description\" content=\"Brochureholder til v\u00e6g er en brochureholder til tryksager. Tre st\u00f8rrelser, A6, A5 og A4, som produceres i plexiglas med runde kanter. K\u00f8b i dag. Hurtig levering. Fremstillet af plexiglasplast med boret hul for enkel montering.\" \/>\n<meta name=\"robots\" content=\"index, follow, max-snippet:-1, max-image-preview:large, max-video-preview:-1\" \/>\n<link rel=\"canonical\" href=\"https:\/\/www.gdirekt.se\/da\/produkt\/brochureholder-til-vaeg\/\" \/>\n<meta property=\"og:locale\" content=\"da_DK\" \/>\n<meta property=\"og:type\" content=\"article\" \/>\n<meta property=\"og:title\" content=\"Brochureholder til v\u00e6g i plexiglas til A6, A5 &amp; A4, bestil i dag | Gdirekt.se\" \/>\n<meta property=\"og:description\" content=\"Brochureholder til v\u00e6g er en brochureholder til tryksager. Tre st\u00f8rrelser, A6, A5 og A4, som produceres i plexiglas med runde kanter. K\u00f8b i dag. Hurtig levering. Fremstillet af plexiglasplast med boret hul for enkel montering.\" \/>\n<meta property=\"og:url\" content=\"https:\/\/www.gdirekt.se\/da\/produkt\/brochureholder-til-vaeg\/\" \/>\n<meta property=\"og:site_name\" content=\"Gdirekt.se\" \/>\n<meta property=\"article:modified_time\" content=\"2018-10-24T14:48:54+00:00\" \/>\n<meta property=\"og:image\" content=\"https:\/\/www.gdirekt.se\/wp-content\/uploads\/broschyrstall_vagg.png\" \/>\n\t<meta property=\"og:image:width\" content=\"1000\" \/>\n\t<meta property=\"og:image:height\" content=\"1000\" \/>\n\t<meta property=\"og:image:type\" content=\"image\/png\" \/>\n<meta name=\"twitter:card\" content=\"summary_large_image\" \/>\n<meta name=\"twitter:label1\" content=\"Estimeret l\u00e6setid\" \/>\n\t<meta name=\"twitter:data1\" content=\"1 minut\" \/>\n<script type=\"application\/ld+json\" class=\"yoast-schema-graph\">{\"@context\":\"https:\/\/schema.org\",\"@graph\":[{\"@type\":\"WebPage\",\"@id\":\"https:\/\/www.gdirekt.se\/da\/produkt\/brochureholder-til-vaeg\/\",\"url\":\"https:\/\/www.gdirekt.se\/da\/produkt\/brochureholder-til-vaeg\/\",\"name\":\"Brochureholder til v\u00e6g i plexiglas til A6, A5 & A4, bestil i dag | Gdirekt.se\",\"isPartOf\":{\"@id\":\"https:\/\/www.gdirekt.se\/#website\"},\"primaryImageOfPage\":{\"@id\":\"https:\/\/www.gdirekt.se\/da\/produkt\/brochureholder-til-vaeg\/#primaryimage\"},\"image\":{\"@id\":\"https:\/\/www.gdirekt.se\/da\/produkt\/brochureholder-til-vaeg\/#primaryimage\"},\"thumbnailUrl\":\"https:\/\/www.gdirekt.se\/wp-content\/uploads\/broschyrstall_vagg.png\",\"datePublished\":\"2017-03-10T12:54:08+00:00\",\"dateModified\":\"2018-10-24T14:48:54+00:00\",\"description\":\"Brochureholder til v\u00e6g er en brochureholder til tryksager. Tre st\u00f8rrelser, A6, A5 og A4, som produceres i plexiglas med runde kanter. K\u00f8b i dag. Hurtig levering. Fremstillet af plexiglasplast med boret hul for enkel montering.\",\"breadcrumb\":{\"@id\":\"https:\/\/www.gdirekt.se\/da\/produkt\/brochureholder-til-vaeg\/#breadcrumb\"},\"inLanguage\":\"da-DK\",\"potentialAction\":[{\"@type\":\"ReadAction\",\"target\":[\"https:\/\/www.gdirekt.se\/da\/produkt\/brochureholder-til-vaeg\/\"]}]},{\"@type\":\"ImageObject\",\"inLanguage\":\"da-DK\",\"@id\":\"https:\/\/www.gdirekt.se\/da\/produkt\/brochureholder-til-vaeg\/#primaryimage\",\"url\":\"https:\/\/www.gdirekt.se\/wp-content\/uploads\/broschyrstall_vagg.png\",\"contentUrl\":\"https:\/\/www.gdirekt.se\/wp-content\/uploads\/broschyrstall_vagg.png\",\"width\":1000,\"height\":1000,\"caption\":\"Plexiglasholder til v\u00e6g\"},{\"@type\":\"BreadcrumbList\",\"@id\":\"https:\/\/www.gdirekt.se\/da\/produkt\/brochureholder-til-vaeg\/#breadcrumb\",\"itemListElement\":[{\"@type\":\"ListItem\",\"position\":1,\"name\":\"Hem\",\"item\":\"https:\/\/www.gdirekt.se\/da\/\"},{\"@type\":\"ListItem\",\"position\":2,\"name\":\"Start\",\"item\":\"https:\/\/www.gdirekt.se\/da\/\"},{\"@type\":\"ListItem\",\"position\":3,\"name\":\"Brochureholder til v\u00e6g\"}]},{\"@type\":\"WebSite\",\"@id\":\"https:\/\/www.gdirekt.se\/#website\",\"url\":\"https:\/\/www.gdirekt.se\/\",\"name\":\"Gdirekt.se\",\"description\":\"Tryck snabbt \u00e5 l\u00e4tt = Gdirekt\",\"potentialAction\":[{\"@type\":\"SearchAction\",\"target\":{\"@type\":\"EntryPoint\",\"urlTemplate\":\"https:\/\/www.gdirekt.se\/?s={search_term_string}\"},\"query-input\":{\"@type\":\"PropertyValueSpecification\",\"valueRequired\":true,\"valueName\":\"search_term_string\"}}],\"inLanguage\":\"da-DK\"}]}<\/script>\n<!-- \/ Yoast SEO plugin. -->","yoast_head_json":{"title":"Brochureholder til v\u00e6g i plexiglas til A6, A5 & A4, bestil i dag | Gdirekt.se","description":"Brochureholder til v\u00e6g er en brochureholder til tryksager. Tre st\u00f8rrelser, A6, A5 og A4, som produceres i plexiglas med runde kanter. K\u00f8b i dag. Hurtig levering. Fremstillet af plexiglasplast med boret hul for enkel montering.","robots":{"index":"index","follow":"follow","max-snippet":"max-snippet:-1","max-image-preview":"max-image-preview:large","max-video-preview":"max-video-preview:-1"},"canonical":"https:\/\/www.gdirekt.se\/da\/produkt\/brochureholder-til-vaeg\/","og_locale":"da_DK","og_type":"article","og_title":"Brochureholder til v\u00e6g i plexiglas til A6, A5 & A4, bestil i dag | Gdirekt.se","og_description":"Brochureholder til v\u00e6g er en brochureholder til tryksager. Tre st\u00f8rrelser, A6, A5 og A4, som produceres i plexiglas med runde kanter. K\u00f8b i dag. Hurtig levering. Fremstillet af plexiglasplast med boret hul for enkel montering.","og_url":"https:\/\/www.gdirekt.se\/da\/produkt\/brochureholder-til-vaeg\/","og_site_name":"Gdirekt.se","article_modified_time":"2018-10-24T14:48:54+00:00","og_image":[{"width":1000,"height":1000,"url":"https:\/\/www.gdirekt.se\/wp-content\/uploads\/broschyrstall_vagg.png","type":"image\/png"}],"twitter_card":"summary_large_image","twitter_misc":{"Estimeret l\u00e6setid":"1 minut"},"schema":{"@context":"https:\/\/schema.org","@graph":[{"@type":"WebPage","@id":"https:\/\/www.gdirekt.se\/da\/produkt\/brochureholder-til-vaeg\/","url":"https:\/\/www.gdirekt.se\/da\/produkt\/brochureholder-til-vaeg\/","name":"Brochureholder til v\u00e6g i plexiglas til A6, A5 & A4, bestil i dag | Gdirekt.se","isPartOf":{"@id":"https:\/\/www.gdirekt.se\/#website"},"primaryImageOfPage":{"@id":"https:\/\/www.gdirekt.se\/da\/produkt\/brochureholder-til-vaeg\/#primaryimage"},"image":{"@id":"https:\/\/www.gdirekt.se\/da\/produkt\/brochureholder-til-vaeg\/#primaryimage"},"thumbnailUrl":"https:\/\/www.gdirekt.se\/wp-content\/uploads\/broschyrstall_vagg.png","datePublished":"2017-03-10T12:54:08+00:00","dateModified":"2018-10-24T14:48:54+00:00","description":"Brochureholder til v\u00e6g er en brochureholder til tryksager. Tre st\u00f8rrelser, A6, A5 og A4, som produceres i plexiglas med runde kanter. K\u00f8b i dag. Hurtig levering. Fremstillet af plexiglasplast med boret hul for enkel montering.","breadcrumb":{"@id":"https:\/\/www.gdirekt.se\/da\/produkt\/brochureholder-til-vaeg\/#breadcrumb"},"inLanguage":"da-DK","potentialAction":[{"@type":"ReadAction","target":["https:\/\/www.gdirekt.se\/da\/produkt\/brochureholder-til-vaeg\/"]}]},{"@type":"ImageObject","inLanguage":"da-DK","@id":"https:\/\/www.gdirekt.se\/da\/produkt\/brochureholder-til-vaeg\/#primaryimage","url":"https:\/\/www.gdirekt.se\/wp-content\/uploads\/broschyrstall_vagg.png","contentUrl":"https:\/\/www.gdirekt.se\/wp-content\/uploads\/broschyrstall_vagg.png","width":1000,"height":1000,"caption":"Plexiglasholder til v\u00e6g"},{"@type":"BreadcrumbList","@id":"https:\/\/www.gdirekt.se\/da\/produkt\/brochureholder-til-vaeg\/#breadcrumb","itemListElement":[{"@type":"ListItem","position":1,"name":"Hem","item":"https:\/\/www.gdirekt.se\/da\/"},{"@type":"ListItem","position":2,"name":"Start","item":"https:\/\/www.gdirekt.se\/da\/"},{"@type":"ListItem","position":3,"name":"Brochureholder til v\u00e6g"}]},{"@type":"WebSite","@id":"https:\/\/www.gdirekt.se\/#website","url":"https:\/\/www.gdirekt.se\/","name":"Gdirekt.se","description":"Tryck snabbt \u00e5 l\u00e4tt = Gdirekt","potentialAction":[{"@type":"SearchAction","target":{"@type":"EntryPoint","urlTemplate":"https:\/\/www.gdirekt.se\/?s={search_term_string}"},"query-input":{"@type":"PropertyValueSpecification","valueRequired":true,"valueName":"search_term_string"}}],"inLanguage":"da-DK"}]}},"_links":{"self":[{"href":"https:\/\/www.gdirekt.se\/da\/wp-json\/wp\/v2\/product\/9288","targetHints":{"allow":["GET"]}}],"collection":[{"href":"https:\/\/www.gdirekt.se\/da\/wp-json\/wp\/v2\/product"}],"about":[{"href":"https:\/\/www.gdirekt.se\/da\/wp-json\/wp\/v2\/types\/product"}],"wp:featuredmedia":[{"embeddable":true,"href":"https:\/\/www.gdirekt.se\/da\/wp-json\/wp\/v2\/media\/8643"}],"wp:attachment":[{"href":"https:\/\/www.gdirekt.se\/da\/wp-json\/wp\/v2\/media?parent=9288"}],"wp:term":[{"taxonomy":"product_brand","embeddable":true,"href":"https:\/\/www.gdirekt.se\/da\/wp-json\/wp\/v2\/product_brand?post=9288"},{"taxonomy":"product_cat","embeddable":true,"href":"https:\/\/www.gdirekt.se\/da\/wp-json\/wp\/v2\/product_cat?post=9288"},{"taxonomy":"product_tag","embeddable":true,"href":"https:\/\/www.gdirekt.se\/da\/wp-json\/wp\/v2\/product_tag?post=9288"}],"curies":[{"name":"wp","href":"https:\/\/api.w.org\/{rel}","templated":true}]}}