{"id":9285,"date":"2015-09-04T09:33:44","date_gmt":"2015-09-04T07:33:44","guid":{"rendered":"http:\/\/gdirekt.hamstage.hamrenmedia.se\/produkt\/brochurestander-der-kan-rulles-sammen-til-a4\/"},"modified":"2018-10-24T16:39:40","modified_gmt":"2018-10-24T14:39:40","slug":"brochurestander-der-kan-rulles-sammen-til-a4","status":"publish","type":"product","link":"https:\/\/www.gdirekt.se\/da\/produkt\/brochurestander-der-kan-rulles-sammen-til-a4\/","title":{"rendered":"Brochurestander, der kan rulles sammen, til A4"},"content":{"rendered":"<p><span lang=\"DA\">Brochurestander, der kan rulles sammen, til A4 er en transparent tekstil, som let rulles sammen og transporteres i en smart taske.\u00a0Let at bruge med et moderne design til 4 eller 8 brochurer eller foldere. Den kommer fra Expand og hedder BrochureHolder. Brochurestanderen er vejer kun lidt og er nem at montere.\u00a0Den er klar til brug p\u00e5 et minut. Med sit tidl\u00f8se design passer den ind i de fleste milj\u00f8er.<\/span><\/p>\n<p><span lang=\"DA\">Den findes i to bredder: 25 cm og 50 cm, h\u00f8jden er 136 cm. Den smalle brochurestander vejer 1,3 kg og den brede vejer 1,8 kg, hvilket er to meget lette informationsstandere. Brochurestander til A4, der kan rulles sammen, leveres i en sort vatteret nylontaske med hank, s\u00e5 den er let at b\u00e6re. Denne brochurestander er i h\u00f8j kvalitet og optager minimal plads, b\u00e5de n\u00e5r den er opstillet, men frem for alt n\u00e5r den pakkes ned. Den rulles sammen til et lille r\u00f8r.<\/span><\/p>\n<p><span lang=\"DA\">Skal I bruge trykt materiale til fremvisning i jeres brochurestander, kan I let bestille det hos os,<span class=\"apple-converted-space\">\u00a0<\/span><\/span><span lang=\"DA\"><a href=\"https:\/\/www.gdirekt.se\/produkt-kategori\/tryck-visitkort\/\">klik her.<\/a><\/span><span lang=\"DA\">\u00a0Vi tilbyder foldere, brochurer, flyers til jeres reklame p\u00e5 messen, udstillingen, arenaen osv. Disse brochurestandere til A4, der kan rulles sammen, er popul\u00e6re og tager sig godt ud i virksomhedens reception eller indgangsparti. Den er ogs\u00e5 billig, som I kan se p\u00e5 prisen.<\/span><\/p>\n<p><span lang=\"DA\">Vores m\u00e5l er, at det skal v\u00e6re meget nemt at f\u00e5 en hurtig levering af vores brochurestander, da vi lagerf\u00f8rer dem. Via et par klik p\u00e5 hjemmesiden Gdirekt bestemmer du, hvor hurtig leveringen af brochurestanderen skal v\u00e6re. Vi sender den inden for et par dage, og normalt leverer vi med Postnord, s\u00e5 pakken kommer sikkert frem, og vi kan spore alle pakker.<\/span><\/p>\n<p><span lang=\"DA\">Vi leverer i alle byer som fx K\u00f8benhavn, Horsens, G\u00f6teborg, Malm\u00f6 fra vores fabrik, som ligger i Norrk\u00f6ping. Har I sp\u00f8rgsm\u00e5l om andre tryksager, som kan k\u00f8bes online, kan I kontakte os p\u00e5 +46 (0)11-251515\u00a0eller\u00a0<\/span><span lang=\"DA\"><a><b><i>info@gdirekt.se<\/i><\/b><\/a><\/span><\/p>\n","protected":false},"excerpt":{"rendered":"<p><span lang=\"DA\">Brochurestander til A4, der kan rulles sammen, er en moderne og stilren brochurestander. Findes som enkel med fire lommer eller dobbelt med otte lommer. <\/span><\/p>\n","protected":false},"featured_media":8060,"template":"","meta":{"_acf_changed":false},"product_brand":[],"product_cat":[368],"product_tag":[],"class_list":{"0":"post-9285","1":"product","2":"type-product","3":"status-publish","4":"has-post-thumbnail","6":"product_cat-brochurestander-og-informationsstander","7":"product_shipping_class-250kr","9":"first","10":"instock","11":"taxable","12":"shipping-taxable","13":"purchasable","14":"product-type-variable","15":"has-default-attributes"},"exclude_global_add_ons":[],"addons":[],"acf":[],"yoast_head":"<!-- This site is optimized with the Yoast SEO plugin v27.2 - https:\/\/yoast.com\/product\/yoast-seo-wordpress\/ -->\n<title>Brochurestander, der kan rulles sammen, til A4 mapper og print til messen | Gdirekt.se<\/title>\n<meta name=\"description\" content=\"Brochurestander til A4, der kan rulles sammen, er en moderne og stilren brochurestander. Findes som enkel med fire lommer eller dobbelt med otte lommer. Brochurelommen har et moderne design, som viser dine brochurer frem p\u00e5 en flot m\u00e5de. Det er lettest at bestille direkte online via dette link. S\u00e5 sender vi direkte til dig inden for kort tid.\" \/>\n<meta name=\"robots\" content=\"index, follow, max-snippet:-1, max-image-preview:large, max-video-preview:-1\" \/>\n<link rel=\"canonical\" href=\"https:\/\/www.gdirekt.se\/da\/produkt\/brochurestander-der-kan-rulles-sammen-til-a4\/\" \/>\n<meta property=\"og:locale\" content=\"da_DK\" \/>\n<meta property=\"og:type\" content=\"article\" \/>\n<meta property=\"og:title\" content=\"Brochurestander, der kan rulles sammen, til A4 mapper og print til messen | Gdirekt.se\" \/>\n<meta property=\"og:description\" content=\"Brochurestander til A4, der kan rulles sammen, er en moderne og stilren brochurestander. Findes som enkel med fire lommer eller dobbelt med otte lommer. Brochurelommen har et moderne design, som viser dine brochurer frem p\u00e5 en flot m\u00e5de. Det er lettest at bestille direkte online via dette link. S\u00e5 sender vi direkte til dig inden for kort tid.\" \/>\n<meta property=\"og:url\" content=\"https:\/\/www.gdirekt.se\/da\/produkt\/brochurestander-der-kan-rulles-sammen-til-a4\/\" \/>\n<meta property=\"og:site_name\" content=\"Gdirekt.se\" \/>\n<meta property=\"article:modified_time\" content=\"2018-10-24T14:39:40+00:00\" \/>\n<meta property=\"og:image\" content=\"https:\/\/www.gdirekt.se\/wp-content\/uploads\/ihoprullbart-broschyrstall.png\" \/>\n\t<meta property=\"og:image:width\" content=\"1000\" \/>\n\t<meta property=\"og:image:height\" content=\"1000\" \/>\n\t<meta property=\"og:image:type\" content=\"image\/png\" \/>\n<meta name=\"twitter:card\" content=\"summary_large_image\" \/>\n<meta name=\"twitter:label1\" content=\"Estimeret l\u00e6setid\" \/>\n\t<meta name=\"twitter:data1\" content=\"2 minutter\" \/>\n<script type=\"application\/ld+json\" class=\"yoast-schema-graph\">{\"@context\":\"https:\/\/schema.org\",\"@graph\":[{\"@type\":\"WebPage\",\"@id\":\"https:\/\/www.gdirekt.se\/da\/produkt\/brochurestander-der-kan-rulles-sammen-til-a4\/\",\"url\":\"https:\/\/www.gdirekt.se\/da\/produkt\/brochurestander-der-kan-rulles-sammen-til-a4\/\",\"name\":\"Brochurestander, der kan rulles sammen, til A4 mapper og print til messen | Gdirekt.se\",\"isPartOf\":{\"@id\":\"https:\/\/www.gdirekt.se\/#website\"},\"primaryImageOfPage\":{\"@id\":\"https:\/\/www.gdirekt.se\/da\/produkt\/brochurestander-der-kan-rulles-sammen-til-a4\/#primaryimage\"},\"image\":{\"@id\":\"https:\/\/www.gdirekt.se\/da\/produkt\/brochurestander-der-kan-rulles-sammen-til-a4\/#primaryimage\"},\"thumbnailUrl\":\"https:\/\/www.gdirekt.se\/wp-content\/uploads\/ihoprullbart-broschyrstall.png\",\"datePublished\":\"2015-09-04T07:33:44+00:00\",\"dateModified\":\"2018-10-24T14:39:40+00:00\",\"description\":\"Brochurestander til A4, der kan rulles sammen, er en moderne og stilren brochurestander. Findes som enkel med fire lommer eller dobbelt med otte lommer. Brochurelommen har et moderne design, som viser dine brochurer frem p\u00e5 en flot m\u00e5de. Det er lettest at bestille direkte online via dette link. S\u00e5 sender vi direkte til dig inden for kort tid.\",\"breadcrumb\":{\"@id\":\"https:\/\/www.gdirekt.se\/da\/produkt\/brochurestander-der-kan-rulles-sammen-til-a4\/#breadcrumb\"},\"inLanguage\":\"da-DK\",\"potentialAction\":[{\"@type\":\"ReadAction\",\"target\":[\"https:\/\/www.gdirekt.se\/da\/produkt\/brochurestander-der-kan-rulles-sammen-til-a4\/\"]}]},{\"@type\":\"ImageObject\",\"inLanguage\":\"da-DK\",\"@id\":\"https:\/\/www.gdirekt.se\/da\/produkt\/brochurestander-der-kan-rulles-sammen-til-a4\/#primaryimage\",\"url\":\"https:\/\/www.gdirekt.se\/wp-content\/uploads\/ihoprullbart-broschyrstall.png\",\"contentUrl\":\"https:\/\/www.gdirekt.se\/wp-content\/uploads\/ihoprullbart-broschyrstall.png\",\"width\":1000,\"height\":1000,\"caption\":\"Brochureramme, der kan rulles sammen\"},{\"@type\":\"BreadcrumbList\",\"@id\":\"https:\/\/www.gdirekt.se\/da\/produkt\/brochurestander-der-kan-rulles-sammen-til-a4\/#breadcrumb\",\"itemListElement\":[{\"@type\":\"ListItem\",\"position\":1,\"name\":\"Hem\",\"item\":\"https:\/\/www.gdirekt.se\/da\/\"},{\"@type\":\"ListItem\",\"position\":2,\"name\":\"Start\",\"item\":\"https:\/\/www.gdirekt.se\/da\/\"},{\"@type\":\"ListItem\",\"position\":3,\"name\":\"Brochurestander, der kan rulles sammen, til A4\"}]},{\"@type\":\"WebSite\",\"@id\":\"https:\/\/www.gdirekt.se\/#website\",\"url\":\"https:\/\/www.gdirekt.se\/\",\"name\":\"Gdirekt.se\",\"description\":\"Tryck snabbt \u00e5 l\u00e4tt = Gdirekt\",\"potentialAction\":[{\"@type\":\"SearchAction\",\"target\":{\"@type\":\"EntryPoint\",\"urlTemplate\":\"https:\/\/www.gdirekt.se\/?s={search_term_string}\"},\"query-input\":{\"@type\":\"PropertyValueSpecification\",\"valueRequired\":true,\"valueName\":\"search_term_string\"}}],\"inLanguage\":\"da-DK\"}]}<\/script>\n<!-- \/ Yoast SEO plugin. -->","yoast_head_json":{"title":"Brochurestander, der kan rulles sammen, til A4 mapper og print til messen | Gdirekt.se","description":"Brochurestander til A4, der kan rulles sammen, er en moderne og stilren brochurestander. Findes som enkel med fire lommer eller dobbelt med otte lommer. Brochurelommen har et moderne design, som viser dine brochurer frem p\u00e5 en flot m\u00e5de. Det er lettest at bestille direkte online via dette link. S\u00e5 sender vi direkte til dig inden for kort tid.","robots":{"index":"index","follow":"follow","max-snippet":"max-snippet:-1","max-image-preview":"max-image-preview:large","max-video-preview":"max-video-preview:-1"},"canonical":"https:\/\/www.gdirekt.se\/da\/produkt\/brochurestander-der-kan-rulles-sammen-til-a4\/","og_locale":"da_DK","og_type":"article","og_title":"Brochurestander, der kan rulles sammen, til A4 mapper og print til messen | Gdirekt.se","og_description":"Brochurestander til A4, der kan rulles sammen, er en moderne og stilren brochurestander. Findes som enkel med fire lommer eller dobbelt med otte lommer. Brochurelommen har et moderne design, som viser dine brochurer frem p\u00e5 en flot m\u00e5de. Det er lettest at bestille direkte online via dette link. S\u00e5 sender vi direkte til dig inden for kort tid.","og_url":"https:\/\/www.gdirekt.se\/da\/produkt\/brochurestander-der-kan-rulles-sammen-til-a4\/","og_site_name":"Gdirekt.se","article_modified_time":"2018-10-24T14:39:40+00:00","og_image":[{"width":1000,"height":1000,"url":"https:\/\/www.gdirekt.se\/wp-content\/uploads\/ihoprullbart-broschyrstall.png","type":"image\/png"}],"twitter_card":"summary_large_image","twitter_misc":{"Estimeret l\u00e6setid":"2 minutter"},"schema":{"@context":"https:\/\/schema.org","@graph":[{"@type":"WebPage","@id":"https:\/\/www.gdirekt.se\/da\/produkt\/brochurestander-der-kan-rulles-sammen-til-a4\/","url":"https:\/\/www.gdirekt.se\/da\/produkt\/brochurestander-der-kan-rulles-sammen-til-a4\/","name":"Brochurestander, der kan rulles sammen, til A4 mapper og print til messen | Gdirekt.se","isPartOf":{"@id":"https:\/\/www.gdirekt.se\/#website"},"primaryImageOfPage":{"@id":"https:\/\/www.gdirekt.se\/da\/produkt\/brochurestander-der-kan-rulles-sammen-til-a4\/#primaryimage"},"image":{"@id":"https:\/\/www.gdirekt.se\/da\/produkt\/brochurestander-der-kan-rulles-sammen-til-a4\/#primaryimage"},"thumbnailUrl":"https:\/\/www.gdirekt.se\/wp-content\/uploads\/ihoprullbart-broschyrstall.png","datePublished":"2015-09-04T07:33:44+00:00","dateModified":"2018-10-24T14:39:40+00:00","description":"Brochurestander til A4, der kan rulles sammen, er en moderne og stilren brochurestander. Findes som enkel med fire lommer eller dobbelt med otte lommer. Brochurelommen har et moderne design, som viser dine brochurer frem p\u00e5 en flot m\u00e5de. Det er lettest at bestille direkte online via dette link. S\u00e5 sender vi direkte til dig inden for kort tid.","breadcrumb":{"@id":"https:\/\/www.gdirekt.se\/da\/produkt\/brochurestander-der-kan-rulles-sammen-til-a4\/#breadcrumb"},"inLanguage":"da-DK","potentialAction":[{"@type":"ReadAction","target":["https:\/\/www.gdirekt.se\/da\/produkt\/brochurestander-der-kan-rulles-sammen-til-a4\/"]}]},{"@type":"ImageObject","inLanguage":"da-DK","@id":"https:\/\/www.gdirekt.se\/da\/produkt\/brochurestander-der-kan-rulles-sammen-til-a4\/#primaryimage","url":"https:\/\/www.gdirekt.se\/wp-content\/uploads\/ihoprullbart-broschyrstall.png","contentUrl":"https:\/\/www.gdirekt.se\/wp-content\/uploads\/ihoprullbart-broschyrstall.png","width":1000,"height":1000,"caption":"Brochureramme, der kan rulles sammen"},{"@type":"BreadcrumbList","@id":"https:\/\/www.gdirekt.se\/da\/produkt\/brochurestander-der-kan-rulles-sammen-til-a4\/#breadcrumb","itemListElement":[{"@type":"ListItem","position":1,"name":"Hem","item":"https:\/\/www.gdirekt.se\/da\/"},{"@type":"ListItem","position":2,"name":"Start","item":"https:\/\/www.gdirekt.se\/da\/"},{"@type":"ListItem","position":3,"name":"Brochurestander, der kan rulles sammen, til A4"}]},{"@type":"WebSite","@id":"https:\/\/www.gdirekt.se\/#website","url":"https:\/\/www.gdirekt.se\/","name":"Gdirekt.se","description":"Tryck snabbt \u00e5 l\u00e4tt = Gdirekt","potentialAction":[{"@type":"SearchAction","target":{"@type":"EntryPoint","urlTemplate":"https:\/\/www.gdirekt.se\/?s={search_term_string}"},"query-input":{"@type":"PropertyValueSpecification","valueRequired":true,"valueName":"search_term_string"}}],"inLanguage":"da-DK"}]}},"_links":{"self":[{"href":"https:\/\/www.gdirekt.se\/da\/wp-json\/wp\/v2\/product\/9285","targetHints":{"allow":["GET"]}}],"collection":[{"href":"https:\/\/www.gdirekt.se\/da\/wp-json\/wp\/v2\/product"}],"about":[{"href":"https:\/\/www.gdirekt.se\/da\/wp-json\/wp\/v2\/types\/product"}],"wp:featuredmedia":[{"embeddable":true,"href":"https:\/\/www.gdirekt.se\/da\/wp-json\/wp\/v2\/media\/8060"}],"wp:attachment":[{"href":"https:\/\/www.gdirekt.se\/da\/wp-json\/wp\/v2\/media?parent=9285"}],"wp:term":[{"taxonomy":"product_brand","embeddable":true,"href":"https:\/\/www.gdirekt.se\/da\/wp-json\/wp\/v2\/product_brand?post=9285"},{"taxonomy":"product_cat","embeddable":true,"href":"https:\/\/www.gdirekt.se\/da\/wp-json\/wp\/v2\/product_cat?post=9285"},{"taxonomy":"product_tag","embeddable":true,"href":"https:\/\/www.gdirekt.se\/da\/wp-json\/wp\/v2\/product_tag?post=9285"}],"curies":[{"name":"wp","href":"https:\/\/api.w.org\/{rel}","templated":true}]}}