{"id":9282,"date":"2015-09-02T11:00:00","date_gmt":"2015-09-02T09:00:00","guid":{"rendered":"http:\/\/gdirekt.hamstage.hamrenmedia.se\/produkt\/brochurestander-enkeltsidet-kan-foldes-sammen\/"},"modified":"2018-10-24T16:25:31","modified_gmt":"2018-10-24T14:25:31","slug":"brochurestander-enkeltsidet-kan-foldes-sammen","status":"publish","type":"product","link":"https:\/\/www.gdirekt.se\/da\/produkt\/brochurestander-enkeltsidet-kan-foldes-sammen\/","title":{"rendered":"Brochurestander \u2013 enkeltsidet, kan foldes sammen"},"content":{"rendered":"<p><span lang=\"DA\">Brochurestander \u2013 enkeltsidet, der kan foldes sammen, er som sagt en enkeltsidet brochurestander i h\u00f8j kvalitet.\u00a0Brochurestanderen er let at folde ud og sammen. Den st\u00e5r stabilt og har en l\u00e5sbar sikkerhedsknap. V\u00e6lg hvilken taske, I skal bruge, i h\u00e5rd aluminium eller vatteret i sort stof.\u00a0Brochurestanderen s\u00f8rger for en professionel og moderne fremvisning af jeres brochurer. Den er klar til at blive transporteret og monteres direkte med brochurerne i rummene. Foldere eller andre tryksager ligger beskyttet og bliver ikke beskadiget. Dette er den perfekte m\u00e5de at fremvise og transportere trykte brochurer p\u00e5. Har I brug for at k\u00f8be tryksager, kan I g\u00f8re det\u00a0<\/span><span lang=\"DA\"><a href=\"https:\/\/www.gdirekt.se\/produkt-kategori\/tryck-visitkort\/\">her.<\/a><\/span><\/p>\n<h3><span lang=\"DA\">Brochurestander \u2013 enkeltsidet, der kan foldes sammen, til messer og virksomheder<\/span><\/h3>\n<p><span lang=\"DA\">Standeren er et profilerende supplement til dit udstillingsmilj\u00f8 og er en praktisk m\u00e5de at transportere dine tryksager p\u00e5. Med sin robuste udformning og intelligente konstruktion er den designet til hurtigt at give maksimal eksponering.<\/span><\/p>\n<p><span lang=\"DA\">Det er en smart og god m\u00e5de at fremvise sine trykte budskaber i foldere, brochurer og flyers. Disse brochurestandere anvendes med fordel p\u00e5 messer og i forskellige andre milj\u00f8er s\u00e5som hoteller, receptioner, arenaer og virksomheder. \u00a0Fordelen ved brochurestander \u2013 enkeltsidet, der kan foldes sammen, er, er, at der altid er styr p\u00e5, hvor brochurerne er, og hvorn\u00e5r der skal fyldes op. Der bestilles nemt og hurtigt nye. Hvis man anvender vores digitale trykteknik, beh\u00f8ver man ikke bestille un\u00f8digt mange \u2013 den rette m\u00e6ngde og rette st\u00f8rrelse, som passer til brochurestanderen. Vi lagerf\u00f8rer brochurestanderen, hvilket medf\u00f8rer hurtig levering.\u00a0Med et par klik i Gdirekts varekurv bestemmer du, hvor hurtigt bestillingen af brochurestanderen skal behandles: normalt, hurtigt eller ekspres.<\/span><\/p>\n<p><span lang=\"DA\">Skal du transportere informationspjecerne eller brochurerne med bil, tog eller fly, er det bedst at anvende den h\u00e5rde taske i aluminium, da den t\u00e5ler h\u00e5rdh\u00e6ndet h\u00e5ndtering. En yderligere fordel er, at den er forsynet med hjul og er let og problemfri at tr\u00e6kke p\u00e5 plane flader. Ring til os, hvis I har sp\u00f8rgsm\u00e5l, p\u00e5 +46 (0)11-251515\u00a0eller\u00a0<\/span><span lang=\"DA\"><a><b><i>info@gdirekt.se<\/i><\/b><\/a><\/span><\/p>\n<p><span lang=\"DA\">Har I brug for hj\u00e6lp med hele tryksagskampagnen, kan I kontakte vores store trykkeri<span class=\"apple-converted-space\">\u00a0<\/span><\/span><span lang=\"DA\"><a href=\"http:\/\/xn--broschyrstl-u8a\/\"><b><i>Gigantprint<\/i><\/b><\/a><\/span><span lang=\"DA\">!<\/span><\/p>\n","protected":false},"excerpt":{"rendered":"<p><span lang=\"DA\">Brochurestander \u2013 enkeltsidet, der kan foldes sammen, er en smart brochurestander til messen! Brochurerne ligger klar i standeren, som er nem at folde ud. Et fint design, som er nemt at folde sammen og transportere<\/span><\/p>\n","protected":false},"featured_media":8059,"template":"","meta":{"_acf_changed":false},"product_brand":[],"product_cat":[368],"product_tag":[],"class_list":{"0":"post-9282","1":"product","2":"type-product","3":"status-publish","4":"has-post-thumbnail","6":"product_cat-brochurestander-og-informationsstander","7":"product_shipping_class-180sek","9":"first","10":"instock","11":"taxable","12":"shipping-taxable","13":"purchasable","14":"product-type-simple"},"exclude_global_add_ons":[],"addons":[],"acf":[],"yoast_head":"<!-- This site is optimized with the Yoast SEO plugin v27.2 - https:\/\/yoast.com\/product\/yoast-seo-wordpress\/ -->\n<title>Brochurestander \u2013 enkeltsidet, kan foldes sammen til gulv, billig pris | Gdirekt.se<\/title>\n<meta name=\"description\" content=\"Brochurestander \u2013 enkeltsidet, der kan foldes sammen, er en smart brochurestander til messen! Brochurerne ligger klar i standeren, som er nem at folde ud. Et fint design, som er nemt at folde sammen og transportere. Bestil uden problemer online hos en erfaren leverand\u00f8r. S\u00e5 ved I, at tingene er i orden. Sporbar fragt hver dag.\" \/>\n<meta name=\"robots\" content=\"index, follow, max-snippet:-1, max-image-preview:large, max-video-preview:-1\" \/>\n<link rel=\"canonical\" href=\"https:\/\/www.gdirekt.se\/da\/produkt\/brochurestander-enkeltsidet-kan-foldes-sammen\/\" \/>\n<meta property=\"og:locale\" content=\"da_DK\" \/>\n<meta property=\"og:type\" content=\"article\" \/>\n<meta property=\"og:title\" content=\"Brochurestander \u2013 enkeltsidet, kan foldes sammen til gulv, billig pris | Gdirekt.se\" \/>\n<meta property=\"og:description\" content=\"Brochurestander \u2013 enkeltsidet, der kan foldes sammen, er en smart brochurestander til messen! Brochurerne ligger klar i standeren, som er nem at folde ud. Et fint design, som er nemt at folde sammen og transportere. Bestil uden problemer online hos en erfaren leverand\u00f8r. S\u00e5 ved I, at tingene er i orden. Sporbar fragt hver dag.\" \/>\n<meta property=\"og:url\" content=\"https:\/\/www.gdirekt.se\/da\/produkt\/brochurestander-enkeltsidet-kan-foldes-sammen\/\" \/>\n<meta property=\"og:site_name\" content=\"Gdirekt.se\" \/>\n<meta property=\"article:modified_time\" content=\"2018-10-24T14:25:31+00:00\" \/>\n<meta property=\"og:image\" content=\"https:\/\/www.gdirekt.se\/wp-content\/uploads\/Expolinc_BS_lineup1.png\" \/>\n\t<meta property=\"og:image:width\" content=\"1000\" \/>\n\t<meta property=\"og:image:height\" content=\"1000\" \/>\n\t<meta property=\"og:image:type\" content=\"image\/png\" \/>\n<meta name=\"twitter:card\" content=\"summary_large_image\" \/>\n<meta name=\"twitter:label1\" content=\"Estimeret l\u00e6setid\" \/>\n\t<meta name=\"twitter:data1\" content=\"2 minutter\" \/>\n<script type=\"application\/ld+json\" class=\"yoast-schema-graph\">{\"@context\":\"https:\/\/schema.org\",\"@graph\":[{\"@type\":\"WebPage\",\"@id\":\"https:\/\/www.gdirekt.se\/da\/produkt\/brochurestander-enkeltsidet-kan-foldes-sammen\/\",\"url\":\"https:\/\/www.gdirekt.se\/da\/produkt\/brochurestander-enkeltsidet-kan-foldes-sammen\/\",\"name\":\"Brochurestander \u2013 enkeltsidet, kan foldes sammen til gulv, billig pris | Gdirekt.se\",\"isPartOf\":{\"@id\":\"https:\/\/www.gdirekt.se\/#website\"},\"primaryImageOfPage\":{\"@id\":\"https:\/\/www.gdirekt.se\/da\/produkt\/brochurestander-enkeltsidet-kan-foldes-sammen\/#primaryimage\"},\"image\":{\"@id\":\"https:\/\/www.gdirekt.se\/da\/produkt\/brochurestander-enkeltsidet-kan-foldes-sammen\/#primaryimage\"},\"thumbnailUrl\":\"https:\/\/www.gdirekt.se\/wp-content\/uploads\/Expolinc_BS_lineup1.png\",\"datePublished\":\"2015-09-02T09:00:00+00:00\",\"dateModified\":\"2018-10-24T14:25:31+00:00\",\"description\":\"Brochurestander \u2013 enkeltsidet, der kan foldes sammen, er en smart brochurestander til messen! Brochurerne ligger klar i standeren, som er nem at folde ud. Et fint design, som er nemt at folde sammen og transportere. Bestil uden problemer online hos en erfaren leverand\u00f8r. S\u00e5 ved I, at tingene er i orden. Sporbar fragt hver dag.\",\"breadcrumb\":{\"@id\":\"https:\/\/www.gdirekt.se\/da\/produkt\/brochurestander-enkeltsidet-kan-foldes-sammen\/#breadcrumb\"},\"inLanguage\":\"da-DK\",\"potentialAction\":[{\"@type\":\"ReadAction\",\"target\":[\"https:\/\/www.gdirekt.se\/da\/produkt\/brochurestander-enkeltsidet-kan-foldes-sammen\/\"]}]},{\"@type\":\"ImageObject\",\"inLanguage\":\"da-DK\",\"@id\":\"https:\/\/www.gdirekt.se\/da\/produkt\/brochurestander-enkeltsidet-kan-foldes-sammen\/#primaryimage\",\"url\":\"https:\/\/www.gdirekt.se\/wp-content\/uploads\/Expolinc_BS_lineup1.png\",\"contentUrl\":\"https:\/\/www.gdirekt.se\/wp-content\/uploads\/Expolinc_BS_lineup1.png\",\"width\":1000,\"height\":1000,\"caption\":\"Har du nogensinde brug for at vise brochurer, ensidig foldning\"},{\"@type\":\"BreadcrumbList\",\"@id\":\"https:\/\/www.gdirekt.se\/da\/produkt\/brochurestander-enkeltsidet-kan-foldes-sammen\/#breadcrumb\",\"itemListElement\":[{\"@type\":\"ListItem\",\"position\":1,\"name\":\"Hem\",\"item\":\"https:\/\/www.gdirekt.se\/da\/\"},{\"@type\":\"ListItem\",\"position\":2,\"name\":\"Start\",\"item\":\"https:\/\/www.gdirekt.se\/da\/\"},{\"@type\":\"ListItem\",\"position\":3,\"name\":\"Brochurestander \u2013 enkeltsidet, kan foldes sammen\"}]},{\"@type\":\"WebSite\",\"@id\":\"https:\/\/www.gdirekt.se\/#website\",\"url\":\"https:\/\/www.gdirekt.se\/\",\"name\":\"Gdirekt.se\",\"description\":\"Tryck snabbt \u00e5 l\u00e4tt = Gdirekt\",\"potentialAction\":[{\"@type\":\"SearchAction\",\"target\":{\"@type\":\"EntryPoint\",\"urlTemplate\":\"https:\/\/www.gdirekt.se\/?s={search_term_string}\"},\"query-input\":{\"@type\":\"PropertyValueSpecification\",\"valueRequired\":true,\"valueName\":\"search_term_string\"}}],\"inLanguage\":\"da-DK\"}]}<\/script>\n<!-- \/ Yoast SEO plugin. -->","yoast_head_json":{"title":"Brochurestander \u2013 enkeltsidet, kan foldes sammen til gulv, billig pris | Gdirekt.se","description":"Brochurestander \u2013 enkeltsidet, der kan foldes sammen, er en smart brochurestander til messen! Brochurerne ligger klar i standeren, som er nem at folde ud. Et fint design, som er nemt at folde sammen og transportere. Bestil uden problemer online hos en erfaren leverand\u00f8r. S\u00e5 ved I, at tingene er i orden. Sporbar fragt hver dag.","robots":{"index":"index","follow":"follow","max-snippet":"max-snippet:-1","max-image-preview":"max-image-preview:large","max-video-preview":"max-video-preview:-1"},"canonical":"https:\/\/www.gdirekt.se\/da\/produkt\/brochurestander-enkeltsidet-kan-foldes-sammen\/","og_locale":"da_DK","og_type":"article","og_title":"Brochurestander \u2013 enkeltsidet, kan foldes sammen til gulv, billig pris | Gdirekt.se","og_description":"Brochurestander \u2013 enkeltsidet, der kan foldes sammen, er en smart brochurestander til messen! Brochurerne ligger klar i standeren, som er nem at folde ud. Et fint design, som er nemt at folde sammen og transportere. Bestil uden problemer online hos en erfaren leverand\u00f8r. S\u00e5 ved I, at tingene er i orden. Sporbar fragt hver dag.","og_url":"https:\/\/www.gdirekt.se\/da\/produkt\/brochurestander-enkeltsidet-kan-foldes-sammen\/","og_site_name":"Gdirekt.se","article_modified_time":"2018-10-24T14:25:31+00:00","og_image":[{"width":1000,"height":1000,"url":"https:\/\/www.gdirekt.se\/wp-content\/uploads\/Expolinc_BS_lineup1.png","type":"image\/png"}],"twitter_card":"summary_large_image","twitter_misc":{"Estimeret l\u00e6setid":"2 minutter"},"schema":{"@context":"https:\/\/schema.org","@graph":[{"@type":"WebPage","@id":"https:\/\/www.gdirekt.se\/da\/produkt\/brochurestander-enkeltsidet-kan-foldes-sammen\/","url":"https:\/\/www.gdirekt.se\/da\/produkt\/brochurestander-enkeltsidet-kan-foldes-sammen\/","name":"Brochurestander \u2013 enkeltsidet, kan foldes sammen til gulv, billig pris | Gdirekt.se","isPartOf":{"@id":"https:\/\/www.gdirekt.se\/#website"},"primaryImageOfPage":{"@id":"https:\/\/www.gdirekt.se\/da\/produkt\/brochurestander-enkeltsidet-kan-foldes-sammen\/#primaryimage"},"image":{"@id":"https:\/\/www.gdirekt.se\/da\/produkt\/brochurestander-enkeltsidet-kan-foldes-sammen\/#primaryimage"},"thumbnailUrl":"https:\/\/www.gdirekt.se\/wp-content\/uploads\/Expolinc_BS_lineup1.png","datePublished":"2015-09-02T09:00:00+00:00","dateModified":"2018-10-24T14:25:31+00:00","description":"Brochurestander \u2013 enkeltsidet, der kan foldes sammen, er en smart brochurestander til messen! Brochurerne ligger klar i standeren, som er nem at folde ud. Et fint design, som er nemt at folde sammen og transportere. Bestil uden problemer online hos en erfaren leverand\u00f8r. S\u00e5 ved I, at tingene er i orden. Sporbar fragt hver dag.","breadcrumb":{"@id":"https:\/\/www.gdirekt.se\/da\/produkt\/brochurestander-enkeltsidet-kan-foldes-sammen\/#breadcrumb"},"inLanguage":"da-DK","potentialAction":[{"@type":"ReadAction","target":["https:\/\/www.gdirekt.se\/da\/produkt\/brochurestander-enkeltsidet-kan-foldes-sammen\/"]}]},{"@type":"ImageObject","inLanguage":"da-DK","@id":"https:\/\/www.gdirekt.se\/da\/produkt\/brochurestander-enkeltsidet-kan-foldes-sammen\/#primaryimage","url":"https:\/\/www.gdirekt.se\/wp-content\/uploads\/Expolinc_BS_lineup1.png","contentUrl":"https:\/\/www.gdirekt.se\/wp-content\/uploads\/Expolinc_BS_lineup1.png","width":1000,"height":1000,"caption":"Har du nogensinde brug for at vise brochurer, ensidig foldning"},{"@type":"BreadcrumbList","@id":"https:\/\/www.gdirekt.se\/da\/produkt\/brochurestander-enkeltsidet-kan-foldes-sammen\/#breadcrumb","itemListElement":[{"@type":"ListItem","position":1,"name":"Hem","item":"https:\/\/www.gdirekt.se\/da\/"},{"@type":"ListItem","position":2,"name":"Start","item":"https:\/\/www.gdirekt.se\/da\/"},{"@type":"ListItem","position":3,"name":"Brochurestander \u2013 enkeltsidet, kan foldes sammen"}]},{"@type":"WebSite","@id":"https:\/\/www.gdirekt.se\/#website","url":"https:\/\/www.gdirekt.se\/","name":"Gdirekt.se","description":"Tryck snabbt \u00e5 l\u00e4tt = Gdirekt","potentialAction":[{"@type":"SearchAction","target":{"@type":"EntryPoint","urlTemplate":"https:\/\/www.gdirekt.se\/?s={search_term_string}"},"query-input":{"@type":"PropertyValueSpecification","valueRequired":true,"valueName":"search_term_string"}}],"inLanguage":"da-DK"}]}},"_links":{"self":[{"href":"https:\/\/www.gdirekt.se\/da\/wp-json\/wp\/v2\/product\/9282","targetHints":{"allow":["GET"]}}],"collection":[{"href":"https:\/\/www.gdirekt.se\/da\/wp-json\/wp\/v2\/product"}],"about":[{"href":"https:\/\/www.gdirekt.se\/da\/wp-json\/wp\/v2\/types\/product"}],"wp:featuredmedia":[{"embeddable":true,"href":"https:\/\/www.gdirekt.se\/da\/wp-json\/wp\/v2\/media\/8059"}],"wp:attachment":[{"href":"https:\/\/www.gdirekt.se\/da\/wp-json\/wp\/v2\/media?parent=9282"}],"wp:term":[{"taxonomy":"product_brand","embeddable":true,"href":"https:\/\/www.gdirekt.se\/da\/wp-json\/wp\/v2\/product_brand?post=9282"},{"taxonomy":"product_cat","embeddable":true,"href":"https:\/\/www.gdirekt.se\/da\/wp-json\/wp\/v2\/product_cat?post=9282"},{"taxonomy":"product_tag","embeddable":true,"href":"https:\/\/www.gdirekt.se\/da\/wp-json\/wp\/v2\/product_tag?post=9282"}],"curies":[{"name":"wp","href":"https:\/\/api.w.org\/{rel}","templated":true}]}}