{"id":9279,"date":"2015-09-01T16:44:57","date_gmt":"2015-09-01T14:44:57","guid":{"rendered":"http:\/\/gdirekt.hamstage.hamrenmedia.se\/produkt\/brochurestander-dobbeltsidet-kan-foldes-sammen\/"},"modified":"2018-10-24T16:13:24","modified_gmt":"2018-10-24T14:13:24","slug":"brochurestander-dobbeltsidet-kan-foldes-sammen","status":"publish","type":"product","link":"https:\/\/www.gdirekt.se\/da\/produkt\/brochurestander-dobbeltsidet-kan-foldes-sammen\/","title":{"rendered":"Brochurestander \u2013 dobbeltsidet, kan foldes sammen"},"content":{"rendered":"<p><span lang=\"DA\">Brochurestander \u2013 dobbeltsidet, kan foldes sammen \u2013 er en dobbeltsidet brochurestander i h\u00f8j kvalitet.\u00a0Brochurestanderen er let at folde ud og sammen. Den st\u00e5r stabilt og har en l\u00e5sbar sikkerhedsknap. V\u00e6lg hvilken taske, I skal bruge. Enten i h\u00e5rd aluminium eller i vatteret sort stof. Standeren giver en professionel og indbydende eksponering af brochurer. Og s\u00e5 er den klar til anvendelse, s\u00e5 snart brochurerne er klar i rummene. Folderne eller andre tryksager ligger beskyttet og bliver ikke beskadiget. Dette er den perfekte m\u00e5de at b\u00e5de udstille og transportere trykte brochurer p\u00e5. Har I brug for at bestille tryksager, kan I g\u00f8re det\u00a0<\/span><span lang=\"DA\"><a href=\"https:\/\/www.gdirekt.se\/produkt-kategori\/tryck-visitkort\/\">her.<\/a><\/span><\/p>\n<h3><span lang=\"DA\">Brochurestander \u2013 dobbeltsidet, kan foldes sammen, til arenaer og hoteller<\/span><\/h3>\n<p><span lang=\"DA\">Den dobbeltsidede brochurestander, der kan foldes sammen, er et profilerende supplement til dit eventmilj\u00f8 og en praktisk m\u00e5de at transportere dine tryksager p\u00e5. Med den stabile udformning og smarte konstruktion er den designet til hurtig, maksimal eksponering.<\/span><\/p>\n<p><span lang=\"DA\">Disse udstillingsstandere til brochurer anvendes p\u00e5 messer og i forskellige andre milj\u00f8er s\u00e5som hoteller, receptioner, arenaer og i virksomheder. De er en smart og god m\u00e5de at vise sine trykte budskaber frem p\u00e5 i foldere, brochurer og flyers. Fordelen ved brochurestander \u2013 dobbeltsidet, der kan foldes sammen \u2013 er, at der altid er styr p\u00e5, hvor brochurerne er, og hvorn\u00e5r der skal fyldes op. Der bestilles blot nye ved brug af vores digitale trykteknik, s\u00e5 der ikke bliver bestilt un\u00f8digt mange. Hos os f\u00e5r I den rette m\u00e6ngde og st\u00f8rrelse, der passer til brochurestanderen. Der er meget hurtig levering af vores brochurestander, da den findes p\u00e5 lageret. Med et par klik p\u00e5 hjemmesiden Gdirekt bestemmer I, hvor hurtigt ordren skal behandles.<\/span><\/p>\n<p><span lang=\"DA\">Hvis den skal transporteres ofte i bil, tog eller fly, er det bedst at anvende den h\u00e5rde taske i aluminium, der beskytter mod st\u00f8d. En anden fordel ved aluminiumstasken er, at den har hjul, s\u00e5 den er let at tr\u00e6kke. Ring til os p\u00e5 +46 (0)11-251515, hvis I har sp\u00f8rgsm\u00e5l.<\/span><\/p>\n","protected":false},"excerpt":{"rendered":"<p><span lang=\"DA\">Brochurestander \u2013 dobbeltsidet, der kan foldes sammen, er en brochurestander fra Expolinc i h\u00f8j kvalitet. Brochurestanderen er let at folde ud og sammen, st\u00e5r stabilt og kan l\u00e5ses i position<\/span><\/p>\n","protected":false},"featured_media":8063,"template":"","meta":{"_acf_changed":false},"product_brand":[],"product_cat":[368],"product_tag":[],"class_list":{"0":"post-9279","1":"product","2":"type-product","3":"status-publish","4":"has-post-thumbnail","6":"product_cat-brochurestander-og-informationsstander","8":"first","9":"instock","10":"taxable","11":"shipping-taxable","12":"purchasable","13":"product-type-variable","14":"has-default-attributes"},"exclude_global_add_ons":[],"addons":[],"acf":[],"yoast_head":"<!-- This site is optimized with the Yoast SEO plugin v27.2 - https:\/\/yoast.com\/product\/yoast-seo-wordpress\/ -->\n<title>Brochurestander \u2013 dobbeltsidet, kan foldes sammen | Gdirekt.se<\/title>\n<meta name=\"robots\" content=\"index, follow, max-snippet:-1, max-image-preview:large, max-video-preview:-1\" \/>\n<link rel=\"canonical\" href=\"https:\/\/www.gdirekt.se\/da\/produkt\/brochurestander-dobbeltsidet-kan-foldes-sammen\/\" \/>\n<meta property=\"og:locale\" content=\"da_DK\" \/>\n<meta property=\"og:type\" content=\"article\" \/>\n<meta property=\"og:title\" content=\"Brochurestander \u2013 dobbeltsidet, kan foldes sammen | Gdirekt.se\" \/>\n<meta property=\"og:description\" content=\"Brochurestander \u2013 dobbeltsidet, der kan foldes sammen, er en brochurestander fra Expolinc i h\u00f8j kvalitet. Brochurestanderen er let at folde ud og sammen, st\u00e5r stabilt og kan l\u00e5ses i position\" \/>\n<meta property=\"og:url\" content=\"https:\/\/www.gdirekt.se\/da\/produkt\/brochurestander-dobbeltsidet-kan-foldes-sammen\/\" \/>\n<meta property=\"og:site_name\" content=\"Gdirekt.se\" \/>\n<meta property=\"article:modified_time\" content=\"2018-10-24T14:13:24+00:00\" \/>\n<meta property=\"og:image\" content=\"https:\/\/www.gdirekt.se\/wp-content\/uploads\/Dubbelsidigt-ihopfallbart-brochyrstall.png\" \/>\n\t<meta property=\"og:image:width\" content=\"1000\" \/>\n\t<meta property=\"og:image:height\" content=\"1000\" \/>\n\t<meta property=\"og:image:type\" content=\"image\/png\" \/>\n<meta name=\"twitter:card\" content=\"summary_large_image\" \/>\n<meta name=\"twitter:label1\" content=\"Estimeret l\u00e6setid\" \/>\n\t<meta name=\"twitter:data1\" content=\"2 minutter\" \/>\n<script type=\"application\/ld+json\" class=\"yoast-schema-graph\">{\"@context\":\"https:\/\/schema.org\",\"@graph\":[{\"@type\":\"WebPage\",\"@id\":\"https:\/\/www.gdirekt.se\/da\/produkt\/brochurestander-dobbeltsidet-kan-foldes-sammen\/\",\"url\":\"https:\/\/www.gdirekt.se\/da\/produkt\/brochurestander-dobbeltsidet-kan-foldes-sammen\/\",\"name\":\"Brochurestander \u2013 dobbeltsidet, kan foldes sammen | Gdirekt.se\",\"isPartOf\":{\"@id\":\"https:\/\/www.gdirekt.se\/#website\"},\"primaryImageOfPage\":{\"@id\":\"https:\/\/www.gdirekt.se\/da\/produkt\/brochurestander-dobbeltsidet-kan-foldes-sammen\/#primaryimage\"},\"image\":{\"@id\":\"https:\/\/www.gdirekt.se\/da\/produkt\/brochurestander-dobbeltsidet-kan-foldes-sammen\/#primaryimage\"},\"thumbnailUrl\":\"https:\/\/www.gdirekt.se\/wp-content\/uploads\/Dubbelsidigt-ihopfallbart-brochyrstall.png\",\"datePublished\":\"2015-09-01T14:44:57+00:00\",\"dateModified\":\"2018-10-24T14:13:24+00:00\",\"breadcrumb\":{\"@id\":\"https:\/\/www.gdirekt.se\/da\/produkt\/brochurestander-dobbeltsidet-kan-foldes-sammen\/#breadcrumb\"},\"inLanguage\":\"da-DK\",\"potentialAction\":[{\"@type\":\"ReadAction\",\"target\":[\"https:\/\/www.gdirekt.se\/da\/produkt\/brochurestander-dobbeltsidet-kan-foldes-sammen\/\"]}]},{\"@type\":\"ImageObject\",\"inLanguage\":\"da-DK\",\"@id\":\"https:\/\/www.gdirekt.se\/da\/produkt\/brochurestander-dobbeltsidet-kan-foldes-sammen\/#primaryimage\",\"url\":\"https:\/\/www.gdirekt.se\/wp-content\/uploads\/Dubbelsidigt-ihopfallbart-brochyrstall.png\",\"contentUrl\":\"https:\/\/www.gdirekt.se\/wp-content\/uploads\/Dubbelsidigt-ihopfallbart-brochyrstall.png\",\"width\":1000,\"height\":1000,\"caption\":\"Dobbeltsidet foldbar brochurestander\"},{\"@type\":\"BreadcrumbList\",\"@id\":\"https:\/\/www.gdirekt.se\/da\/produkt\/brochurestander-dobbeltsidet-kan-foldes-sammen\/#breadcrumb\",\"itemListElement\":[{\"@type\":\"ListItem\",\"position\":1,\"name\":\"Hem\",\"item\":\"https:\/\/www.gdirekt.se\/da\/\"},{\"@type\":\"ListItem\",\"position\":2,\"name\":\"Start\",\"item\":\"https:\/\/www.gdirekt.se\/da\/\"},{\"@type\":\"ListItem\",\"position\":3,\"name\":\"Brochurestander \u2013 dobbeltsidet, kan foldes sammen\"}]},{\"@type\":\"WebSite\",\"@id\":\"https:\/\/www.gdirekt.se\/#website\",\"url\":\"https:\/\/www.gdirekt.se\/\",\"name\":\"Gdirekt.se\",\"description\":\"Tryck snabbt \u00e5 l\u00e4tt = Gdirekt\",\"potentialAction\":[{\"@type\":\"SearchAction\",\"target\":{\"@type\":\"EntryPoint\",\"urlTemplate\":\"https:\/\/www.gdirekt.se\/?s={search_term_string}\"},\"query-input\":{\"@type\":\"PropertyValueSpecification\",\"valueRequired\":true,\"valueName\":\"search_term_string\"}}],\"inLanguage\":\"da-DK\"}]}<\/script>\n<!-- \/ Yoast SEO plugin. -->","yoast_head_json":{"title":"Brochurestander \u2013 dobbeltsidet, kan foldes sammen | Gdirekt.se","robots":{"index":"index","follow":"follow","max-snippet":"max-snippet:-1","max-image-preview":"max-image-preview:large","max-video-preview":"max-video-preview:-1"},"canonical":"https:\/\/www.gdirekt.se\/da\/produkt\/brochurestander-dobbeltsidet-kan-foldes-sammen\/","og_locale":"da_DK","og_type":"article","og_title":"Brochurestander \u2013 dobbeltsidet, kan foldes sammen | Gdirekt.se","og_description":"Brochurestander \u2013 dobbeltsidet, der kan foldes sammen, er en brochurestander fra Expolinc i h\u00f8j kvalitet. Brochurestanderen er let at folde ud og sammen, st\u00e5r stabilt og kan l\u00e5ses i position","og_url":"https:\/\/www.gdirekt.se\/da\/produkt\/brochurestander-dobbeltsidet-kan-foldes-sammen\/","og_site_name":"Gdirekt.se","article_modified_time":"2018-10-24T14:13:24+00:00","og_image":[{"width":1000,"height":1000,"url":"https:\/\/www.gdirekt.se\/wp-content\/uploads\/Dubbelsidigt-ihopfallbart-brochyrstall.png","type":"image\/png"}],"twitter_card":"summary_large_image","twitter_misc":{"Estimeret l\u00e6setid":"2 minutter"},"schema":{"@context":"https:\/\/schema.org","@graph":[{"@type":"WebPage","@id":"https:\/\/www.gdirekt.se\/da\/produkt\/brochurestander-dobbeltsidet-kan-foldes-sammen\/","url":"https:\/\/www.gdirekt.se\/da\/produkt\/brochurestander-dobbeltsidet-kan-foldes-sammen\/","name":"Brochurestander \u2013 dobbeltsidet, kan foldes sammen | Gdirekt.se","isPartOf":{"@id":"https:\/\/www.gdirekt.se\/#website"},"primaryImageOfPage":{"@id":"https:\/\/www.gdirekt.se\/da\/produkt\/brochurestander-dobbeltsidet-kan-foldes-sammen\/#primaryimage"},"image":{"@id":"https:\/\/www.gdirekt.se\/da\/produkt\/brochurestander-dobbeltsidet-kan-foldes-sammen\/#primaryimage"},"thumbnailUrl":"https:\/\/www.gdirekt.se\/wp-content\/uploads\/Dubbelsidigt-ihopfallbart-brochyrstall.png","datePublished":"2015-09-01T14:44:57+00:00","dateModified":"2018-10-24T14:13:24+00:00","breadcrumb":{"@id":"https:\/\/www.gdirekt.se\/da\/produkt\/brochurestander-dobbeltsidet-kan-foldes-sammen\/#breadcrumb"},"inLanguage":"da-DK","potentialAction":[{"@type":"ReadAction","target":["https:\/\/www.gdirekt.se\/da\/produkt\/brochurestander-dobbeltsidet-kan-foldes-sammen\/"]}]},{"@type":"ImageObject","inLanguage":"da-DK","@id":"https:\/\/www.gdirekt.se\/da\/produkt\/brochurestander-dobbeltsidet-kan-foldes-sammen\/#primaryimage","url":"https:\/\/www.gdirekt.se\/wp-content\/uploads\/Dubbelsidigt-ihopfallbart-brochyrstall.png","contentUrl":"https:\/\/www.gdirekt.se\/wp-content\/uploads\/Dubbelsidigt-ihopfallbart-brochyrstall.png","width":1000,"height":1000,"caption":"Dobbeltsidet foldbar brochurestander"},{"@type":"BreadcrumbList","@id":"https:\/\/www.gdirekt.se\/da\/produkt\/brochurestander-dobbeltsidet-kan-foldes-sammen\/#breadcrumb","itemListElement":[{"@type":"ListItem","position":1,"name":"Hem","item":"https:\/\/www.gdirekt.se\/da\/"},{"@type":"ListItem","position":2,"name":"Start","item":"https:\/\/www.gdirekt.se\/da\/"},{"@type":"ListItem","position":3,"name":"Brochurestander \u2013 dobbeltsidet, kan foldes sammen"}]},{"@type":"WebSite","@id":"https:\/\/www.gdirekt.se\/#website","url":"https:\/\/www.gdirekt.se\/","name":"Gdirekt.se","description":"Tryck snabbt \u00e5 l\u00e4tt = Gdirekt","potentialAction":[{"@type":"SearchAction","target":{"@type":"EntryPoint","urlTemplate":"https:\/\/www.gdirekt.se\/?s={search_term_string}"},"query-input":{"@type":"PropertyValueSpecification","valueRequired":true,"valueName":"search_term_string"}}],"inLanguage":"da-DK"}]}},"_links":{"self":[{"href":"https:\/\/www.gdirekt.se\/da\/wp-json\/wp\/v2\/product\/9279","targetHints":{"allow":["GET"]}}],"collection":[{"href":"https:\/\/www.gdirekt.se\/da\/wp-json\/wp\/v2\/product"}],"about":[{"href":"https:\/\/www.gdirekt.se\/da\/wp-json\/wp\/v2\/types\/product"}],"wp:featuredmedia":[{"embeddable":true,"href":"https:\/\/www.gdirekt.se\/da\/wp-json\/wp\/v2\/media\/8063"}],"wp:attachment":[{"href":"https:\/\/www.gdirekt.se\/da\/wp-json\/wp\/v2\/media?parent=9279"}],"wp:term":[{"taxonomy":"product_brand","embeddable":true,"href":"https:\/\/www.gdirekt.se\/da\/wp-json\/wp\/v2\/product_brand?post=9279"},{"taxonomy":"product_cat","embeddable":true,"href":"https:\/\/www.gdirekt.se\/da\/wp-json\/wp\/v2\/product_cat?post=9279"},{"taxonomy":"product_tag","embeddable":true,"href":"https:\/\/www.gdirekt.se\/da\/wp-json\/wp\/v2\/product_tag?post=9279"}],"curies":[{"name":"wp","href":"https:\/\/api.w.org\/{rel}","templated":true}]}}