{"id":9278,"date":"2015-09-04T10:55:31","date_gmt":"2015-09-04T08:55:31","guid":{"rendered":"http:\/\/gdirekt.hamstage.hamrenmedia.se\/produkt\/brochurestander-dobbeltsidet-3-rum-a4\/"},"modified":"2024-02-01T09:45:00","modified_gmt":"2024-02-01T08:45:00","slug":"brochurestander-dobbeltsidet-3-rum-a4","status":"publish","type":"product","link":"https:\/\/www.gdirekt.se\/da\/produkt\/brochurestander-dobbeltsidet-3-rum-a4\/","title":{"rendered":"Brochurestander \u2013 dobbeltsidet 3 rum \u2013 A4"},"content":{"rendered":"<p><span lang=\"DA\">Brochurestander \u2013 dobbeltsidet 3 rum \u2013 A4\u00a0 \u2013 A4 med plads til jeres logo \u00f8verst (m\u00e5l 20 x 8 cm).\u00a0Fremstillet i aluminium. Brochurestanderen er fremstillet af akrylplast.\u00a0Meget enkel at montere. Den st\u00e5r stabilt og har et fint design, som passer ind i mange indretninger. V\u00e6lg hvilken taske, I skal bruge, i h\u00e5rdt aluminium eller vatteret i sort stof.\u00a0Brochurestanderen s\u00f8rger for en professionel og indbydende udstilling af brochurer. Og s\u00e5 er den klar til anvendelse, s\u00e5 snart brochurerne er klar i rummene. Foldere eller andre tryksager ligger beskyttet og bliver ikke beskadiget. Dette er den perfekte m\u00e5de at udstille trykte brochurer p\u00e5. Hvis I har brug for at bestille tryksager, kan I g\u00f8re det\u00a0<\/span><span lang=\"DA\"><a href=\"https:\/\/www.gdirekt.se\/produkt-kategori\/tryck-visitkort\/\">her.<\/a><\/span><\/p>\n<p><span lang=\"DA\">Brochurestander \u2013 dobbeltsidet 3 rum \u2013 A4 er et profilerende supplement til dit eventmilj\u00f8 og viser dine tryksager p\u00e5 en flot m\u00e5de. Med sin stabile udformning og smarte konstruktion er standeren designet til hurtigt at give maksimal eksponering.<\/span><\/p>\n<p><span lang=\"DA\">Disse brochurestandere anvendes p\u00e5 messer og i forskellige andre milj\u00f8er s\u00e5som hotelindgange, receptioner, arenaer og i virksomheder. En smart og god m\u00e5de at eksponere sine trykte budskaber i foldere, brochurer og flyers. Fordelen ved brochurestander \u2013 dobbeltsidet 3 rum \u2013 A4 er, at der altid er styr p\u00e5, hvor brochurerne er, og hvorn\u00e5r der skal fyldes op. Der bestilles blot nye ved brug af vores digitale trykteknik, s\u00e5 der ikke bliver bestilt un\u00f8digt mange. Men den rette m\u00e6ngde og rette st\u00f8rrelse, der passer til brochurestanderen. Derefter er der meget hurtig levering af vores brochurestander, da den findes p\u00e5 lageret. Via et par klik p\u00e5 hjemmesiden Gdirekt bestemmer du, hvor hurtig leveringen af brochurestanderen skal v\u00e6re. Vi sender med sporbar fragt, s\u00e5 du kan f\u00f8lge pakken.<\/span><\/p>\n<p><span lang=\"DA\">Brochurestanderen anvendes ofte p\u00e5 et fast sted. Vi har andre, som er smartere at transportere. Ring til os, hvis I har sp\u00f8rgsm\u00e5l p\u00e5 +46 (0)11-251515\u00a0eller\u00a0<\/span><span lang=\"DA\"><a><b><i>info@gdirekt.se<\/i><\/b><\/a><\/span><\/p>\n","protected":false},"excerpt":{"rendered":"<p><span lang=\"DA\">Brochurestander \u2013 dobbeltsidet 3 rum \u2013 A4 er en stabil og moderne dobbeltsidet brochurestander med plads til 6 styk A4! <\/span><\/p>\n","protected":false},"featured_media":8067,"template":"","meta":{"_acf_changed":false},"product_brand":[],"product_cat":[368],"product_tag":[],"class_list":{"0":"post-9278","1":"product","2":"type-product","3":"status-publish","4":"has-post-thumbnail","6":"product_cat-brochurestander-og-informationsstander","7":"product_shipping_class-690kr","9":"first","10":"instock","11":"taxable","12":"shipping-taxable","13":"purchasable","14":"product-type-simple"},"exclude_global_add_ons":[],"addons":[],"acf":[],"yoast_head":"<!-- This site is optimized with the Yoast SEO plugin v27.2 - https:\/\/yoast.com\/product\/yoast-seo-wordpress\/ -->\n<title>Brochurestander \u2013 dobbeltsidet 3 rum \u2013 A4 til tryksager p\u00e5 messen | Gdirekt.se<\/title>\n<meta name=\"description\" content=\"Brochurestander \u2013 dobbeltsidet 3 rum \u2013 A4 er en stabil og moderne dobbeltsidet brochurestander med plads til 6 styk A4! Passer ind i de fleste indretninger p\u00e5 hoteller, i indgangspartier, butikscentre og butikker. K\u00f8b en flot stander til fremvisning af jeres trykte foldere og flyers. Vi sender til erhvervskunder og private.\" \/>\n<meta name=\"robots\" content=\"index, follow, max-snippet:-1, max-image-preview:large, max-video-preview:-1\" \/>\n<link rel=\"canonical\" href=\"https:\/\/www.gdirekt.se\/da\/produkt\/brochurestander-dobbeltsidet-3-rum-a4\/\" \/>\n<meta property=\"og:locale\" content=\"da_DK\" \/>\n<meta property=\"og:type\" content=\"article\" \/>\n<meta property=\"og:title\" content=\"Brochurestander \u2013 dobbeltsidet 3 rum \u2013 A4 til tryksager p\u00e5 messen | Gdirekt.se\" \/>\n<meta property=\"og:description\" content=\"Brochurestander \u2013 dobbeltsidet 3 rum \u2013 A4 er en stabil og moderne dobbeltsidet brochurestander med plads til 6 styk A4! Passer ind i de fleste indretninger p\u00e5 hoteller, i indgangspartier, butikscentre og butikker. K\u00f8b en flot stander til fremvisning af jeres trykte foldere og flyers. Vi sender til erhvervskunder og private.\" \/>\n<meta property=\"og:url\" content=\"https:\/\/www.gdirekt.se\/da\/produkt\/brochurestander-dobbeltsidet-3-rum-a4\/\" \/>\n<meta property=\"og:site_name\" content=\"Gdirekt.se\" \/>\n<meta property=\"article:modified_time\" content=\"2024-02-01T08:45:00+00:00\" \/>\n<meta property=\"og:image\" content=\"https:\/\/www.gdirekt.se\/wp-content\/uploads\/broschyrstall-dubbel-3-3.png\" \/>\n\t<meta property=\"og:image:width\" content=\"1000\" \/>\n\t<meta property=\"og:image:height\" content=\"1000\" \/>\n\t<meta property=\"og:image:type\" content=\"image\/png\" \/>\n<meta name=\"twitter:card\" content=\"summary_large_image\" \/>\n<meta name=\"twitter:label1\" content=\"Estimeret l\u00e6setid\" \/>\n\t<meta name=\"twitter:data1\" content=\"2 minutter\" \/>\n<script type=\"application\/ld+json\" class=\"yoast-schema-graph\">{\"@context\":\"https:\/\/schema.org\",\"@graph\":[{\"@type\":\"WebPage\",\"@id\":\"https:\/\/www.gdirekt.se\/da\/produkt\/brochurestander-dobbeltsidet-3-rum-a4\/\",\"url\":\"https:\/\/www.gdirekt.se\/da\/produkt\/brochurestander-dobbeltsidet-3-rum-a4\/\",\"name\":\"Brochurestander \u2013 dobbeltsidet 3 rum \u2013 A4 til tryksager p\u00e5 messen | Gdirekt.se\",\"isPartOf\":{\"@id\":\"https:\/\/www.gdirekt.se\/#website\"},\"primaryImageOfPage\":{\"@id\":\"https:\/\/www.gdirekt.se\/da\/produkt\/brochurestander-dobbeltsidet-3-rum-a4\/#primaryimage\"},\"image\":{\"@id\":\"https:\/\/www.gdirekt.se\/da\/produkt\/brochurestander-dobbeltsidet-3-rum-a4\/#primaryimage\"},\"thumbnailUrl\":\"https:\/\/www.gdirekt.se\/wp-content\/uploads\/broschyrstall-dubbel-3-3.png\",\"datePublished\":\"2015-09-04T08:55:31+00:00\",\"dateModified\":\"2024-02-01T08:45:00+00:00\",\"description\":\"Brochurestander \u2013 dobbeltsidet 3 rum \u2013 A4 er en stabil og moderne dobbeltsidet brochurestander med plads til 6 styk A4! Passer ind i de fleste indretninger p\u00e5 hoteller, i indgangspartier, butikscentre og butikker. K\u00f8b en flot stander til fremvisning af jeres trykte foldere og flyers. Vi sender til erhvervskunder og private.\",\"breadcrumb\":{\"@id\":\"https:\/\/www.gdirekt.se\/da\/produkt\/brochurestander-dobbeltsidet-3-rum-a4\/#breadcrumb\"},\"inLanguage\":\"da-DK\",\"potentialAction\":[{\"@type\":\"ReadAction\",\"target\":[\"https:\/\/www.gdirekt.se\/da\/produkt\/brochurestander-dobbeltsidet-3-rum-a4\/\"]}]},{\"@type\":\"ImageObject\",\"inLanguage\":\"da-DK\",\"@id\":\"https:\/\/www.gdirekt.se\/da\/produkt\/brochurestander-dobbeltsidet-3-rum-a4\/#primaryimage\",\"url\":\"https:\/\/www.gdirekt.se\/wp-content\/uploads\/broschyrstall-dubbel-3-3.png\",\"contentUrl\":\"https:\/\/www.gdirekt.se\/wp-content\/uploads\/broschyrstall-dubbel-3-3.png\",\"width\":1000,\"height\":1000,\"caption\":\"Dobbeltsidet Brochurestander med logo \u00f8verst\"},{\"@type\":\"BreadcrumbList\",\"@id\":\"https:\/\/www.gdirekt.se\/da\/produkt\/brochurestander-dobbeltsidet-3-rum-a4\/#breadcrumb\",\"itemListElement\":[{\"@type\":\"ListItem\",\"position\":1,\"name\":\"Hem\",\"item\":\"https:\/\/www.gdirekt.se\/da\/\"},{\"@type\":\"ListItem\",\"position\":2,\"name\":\"Start\",\"item\":\"https:\/\/www.gdirekt.se\/da\/\"},{\"@type\":\"ListItem\",\"position\":3,\"name\":\"Brochurestander \u2013 dobbeltsidet 3 rum \u2013 A4\"}]},{\"@type\":\"WebSite\",\"@id\":\"https:\/\/www.gdirekt.se\/#website\",\"url\":\"https:\/\/www.gdirekt.se\/\",\"name\":\"Gdirekt.se\",\"description\":\"Tryck snabbt \u00e5 l\u00e4tt = Gdirekt\",\"potentialAction\":[{\"@type\":\"SearchAction\",\"target\":{\"@type\":\"EntryPoint\",\"urlTemplate\":\"https:\/\/www.gdirekt.se\/?s={search_term_string}\"},\"query-input\":{\"@type\":\"PropertyValueSpecification\",\"valueRequired\":true,\"valueName\":\"search_term_string\"}}],\"inLanguage\":\"da-DK\"}]}<\/script>\n<!-- \/ Yoast SEO plugin. -->","yoast_head_json":{"title":"Brochurestander \u2013 dobbeltsidet 3 rum \u2013 A4 til tryksager p\u00e5 messen | Gdirekt.se","description":"Brochurestander \u2013 dobbeltsidet 3 rum \u2013 A4 er en stabil og moderne dobbeltsidet brochurestander med plads til 6 styk A4! Passer ind i de fleste indretninger p\u00e5 hoteller, i indgangspartier, butikscentre og butikker. K\u00f8b en flot stander til fremvisning af jeres trykte foldere og flyers. Vi sender til erhvervskunder og private.","robots":{"index":"index","follow":"follow","max-snippet":"max-snippet:-1","max-image-preview":"max-image-preview:large","max-video-preview":"max-video-preview:-1"},"canonical":"https:\/\/www.gdirekt.se\/da\/produkt\/brochurestander-dobbeltsidet-3-rum-a4\/","og_locale":"da_DK","og_type":"article","og_title":"Brochurestander \u2013 dobbeltsidet 3 rum \u2013 A4 til tryksager p\u00e5 messen | Gdirekt.se","og_description":"Brochurestander \u2013 dobbeltsidet 3 rum \u2013 A4 er en stabil og moderne dobbeltsidet brochurestander med plads til 6 styk A4! Passer ind i de fleste indretninger p\u00e5 hoteller, i indgangspartier, butikscentre og butikker. K\u00f8b en flot stander til fremvisning af jeres trykte foldere og flyers. Vi sender til erhvervskunder og private.","og_url":"https:\/\/www.gdirekt.se\/da\/produkt\/brochurestander-dobbeltsidet-3-rum-a4\/","og_site_name":"Gdirekt.se","article_modified_time":"2024-02-01T08:45:00+00:00","og_image":[{"width":1000,"height":1000,"url":"https:\/\/www.gdirekt.se\/wp-content\/uploads\/broschyrstall-dubbel-3-3.png","type":"image\/png"}],"twitter_card":"summary_large_image","twitter_misc":{"Estimeret l\u00e6setid":"2 minutter"},"schema":{"@context":"https:\/\/schema.org","@graph":[{"@type":"WebPage","@id":"https:\/\/www.gdirekt.se\/da\/produkt\/brochurestander-dobbeltsidet-3-rum-a4\/","url":"https:\/\/www.gdirekt.se\/da\/produkt\/brochurestander-dobbeltsidet-3-rum-a4\/","name":"Brochurestander \u2013 dobbeltsidet 3 rum \u2013 A4 til tryksager p\u00e5 messen | Gdirekt.se","isPartOf":{"@id":"https:\/\/www.gdirekt.se\/#website"},"primaryImageOfPage":{"@id":"https:\/\/www.gdirekt.se\/da\/produkt\/brochurestander-dobbeltsidet-3-rum-a4\/#primaryimage"},"image":{"@id":"https:\/\/www.gdirekt.se\/da\/produkt\/brochurestander-dobbeltsidet-3-rum-a4\/#primaryimage"},"thumbnailUrl":"https:\/\/www.gdirekt.se\/wp-content\/uploads\/broschyrstall-dubbel-3-3.png","datePublished":"2015-09-04T08:55:31+00:00","dateModified":"2024-02-01T08:45:00+00:00","description":"Brochurestander \u2013 dobbeltsidet 3 rum \u2013 A4 er en stabil og moderne dobbeltsidet brochurestander med plads til 6 styk A4! Passer ind i de fleste indretninger p\u00e5 hoteller, i indgangspartier, butikscentre og butikker. K\u00f8b en flot stander til fremvisning af jeres trykte foldere og flyers. Vi sender til erhvervskunder og private.","breadcrumb":{"@id":"https:\/\/www.gdirekt.se\/da\/produkt\/brochurestander-dobbeltsidet-3-rum-a4\/#breadcrumb"},"inLanguage":"da-DK","potentialAction":[{"@type":"ReadAction","target":["https:\/\/www.gdirekt.se\/da\/produkt\/brochurestander-dobbeltsidet-3-rum-a4\/"]}]},{"@type":"ImageObject","inLanguage":"da-DK","@id":"https:\/\/www.gdirekt.se\/da\/produkt\/brochurestander-dobbeltsidet-3-rum-a4\/#primaryimage","url":"https:\/\/www.gdirekt.se\/wp-content\/uploads\/broschyrstall-dubbel-3-3.png","contentUrl":"https:\/\/www.gdirekt.se\/wp-content\/uploads\/broschyrstall-dubbel-3-3.png","width":1000,"height":1000,"caption":"Dobbeltsidet Brochurestander med logo \u00f8verst"},{"@type":"BreadcrumbList","@id":"https:\/\/www.gdirekt.se\/da\/produkt\/brochurestander-dobbeltsidet-3-rum-a4\/#breadcrumb","itemListElement":[{"@type":"ListItem","position":1,"name":"Hem","item":"https:\/\/www.gdirekt.se\/da\/"},{"@type":"ListItem","position":2,"name":"Start","item":"https:\/\/www.gdirekt.se\/da\/"},{"@type":"ListItem","position":3,"name":"Brochurestander \u2013 dobbeltsidet 3 rum \u2013 A4"}]},{"@type":"WebSite","@id":"https:\/\/www.gdirekt.se\/#website","url":"https:\/\/www.gdirekt.se\/","name":"Gdirekt.se","description":"Tryck snabbt \u00e5 l\u00e4tt = Gdirekt","potentialAction":[{"@type":"SearchAction","target":{"@type":"EntryPoint","urlTemplate":"https:\/\/www.gdirekt.se\/?s={search_term_string}"},"query-input":{"@type":"PropertyValueSpecification","valueRequired":true,"valueName":"search_term_string"}}],"inLanguage":"da-DK"}]}},"_links":{"self":[{"href":"https:\/\/www.gdirekt.se\/da\/wp-json\/wp\/v2\/product\/9278","targetHints":{"allow":["GET"]}}],"collection":[{"href":"https:\/\/www.gdirekt.se\/da\/wp-json\/wp\/v2\/product"}],"about":[{"href":"https:\/\/www.gdirekt.se\/da\/wp-json\/wp\/v2\/types\/product"}],"wp:featuredmedia":[{"embeddable":true,"href":"https:\/\/www.gdirekt.se\/da\/wp-json\/wp\/v2\/media\/8067"}],"wp:attachment":[{"href":"https:\/\/www.gdirekt.se\/da\/wp-json\/wp\/v2\/media?parent=9278"}],"wp:term":[{"taxonomy":"product_brand","embeddable":true,"href":"https:\/\/www.gdirekt.se\/da\/wp-json\/wp\/v2\/product_brand?post=9278"},{"taxonomy":"product_cat","embeddable":true,"href":"https:\/\/www.gdirekt.se\/da\/wp-json\/wp\/v2\/product_cat?post=9278"},{"taxonomy":"product_tag","embeddable":true,"href":"https:\/\/www.gdirekt.se\/da\/wp-json\/wp\/v2\/product_tag?post=9278"}],"curies":[{"name":"wp","href":"https:\/\/api.w.org\/{rel}","templated":true}]}}