{"id":9274,"date":"2015-09-14T14:05:59","date_gmt":"2015-09-14T12:05:59","guid":{"rendered":"http:\/\/gdirekt.hamstage.hamrenmedia.se\/produkt\/pladefod-til-beachflag-aventos-og-urban\/"},"modified":"2024-02-01T09:41:21","modified_gmt":"2024-02-01T08:41:21","slug":"pladefod-til-beachflag-aventos-og-urban","status":"publish","type":"product","link":"https:\/\/www.gdirekt.se\/da\/produkt\/pladefod-til-beachflag-aventos-og-urban\/","title":{"rendered":"Pladefod til Beachflag Aventos og Urban"},"content":{"rendered":"<p>Pladefod til Beachflag Aventos og Urban er en 40 x 40 cm stor\u00a0tung fod til ueachlag Aventos og Urban. Fastg\u00f8ringss\u00e6t med drejefunktion, s\u00e5 strandflaget f\u00f8lger vinden. Uanset om der er svag vind eller h\u00e5rd bl\u00e6st. Foden vejer 5,3 kg, hvilket er den optimale v\u00e6gt til at holde strandflaget p\u00e5 plads. Har I behov for ekstra v\u00e6gt til beachflaget, kan I bestille vands\u00e6kke p\u00e5 dette\u00a0<a href=\"https:\/\/www.gdirekt.se\/butik\/beachflaggor\/tillbehor-till-beachflaggor\/vattensack-tygnd-till-beachflaggor\/\">link.<\/a>\u00a0Vi lagerf\u00f8rer vores tunge f\u00f8dder, s\u00e5 levering sker hurtigt. Vores tunge f\u00f8dder er prisbillige, kvaliteten er h\u00f8j, og designet er flot. Skal I k\u00f8be strandflag, finder I dem under vores kategori\u00a0<a href=\"https:\/\/www.gdirekt.se\/produkt-kategori\/beachflaggor\/\">Beachflag og flag<\/a>.<\/p>\n","protected":false},"excerpt":{"rendered":"<p>Pladefod til Beach flag Aventos og Urbane r<span lang=\"DA\">\u00a0en 40 x 40 cm stor tung fod med drejefunktion til strandflag. Den vejer 5,3 kg og er sortlakeret. <\/span><\/p>\n","protected":false},"featured_media":8085,"template":"","meta":{"_acf_changed":false},"product_brand":[],"product_cat":[371],"product_tag":[],"class_list":{"0":"post-9274","1":"product","2":"type-product","3":"status-publish","4":"has-post-thumbnail","6":"product_cat-beachflag-tilbehoer","7":"product_shipping_class-250kr","9":"first","10":"instock","11":"taxable","12":"shipping-taxable","13":"purchasable","14":"product-type-simple"},"exclude_global_add_ons":[],"addons":[],"acf":[],"yoast_head":"<!-- This site is optimized with the Yoast SEO plugin v27.2 - https:\/\/yoast.com\/product\/yoast-seo-wordpress\/ -->\n<title>Pladefod til Beachflag Aventos og Urban, k\u00f8b tilbeh\u00f8r nu | Gdirekt.se<\/title>\n<meta name=\"description\" content=\"Pladefod til Beach flag Aventos og Urban er en 40 x 40 cm stor tung fod med drejefunktion til beachflag. Den vejer 5,3 kg og er sortlakeret. Foden passer til vores beachflag p\u00e5 asfalt-, beton-, grus- og stenunderlag. Bestil til en god pris allerede i dag. Vi har hurtig levering til virksomheder og private.\" \/>\n<meta name=\"robots\" content=\"index, follow, max-snippet:-1, max-image-preview:large, max-video-preview:-1\" \/>\n<link rel=\"canonical\" href=\"https:\/\/www.gdirekt.se\/da\/produkt\/pladefod-til-beachflag-aventos-og-urban\/\" \/>\n<meta property=\"og:locale\" content=\"da_DK\" \/>\n<meta property=\"og:type\" content=\"article\" \/>\n<meta property=\"og:title\" content=\"Pladefod til Beachflag Aventos og Urban, k\u00f8b tilbeh\u00f8r nu | Gdirekt.se\" \/>\n<meta property=\"og:description\" content=\"Pladefod til Beach flag Aventos og Urban er en 40 x 40 cm stor tung fod med drejefunktion til beachflag. Den vejer 5,3 kg og er sortlakeret. Foden passer til vores beachflag p\u00e5 asfalt-, beton-, grus- og stenunderlag. Bestil til en god pris allerede i dag. Vi har hurtig levering til virksomheder og private.\" \/>\n<meta property=\"og:url\" content=\"https:\/\/www.gdirekt.se\/da\/produkt\/pladefod-til-beachflag-aventos-og-urban\/\" \/>\n<meta property=\"og:site_name\" content=\"Gdirekt.se\" \/>\n<meta property=\"article:modified_time\" content=\"2024-02-01T08:41:21+00:00\" \/>\n<meta property=\"og:image\" content=\"https:\/\/www.gdirekt.se\/wp-content\/uploads\/Beachflagga-markplatta-Aventos-Gdirekt.png\" \/>\n\t<meta property=\"og:image:width\" content=\"1000\" \/>\n\t<meta property=\"og:image:height\" content=\"1000\" \/>\n\t<meta property=\"og:image:type\" content=\"image\/png\" \/>\n<meta name=\"twitter:card\" content=\"summary_large_image\" \/>\n<meta name=\"twitter:label1\" content=\"Estimeret l\u00e6setid\" \/>\n\t<meta name=\"twitter:data1\" content=\"1 minut\" \/>\n<script type=\"application\/ld+json\" class=\"yoast-schema-graph\">{\"@context\":\"https:\/\/schema.org\",\"@graph\":[{\"@type\":\"WebPage\",\"@id\":\"https:\/\/www.gdirekt.se\/da\/produkt\/pladefod-til-beachflag-aventos-og-urban\/\",\"url\":\"https:\/\/www.gdirekt.se\/da\/produkt\/pladefod-til-beachflag-aventos-og-urban\/\",\"name\":\"Pladefod til Beachflag Aventos og Urban, k\u00f8b tilbeh\u00f8r nu | Gdirekt.se\",\"isPartOf\":{\"@id\":\"https:\/\/www.gdirekt.se\/#website\"},\"primaryImageOfPage\":{\"@id\":\"https:\/\/www.gdirekt.se\/da\/produkt\/pladefod-til-beachflag-aventos-og-urban\/#primaryimage\"},\"image\":{\"@id\":\"https:\/\/www.gdirekt.se\/da\/produkt\/pladefod-til-beachflag-aventos-og-urban\/#primaryimage\"},\"thumbnailUrl\":\"https:\/\/www.gdirekt.se\/wp-content\/uploads\/Beachflagga-markplatta-Aventos-Gdirekt.png\",\"datePublished\":\"2015-09-14T12:05:59+00:00\",\"dateModified\":\"2024-02-01T08:41:21+00:00\",\"description\":\"Pladefod til Beach flag Aventos og Urban er en 40 x 40 cm stor tung fod med drejefunktion til beachflag. Den vejer 5,3 kg og er sortlakeret. Foden passer til vores beachflag p\u00e5 asfalt-, beton-, grus- og stenunderlag. Bestil til en god pris allerede i dag. Vi har hurtig levering til virksomheder og private.\",\"breadcrumb\":{\"@id\":\"https:\/\/www.gdirekt.se\/da\/produkt\/pladefod-til-beachflag-aventos-og-urban\/#breadcrumb\"},\"inLanguage\":\"da-DK\",\"potentialAction\":[{\"@type\":\"ReadAction\",\"target\":[\"https:\/\/www.gdirekt.se\/da\/produkt\/pladefod-til-beachflag-aventos-og-urban\/\"]}]},{\"@type\":\"ImageObject\",\"inLanguage\":\"da-DK\",\"@id\":\"https:\/\/www.gdirekt.se\/da\/produkt\/pladefod-til-beachflag-aventos-og-urban\/#primaryimage\",\"url\":\"https:\/\/www.gdirekt.se\/wp-content\/uploads\/Beachflagga-markplatta-Aventos-Gdirekt.png\",\"contentUrl\":\"https:\/\/www.gdirekt.se\/wp-content\/uploads\/Beachflagga-markplatta-Aventos-Gdirekt.png\",\"width\":1000,\"height\":1000,\"caption\":\"Tung pladefod till beachflag Aventos og Urban\"},{\"@type\":\"BreadcrumbList\",\"@id\":\"https:\/\/www.gdirekt.se\/da\/produkt\/pladefod-til-beachflag-aventos-og-urban\/#breadcrumb\",\"itemListElement\":[{\"@type\":\"ListItem\",\"position\":1,\"name\":\"Hem\",\"item\":\"https:\/\/www.gdirekt.se\/da\/\"},{\"@type\":\"ListItem\",\"position\":2,\"name\":\"Start\",\"item\":\"https:\/\/www.gdirekt.se\/da\/\"},{\"@type\":\"ListItem\",\"position\":3,\"name\":\"Pladefod til Beachflag Aventos og Urban\"}]},{\"@type\":\"WebSite\",\"@id\":\"https:\/\/www.gdirekt.se\/#website\",\"url\":\"https:\/\/www.gdirekt.se\/\",\"name\":\"Gdirekt.se\",\"description\":\"Tryck snabbt \u00e5 l\u00e4tt = Gdirekt\",\"potentialAction\":[{\"@type\":\"SearchAction\",\"target\":{\"@type\":\"EntryPoint\",\"urlTemplate\":\"https:\/\/www.gdirekt.se\/?s={search_term_string}\"},\"query-input\":{\"@type\":\"PropertyValueSpecification\",\"valueRequired\":true,\"valueName\":\"search_term_string\"}}],\"inLanguage\":\"da-DK\"}]}<\/script>\n<!-- \/ Yoast SEO plugin. -->","yoast_head_json":{"title":"Pladefod til Beachflag Aventos og Urban, k\u00f8b tilbeh\u00f8r nu | Gdirekt.se","description":"Pladefod til Beach flag Aventos og Urban er en 40 x 40 cm stor tung fod med drejefunktion til beachflag. Den vejer 5,3 kg og er sortlakeret. Foden passer til vores beachflag p\u00e5 asfalt-, beton-, grus- og stenunderlag. Bestil til en god pris allerede i dag. Vi har hurtig levering til virksomheder og private.","robots":{"index":"index","follow":"follow","max-snippet":"max-snippet:-1","max-image-preview":"max-image-preview:large","max-video-preview":"max-video-preview:-1"},"canonical":"https:\/\/www.gdirekt.se\/da\/produkt\/pladefod-til-beachflag-aventos-og-urban\/","og_locale":"da_DK","og_type":"article","og_title":"Pladefod til Beachflag Aventos og Urban, k\u00f8b tilbeh\u00f8r nu | Gdirekt.se","og_description":"Pladefod til Beach flag Aventos og Urban er en 40 x 40 cm stor tung fod med drejefunktion til beachflag. Den vejer 5,3 kg og er sortlakeret. Foden passer til vores beachflag p\u00e5 asfalt-, beton-, grus- og stenunderlag. Bestil til en god pris allerede i dag. Vi har hurtig levering til virksomheder og private.","og_url":"https:\/\/www.gdirekt.se\/da\/produkt\/pladefod-til-beachflag-aventos-og-urban\/","og_site_name":"Gdirekt.se","article_modified_time":"2024-02-01T08:41:21+00:00","og_image":[{"width":1000,"height":1000,"url":"https:\/\/www.gdirekt.se\/wp-content\/uploads\/Beachflagga-markplatta-Aventos-Gdirekt.png","type":"image\/png"}],"twitter_card":"summary_large_image","twitter_misc":{"Estimeret l\u00e6setid":"1 minut"},"schema":{"@context":"https:\/\/schema.org","@graph":[{"@type":"WebPage","@id":"https:\/\/www.gdirekt.se\/da\/produkt\/pladefod-til-beachflag-aventos-og-urban\/","url":"https:\/\/www.gdirekt.se\/da\/produkt\/pladefod-til-beachflag-aventos-og-urban\/","name":"Pladefod til Beachflag Aventos og Urban, k\u00f8b tilbeh\u00f8r nu | Gdirekt.se","isPartOf":{"@id":"https:\/\/www.gdirekt.se\/#website"},"primaryImageOfPage":{"@id":"https:\/\/www.gdirekt.se\/da\/produkt\/pladefod-til-beachflag-aventos-og-urban\/#primaryimage"},"image":{"@id":"https:\/\/www.gdirekt.se\/da\/produkt\/pladefod-til-beachflag-aventos-og-urban\/#primaryimage"},"thumbnailUrl":"https:\/\/www.gdirekt.se\/wp-content\/uploads\/Beachflagga-markplatta-Aventos-Gdirekt.png","datePublished":"2015-09-14T12:05:59+00:00","dateModified":"2024-02-01T08:41:21+00:00","description":"Pladefod til Beach flag Aventos og Urban er en 40 x 40 cm stor tung fod med drejefunktion til beachflag. Den vejer 5,3 kg og er sortlakeret. Foden passer til vores beachflag p\u00e5 asfalt-, beton-, grus- og stenunderlag. Bestil til en god pris allerede i dag. Vi har hurtig levering til virksomheder og private.","breadcrumb":{"@id":"https:\/\/www.gdirekt.se\/da\/produkt\/pladefod-til-beachflag-aventos-og-urban\/#breadcrumb"},"inLanguage":"da-DK","potentialAction":[{"@type":"ReadAction","target":["https:\/\/www.gdirekt.se\/da\/produkt\/pladefod-til-beachflag-aventos-og-urban\/"]}]},{"@type":"ImageObject","inLanguage":"da-DK","@id":"https:\/\/www.gdirekt.se\/da\/produkt\/pladefod-til-beachflag-aventos-og-urban\/#primaryimage","url":"https:\/\/www.gdirekt.se\/wp-content\/uploads\/Beachflagga-markplatta-Aventos-Gdirekt.png","contentUrl":"https:\/\/www.gdirekt.se\/wp-content\/uploads\/Beachflagga-markplatta-Aventos-Gdirekt.png","width":1000,"height":1000,"caption":"Tung pladefod till beachflag Aventos og Urban"},{"@type":"BreadcrumbList","@id":"https:\/\/www.gdirekt.se\/da\/produkt\/pladefod-til-beachflag-aventos-og-urban\/#breadcrumb","itemListElement":[{"@type":"ListItem","position":1,"name":"Hem","item":"https:\/\/www.gdirekt.se\/da\/"},{"@type":"ListItem","position":2,"name":"Start","item":"https:\/\/www.gdirekt.se\/da\/"},{"@type":"ListItem","position":3,"name":"Pladefod til Beachflag Aventos og Urban"}]},{"@type":"WebSite","@id":"https:\/\/www.gdirekt.se\/#website","url":"https:\/\/www.gdirekt.se\/","name":"Gdirekt.se","description":"Tryck snabbt \u00e5 l\u00e4tt = Gdirekt","potentialAction":[{"@type":"SearchAction","target":{"@type":"EntryPoint","urlTemplate":"https:\/\/www.gdirekt.se\/?s={search_term_string}"},"query-input":{"@type":"PropertyValueSpecification","valueRequired":true,"valueName":"search_term_string"}}],"inLanguage":"da-DK"}]}},"_links":{"self":[{"href":"https:\/\/www.gdirekt.se\/da\/wp-json\/wp\/v2\/product\/9274","targetHints":{"allow":["GET"]}}],"collection":[{"href":"https:\/\/www.gdirekt.se\/da\/wp-json\/wp\/v2\/product"}],"about":[{"href":"https:\/\/www.gdirekt.se\/da\/wp-json\/wp\/v2\/types\/product"}],"wp:featuredmedia":[{"embeddable":true,"href":"https:\/\/www.gdirekt.se\/da\/wp-json\/wp\/v2\/media\/8085"}],"wp:attachment":[{"href":"https:\/\/www.gdirekt.se\/da\/wp-json\/wp\/v2\/media?parent=9274"}],"wp:term":[{"taxonomy":"product_brand","embeddable":true,"href":"https:\/\/www.gdirekt.se\/da\/wp-json\/wp\/v2\/product_brand?post=9274"},{"taxonomy":"product_cat","embeddable":true,"href":"https:\/\/www.gdirekt.se\/da\/wp-json\/wp\/v2\/product_cat?post=9274"},{"taxonomy":"product_tag","embeddable":true,"href":"https:\/\/www.gdirekt.se\/da\/wp-json\/wp\/v2\/product_tag?post=9274"}],"curies":[{"name":"wp","href":"https:\/\/api.w.org\/{rel}","templated":true}]}}